{"id":5193,"date":"2018-06-28T09:58:17","date_gmt":"2018-06-28T07:58:17","guid":{"rendered":"https:\/\/www.gleichcom.samuraidev.ch\/?product=ci-batterien-icelltech-675-implant-batterien-fuer-hoerimplantat"},"modified":"1000-01-01T00:00:00","modified_gmt":"1000-01-01T00:00:00","slug":"ci-batterien-icelltech-675-implant-batterien-fuer-hoerimplantat","status":"publish","type":"product","link":"https:\/\/www.gleichcom.samuraidev.ch\/fr\/shop\/ci-batterien-icelltech-675-implant-batterien-fuer-hoerimplantat\/","title":{"rendered":"Piles pour implants cochl\u00e9aires iCellTech 675 Implant"},"content":{"rendered":"<p><span style=\"font-size:16px;\"><strong>CI Piles auditives iCellTech Implant 675<\/strong><\/span><br \/>\n\u00a0<br \/>\n1 bo\u00eete contient 60 piles (10 blisters \u00e0 6 pcs.)<\/p>\n<p><strong>Attention, veuillez tenir compte des forfaits annuels de l&rsquo;AI\/AVS :<\/strong><br \/>\n-1 c\u00f4t\u00e9 (monaural) = 400 CHF. par an<br \/>\n-2 c\u00f4t\u00e9s (binaural) = 800 CHF par an.<br \/>\n\u00a0<br \/>\nLa nouvelle g\u00e9n\u00e9ration de piles pour proth\u00e8ses auditives iCellTech a \u00e9t\u00e9 sp\u00e9cialement d\u00e9velopp\u00e9e pour assurer une longue dur\u00e9e de vie \u00e0 forte charge de courant puls\u00e9 avec une tension de fonctionnement \u00e9lev\u00e9e et donc une r\u00e9serve de tension accrue par rapport au crit\u00e8re de coupure de 1,10 V des aides auditives num\u00e9riques modernes. Les piles auditives ICellTech sont fabriqu\u00e9es en Asie et sont conformes aux directives europ\u00e9ennes en mati\u00e8re d&rsquo;environnement et de d\u00e9veloppement durable.<br \/>\n\u00a0<br \/>\n<strong>Sp\u00e9cifications des piles pour proth\u00e8ses auditives implantaires iCellTech 675 Implant:<\/strong><\/p>\n<ul>\n<li>Type No. : 675 CI<\/li>\n<li>Code couleur : bleu<\/li>\n<li>Syst\u00e8me \u00e9lectronique : Zinc Air<\/li>\n<li>Tension : 1,45 V<\/li>\n<li>Poids : 1.63g<\/li>\n<li>Capacit\u00e9 typique : 500mAh<\/li>\n<li>Diam\u00e8tre : 11.54 mm<\/li>\n<li>Hauteur : 5,28 mm<\/li>\n<li>IEC Code : PR44<\/li>\n<\/ul>\n<p>\u00a0<br \/>\n<strong>Convient \u00e0 tous les implants CI !<\/strong><br \/>\n\u00a0<br \/>\n\u00a0<br \/>\n<strong>Pourquoi la technologie Zinc Air dans les piles d&rsquo;appareils auditifs pour implants cochl\u00e9aires?<\/strong><br \/>\n<strong>Les piles zinc-air pour proth\u00e8ses auditives pour implants cochl\u00e9aires <\/strong>ont une densit\u00e9 \u00e9nerg\u00e9tique particuli\u00e8rement \u00e9lev\u00e9e et offrent une courbe de d\u00e9charge approximativement horizontale. Ils constituent donc la source d&rsquo;alimentation optimale, en particulier pour les appareils auditifs. Les trous d&rsquo;a\u00e9ration de la batterie sont d&rsquo;abord recouverts d&rsquo;un film protecteur. De cette fa\u00e7on, il est maintenu dans un \u00a0\u00bb \u00e9tat de repos \u00a0\u00bb jusqu&rsquo;\u00e0 ce qu&rsquo;il soit n\u00e9cessaire. L&rsquo;autod\u00e9charge induite par le syst\u00e8me des batteries zinc-air avec film de protection adh\u00e9sif n&rsquo;est que d&rsquo;environ 3 % par an. La feuille d&rsquo;aluminium est retir\u00e9e lorsqu&rsquo;elle est ins\u00e9r\u00e9e dans l&rsquo;aide auditive. Apr\u00e8s quelques secondes de <strong>temps d&rsquo;activation (nous vous recommandons d&rsquo;attendre au moins 1 \u00e0 2 minutes avant d&rsquo;ins\u00e9rer la pile dans l&rsquo;aide auditive)<\/strong>, la pile commence \u00e0 se d\u00e9charger. Lorsqu&rsquo;elles sont activ\u00e9es (film de protection enlev\u00e9), les piles zinc-air ont une capacit\u00e9 de stockage limit\u00e9e et doivent \u00eatre utilis\u00e9es d\u00e8s que possible.<\/p>\n<p><a href=\"http:\/\/icelltech.com\/wp\/wp-content\/uploads\/2019\/04\/%EC%98%81%EC%83%81.mp4?title=0&#038;byline=0&#038;portrait=0&#038;autoplay=1&#038;color=cfa144\" target=\"_blank\"><strong>Video Icelltech<\/strong><\/a><\/p>\n","protected":false},"excerpt":{"rendered":"<p>Batterie puissante pour implants cochl\u00e9aires !<br \/>\nLivraison gratuite<br \/>\n1 bo\u00eete contient 60 piles (10 blisters \u00e0 6 pcs.)<\/p>\n","protected":false},"featured_media":5188,"template":"","meta":{"inline_featured_image":false,"_uag_custom_page_level_css":"","site-sidebar-layout":"default","site-content-layout":"","ast-site-content-layout":"default","site-content-style":"default","site-sidebar-style":"default","ast-global-header-display":"","ast-banner-title-visibility":"","ast-main-header-display":"","ast-hfb-above-header-display":"","ast-hfb-below-header-display":"","ast-hfb-mobile-header-display":"","site-post-title":"","ast-breadcrumbs-content":"","ast-featured-img":"","footer-sml-layout":"","ast-disable-related-posts":"","theme-transparent-header-meta":"","adv-header-id-meta":"","stick-header-meta":"","header-above-stick-meta":"","header-main-stick-meta":"","header-below-stick-meta":"","astra-migrate-meta-layouts":"default","ast-page-background-enabled":"default","ast-page-background-meta":{"desktop":{"background-color":"","background-image":"","background-repeat":"repeat","background-position":"center center","background-size":"auto","background-attachment":"scroll","background-type":"","background-media":"","overlay-type":"","overlay-color":"","overlay-opacity":"","overlay-gradient":""},"tablet":{"background-color":"","background-image":"","background-repeat":"repeat","background-position":"center center","background-size":"auto","background-attachment":"scroll","background-type":"","background-media":"","overlay-type":"","overlay-color":"","overlay-opacity":"","overlay-gradient":""},"mobile":{"background-color":"","background-image":"","background-repeat":"repeat","background-position":"center center","background-size":"auto","background-attachment":"scroll","background-type":"","background-media":"","overlay-type":"","overlay-color":"","overlay-opacity":"","overlay-gradient":""}},"ast-content-background-meta":{"desktop":{"background-color":"var(--ast-global-color-5)","background-image":"","background-repeat":"repeat","background-position":"center center","background-size":"auto","background-attachment":"scroll","background-type":"","background-media":"","overlay-type":"","overlay-color":"","overlay-opacity":"","overlay-gradient":""},"tablet":{"background-color":"var(--ast-global-color-5)","background-image":"","background-repeat":"repeat","background-position":"center center","background-size":"auto","background-attachment":"scroll","background-type":"","background-media":"","overlay-type":"","overlay-color":"","overlay-opacity":"","overlay-gradient":""},"mobile":{"background-color":"var(--ast-global-color-5)","background-image":"","background-repeat":"repeat","background-position":"center center","background-size":"auto","background-attachment":"scroll","background-type":"","background-media":"","overlay-type":"","overlay-color":"","overlay-opacity":"","overlay-gradient":""}}},"product_brand":[],"product_cat":[2880,2890],"product_tag":[],"class_list":{"0":"post-5193","1":"product","2":"type-product","3":"status-publish","4":"has-post-thumbnail","6":"product_cat-advanced-bionics-fr-2","7":"product_cat-piles-pour-appareils-auditifs-nr-675-implant-ci","8":"desktop-align-center","9":"tablet-align-center","10":"mobile-align-center","11":"ast-product-gallery-layout-horizontal-slider","12":"ast-product-tabs-layout-accordion","14":"first","15":"instock","16":"taxable","17":"shipping-taxable","18":"purchasable","19":"product-type-simple"},"yoast_head":"<!-- This site is optimized with the Yoast SEO plugin v27.5 - https:\/\/yoast.com\/product\/yoast-seo-wordpress\/ -->\n<title>Piles pour implants cochl\u00e9aires iCellTech 675 Implant im Onlineshop | Gleichcom AG<\/title>\n<meta name=\"description\" content=\"\u2705 Batterie puissante pour implants cochl\u00e9aires ! Livraison gratuite 1 bo\u00eete contient 60 piles (10 blisters \u00e0 6 pcs.)\" \/>\n<meta name=\"robots\" content=\"noindex, follow, max-snippet:-1, max-image-preview:large, max-video-preview:-1\" \/>\n<meta property=\"og:locale\" content=\"fr_FR\" \/>\n<meta property=\"og:type\" content=\"article\" \/>\n<meta property=\"og:title\" content=\"Piles pour implants cochl\u00e9aires iCellTech 675 Implant im Onlineshop | Gleichcom AG\" \/>\n<meta property=\"og:description\" content=\"\u2705 Batterie puissante pour implants cochl\u00e9aires ! Livraison gratuite 1 bo\u00eete contient 60 piles (10 blisters \u00e0 6 pcs.)\" \/>\n<meta property=\"og:url\" content=\"https:\/\/www.gleichcom.samuraidev.ch\/fr\/shop\/ci-batterien-icelltech-675-implant-batterien-fuer-hoerimplantat\/\" \/>\n<meta property=\"og:site_name\" content=\"Gleichcom AG\" \/>\n<meta property=\"article:publisher\" content=\"https:\/\/www.facebook.com\/profile.php?id=100068749126981\" \/>\n<meta property=\"og:image\" content=\"https:\/\/www.gleichcom.samuraidev.ch\/wp-content\/uploads\/2023\/09\/ICellTech675CI.png\" \/>\n\t<meta property=\"og:image:width\" content=\"341\" \/>\n\t<meta property=\"og:image:height\" content=\"500\" \/>\n\t<meta property=\"og:image:type\" content=\"image\/png\" \/>\n<meta name=\"twitter:card\" content=\"summary_large_image\" \/>\n<script type=\"application\/ld+json\" class=\"yoast-schema-graph\">{\"@context\":\"https:\\\/\\\/schema.org\",\"@graph\":[{\"@type\":\"WebPage\",\"@id\":\"https:\\\/\\\/www.gleichcom.samuraidev.ch\\\/fr\\\/shop\\\/ci-batterien-icelltech-675-implant-batterien-fuer-hoerimplantat\\\/\",\"url\":\"https:\\\/\\\/www.gleichcom.samuraidev.ch\\\/fr\\\/shop\\\/ci-batterien-icelltech-675-implant-batterien-fuer-hoerimplantat\\\/\",\"name\":\"Piles pour implants cochl\u00e9aires iCellTech 675 Implant im Onlineshop | Gleichcom AG\",\"isPartOf\":{\"@id\":\"https:\\\/\\\/www.gleichcom.samuraidev.ch\\\/fr\\\/#website\"},\"primaryImageOfPage\":{\"@id\":\"https:\\\/\\\/www.gleichcom.samuraidev.ch\\\/fr\\\/shop\\\/ci-batterien-icelltech-675-implant-batterien-fuer-hoerimplantat\\\/#primaryimage\"},\"image\":{\"@id\":\"https:\\\/\\\/www.gleichcom.samuraidev.ch\\\/fr\\\/shop\\\/ci-batterien-icelltech-675-implant-batterien-fuer-hoerimplantat\\\/#primaryimage\"},\"thumbnailUrl\":\"https:\\\/\\\/www.gleichcom.samuraidev.ch\\\/wp-content\\\/uploads\\\/2023\\\/09\\\/ICellTech675CI.png\",\"datePublished\":\"2018-06-28T07:58:17+00:00\",\"description\":\"\u2705 Batterie puissante pour implants cochl\u00e9aires ! Livraison gratuite 1 bo\u00eete contient 60 piles (10 blisters \u00e0 6 pcs.)\",\"breadcrumb\":{\"@id\":\"https:\\\/\\\/www.gleichcom.samuraidev.ch\\\/fr\\\/shop\\\/ci-batterien-icelltech-675-implant-batterien-fuer-hoerimplantat\\\/#breadcrumb\"},\"inLanguage\":\"fr-FR\",\"potentialAction\":[{\"@type\":\"ReadAction\",\"target\":[\"https:\\\/\\\/www.gleichcom.samuraidev.ch\\\/fr\\\/shop\\\/ci-batterien-icelltech-675-implant-batterien-fuer-hoerimplantat\\\/\"]}]},{\"@type\":\"ImageObject\",\"inLanguage\":\"fr-FR\",\"@id\":\"https:\\\/\\\/www.gleichcom.samuraidev.ch\\\/fr\\\/shop\\\/ci-batterien-icelltech-675-implant-batterien-fuer-hoerimplantat\\\/#primaryimage\",\"url\":\"https:\\\/\\\/www.gleichcom.samuraidev.ch\\\/wp-content\\\/uploads\\\/2023\\\/09\\\/ICellTech675CI.png\",\"contentUrl\":\"https:\\\/\\\/www.gleichcom.samuraidev.ch\\\/wp-content\\\/uploads\\\/2023\\\/09\\\/ICellTech675CI.png\",\"width\":341,\"height\":500},{\"@type\":\"BreadcrumbList\",\"@id\":\"https:\\\/\\\/www.gleichcom.samuraidev.ch\\\/fr\\\/shop\\\/ci-batterien-icelltech-675-implant-batterien-fuer-hoerimplantat\\\/#breadcrumb\",\"itemListElement\":[{\"@type\":\"ListItem\",\"position\":1,\"name\":\"Startseite\",\"item\":\"https:\\\/\\\/www.gleichcom.samuraidev.ch\\\/fr\\\/\"},{\"@type\":\"ListItem\",\"position\":2,\"name\":\"Shop\",\"item\":\"https:\\\/\\\/www.gleichcom.samuraidev.ch\\\/fr\\\/shop\\\/\"},{\"@type\":\"ListItem\",\"position\":3,\"name\":\"Piles pour implants cochl\u00e9aires iCellTech 675 Implant\"}]},{\"@type\":\"WebSite\",\"@id\":\"https:\\\/\\\/www.gleichcom.samuraidev.ch\\\/fr\\\/#website\",\"url\":\"https:\\\/\\\/www.gleichcom.samuraidev.ch\\\/fr\\\/\",\"name\":\"Gleichcom AG\",\"description\":\"besser h\u00f6ren. besser sehen. besser leben.\",\"publisher\":{\"@id\":\"https:\\\/\\\/www.gleichcom.samuraidev.ch\\\/fr\\\/#organization\"},\"alternateName\":\"Gleichcom\",\"potentialAction\":[{\"@type\":\"SearchAction\",\"target\":{\"@type\":\"EntryPoint\",\"urlTemplate\":\"https:\\\/\\\/www.gleichcom.samuraidev.ch\\\/fr\\\/?s={search_term_string}\"},\"query-input\":{\"@type\":\"PropertyValueSpecification\",\"valueRequired\":true,\"valueName\":\"search_term_string\"}}],\"inLanguage\":\"fr-FR\"},{\"@type\":\"Organization\",\"@id\":\"https:\\\/\\\/www.gleichcom.samuraidev.ch\\\/fr\\\/#organization\",\"name\":\"Gleichcom AG\",\"alternateName\":\"Gleichcom\",\"url\":\"https:\\\/\\\/www.gleichcom.samuraidev.ch\\\/fr\\\/\",\"logo\":{\"@type\":\"ImageObject\",\"inLanguage\":\"fr-FR\",\"@id\":\"https:\\\/\\\/www.gleichcom.samuraidev.ch\\\/fr\\\/#\\\/schema\\\/logo\\\/image\\\/\",\"url\":\"https:\\\/\\\/www.gleichcom.samuraidev.ch\\\/wp-content\\\/uploads\\\/2023\\\/09\\\/gleichcom-ag-logo-quadrat-farbig-mitte@696.png\",\"contentUrl\":\"https:\\\/\\\/www.gleichcom.samuraidev.ch\\\/wp-content\\\/uploads\\\/2023\\\/09\\\/gleichcom-ag-logo-quadrat-farbig-mitte@696.png\",\"width\":437,\"height\":437,\"caption\":\"Gleichcom AG\"},\"image\":{\"@id\":\"https:\\\/\\\/www.gleichcom.samuraidev.ch\\\/fr\\\/#\\\/schema\\\/logo\\\/image\\\/\"},\"sameAs\":[\"https:\\\/\\\/www.facebook.com\\\/profile.php?id=100068749126981\"]}]}<\/script>\n<!-- \/ Yoast SEO plugin. -->","yoast_head_json":{"title":"Piles pour implants cochl\u00e9aires iCellTech 675 Implant im Onlineshop | Gleichcom AG","description":"\u2705 Batterie puissante pour implants cochl\u00e9aires ! Livraison gratuite 1 bo\u00eete contient 60 piles (10 blisters \u00e0 6 pcs.)","robots":{"index":"noindex","follow":"follow","max-snippet":"max-snippet:-1","max-image-preview":"max-image-preview:large","max-video-preview":"max-video-preview:-1"},"og_locale":"fr_FR","og_type":"article","og_title":"Piles pour implants cochl\u00e9aires iCellTech 675 Implant im Onlineshop | Gleichcom AG","og_description":"\u2705 Batterie puissante pour implants cochl\u00e9aires ! Livraison gratuite 1 bo\u00eete contient 60 piles (10 blisters \u00e0 6 pcs.)","og_url":"https:\/\/www.gleichcom.samuraidev.ch\/fr\/shop\/ci-batterien-icelltech-675-implant-batterien-fuer-hoerimplantat\/","og_site_name":"Gleichcom AG","article_publisher":"https:\/\/www.facebook.com\/profile.php?id=100068749126981","og_image":[{"width":341,"height":500,"url":"https:\/\/www.gleichcom.samuraidev.ch\/wp-content\/uploads\/2023\/09\/ICellTech675CI.png","type":"image\/png"}],"twitter_card":"summary_large_image","schema":{"@context":"https:\/\/schema.org","@graph":[{"@type":"WebPage","@id":"https:\/\/www.gleichcom.samuraidev.ch\/fr\/shop\/ci-batterien-icelltech-675-implant-batterien-fuer-hoerimplantat\/","url":"https:\/\/www.gleichcom.samuraidev.ch\/fr\/shop\/ci-batterien-icelltech-675-implant-batterien-fuer-hoerimplantat\/","name":"Piles pour implants cochl\u00e9aires iCellTech 675 Implant im Onlineshop | Gleichcom AG","isPartOf":{"@id":"https:\/\/www.gleichcom.samuraidev.ch\/fr\/#website"},"primaryImageOfPage":{"@id":"https:\/\/www.gleichcom.samuraidev.ch\/fr\/shop\/ci-batterien-icelltech-675-implant-batterien-fuer-hoerimplantat\/#primaryimage"},"image":{"@id":"https:\/\/www.gleichcom.samuraidev.ch\/fr\/shop\/ci-batterien-icelltech-675-implant-batterien-fuer-hoerimplantat\/#primaryimage"},"thumbnailUrl":"https:\/\/www.gleichcom.samuraidev.ch\/wp-content\/uploads\/2023\/09\/ICellTech675CI.png","datePublished":"2018-06-28T07:58:17+00:00","description":"\u2705 Batterie puissante pour implants cochl\u00e9aires ! Livraison gratuite 1 bo\u00eete contient 60 piles (10 blisters \u00e0 6 pcs.)","breadcrumb":{"@id":"https:\/\/www.gleichcom.samuraidev.ch\/fr\/shop\/ci-batterien-icelltech-675-implant-batterien-fuer-hoerimplantat\/#breadcrumb"},"inLanguage":"fr-FR","potentialAction":[{"@type":"ReadAction","target":["https:\/\/www.gleichcom.samuraidev.ch\/fr\/shop\/ci-batterien-icelltech-675-implant-batterien-fuer-hoerimplantat\/"]}]},{"@type":"ImageObject","inLanguage":"fr-FR","@id":"https:\/\/www.gleichcom.samuraidev.ch\/fr\/shop\/ci-batterien-icelltech-675-implant-batterien-fuer-hoerimplantat\/#primaryimage","url":"https:\/\/www.gleichcom.samuraidev.ch\/wp-content\/uploads\/2023\/09\/ICellTech675CI.png","contentUrl":"https:\/\/www.gleichcom.samuraidev.ch\/wp-content\/uploads\/2023\/09\/ICellTech675CI.png","width":341,"height":500},{"@type":"BreadcrumbList","@id":"https:\/\/www.gleichcom.samuraidev.ch\/fr\/shop\/ci-batterien-icelltech-675-implant-batterien-fuer-hoerimplantat\/#breadcrumb","itemListElement":[{"@type":"ListItem","position":1,"name":"Startseite","item":"https:\/\/www.gleichcom.samuraidev.ch\/fr\/"},{"@type":"ListItem","position":2,"name":"Shop","item":"https:\/\/www.gleichcom.samuraidev.ch\/fr\/shop\/"},{"@type":"ListItem","position":3,"name":"Piles pour implants cochl\u00e9aires iCellTech 675 Implant"}]},{"@type":"WebSite","@id":"https:\/\/www.gleichcom.samuraidev.ch\/fr\/#website","url":"https:\/\/www.gleichcom.samuraidev.ch\/fr\/","name":"Gleichcom AG","description":"besser h\u00f6ren. besser sehen. besser leben.","publisher":{"@id":"https:\/\/www.gleichcom.samuraidev.ch\/fr\/#organization"},"alternateName":"Gleichcom","potentialAction":[{"@type":"SearchAction","target":{"@type":"EntryPoint","urlTemplate":"https:\/\/www.gleichcom.samuraidev.ch\/fr\/?s={search_term_string}"},"query-input":{"@type":"PropertyValueSpecification","valueRequired":true,"valueName":"search_term_string"}}],"inLanguage":"fr-FR"},{"@type":"Organization","@id":"https:\/\/www.gleichcom.samuraidev.ch\/fr\/#organization","name":"Gleichcom AG","alternateName":"Gleichcom","url":"https:\/\/www.gleichcom.samuraidev.ch\/fr\/","logo":{"@type":"ImageObject","inLanguage":"fr-FR","@id":"https:\/\/www.gleichcom.samuraidev.ch\/fr\/#\/schema\/logo\/image\/","url":"https:\/\/www.gleichcom.samuraidev.ch\/wp-content\/uploads\/2023\/09\/gleichcom-ag-logo-quadrat-farbig-mitte@696.png","contentUrl":"https:\/\/www.gleichcom.samuraidev.ch\/wp-content\/uploads\/2023\/09\/gleichcom-ag-logo-quadrat-farbig-mitte@696.png","width":437,"height":437,"caption":"Gleichcom AG"},"image":{"@id":"https:\/\/www.gleichcom.samuraidev.ch\/fr\/#\/schema\/logo\/image\/"},"sameAs":["https:\/\/www.facebook.com\/profile.php?id=100068749126981"]}]}},"uagb_featured_image_src":{"full":["https:\/\/www.gleichcom.samuraidev.ch\/wp-content\/uploads\/2023\/09\/ICellTech675CI.png",341,500,false],"thumbnail":["https:\/\/www.gleichcom.samuraidev.ch\/wp-content\/uploads\/2023\/09\/ICellTech675CI.png",102,150,false],"medium":["https:\/\/www.gleichcom.samuraidev.ch\/wp-content\/uploads\/2023\/09\/ICellTech675CI.png",205,300,false],"medium_large":["https:\/\/www.gleichcom.samuraidev.ch\/wp-content\/uploads\/2023\/09\/ICellTech675CI.png",341,500,false],"large":["https:\/\/www.gleichcom.samuraidev.ch\/wp-content\/uploads\/2023\/09\/ICellTech675CI.png",341,500,false],"1536x1536":["https:\/\/www.gleichcom.samuraidev.ch\/wp-content\/uploads\/2023\/09\/ICellTech675CI.png",341,500,false],"2048x2048":["https:\/\/www.gleichcom.samuraidev.ch\/wp-content\/uploads\/2023\/09\/ICellTech675CI.png",341,500,false],"woocommerce_thumbnail":["https:\/\/www.gleichcom.samuraidev.ch\/wp-content\/uploads\/2023\/09\/ICellTech675CI.png",300,440,false],"woocommerce_single":["https:\/\/www.gleichcom.samuraidev.ch\/wp-content\/uploads\/2023\/09\/ICellTech675CI.png",341,500,false],"woocommerce_gallery_thumbnail":["https:\/\/www.gleichcom.samuraidev.ch\/wp-content\/uploads\/2023\/09\/ICellTech675CI-100x100.png",100,100,true]},"uagb_author_info":{"display_name":"","author_link":"https:\/\/www.gleichcom.samuraidev.ch\/fr\/author\/"},"uagb_comment_info":0,"uagb_excerpt":"Batterie puissante pour implants cochl\u00e9aires ! Livraison gratuite 1 bo\u00eete contient 60 piles (10 blisters \u00e0 6 pcs.)","_links":{"self":[{"href":"https:\/\/www.gleichcom.samuraidev.ch\/fr\/wp-json\/wp\/v2\/product\/5193","targetHints":{"allow":["GET"]}}],"collection":[{"href":"https:\/\/www.gleichcom.samuraidev.ch\/fr\/wp-json\/wp\/v2\/product"}],"about":[{"href":"https:\/\/www.gleichcom.samuraidev.ch\/fr\/wp-json\/wp\/v2\/types\/product"}],"wp:featuredmedia":[{"embeddable":true,"href":"https:\/\/www.gleichcom.samuraidev.ch\/fr\/wp-json\/wp\/v2\/media\/5188"}],"wp:attachment":[{"href":"https:\/\/www.gleichcom.samuraidev.ch\/fr\/wp-json\/wp\/v2\/media?parent=5193"}],"wp:term":[{"taxonomy":"product_brand","embeddable":true,"href":"https:\/\/www.gleichcom.samuraidev.ch\/fr\/wp-json\/wp\/v2\/product_brand?post=5193"},{"taxonomy":"product_cat","embeddable":true,"href":"https:\/\/www.gleichcom.samuraidev.ch\/fr\/wp-json\/wp\/v2\/product_cat?post=5193"},{"taxonomy":"product_tag","embeddable":true,"href":"https:\/\/www.gleichcom.samuraidev.ch\/fr\/wp-json\/wp\/v2\/product_tag?post=5193"}],"curies":[{"name":"wp","href":"https:\/\/api.w.org\/{rel}","templated":true}]}}