{"id":5664,"date":"2018-09-15T17:46:12","date_gmt":"2018-09-15T15:46:12","guid":{"rendered":"https:\/\/www.gleichcom.samuraidev.ch\/?product=sprechendes-notruftelefon-serenities-geemarc-mit-notrufarmband"},"modified":"1000-01-01T00:00:00","modified_gmt":"1000-01-01T00:00:00","slug":"sprechendes-notruftelefon-serenities-geemarc-mit-notrufarmband","status":"publish","type":"product","link":"https:\/\/www.gleichcom.samuraidev.ch\/fr\/shop\/sprechendes-notruftelefon-serenities-geemarc-mit-notrufarmband\/","title":{"rendered":"T\u00e9l\u00e9phone d&rsquo;urgence parlant avec bracelet d&rsquo;urgence Serenities Geemarc"},"content":{"rendered":"<div class=\"tab-content\" id=\"content_tab_description\" style=\"display: block;\">\n<div id=\"productTitle\" itemprop=\"name\">\n\t\t<span style=\"color:#000000;\"><strong><span style=\"font-size:16px;\">T\u00e9l\u00e9phone d&rsquo;urgence parlant avec bracelet d&rsquo;urgence Serenities Geemarc<\/span><\/strong><\/p>\n<p>\t\t<strong>T\u00e9l\u00e9phone de secours avec \u00e9metteur radio SOS<\/strong><br \/>\n\t\tS\u00e9r\u00e9nit\u00e9s &#8211; votre syst\u00e8me d&rsquo;urgence pour la maison : Il suffit de porter l&rsquo;\u00e9metteur SOS inclus autour de votre poignet comme un bracelet et d&rsquo;appuyer sur le gros bouton rouge en cas d&rsquo;urgence. Le t\u00e9l\u00e9phone compose ensuite un num\u00e9ro pr\u00e9r\u00e9gl\u00e9 et \u00e9coute un message enregistr\u00e9 d\u00e8s que l&rsquo;appel est r\u00e9pondu. Le t\u00e9l\u00e9phone dispose \u00e9galement d&rsquo;une sortie vocale.<br \/>\n\t\t\u00a0<br \/>\n\t\t<strong>En un coup d&rsquo;\u0153il<\/strong><\/span>\n\t<\/div>\n<ul>\n<li itemprop=\"name\"><span style=\"color:#000000;\">Syst\u00e8me d&rsquo;appel d&rsquo;urgence avec t\u00e9l\u00e9phone filaire et bracelet SOS<\/span><\/li>\n<li itemprop=\"name\"><span style=\"color:#000000;\">Volume \u00e9lev\u00e9 du combin\u00e9 jusqu&rsquo;\u00e0 30 dB<\/span><\/li>\n<li itemprop=\"name\"><span style=\"color:#000000;\">Avec \u00e9metteur radio SOS (port\u00e9e dans les pi\u00e8ces env. 20m)<\/span><\/li>\n<li itemprop=\"name\"><span style=\"color:#000000;\">5 num\u00e9ros d&rsquo;urgence peuvent \u00eatre m\u00e9moris\u00e9s<\/span><\/li>\n<li itemprop=\"name\"><span style=\"color:#000000;\">Message SOS auto-enregistrable<\/span><\/li>\n<li itemprop=\"name\"><span style=\"color:#000000;\">Compatible avec les aides auditives<\/span><\/li>\n<li itemprop=\"name\"><span style=\"color:#000000;\">La bobine d&rsquo;induction int\u00e9gr\u00e9e dans le combin\u00e9 permet de t\u00e9l\u00e9phoner via la position \u00ab\u00a0T<\/span><\/li>\n<li itemprop=\"name\"><span style=\"color:#000000;\">Sortie vocale des touches num\u00e9riques et lettres<\/span><\/li>\n<li itemprop=\"name\"><span style=\"color:#000000;\">Pour les appels entrants, annonce le nom de l&rsquo;appelant ou le num\u00e9ro de t\u00e9l\u00e9phone.<\/span><\/li>\n<li itemprop=\"name\"><span style=\"color:#000000;\">Utilisation tr\u00e8s simple<\/span><\/li>\n<li itemprop=\"name\"><span style=\"color:#000000;\">Commande de tangage sur 4 niveaux<\/span><\/li>\n<li itemprop=\"name\"><span style=\"color:#000000;\">Amplification de la voix sortante (-4, 0, +4 dB)<\/span><\/li>\n<li itemprop=\"name\"><span style=\"color:#000000;\">5 touches de num\u00e9rotation directe<\/span><\/li>\n<li itemprop=\"name\"><span style=\"color:#000000;\">fonction mains-libres<\/span><\/li>\n<li itemprop=\"name\"><span style=\"color:#000000;\">Sonnerie extra forte, r\u00e9glable jusqu&rsquo;\u00e0 80 dB<\/span><\/li>\n<li itemprop=\"name\"><span style=\"color:#000000;\">Tr\u00e8s grand nombre de touches num\u00e9riques<\/span><\/li>\n<li itemprop=\"name\"><span style=\"color:#000000;\">Grand \u00e9cran \u00e9clair\u00e9 (8 cm x 4 cm)<\/span><\/li>\n<li itemprop=\"name\"><span style=\"color:#000000;\">Signalisation d&rsquo;appel par un voyant lumineux clignotant<\/span><\/li>\n<li itemprop=\"name\"><span style=\"color:#000000;\">Identification de l&rsquo;appelant et affichage du num\u00e9ro<\/span><\/li>\n<li itemprop=\"name\"><span style=\"color:#000000;\">tonalit\u00e9 d&rsquo;acquittement<\/span><\/li>\n<li itemprop=\"name\"><span style=\"color:#000000;\">R\u00e9ception et mise en place \u00e0 distance via l&rsquo;\u00e9metteur SOS<\/span><\/li>\n<li itemprop=\"name\"><span style=\"color:#000000;\">10 sonneries<\/span><\/li>\n<li itemprop=\"name\"><span style=\"color:#000000;\">30 entr\u00e9es d&rsquo;annuaire t\u00e9l\u00e9phonique<\/span><\/li>\n<li itemprop=\"name\"><span style=\"color:#000000;\">dur\u00e9e du flash<\/span><\/li>\n<li itemprop=\"name\"><span style=\"color:#000000;\">Coupure du son possible<\/span><\/li>\n<li itemprop=\"name\"><span style=\"color:#000000;\">Convient pour un montage mural<\/span><\/li>\n<li itemprop=\"name\"><span style=\"color:#000000;\">Peut \u00eatre utilis\u00e9 avec n&rsquo;importe quelle connexion t\u00e9l\u00e9phonique analogique<\/span><\/li>\n<li itemprop=\"name\"><span style=\"color:#000000;\">Accessoires disponibles en option<\/span><\/li>\n<\/ul>\n<div itemprop=\"name\">\n\t\t<span style=\"color:#000000;\">\u00a0<br \/>\n\t\t<strong>Contenu de la livraison<\/strong><\/span>\n\t<\/div>\n<ul>\n<li itemprop=\"name\"><span style=\"color:#000000;\">1 x t\u00e9l\u00e9phone d&rsquo;urgence Geemarc Serenities<\/span><\/li>\n<li itemprop=\"name\"><span style=\"color:#000000;\">1 x bracelet \u00e9metteur radio<\/span><\/li>\n<li itemprop=\"name\"><span style=\"color:#000000;\">1 x manuel d&rsquo;instructions<\/span><\/li>\n<\/ul>\n<div itemprop=\"name\">\n\t\t<br \/>\n\t\t<strong style=\"font-size: 13px;\"><a href=\"http:\/\/geemarc.com\/fr\/wp-content\/uploads\/sites\/3\/2017\/02\/UGSERENV2_Fr_V2.7.pdf\"><span style=\"color:#000000;\">Notice d&rsquo;utilisation t\u00e9l\u00e9fone<\/span><\/a><\/strong>\n\t<\/div>\n<div>\n\t\t<strong><a href=\"http:\/\/geemarc.com\/fr\/wp-content\/uploads\/sites\/3\/2017\/02\/UGWRemote_v1.6.pdf\"><span style=\"color:#000000;\">Notice d&rsquo;utilisation Bracelet SOS<\/span><\/a><\/strong>\n\t<\/div>\n<\/div>\n","protected":false},"excerpt":{"rendered":"<p>Serenities &#8211; votre t\u00e9l\u00e9phone d&rsquo;urgence avec \u00e9metteur radio SOS pour la maison. En cas d&rsquo;urgence, appuyez sur la grosse touche rouge, puis le t\u00e9l\u00e9phone compose les num\u00e9ros pr\u00e9c\u00e9demment d\u00e9finis et \u00e9coute un message enregistr\u00e9 d\u00e8s que l&rsquo;appel est r\u00e9pondu.<\/p>\n<p>\u00a0<\/p>\n","protected":false},"featured_media":5641,"template":"","meta":{"inline_featured_image":false,"_uag_custom_page_level_css":"","site-sidebar-layout":"default","site-content-layout":"","ast-site-content-layout":"default","site-content-style":"default","site-sidebar-style":"default","ast-global-header-display":"","ast-banner-title-visibility":"","ast-main-header-display":"","ast-hfb-above-header-display":"","ast-hfb-below-header-display":"","ast-hfb-mobile-header-display":"","site-post-title":"","ast-breadcrumbs-content":"","ast-featured-img":"","footer-sml-layout":"","ast-disable-related-posts":"","theme-transparent-header-meta":"","adv-header-id-meta":"","stick-header-meta":"","header-above-stick-meta":"","header-main-stick-meta":"","header-below-stick-meta":"","astra-migrate-meta-layouts":"default","ast-page-background-enabled":"default","ast-page-background-meta":{"desktop":{"background-color":"","background-image":"","background-repeat":"repeat","background-position":"center center","background-size":"auto","background-attachment":"scroll","background-type":"","background-media":"","overlay-type":"","overlay-color":"","overlay-opacity":"","overlay-gradient":""},"tablet":{"background-color":"","background-image":"","background-repeat":"repeat","background-position":"center center","background-size":"auto","background-attachment":"scroll","background-type":"","background-media":"","overlay-type":"","overlay-color":"","overlay-opacity":"","overlay-gradient":""},"mobile":{"background-color":"","background-image":"","background-repeat":"repeat","background-position":"center center","background-size":"auto","background-attachment":"scroll","background-type":"","background-media":"","overlay-type":"","overlay-color":"","overlay-opacity":"","overlay-gradient":""}},"ast-content-background-meta":{"desktop":{"background-color":"var(--ast-global-color-5)","background-image":"","background-repeat":"repeat","background-position":"center center","background-size":"auto","background-attachment":"scroll","background-type":"","background-media":"","overlay-type":"","overlay-color":"","overlay-opacity":"","overlay-gradient":""},"tablet":{"background-color":"var(--ast-global-color-5)","background-image":"","background-repeat":"repeat","background-position":"center center","background-size":"auto","background-attachment":"scroll","background-type":"","background-media":"","overlay-type":"","overlay-color":"","overlay-opacity":"","overlay-gradient":""},"mobile":{"background-color":"var(--ast-global-color-5)","background-image":"","background-repeat":"repeat","background-position":"center center","background-size":"auto","background-attachment":"scroll","background-type":"","background-media":"","overlay-type":"","overlay-color":"","overlay-opacity":"","overlay-gradient":""}}},"product_brand":[],"product_cat":[1776],"product_tag":[],"class_list":{"0":"post-5664","1":"product","2":"type-product","3":"status-publish","4":"has-post-thumbnail","6":"product_cat-unkategorisiert","7":"desktop-align-center","8":"tablet-align-center","9":"mobile-align-center","10":"ast-product-gallery-layout-horizontal-slider","11":"ast-product-tabs-layout-accordion","13":"first","14":"instock","15":"taxable","16":"shipping-taxable","17":"purchasable","18":"product-type-simple"},"yoast_head":"<!-- This site is optimized with the Yoast SEO plugin v27.5 - https:\/\/yoast.com\/product\/yoast-seo-wordpress\/ -->\n<title>T\u00e9l\u00e9phone d&#039;urgence parlant avec bracelet d&#039;urgence Serenities Geemarc im Onlineshop | Gleichcom AG<\/title>\n<meta name=\"description\" content=\"\u2705 Serenities - votre t\u00e9l\u00e9phone d&#039;urgence avec \u00e9metteur radio SOS pour la maison. En cas d&#039;urgence, appuyez sur la grosse touche rouge, puis le t\u00e9l\u00e9phone compose les num\u00e9ros pr\u00e9c\u00e9demment d\u00e9finis et \u00e9coute un message enregistr\u00e9 d\u00e8s que l&#039;appel est r\u00e9pondu.  \u00a0\" \/>\n<meta name=\"robots\" content=\"noindex, follow, max-snippet:-1, max-image-preview:large, max-video-preview:-1\" \/>\n<meta property=\"og:locale\" content=\"fr_FR\" \/>\n<meta property=\"og:type\" content=\"article\" \/>\n<meta property=\"og:title\" content=\"T\u00e9l\u00e9phone d&#039;urgence parlant avec bracelet d&#039;urgence Serenities Geemarc im Onlineshop | Gleichcom AG\" \/>\n<meta property=\"og:description\" content=\"\u2705 Serenities - votre t\u00e9l\u00e9phone d&#039;urgence avec \u00e9metteur radio SOS pour la maison. En cas d&#039;urgence, appuyez sur la grosse touche rouge, puis le t\u00e9l\u00e9phone compose les num\u00e9ros pr\u00e9c\u00e9demment d\u00e9finis et \u00e9coute un message enregistr\u00e9 d\u00e8s que l&#039;appel est r\u00e9pondu.  \u00a0\" \/>\n<meta property=\"og:url\" content=\"https:\/\/www.gleichcom.samuraidev.ch\/fr\/shop\/sprechendes-notruftelefon-serenities-geemarc-mit-notrufarmband\/\" \/>\n<meta property=\"og:site_name\" content=\"Gleichcom AG\" \/>\n<meta property=\"article:publisher\" content=\"https:\/\/www.facebook.com\/profile.php?id=100068749126981\" \/>\n<meta property=\"og:image\" content=\"https:\/\/www.gleichcom.samuraidev.ch\/wp-content\/uploads\/2023\/09\/sprechendesnotruftelefongeemarcserenitiesmitnotrufarmbandtel308901_z1.jpg\" \/>\n\t<meta property=\"og:image:width\" content=\"500\" \/>\n\t<meta property=\"og:image:height\" content=\"500\" \/>\n\t<meta property=\"og:image:type\" content=\"image\/jpeg\" \/>\n<meta name=\"twitter:card\" content=\"summary_large_image\" \/>\n<script type=\"application\/ld+json\" class=\"yoast-schema-graph\">{\"@context\":\"https:\\\/\\\/schema.org\",\"@graph\":[{\"@type\":\"WebPage\",\"@id\":\"https:\\\/\\\/www.gleichcom.samuraidev.ch\\\/fr\\\/shop\\\/sprechendes-notruftelefon-serenities-geemarc-mit-notrufarmband\\\/\",\"url\":\"https:\\\/\\\/www.gleichcom.samuraidev.ch\\\/fr\\\/shop\\\/sprechendes-notruftelefon-serenities-geemarc-mit-notrufarmband\\\/\",\"name\":\"T\u00e9l\u00e9phone d'urgence parlant avec bracelet d'urgence Serenities Geemarc im Onlineshop | Gleichcom AG\",\"isPartOf\":{\"@id\":\"https:\\\/\\\/www.gleichcom.samuraidev.ch\\\/fr\\\/#website\"},\"primaryImageOfPage\":{\"@id\":\"https:\\\/\\\/www.gleichcom.samuraidev.ch\\\/fr\\\/shop\\\/sprechendes-notruftelefon-serenities-geemarc-mit-notrufarmband\\\/#primaryimage\"},\"image\":{\"@id\":\"https:\\\/\\\/www.gleichcom.samuraidev.ch\\\/fr\\\/shop\\\/sprechendes-notruftelefon-serenities-geemarc-mit-notrufarmband\\\/#primaryimage\"},\"thumbnailUrl\":\"https:\\\/\\\/www.gleichcom.samuraidev.ch\\\/wp-content\\\/uploads\\\/2023\\\/09\\\/sprechendesnotruftelefongeemarcserenitiesmitnotrufarmbandtel308901_z1.jpg\",\"datePublished\":\"2018-09-15T15:46:12+00:00\",\"description\":\"\u2705 Serenities - votre t\u00e9l\u00e9phone d'urgence avec \u00e9metteur radio SOS pour la maison. En cas d'urgence, appuyez sur la grosse touche rouge, puis le t\u00e9l\u00e9phone compose les num\u00e9ros pr\u00e9c\u00e9demment d\u00e9finis et \u00e9coute un message enregistr\u00e9 d\u00e8s que l'appel est r\u00e9pondu. \u00a0\",\"breadcrumb\":{\"@id\":\"https:\\\/\\\/www.gleichcom.samuraidev.ch\\\/fr\\\/shop\\\/sprechendes-notruftelefon-serenities-geemarc-mit-notrufarmband\\\/#breadcrumb\"},\"inLanguage\":\"fr-FR\",\"potentialAction\":[{\"@type\":\"ReadAction\",\"target\":[\"https:\\\/\\\/www.gleichcom.samuraidev.ch\\\/fr\\\/shop\\\/sprechendes-notruftelefon-serenities-geemarc-mit-notrufarmband\\\/\"]}]},{\"@type\":\"ImageObject\",\"inLanguage\":\"fr-FR\",\"@id\":\"https:\\\/\\\/www.gleichcom.samuraidev.ch\\\/fr\\\/shop\\\/sprechendes-notruftelefon-serenities-geemarc-mit-notrufarmband\\\/#primaryimage\",\"url\":\"https:\\\/\\\/www.gleichcom.samuraidev.ch\\\/wp-content\\\/uploads\\\/2023\\\/09\\\/sprechendesnotruftelefongeemarcserenitiesmitnotrufarmbandtel308901_z1.jpg\",\"contentUrl\":\"https:\\\/\\\/www.gleichcom.samuraidev.ch\\\/wp-content\\\/uploads\\\/2023\\\/09\\\/sprechendesnotruftelefongeemarcserenitiesmitnotrufarmbandtel308901_z1.jpg\",\"width\":500,\"height\":500},{\"@type\":\"BreadcrumbList\",\"@id\":\"https:\\\/\\\/www.gleichcom.samuraidev.ch\\\/fr\\\/shop\\\/sprechendes-notruftelefon-serenities-geemarc-mit-notrufarmband\\\/#breadcrumb\",\"itemListElement\":[{\"@type\":\"ListItem\",\"position\":1,\"name\":\"Startseite\",\"item\":\"https:\\\/\\\/www.gleichcom.samuraidev.ch\\\/fr\\\/\"},{\"@type\":\"ListItem\",\"position\":2,\"name\":\"Shop\",\"item\":\"https:\\\/\\\/www.gleichcom.samuraidev.ch\\\/fr\\\/shop\\\/\"},{\"@type\":\"ListItem\",\"position\":3,\"name\":\"T\u00e9l\u00e9phone d&#8217;urgence parlant avec bracelet d&#8217;urgence Serenities Geemarc\"}]},{\"@type\":\"WebSite\",\"@id\":\"https:\\\/\\\/www.gleichcom.samuraidev.ch\\\/fr\\\/#website\",\"url\":\"https:\\\/\\\/www.gleichcom.samuraidev.ch\\\/fr\\\/\",\"name\":\"Gleichcom AG\",\"description\":\"besser h\u00f6ren. besser sehen. besser leben.\",\"publisher\":{\"@id\":\"https:\\\/\\\/www.gleichcom.samuraidev.ch\\\/fr\\\/#organization\"},\"alternateName\":\"Gleichcom\",\"potentialAction\":[{\"@type\":\"SearchAction\",\"target\":{\"@type\":\"EntryPoint\",\"urlTemplate\":\"https:\\\/\\\/www.gleichcom.samuraidev.ch\\\/fr\\\/?s={search_term_string}\"},\"query-input\":{\"@type\":\"PropertyValueSpecification\",\"valueRequired\":true,\"valueName\":\"search_term_string\"}}],\"inLanguage\":\"fr-FR\"},{\"@type\":\"Organization\",\"@id\":\"https:\\\/\\\/www.gleichcom.samuraidev.ch\\\/fr\\\/#organization\",\"name\":\"Gleichcom AG\",\"alternateName\":\"Gleichcom\",\"url\":\"https:\\\/\\\/www.gleichcom.samuraidev.ch\\\/fr\\\/\",\"logo\":{\"@type\":\"ImageObject\",\"inLanguage\":\"fr-FR\",\"@id\":\"https:\\\/\\\/www.gleichcom.samuraidev.ch\\\/fr\\\/#\\\/schema\\\/logo\\\/image\\\/\",\"url\":\"https:\\\/\\\/www.gleichcom.samuraidev.ch\\\/wp-content\\\/uploads\\\/2023\\\/09\\\/gleichcom-ag-logo-quadrat-farbig-mitte@696.png\",\"contentUrl\":\"https:\\\/\\\/www.gleichcom.samuraidev.ch\\\/wp-content\\\/uploads\\\/2023\\\/09\\\/gleichcom-ag-logo-quadrat-farbig-mitte@696.png\",\"width\":437,\"height\":437,\"caption\":\"Gleichcom AG\"},\"image\":{\"@id\":\"https:\\\/\\\/www.gleichcom.samuraidev.ch\\\/fr\\\/#\\\/schema\\\/logo\\\/image\\\/\"},\"sameAs\":[\"https:\\\/\\\/www.facebook.com\\\/profile.php?id=100068749126981\"]}]}<\/script>\n<!-- \/ Yoast SEO plugin. -->","yoast_head_json":{"title":"T\u00e9l\u00e9phone d'urgence parlant avec bracelet d'urgence Serenities Geemarc im Onlineshop | Gleichcom AG","description":"\u2705 Serenities - votre t\u00e9l\u00e9phone d'urgence avec \u00e9metteur radio SOS pour la maison. En cas d'urgence, appuyez sur la grosse touche rouge, puis le t\u00e9l\u00e9phone compose les num\u00e9ros pr\u00e9c\u00e9demment d\u00e9finis et \u00e9coute un message enregistr\u00e9 d\u00e8s que l'appel est r\u00e9pondu.  \u00a0","robots":{"index":"noindex","follow":"follow","max-snippet":"max-snippet:-1","max-image-preview":"max-image-preview:large","max-video-preview":"max-video-preview:-1"},"og_locale":"fr_FR","og_type":"article","og_title":"T\u00e9l\u00e9phone d'urgence parlant avec bracelet d'urgence Serenities Geemarc im Onlineshop | Gleichcom AG","og_description":"\u2705 Serenities - votre t\u00e9l\u00e9phone d'urgence avec \u00e9metteur radio SOS pour la maison. En cas d'urgence, appuyez sur la grosse touche rouge, puis le t\u00e9l\u00e9phone compose les num\u00e9ros pr\u00e9c\u00e9demment d\u00e9finis et \u00e9coute un message enregistr\u00e9 d\u00e8s que l'appel est r\u00e9pondu.  \u00a0","og_url":"https:\/\/www.gleichcom.samuraidev.ch\/fr\/shop\/sprechendes-notruftelefon-serenities-geemarc-mit-notrufarmband\/","og_site_name":"Gleichcom AG","article_publisher":"https:\/\/www.facebook.com\/profile.php?id=100068749126981","og_image":[{"width":500,"height":500,"url":"https:\/\/www.gleichcom.samuraidev.ch\/wp-content\/uploads\/2023\/09\/sprechendesnotruftelefongeemarcserenitiesmitnotrufarmbandtel308901_z1.jpg","type":"image\/jpeg"}],"twitter_card":"summary_large_image","schema":{"@context":"https:\/\/schema.org","@graph":[{"@type":"WebPage","@id":"https:\/\/www.gleichcom.samuraidev.ch\/fr\/shop\/sprechendes-notruftelefon-serenities-geemarc-mit-notrufarmband\/","url":"https:\/\/www.gleichcom.samuraidev.ch\/fr\/shop\/sprechendes-notruftelefon-serenities-geemarc-mit-notrufarmband\/","name":"T\u00e9l\u00e9phone d'urgence parlant avec bracelet d'urgence Serenities Geemarc im Onlineshop | Gleichcom AG","isPartOf":{"@id":"https:\/\/www.gleichcom.samuraidev.ch\/fr\/#website"},"primaryImageOfPage":{"@id":"https:\/\/www.gleichcom.samuraidev.ch\/fr\/shop\/sprechendes-notruftelefon-serenities-geemarc-mit-notrufarmband\/#primaryimage"},"image":{"@id":"https:\/\/www.gleichcom.samuraidev.ch\/fr\/shop\/sprechendes-notruftelefon-serenities-geemarc-mit-notrufarmband\/#primaryimage"},"thumbnailUrl":"https:\/\/www.gleichcom.samuraidev.ch\/wp-content\/uploads\/2023\/09\/sprechendesnotruftelefongeemarcserenitiesmitnotrufarmbandtel308901_z1.jpg","datePublished":"2018-09-15T15:46:12+00:00","description":"\u2705 Serenities - votre t\u00e9l\u00e9phone d'urgence avec \u00e9metteur radio SOS pour la maison. En cas d'urgence, appuyez sur la grosse touche rouge, puis le t\u00e9l\u00e9phone compose les num\u00e9ros pr\u00e9c\u00e9demment d\u00e9finis et \u00e9coute un message enregistr\u00e9 d\u00e8s que l'appel est r\u00e9pondu. \u00a0","breadcrumb":{"@id":"https:\/\/www.gleichcom.samuraidev.ch\/fr\/shop\/sprechendes-notruftelefon-serenities-geemarc-mit-notrufarmband\/#breadcrumb"},"inLanguage":"fr-FR","potentialAction":[{"@type":"ReadAction","target":["https:\/\/www.gleichcom.samuraidev.ch\/fr\/shop\/sprechendes-notruftelefon-serenities-geemarc-mit-notrufarmband\/"]}]},{"@type":"ImageObject","inLanguage":"fr-FR","@id":"https:\/\/www.gleichcom.samuraidev.ch\/fr\/shop\/sprechendes-notruftelefon-serenities-geemarc-mit-notrufarmband\/#primaryimage","url":"https:\/\/www.gleichcom.samuraidev.ch\/wp-content\/uploads\/2023\/09\/sprechendesnotruftelefongeemarcserenitiesmitnotrufarmbandtel308901_z1.jpg","contentUrl":"https:\/\/www.gleichcom.samuraidev.ch\/wp-content\/uploads\/2023\/09\/sprechendesnotruftelefongeemarcserenitiesmitnotrufarmbandtel308901_z1.jpg","width":500,"height":500},{"@type":"BreadcrumbList","@id":"https:\/\/www.gleichcom.samuraidev.ch\/fr\/shop\/sprechendes-notruftelefon-serenities-geemarc-mit-notrufarmband\/#breadcrumb","itemListElement":[{"@type":"ListItem","position":1,"name":"Startseite","item":"https:\/\/www.gleichcom.samuraidev.ch\/fr\/"},{"@type":"ListItem","position":2,"name":"Shop","item":"https:\/\/www.gleichcom.samuraidev.ch\/fr\/shop\/"},{"@type":"ListItem","position":3,"name":"T\u00e9l\u00e9phone d&#8217;urgence parlant avec bracelet d&#8217;urgence Serenities Geemarc"}]},{"@type":"WebSite","@id":"https:\/\/www.gleichcom.samuraidev.ch\/fr\/#website","url":"https:\/\/www.gleichcom.samuraidev.ch\/fr\/","name":"Gleichcom AG","description":"besser h\u00f6ren. besser sehen. besser leben.","publisher":{"@id":"https:\/\/www.gleichcom.samuraidev.ch\/fr\/#organization"},"alternateName":"Gleichcom","potentialAction":[{"@type":"SearchAction","target":{"@type":"EntryPoint","urlTemplate":"https:\/\/www.gleichcom.samuraidev.ch\/fr\/?s={search_term_string}"},"query-input":{"@type":"PropertyValueSpecification","valueRequired":true,"valueName":"search_term_string"}}],"inLanguage":"fr-FR"},{"@type":"Organization","@id":"https:\/\/www.gleichcom.samuraidev.ch\/fr\/#organization","name":"Gleichcom AG","alternateName":"Gleichcom","url":"https:\/\/www.gleichcom.samuraidev.ch\/fr\/","logo":{"@type":"ImageObject","inLanguage":"fr-FR","@id":"https:\/\/www.gleichcom.samuraidev.ch\/fr\/#\/schema\/logo\/image\/","url":"https:\/\/www.gleichcom.samuraidev.ch\/wp-content\/uploads\/2023\/09\/gleichcom-ag-logo-quadrat-farbig-mitte@696.png","contentUrl":"https:\/\/www.gleichcom.samuraidev.ch\/wp-content\/uploads\/2023\/09\/gleichcom-ag-logo-quadrat-farbig-mitte@696.png","width":437,"height":437,"caption":"Gleichcom AG"},"image":{"@id":"https:\/\/www.gleichcom.samuraidev.ch\/fr\/#\/schema\/logo\/image\/"},"sameAs":["https:\/\/www.facebook.com\/profile.php?id=100068749126981"]}]}},"uagb_featured_image_src":{"full":["https:\/\/www.gleichcom.samuraidev.ch\/wp-content\/uploads\/2023\/09\/sprechendesnotruftelefongeemarcserenitiesmitnotrufarmbandtel308901_z1.jpg",500,500,false],"thumbnail":["https:\/\/www.gleichcom.samuraidev.ch\/wp-content\/uploads\/2023\/09\/sprechendesnotruftelefongeemarcserenitiesmitnotrufarmbandtel308901_z1.jpg",150,150,false],"medium":["https:\/\/www.gleichcom.samuraidev.ch\/wp-content\/uploads\/2023\/09\/sprechendesnotruftelefongeemarcserenitiesmitnotrufarmbandtel308901_z1.jpg",300,300,false],"medium_large":["https:\/\/www.gleichcom.samuraidev.ch\/wp-content\/uploads\/2023\/09\/sprechendesnotruftelefongeemarcserenitiesmitnotrufarmbandtel308901_z1.jpg",500,500,false],"large":["https:\/\/www.gleichcom.samuraidev.ch\/wp-content\/uploads\/2023\/09\/sprechendesnotruftelefongeemarcserenitiesmitnotrufarmbandtel308901_z1.jpg",500,500,false],"1536x1536":["https:\/\/www.gleichcom.samuraidev.ch\/wp-content\/uploads\/2023\/09\/sprechendesnotruftelefongeemarcserenitiesmitnotrufarmbandtel308901_z1.jpg",500,500,false],"2048x2048":["https:\/\/www.gleichcom.samuraidev.ch\/wp-content\/uploads\/2023\/09\/sprechendesnotruftelefongeemarcserenitiesmitnotrufarmbandtel308901_z1.jpg",500,500,false],"woocommerce_thumbnail":["https:\/\/www.gleichcom.samuraidev.ch\/wp-content\/uploads\/2023\/09\/sprechendesnotruftelefongeemarcserenitiesmitnotrufarmbandtel308901_z1.jpg",300,300,false],"woocommerce_single":["https:\/\/www.gleichcom.samuraidev.ch\/wp-content\/uploads\/2023\/09\/sprechendesnotruftelefongeemarcserenitiesmitnotrufarmbandtel308901_z1.jpg",500,500,false],"woocommerce_gallery_thumbnail":["https:\/\/www.gleichcom.samuraidev.ch\/wp-content\/uploads\/2023\/09\/sprechendesnotruftelefongeemarcserenitiesmitnotrufarmbandtel308901_z1.jpg",100,100,false]},"uagb_author_info":{"display_name":"","author_link":"https:\/\/www.gleichcom.samuraidev.ch\/fr\/author\/"},"uagb_comment_info":0,"uagb_excerpt":"Serenities - votre t\u00e9l\u00e9phone d'urgence avec \u00e9metteur radio SOS pour la maison. En cas d'urgence, appuyez sur la grosse touche rouge, puis le t\u00e9l\u00e9phone compose les num\u00e9ros pr\u00e9c\u00e9demment d\u00e9finis et \u00e9coute un message enregistr\u00e9 d\u00e8s que l'appel est r\u00e9pondu. \u00a0","_links":{"self":[{"href":"https:\/\/www.gleichcom.samuraidev.ch\/fr\/wp-json\/wp\/v2\/product\/5664","targetHints":{"allow":["GET"]}}],"collection":[{"href":"https:\/\/www.gleichcom.samuraidev.ch\/fr\/wp-json\/wp\/v2\/product"}],"about":[{"href":"https:\/\/www.gleichcom.samuraidev.ch\/fr\/wp-json\/wp\/v2\/types\/product"}],"wp:featuredmedia":[{"embeddable":true,"href":"https:\/\/www.gleichcom.samuraidev.ch\/fr\/wp-json\/wp\/v2\/media\/5641"}],"wp:attachment":[{"href":"https:\/\/www.gleichcom.samuraidev.ch\/fr\/wp-json\/wp\/v2\/media?parent=5664"}],"wp:term":[{"taxonomy":"product_brand","embeddable":true,"href":"https:\/\/www.gleichcom.samuraidev.ch\/fr\/wp-json\/wp\/v2\/product_brand?post=5664"},{"taxonomy":"product_cat","embeddable":true,"href":"https:\/\/www.gleichcom.samuraidev.ch\/fr\/wp-json\/wp\/v2\/product_cat?post=5664"},{"taxonomy":"product_tag","embeddable":true,"href":"https:\/\/www.gleichcom.samuraidev.ch\/fr\/wp-json\/wp\/v2\/product_tag?post=5664"}],"curies":[{"name":"wp","href":"https:\/\/api.w.org\/{rel}","templated":true}]}}