{"id":5694,"date":"2018-09-15T19:17:19","date_gmt":"2018-09-15T17:17:19","guid":{"rendered":"https:\/\/www.gleichcom.samuraidev.ch\/?product=schwerhoerigen-telefon-amplipower-50-weiss-geemarc"},"modified":"1000-01-01T00:00:00","modified_gmt":"1000-01-01T00:00:00","slug":"schwerhoerigen-telefon-amplipower-50-weiss-geemarc","status":"publish","type":"product","link":"https:\/\/www.gleichcom.samuraidev.ch\/fr\/shop\/schwerhoerigen-telefon-amplipower-50-weiss-geemarc\/","title":{"rendered":"T\u00e9l\u00e9phone pour malentendants Geemarc AmpliPOWER 50"},"content":{"rendered":"<p><strong><span style=\"font-size:16px;\">T\u00e9l\u00e9phone pour malentendants Geemarc AmpliPOWER 50<\/span><\/strong><br \/>\n\u00a0<br \/>\n<strong>Volume du combin\u00e9 r\u00e9glable extr\u00eamement fort\u00a0<\/strong><br \/>\nLe nouvel AmpliPOWER 50 est le t\u00e9l\u00e9phone le plus bruyant du march\u00e9, ce qui en fait la solution id\u00e9ale pour les malentendants s\u00e9v\u00e8res. Le volume du combin\u00e9 de l&rsquo;AmpliPOWER 50 peut \u00eatre augment\u00e9 jusqu&rsquo;\u00e0 +60 dB. De plus, le t\u00e9l\u00e9phone a un son tr\u00e8s clair et une commande de tonalit\u00e9 aigu\u00eb et grave. Cela rend le t\u00e9l\u00e9phone id\u00e9al pour les personnes souffrant d&rsquo;une perte auditive s\u00e9v\u00e8re et vous permet de passer des appels d\u00e9tendus avec vos amis et votre famille. Le volume du combin\u00e9 peut \u00e9galement \u00eatre facilement r\u00e9gl\u00e9 pendant un appel t\u00e9l\u00e9phonique.<br \/>\n\u00a0<br \/>\n<strong>Flash stroboscope tr\u00e8s lumineux\u00a0<\/strong><br \/>\nLes appels entrants sont signal\u00e9s non seulement par une sonnerie tr\u00e8s forte, mais aussi par un stroboscope tr\u00e8s lumineux. Si vous le souhaitez, vous pouvez \u00e9galement afficher les appels avec seulement un flash ou une sonnerie. Gr\u00e2ce \u00e0 l&rsquo;AmpliPOWER 50, vous ne manquerez plus jamais un appel.<br \/>\n\u00a0<br \/>\n<strong>Utilisation tr\u00e8s simple\u00a0<\/strong><br \/>\nPour que les personnes \u00e2g\u00e9es puissent utiliser le t\u00e9l\u00e9phone de mani\u00e8re optimale, il a \u00e9t\u00e9 con\u00e7u pour \u00eatre tr\u00e8s simple, de la premi\u00e8re connexion jusqu&rsquo;\u00e0 l&rsquo;utilisation. Tous les c\u00e2bles n\u00e9cessaires \u00e0 la connexion sont d\u00e9j\u00e0 inclus dans la livraison. Il suffit de le brancher et de passer un coup de fil imm\u00e9diatement. De grandes touches faciles \u00e0 lire facilitent \u00e9galement l&rsquo;utilisation du t\u00e9l\u00e9phone moderne. Bien s\u00fbr, le t\u00e9l\u00e9phone est compatible avec les aides auditives et permet de t\u00e9l\u00e9phoner sans bruit.<br \/>\n\u00a0<br \/>\n<strong>Compatible avec les aides auditives<\/strong><br \/>\nLe t\u00e9l\u00e9phone analogique AmpliPOWER 50 peut \u00eatre utilis\u00e9 avec toutes les aides auditives courantes. Il est \u00e9quip\u00e9 d&rsquo;une bobine d&rsquo;induction int\u00e9gr\u00e9e dans le combin\u00e9, ce qui permet de t\u00e9l\u00e9phoner sans bruit. En outre, le t\u00e9l\u00e9phone dispose d&rsquo;une connexion pour casque d&rsquo;\u00e9coute ou d&rsquo;une boucle d&rsquo;induction externe.<br \/>\n\u00a0<br \/>\n<strong>En un coup d&rsquo;\u0153il\u00a0<\/strong><\/p>\n<ul>\n<li>Volume du combin\u00e9 r\u00e9glable extr\u00eamement fort (jusqu&rsquo;\u00e0 +60 dB)<\/li>\n<li>Sonnerie tr\u00e8s forte, r\u00e9glable jusqu&rsquo;\u00e0 85 dB<\/li>\n<li>Flash stroboscope tr\u00e8s lumineux<\/li>\n<li>Compatible avec les aides auditives<\/li>\n<li>La bobine d&rsquo;induction int\u00e9gr\u00e9e dans le combin\u00e9 permet de t\u00e9l\u00e9phoner via la position \u00ab\u00a0T<\/li>\n<li>Fonction mains libres r\u00e9glable tr\u00e8s fort<\/li>\n<li>Boucle d&rsquo;induction connectable<\/li>\n<li>3 touches de num\u00e9rotation directe en couleur (peuvent \u00eatre utilis\u00e9es comme touches d&rsquo;appel d&rsquo;urgence)<\/li>\n<li>9 touches de num\u00e9rotation directe<\/li>\n<li>recomposition<\/li>\n<li>touche muet<\/li>\n<li>Convient pour un montage mural<\/li>\n<li>Peut \u00eatre utilis\u00e9 avec n&rsquo;importe quelle connexion t\u00e9l\u00e9phonique analogique\u00a0\u00a0<\/li>\n<\/ul>\n<p>\u00a0<br \/>\n<strong>Contenu de la livraison<\/strong><\/p>\n<ul>\n<li>1 x AmpliPOWER 50<\/li>\n<li>1 x c\u00e2ble de raccordement t\u00e9l\u00e9phonique<\/li>\n<li>1 x bloc d&rsquo;alimentation<\/li>\n<li>1 x Mode d&#8217;emploi d\u00e9taill\u00e9<\/li>\n<\/ul>\n<p>\u00a0<br \/>\n\u00a0<\/p>\n","protected":false},"excerpt":{"rendered":"<p>\t\tT\u00e9l\u00e9phone filaire amplifi\u00e9 jusqu&rsquo;\u00e0 60dB pour les personnes malentendantes tr\u00e8s s\u00e9v\u00e8res. Son tr\u00e8s clair et contr\u00f4le des aigus et des graves.<\/p>\n","protected":false},"featured_media":5683,"template":"","meta":{"inline_featured_image":false,"_uag_custom_page_level_css":"","site-sidebar-layout":"default","site-content-layout":"","ast-site-content-layout":"default","site-content-style":"default","site-sidebar-style":"default","ast-global-header-display":"","ast-banner-title-visibility":"","ast-main-header-display":"","ast-hfb-above-header-display":"","ast-hfb-below-header-display":"","ast-hfb-mobile-header-display":"","site-post-title":"","ast-breadcrumbs-content":"","ast-featured-img":"","footer-sml-layout":"","ast-disable-related-posts":"","theme-transparent-header-meta":"","adv-header-id-meta":"","stick-header-meta":"","header-above-stick-meta":"","header-main-stick-meta":"","header-below-stick-meta":"","astra-migrate-meta-layouts":"default","ast-page-background-enabled":"default","ast-page-background-meta":{"desktop":{"background-color":"","background-image":"","background-repeat":"repeat","background-position":"center center","background-size":"auto","background-attachment":"scroll","background-type":"","background-media":"","overlay-type":"","overlay-color":"","overlay-opacity":"","overlay-gradient":""},"tablet":{"background-color":"","background-image":"","background-repeat":"repeat","background-position":"center center","background-size":"auto","background-attachment":"scroll","background-type":"","background-media":"","overlay-type":"","overlay-color":"","overlay-opacity":"","overlay-gradient":""},"mobile":{"background-color":"","background-image":"","background-repeat":"repeat","background-position":"center center","background-size":"auto","background-attachment":"scroll","background-type":"","background-media":"","overlay-type":"","overlay-color":"","overlay-opacity":"","overlay-gradient":""}},"ast-content-background-meta":{"desktop":{"background-color":"var(--ast-global-color-5)","background-image":"","background-repeat":"repeat","background-position":"center center","background-size":"auto","background-attachment":"scroll","background-type":"","background-media":"","overlay-type":"","overlay-color":"","overlay-opacity":"","overlay-gradient":""},"tablet":{"background-color":"var(--ast-global-color-5)","background-image":"","background-repeat":"repeat","background-position":"center center","background-size":"auto","background-attachment":"scroll","background-type":"","background-media":"","overlay-type":"","overlay-color":"","overlay-opacity":"","overlay-gradient":""},"mobile":{"background-color":"var(--ast-global-color-5)","background-image":"","background-repeat":"repeat","background-position":"center center","background-size":"auto","background-attachment":"scroll","background-type":"","background-media":"","overlay-type":"","overlay-color":"","overlay-opacity":"","overlay-gradient":""}}},"product_brand":[],"product_cat":[1776],"product_tag":[],"class_list":{"0":"post-5694","1":"product","2":"type-product","3":"status-publish","4":"has-post-thumbnail","6":"product_cat-unkategorisiert","7":"desktop-align-center","8":"tablet-align-center","9":"mobile-align-center","10":"ast-product-gallery-layout-horizontal-slider","11":"ast-product-tabs-layout-accordion","13":"first","14":"outofstock","15":"taxable","16":"shipping-taxable","17":"purchasable","18":"product-type-simple"},"yoast_head":"<!-- This site is optimized with the Yoast SEO plugin v27.5 - https:\/\/yoast.com\/product\/yoast-seo-wordpress\/ -->\n<title>T\u00e9l\u00e9phone pour malentendants Geemarc AmpliPOWER 50 im Onlineshop | Gleichcom AG<\/title>\n<meta name=\"description\" content=\"\u2705 T\u00e9l\u00e9phone filaire amplifi\u00e9 jusqu&#039;\u00e0 60dB pour les personnes malentendantes tr\u00e8s s\u00e9v\u00e8res. Son tr\u00e8s clair et contr\u00f4le des aigus et des graves.\" \/>\n<meta name=\"robots\" content=\"noindex, follow, max-snippet:-1, max-image-preview:large, max-video-preview:-1\" \/>\n<meta property=\"og:locale\" content=\"fr_FR\" \/>\n<meta property=\"og:type\" content=\"article\" \/>\n<meta property=\"og:title\" content=\"T\u00e9l\u00e9phone pour malentendants Geemarc AmpliPOWER 50 im Onlineshop | Gleichcom AG\" \/>\n<meta property=\"og:description\" content=\"\u2705 T\u00e9l\u00e9phone filaire amplifi\u00e9 jusqu&#039;\u00e0 60dB pour les personnes malentendantes tr\u00e8s s\u00e9v\u00e8res. Son tr\u00e8s clair et contr\u00f4le des aigus et des graves.\" \/>\n<meta property=\"og:url\" content=\"https:\/\/www.gleichcom.samuraidev.ch\/fr\/shop\/schwerhoerigen-telefon-amplipower-50-weiss-geemarc\/\" \/>\n<meta property=\"og:site_name\" content=\"Gleichcom AG\" \/>\n<meta property=\"article:publisher\" content=\"https:\/\/www.facebook.com\/profile.php?id=100068749126981\" \/>\n<meta property=\"og:image\" content=\"https:\/\/www.gleichcom.samuraidev.ch\/wp-content\/uploads\/2023\/09\/AMPLIPOWER50w_0.jpg\" \/>\n\t<meta property=\"og:image:width\" content=\"500\" \/>\n\t<meta property=\"og:image:height\" content=\"380\" \/>\n\t<meta property=\"og:image:type\" content=\"image\/jpeg\" \/>\n<meta name=\"twitter:card\" content=\"summary_large_image\" \/>\n<script type=\"application\/ld+json\" class=\"yoast-schema-graph\">{\"@context\":\"https:\\\/\\\/schema.org\",\"@graph\":[{\"@type\":\"WebPage\",\"@id\":\"https:\\\/\\\/www.gleichcom.samuraidev.ch\\\/fr\\\/shop\\\/schwerhoerigen-telefon-amplipower-50-weiss-geemarc\\\/\",\"url\":\"https:\\\/\\\/www.gleichcom.samuraidev.ch\\\/fr\\\/shop\\\/schwerhoerigen-telefon-amplipower-50-weiss-geemarc\\\/\",\"name\":\"T\u00e9l\u00e9phone pour malentendants Geemarc AmpliPOWER 50 im Onlineshop | Gleichcom AG\",\"isPartOf\":{\"@id\":\"https:\\\/\\\/www.gleichcom.samuraidev.ch\\\/fr\\\/#website\"},\"primaryImageOfPage\":{\"@id\":\"https:\\\/\\\/www.gleichcom.samuraidev.ch\\\/fr\\\/shop\\\/schwerhoerigen-telefon-amplipower-50-weiss-geemarc\\\/#primaryimage\"},\"image\":{\"@id\":\"https:\\\/\\\/www.gleichcom.samuraidev.ch\\\/fr\\\/shop\\\/schwerhoerigen-telefon-amplipower-50-weiss-geemarc\\\/#primaryimage\"},\"thumbnailUrl\":\"https:\\\/\\\/www.gleichcom.samuraidev.ch\\\/wp-content\\\/uploads\\\/2023\\\/09\\\/AMPLIPOWER50w_0.jpg\",\"datePublished\":\"2018-09-15T17:17:19+00:00\",\"description\":\"\u2705 T\u00e9l\u00e9phone filaire amplifi\u00e9 jusqu'\u00e0 60dB pour les personnes malentendantes tr\u00e8s s\u00e9v\u00e8res. Son tr\u00e8s clair et contr\u00f4le des aigus et des graves.\",\"breadcrumb\":{\"@id\":\"https:\\\/\\\/www.gleichcom.samuraidev.ch\\\/fr\\\/shop\\\/schwerhoerigen-telefon-amplipower-50-weiss-geemarc\\\/#breadcrumb\"},\"inLanguage\":\"fr-FR\",\"potentialAction\":[{\"@type\":\"ReadAction\",\"target\":[\"https:\\\/\\\/www.gleichcom.samuraidev.ch\\\/fr\\\/shop\\\/schwerhoerigen-telefon-amplipower-50-weiss-geemarc\\\/\"]}]},{\"@type\":\"ImageObject\",\"inLanguage\":\"fr-FR\",\"@id\":\"https:\\\/\\\/www.gleichcom.samuraidev.ch\\\/fr\\\/shop\\\/schwerhoerigen-telefon-amplipower-50-weiss-geemarc\\\/#primaryimage\",\"url\":\"https:\\\/\\\/www.gleichcom.samuraidev.ch\\\/wp-content\\\/uploads\\\/2023\\\/09\\\/AMPLIPOWER50w_0.jpg\",\"contentUrl\":\"https:\\\/\\\/www.gleichcom.samuraidev.ch\\\/wp-content\\\/uploads\\\/2023\\\/09\\\/AMPLIPOWER50w_0.jpg\",\"width\":500,\"height\":380},{\"@type\":\"BreadcrumbList\",\"@id\":\"https:\\\/\\\/www.gleichcom.samuraidev.ch\\\/fr\\\/shop\\\/schwerhoerigen-telefon-amplipower-50-weiss-geemarc\\\/#breadcrumb\",\"itemListElement\":[{\"@type\":\"ListItem\",\"position\":1,\"name\":\"Startseite\",\"item\":\"https:\\\/\\\/www.gleichcom.samuraidev.ch\\\/fr\\\/\"},{\"@type\":\"ListItem\",\"position\":2,\"name\":\"Shop\",\"item\":\"https:\\\/\\\/www.gleichcom.samuraidev.ch\\\/fr\\\/shop\\\/\"},{\"@type\":\"ListItem\",\"position\":3,\"name\":\"T\u00e9l\u00e9phone pour malentendants Geemarc AmpliPOWER 50\"}]},{\"@type\":\"WebSite\",\"@id\":\"https:\\\/\\\/www.gleichcom.samuraidev.ch\\\/fr\\\/#website\",\"url\":\"https:\\\/\\\/www.gleichcom.samuraidev.ch\\\/fr\\\/\",\"name\":\"Gleichcom AG\",\"description\":\"besser h\u00f6ren. besser sehen. besser leben.\",\"publisher\":{\"@id\":\"https:\\\/\\\/www.gleichcom.samuraidev.ch\\\/fr\\\/#organization\"},\"alternateName\":\"Gleichcom\",\"potentialAction\":[{\"@type\":\"SearchAction\",\"target\":{\"@type\":\"EntryPoint\",\"urlTemplate\":\"https:\\\/\\\/www.gleichcom.samuraidev.ch\\\/fr\\\/?s={search_term_string}\"},\"query-input\":{\"@type\":\"PropertyValueSpecification\",\"valueRequired\":true,\"valueName\":\"search_term_string\"}}],\"inLanguage\":\"fr-FR\"},{\"@type\":\"Organization\",\"@id\":\"https:\\\/\\\/www.gleichcom.samuraidev.ch\\\/fr\\\/#organization\",\"name\":\"Gleichcom AG\",\"alternateName\":\"Gleichcom\",\"url\":\"https:\\\/\\\/www.gleichcom.samuraidev.ch\\\/fr\\\/\",\"logo\":{\"@type\":\"ImageObject\",\"inLanguage\":\"fr-FR\",\"@id\":\"https:\\\/\\\/www.gleichcom.samuraidev.ch\\\/fr\\\/#\\\/schema\\\/logo\\\/image\\\/\",\"url\":\"https:\\\/\\\/www.gleichcom.samuraidev.ch\\\/wp-content\\\/uploads\\\/2023\\\/09\\\/gleichcom-ag-logo-quadrat-farbig-mitte@696.png\",\"contentUrl\":\"https:\\\/\\\/www.gleichcom.samuraidev.ch\\\/wp-content\\\/uploads\\\/2023\\\/09\\\/gleichcom-ag-logo-quadrat-farbig-mitte@696.png\",\"width\":437,\"height\":437,\"caption\":\"Gleichcom AG\"},\"image\":{\"@id\":\"https:\\\/\\\/www.gleichcom.samuraidev.ch\\\/fr\\\/#\\\/schema\\\/logo\\\/image\\\/\"},\"sameAs\":[\"https:\\\/\\\/www.facebook.com\\\/profile.php?id=100068749126981\"]}]}<\/script>\n<!-- \/ Yoast SEO plugin. -->","yoast_head_json":{"title":"T\u00e9l\u00e9phone pour malentendants Geemarc AmpliPOWER 50 im Onlineshop | Gleichcom AG","description":"\u2705 T\u00e9l\u00e9phone filaire amplifi\u00e9 jusqu'\u00e0 60dB pour les personnes malentendantes tr\u00e8s s\u00e9v\u00e8res. Son tr\u00e8s clair et contr\u00f4le des aigus et des graves.","robots":{"index":"noindex","follow":"follow","max-snippet":"max-snippet:-1","max-image-preview":"max-image-preview:large","max-video-preview":"max-video-preview:-1"},"og_locale":"fr_FR","og_type":"article","og_title":"T\u00e9l\u00e9phone pour malentendants Geemarc AmpliPOWER 50 im Onlineshop | Gleichcom AG","og_description":"\u2705 T\u00e9l\u00e9phone filaire amplifi\u00e9 jusqu'\u00e0 60dB pour les personnes malentendantes tr\u00e8s s\u00e9v\u00e8res. Son tr\u00e8s clair et contr\u00f4le des aigus et des graves.","og_url":"https:\/\/www.gleichcom.samuraidev.ch\/fr\/shop\/schwerhoerigen-telefon-amplipower-50-weiss-geemarc\/","og_site_name":"Gleichcom AG","article_publisher":"https:\/\/www.facebook.com\/profile.php?id=100068749126981","og_image":[{"width":500,"height":380,"url":"https:\/\/www.gleichcom.samuraidev.ch\/wp-content\/uploads\/2023\/09\/AMPLIPOWER50w_0.jpg","type":"image\/jpeg"}],"twitter_card":"summary_large_image","schema":{"@context":"https:\/\/schema.org","@graph":[{"@type":"WebPage","@id":"https:\/\/www.gleichcom.samuraidev.ch\/fr\/shop\/schwerhoerigen-telefon-amplipower-50-weiss-geemarc\/","url":"https:\/\/www.gleichcom.samuraidev.ch\/fr\/shop\/schwerhoerigen-telefon-amplipower-50-weiss-geemarc\/","name":"T\u00e9l\u00e9phone pour malentendants Geemarc AmpliPOWER 50 im Onlineshop | Gleichcom AG","isPartOf":{"@id":"https:\/\/www.gleichcom.samuraidev.ch\/fr\/#website"},"primaryImageOfPage":{"@id":"https:\/\/www.gleichcom.samuraidev.ch\/fr\/shop\/schwerhoerigen-telefon-amplipower-50-weiss-geemarc\/#primaryimage"},"image":{"@id":"https:\/\/www.gleichcom.samuraidev.ch\/fr\/shop\/schwerhoerigen-telefon-amplipower-50-weiss-geemarc\/#primaryimage"},"thumbnailUrl":"https:\/\/www.gleichcom.samuraidev.ch\/wp-content\/uploads\/2023\/09\/AMPLIPOWER50w_0.jpg","datePublished":"2018-09-15T17:17:19+00:00","description":"\u2705 T\u00e9l\u00e9phone filaire amplifi\u00e9 jusqu'\u00e0 60dB pour les personnes malentendantes tr\u00e8s s\u00e9v\u00e8res. Son tr\u00e8s clair et contr\u00f4le des aigus et des graves.","breadcrumb":{"@id":"https:\/\/www.gleichcom.samuraidev.ch\/fr\/shop\/schwerhoerigen-telefon-amplipower-50-weiss-geemarc\/#breadcrumb"},"inLanguage":"fr-FR","potentialAction":[{"@type":"ReadAction","target":["https:\/\/www.gleichcom.samuraidev.ch\/fr\/shop\/schwerhoerigen-telefon-amplipower-50-weiss-geemarc\/"]}]},{"@type":"ImageObject","inLanguage":"fr-FR","@id":"https:\/\/www.gleichcom.samuraidev.ch\/fr\/shop\/schwerhoerigen-telefon-amplipower-50-weiss-geemarc\/#primaryimage","url":"https:\/\/www.gleichcom.samuraidev.ch\/wp-content\/uploads\/2023\/09\/AMPLIPOWER50w_0.jpg","contentUrl":"https:\/\/www.gleichcom.samuraidev.ch\/wp-content\/uploads\/2023\/09\/AMPLIPOWER50w_0.jpg","width":500,"height":380},{"@type":"BreadcrumbList","@id":"https:\/\/www.gleichcom.samuraidev.ch\/fr\/shop\/schwerhoerigen-telefon-amplipower-50-weiss-geemarc\/#breadcrumb","itemListElement":[{"@type":"ListItem","position":1,"name":"Startseite","item":"https:\/\/www.gleichcom.samuraidev.ch\/fr\/"},{"@type":"ListItem","position":2,"name":"Shop","item":"https:\/\/www.gleichcom.samuraidev.ch\/fr\/shop\/"},{"@type":"ListItem","position":3,"name":"T\u00e9l\u00e9phone pour malentendants Geemarc AmpliPOWER 50"}]},{"@type":"WebSite","@id":"https:\/\/www.gleichcom.samuraidev.ch\/fr\/#website","url":"https:\/\/www.gleichcom.samuraidev.ch\/fr\/","name":"Gleichcom AG","description":"besser h\u00f6ren. besser sehen. besser leben.","publisher":{"@id":"https:\/\/www.gleichcom.samuraidev.ch\/fr\/#organization"},"alternateName":"Gleichcom","potentialAction":[{"@type":"SearchAction","target":{"@type":"EntryPoint","urlTemplate":"https:\/\/www.gleichcom.samuraidev.ch\/fr\/?s={search_term_string}"},"query-input":{"@type":"PropertyValueSpecification","valueRequired":true,"valueName":"search_term_string"}}],"inLanguage":"fr-FR"},{"@type":"Organization","@id":"https:\/\/www.gleichcom.samuraidev.ch\/fr\/#organization","name":"Gleichcom AG","alternateName":"Gleichcom","url":"https:\/\/www.gleichcom.samuraidev.ch\/fr\/","logo":{"@type":"ImageObject","inLanguage":"fr-FR","@id":"https:\/\/www.gleichcom.samuraidev.ch\/fr\/#\/schema\/logo\/image\/","url":"https:\/\/www.gleichcom.samuraidev.ch\/wp-content\/uploads\/2023\/09\/gleichcom-ag-logo-quadrat-farbig-mitte@696.png","contentUrl":"https:\/\/www.gleichcom.samuraidev.ch\/wp-content\/uploads\/2023\/09\/gleichcom-ag-logo-quadrat-farbig-mitte@696.png","width":437,"height":437,"caption":"Gleichcom AG"},"image":{"@id":"https:\/\/www.gleichcom.samuraidev.ch\/fr\/#\/schema\/logo\/image\/"},"sameAs":["https:\/\/www.facebook.com\/profile.php?id=100068749126981"]}]}},"uagb_featured_image_src":{"full":["https:\/\/www.gleichcom.samuraidev.ch\/wp-content\/uploads\/2023\/09\/AMPLIPOWER50w_0.jpg",500,380,false],"thumbnail":["https:\/\/www.gleichcom.samuraidev.ch\/wp-content\/uploads\/2023\/09\/AMPLIPOWER50w_0.jpg",150,114,false],"medium":["https:\/\/www.gleichcom.samuraidev.ch\/wp-content\/uploads\/2023\/09\/AMPLIPOWER50w_0.jpg",300,228,false],"medium_large":["https:\/\/www.gleichcom.samuraidev.ch\/wp-content\/uploads\/2023\/09\/AMPLIPOWER50w_0.jpg",500,380,false],"large":["https:\/\/www.gleichcom.samuraidev.ch\/wp-content\/uploads\/2023\/09\/AMPLIPOWER50w_0.jpg",500,380,false],"1536x1536":["https:\/\/www.gleichcom.samuraidev.ch\/wp-content\/uploads\/2023\/09\/AMPLIPOWER50w_0.jpg",500,380,false],"2048x2048":["https:\/\/www.gleichcom.samuraidev.ch\/wp-content\/uploads\/2023\/09\/AMPLIPOWER50w_0.jpg",500,380,false],"woocommerce_thumbnail":["https:\/\/www.gleichcom.samuraidev.ch\/wp-content\/uploads\/2023\/09\/AMPLIPOWER50w_0.jpg",300,228,false],"woocommerce_single":["https:\/\/www.gleichcom.samuraidev.ch\/wp-content\/uploads\/2023\/09\/AMPLIPOWER50w_0.jpg",500,380,false],"woocommerce_gallery_thumbnail":["https:\/\/www.gleichcom.samuraidev.ch\/wp-content\/uploads\/2023\/09\/AMPLIPOWER50w_0-100x100.jpg",100,100,true]},"uagb_author_info":{"display_name":"","author_link":"https:\/\/www.gleichcom.samuraidev.ch\/fr\/author\/"},"uagb_comment_info":0,"uagb_excerpt":"T\u00e9l\u00e9phone filaire amplifi\u00e9 jusqu'\u00e0 60dB pour les personnes malentendantes tr\u00e8s s\u00e9v\u00e8res. Son tr\u00e8s clair et contr\u00f4le des aigus et des graves.","_links":{"self":[{"href":"https:\/\/www.gleichcom.samuraidev.ch\/fr\/wp-json\/wp\/v2\/product\/5694","targetHints":{"allow":["GET"]}}],"collection":[{"href":"https:\/\/www.gleichcom.samuraidev.ch\/fr\/wp-json\/wp\/v2\/product"}],"about":[{"href":"https:\/\/www.gleichcom.samuraidev.ch\/fr\/wp-json\/wp\/v2\/types\/product"}],"wp:featuredmedia":[{"embeddable":true,"href":"https:\/\/www.gleichcom.samuraidev.ch\/fr\/wp-json\/wp\/v2\/media\/5683"}],"wp:attachment":[{"href":"https:\/\/www.gleichcom.samuraidev.ch\/fr\/wp-json\/wp\/v2\/media?parent=5694"}],"wp:term":[{"taxonomy":"product_brand","embeddable":true,"href":"https:\/\/www.gleichcom.samuraidev.ch\/fr\/wp-json\/wp\/v2\/product_brand?post=5694"},{"taxonomy":"product_cat","embeddable":true,"href":"https:\/\/www.gleichcom.samuraidev.ch\/fr\/wp-json\/wp\/v2\/product_cat?post=5694"},{"taxonomy":"product_tag","embeddable":true,"href":"https:\/\/www.gleichcom.samuraidev.ch\/fr\/wp-json\/wp\/v2\/product_tag?post=5694"}],"curies":[{"name":"wp","href":"https:\/\/api.w.org\/{rel}","templated":true}]}}