{"id":5760,"date":"2018-09-16T09:56:00","date_gmt":"2018-09-16T07:56:00","guid":{"rendered":"https:\/\/www.gleichcom.samuraidev.ch\/?product=tv-brille-maxtv-eschenbach"},"modified":"1000-01-01T00:00:00","modified_gmt":"1000-01-01T00:00:00","slug":"tv-brille-maxtv-eschenbach","status":"publish","type":"product","link":"https:\/\/www.gleichcom.samuraidev.ch\/fr\/shop\/tv-brille-maxtv-eschenbach\/","title":{"rendered":"Lunettes de t\u00e9l\u00e9vision Max-TV Eschenbach"},"content":{"rendered":"<div>\n\t<strong><span style=\"font-size: 16px;\">Lunettes de t\u00e9l\u00e9vision Max-TV Eschenbach<\/span><\/strong><\/p>\n<p>\tLes lunettes Max-TV d&rsquo;Eschenbach permettent d\u00e9sormais aussi aux malvoyants de profiter d&rsquo;une soir\u00e9e TV d\u00e9tendue. A une distance de 3 m\u00e8tres, vous pouvez regarder le programme t\u00e9l\u00e9vis\u00e9 deux fois plus grand gr\u00e2ce \u00e0 un grossissement de 2,1x. Cela signifie que m\u00eame les personnes malvoyantes peuvent tout reconna\u00eetre de mani\u00e8re optimale. La qualit\u00e9 de l&rsquo;image est tr\u00e8s bonne gr\u00e2ce \u00e0 la plage de mise au point extra large (zone de mise au point).<br \/>\n\t\u00a0<br \/>\n\t<strong>Tr\u00e8s grande plage de tol\u00e9rance PD<\/strong><br \/>\n\tLes verres Max-TV d&rsquo;Eschenbach ont une tr\u00e8s large plage de tol\u00e9rance PD de 60 \u00e0 68 mm. La plage de tol\u00e9rance de la DP fait r\u00e9f\u00e9rence \u00e0 la distance pupillaire de vos deux yeux. La distance pupillaire humaine moyenne, qui n&rsquo;est pas influenc\u00e9e par les diff\u00e9rentes tailles corporelles, est de 62 mm. Ainsi, les lunettes de t\u00e9l\u00e9vision peuvent \u00eatre utilis\u00e9es par presque tous les humains de la meilleure fa\u00e7on.<br \/>\n\t\u00a0<br \/>\n\t<strong>Compensation dioptrique possible<\/strong><br \/>\n\tPour que l&rsquo;image TV ne soit pas seulement grande, mais aussi tr\u00e8s nette, vous pouvez facilement r\u00e9gler la dioptrie avec les lunettes Max-TV. La compensation dioptrique peut \u00eatre r\u00e9gl\u00e9e ind\u00e9pendamment \u00e0 droite et \u00e0 gauche (\u00e0 l&rsquo;aide de deux roues). La puissance dioptrique peut \u00eatre r\u00e9gl\u00e9e de &#8211; 3 dioptries \u00e0 + 3 dioptries.<br \/>\n\t\u00a0<br \/>\n\t<strong>En un coup d&rsquo;\u0153il<\/strong>\n<\/div>\n<ul>\n<li>\u00a0\u00a0\u00a0 t\u00e9l\u00e9vision deux fois plus grande avec un grossissement de 2,1x<\/li>\n<li>\u00a0\u00a0\u00a0 Lentille de lumi\u00e8re PXM<\/li>\n<li>\u00a0\u00a0\u00a0 Convient pour une distance moyenne de 3 m<\/li>\n<li>\u00a0\u00a0\u00a0 Champ de vision de 9\u00b0 qui correspond \u00e0 1 m\/3 m<\/li>\n<li>\u00a0\u00a0\u00a0 Tr\u00e8s haute qualit\u00e9 d&rsquo;image gr\u00e2ce \u00e0 une large plage de mise au point<\/li>\n<li>\u00a0\u00a0\u00a0 Tr\u00e8s grande plage de tol\u00e9rance PD de 60 \u00e0 68 mm<\/li>\n<li>\u00a0\u00a0\u00a0 Compensation dioptrique r\u00e9glable en continu de -3 \u00e0 +3 dioptries possible<\/li>\n<li>\u00a0\u00a0\u00a0 Poids l\u00e9ger d&rsquo;environ 60 grammes<\/li>\n<\/ul>\n<div>\n\t<strong>Contenu de la livraison<\/strong>\n<\/div>\n<ul>\n<li>\u00a0\u00a0\u00a0 1 x Lunettes Max-TV<\/li>\n<\/ul>\n","protected":false},"excerpt":{"rendered":"<p>Les lunettes Max-TV d&rsquo;Eschenbach permettent d\u00e9sormais aussi aux malvoyants de profiter d&rsquo;une soir\u00e9e TV d\u00e9tendue. A une distance de 3 m\u00e8tres, vous pouvez regarder le programme t\u00e9l\u00e9vis\u00e9 deux fois plus grand gr\u00e2ce \u00e0 un grossissement de 2,1x.<\/p>\n","protected":false},"featured_media":5758,"template":"","meta":{"inline_featured_image":false,"_uag_custom_page_level_css":"","site-sidebar-layout":"default","site-content-layout":"","ast-site-content-layout":"default","site-content-style":"default","site-sidebar-style":"default","ast-global-header-display":"","ast-banner-title-visibility":"","ast-main-header-display":"","ast-hfb-above-header-display":"","ast-hfb-below-header-display":"","ast-hfb-mobile-header-display":"","site-post-title":"","ast-breadcrumbs-content":"","ast-featured-img":"","footer-sml-layout":"","ast-disable-related-posts":"","theme-transparent-header-meta":"","adv-header-id-meta":"","stick-header-meta":"","header-above-stick-meta":"","header-main-stick-meta":"","header-below-stick-meta":"","astra-migrate-meta-layouts":"default","ast-page-background-enabled":"default","ast-page-background-meta":{"desktop":{"background-color":"","background-image":"","background-repeat":"repeat","background-position":"center center","background-size":"auto","background-attachment":"scroll","background-type":"","background-media":"","overlay-type":"","overlay-color":"","overlay-opacity":"","overlay-gradient":""},"tablet":{"background-color":"","background-image":"","background-repeat":"repeat","background-position":"center center","background-size":"auto","background-attachment":"scroll","background-type":"","background-media":"","overlay-type":"","overlay-color":"","overlay-opacity":"","overlay-gradient":""},"mobile":{"background-color":"","background-image":"","background-repeat":"repeat","background-position":"center center","background-size":"auto","background-attachment":"scroll","background-type":"","background-media":"","overlay-type":"","overlay-color":"","overlay-opacity":"","overlay-gradient":""}},"ast-content-background-meta":{"desktop":{"background-color":"var(--ast-global-color-5)","background-image":"","background-repeat":"repeat","background-position":"center center","background-size":"auto","background-attachment":"scroll","background-type":"","background-media":"","overlay-type":"","overlay-color":"","overlay-opacity":"","overlay-gradient":""},"tablet":{"background-color":"var(--ast-global-color-5)","background-image":"","background-repeat":"repeat","background-position":"center center","background-size":"auto","background-attachment":"scroll","background-type":"","background-media":"","overlay-type":"","overlay-color":"","overlay-opacity":"","overlay-gradient":""},"mobile":{"background-color":"var(--ast-global-color-5)","background-image":"","background-repeat":"repeat","background-position":"center center","background-size":"auto","background-attachment":"scroll","background-type":"","background-media":"","overlay-type":"","overlay-color":"","overlay-opacity":"","overlay-gradient":""}}},"product_brand":[],"product_cat":[2976],"product_tag":[],"class_list":{"0":"post-5760","1":"product","2":"type-product","3":"status-publish","4":"has-post-thumbnail","6":"product_cat-lunettes-fr","7":"desktop-align-center","8":"tablet-align-center","9":"mobile-align-center","10":"ast-product-gallery-layout-horizontal-slider","11":"ast-product-gallery-with-no-image","12":"ast-product-tabs-layout-accordion","14":"first","15":"outofstock","16":"taxable","17":"shipping-taxable","18":"purchasable","19":"product-type-simple"},"yoast_head":"<!-- This site is optimized with the Yoast SEO plugin v27.5 - https:\/\/yoast.com\/product\/yoast-seo-wordpress\/ -->\n<title>Lunettes de t\u00e9l\u00e9vision Max-TV Eschenbach im Onlineshop | Gleichcom AG<\/title>\n<meta name=\"description\" content=\"\u2705 Les lunettes Max-TV d&#039;Eschenbach permettent d\u00e9sormais aussi aux malvoyants de profiter d&#039;une soir\u00e9e TV d\u00e9tendue. A une distance de 3 m\u00e8tres, vous pouvez regarder le programme t\u00e9l\u00e9vis\u00e9 deux fois plus grand gr\u00e2ce \u00e0 un grossissement de 2,1x.\" \/>\n<meta name=\"robots\" content=\"noindex, follow, max-snippet:-1, max-image-preview:large, max-video-preview:-1\" \/>\n<meta property=\"og:locale\" content=\"fr_FR\" \/>\n<meta property=\"og:type\" content=\"article\" \/>\n<meta property=\"og:title\" content=\"Lunettes de t\u00e9l\u00e9vision Max-TV Eschenbach im Onlineshop | Gleichcom AG\" \/>\n<meta property=\"og:description\" content=\"\u2705 Les lunettes Max-TV d&#039;Eschenbach permettent d\u00e9sormais aussi aux malvoyants de profiter d&#039;une soir\u00e9e TV d\u00e9tendue. A une distance de 3 m\u00e8tres, vous pouvez regarder le programme t\u00e9l\u00e9vis\u00e9 deux fois plus grand gr\u00e2ce \u00e0 un grossissement de 2,1x.\" \/>\n<meta property=\"og:url\" content=\"https:\/\/www.gleichcom.samuraidev.ch\/fr\/shop\/tv-brille-maxtv-eschenbach\/\" \/>\n<meta property=\"og:site_name\" content=\"Gleichcom AG\" \/>\n<meta property=\"article:publisher\" content=\"https:\/\/www.facebook.com\/profile.php?id=100068749126981\" \/>\n<meta property=\"og:image\" content=\"https:\/\/www.gleichcom.samuraidev.ch\/wp-content\/uploads\/2023\/09\/TVBrilleEschenbachMaxTV.jpg\" \/>\n\t<meta property=\"og:image:width\" content=\"500\" \/>\n\t<meta property=\"og:image:height\" content=\"333\" \/>\n\t<meta property=\"og:image:type\" content=\"image\/jpeg\" \/>\n<meta name=\"twitter:card\" content=\"summary_large_image\" \/>\n<script type=\"application\/ld+json\" class=\"yoast-schema-graph\">{\"@context\":\"https:\\\/\\\/schema.org\",\"@graph\":[{\"@type\":\"WebPage\",\"@id\":\"https:\\\/\\\/www.gleichcom.samuraidev.ch\\\/fr\\\/shop\\\/tv-brille-maxtv-eschenbach\\\/\",\"url\":\"https:\\\/\\\/www.gleichcom.samuraidev.ch\\\/fr\\\/shop\\\/tv-brille-maxtv-eschenbach\\\/\",\"name\":\"Lunettes de t\u00e9l\u00e9vision Max-TV Eschenbach im Onlineshop | Gleichcom AG\",\"isPartOf\":{\"@id\":\"https:\\\/\\\/www.gleichcom.samuraidev.ch\\\/fr\\\/#website\"},\"primaryImageOfPage\":{\"@id\":\"https:\\\/\\\/www.gleichcom.samuraidev.ch\\\/fr\\\/shop\\\/tv-brille-maxtv-eschenbach\\\/#primaryimage\"},\"image\":{\"@id\":\"https:\\\/\\\/www.gleichcom.samuraidev.ch\\\/fr\\\/shop\\\/tv-brille-maxtv-eschenbach\\\/#primaryimage\"},\"thumbnailUrl\":\"https:\\\/\\\/www.gleichcom.samuraidev.ch\\\/wp-content\\\/uploads\\\/2023\\\/09\\\/TVBrilleEschenbachMaxTV.jpg\",\"datePublished\":\"2018-09-16T07:56:00+00:00\",\"description\":\"\u2705 Les lunettes Max-TV d'Eschenbach permettent d\u00e9sormais aussi aux malvoyants de profiter d'une soir\u00e9e TV d\u00e9tendue. A une distance de 3 m\u00e8tres, vous pouvez regarder le programme t\u00e9l\u00e9vis\u00e9 deux fois plus grand gr\u00e2ce \u00e0 un grossissement de 2,1x.\",\"breadcrumb\":{\"@id\":\"https:\\\/\\\/www.gleichcom.samuraidev.ch\\\/fr\\\/shop\\\/tv-brille-maxtv-eschenbach\\\/#breadcrumb\"},\"inLanguage\":\"fr-FR\",\"potentialAction\":[{\"@type\":\"ReadAction\",\"target\":[\"https:\\\/\\\/www.gleichcom.samuraidev.ch\\\/fr\\\/shop\\\/tv-brille-maxtv-eschenbach\\\/\"]}]},{\"@type\":\"ImageObject\",\"inLanguage\":\"fr-FR\",\"@id\":\"https:\\\/\\\/www.gleichcom.samuraidev.ch\\\/fr\\\/shop\\\/tv-brille-maxtv-eschenbach\\\/#primaryimage\",\"url\":\"https:\\\/\\\/www.gleichcom.samuraidev.ch\\\/wp-content\\\/uploads\\\/2023\\\/09\\\/TVBrilleEschenbachMaxTV.jpg\",\"contentUrl\":\"https:\\\/\\\/www.gleichcom.samuraidev.ch\\\/wp-content\\\/uploads\\\/2023\\\/09\\\/TVBrilleEschenbachMaxTV.jpg\",\"width\":500,\"height\":333},{\"@type\":\"BreadcrumbList\",\"@id\":\"https:\\\/\\\/www.gleichcom.samuraidev.ch\\\/fr\\\/shop\\\/tv-brille-maxtv-eschenbach\\\/#breadcrumb\",\"itemListElement\":[{\"@type\":\"ListItem\",\"position\":1,\"name\":\"Startseite\",\"item\":\"https:\\\/\\\/www.gleichcom.samuraidev.ch\\\/fr\\\/\"},{\"@type\":\"ListItem\",\"position\":2,\"name\":\"Shop\",\"item\":\"https:\\\/\\\/www.gleichcom.samuraidev.ch\\\/fr\\\/shop\\\/\"},{\"@type\":\"ListItem\",\"position\":3,\"name\":\"Lunettes de t\u00e9l\u00e9vision Max-TV Eschenbach\"}]},{\"@type\":\"WebSite\",\"@id\":\"https:\\\/\\\/www.gleichcom.samuraidev.ch\\\/fr\\\/#website\",\"url\":\"https:\\\/\\\/www.gleichcom.samuraidev.ch\\\/fr\\\/\",\"name\":\"Gleichcom AG\",\"description\":\"besser h\u00f6ren. besser sehen. besser leben.\",\"publisher\":{\"@id\":\"https:\\\/\\\/www.gleichcom.samuraidev.ch\\\/fr\\\/#organization\"},\"alternateName\":\"Gleichcom\",\"potentialAction\":[{\"@type\":\"SearchAction\",\"target\":{\"@type\":\"EntryPoint\",\"urlTemplate\":\"https:\\\/\\\/www.gleichcom.samuraidev.ch\\\/fr\\\/?s={search_term_string}\"},\"query-input\":{\"@type\":\"PropertyValueSpecification\",\"valueRequired\":true,\"valueName\":\"search_term_string\"}}],\"inLanguage\":\"fr-FR\"},{\"@type\":\"Organization\",\"@id\":\"https:\\\/\\\/www.gleichcom.samuraidev.ch\\\/fr\\\/#organization\",\"name\":\"Gleichcom AG\",\"alternateName\":\"Gleichcom\",\"url\":\"https:\\\/\\\/www.gleichcom.samuraidev.ch\\\/fr\\\/\",\"logo\":{\"@type\":\"ImageObject\",\"inLanguage\":\"fr-FR\",\"@id\":\"https:\\\/\\\/www.gleichcom.samuraidev.ch\\\/fr\\\/#\\\/schema\\\/logo\\\/image\\\/\",\"url\":\"https:\\\/\\\/www.gleichcom.samuraidev.ch\\\/wp-content\\\/uploads\\\/2023\\\/09\\\/gleichcom-ag-logo-quadrat-farbig-mitte@696.png\",\"contentUrl\":\"https:\\\/\\\/www.gleichcom.samuraidev.ch\\\/wp-content\\\/uploads\\\/2023\\\/09\\\/gleichcom-ag-logo-quadrat-farbig-mitte@696.png\",\"width\":437,\"height\":437,\"caption\":\"Gleichcom AG\"},\"image\":{\"@id\":\"https:\\\/\\\/www.gleichcom.samuraidev.ch\\\/fr\\\/#\\\/schema\\\/logo\\\/image\\\/\"},\"sameAs\":[\"https:\\\/\\\/www.facebook.com\\\/profile.php?id=100068749126981\"]}]}<\/script>\n<!-- \/ Yoast SEO plugin. -->","yoast_head_json":{"title":"Lunettes de t\u00e9l\u00e9vision Max-TV Eschenbach im Onlineshop | Gleichcom AG","description":"\u2705 Les lunettes Max-TV d'Eschenbach permettent d\u00e9sormais aussi aux malvoyants de profiter d'une soir\u00e9e TV d\u00e9tendue. A une distance de 3 m\u00e8tres, vous pouvez regarder le programme t\u00e9l\u00e9vis\u00e9 deux fois plus grand gr\u00e2ce \u00e0 un grossissement de 2,1x.","robots":{"index":"noindex","follow":"follow","max-snippet":"max-snippet:-1","max-image-preview":"max-image-preview:large","max-video-preview":"max-video-preview:-1"},"og_locale":"fr_FR","og_type":"article","og_title":"Lunettes de t\u00e9l\u00e9vision Max-TV Eschenbach im Onlineshop | Gleichcom AG","og_description":"\u2705 Les lunettes Max-TV d'Eschenbach permettent d\u00e9sormais aussi aux malvoyants de profiter d'une soir\u00e9e TV d\u00e9tendue. A une distance de 3 m\u00e8tres, vous pouvez regarder le programme t\u00e9l\u00e9vis\u00e9 deux fois plus grand gr\u00e2ce \u00e0 un grossissement de 2,1x.","og_url":"https:\/\/www.gleichcom.samuraidev.ch\/fr\/shop\/tv-brille-maxtv-eschenbach\/","og_site_name":"Gleichcom AG","article_publisher":"https:\/\/www.facebook.com\/profile.php?id=100068749126981","og_image":[{"width":500,"height":333,"url":"https:\/\/www.gleichcom.samuraidev.ch\/wp-content\/uploads\/2023\/09\/TVBrilleEschenbachMaxTV.jpg","type":"image\/jpeg"}],"twitter_card":"summary_large_image","schema":{"@context":"https:\/\/schema.org","@graph":[{"@type":"WebPage","@id":"https:\/\/www.gleichcom.samuraidev.ch\/fr\/shop\/tv-brille-maxtv-eschenbach\/","url":"https:\/\/www.gleichcom.samuraidev.ch\/fr\/shop\/tv-brille-maxtv-eschenbach\/","name":"Lunettes de t\u00e9l\u00e9vision Max-TV Eschenbach im Onlineshop | Gleichcom AG","isPartOf":{"@id":"https:\/\/www.gleichcom.samuraidev.ch\/fr\/#website"},"primaryImageOfPage":{"@id":"https:\/\/www.gleichcom.samuraidev.ch\/fr\/shop\/tv-brille-maxtv-eschenbach\/#primaryimage"},"image":{"@id":"https:\/\/www.gleichcom.samuraidev.ch\/fr\/shop\/tv-brille-maxtv-eschenbach\/#primaryimage"},"thumbnailUrl":"https:\/\/www.gleichcom.samuraidev.ch\/wp-content\/uploads\/2023\/09\/TVBrilleEschenbachMaxTV.jpg","datePublished":"2018-09-16T07:56:00+00:00","description":"\u2705 Les lunettes Max-TV d'Eschenbach permettent d\u00e9sormais aussi aux malvoyants de profiter d'une soir\u00e9e TV d\u00e9tendue. A une distance de 3 m\u00e8tres, vous pouvez regarder le programme t\u00e9l\u00e9vis\u00e9 deux fois plus grand gr\u00e2ce \u00e0 un grossissement de 2,1x.","breadcrumb":{"@id":"https:\/\/www.gleichcom.samuraidev.ch\/fr\/shop\/tv-brille-maxtv-eschenbach\/#breadcrumb"},"inLanguage":"fr-FR","potentialAction":[{"@type":"ReadAction","target":["https:\/\/www.gleichcom.samuraidev.ch\/fr\/shop\/tv-brille-maxtv-eschenbach\/"]}]},{"@type":"ImageObject","inLanguage":"fr-FR","@id":"https:\/\/www.gleichcom.samuraidev.ch\/fr\/shop\/tv-brille-maxtv-eschenbach\/#primaryimage","url":"https:\/\/www.gleichcom.samuraidev.ch\/wp-content\/uploads\/2023\/09\/TVBrilleEschenbachMaxTV.jpg","contentUrl":"https:\/\/www.gleichcom.samuraidev.ch\/wp-content\/uploads\/2023\/09\/TVBrilleEschenbachMaxTV.jpg","width":500,"height":333},{"@type":"BreadcrumbList","@id":"https:\/\/www.gleichcom.samuraidev.ch\/fr\/shop\/tv-brille-maxtv-eschenbach\/#breadcrumb","itemListElement":[{"@type":"ListItem","position":1,"name":"Startseite","item":"https:\/\/www.gleichcom.samuraidev.ch\/fr\/"},{"@type":"ListItem","position":2,"name":"Shop","item":"https:\/\/www.gleichcom.samuraidev.ch\/fr\/shop\/"},{"@type":"ListItem","position":3,"name":"Lunettes de t\u00e9l\u00e9vision Max-TV Eschenbach"}]},{"@type":"WebSite","@id":"https:\/\/www.gleichcom.samuraidev.ch\/fr\/#website","url":"https:\/\/www.gleichcom.samuraidev.ch\/fr\/","name":"Gleichcom AG","description":"besser h\u00f6ren. besser sehen. besser leben.","publisher":{"@id":"https:\/\/www.gleichcom.samuraidev.ch\/fr\/#organization"},"alternateName":"Gleichcom","potentialAction":[{"@type":"SearchAction","target":{"@type":"EntryPoint","urlTemplate":"https:\/\/www.gleichcom.samuraidev.ch\/fr\/?s={search_term_string}"},"query-input":{"@type":"PropertyValueSpecification","valueRequired":true,"valueName":"search_term_string"}}],"inLanguage":"fr-FR"},{"@type":"Organization","@id":"https:\/\/www.gleichcom.samuraidev.ch\/fr\/#organization","name":"Gleichcom AG","alternateName":"Gleichcom","url":"https:\/\/www.gleichcom.samuraidev.ch\/fr\/","logo":{"@type":"ImageObject","inLanguage":"fr-FR","@id":"https:\/\/www.gleichcom.samuraidev.ch\/fr\/#\/schema\/logo\/image\/","url":"https:\/\/www.gleichcom.samuraidev.ch\/wp-content\/uploads\/2023\/09\/gleichcom-ag-logo-quadrat-farbig-mitte@696.png","contentUrl":"https:\/\/www.gleichcom.samuraidev.ch\/wp-content\/uploads\/2023\/09\/gleichcom-ag-logo-quadrat-farbig-mitte@696.png","width":437,"height":437,"caption":"Gleichcom AG"},"image":{"@id":"https:\/\/www.gleichcom.samuraidev.ch\/fr\/#\/schema\/logo\/image\/"},"sameAs":["https:\/\/www.facebook.com\/profile.php?id=100068749126981"]}]}},"uagb_featured_image_src":{"full":["https:\/\/www.gleichcom.samuraidev.ch\/wp-content\/uploads\/2023\/09\/TVBrilleEschenbachMaxTV.jpg",500,333,false],"thumbnail":["https:\/\/www.gleichcom.samuraidev.ch\/wp-content\/uploads\/2023\/09\/TVBrilleEschenbachMaxTV.jpg",150,100,false],"medium":["https:\/\/www.gleichcom.samuraidev.ch\/wp-content\/uploads\/2023\/09\/TVBrilleEschenbachMaxTV.jpg",300,200,false],"medium_large":["https:\/\/www.gleichcom.samuraidev.ch\/wp-content\/uploads\/2023\/09\/TVBrilleEschenbachMaxTV.jpg",500,333,false],"large":["https:\/\/www.gleichcom.samuraidev.ch\/wp-content\/uploads\/2023\/09\/TVBrilleEschenbachMaxTV.jpg",500,333,false],"1536x1536":["https:\/\/www.gleichcom.samuraidev.ch\/wp-content\/uploads\/2023\/09\/TVBrilleEschenbachMaxTV.jpg",500,333,false],"2048x2048":["https:\/\/www.gleichcom.samuraidev.ch\/wp-content\/uploads\/2023\/09\/TVBrilleEschenbachMaxTV.jpg",500,333,false],"woocommerce_thumbnail":["https:\/\/www.gleichcom.samuraidev.ch\/wp-content\/uploads\/2023\/09\/TVBrilleEschenbachMaxTV.jpg",300,200,false],"woocommerce_single":["https:\/\/www.gleichcom.samuraidev.ch\/wp-content\/uploads\/2023\/09\/TVBrilleEschenbachMaxTV.jpg",500,333,false],"woocommerce_gallery_thumbnail":["https:\/\/www.gleichcom.samuraidev.ch\/wp-content\/uploads\/2023\/09\/TVBrilleEschenbachMaxTV-100x100.jpg",100,100,true]},"uagb_author_info":{"display_name":"","author_link":"https:\/\/www.gleichcom.samuraidev.ch\/fr\/author\/"},"uagb_comment_info":0,"uagb_excerpt":"Les lunettes Max-TV d'Eschenbach permettent d\u00e9sormais aussi aux malvoyants de profiter d'une soir\u00e9e TV d\u00e9tendue. A une distance de 3 m\u00e8tres, vous pouvez regarder le programme t\u00e9l\u00e9vis\u00e9 deux fois plus grand gr\u00e2ce \u00e0 un grossissement de 2,1x.","_links":{"self":[{"href":"https:\/\/www.gleichcom.samuraidev.ch\/fr\/wp-json\/wp\/v2\/product\/5760","targetHints":{"allow":["GET"]}}],"collection":[{"href":"https:\/\/www.gleichcom.samuraidev.ch\/fr\/wp-json\/wp\/v2\/product"}],"about":[{"href":"https:\/\/www.gleichcom.samuraidev.ch\/fr\/wp-json\/wp\/v2\/types\/product"}],"wp:featuredmedia":[{"embeddable":true,"href":"https:\/\/www.gleichcom.samuraidev.ch\/fr\/wp-json\/wp\/v2\/media\/5758"}],"wp:attachment":[{"href":"https:\/\/www.gleichcom.samuraidev.ch\/fr\/wp-json\/wp\/v2\/media?parent=5760"}],"wp:term":[{"taxonomy":"product_brand","embeddable":true,"href":"https:\/\/www.gleichcom.samuraidev.ch\/fr\/wp-json\/wp\/v2\/product_brand?post=5760"},{"taxonomy":"product_cat","embeddable":true,"href":"https:\/\/www.gleichcom.samuraidev.ch\/fr\/wp-json\/wp\/v2\/product_cat?post=5760"},{"taxonomy":"product_tag","embeddable":true,"href":"https:\/\/www.gleichcom.samuraidev.ch\/fr\/wp-json\/wp\/v2\/product_tag?post=5760"}],"curies":[{"name":"wp","href":"https:\/\/api.w.org\/{rel}","templated":true}]}}