{"id":5940,"date":"2018-09-17T18:55:44","date_gmt":"2018-09-17T16:55:44","guid":{"rendered":"https:\/\/www.gleichcom.samuraidev.ch\/?product=pro-ir-202-infrarot-sender-und-modulatoreinheit-fuer-die-versorgung-von-raeumen-mittlerer-groesse"},"modified":"1000-01-01T00:00:00","modified_gmt":"1000-01-01T00:00:00","slug":"pro-ir-202-infrarot-sender-und-modulatoreinheit-fuer-die-versorgung-von-raeumen-mittlerer-groesse","status":"publish","type":"product","link":"https:\/\/www.gleichcom.samuraidev.ch\/fr\/shop\/pro-ir-202-infrarot-sender-und-modulatoreinheit-fuer-die-versorgung-von-raeumen-mittlerer-groesse\/","title":{"rendered":"PRO IR 202 Unit\u00e9 d&rsquo;\u00e9mission et de modulation infrarouge pour la couverture de locaux de taille moyenne"},"content":{"rendered":"<h3><strong>PRO IR 202 Unit\u00e9 d&rsquo;\u00e9mission et de modulation infrarouge pour l&rsquo;alimentation de locaux de taille moyenne<\/strong><\/h3>\n<p>L&rsquo;\u00e9nergie d&rsquo;\u00e9mission de l&rsquo;unit\u00e9 d&rsquo;\u00e9mission\/de modulation PRO IR-202 se propage dans la pi\u00e8ce sous forme de lobe avec un angle d&rsquo;ouverture large. La transmission audio s&rsquo;effectue sans interf\u00e9rences gr\u00e2ce \u00e0 la modulation du signal infrarouge sur 2,3 ou 2,8 MHz. La combinaison du PRO IR-202 avec un autre \u00e9metteur PRO-IR-202 augmente la port\u00e9e et l&rsquo;angle de rayonnement des signaux infrarouges jusqu&rsquo;\u00e0 240\u00b0.<\/p>\n<p>Un kit pour le montage au plafond et au mur est inclus dans la livraison. Un tr\u00e9pied (art. n\u00b0 : A-4986-0) est disponible en tant qu&rsquo;accessoire.<\/p>\n<p>\u00a0\u00a0\u00a0 Large angle de sortie des signaux infrarouges<br \/>\n\u00a0\u00a0\u00a0 Configuration avec transmission \u00e0 1 ou 2 canaux<br \/>\n\u00a0\u00a0\u00a0 Combinable : un deuxi\u00e8me PRO IR-202 peut \u00eatre raccord\u00e9 de mani\u00e8re synchrone \u00e0 l&rsquo;unit\u00e9 d&rsquo;\u00e9mission\/modulateur PRO IR- 202.<br \/>\n\u00a0\u00a0\u00a0 L&rsquo;alimentation \u00e9lectrique du deuxi\u00e8me PRO IR 202 se fait par un c\u00e2ble de connexion.<br \/>\n\u00a0\u00a0\u00a0 Fonctionnement de la configuration combin\u00e9e \u00e9galement possible avec un seul bloc d&rsquo;alimentation.<br \/>\n\u00a0\u00a0\u00a0 Utilisable comme installation fixe (montage mural\/au plafond) ou mobile (par ex. tr\u00e9pied)<\/p>\n<p>\n<strong>Fonctionnement combin\u00e9<\/strong><\/p>\n<p>La combinaison d&rsquo;un deuxi\u00e8me \u00e9metteur PRO IR-202 (\u00e9metteur secondaire) avec le premier PRO IR-202 (\u00e9metteur primaire) s&rsquo;effectue \u00e0 l&rsquo;aide du kit de montage fourni. Tous les c\u00e2bles de connexion n\u00e9cessaires sont inclus.<\/p>\n<p>Les unit\u00e9s mont\u00e9es l&rsquo;une sur l&rsquo;autre peuvent \u00eatre orient\u00e9es librement selon les angles n\u00e9cessaires pour obtenir une couverture optimale de la pi\u00e8ce par le signal. La couverture de surface en mode combin\u00e9 peut atteindre 370 m\u00b2 pour une transmission \u00e0 un seul canal &#8211; id\u00e9al pour les grandes pi\u00e8ces.<\/p>\n<p>En choisissant le type de r\u00e9cepteur appropri\u00e9 (RCI-102, PR-22+ ou IP-112), la port\u00e9e peut en outre \u00eatre influenc\u00e9e &#8211; en fonction de la sensibilit\u00e9 des diodes de r\u00e9ception.<br \/>\nAlimentation \u00e9lectrique<br \/>\nBloc d&rsquo;alimentation ma\u00eetre Entr\u00e9e : 100-240 V AC, 50-60 Hz<br \/>\nSortie 24V DC, 0,8 A (fiche creuse de 2,5 mm, contact central \u00ab\u00a0Plus\u00a0\u00bb)<br \/>\nC\u00e2ble de connexion 2 x fiches creuses 2,5 mm<br \/>\nFr\u00e9quence porteuse 2,3 MHz (canal 1) et 2,8 MHz (canal 2)<br \/>\nPuissance d&rsquo;\u00e9mission infrarouge 0,7 W<br \/>\nPort\u00e9es\/ zones de couverture Un seul \u00e9metteur : fonctionnement \u00e0 1 canal 180 m\u00b2.<br \/>\nEn combinaison : mode monocanal 370 m\u00b2.<br \/>\nEntr\u00e9es\/sorties pour le fonctionnement combin\u00e9<br \/>\n\u00c9metteur primaire sortie de courant 24 V, sortie audio \u00ab\u00a0sync out<br \/>\n\u00c9metteur secondaire Entr\u00e9e de courant 24 V, entr\u00e9e audio \u00ab\u00a0sync in\u00a0\u00bb.<br \/>\nIndicateurs de fonction<br \/>\nIndicateurs de niveau d&rsquo;entr\u00e9e \u00e0 LED, 1 LED par canal.<br \/>\nautre<br \/>\nConditions ambiantes Temp\u00e9rature ambiante 0 &#8211; +50 \u00b0C (environnement non condens\u00e9 et non corrosif)<br \/>\nTypes de montage Montage mural ou au plafond : kit de montage inclus dans la livraison.<br \/>\nDimensions 254 x 79 x 64 mm (L x P x H), panneau frontal inclus<br \/>\nCouleur noir avec inscription blanche, bande acrylique rouge<br \/>\nPoids 300 g<br \/>\nHomologations CE, WEEE, RoHS<\/p>\n<p>Comme accessoire, nous recommandons le tr\u00e9pied A-4986-0<\/p>\n","protected":false},"excerpt":{"rendered":"<p>L&rsquo;\u00e9nergie \u00e9mise par l&rsquo;\u00e9metteur\/modulateur PRO IR-202 se propage dans la pi\u00e8ce sous forme de lobe avec un angle d&rsquo;ouverture large. La transmission audio s&rsquo;effectue sans interf\u00e9rences gr\u00e2ce \u00e0 la modulation du signal infrarouge sur 2,3 ou 2,8 MHz.<\/p>\n","protected":false},"featured_media":5935,"template":"","meta":{"inline_featured_image":false,"_uag_custom_page_level_css":"","site-sidebar-layout":"default","site-content-layout":"","ast-site-content-layout":"default","site-content-style":"default","site-sidebar-style":"default","ast-global-header-display":"","ast-banner-title-visibility":"","ast-main-header-display":"","ast-hfb-above-header-display":"","ast-hfb-below-header-display":"","ast-hfb-mobile-header-display":"","site-post-title":"","ast-breadcrumbs-content":"","ast-featured-img":"","footer-sml-layout":"","ast-disable-related-posts":"","theme-transparent-header-meta":"","adv-header-id-meta":"","stick-header-meta":"","header-above-stick-meta":"","header-main-stick-meta":"","header-below-stick-meta":"","astra-migrate-meta-layouts":"default","ast-page-background-enabled":"default","ast-page-background-meta":{"desktop":{"background-color":"","background-image":"","background-repeat":"repeat","background-position":"center center","background-size":"auto","background-attachment":"scroll","background-type":"","background-media":"","overlay-type":"","overlay-color":"","overlay-opacity":"","overlay-gradient":""},"tablet":{"background-color":"","background-image":"","background-repeat":"repeat","background-position":"center center","background-size":"auto","background-attachment":"scroll","background-type":"","background-media":"","overlay-type":"","overlay-color":"","overlay-opacity":"","overlay-gradient":""},"mobile":{"background-color":"","background-image":"","background-repeat":"repeat","background-position":"center center","background-size":"auto","background-attachment":"scroll","background-type":"","background-media":"","overlay-type":"","overlay-color":"","overlay-opacity":"","overlay-gradient":""}},"ast-content-background-meta":{"desktop":{"background-color":"var(--ast-global-color-5)","background-image":"","background-repeat":"repeat","background-position":"center center","background-size":"auto","background-attachment":"scroll","background-type":"","background-media":"","overlay-type":"","overlay-color":"","overlay-opacity":"","overlay-gradient":""},"tablet":{"background-color":"var(--ast-global-color-5)","background-image":"","background-repeat":"repeat","background-position":"center center","background-size":"auto","background-attachment":"scroll","background-type":"","background-media":"","overlay-type":"","overlay-color":"","overlay-opacity":"","overlay-gradient":""},"mobile":{"background-color":"var(--ast-global-color-5)","background-image":"","background-repeat":"repeat","background-position":"center center","background-size":"auto","background-attachment":"scroll","background-type":"","background-media":"","overlay-type":"","overlay-color":"","overlay-opacity":"","overlay-gradient":""}}},"product_brand":[],"product_cat":[1101],"product_tag":[],"class_list":{"0":"post-5940","1":"product","2":"type-product","3":"status-publish","4":"has-post-thumbnail","6":"product_cat-infrarot-anlagen-fr","7":"desktop-align-center","8":"tablet-align-center","9":"mobile-align-center","10":"ast-product-gallery-layout-horizontal-slider","11":"ast-product-tabs-layout-accordion","13":"first","14":"outofstock","15":"taxable","16":"shipping-taxable","17":"purchasable","18":"product-type-simple"},"yoast_head":"<!-- This site is optimized with the Yoast SEO plugin v27.6 - https:\/\/yoast.com\/product\/yoast-seo-wordpress\/ -->\n<title>PRO IR 202 Unit\u00e9 d&#039;\u00e9mission et de modulation infrarouge pour la couverture de locaux de taille moyenne im Onlineshop | Gleichcom AG<\/title>\n<meta name=\"description\" content=\"\u2705 L&#039;\u00e9nergie \u00e9mise par l&#039;\u00e9metteur\/modulateur PRO IR-202 se propage dans la pi\u00e8ce sous forme de lobe avec un angle d&#039;ouverture large. La transmission audio s&#039;effectue sans interf\u00e9rences gr\u00e2ce \u00e0 la modulation du signal infrarouge sur 2,3 ou 2,8 MHz.\" \/>\n<meta name=\"robots\" content=\"noindex, follow, max-snippet:-1, max-image-preview:large, max-video-preview:-1\" \/>\n<meta property=\"og:locale\" content=\"fr_FR\" \/>\n<meta property=\"og:type\" content=\"article\" \/>\n<meta property=\"og:title\" content=\"PRO IR 202 Unit\u00e9 d&#039;\u00e9mission et de modulation infrarouge pour la couverture de locaux de taille moyenne im Onlineshop | Gleichcom AG\" \/>\n<meta property=\"og:description\" content=\"\u2705 L&#039;\u00e9nergie \u00e9mise par l&#039;\u00e9metteur\/modulateur PRO IR-202 se propage dans la pi\u00e8ce sous forme de lobe avec un angle d&#039;ouverture large. La transmission audio s&#039;effectue sans interf\u00e9rences gr\u00e2ce \u00e0 la modulation du signal infrarouge sur 2,3 ou 2,8 MHz.\" \/>\n<meta property=\"og:url\" content=\"https:\/\/www.gleichcom.samuraidev.ch\/fr\/shop\/pro-ir-202-infrarot-sender-und-modulatoreinheit-fuer-die-versorgung-von-raeumen-mittlerer-groesse\/\" \/>\n<meta property=\"og:site_name\" content=\"Gleichcom AG\" \/>\n<meta property=\"article:publisher\" content=\"https:\/\/www.facebook.com\/profile.php?id=100068749126981\" \/>\n<meta property=\"og:image\" content=\"https:\/\/www.gleichcom.samuraidev.ch\/wp-content\/uploads\/2023\/09\/proir.jpg\" \/>\n\t<meta property=\"og:image:width\" content=\"500\" \/>\n\t<meta property=\"og:image:height\" content=\"437\" \/>\n\t<meta property=\"og:image:type\" content=\"image\/jpeg\" \/>\n<meta name=\"twitter:card\" content=\"summary_large_image\" \/>\n<script type=\"application\/ld+json\" class=\"yoast-schema-graph\">{\"@context\":\"https:\\\/\\\/schema.org\",\"@graph\":[{\"@type\":\"WebPage\",\"@id\":\"https:\\\/\\\/www.gleichcom.samuraidev.ch\\\/fr\\\/shop\\\/pro-ir-202-infrarot-sender-und-modulatoreinheit-fuer-die-versorgung-von-raeumen-mittlerer-groesse\\\/\",\"url\":\"https:\\\/\\\/www.gleichcom.samuraidev.ch\\\/fr\\\/shop\\\/pro-ir-202-infrarot-sender-und-modulatoreinheit-fuer-die-versorgung-von-raeumen-mittlerer-groesse\\\/\",\"name\":\"PRO IR 202 Unit\u00e9 d'\u00e9mission et de modulation infrarouge pour la couverture de locaux de taille moyenne im Onlineshop | Gleichcom AG\",\"isPartOf\":{\"@id\":\"https:\\\/\\\/www.gleichcom.samuraidev.ch\\\/fr\\\/#website\"},\"primaryImageOfPage\":{\"@id\":\"https:\\\/\\\/www.gleichcom.samuraidev.ch\\\/fr\\\/shop\\\/pro-ir-202-infrarot-sender-und-modulatoreinheit-fuer-die-versorgung-von-raeumen-mittlerer-groesse\\\/#primaryimage\"},\"image\":{\"@id\":\"https:\\\/\\\/www.gleichcom.samuraidev.ch\\\/fr\\\/shop\\\/pro-ir-202-infrarot-sender-und-modulatoreinheit-fuer-die-versorgung-von-raeumen-mittlerer-groesse\\\/#primaryimage\"},\"thumbnailUrl\":\"https:\\\/\\\/www.gleichcom.samuraidev.ch\\\/wp-content\\\/uploads\\\/2023\\\/09\\\/proir.jpg\",\"datePublished\":\"2018-09-17T16:55:44+00:00\",\"description\":\"\u2705 L'\u00e9nergie \u00e9mise par l'\u00e9metteur\\\/modulateur PRO IR-202 se propage dans la pi\u00e8ce sous forme de lobe avec un angle d'ouverture large. La transmission audio s'effectue sans interf\u00e9rences gr\u00e2ce \u00e0 la modulation du signal infrarouge sur 2,3 ou 2,8 MHz.\",\"breadcrumb\":{\"@id\":\"https:\\\/\\\/www.gleichcom.samuraidev.ch\\\/fr\\\/shop\\\/pro-ir-202-infrarot-sender-und-modulatoreinheit-fuer-die-versorgung-von-raeumen-mittlerer-groesse\\\/#breadcrumb\"},\"inLanguage\":\"fr-FR\",\"potentialAction\":[{\"@type\":\"ReadAction\",\"target\":[\"https:\\\/\\\/www.gleichcom.samuraidev.ch\\\/fr\\\/shop\\\/pro-ir-202-infrarot-sender-und-modulatoreinheit-fuer-die-versorgung-von-raeumen-mittlerer-groesse\\\/\"]}]},{\"@type\":\"ImageObject\",\"inLanguage\":\"fr-FR\",\"@id\":\"https:\\\/\\\/www.gleichcom.samuraidev.ch\\\/fr\\\/shop\\\/pro-ir-202-infrarot-sender-und-modulatoreinheit-fuer-die-versorgung-von-raeumen-mittlerer-groesse\\\/#primaryimage\",\"url\":\"https:\\\/\\\/www.gleichcom.samuraidev.ch\\\/wp-content\\\/uploads\\\/2023\\\/09\\\/proir.jpg\",\"contentUrl\":\"https:\\\/\\\/www.gleichcom.samuraidev.ch\\\/wp-content\\\/uploads\\\/2023\\\/09\\\/proir.jpg\",\"width\":500,\"height\":437},{\"@type\":\"BreadcrumbList\",\"@id\":\"https:\\\/\\\/www.gleichcom.samuraidev.ch\\\/fr\\\/shop\\\/pro-ir-202-infrarot-sender-und-modulatoreinheit-fuer-die-versorgung-von-raeumen-mittlerer-groesse\\\/#breadcrumb\",\"itemListElement\":[{\"@type\":\"ListItem\",\"position\":1,\"name\":\"Startseite\",\"item\":\"https:\\\/\\\/www.gleichcom.samuraidev.ch\\\/fr\\\/\"},{\"@type\":\"ListItem\",\"position\":2,\"name\":\"Shop\",\"item\":\"https:\\\/\\\/www.gleichcom.samuraidev.ch\\\/fr\\\/shop\\\/\"},{\"@type\":\"ListItem\",\"position\":3,\"name\":\"PRO IR 202 Unit\u00e9 d&#8217;\u00e9mission et de modulation infrarouge pour la couverture de locaux de taille moyenne\"}]},{\"@type\":\"WebSite\",\"@id\":\"https:\\\/\\\/www.gleichcom.samuraidev.ch\\\/fr\\\/#website\",\"url\":\"https:\\\/\\\/www.gleichcom.samuraidev.ch\\\/fr\\\/\",\"name\":\"Gleichcom AG\",\"description\":\"besser h\u00f6ren. besser sehen. besser leben.\",\"publisher\":{\"@id\":\"https:\\\/\\\/www.gleichcom.samuraidev.ch\\\/fr\\\/#organization\"},\"alternateName\":\"Gleichcom\",\"potentialAction\":[{\"@type\":\"SearchAction\",\"target\":{\"@type\":\"EntryPoint\",\"urlTemplate\":\"https:\\\/\\\/www.gleichcom.samuraidev.ch\\\/fr\\\/?s={search_term_string}\"},\"query-input\":{\"@type\":\"PropertyValueSpecification\",\"valueRequired\":true,\"valueName\":\"search_term_string\"}}],\"inLanguage\":\"fr-FR\"},{\"@type\":\"Organization\",\"@id\":\"https:\\\/\\\/www.gleichcom.samuraidev.ch\\\/fr\\\/#organization\",\"name\":\"Gleichcom AG\",\"alternateName\":\"Gleichcom\",\"url\":\"https:\\\/\\\/www.gleichcom.samuraidev.ch\\\/fr\\\/\",\"logo\":{\"@type\":\"ImageObject\",\"inLanguage\":\"fr-FR\",\"@id\":\"https:\\\/\\\/www.gleichcom.samuraidev.ch\\\/fr\\\/#\\\/schema\\\/logo\\\/image\\\/\",\"url\":\"https:\\\/\\\/www.gleichcom.samuraidev.ch\\\/wp-content\\\/uploads\\\/2023\\\/09\\\/gleichcom-ag-logo-quadrat-farbig-mitte@696.png\",\"contentUrl\":\"https:\\\/\\\/www.gleichcom.samuraidev.ch\\\/wp-content\\\/uploads\\\/2023\\\/09\\\/gleichcom-ag-logo-quadrat-farbig-mitte@696.png\",\"width\":437,\"height\":437,\"caption\":\"Gleichcom AG\"},\"image\":{\"@id\":\"https:\\\/\\\/www.gleichcom.samuraidev.ch\\\/fr\\\/#\\\/schema\\\/logo\\\/image\\\/\"},\"sameAs\":[\"https:\\\/\\\/www.facebook.com\\\/profile.php?id=100068749126981\"]}]}<\/script>\n<!-- \/ Yoast SEO plugin. -->","yoast_head_json":{"title":"PRO IR 202 Unit\u00e9 d'\u00e9mission et de modulation infrarouge pour la couverture de locaux de taille moyenne im Onlineshop | Gleichcom AG","description":"\u2705 L'\u00e9nergie \u00e9mise par l'\u00e9metteur\/modulateur PRO IR-202 se propage dans la pi\u00e8ce sous forme de lobe avec un angle d'ouverture large. La transmission audio s'effectue sans interf\u00e9rences gr\u00e2ce \u00e0 la modulation du signal infrarouge sur 2,3 ou 2,8 MHz.","robots":{"index":"noindex","follow":"follow","max-snippet":"max-snippet:-1","max-image-preview":"max-image-preview:large","max-video-preview":"max-video-preview:-1"},"og_locale":"fr_FR","og_type":"article","og_title":"PRO IR 202 Unit\u00e9 d'\u00e9mission et de modulation infrarouge pour la couverture de locaux de taille moyenne im Onlineshop | Gleichcom AG","og_description":"\u2705 L'\u00e9nergie \u00e9mise par l'\u00e9metteur\/modulateur PRO IR-202 se propage dans la pi\u00e8ce sous forme de lobe avec un angle d'ouverture large. La transmission audio s'effectue sans interf\u00e9rences gr\u00e2ce \u00e0 la modulation du signal infrarouge sur 2,3 ou 2,8 MHz.","og_url":"https:\/\/www.gleichcom.samuraidev.ch\/fr\/shop\/pro-ir-202-infrarot-sender-und-modulatoreinheit-fuer-die-versorgung-von-raeumen-mittlerer-groesse\/","og_site_name":"Gleichcom AG","article_publisher":"https:\/\/www.facebook.com\/profile.php?id=100068749126981","og_image":[{"width":500,"height":437,"url":"https:\/\/www.gleichcom.samuraidev.ch\/wp-content\/uploads\/2023\/09\/proir.jpg","type":"image\/jpeg"}],"twitter_card":"summary_large_image","schema":{"@context":"https:\/\/schema.org","@graph":[{"@type":"WebPage","@id":"https:\/\/www.gleichcom.samuraidev.ch\/fr\/shop\/pro-ir-202-infrarot-sender-und-modulatoreinheit-fuer-die-versorgung-von-raeumen-mittlerer-groesse\/","url":"https:\/\/www.gleichcom.samuraidev.ch\/fr\/shop\/pro-ir-202-infrarot-sender-und-modulatoreinheit-fuer-die-versorgung-von-raeumen-mittlerer-groesse\/","name":"PRO IR 202 Unit\u00e9 d'\u00e9mission et de modulation infrarouge pour la couverture de locaux de taille moyenne im Onlineshop | Gleichcom AG","isPartOf":{"@id":"https:\/\/www.gleichcom.samuraidev.ch\/fr\/#website"},"primaryImageOfPage":{"@id":"https:\/\/www.gleichcom.samuraidev.ch\/fr\/shop\/pro-ir-202-infrarot-sender-und-modulatoreinheit-fuer-die-versorgung-von-raeumen-mittlerer-groesse\/#primaryimage"},"image":{"@id":"https:\/\/www.gleichcom.samuraidev.ch\/fr\/shop\/pro-ir-202-infrarot-sender-und-modulatoreinheit-fuer-die-versorgung-von-raeumen-mittlerer-groesse\/#primaryimage"},"thumbnailUrl":"https:\/\/www.gleichcom.samuraidev.ch\/wp-content\/uploads\/2023\/09\/proir.jpg","datePublished":"2018-09-17T16:55:44+00:00","description":"\u2705 L'\u00e9nergie \u00e9mise par l'\u00e9metteur\/modulateur PRO IR-202 se propage dans la pi\u00e8ce sous forme de lobe avec un angle d'ouverture large. La transmission audio s'effectue sans interf\u00e9rences gr\u00e2ce \u00e0 la modulation du signal infrarouge sur 2,3 ou 2,8 MHz.","breadcrumb":{"@id":"https:\/\/www.gleichcom.samuraidev.ch\/fr\/shop\/pro-ir-202-infrarot-sender-und-modulatoreinheit-fuer-die-versorgung-von-raeumen-mittlerer-groesse\/#breadcrumb"},"inLanguage":"fr-FR","potentialAction":[{"@type":"ReadAction","target":["https:\/\/www.gleichcom.samuraidev.ch\/fr\/shop\/pro-ir-202-infrarot-sender-und-modulatoreinheit-fuer-die-versorgung-von-raeumen-mittlerer-groesse\/"]}]},{"@type":"ImageObject","inLanguage":"fr-FR","@id":"https:\/\/www.gleichcom.samuraidev.ch\/fr\/shop\/pro-ir-202-infrarot-sender-und-modulatoreinheit-fuer-die-versorgung-von-raeumen-mittlerer-groesse\/#primaryimage","url":"https:\/\/www.gleichcom.samuraidev.ch\/wp-content\/uploads\/2023\/09\/proir.jpg","contentUrl":"https:\/\/www.gleichcom.samuraidev.ch\/wp-content\/uploads\/2023\/09\/proir.jpg","width":500,"height":437},{"@type":"BreadcrumbList","@id":"https:\/\/www.gleichcom.samuraidev.ch\/fr\/shop\/pro-ir-202-infrarot-sender-und-modulatoreinheit-fuer-die-versorgung-von-raeumen-mittlerer-groesse\/#breadcrumb","itemListElement":[{"@type":"ListItem","position":1,"name":"Startseite","item":"https:\/\/www.gleichcom.samuraidev.ch\/fr\/"},{"@type":"ListItem","position":2,"name":"Shop","item":"https:\/\/www.gleichcom.samuraidev.ch\/fr\/shop\/"},{"@type":"ListItem","position":3,"name":"PRO IR 202 Unit\u00e9 d&#8217;\u00e9mission et de modulation infrarouge pour la couverture de locaux de taille moyenne"}]},{"@type":"WebSite","@id":"https:\/\/www.gleichcom.samuraidev.ch\/fr\/#website","url":"https:\/\/www.gleichcom.samuraidev.ch\/fr\/","name":"Gleichcom AG","description":"besser h\u00f6ren. besser sehen. besser leben.","publisher":{"@id":"https:\/\/www.gleichcom.samuraidev.ch\/fr\/#organization"},"alternateName":"Gleichcom","potentialAction":[{"@type":"SearchAction","target":{"@type":"EntryPoint","urlTemplate":"https:\/\/www.gleichcom.samuraidev.ch\/fr\/?s={search_term_string}"},"query-input":{"@type":"PropertyValueSpecification","valueRequired":true,"valueName":"search_term_string"}}],"inLanguage":"fr-FR"},{"@type":"Organization","@id":"https:\/\/www.gleichcom.samuraidev.ch\/fr\/#organization","name":"Gleichcom AG","alternateName":"Gleichcom","url":"https:\/\/www.gleichcom.samuraidev.ch\/fr\/","logo":{"@type":"ImageObject","inLanguage":"fr-FR","@id":"https:\/\/www.gleichcom.samuraidev.ch\/fr\/#\/schema\/logo\/image\/","url":"https:\/\/www.gleichcom.samuraidev.ch\/wp-content\/uploads\/2023\/09\/gleichcom-ag-logo-quadrat-farbig-mitte@696.png","contentUrl":"https:\/\/www.gleichcom.samuraidev.ch\/wp-content\/uploads\/2023\/09\/gleichcom-ag-logo-quadrat-farbig-mitte@696.png","width":437,"height":437,"caption":"Gleichcom AG"},"image":{"@id":"https:\/\/www.gleichcom.samuraidev.ch\/fr\/#\/schema\/logo\/image\/"},"sameAs":["https:\/\/www.facebook.com\/profile.php?id=100068749126981"]}]}},"uagb_featured_image_src":{"full":["https:\/\/www.gleichcom.samuraidev.ch\/wp-content\/uploads\/2023\/09\/proir.jpg",500,437,false],"thumbnail":["https:\/\/www.gleichcom.samuraidev.ch\/wp-content\/uploads\/2023\/09\/proir.jpg",150,131,false],"medium":["https:\/\/www.gleichcom.samuraidev.ch\/wp-content\/uploads\/2023\/09\/proir.jpg",300,262,false],"medium_large":["https:\/\/www.gleichcom.samuraidev.ch\/wp-content\/uploads\/2023\/09\/proir.jpg",500,437,false],"large":["https:\/\/www.gleichcom.samuraidev.ch\/wp-content\/uploads\/2023\/09\/proir.jpg",500,437,false],"1536x1536":["https:\/\/www.gleichcom.samuraidev.ch\/wp-content\/uploads\/2023\/09\/proir.jpg",500,437,false],"2048x2048":["https:\/\/www.gleichcom.samuraidev.ch\/wp-content\/uploads\/2023\/09\/proir.jpg",500,437,false],"woocommerce_thumbnail":["https:\/\/www.gleichcom.samuraidev.ch\/wp-content\/uploads\/2023\/09\/proir.jpg",300,262,false],"woocommerce_single":["https:\/\/www.gleichcom.samuraidev.ch\/wp-content\/uploads\/2023\/09\/proir.jpg",500,437,false],"woocommerce_gallery_thumbnail":["https:\/\/www.gleichcom.samuraidev.ch\/wp-content\/uploads\/2023\/09\/proir-100x100.jpg",100,100,true]},"uagb_author_info":{"display_name":"","author_link":"https:\/\/www.gleichcom.samuraidev.ch\/fr\/author\/"},"uagb_comment_info":0,"uagb_excerpt":"L'\u00e9nergie \u00e9mise par l'\u00e9metteur\/modulateur PRO IR-202 se propage dans la pi\u00e8ce sous forme de lobe avec un angle d'ouverture large. La transmission audio s'effectue sans interf\u00e9rences gr\u00e2ce \u00e0 la modulation du signal infrarouge sur 2,3 ou 2,8 MHz.","_links":{"self":[{"href":"https:\/\/www.gleichcom.samuraidev.ch\/fr\/wp-json\/wp\/v2\/product\/5940","targetHints":{"allow":["GET"]}}],"collection":[{"href":"https:\/\/www.gleichcom.samuraidev.ch\/fr\/wp-json\/wp\/v2\/product"}],"about":[{"href":"https:\/\/www.gleichcom.samuraidev.ch\/fr\/wp-json\/wp\/v2\/types\/product"}],"wp:featuredmedia":[{"embeddable":true,"href":"https:\/\/www.gleichcom.samuraidev.ch\/fr\/wp-json\/wp\/v2\/media\/5935"}],"wp:attachment":[{"href":"https:\/\/www.gleichcom.samuraidev.ch\/fr\/wp-json\/wp\/v2\/media?parent=5940"}],"wp:term":[{"taxonomy":"product_brand","embeddable":true,"href":"https:\/\/www.gleichcom.samuraidev.ch\/fr\/wp-json\/wp\/v2\/product_brand?post=5940"},{"taxonomy":"product_cat","embeddable":true,"href":"https:\/\/www.gleichcom.samuraidev.ch\/fr\/wp-json\/wp\/v2\/product_cat?post=5940"},{"taxonomy":"product_tag","embeddable":true,"href":"https:\/\/www.gleichcom.samuraidev.ch\/fr\/wp-json\/wp\/v2\/product_tag?post=5940"}],"curies":[{"name":"wp","href":"https:\/\/api.w.org\/{rel}","templated":true}]}}