{"id":5975,"date":"2018-09-17T19:43:43","date_gmt":"2018-09-17T19:43:43","guid":{"rendered":"https:\/\/www.gleichcom.samuraidev.ch\/?product=stationaerer-sender-xepton-t-1-von-audioropa"},"modified":"1000-01-01T00:00:00","modified_gmt":"1000-01-01T00:00:00","slug":"stationaerer-sender-xepton-t-1-von-audioropa","status":"publish","type":"product","link":"https:\/\/www.gleichcom.samuraidev.ch\/fr\/shop\/stationaerer-sender-xepton-t-1-von-audioropa\/","title":{"rendered":"Station\u00e4rer Sender Xepton T-1 von Audioropa"},"content":{"rendered":"<h2><strong>Station\u00e4rer Sender Xepton T-1 Audioropa<\/strong><\/h2>\n<p>\n\tF\u00fcr station\u00e4re Anwendungen und feste Installation bietet sich der Sender T-1 an.\n<\/p>\n<p>\n\tDer T-1 ist mit seinen Tranceiver-Funktionen auch f\u00fcr bidirektionale Anwendungen geeignet, er kann wie der TRX-1 ebenso in den Tour-Guide-Einsatz eingebunden werden. Bis zu insgesamt drei T-1 oder TRX-1 Sende-\/Empfangs-Einheiten k\u00f6nnen pro Gruppe gleichzeitig senden, und es sind 40 Gruppen mit bis zu 100 eingebundenen Ger\u00e4ten realisierbar. Die \u00fcber das LC-Display kontrollierte men\u00fcgef\u00fchrte Bedienung ist ebenso unkompliziert wie bei allen anderen \u00bbxepton\u00ab-Ger\u00e4ten.\n<\/p>\n<p>\n\tF\u00fcr die Rack-Montage ist ein Rack-Montagesatz und eine Remote-Antenne erh\u00e4ltlich.\n<\/p>\n<table class=\"ce-table techDat collapse\">\n<tbody>\n<tr>\n<td>Abmessungen<\/td>\n<td>37 x 230 x 124 mm (H x B x T)<\/td>\n<\/tr>\n<tr>\n<td>Gewicht<\/td>\n<td>390 g<\/td>\n<\/tr>\n<tr>\n<td>Funkfrequenzart<\/td>\n<td>ISM 2403 &#8211; 2480 MHz<\/td>\n<\/tr>\n<tr>\n<td>\u00dcbertragungsart<\/td>\n<td>ISM 2.4 GHz FSK Modulation mit Frequenzhopping<\/td>\n<\/tr>\n<tr>\n<td>Sendeleistung<\/td>\n<td>Maximum 10 mW<\/td>\n<\/tr>\n<tr>\n<td>Sprachcodec<\/td>\n<td>16bit \/ 16 KHz<\/td>\n<\/tr>\n<tr>\n<td>RX-Empfindlichkeit<\/td>\n<td>-95 dBm<\/td>\n<\/tr>\n<tr>\n<td>Verz\u00f6gerung<\/td>\n<td>< 35 ms<\/td>\n<\/tr>\n<tr>\n<td>Datenrate<\/td>\n<td>2 Mbps<\/td>\n<\/tr>\n<tr>\n<td>Frequenzbreite<\/td>\n<td>2 MHz<\/td>\n<\/tr>\n<tr>\n<td>Stromversorgung<\/td>\n<td>Micro-USB-Netzteil 5 V<\/td>\n<\/tr>\n<tr>\n<td>Antenne<\/td>\n<td>Externe Antennne<\/td>\n<\/tr>\n<tr>\n<td>Stromverbrauch<\/td>\n<td>100 mA<\/td>\n<\/tr>\n<tr>\n<td>Reichweite<\/td>\n<td>bis 300 m<\/td>\n<\/tr>\n<tr>\n<td>Frequenzgang<\/td>\n<td>50 Hz &#8211; 7 kHZ<\/td>\n<\/tr>\n<tr>\n<td>Max. Senderanzahl<\/td>\n<td>3 St\u00fcck pro Gruppe (inkl. Mastersender)<\/td>\n<\/tr>\n<\/tbody>\n<\/table>\n","protected":false},"excerpt":{"rendered":"<p>\tXepton ist ein mobiles Kommunikationssystem mit drahtloser 2,4 GHz-Audio\u00fcbertragung und kraftvoller H\u00f6rverst\u00e4rkung.<br \/>\n\tDer station\u00e4re Sender erlaubt auch den festen Einbau in Hallen, Schulungszimmern und Kirchen oder andere \u00f6ffentliche R\u00e4ume.<\/p>\n<p>\t\u00a0<\/p>\n","protected":false},"featured_media":5976,"template":"","meta":{"inline_featured_image":false,"_uag_custom_page_level_css":"","site-sidebar-layout":"default","site-content-layout":"","ast-site-content-layout":"default","site-content-style":"default","site-sidebar-style":"default","ast-global-header-display":"","ast-banner-title-visibility":"","ast-main-header-display":"","ast-hfb-above-header-display":"","ast-hfb-below-header-display":"","ast-hfb-mobile-header-display":"","site-post-title":"","ast-breadcrumbs-content":"","ast-featured-img":"","footer-sml-layout":"","ast-disable-related-posts":"","theme-transparent-header-meta":"","adv-header-id-meta":"","stick-header-meta":"","header-above-stick-meta":"","header-main-stick-meta":"","header-below-stick-meta":"","astra-migrate-meta-layouts":"default","ast-page-background-enabled":"default","ast-page-background-meta":{"desktop":{"background-color":"","background-image":"","background-repeat":"repeat","background-position":"center center","background-size":"auto","background-attachment":"scroll","background-type":"","background-media":"","overlay-type":"","overlay-color":"","overlay-opacity":"","overlay-gradient":""},"tablet":{"background-color":"","background-image":"","background-repeat":"repeat","background-position":"center center","background-size":"auto","background-attachment":"scroll","background-type":"","background-media":"","overlay-type":"","overlay-color":"","overlay-opacity":"","overlay-gradient":""},"mobile":{"background-color":"","background-image":"","background-repeat":"repeat","background-position":"center center","background-size":"auto","background-attachment":"scroll","background-type":"","background-media":"","overlay-type":"","overlay-color":"","overlay-opacity":"","overlay-gradient":""}},"ast-content-background-meta":{"desktop":{"background-color":"var(--ast-global-color-5)","background-image":"","background-repeat":"repeat","background-position":"center center","background-size":"auto","background-attachment":"scroll","background-type":"","background-media":"","overlay-type":"","overlay-color":"","overlay-opacity":"","overlay-gradient":""},"tablet":{"background-color":"var(--ast-global-color-5)","background-image":"","background-repeat":"repeat","background-position":"center center","background-size":"auto","background-attachment":"scroll","background-type":"","background-media":"","overlay-type":"","overlay-color":"","overlay-opacity":"","overlay-gradient":""},"mobile":{"background-color":"var(--ast-global-color-5)","background-image":"","background-repeat":"repeat","background-position":"center center","background-size":"auto","background-attachment":"scroll","background-type":"","background-media":"","overlay-type":"","overlay-color":"","overlay-opacity":"","overlay-gradient":""}}},"product_brand":[],"product_cat":[1097],"product_tag":[],"class_list":{"0":"post-5975","1":"product","2":"type-product","3":"status-publish","4":"has-post-thumbnail","6":"product_cat-fm-anlagen","7":"desktop-align-center","8":"tablet-align-center","9":"mobile-align-center","10":"ast-product-gallery-layout-horizontal-slider","11":"ast-product-tabs-layout-accordion","13":"first","14":"instock","15":"taxable","16":"shipping-taxable","17":"purchasable","18":"product-type-simple"},"yoast_head":"<!-- This site is optimized with the Yoast SEO plugin v27.6 - https:\/\/yoast.com\/product\/yoast-seo-wordpress\/ -->\n<title>Station\u00e4rer Sender Xepton T-1 von Audioropa im Onlineshop | Gleichcom AG<\/title>\n<meta name=\"description\" content=\"\u2705 Xepton ist ein mobiles Kommunikationssystem mit drahtloser 2,4 GHz-Audio\u00fcbertragung und kraftvoller H\u00f6rverst\u00e4rkung.  Der station\u00e4re Sender erlaubt auch den festen Einbau in Hallen, Schulungszimmern und Kirchen oder andere \u00f6ffentliche R\u00e4ume.   \u00a0\" \/>\n<meta name=\"robots\" content=\"noindex, follow, max-snippet:-1, max-image-preview:large, max-video-preview:-1\" \/>\n<meta property=\"og:locale\" content=\"fr_FR\" \/>\n<meta property=\"og:type\" content=\"article\" \/>\n<meta property=\"og:title\" content=\"Station\u00e4rer Sender Xepton T-1 von Audioropa im Onlineshop | Gleichcom AG\" \/>\n<meta property=\"og:description\" content=\"\u2705 Xepton ist ein mobiles Kommunikationssystem mit drahtloser 2,4 GHz-Audio\u00fcbertragung und kraftvoller H\u00f6rverst\u00e4rkung.  Der station\u00e4re Sender erlaubt auch den festen Einbau in Hallen, Schulungszimmern und Kirchen oder andere \u00f6ffentliche R\u00e4ume.   \u00a0\" \/>\n<meta property=\"og:url\" content=\"https:\/\/www.gleichcom.samuraidev.ch\/fr\/shop\/stationaerer-sender-xepton-t-1-von-audioropa\/\" \/>\n<meta property=\"og:site_name\" content=\"Gleichcom AG\" \/>\n<meta property=\"article:publisher\" content=\"https:\/\/www.facebook.com\/profile.php?id=100068749126981\" \/>\n<meta property=\"og:image\" content=\"https:\/\/www.gleichcom.samuraidev.ch\/wp-content\/uploads\/2023\/09\/xepton_t1.jpg\" \/>\n\t<meta property=\"og:image:width\" content=\"500\" \/>\n\t<meta property=\"og:image:height\" content=\"447\" \/>\n\t<meta property=\"og:image:type\" content=\"image\/jpeg\" \/>\n<meta name=\"twitter:card\" content=\"summary_large_image\" \/>\n<script type=\"application\/ld+json\" class=\"yoast-schema-graph\">{\"@context\":\"https:\\\/\\\/schema.org\",\"@graph\":[{\"@type\":\"WebPage\",\"@id\":\"https:\\\/\\\/www.gleichcom.samuraidev.ch\\\/fr\\\/shop\\\/stationaerer-sender-xepton-t-1-von-audioropa\\\/\",\"url\":\"https:\\\/\\\/www.gleichcom.samuraidev.ch\\\/fr\\\/shop\\\/stationaerer-sender-xepton-t-1-von-audioropa\\\/\",\"name\":\"Station\u00e4rer Sender Xepton T-1 von Audioropa im Onlineshop | Gleichcom AG\",\"isPartOf\":{\"@id\":\"https:\\\/\\\/www.gleichcom.samuraidev.ch\\\/fr\\\/#website\"},\"primaryImageOfPage\":{\"@id\":\"https:\\\/\\\/www.gleichcom.samuraidev.ch\\\/fr\\\/shop\\\/stationaerer-sender-xepton-t-1-von-audioropa\\\/#primaryimage\"},\"image\":{\"@id\":\"https:\\\/\\\/www.gleichcom.samuraidev.ch\\\/fr\\\/shop\\\/stationaerer-sender-xepton-t-1-von-audioropa\\\/#primaryimage\"},\"thumbnailUrl\":\"https:\\\/\\\/www.gleichcom.samuraidev.ch\\\/wp-content\\\/uploads\\\/2023\\\/09\\\/xepton_t1.jpg\",\"datePublished\":\"2018-09-17T19:43:43+00:00\",\"description\":\"\u2705 Xepton ist ein mobiles Kommunikationssystem mit drahtloser 2,4 GHz-Audio\u00fcbertragung und kraftvoller H\u00f6rverst\u00e4rkung. Der station\u00e4re Sender erlaubt auch den festen Einbau in Hallen, Schulungszimmern und Kirchen oder andere \u00f6ffentliche R\u00e4ume. \u00a0\",\"breadcrumb\":{\"@id\":\"https:\\\/\\\/www.gleichcom.samuraidev.ch\\\/fr\\\/shop\\\/stationaerer-sender-xepton-t-1-von-audioropa\\\/#breadcrumb\"},\"inLanguage\":\"fr-FR\",\"potentialAction\":[{\"@type\":\"ReadAction\",\"target\":[\"https:\\\/\\\/www.gleichcom.samuraidev.ch\\\/fr\\\/shop\\\/stationaerer-sender-xepton-t-1-von-audioropa\\\/\"]}]},{\"@type\":\"ImageObject\",\"inLanguage\":\"fr-FR\",\"@id\":\"https:\\\/\\\/www.gleichcom.samuraidev.ch\\\/fr\\\/shop\\\/stationaerer-sender-xepton-t-1-von-audioropa\\\/#primaryimage\",\"url\":\"https:\\\/\\\/www.gleichcom.samuraidev.ch\\\/wp-content\\\/uploads\\\/2023\\\/09\\\/xepton_t1.jpg\",\"contentUrl\":\"https:\\\/\\\/www.gleichcom.samuraidev.ch\\\/wp-content\\\/uploads\\\/2023\\\/09\\\/xepton_t1.jpg\",\"width\":500,\"height\":447},{\"@type\":\"BreadcrumbList\",\"@id\":\"https:\\\/\\\/www.gleichcom.samuraidev.ch\\\/fr\\\/shop\\\/stationaerer-sender-xepton-t-1-von-audioropa\\\/#breadcrumb\",\"itemListElement\":[{\"@type\":\"ListItem\",\"position\":1,\"name\":\"Startseite\",\"item\":\"https:\\\/\\\/www.gleichcom.samuraidev.ch\\\/fr\\\/\"},{\"@type\":\"ListItem\",\"position\":2,\"name\":\"Shop\",\"item\":\"https:\\\/\\\/www.gleichcom.samuraidev.ch\\\/fr\\\/shop\\\/\"},{\"@type\":\"ListItem\",\"position\":3,\"name\":\"Station\u00e4rer Sender Xepton T-1 von Audioropa\"}]},{\"@type\":\"WebSite\",\"@id\":\"https:\\\/\\\/www.gleichcom.samuraidev.ch\\\/fr\\\/#website\",\"url\":\"https:\\\/\\\/www.gleichcom.samuraidev.ch\\\/fr\\\/\",\"name\":\"Gleichcom AG\",\"description\":\"besser h\u00f6ren. besser sehen. besser leben.\",\"publisher\":{\"@id\":\"https:\\\/\\\/www.gleichcom.samuraidev.ch\\\/fr\\\/#organization\"},\"alternateName\":\"Gleichcom\",\"potentialAction\":[{\"@type\":\"SearchAction\",\"target\":{\"@type\":\"EntryPoint\",\"urlTemplate\":\"https:\\\/\\\/www.gleichcom.samuraidev.ch\\\/fr\\\/?s={search_term_string}\"},\"query-input\":{\"@type\":\"PropertyValueSpecification\",\"valueRequired\":true,\"valueName\":\"search_term_string\"}}],\"inLanguage\":\"fr-FR\"},{\"@type\":\"Organization\",\"@id\":\"https:\\\/\\\/www.gleichcom.samuraidev.ch\\\/fr\\\/#organization\",\"name\":\"Gleichcom AG\",\"alternateName\":\"Gleichcom\",\"url\":\"https:\\\/\\\/www.gleichcom.samuraidev.ch\\\/fr\\\/\",\"logo\":{\"@type\":\"ImageObject\",\"inLanguage\":\"fr-FR\",\"@id\":\"https:\\\/\\\/www.gleichcom.samuraidev.ch\\\/fr\\\/#\\\/schema\\\/logo\\\/image\\\/\",\"url\":\"https:\\\/\\\/www.gleichcom.samuraidev.ch\\\/wp-content\\\/uploads\\\/2023\\\/09\\\/gleichcom-ag-logo-quadrat-farbig-mitte@696.png\",\"contentUrl\":\"https:\\\/\\\/www.gleichcom.samuraidev.ch\\\/wp-content\\\/uploads\\\/2023\\\/09\\\/gleichcom-ag-logo-quadrat-farbig-mitte@696.png\",\"width\":437,\"height\":437,\"caption\":\"Gleichcom AG\"},\"image\":{\"@id\":\"https:\\\/\\\/www.gleichcom.samuraidev.ch\\\/fr\\\/#\\\/schema\\\/logo\\\/image\\\/\"},\"sameAs\":[\"https:\\\/\\\/www.facebook.com\\\/profile.php?id=100068749126981\"]}]}<\/script>\n<!-- \/ Yoast SEO plugin. -->","yoast_head_json":{"title":"Station\u00e4rer Sender Xepton T-1 von Audioropa im Onlineshop | Gleichcom AG","description":"\u2705 Xepton ist ein mobiles Kommunikationssystem mit drahtloser 2,4 GHz-Audio\u00fcbertragung und kraftvoller H\u00f6rverst\u00e4rkung.  Der station\u00e4re Sender erlaubt auch den festen Einbau in Hallen, Schulungszimmern und Kirchen oder andere \u00f6ffentliche R\u00e4ume.   \u00a0","robots":{"index":"noindex","follow":"follow","max-snippet":"max-snippet:-1","max-image-preview":"max-image-preview:large","max-video-preview":"max-video-preview:-1"},"og_locale":"fr_FR","og_type":"article","og_title":"Station\u00e4rer Sender Xepton T-1 von Audioropa im Onlineshop | Gleichcom AG","og_description":"\u2705 Xepton ist ein mobiles Kommunikationssystem mit drahtloser 2,4 GHz-Audio\u00fcbertragung und kraftvoller H\u00f6rverst\u00e4rkung.  Der station\u00e4re Sender erlaubt auch den festen Einbau in Hallen, Schulungszimmern und Kirchen oder andere \u00f6ffentliche R\u00e4ume.   \u00a0","og_url":"https:\/\/www.gleichcom.samuraidev.ch\/fr\/shop\/stationaerer-sender-xepton-t-1-von-audioropa\/","og_site_name":"Gleichcom AG","article_publisher":"https:\/\/www.facebook.com\/profile.php?id=100068749126981","og_image":[{"width":500,"height":447,"url":"https:\/\/www.gleichcom.samuraidev.ch\/wp-content\/uploads\/2023\/09\/xepton_t1.jpg","type":"image\/jpeg"}],"twitter_card":"summary_large_image","schema":{"@context":"https:\/\/schema.org","@graph":[{"@type":"WebPage","@id":"https:\/\/www.gleichcom.samuraidev.ch\/fr\/shop\/stationaerer-sender-xepton-t-1-von-audioropa\/","url":"https:\/\/www.gleichcom.samuraidev.ch\/fr\/shop\/stationaerer-sender-xepton-t-1-von-audioropa\/","name":"Station\u00e4rer Sender Xepton T-1 von Audioropa im Onlineshop | Gleichcom AG","isPartOf":{"@id":"https:\/\/www.gleichcom.samuraidev.ch\/fr\/#website"},"primaryImageOfPage":{"@id":"https:\/\/www.gleichcom.samuraidev.ch\/fr\/shop\/stationaerer-sender-xepton-t-1-von-audioropa\/#primaryimage"},"image":{"@id":"https:\/\/www.gleichcom.samuraidev.ch\/fr\/shop\/stationaerer-sender-xepton-t-1-von-audioropa\/#primaryimage"},"thumbnailUrl":"https:\/\/www.gleichcom.samuraidev.ch\/wp-content\/uploads\/2023\/09\/xepton_t1.jpg","datePublished":"2018-09-17T19:43:43+00:00","description":"\u2705 Xepton ist ein mobiles Kommunikationssystem mit drahtloser 2,4 GHz-Audio\u00fcbertragung und kraftvoller H\u00f6rverst\u00e4rkung. Der station\u00e4re Sender erlaubt auch den festen Einbau in Hallen, Schulungszimmern und Kirchen oder andere \u00f6ffentliche R\u00e4ume. \u00a0","breadcrumb":{"@id":"https:\/\/www.gleichcom.samuraidev.ch\/fr\/shop\/stationaerer-sender-xepton-t-1-von-audioropa\/#breadcrumb"},"inLanguage":"fr-FR","potentialAction":[{"@type":"ReadAction","target":["https:\/\/www.gleichcom.samuraidev.ch\/fr\/shop\/stationaerer-sender-xepton-t-1-von-audioropa\/"]}]},{"@type":"ImageObject","inLanguage":"fr-FR","@id":"https:\/\/www.gleichcom.samuraidev.ch\/fr\/shop\/stationaerer-sender-xepton-t-1-von-audioropa\/#primaryimage","url":"https:\/\/www.gleichcom.samuraidev.ch\/wp-content\/uploads\/2023\/09\/xepton_t1.jpg","contentUrl":"https:\/\/www.gleichcom.samuraidev.ch\/wp-content\/uploads\/2023\/09\/xepton_t1.jpg","width":500,"height":447},{"@type":"BreadcrumbList","@id":"https:\/\/www.gleichcom.samuraidev.ch\/fr\/shop\/stationaerer-sender-xepton-t-1-von-audioropa\/#breadcrumb","itemListElement":[{"@type":"ListItem","position":1,"name":"Startseite","item":"https:\/\/www.gleichcom.samuraidev.ch\/fr\/"},{"@type":"ListItem","position":2,"name":"Shop","item":"https:\/\/www.gleichcom.samuraidev.ch\/fr\/shop\/"},{"@type":"ListItem","position":3,"name":"Station\u00e4rer Sender Xepton T-1 von Audioropa"}]},{"@type":"WebSite","@id":"https:\/\/www.gleichcom.samuraidev.ch\/fr\/#website","url":"https:\/\/www.gleichcom.samuraidev.ch\/fr\/","name":"Gleichcom AG","description":"besser h\u00f6ren. besser sehen. besser leben.","publisher":{"@id":"https:\/\/www.gleichcom.samuraidev.ch\/fr\/#organization"},"alternateName":"Gleichcom","potentialAction":[{"@type":"SearchAction","target":{"@type":"EntryPoint","urlTemplate":"https:\/\/www.gleichcom.samuraidev.ch\/fr\/?s={search_term_string}"},"query-input":{"@type":"PropertyValueSpecification","valueRequired":true,"valueName":"search_term_string"}}],"inLanguage":"fr-FR"},{"@type":"Organization","@id":"https:\/\/www.gleichcom.samuraidev.ch\/fr\/#organization","name":"Gleichcom AG","alternateName":"Gleichcom","url":"https:\/\/www.gleichcom.samuraidev.ch\/fr\/","logo":{"@type":"ImageObject","inLanguage":"fr-FR","@id":"https:\/\/www.gleichcom.samuraidev.ch\/fr\/#\/schema\/logo\/image\/","url":"https:\/\/www.gleichcom.samuraidev.ch\/wp-content\/uploads\/2023\/09\/gleichcom-ag-logo-quadrat-farbig-mitte@696.png","contentUrl":"https:\/\/www.gleichcom.samuraidev.ch\/wp-content\/uploads\/2023\/09\/gleichcom-ag-logo-quadrat-farbig-mitte@696.png","width":437,"height":437,"caption":"Gleichcom AG"},"image":{"@id":"https:\/\/www.gleichcom.samuraidev.ch\/fr\/#\/schema\/logo\/image\/"},"sameAs":["https:\/\/www.facebook.com\/profile.php?id=100068749126981"]}]}},"uagb_featured_image_src":{"full":["https:\/\/www.gleichcom.samuraidev.ch\/wp-content\/uploads\/2023\/09\/xepton_t1.jpg",500,447,false],"thumbnail":["https:\/\/www.gleichcom.samuraidev.ch\/wp-content\/uploads\/2023\/09\/xepton_t1.jpg",150,134,false],"medium":["https:\/\/www.gleichcom.samuraidev.ch\/wp-content\/uploads\/2023\/09\/xepton_t1.jpg",300,268,false],"medium_large":["https:\/\/www.gleichcom.samuraidev.ch\/wp-content\/uploads\/2023\/09\/xepton_t1.jpg",500,447,false],"large":["https:\/\/www.gleichcom.samuraidev.ch\/wp-content\/uploads\/2023\/09\/xepton_t1.jpg",500,447,false],"1536x1536":["https:\/\/www.gleichcom.samuraidev.ch\/wp-content\/uploads\/2023\/09\/xepton_t1.jpg",500,447,false],"2048x2048":["https:\/\/www.gleichcom.samuraidev.ch\/wp-content\/uploads\/2023\/09\/xepton_t1.jpg",500,447,false],"woocommerce_thumbnail":["https:\/\/www.gleichcom.samuraidev.ch\/wp-content\/uploads\/2023\/09\/xepton_t1.jpg",300,268,false],"woocommerce_single":["https:\/\/www.gleichcom.samuraidev.ch\/wp-content\/uploads\/2023\/09\/xepton_t1.jpg",500,447,false],"woocommerce_gallery_thumbnail":["https:\/\/www.gleichcom.samuraidev.ch\/wp-content\/uploads\/2023\/09\/xepton_t1-100x100.jpg",100,100,true]},"uagb_author_info":{"display_name":"","author_link":"https:\/\/www.gleichcom.samuraidev.ch\/fr\/author\/"},"uagb_comment_info":0,"uagb_excerpt":"Xepton ist ein mobiles Kommunikationssystem mit drahtloser 2,4 GHz-Audio\u00fcbertragung und kraftvoller H\u00f6rverst\u00e4rkung. Der station\u00e4re Sender erlaubt auch den festen Einbau in Hallen, Schulungszimmern und Kirchen oder andere \u00f6ffentliche R\u00e4ume. \u00a0","_links":{"self":[{"href":"https:\/\/www.gleichcom.samuraidev.ch\/fr\/wp-json\/wp\/v2\/product\/5975","targetHints":{"allow":["GET"]}}],"collection":[{"href":"https:\/\/www.gleichcom.samuraidev.ch\/fr\/wp-json\/wp\/v2\/product"}],"about":[{"href":"https:\/\/www.gleichcom.samuraidev.ch\/fr\/wp-json\/wp\/v2\/types\/product"}],"wp:featuredmedia":[{"embeddable":true,"href":"https:\/\/www.gleichcom.samuraidev.ch\/fr\/wp-json\/wp\/v2\/media\/5976"}],"wp:attachment":[{"href":"https:\/\/www.gleichcom.samuraidev.ch\/fr\/wp-json\/wp\/v2\/media?parent=5975"}],"wp:term":[{"taxonomy":"product_brand","embeddable":true,"href":"https:\/\/www.gleichcom.samuraidev.ch\/fr\/wp-json\/wp\/v2\/product_brand?post=5975"},{"taxonomy":"product_cat","embeddable":true,"href":"https:\/\/www.gleichcom.samuraidev.ch\/fr\/wp-json\/wp\/v2\/product_cat?post=5975"},{"taxonomy":"product_tag","embeddable":true,"href":"https:\/\/www.gleichcom.samuraidev.ch\/fr\/wp-json\/wp\/v2\/product_tag?post=5975"}],"curies":[{"name":"wp","href":"https:\/\/api.w.org\/{rel}","templated":true}]}}