{"id":6006,"date":"2018-09-17T21:58:24","date_gmt":"2018-09-17T19:58:24","guid":{"rendered":"https:\/\/www.gleichcom.samuraidev.ch\/?product=drahtloser-empfangs-lautsprecher-pro-ton-sp-100s-1178"},"modified":"1000-01-01T00:00:00","modified_gmt":"1000-01-01T00:00:00","slug":"drahtloser-empfangs-lautsprecher-pro-ton-sp-100s-1178","status":"publish","type":"product","link":"https:\/\/www.gleichcom.samuraidev.ch\/fr\/shop\/drahtloser-empfangs-lautsprecher-pro-ton-sp-100s-1178\/","title":{"rendered":"frontrow Juno Tower Starter Set Soundfield"},"content":{"rendered":"<h2><strong>frontrow Juno Tower Starter Set Soundfield<\/strong><\/h2>\n<p>\n\t\u00bbfrontrow\u00ab ist ein drahtloses digitales Infrarot-Sprach\u00fcbertragungssystem, besonders f\u00fcr den Einsatz im Schulunterricht. Die Lautst\u00e4rken-Gleichm\u00e4\u00dfigkeit und -Klarheit der jeweils \u00fcbertragenen Stimmen von Lehrern und Sch\u00fclern sowie Audio-Medien im Klassenraum stellt die klare Verst\u00e4ndlichkeit in allen Raumbereichen sicher \u2013 bis in die \u00bbletzte Bank\u00ab.\n<\/p>\n<h3>frontrow: Soundfieldsystem mit Infrarot\u00fcbertragung \u2013 ein Beitrag zur Inklusion, der Lehrer\/-innen und Sch\u00fcler\/-innen im Unterricht gleicherma\u00dfen motiviert<\/h3>\n<p>\n\t\u00bbfrontrow\u00ab bietet beides: die Beschallung des Klassenraumes durch ein Lautsprechersystem, und es unterst\u00fctzt zudem die Audioversorgung h\u00f6rgesch\u00e4digter Sch\u00fcler \u00fcber deren individuelle H\u00f6rkomponenten \u2013 beispielsweise Kinnb\u00fcgelh\u00f6rer oder induktive \u00dcbertragung zu H\u00f6rger\u00e4ten. F\u00fcr Sch\u00fcler mit normalem H\u00f6rstatus gibt es keine \u00bbUnaufmerksamkeit in der letzten Bank\u00ab mehr, und H\u00f6rgesch\u00e4digte sind voll integriert. Insgesamt sei die Unterrichtsatmosph\u00e4re motivierender und entspannter, konstatieren Lehrer.\n<\/p>\n<p>\n\tDie Infrarot\u00fcbertragung vereinfacht die Anwendung, denn die \u00dcbertragung ist auf einen einzigen Raum beschr\u00e4nkt: kein Umschalten, kein Kanalwechsel, wenn Lehrer\/-innen einen anderen Klassenraum betreten \u2013 sie sind sofort \u00bbumgebucht\u00ab.\n<\/p>\n<p>\n\tDas Teamteaching-f\u00e4hige System integriert au\u00dferdem Schnittstellen zu allen zeitgem\u00e4\u00dfen elektronischen Lehrmedien (FM-Anlage, TV, DVD, CD, interaktives Whiteboard etc.) und PC-Schnittstellen, \u00fcber die unter anderem auch digitale Aufzeichnungen des gesprochenen Wortes m\u00f6glich sind.\n<\/p>\n<h2>\u00bbfrontrow\u00ab \u2013 markante Leistungsmerkmale:<\/h2>\n<ul>\n<li>Leistungsf\u00e4hige Adapto\u00ae-Digitalplattform<\/li>\n<li>optimale Klangqualit\u00e4t \/ automatische Unterdr\u00fcckung von R\u00fcckkopplungen<\/li>\n<li>12-Band Equalizer<\/li>\n<li>Team-Teaching-Betrieb mit bis zu zwei Lehrermikrofonen (Sender mit Kordel) und bis zu vier Sch\u00fclermikrofonen<\/li>\n<li>zentrale Lautst\u00e4rke-Einstellung f\u00fcr jedes einzelne Mikrofon<\/li>\n<li>Priorit\u00e4tseinstellungen: Absenkung der Sch\u00fclermikrofon-Pegel w\u00e4hrend die Lehrkraft spricht.<\/li>\n<li>Individuelle Einstellungen zur Optimierung des Sprachverstehens (OptiVoice)<\/li>\n<li>Bedienung der Kern-Funktionen via Sprachsteuerung, z.B. Ein-\/Ausschalten der Aufnahmen<\/li>\n<li>Voller Raumklang \u00fcber zwei Mittel-Hochtonsysteme und einen Basslautsprecher<\/li>\n<li>Wahl der IR-Sendeleistung: gr\u00f6\u00dfte Reichweite oder lange Laufzeit<\/li>\n<li>Class2Class-Funktion: Verbindung zweier Systeme zum Beispiel per Skype\u2122<\/li>\n<li>Individuelle Namenszuweisung f\u00fcr Mikrofone und Audioeing\u00e4nge<\/li>\n<li>Programmierung\/Kanalzuweisung f\u00fcr Mikrofone (7 Kan\u00e4le)<\/li>\n<li>Tonaufzeichnung parallel zu den Darstellungen auf von interaktiven Whiteboards<\/li>\n<\/ul>\n<div class=\"klappe open\">\n<div class=\"inhalt\">\n<table class=\"ce-table techDat collapse\">\n<tbody>\n<tr>\n<td>bertragungstyp:<\/td>\n<td>Infrarot<\/td>\n<\/tr>\n<tr>\n<td>Sendefrequenz:<\/td>\n<td>2,1MHz \/ 2,3MHz \/ 2,4 MHz \/ 2,8 MHz \/ 3,3 MHz \/3.6 MHz programmierbar<\/td>\n<\/tr>\n<tr>\n<td>Frequenzgang:<\/td>\n<td>70 Hz &#8211; 8 kHz<\/td>\n<\/tr>\n<tr>\n<td>Mikrofon:<\/td>\n<td>unidirektional<\/td>\n<\/tr>\n<tr>\n<td>Akkulaufzeit:<\/td>\n<td>7 Stunden (typisch)<\/td>\n<\/tr>\n<tr>\n<td>Akkutyp:<\/td>\n<td>Li-Ion, 3,7 V 850mAh<\/td>\n<\/tr>\n<tr>\n<td>Arbeitsbereich:<\/td>\n<td>12,2 \/ 40-Fu\u00df-, Sichtlinie (typisch)<\/td>\n<\/tr>\n<tr>\n<td>Gr\u00f6\u00dfe (BxHxT):<\/td>\n<td>3,8 x 14,7 x 2,2 cm<\/td>\n<\/tr>\n<tr>\n<td>Gewicht:<\/td>\n<td>70.8g<\/td>\n<\/tr>\n<\/tbody>\n<\/table><\/div>\n<\/div>\n<h2>Ein-\/ Ausg\u00e4nge<\/h2>\n<ul>\n<li>Eingangsstromanschluss<\/li>\n<li>Cinch-Buchsen f\u00fcr externe Sensoranschluss<\/li>\n<li>3,5-mm-Audioausgang<\/li>\n<li>Stereo-Cinch-Audio-IN-Buchsen (Stereo Sound-Ausgabe)<\/li>\n<li>3,5-mm-Stereo-Audio-Eingang (Stereo-Sound-Ausgabe)<\/li>\n<li>Serieller Port f\u00fcr Mikrofon-Ladeanschluss oder Programmierung<\/li>\n<li>serielle Kommunikations-Schnittstelle<\/li>\n<\/ul>\n<p>\n\u00a0<\/p>\n","protected":false},"excerpt":{"rendered":"<p>\u00bbfrontrow\u00ab ist ein drahtloses digitales Infrarot-Sprach\u00fcbertragungssystem, besonders f\u00fcr den Einsatz im Schulunterricht. Die Lautst\u00e4rken-Gleichm\u00e4\u00dfigkeit und -Klarheit der jeweils \u00fcbertragenen Stimmen von Lehrern und Sch\u00fclern sowie Audio-Medien im Klassenraum stellt die klare Verst\u00e4ndlichkeit in allen Raumbereichen sicher \u2013 bis in die \u00bbletzte Bank\u00ab.<\/p>\n","protected":false},"featured_media":6004,"template":"","meta":{"inline_featured_image":false,"_uag_custom_page_level_css":"","site-sidebar-layout":"default","site-content-layout":"","ast-site-content-layout":"default","site-content-style":"default","site-sidebar-style":"default","ast-global-header-display":"","ast-banner-title-visibility":"","ast-main-header-display":"","ast-hfb-above-header-display":"","ast-hfb-below-header-display":"","ast-hfb-mobile-header-display":"","site-post-title":"","ast-breadcrumbs-content":"","ast-featured-img":"","footer-sml-layout":"","ast-disable-related-posts":"","theme-transparent-header-meta":"","adv-header-id-meta":"","stick-header-meta":"","header-above-stick-meta":"","header-main-stick-meta":"","header-below-stick-meta":"","astra-migrate-meta-layouts":"default","ast-page-background-enabled":"default","ast-page-background-meta":{"desktop":{"background-color":"","background-image":"","background-repeat":"repeat","background-position":"center center","background-size":"auto","background-attachment":"scroll","background-type":"","background-media":"","overlay-type":"","overlay-color":"","overlay-opacity":"","overlay-gradient":""},"tablet":{"background-color":"","background-image":"","background-repeat":"repeat","background-position":"center center","background-size":"auto","background-attachment":"scroll","background-type":"","background-media":"","overlay-type":"","overlay-color":"","overlay-opacity":"","overlay-gradient":""},"mobile":{"background-color":"","background-image":"","background-repeat":"repeat","background-position":"center center","background-size":"auto","background-attachment":"scroll","background-type":"","background-media":"","overlay-type":"","overlay-color":"","overlay-opacity":"","overlay-gradient":""}},"ast-content-background-meta":{"desktop":{"background-color":"var(--ast-global-color-5)","background-image":"","background-repeat":"repeat","background-position":"center center","background-size":"auto","background-attachment":"scroll","background-type":"","background-media":"","overlay-type":"","overlay-color":"","overlay-opacity":"","overlay-gradient":""},"tablet":{"background-color":"var(--ast-global-color-5)","background-image":"","background-repeat":"repeat","background-position":"center center","background-size":"auto","background-attachment":"scroll","background-type":"","background-media":"","overlay-type":"","overlay-color":"","overlay-opacity":"","overlay-gradient":""},"mobile":{"background-color":"var(--ast-global-color-5)","background-image":"","background-repeat":"repeat","background-position":"center center","background-size":"auto","background-attachment":"scroll","background-type":"","background-media":"","overlay-type":"","overlay-color":"","overlay-opacity":"","overlay-gradient":""}}},"product_brand":[],"product_cat":[1776],"product_tag":[],"class_list":{"0":"post-6006","1":"product","2":"type-product","3":"status-publish","4":"has-post-thumbnail","6":"product_cat-unkategorisiert","7":"desktop-align-center","8":"tablet-align-center","9":"mobile-align-center","10":"ast-product-gallery-layout-horizontal-slider","11":"ast-product-gallery-with-no-image","12":"ast-product-tabs-layout-accordion","14":"first","15":"outofstock","16":"taxable","17":"shipping-taxable","18":"purchasable","19":"product-type-simple"},"yoast_head":"<!-- This site is optimized with the Yoast SEO plugin v27.6 - https:\/\/yoast.com\/product\/yoast-seo-wordpress\/ -->\n<title>frontrow Juno Tower Starter Set Soundfield im Onlineshop | Gleichcom AG<\/title>\n<meta name=\"description\" content=\"\u2705 \u00bbfrontrow\u00ab ist ein drahtloses digitales Infrarot-Sprach\u00fcbertragungssystem, besonders f\u00fcr den Einsatz im Schulunterricht. Die Lautst\u00e4rken-Gleichm\u00e4\u00dfigkeit und -Klarheit der jeweils \u00fcbertragenen Stimmen von Lehrern und Sch\u00fclern sowie Audio-Medien im Klassenraum stellt die klare Verst\u00e4ndlichkeit in allen Raumbereichen sicher \u2013 bis in die \u00bbletzte Bank\u00ab.\" \/>\n<meta name=\"robots\" content=\"noindex, follow, max-snippet:-1, max-image-preview:large, max-video-preview:-1\" \/>\n<meta property=\"og:locale\" content=\"fr_FR\" \/>\n<meta property=\"og:type\" content=\"article\" \/>\n<meta property=\"og:title\" content=\"frontrow Juno Tower Starter Set Soundfield im Onlineshop | Gleichcom AG\" \/>\n<meta property=\"og:description\" content=\"\u2705 \u00bbfrontrow\u00ab ist ein drahtloses digitales Infrarot-Sprach\u00fcbertragungssystem, besonders f\u00fcr den Einsatz im Schulunterricht. Die Lautst\u00e4rken-Gleichm\u00e4\u00dfigkeit und -Klarheit der jeweils \u00fcbertragenen Stimmen von Lehrern und Sch\u00fclern sowie Audio-Medien im Klassenraum stellt die klare Verst\u00e4ndlichkeit in allen Raumbereichen sicher \u2013 bis in die \u00bbletzte Bank\u00ab.\" \/>\n<meta property=\"og:url\" content=\"https:\/\/www.gleichcom.samuraidev.ch\/fr\/shop\/drahtloser-empfangs-lautsprecher-pro-ton-sp-100s-1178\/\" \/>\n<meta property=\"og:site_name\" content=\"Gleichcom AG\" \/>\n<meta property=\"article:publisher\" content=\"https:\/\/www.facebook.com\/profile.php?id=100068749126981\" \/>\n<meta property=\"og:image\" content=\"https:\/\/www.gleichcom.samuraidev.ch\/wp-content\/uploads\/2023\/09\/Frontrow.png\" \/>\n\t<meta property=\"og:image:width\" content=\"500\" \/>\n\t<meta property=\"og:image:height\" content=\"500\" \/>\n\t<meta property=\"og:image:type\" content=\"image\/png\" \/>\n<meta name=\"twitter:card\" content=\"summary_large_image\" \/>\n<script type=\"application\/ld+json\" class=\"yoast-schema-graph\">{\"@context\":\"https:\\\/\\\/schema.org\",\"@graph\":[{\"@type\":\"WebPage\",\"@id\":\"https:\\\/\\\/www.gleichcom.samuraidev.ch\\\/fr\\\/shop\\\/drahtloser-empfangs-lautsprecher-pro-ton-sp-100s-1178\\\/\",\"url\":\"https:\\\/\\\/www.gleichcom.samuraidev.ch\\\/fr\\\/shop\\\/drahtloser-empfangs-lautsprecher-pro-ton-sp-100s-1178\\\/\",\"name\":\"frontrow Juno Tower Starter Set Soundfield im Onlineshop | Gleichcom AG\",\"isPartOf\":{\"@id\":\"https:\\\/\\\/www.gleichcom.samuraidev.ch\\\/fr\\\/#website\"},\"primaryImageOfPage\":{\"@id\":\"https:\\\/\\\/www.gleichcom.samuraidev.ch\\\/fr\\\/shop\\\/drahtloser-empfangs-lautsprecher-pro-ton-sp-100s-1178\\\/#primaryimage\"},\"image\":{\"@id\":\"https:\\\/\\\/www.gleichcom.samuraidev.ch\\\/fr\\\/shop\\\/drahtloser-empfangs-lautsprecher-pro-ton-sp-100s-1178\\\/#primaryimage\"},\"thumbnailUrl\":\"https:\\\/\\\/www.gleichcom.samuraidev.ch\\\/wp-content\\\/uploads\\\/2023\\\/09\\\/Frontrow.png\",\"datePublished\":\"2018-09-17T19:58:24+00:00\",\"description\":\"\u2705 \u00bbfrontrow\u00ab ist ein drahtloses digitales Infrarot-Sprach\u00fcbertragungssystem, besonders f\u00fcr den Einsatz im Schulunterricht. Die Lautst\u00e4rken-Gleichm\u00e4\u00dfigkeit und -Klarheit der jeweils \u00fcbertragenen Stimmen von Lehrern und Sch\u00fclern sowie Audio-Medien im Klassenraum stellt die klare Verst\u00e4ndlichkeit in allen Raumbereichen sicher \u2013 bis in die \u00bbletzte Bank\u00ab.\",\"breadcrumb\":{\"@id\":\"https:\\\/\\\/www.gleichcom.samuraidev.ch\\\/fr\\\/shop\\\/drahtloser-empfangs-lautsprecher-pro-ton-sp-100s-1178\\\/#breadcrumb\"},\"inLanguage\":\"fr-FR\",\"potentialAction\":[{\"@type\":\"ReadAction\",\"target\":[\"https:\\\/\\\/www.gleichcom.samuraidev.ch\\\/fr\\\/shop\\\/drahtloser-empfangs-lautsprecher-pro-ton-sp-100s-1178\\\/\"]}]},{\"@type\":\"ImageObject\",\"inLanguage\":\"fr-FR\",\"@id\":\"https:\\\/\\\/www.gleichcom.samuraidev.ch\\\/fr\\\/shop\\\/drahtloser-empfangs-lautsprecher-pro-ton-sp-100s-1178\\\/#primaryimage\",\"url\":\"https:\\\/\\\/www.gleichcom.samuraidev.ch\\\/wp-content\\\/uploads\\\/2023\\\/09\\\/Frontrow.png\",\"contentUrl\":\"https:\\\/\\\/www.gleichcom.samuraidev.ch\\\/wp-content\\\/uploads\\\/2023\\\/09\\\/Frontrow.png\",\"width\":500,\"height\":500},{\"@type\":\"BreadcrumbList\",\"@id\":\"https:\\\/\\\/www.gleichcom.samuraidev.ch\\\/fr\\\/shop\\\/drahtloser-empfangs-lautsprecher-pro-ton-sp-100s-1178\\\/#breadcrumb\",\"itemListElement\":[{\"@type\":\"ListItem\",\"position\":1,\"name\":\"Startseite\",\"item\":\"https:\\\/\\\/www.gleichcom.samuraidev.ch\\\/fr\\\/\"},{\"@type\":\"ListItem\",\"position\":2,\"name\":\"Shop\",\"item\":\"https:\\\/\\\/www.gleichcom.samuraidev.ch\\\/fr\\\/shop\\\/\"},{\"@type\":\"ListItem\",\"position\":3,\"name\":\"frontrow Juno Tower Starter Set Soundfield\"}]},{\"@type\":\"WebSite\",\"@id\":\"https:\\\/\\\/www.gleichcom.samuraidev.ch\\\/fr\\\/#website\",\"url\":\"https:\\\/\\\/www.gleichcom.samuraidev.ch\\\/fr\\\/\",\"name\":\"Gleichcom AG\",\"description\":\"besser h\u00f6ren. besser sehen. besser leben.\",\"publisher\":{\"@id\":\"https:\\\/\\\/www.gleichcom.samuraidev.ch\\\/fr\\\/#organization\"},\"alternateName\":\"Gleichcom\",\"potentialAction\":[{\"@type\":\"SearchAction\",\"target\":{\"@type\":\"EntryPoint\",\"urlTemplate\":\"https:\\\/\\\/www.gleichcom.samuraidev.ch\\\/fr\\\/?s={search_term_string}\"},\"query-input\":{\"@type\":\"PropertyValueSpecification\",\"valueRequired\":true,\"valueName\":\"search_term_string\"}}],\"inLanguage\":\"fr-FR\"},{\"@type\":\"Organization\",\"@id\":\"https:\\\/\\\/www.gleichcom.samuraidev.ch\\\/fr\\\/#organization\",\"name\":\"Gleichcom AG\",\"alternateName\":\"Gleichcom\",\"url\":\"https:\\\/\\\/www.gleichcom.samuraidev.ch\\\/fr\\\/\",\"logo\":{\"@type\":\"ImageObject\",\"inLanguage\":\"fr-FR\",\"@id\":\"https:\\\/\\\/www.gleichcom.samuraidev.ch\\\/fr\\\/#\\\/schema\\\/logo\\\/image\\\/\",\"url\":\"https:\\\/\\\/www.gleichcom.samuraidev.ch\\\/wp-content\\\/uploads\\\/2023\\\/09\\\/gleichcom-ag-logo-quadrat-farbig-mitte@696.png\",\"contentUrl\":\"https:\\\/\\\/www.gleichcom.samuraidev.ch\\\/wp-content\\\/uploads\\\/2023\\\/09\\\/gleichcom-ag-logo-quadrat-farbig-mitte@696.png\",\"width\":437,\"height\":437,\"caption\":\"Gleichcom AG\"},\"image\":{\"@id\":\"https:\\\/\\\/www.gleichcom.samuraidev.ch\\\/fr\\\/#\\\/schema\\\/logo\\\/image\\\/\"},\"sameAs\":[\"https:\\\/\\\/www.facebook.com\\\/profile.php?id=100068749126981\"]}]}<\/script>\n<!-- \/ Yoast SEO plugin. -->","yoast_head_json":{"title":"frontrow Juno Tower Starter Set Soundfield im Onlineshop | Gleichcom AG","description":"\u2705 \u00bbfrontrow\u00ab ist ein drahtloses digitales Infrarot-Sprach\u00fcbertragungssystem, besonders f\u00fcr den Einsatz im Schulunterricht. Die Lautst\u00e4rken-Gleichm\u00e4\u00dfigkeit und -Klarheit der jeweils \u00fcbertragenen Stimmen von Lehrern und Sch\u00fclern sowie Audio-Medien im Klassenraum stellt die klare Verst\u00e4ndlichkeit in allen Raumbereichen sicher \u2013 bis in die \u00bbletzte Bank\u00ab.","robots":{"index":"noindex","follow":"follow","max-snippet":"max-snippet:-1","max-image-preview":"max-image-preview:large","max-video-preview":"max-video-preview:-1"},"og_locale":"fr_FR","og_type":"article","og_title":"frontrow Juno Tower Starter Set Soundfield im Onlineshop | Gleichcom AG","og_description":"\u2705 \u00bbfrontrow\u00ab ist ein drahtloses digitales Infrarot-Sprach\u00fcbertragungssystem, besonders f\u00fcr den Einsatz im Schulunterricht. Die Lautst\u00e4rken-Gleichm\u00e4\u00dfigkeit und -Klarheit der jeweils \u00fcbertragenen Stimmen von Lehrern und Sch\u00fclern sowie Audio-Medien im Klassenraum stellt die klare Verst\u00e4ndlichkeit in allen Raumbereichen sicher \u2013 bis in die \u00bbletzte Bank\u00ab.","og_url":"https:\/\/www.gleichcom.samuraidev.ch\/fr\/shop\/drahtloser-empfangs-lautsprecher-pro-ton-sp-100s-1178\/","og_site_name":"Gleichcom AG","article_publisher":"https:\/\/www.facebook.com\/profile.php?id=100068749126981","og_image":[{"width":500,"height":500,"url":"https:\/\/www.gleichcom.samuraidev.ch\/wp-content\/uploads\/2023\/09\/Frontrow.png","type":"image\/png"}],"twitter_card":"summary_large_image","schema":{"@context":"https:\/\/schema.org","@graph":[{"@type":"WebPage","@id":"https:\/\/www.gleichcom.samuraidev.ch\/fr\/shop\/drahtloser-empfangs-lautsprecher-pro-ton-sp-100s-1178\/","url":"https:\/\/www.gleichcom.samuraidev.ch\/fr\/shop\/drahtloser-empfangs-lautsprecher-pro-ton-sp-100s-1178\/","name":"frontrow Juno Tower Starter Set Soundfield im Onlineshop | Gleichcom AG","isPartOf":{"@id":"https:\/\/www.gleichcom.samuraidev.ch\/fr\/#website"},"primaryImageOfPage":{"@id":"https:\/\/www.gleichcom.samuraidev.ch\/fr\/shop\/drahtloser-empfangs-lautsprecher-pro-ton-sp-100s-1178\/#primaryimage"},"image":{"@id":"https:\/\/www.gleichcom.samuraidev.ch\/fr\/shop\/drahtloser-empfangs-lautsprecher-pro-ton-sp-100s-1178\/#primaryimage"},"thumbnailUrl":"https:\/\/www.gleichcom.samuraidev.ch\/wp-content\/uploads\/2023\/09\/Frontrow.png","datePublished":"2018-09-17T19:58:24+00:00","description":"\u2705 \u00bbfrontrow\u00ab ist ein drahtloses digitales Infrarot-Sprach\u00fcbertragungssystem, besonders f\u00fcr den Einsatz im Schulunterricht. Die Lautst\u00e4rken-Gleichm\u00e4\u00dfigkeit und -Klarheit der jeweils \u00fcbertragenen Stimmen von Lehrern und Sch\u00fclern sowie Audio-Medien im Klassenraum stellt die klare Verst\u00e4ndlichkeit in allen Raumbereichen sicher \u2013 bis in die \u00bbletzte Bank\u00ab.","breadcrumb":{"@id":"https:\/\/www.gleichcom.samuraidev.ch\/fr\/shop\/drahtloser-empfangs-lautsprecher-pro-ton-sp-100s-1178\/#breadcrumb"},"inLanguage":"fr-FR","potentialAction":[{"@type":"ReadAction","target":["https:\/\/www.gleichcom.samuraidev.ch\/fr\/shop\/drahtloser-empfangs-lautsprecher-pro-ton-sp-100s-1178\/"]}]},{"@type":"ImageObject","inLanguage":"fr-FR","@id":"https:\/\/www.gleichcom.samuraidev.ch\/fr\/shop\/drahtloser-empfangs-lautsprecher-pro-ton-sp-100s-1178\/#primaryimage","url":"https:\/\/www.gleichcom.samuraidev.ch\/wp-content\/uploads\/2023\/09\/Frontrow.png","contentUrl":"https:\/\/www.gleichcom.samuraidev.ch\/wp-content\/uploads\/2023\/09\/Frontrow.png","width":500,"height":500},{"@type":"BreadcrumbList","@id":"https:\/\/www.gleichcom.samuraidev.ch\/fr\/shop\/drahtloser-empfangs-lautsprecher-pro-ton-sp-100s-1178\/#breadcrumb","itemListElement":[{"@type":"ListItem","position":1,"name":"Startseite","item":"https:\/\/www.gleichcom.samuraidev.ch\/fr\/"},{"@type":"ListItem","position":2,"name":"Shop","item":"https:\/\/www.gleichcom.samuraidev.ch\/fr\/shop\/"},{"@type":"ListItem","position":3,"name":"frontrow Juno Tower Starter Set Soundfield"}]},{"@type":"WebSite","@id":"https:\/\/www.gleichcom.samuraidev.ch\/fr\/#website","url":"https:\/\/www.gleichcom.samuraidev.ch\/fr\/","name":"Gleichcom AG","description":"besser h\u00f6ren. besser sehen. besser leben.","publisher":{"@id":"https:\/\/www.gleichcom.samuraidev.ch\/fr\/#organization"},"alternateName":"Gleichcom","potentialAction":[{"@type":"SearchAction","target":{"@type":"EntryPoint","urlTemplate":"https:\/\/www.gleichcom.samuraidev.ch\/fr\/?s={search_term_string}"},"query-input":{"@type":"PropertyValueSpecification","valueRequired":true,"valueName":"search_term_string"}}],"inLanguage":"fr-FR"},{"@type":"Organization","@id":"https:\/\/www.gleichcom.samuraidev.ch\/fr\/#organization","name":"Gleichcom AG","alternateName":"Gleichcom","url":"https:\/\/www.gleichcom.samuraidev.ch\/fr\/","logo":{"@type":"ImageObject","inLanguage":"fr-FR","@id":"https:\/\/www.gleichcom.samuraidev.ch\/fr\/#\/schema\/logo\/image\/","url":"https:\/\/www.gleichcom.samuraidev.ch\/wp-content\/uploads\/2023\/09\/gleichcom-ag-logo-quadrat-farbig-mitte@696.png","contentUrl":"https:\/\/www.gleichcom.samuraidev.ch\/wp-content\/uploads\/2023\/09\/gleichcom-ag-logo-quadrat-farbig-mitte@696.png","width":437,"height":437,"caption":"Gleichcom AG"},"image":{"@id":"https:\/\/www.gleichcom.samuraidev.ch\/fr\/#\/schema\/logo\/image\/"},"sameAs":["https:\/\/www.facebook.com\/profile.php?id=100068749126981"]}]}},"uagb_featured_image_src":{"full":["https:\/\/www.gleichcom.samuraidev.ch\/wp-content\/uploads\/2023\/09\/Frontrow.png",500,500,false],"thumbnail":["https:\/\/www.gleichcom.samuraidev.ch\/wp-content\/uploads\/2023\/09\/Frontrow.png",150,150,false],"medium":["https:\/\/www.gleichcom.samuraidev.ch\/wp-content\/uploads\/2023\/09\/Frontrow.png",300,300,false],"medium_large":["https:\/\/www.gleichcom.samuraidev.ch\/wp-content\/uploads\/2023\/09\/Frontrow.png",500,500,false],"large":["https:\/\/www.gleichcom.samuraidev.ch\/wp-content\/uploads\/2023\/09\/Frontrow.png",500,500,false],"1536x1536":["https:\/\/www.gleichcom.samuraidev.ch\/wp-content\/uploads\/2023\/09\/Frontrow.png",500,500,false],"2048x2048":["https:\/\/www.gleichcom.samuraidev.ch\/wp-content\/uploads\/2023\/09\/Frontrow.png",500,500,false],"woocommerce_thumbnail":["https:\/\/www.gleichcom.samuraidev.ch\/wp-content\/uploads\/2023\/09\/Frontrow.png",300,300,false],"woocommerce_single":["https:\/\/www.gleichcom.samuraidev.ch\/wp-content\/uploads\/2023\/09\/Frontrow.png",500,500,false],"woocommerce_gallery_thumbnail":["https:\/\/www.gleichcom.samuraidev.ch\/wp-content\/uploads\/2023\/09\/Frontrow.png",100,100,false]},"uagb_author_info":{"display_name":"","author_link":"https:\/\/www.gleichcom.samuraidev.ch\/fr\/author\/"},"uagb_comment_info":0,"uagb_excerpt":"\u00bbfrontrow\u00ab ist ein drahtloses digitales Infrarot-Sprach\u00fcbertragungssystem, besonders f\u00fcr den Einsatz im Schulunterricht. Die Lautst\u00e4rken-Gleichm\u00e4\u00dfigkeit und -Klarheit der jeweils \u00fcbertragenen Stimmen von Lehrern und Sch\u00fclern sowie Audio-Medien im Klassenraum stellt die klare Verst\u00e4ndlichkeit in allen Raumbereichen sicher \u2013 bis in die \u00bbletzte Bank\u00ab.","_links":{"self":[{"href":"https:\/\/www.gleichcom.samuraidev.ch\/fr\/wp-json\/wp\/v2\/product\/6006","targetHints":{"allow":["GET"]}}],"collection":[{"href":"https:\/\/www.gleichcom.samuraidev.ch\/fr\/wp-json\/wp\/v2\/product"}],"about":[{"href":"https:\/\/www.gleichcom.samuraidev.ch\/fr\/wp-json\/wp\/v2\/types\/product"}],"wp:featuredmedia":[{"embeddable":true,"href":"https:\/\/www.gleichcom.samuraidev.ch\/fr\/wp-json\/wp\/v2\/media\/6004"}],"wp:attachment":[{"href":"https:\/\/www.gleichcom.samuraidev.ch\/fr\/wp-json\/wp\/v2\/media?parent=6006"}],"wp:term":[{"taxonomy":"product_brand","embeddable":true,"href":"https:\/\/www.gleichcom.samuraidev.ch\/fr\/wp-json\/wp\/v2\/product_brand?post=6006"},{"taxonomy":"product_cat","embeddable":true,"href":"https:\/\/www.gleichcom.samuraidev.ch\/fr\/wp-json\/wp\/v2\/product_cat?post=6006"},{"taxonomy":"product_tag","embeddable":true,"href":"https:\/\/www.gleichcom.samuraidev.ch\/fr\/wp-json\/wp\/v2\/product_tag?post=6006"}],"curies":[{"name":"wp","href":"https:\/\/api.w.org\/{rel}","templated":true}]}}