{"id":6159,"date":"2018-09-23T08:43:08","date_gmt":"2018-09-23T06:43:08","guid":{"rendered":"https:\/\/www.gleichcom.samuraidev.ch\/?product=schwerhoerigen-telefon-mit-notruf-mobilteil-amplidect-295-sos-pro-geemarc"},"modified":"1000-01-01T00:00:00","modified_gmt":"1000-01-01T00:00:00","slug":"schwerhoerigen-telefon-mit-notruf-mobilteil-amplidect-295-sos-pro-geemarc","status":"publish","type":"product","link":"https:\/\/www.gleichcom.samuraidev.ch\/fr\/shop\/schwerhoerigen-telefon-mit-notruf-mobilteil-amplidect-295-sos-pro-geemarc\/","title":{"rendered":"T\u00e9l\u00e9phone pour malentendants avec combin\u00e9 d&rsquo;appel d&rsquo;urgence Geemarc AmpliDECT 295 SOS Pro"},"content":{"rendered":"<p><span style=\"color:#000000;\"><span style=\"font-size:16px;\"><strong>T\u00e9l\u00e9phone pour malentendants avec combin\u00e9 d&rsquo;appel d&rsquo;urgence Geemarc AmpliDECT 295 SOS Pro<\/strong><\/span><br \/>\n\u00a0<br \/>\n<strong>T\u00e9l\u00e9phone pratique pour les personnes \u00e2g\u00e9es<\/strong><br \/>\nCe t\u00e9l\u00e9phone est le bon choix pour vous si vous avez souvent des difficult\u00e9s \u00e0 comprendre votre interlocuteur au t\u00e9l\u00e9phone et si les t\u00e9l\u00e9phones standard sont trop compliqu\u00e9s et d\u00e9routants ! Ce t\u00e9l\u00e9phone sans fil, compatible avec les aides auditives, dispose d&rsquo;un volume de combin\u00e9 r\u00e9glable jusqu&rsquo;\u00e0 30 dB et d&rsquo;une fonction mains libres pratique ainsi que d&rsquo;un r\u00e9pondeur t\u00e9l\u00e9phonique. L&rsquo;\u00e9cran LCD extra-large est dot\u00e9 d&rsquo;un r\u00e9tro\u00e9clairage int\u00e9gr\u00e9 convivial. De plus, de larges touches et une police de caract\u00e8res extra-large facilitent l&rsquo;utilisation du t\u00e9l\u00e9phone.<br \/>\n\u00a0<br \/>\n<strong>Avec combin\u00e9 d&rsquo;appel d&rsquo;urgence suppl\u00e9mentaire<\/strong><br \/>\nLa particularit\u00e9 de ce t\u00e9l\u00e9phone est le combin\u00e9 d&rsquo;appel d&rsquo;urgence inclus. Il peut facilement \u00eatre emport\u00e9 avec vous lorsque vous travaillez dans la maison ou dans le jardin &#8211; vous pouvez donc imm\u00e9diatement appeler \u00e0 l&rsquo;aide en cas d&rsquo;urgence. Vous pouvez prendre des appels \u00e0 partir du combin\u00e9 connect\u00e9 au t\u00e9l\u00e9phone. Il dispose de deux touches de num\u00e9rotation directe et de sa propre commande de volume pour la sonnerie et le haut-parleur. Le combin\u00e9 dispose \u00e9galement d&rsquo;une touche SOS qui permet de composer quatre num\u00e9ros d&rsquo;urgence pr\u00e9c\u00e9demment m\u00e9moris\u00e9s. Il est possible d&rsquo;enregistrer et de sauvegarder votre propre annonce d&rsquo;urgence \u00e0 l&rsquo;avance. Cette fonction est activ\u00e9e lorsque l&rsquo;appel d&rsquo;urgence est r\u00e9pondu par l&rsquo;un des num\u00e9ros.<br \/>\n\u00a0<br \/>\n<strong>En un coup d&rsquo;\u0153il:<\/strong><\/p>\n<p><strong>T\u00e9l\u00e9phone sans fil renforc\u00e9 avec combin\u00e9 d&rsquo;urgence:<\/strong><\/span><\/p>\n<ul>\n<li><span style=\"color:#000000;\">Facile \u00e0 utiliser<\/span><\/li>\n<li><span style=\"color:#000000;\">Volume du combin\u00e9 r\u00e9glable jusqu&rsquo;\u00e0 30 dB<\/span><\/li>\n<li><span style=\"color:#000000;\">M\u00e9lodies tr\u00e8s fortes: jusqu&rsquo;\u00e0 75 dB sur le combin\u00e9 et 80 dB sur l&rsquo;unit\u00e9 de basse<\/span><\/li>\n<li>\n<div>\n\t\t\u00a0\n\t<\/div>\n<\/li>\n<li>\n<div>\n\t\t<span style=\"color:#000000;\">fonction mains-libres<\/span>\n\t<\/div>\n<\/li>\n<li><span style=\"color:#000000;\">R\u00e9pertoire : 50 entr\u00e9es<\/span><\/li>\n<li><span style=\"color:#000000;\">Recomposition des 10 derniers num\u00e9ros compos\u00e9s<\/span><\/li>\n<li><span style=\"color:#000000;\">fonction de sourdine<\/span><\/li>\n<li><span style=\"color:#000000;\">5 sonneries polyphoniques et 5 sonneries normales<\/span><\/li>\n<li><span style=\"color:#000000;\">Combin\u00e9 ergonomique<\/span><\/li>\n<li><span style=\"color:#000000;\">Touches extra-larges<\/span><\/li>\n<li><span style=\"color:#000000;\">tonique<\/span><\/li>\n<li><span style=\"color:#000000;\">Possibilit\u00e9 d&rsquo;utiliser jusqu&rsquo;\u00e0 5 combin\u00e9s suppl\u00e9mentaires par base<\/span><\/li>\n<li><span style=\"color:#000000;\">4 jours en veille<\/span><\/li>\n<li><span style=\"color:#000000;\">Autonomie en communication continue : 8 heures<\/span><\/li>\n<li><span style=\"color:#000000;\"><strong>Combin\u00e9 d&rsquo;appel d&rsquo;urgence:<\/strong><\/span><\/li>\n<li><span style=\"color:#000000;\">Coupl\u00e9 \u00e0 la base<\/span><\/li>\n<li><span style=\"color:#000000;\">R\u00e9pondre aux appels entrants<\/span><\/li>\n<li><span style=\"color:#000000;\">fonction mains-libres<\/span><\/li>\n<li><span style=\"color:#000000;\">Deux touches de num\u00e9rotation directe<\/span><\/li>\n<li><span style=\"color:#000000;\">4 num\u00e9ros d&rsquo;urgence m\u00e9moris\u00e9s au pr\u00e9alable s\u00e9lectionnables<\/span><\/li>\n<li><span style=\"color:#000000;\">Annonce d&rsquo;urgence propre ou annonce standard en trois langues (E\/D\/F) s\u00e9lectionnable<\/span><\/li>\n<li><span style=\"color:#000000;\">Volume de la sonnerie et de la conversation r\u00e9glable<\/span><\/li>\n<li><span style=\"color:#000000;\">Port\u00e9e : env. 30 m \u00e0 l&rsquo;int\u00e9rieur de la maison, 200 m \u00e0 l&rsquo;ext\u00e9rieur de la maison<\/span><\/li>\n<\/ul>\n<p><span style=\"color:#000000;\"> <strong>\u00c9cran LCD:<\/strong><\/span><\/p>\n<ul>\n<li><span style=\"color:#000000;\">R\u00e9tro-\u00e9clairage blanc<\/span><\/li>\n<li><span style=\"color:#000000;\">Taille de police 7 mm<\/span><\/li>\n<li><span style=\"color:#000000;\">Dimensions : 40&#215;40 mm<\/span><\/li>\n<li><span style=\"color:#000000;\">7 langues s\u00e9lectionnables : Anglais, Allemand, Fran\u00e7ais, Italien, N\u00e9erlandais, Espagnol, Italien, Russe et Allemand.<\/span><\/li>\n<\/ul>\n<p>\n<span style=\"color:#000000;\"><strong>R\u00e9pondeur int\u00e9gr\u00e9:<\/strong><\/span><\/p>\n<ul>\n<li><span style=\"color:#000000;\">15 minutes d&rsquo;enregistrement<\/span><\/li>\n<li><span style=\"color:#000000;\">Affichage des messages non lus<\/span><\/li>\n<li><span style=\"color:#000000;\">enqu\u00eate distante<\/span><\/li>\n<li><span style=\"color:#000000;\">Supprimer un seul message ou tous les messages<\/span><\/li>\n<\/ul>\n<p><span style=\"color:#000000;\"> \u00a0<br \/>\n<strong>Contenu de la livraison<\/strong><\/span><\/p>\n<ul>\n<li><span style=\"color:#000000;\">1 x t\u00e9l\u00e9phone sans fil (combin\u00e9)<\/span><\/li>\n<li><span style=\"color:#000000;\">1 x station de base<\/span><\/li>\n<li><span style=\"color:#000000;\">1 x adaptateur secteur<\/span><\/li>\n<li><span style=\"color:#000000;\">1 x bloc batterie NiMH 2,4V 500 mA NiMH<\/span><\/li>\n<li><span style=\"color:#000000;\">1 x Combin\u00e9 d&rsquo;appel d&rsquo;urgence SOS-PRO 295 avec station de base<\/span><\/li>\n<li><span style=\"color:#000000;\">1 x Mode d&#8217;emploi d\u00e9taill\u00e9<\/span><\/li>\n<\/ul>\n<p><span style=\"color:#000000;\"> \u00a0<\/span><br \/>\n<strong><a href=\"http:\/\/geemarc.com\/fr\/wp-content\/uploads\/sites\/3\/2017\/05\/UG-AMPLIDECT295-SOS-PRO-FR-v1-1-1.pdf\"><span style=\"color:#000000;\">Notice d&rsquo;utilisation<\/span><\/a><\/strong><\/p>\n","protected":false},"excerpt":{"rendered":"<p>AmpliDect 295 SOS Pro sans fil amplifi\u00e9 sans fil t\u00e9l\u00e9phone senior. Avec combin\u00e9 d&rsquo;urgence et quatre num\u00e9ros d&rsquo;urgence m\u00e9morisables. Compatible avec les aides auditives et avec des boutons extra-larges. Avec r\u00e9pondeur int\u00e9gr\u00e9.<\/p>\n","protected":false},"featured_media":6148,"template":"","meta":{"inline_featured_image":false,"_uag_custom_page_level_css":"","site-sidebar-layout":"default","site-content-layout":"","ast-site-content-layout":"default","site-content-style":"default","site-sidebar-style":"default","ast-global-header-display":"","ast-banner-title-visibility":"","ast-main-header-display":"","ast-hfb-above-header-display":"","ast-hfb-below-header-display":"","ast-hfb-mobile-header-display":"","site-post-title":"","ast-breadcrumbs-content":"","ast-featured-img":"","footer-sml-layout":"","ast-disable-related-posts":"","theme-transparent-header-meta":"","adv-header-id-meta":"","stick-header-meta":"","header-above-stick-meta":"","header-main-stick-meta":"","header-below-stick-meta":"","astra-migrate-meta-layouts":"default","ast-page-background-enabled":"default","ast-page-background-meta":{"desktop":{"background-color":"","background-image":"","background-repeat":"repeat","background-position":"center center","background-size":"auto","background-attachment":"scroll","background-type":"","background-media":"","overlay-type":"","overlay-color":"","overlay-opacity":"","overlay-gradient":""},"tablet":{"background-color":"","background-image":"","background-repeat":"repeat","background-position":"center center","background-size":"auto","background-attachment":"scroll","background-type":"","background-media":"","overlay-type":"","overlay-color":"","overlay-opacity":"","overlay-gradient":""},"mobile":{"background-color":"","background-image":"","background-repeat":"repeat","background-position":"center center","background-size":"auto","background-attachment":"scroll","background-type":"","background-media":"","overlay-type":"","overlay-color":"","overlay-opacity":"","overlay-gradient":""}},"ast-content-background-meta":{"desktop":{"background-color":"var(--ast-global-color-5)","background-image":"","background-repeat":"repeat","background-position":"center center","background-size":"auto","background-attachment":"scroll","background-type":"","background-media":"","overlay-type":"","overlay-color":"","overlay-opacity":"","overlay-gradient":""},"tablet":{"background-color":"var(--ast-global-color-5)","background-image":"","background-repeat":"repeat","background-position":"center center","background-size":"auto","background-attachment":"scroll","background-type":"","background-media":"","overlay-type":"","overlay-color":"","overlay-opacity":"","overlay-gradient":""},"mobile":{"background-color":"var(--ast-global-color-5)","background-image":"","background-repeat":"repeat","background-position":"center center","background-size":"auto","background-attachment":"scroll","background-type":"","background-media":"","overlay-type":"","overlay-color":"","overlay-opacity":"","overlay-gradient":""}}},"product_brand":[],"product_cat":[1776],"product_tag":[],"class_list":{"0":"post-6159","1":"product","2":"type-product","3":"status-publish","4":"has-post-thumbnail","6":"product_cat-unkategorisiert","7":"desktop-align-center","8":"tablet-align-center","9":"mobile-align-center","10":"ast-product-gallery-layout-horizontal-slider","11":"ast-product-tabs-layout-accordion","13":"first","14":"outofstock","15":"taxable","16":"shipping-taxable","17":"purchasable","18":"product-type-simple"},"yoast_head":"<!-- This site is optimized with the Yoast SEO plugin v27.5 - https:\/\/yoast.com\/product\/yoast-seo-wordpress\/ -->\n<title>T\u00e9l\u00e9phone pour malentendants avec combin\u00e9 d&#039;appel d&#039;urgence Geemarc AmpliDECT 295 SOS Pro im Onlineshop | Gleichcom AG<\/title>\n<meta name=\"description\" content=\"\u2705 AmpliDect 295 SOS Pro sans fil amplifi\u00e9 sans fil t\u00e9l\u00e9phone senior. Avec combin\u00e9 d&#039;urgence et quatre num\u00e9ros d&#039;urgence m\u00e9morisables. Compatible avec les aides auditives et avec des boutons extra-larges. Avec r\u00e9pondeur int\u00e9gr\u00e9.\" \/>\n<meta name=\"robots\" content=\"noindex, follow, max-snippet:-1, max-image-preview:large, max-video-preview:-1\" \/>\n<meta property=\"og:locale\" content=\"fr_FR\" \/>\n<meta property=\"og:type\" content=\"article\" \/>\n<meta property=\"og:title\" content=\"T\u00e9l\u00e9phone pour malentendants avec combin\u00e9 d&#039;appel d&#039;urgence Geemarc AmpliDECT 295 SOS Pro im Onlineshop | Gleichcom AG\" \/>\n<meta property=\"og:description\" content=\"\u2705 AmpliDect 295 SOS Pro sans fil amplifi\u00e9 sans fil t\u00e9l\u00e9phone senior. Avec combin\u00e9 d&#039;urgence et quatre num\u00e9ros d&#039;urgence m\u00e9morisables. Compatible avec les aides auditives et avec des boutons extra-larges. Avec r\u00e9pondeur int\u00e9gr\u00e9.\" \/>\n<meta property=\"og:url\" content=\"https:\/\/www.gleichcom.samuraidev.ch\/fr\/shop\/schwerhoerigen-telefon-mit-notruf-mobilteil-amplidect-295-sos-pro-geemarc\/\" \/>\n<meta property=\"og:site_name\" content=\"Gleichcom AG\" \/>\n<meta property=\"article:publisher\" content=\"https:\/\/www.facebook.com\/profile.php?id=100068749126981\" \/>\n<meta property=\"og:image\" content=\"https:\/\/www.gleichcom.samuraidev.ch\/wp-content\/uploads\/2023\/09\/AMPLIDECT295SOSPRO.jpg\" \/>\n\t<meta property=\"og:image:width\" content=\"500\" \/>\n\t<meta property=\"og:image:height\" content=\"423\" \/>\n\t<meta property=\"og:image:type\" content=\"image\/jpeg\" \/>\n<meta name=\"twitter:card\" content=\"summary_large_image\" \/>\n<script type=\"application\/ld+json\" class=\"yoast-schema-graph\">{\"@context\":\"https:\\\/\\\/schema.org\",\"@graph\":[{\"@type\":\"WebPage\",\"@id\":\"https:\\\/\\\/www.gleichcom.samuraidev.ch\\\/fr\\\/shop\\\/schwerhoerigen-telefon-mit-notruf-mobilteil-amplidect-295-sos-pro-geemarc\\\/\",\"url\":\"https:\\\/\\\/www.gleichcom.samuraidev.ch\\\/fr\\\/shop\\\/schwerhoerigen-telefon-mit-notruf-mobilteil-amplidect-295-sos-pro-geemarc\\\/\",\"name\":\"T\u00e9l\u00e9phone pour malentendants avec combin\u00e9 d'appel d'urgence Geemarc AmpliDECT 295 SOS Pro im Onlineshop | Gleichcom AG\",\"isPartOf\":{\"@id\":\"https:\\\/\\\/www.gleichcom.samuraidev.ch\\\/fr\\\/#website\"},\"primaryImageOfPage\":{\"@id\":\"https:\\\/\\\/www.gleichcom.samuraidev.ch\\\/fr\\\/shop\\\/schwerhoerigen-telefon-mit-notruf-mobilteil-amplidect-295-sos-pro-geemarc\\\/#primaryimage\"},\"image\":{\"@id\":\"https:\\\/\\\/www.gleichcom.samuraidev.ch\\\/fr\\\/shop\\\/schwerhoerigen-telefon-mit-notruf-mobilteil-amplidect-295-sos-pro-geemarc\\\/#primaryimage\"},\"thumbnailUrl\":\"https:\\\/\\\/www.gleichcom.samuraidev.ch\\\/wp-content\\\/uploads\\\/2023\\\/09\\\/AMPLIDECT295SOSPRO.jpg\",\"datePublished\":\"2018-09-23T06:43:08+00:00\",\"description\":\"\u2705 AmpliDect 295 SOS Pro sans fil amplifi\u00e9 sans fil t\u00e9l\u00e9phone senior. Avec combin\u00e9 d'urgence et quatre num\u00e9ros d'urgence m\u00e9morisables. Compatible avec les aides auditives et avec des boutons extra-larges. Avec r\u00e9pondeur int\u00e9gr\u00e9.\",\"breadcrumb\":{\"@id\":\"https:\\\/\\\/www.gleichcom.samuraidev.ch\\\/fr\\\/shop\\\/schwerhoerigen-telefon-mit-notruf-mobilteil-amplidect-295-sos-pro-geemarc\\\/#breadcrumb\"},\"inLanguage\":\"fr-FR\",\"potentialAction\":[{\"@type\":\"ReadAction\",\"target\":[\"https:\\\/\\\/www.gleichcom.samuraidev.ch\\\/fr\\\/shop\\\/schwerhoerigen-telefon-mit-notruf-mobilteil-amplidect-295-sos-pro-geemarc\\\/\"]}]},{\"@type\":\"ImageObject\",\"inLanguage\":\"fr-FR\",\"@id\":\"https:\\\/\\\/www.gleichcom.samuraidev.ch\\\/fr\\\/shop\\\/schwerhoerigen-telefon-mit-notruf-mobilteil-amplidect-295-sos-pro-geemarc\\\/#primaryimage\",\"url\":\"https:\\\/\\\/www.gleichcom.samuraidev.ch\\\/wp-content\\\/uploads\\\/2023\\\/09\\\/AMPLIDECT295SOSPRO.jpg\",\"contentUrl\":\"https:\\\/\\\/www.gleichcom.samuraidev.ch\\\/wp-content\\\/uploads\\\/2023\\\/09\\\/AMPLIDECT295SOSPRO.jpg\",\"width\":500,\"height\":423},{\"@type\":\"BreadcrumbList\",\"@id\":\"https:\\\/\\\/www.gleichcom.samuraidev.ch\\\/fr\\\/shop\\\/schwerhoerigen-telefon-mit-notruf-mobilteil-amplidect-295-sos-pro-geemarc\\\/#breadcrumb\",\"itemListElement\":[{\"@type\":\"ListItem\",\"position\":1,\"name\":\"Startseite\",\"item\":\"https:\\\/\\\/www.gleichcom.samuraidev.ch\\\/fr\\\/\"},{\"@type\":\"ListItem\",\"position\":2,\"name\":\"Shop\",\"item\":\"https:\\\/\\\/www.gleichcom.samuraidev.ch\\\/fr\\\/shop\\\/\"},{\"@type\":\"ListItem\",\"position\":3,\"name\":\"T\u00e9l\u00e9phone pour malentendants avec combin\u00e9 d&#8217;appel d&#8217;urgence Geemarc AmpliDECT 295 SOS Pro\"}]},{\"@type\":\"WebSite\",\"@id\":\"https:\\\/\\\/www.gleichcom.samuraidev.ch\\\/fr\\\/#website\",\"url\":\"https:\\\/\\\/www.gleichcom.samuraidev.ch\\\/fr\\\/\",\"name\":\"Gleichcom AG\",\"description\":\"besser h\u00f6ren. besser sehen. besser leben.\",\"publisher\":{\"@id\":\"https:\\\/\\\/www.gleichcom.samuraidev.ch\\\/fr\\\/#organization\"},\"alternateName\":\"Gleichcom\",\"potentialAction\":[{\"@type\":\"SearchAction\",\"target\":{\"@type\":\"EntryPoint\",\"urlTemplate\":\"https:\\\/\\\/www.gleichcom.samuraidev.ch\\\/fr\\\/?s={search_term_string}\"},\"query-input\":{\"@type\":\"PropertyValueSpecification\",\"valueRequired\":true,\"valueName\":\"search_term_string\"}}],\"inLanguage\":\"fr-FR\"},{\"@type\":\"Organization\",\"@id\":\"https:\\\/\\\/www.gleichcom.samuraidev.ch\\\/fr\\\/#organization\",\"name\":\"Gleichcom AG\",\"alternateName\":\"Gleichcom\",\"url\":\"https:\\\/\\\/www.gleichcom.samuraidev.ch\\\/fr\\\/\",\"logo\":{\"@type\":\"ImageObject\",\"inLanguage\":\"fr-FR\",\"@id\":\"https:\\\/\\\/www.gleichcom.samuraidev.ch\\\/fr\\\/#\\\/schema\\\/logo\\\/image\\\/\",\"url\":\"https:\\\/\\\/www.gleichcom.samuraidev.ch\\\/wp-content\\\/uploads\\\/2023\\\/09\\\/gleichcom-ag-logo-quadrat-farbig-mitte@696.png\",\"contentUrl\":\"https:\\\/\\\/www.gleichcom.samuraidev.ch\\\/wp-content\\\/uploads\\\/2023\\\/09\\\/gleichcom-ag-logo-quadrat-farbig-mitte@696.png\",\"width\":437,\"height\":437,\"caption\":\"Gleichcom AG\"},\"image\":{\"@id\":\"https:\\\/\\\/www.gleichcom.samuraidev.ch\\\/fr\\\/#\\\/schema\\\/logo\\\/image\\\/\"},\"sameAs\":[\"https:\\\/\\\/www.facebook.com\\\/profile.php?id=100068749126981\"]}]}<\/script>\n<!-- \/ Yoast SEO plugin. -->","yoast_head_json":{"title":"T\u00e9l\u00e9phone pour malentendants avec combin\u00e9 d'appel d'urgence Geemarc AmpliDECT 295 SOS Pro im Onlineshop | Gleichcom AG","description":"\u2705 AmpliDect 295 SOS Pro sans fil amplifi\u00e9 sans fil t\u00e9l\u00e9phone senior. Avec combin\u00e9 d'urgence et quatre num\u00e9ros d'urgence m\u00e9morisables. Compatible avec les aides auditives et avec des boutons extra-larges. Avec r\u00e9pondeur int\u00e9gr\u00e9.","robots":{"index":"noindex","follow":"follow","max-snippet":"max-snippet:-1","max-image-preview":"max-image-preview:large","max-video-preview":"max-video-preview:-1"},"og_locale":"fr_FR","og_type":"article","og_title":"T\u00e9l\u00e9phone pour malentendants avec combin\u00e9 d'appel d'urgence Geemarc AmpliDECT 295 SOS Pro im Onlineshop | Gleichcom AG","og_description":"\u2705 AmpliDect 295 SOS Pro sans fil amplifi\u00e9 sans fil t\u00e9l\u00e9phone senior. Avec combin\u00e9 d'urgence et quatre num\u00e9ros d'urgence m\u00e9morisables. Compatible avec les aides auditives et avec des boutons extra-larges. Avec r\u00e9pondeur int\u00e9gr\u00e9.","og_url":"https:\/\/www.gleichcom.samuraidev.ch\/fr\/shop\/schwerhoerigen-telefon-mit-notruf-mobilteil-amplidect-295-sos-pro-geemarc\/","og_site_name":"Gleichcom AG","article_publisher":"https:\/\/www.facebook.com\/profile.php?id=100068749126981","og_image":[{"width":500,"height":423,"url":"https:\/\/www.gleichcom.samuraidev.ch\/wp-content\/uploads\/2023\/09\/AMPLIDECT295SOSPRO.jpg","type":"image\/jpeg"}],"twitter_card":"summary_large_image","schema":{"@context":"https:\/\/schema.org","@graph":[{"@type":"WebPage","@id":"https:\/\/www.gleichcom.samuraidev.ch\/fr\/shop\/schwerhoerigen-telefon-mit-notruf-mobilteil-amplidect-295-sos-pro-geemarc\/","url":"https:\/\/www.gleichcom.samuraidev.ch\/fr\/shop\/schwerhoerigen-telefon-mit-notruf-mobilteil-amplidect-295-sos-pro-geemarc\/","name":"T\u00e9l\u00e9phone pour malentendants avec combin\u00e9 d'appel d'urgence Geemarc AmpliDECT 295 SOS Pro im Onlineshop | Gleichcom AG","isPartOf":{"@id":"https:\/\/www.gleichcom.samuraidev.ch\/fr\/#website"},"primaryImageOfPage":{"@id":"https:\/\/www.gleichcom.samuraidev.ch\/fr\/shop\/schwerhoerigen-telefon-mit-notruf-mobilteil-amplidect-295-sos-pro-geemarc\/#primaryimage"},"image":{"@id":"https:\/\/www.gleichcom.samuraidev.ch\/fr\/shop\/schwerhoerigen-telefon-mit-notruf-mobilteil-amplidect-295-sos-pro-geemarc\/#primaryimage"},"thumbnailUrl":"https:\/\/www.gleichcom.samuraidev.ch\/wp-content\/uploads\/2023\/09\/AMPLIDECT295SOSPRO.jpg","datePublished":"2018-09-23T06:43:08+00:00","description":"\u2705 AmpliDect 295 SOS Pro sans fil amplifi\u00e9 sans fil t\u00e9l\u00e9phone senior. Avec combin\u00e9 d'urgence et quatre num\u00e9ros d'urgence m\u00e9morisables. Compatible avec les aides auditives et avec des boutons extra-larges. Avec r\u00e9pondeur int\u00e9gr\u00e9.","breadcrumb":{"@id":"https:\/\/www.gleichcom.samuraidev.ch\/fr\/shop\/schwerhoerigen-telefon-mit-notruf-mobilteil-amplidect-295-sos-pro-geemarc\/#breadcrumb"},"inLanguage":"fr-FR","potentialAction":[{"@type":"ReadAction","target":["https:\/\/www.gleichcom.samuraidev.ch\/fr\/shop\/schwerhoerigen-telefon-mit-notruf-mobilteil-amplidect-295-sos-pro-geemarc\/"]}]},{"@type":"ImageObject","inLanguage":"fr-FR","@id":"https:\/\/www.gleichcom.samuraidev.ch\/fr\/shop\/schwerhoerigen-telefon-mit-notruf-mobilteil-amplidect-295-sos-pro-geemarc\/#primaryimage","url":"https:\/\/www.gleichcom.samuraidev.ch\/wp-content\/uploads\/2023\/09\/AMPLIDECT295SOSPRO.jpg","contentUrl":"https:\/\/www.gleichcom.samuraidev.ch\/wp-content\/uploads\/2023\/09\/AMPLIDECT295SOSPRO.jpg","width":500,"height":423},{"@type":"BreadcrumbList","@id":"https:\/\/www.gleichcom.samuraidev.ch\/fr\/shop\/schwerhoerigen-telefon-mit-notruf-mobilteil-amplidect-295-sos-pro-geemarc\/#breadcrumb","itemListElement":[{"@type":"ListItem","position":1,"name":"Startseite","item":"https:\/\/www.gleichcom.samuraidev.ch\/fr\/"},{"@type":"ListItem","position":2,"name":"Shop","item":"https:\/\/www.gleichcom.samuraidev.ch\/fr\/shop\/"},{"@type":"ListItem","position":3,"name":"T\u00e9l\u00e9phone pour malentendants avec combin\u00e9 d&#8217;appel d&#8217;urgence Geemarc AmpliDECT 295 SOS Pro"}]},{"@type":"WebSite","@id":"https:\/\/www.gleichcom.samuraidev.ch\/fr\/#website","url":"https:\/\/www.gleichcom.samuraidev.ch\/fr\/","name":"Gleichcom AG","description":"besser h\u00f6ren. besser sehen. besser leben.","publisher":{"@id":"https:\/\/www.gleichcom.samuraidev.ch\/fr\/#organization"},"alternateName":"Gleichcom","potentialAction":[{"@type":"SearchAction","target":{"@type":"EntryPoint","urlTemplate":"https:\/\/www.gleichcom.samuraidev.ch\/fr\/?s={search_term_string}"},"query-input":{"@type":"PropertyValueSpecification","valueRequired":true,"valueName":"search_term_string"}}],"inLanguage":"fr-FR"},{"@type":"Organization","@id":"https:\/\/www.gleichcom.samuraidev.ch\/fr\/#organization","name":"Gleichcom AG","alternateName":"Gleichcom","url":"https:\/\/www.gleichcom.samuraidev.ch\/fr\/","logo":{"@type":"ImageObject","inLanguage":"fr-FR","@id":"https:\/\/www.gleichcom.samuraidev.ch\/fr\/#\/schema\/logo\/image\/","url":"https:\/\/www.gleichcom.samuraidev.ch\/wp-content\/uploads\/2023\/09\/gleichcom-ag-logo-quadrat-farbig-mitte@696.png","contentUrl":"https:\/\/www.gleichcom.samuraidev.ch\/wp-content\/uploads\/2023\/09\/gleichcom-ag-logo-quadrat-farbig-mitte@696.png","width":437,"height":437,"caption":"Gleichcom AG"},"image":{"@id":"https:\/\/www.gleichcom.samuraidev.ch\/fr\/#\/schema\/logo\/image\/"},"sameAs":["https:\/\/www.facebook.com\/profile.php?id=100068749126981"]}]}},"uagb_featured_image_src":{"full":["https:\/\/www.gleichcom.samuraidev.ch\/wp-content\/uploads\/2023\/09\/AMPLIDECT295SOSPRO.jpg",500,423,false],"thumbnail":["https:\/\/www.gleichcom.samuraidev.ch\/wp-content\/uploads\/2023\/09\/AMPLIDECT295SOSPRO.jpg",150,127,false],"medium":["https:\/\/www.gleichcom.samuraidev.ch\/wp-content\/uploads\/2023\/09\/AMPLIDECT295SOSPRO.jpg",300,254,false],"medium_large":["https:\/\/www.gleichcom.samuraidev.ch\/wp-content\/uploads\/2023\/09\/AMPLIDECT295SOSPRO.jpg",500,423,false],"large":["https:\/\/www.gleichcom.samuraidev.ch\/wp-content\/uploads\/2023\/09\/AMPLIDECT295SOSPRO.jpg",500,423,false],"1536x1536":["https:\/\/www.gleichcom.samuraidev.ch\/wp-content\/uploads\/2023\/09\/AMPLIDECT295SOSPRO.jpg",500,423,false],"2048x2048":["https:\/\/www.gleichcom.samuraidev.ch\/wp-content\/uploads\/2023\/09\/AMPLIDECT295SOSPRO.jpg",500,423,false],"woocommerce_thumbnail":["https:\/\/www.gleichcom.samuraidev.ch\/wp-content\/uploads\/2023\/09\/AMPLIDECT295SOSPRO.jpg",300,254,false],"woocommerce_single":["https:\/\/www.gleichcom.samuraidev.ch\/wp-content\/uploads\/2023\/09\/AMPLIDECT295SOSPRO.jpg",500,423,false],"woocommerce_gallery_thumbnail":["https:\/\/www.gleichcom.samuraidev.ch\/wp-content\/uploads\/2023\/09\/AMPLIDECT295SOSPRO-100x100.jpg",100,100,true]},"uagb_author_info":{"display_name":"","author_link":"https:\/\/www.gleichcom.samuraidev.ch\/fr\/author\/"},"uagb_comment_info":0,"uagb_excerpt":"AmpliDect 295 SOS Pro sans fil amplifi\u00e9 sans fil t\u00e9l\u00e9phone senior. Avec combin\u00e9 d'urgence et quatre num\u00e9ros d'urgence m\u00e9morisables. Compatible avec les aides auditives et avec des boutons extra-larges. Avec r\u00e9pondeur int\u00e9gr\u00e9.","_links":{"self":[{"href":"https:\/\/www.gleichcom.samuraidev.ch\/fr\/wp-json\/wp\/v2\/product\/6159","targetHints":{"allow":["GET"]}}],"collection":[{"href":"https:\/\/www.gleichcom.samuraidev.ch\/fr\/wp-json\/wp\/v2\/product"}],"about":[{"href":"https:\/\/www.gleichcom.samuraidev.ch\/fr\/wp-json\/wp\/v2\/types\/product"}],"wp:featuredmedia":[{"embeddable":true,"href":"https:\/\/www.gleichcom.samuraidev.ch\/fr\/wp-json\/wp\/v2\/media\/6148"}],"wp:attachment":[{"href":"https:\/\/www.gleichcom.samuraidev.ch\/fr\/wp-json\/wp\/v2\/media?parent=6159"}],"wp:term":[{"taxonomy":"product_brand","embeddable":true,"href":"https:\/\/www.gleichcom.samuraidev.ch\/fr\/wp-json\/wp\/v2\/product_brand?post=6159"},{"taxonomy":"product_cat","embeddable":true,"href":"https:\/\/www.gleichcom.samuraidev.ch\/fr\/wp-json\/wp\/v2\/product_cat?post=6159"},{"taxonomy":"product_tag","embeddable":true,"href":"https:\/\/www.gleichcom.samuraidev.ch\/fr\/wp-json\/wp\/v2\/product_tag?post=6159"}],"curies":[{"name":"wp","href":"https:\/\/api.w.org\/{rel}","templated":true}]}}