{"id":6276,"date":"2018-09-25T17:22:24","date_gmt":"2018-09-25T15:22:24","guid":{"rendered":"https:\/\/www.gleichcom.samuraidev.ch\/?product=schwerhoerigen-telefon-amplidect-295-2-duo-geemarc"},"modified":"1000-01-01T00:00:00","modified_gmt":"1000-01-01T00:00:00","slug":"schwerhoerigen-telefon-amplidect-295-2-duo-geemarc","status":"publish","type":"product","link":"https:\/\/www.gleichcom.samuraidev.ch\/fr\/shop\/schwerhoerigen-telefon-amplidect-295-2-duo-geemarc\/","title":{"rendered":"AmpliDECT 295-2 DUO Geemarc t\u00e9l\u00e9phone pour malentendants"},"content":{"rendered":"<div>\n\t<span style=\"color:#000000;\"><span style=\"font-size:16px;\"><strong>AmpliDECT 295-2 DUO Geemarc t\u00e9l\u00e9phone pour malentendants<\/strong><\/span><\/span>\n<\/div>\n<div>\n\t<br \/>\n\t<span style=\"color:#000000;\"><strong>T\u00e9l\u00e9phone pour personnes \u00e2g\u00e9es<\/strong><br \/>\n\tAvez-vous parfois de la difficult\u00e9 \u00e0 comprendre la personne \u00e0 qui vous parlez au t\u00e9l\u00e9phone ? Les t\u00e9l\u00e9phones disponibles dans le commerce sont-ils trop compliqu\u00e9s et d\u00e9routants ? Alors AmpliDECT 295-2 DUO pourrait \u00eatre la solution pour vous. Le t\u00e9l\u00e9phone sans fil a un volume de combin\u00e9 r\u00e9glable jusqu&rsquo;\u00e0 30dB, est compatible avec les aides auditives et dispose d&rsquo;une fonction mains libres pratique. De plus, gr\u00e2ce \u00e0 son design ergonomique, le combin\u00e9 se trouve toujours confortablement dans votre main. L&rsquo;\u00e9cran LCD est tr\u00e8s grand et dispose d&rsquo;un r\u00e9tro\u00e9clairage int\u00e9gr\u00e9 facile \u00e0 lire. De plus, de larges boutons et une police de caract\u00e8res extra-large rendent le t\u00e9l\u00e9phone facile \u00e0 utiliser. Le t\u00e9l\u00e9phone est livr\u00e9 avec un t\u00e9l\u00e9phone sans fil suppl\u00e9mentaire (combin\u00e9).<\/p>\n<p>\t<strong>R\u00e9pondeur int\u00e9gr\u00e9<\/strong><br \/>\n\tL&rsquo;AmpliDECT 295-2 DUO dispose d&rsquo;un r\u00e9pondeur int\u00e9gr\u00e9 qui peut enregistrer jusqu&rsquo;\u00e0 15 minutes. Vous pouvez facilement \u00e9couter les messages stock\u00e9s par interrogation \u00e0 distance et effacer des messages individuels ou tous les messages selon vos besoins. De plus, l&rsquo;\u00e9cran affiche toujours le nombre de messages non lus &#8211; vous avez donc toujours une vue d&rsquo;ensemble !<\/p>\n<p>\t<strong>En un coup d&rsquo;\u0153il<\/strong><\/span>\n<\/div>\n<ul>\n<li><span style=\"color:#000000;\">\u00a0 \u00a0 T\u00e9l\u00e9phone sans fil renforc\u00e9<\/span><\/li>\n<li><span style=\"color:#000000;\">\u00a0\u00a0\u00a0 Utilisation simple<\/span><\/li>\n<li><span style=\"color:#000000;\">\u00a0\u00a0\u00a0 Le volume du combin\u00e9 a augment\u00e9 de 30 dB<\/span><\/li>\n<li><span style=\"color:#000000;\">\u00a0 \u00a0 M\u00e9lodies tr\u00e8s fortes: jusqu&rsquo;\u00e0 75 dB sur le combin\u00e9 et 80 dB sur l&rsquo;unit\u00e9 de basse<\/span><\/li>\n<li><span style=\"color:#000000;\">\u00a0 \u00a0 fonction mains-libres<\/span><\/li>\n<li><span style=\"color:#000000;\">\u00a0\u00a0\u00a0 R\u00e9pertoire : 50 entr\u00e9es<\/span><\/li>\n<li><span style=\"color:#000000;\">\u00a0\u00a0\u00a0 Recomposition des 10 derniers num\u00e9ros compos\u00e9s<\/span><\/li>\n<li><span style=\"color:#000000;\">\u00a0\u00a0\u00a0 fonction de sourdine<\/span><\/li>\n<li><span style=\"color:#000000;\">\u00a0\u00a0\u00a0 5 sonneries polyphoniques et 5 sonneries normales<\/span><\/li>\n<li><span style=\"color:#000000;\">\u00a0\u00a0\u00a0 Combin\u00e9 ergonomique<\/span><\/li>\n<li><span style=\"color:#000000;\">\u00a0\u00a0\u00a0 Touches extra-larges<\/span><\/li>\n<li><span style=\"color:#000000;\">\u00a0\u00a0\u00a0 tonique<\/span><\/li>\n<li><span style=\"color:#000000;\">\u00a0\u00a0\u00a0 Possibilit\u00e9 d&rsquo;utiliser jusqu&rsquo;\u00e0 5 combin\u00e9s suppl\u00e9mentaires par base<\/span><\/li>\n<li><span style=\"color:#000000;\">\u00a0\u00a0\u00a0 4 jours en veille<\/span><\/li>\n<li><span style=\"color:#000000;\">\u00a0\u00a0\u00a0 Autonomie en communication continue : 8 heures<\/span><\/li>\n<li><span style=\"color:#000000;\">\u00a0\u00a0\u00a0 <strong>\u00c9cran LCD :<\/strong><\/span><\/li>\n<li><span style=\"color:#000000;\">\u00a0\u00a0\u00a0 R\u00e9tro-\u00e9clairage blanc<\/span><\/li>\n<li><span style=\"color:#000000;\">\u00a0\u00a0\u00a0 Taille de police 7 mm<\/span><\/li>\n<li><span style=\"color:#000000;\">\u00a0\u00a0\u00a0 Dimensions : 40&#215;40 mm<\/span><\/li>\n<li><span style=\"color:#000000;\">\u00a0\u00a0\u00a0 7 langues s\u00e9lectionnables : Anglais, Allemand, Fran\u00e7ais, Italien, N\u00e9erlandais, Espagnol, Italien, Russe et Allemand.<\/span><\/li>\n<li><span style=\"color:#000000;\">\u00a0\u00a0<strong>\u00a0 R\u00e9pondeur int\u00e9gr\u00e9 :<\/strong><\/span><\/li>\n<li><span style=\"color:#000000;\">\u00a0\u00a0\u00a0 15 minutes d&rsquo;enregistrement<\/span><\/li>\n<li><span style=\"color:#000000;\">\u00a0\u00a0\u00a0 Affichage des messages non lus<\/span><\/li>\n<li><span style=\"color:#000000;\">\u00a0\u00a0\u00a0 enqu\u00eate distante<\/span><\/li>\n<li><span style=\"color:#000000;\">\u00a0\u00a0\u00a0 Supprimer un seul message ou tous les messages<\/span><\/li>\n<\/ul>\n<div>\n\t<br \/>\n\t<span style=\"color:#000000;\"><strong>Contenu de la livraison<\/strong><\/span>\n<\/div>\n<ul>\n<li><span style=\"color:#000000;\">\u00a0\u00a0\u00a0 1 x t\u00e9l\u00e9phone sans fil (combin\u00e9)<\/span><\/li>\n<li><span style=\"color:#000000;\">\u00a0\u00a0\u00a0 1 x combin\u00e9 AmpliDECT 295<\/span><\/li>\n<li><span style=\"color:#000000;\">\u00a0\u00a0\u00a0 1 x station de base<\/span><\/li>\n<li><span style=\"color:#000000;\">\u00a0\u00a0\u00a0 1 x adaptateur secteur<\/span><\/li>\n<li><span style=\"color:#000000;\">\u00a0\u00a0\u00a0 2 x bloc-piles NiMH 2,4V 500 mA<\/span><\/li>\n<\/ul>\n","protected":false},"excerpt":{"rendered":"<p>AmpliDECT 295-2 DUO sans fil, t\u00e9l\u00e9phone senior renforc\u00e9 avec un combin\u00e9 suppl\u00e9mentaire. R\u00e9pondeur inclus. Compatible avec les aides auditives.<\/p>\n","protected":false},"featured_media":6271,"template":"","meta":{"inline_featured_image":false,"_uag_custom_page_level_css":"","site-sidebar-layout":"default","site-content-layout":"","ast-site-content-layout":"default","site-content-style":"default","site-sidebar-style":"default","ast-global-header-display":"","ast-banner-title-visibility":"","ast-main-header-display":"","ast-hfb-above-header-display":"","ast-hfb-below-header-display":"","ast-hfb-mobile-header-display":"","site-post-title":"","ast-breadcrumbs-content":"","ast-featured-img":"","footer-sml-layout":"","ast-disable-related-posts":"","theme-transparent-header-meta":"","adv-header-id-meta":"","stick-header-meta":"","header-above-stick-meta":"","header-main-stick-meta":"","header-below-stick-meta":"","astra-migrate-meta-layouts":"default","ast-page-background-enabled":"default","ast-page-background-meta":{"desktop":{"background-color":"","background-image":"","background-repeat":"repeat","background-position":"center center","background-size":"auto","background-attachment":"scroll","background-type":"","background-media":"","overlay-type":"","overlay-color":"","overlay-opacity":"","overlay-gradient":""},"tablet":{"background-color":"","background-image":"","background-repeat":"repeat","background-position":"center center","background-size":"auto","background-attachment":"scroll","background-type":"","background-media":"","overlay-type":"","overlay-color":"","overlay-opacity":"","overlay-gradient":""},"mobile":{"background-color":"","background-image":"","background-repeat":"repeat","background-position":"center center","background-size":"auto","background-attachment":"scroll","background-type":"","background-media":"","overlay-type":"","overlay-color":"","overlay-opacity":"","overlay-gradient":""}},"ast-content-background-meta":{"desktop":{"background-color":"var(--ast-global-color-5)","background-image":"","background-repeat":"repeat","background-position":"center center","background-size":"auto","background-attachment":"scroll","background-type":"","background-media":"","overlay-type":"","overlay-color":"","overlay-opacity":"","overlay-gradient":""},"tablet":{"background-color":"var(--ast-global-color-5)","background-image":"","background-repeat":"repeat","background-position":"center center","background-size":"auto","background-attachment":"scroll","background-type":"","background-media":"","overlay-type":"","overlay-color":"","overlay-opacity":"","overlay-gradient":""},"mobile":{"background-color":"var(--ast-global-color-5)","background-image":"","background-repeat":"repeat","background-position":"center center","background-size":"auto","background-attachment":"scroll","background-type":"","background-media":"","overlay-type":"","overlay-color":"","overlay-opacity":"","overlay-gradient":""}}},"product_brand":[],"product_cat":[2969],"product_tag":[],"class_list":{"0":"post-6276","1":"product","2":"type-product","3":"status-publish","4":"has-post-thumbnail","6":"product_cat-telephone-pour-seniors-fr","7":"desktop-align-center","8":"tablet-align-center","9":"mobile-align-center","10":"ast-product-gallery-layout-horizontal-slider","11":"ast-product-tabs-layout-accordion","13":"first","14":"outofstock","15":"taxable","16":"shipping-taxable","17":"purchasable","18":"product-type-simple"},"yoast_head":"<!-- This site is optimized with the Yoast SEO plugin v27.6 - https:\/\/yoast.com\/product\/yoast-seo-wordpress\/ -->\n<title>AmpliDECT 295-2 DUO Geemarc t\u00e9l\u00e9phone pour malentendants im Onlineshop | Gleichcom AG<\/title>\n<meta name=\"description\" content=\"\u2705 AmpliDECT 295-2 DUO sans fil, t\u00e9l\u00e9phone senior renforc\u00e9 avec un combin\u00e9 suppl\u00e9mentaire. R\u00e9pondeur inclus. Compatible avec les aides auditives.\" \/>\n<meta name=\"robots\" content=\"noindex, follow, max-snippet:-1, max-image-preview:large, max-video-preview:-1\" \/>\n<meta property=\"og:locale\" content=\"fr_FR\" \/>\n<meta property=\"og:type\" content=\"article\" \/>\n<meta property=\"og:title\" content=\"AmpliDECT 295-2 DUO Geemarc t\u00e9l\u00e9phone pour malentendants im Onlineshop | Gleichcom AG\" \/>\n<meta property=\"og:description\" content=\"\u2705 AmpliDECT 295-2 DUO sans fil, t\u00e9l\u00e9phone senior renforc\u00e9 avec un combin\u00e9 suppl\u00e9mentaire. R\u00e9pondeur inclus. Compatible avec les aides auditives.\" \/>\n<meta property=\"og:url\" content=\"https:\/\/www.gleichcom.samuraidev.ch\/fr\/shop\/schwerhoerigen-telefon-amplidect-295-2-duo-geemarc\/\" \/>\n<meta property=\"og:site_name\" content=\"Gleichcom AG\" \/>\n<meta property=\"article:publisher\" content=\"https:\/\/www.facebook.com\/profile.php?id=100068749126981\" \/>\n<meta property=\"og:image\" content=\"https:\/\/www.gleichcom.samuraidev.ch\/wp-content\/uploads\/2023\/09\/AMPLIDECT295DUO_11.jpg\" \/>\n\t<meta property=\"og:image:width\" content=\"500\" \/>\n\t<meta property=\"og:image:height\" content=\"332\" \/>\n\t<meta property=\"og:image:type\" content=\"image\/jpeg\" \/>\n<meta name=\"twitter:card\" content=\"summary_large_image\" \/>\n<script type=\"application\/ld+json\" class=\"yoast-schema-graph\">{\"@context\":\"https:\\\/\\\/schema.org\",\"@graph\":[{\"@type\":\"WebPage\",\"@id\":\"https:\\\/\\\/www.gleichcom.samuraidev.ch\\\/fr\\\/shop\\\/schwerhoerigen-telefon-amplidect-295-2-duo-geemarc\\\/\",\"url\":\"https:\\\/\\\/www.gleichcom.samuraidev.ch\\\/fr\\\/shop\\\/schwerhoerigen-telefon-amplidect-295-2-duo-geemarc\\\/\",\"name\":\"AmpliDECT 295-2 DUO Geemarc t\u00e9l\u00e9phone pour malentendants im Onlineshop | Gleichcom AG\",\"isPartOf\":{\"@id\":\"https:\\\/\\\/www.gleichcom.samuraidev.ch\\\/fr\\\/#website\"},\"primaryImageOfPage\":{\"@id\":\"https:\\\/\\\/www.gleichcom.samuraidev.ch\\\/fr\\\/shop\\\/schwerhoerigen-telefon-amplidect-295-2-duo-geemarc\\\/#primaryimage\"},\"image\":{\"@id\":\"https:\\\/\\\/www.gleichcom.samuraidev.ch\\\/fr\\\/shop\\\/schwerhoerigen-telefon-amplidect-295-2-duo-geemarc\\\/#primaryimage\"},\"thumbnailUrl\":\"https:\\\/\\\/www.gleichcom.samuraidev.ch\\\/wp-content\\\/uploads\\\/2023\\\/09\\\/AMPLIDECT295DUO_11.jpg\",\"datePublished\":\"2018-09-25T15:22:24+00:00\",\"description\":\"\u2705 AmpliDECT 295-2 DUO sans fil, t\u00e9l\u00e9phone senior renforc\u00e9 avec un combin\u00e9 suppl\u00e9mentaire. R\u00e9pondeur inclus. Compatible avec les aides auditives.\",\"breadcrumb\":{\"@id\":\"https:\\\/\\\/www.gleichcom.samuraidev.ch\\\/fr\\\/shop\\\/schwerhoerigen-telefon-amplidect-295-2-duo-geemarc\\\/#breadcrumb\"},\"inLanguage\":\"fr-FR\",\"potentialAction\":[{\"@type\":\"ReadAction\",\"target\":[\"https:\\\/\\\/www.gleichcom.samuraidev.ch\\\/fr\\\/shop\\\/schwerhoerigen-telefon-amplidect-295-2-duo-geemarc\\\/\"]}]},{\"@type\":\"ImageObject\",\"inLanguage\":\"fr-FR\",\"@id\":\"https:\\\/\\\/www.gleichcom.samuraidev.ch\\\/fr\\\/shop\\\/schwerhoerigen-telefon-amplidect-295-2-duo-geemarc\\\/#primaryimage\",\"url\":\"https:\\\/\\\/www.gleichcom.samuraidev.ch\\\/wp-content\\\/uploads\\\/2023\\\/09\\\/AMPLIDECT295DUO_11.jpg\",\"contentUrl\":\"https:\\\/\\\/www.gleichcom.samuraidev.ch\\\/wp-content\\\/uploads\\\/2023\\\/09\\\/AMPLIDECT295DUO_11.jpg\",\"width\":500,\"height\":332},{\"@type\":\"BreadcrumbList\",\"@id\":\"https:\\\/\\\/www.gleichcom.samuraidev.ch\\\/fr\\\/shop\\\/schwerhoerigen-telefon-amplidect-295-2-duo-geemarc\\\/#breadcrumb\",\"itemListElement\":[{\"@type\":\"ListItem\",\"position\":1,\"name\":\"Startseite\",\"item\":\"https:\\\/\\\/www.gleichcom.samuraidev.ch\\\/fr\\\/\"},{\"@type\":\"ListItem\",\"position\":2,\"name\":\"Shop\",\"item\":\"https:\\\/\\\/www.gleichcom.samuraidev.ch\\\/fr\\\/shop\\\/\"},{\"@type\":\"ListItem\",\"position\":3,\"name\":\"AmpliDECT 295-2 DUO Geemarc t\u00e9l\u00e9phone pour malentendants\"}]},{\"@type\":\"WebSite\",\"@id\":\"https:\\\/\\\/www.gleichcom.samuraidev.ch\\\/fr\\\/#website\",\"url\":\"https:\\\/\\\/www.gleichcom.samuraidev.ch\\\/fr\\\/\",\"name\":\"Gleichcom AG\",\"description\":\"besser h\u00f6ren. besser sehen. besser leben.\",\"publisher\":{\"@id\":\"https:\\\/\\\/www.gleichcom.samuraidev.ch\\\/fr\\\/#organization\"},\"alternateName\":\"Gleichcom\",\"potentialAction\":[{\"@type\":\"SearchAction\",\"target\":{\"@type\":\"EntryPoint\",\"urlTemplate\":\"https:\\\/\\\/www.gleichcom.samuraidev.ch\\\/fr\\\/?s={search_term_string}\"},\"query-input\":{\"@type\":\"PropertyValueSpecification\",\"valueRequired\":true,\"valueName\":\"search_term_string\"}}],\"inLanguage\":\"fr-FR\"},{\"@type\":\"Organization\",\"@id\":\"https:\\\/\\\/www.gleichcom.samuraidev.ch\\\/fr\\\/#organization\",\"name\":\"Gleichcom AG\",\"alternateName\":\"Gleichcom\",\"url\":\"https:\\\/\\\/www.gleichcom.samuraidev.ch\\\/fr\\\/\",\"logo\":{\"@type\":\"ImageObject\",\"inLanguage\":\"fr-FR\",\"@id\":\"https:\\\/\\\/www.gleichcom.samuraidev.ch\\\/fr\\\/#\\\/schema\\\/logo\\\/image\\\/\",\"url\":\"https:\\\/\\\/www.gleichcom.samuraidev.ch\\\/wp-content\\\/uploads\\\/2023\\\/09\\\/gleichcom-ag-logo-quadrat-farbig-mitte@696.png\",\"contentUrl\":\"https:\\\/\\\/www.gleichcom.samuraidev.ch\\\/wp-content\\\/uploads\\\/2023\\\/09\\\/gleichcom-ag-logo-quadrat-farbig-mitte@696.png\",\"width\":437,\"height\":437,\"caption\":\"Gleichcom AG\"},\"image\":{\"@id\":\"https:\\\/\\\/www.gleichcom.samuraidev.ch\\\/fr\\\/#\\\/schema\\\/logo\\\/image\\\/\"},\"sameAs\":[\"https:\\\/\\\/www.facebook.com\\\/profile.php?id=100068749126981\"]}]}<\/script>\n<!-- \/ Yoast SEO plugin. -->","yoast_head_json":{"title":"AmpliDECT 295-2 DUO Geemarc t\u00e9l\u00e9phone pour malentendants im Onlineshop | Gleichcom AG","description":"\u2705 AmpliDECT 295-2 DUO sans fil, t\u00e9l\u00e9phone senior renforc\u00e9 avec un combin\u00e9 suppl\u00e9mentaire. R\u00e9pondeur inclus. Compatible avec les aides auditives.","robots":{"index":"noindex","follow":"follow","max-snippet":"max-snippet:-1","max-image-preview":"max-image-preview:large","max-video-preview":"max-video-preview:-1"},"og_locale":"fr_FR","og_type":"article","og_title":"AmpliDECT 295-2 DUO Geemarc t\u00e9l\u00e9phone pour malentendants im Onlineshop | Gleichcom AG","og_description":"\u2705 AmpliDECT 295-2 DUO sans fil, t\u00e9l\u00e9phone senior renforc\u00e9 avec un combin\u00e9 suppl\u00e9mentaire. R\u00e9pondeur inclus. Compatible avec les aides auditives.","og_url":"https:\/\/www.gleichcom.samuraidev.ch\/fr\/shop\/schwerhoerigen-telefon-amplidect-295-2-duo-geemarc\/","og_site_name":"Gleichcom AG","article_publisher":"https:\/\/www.facebook.com\/profile.php?id=100068749126981","og_image":[{"width":500,"height":332,"url":"https:\/\/www.gleichcom.samuraidev.ch\/wp-content\/uploads\/2023\/09\/AMPLIDECT295DUO_11.jpg","type":"image\/jpeg"}],"twitter_card":"summary_large_image","schema":{"@context":"https:\/\/schema.org","@graph":[{"@type":"WebPage","@id":"https:\/\/www.gleichcom.samuraidev.ch\/fr\/shop\/schwerhoerigen-telefon-amplidect-295-2-duo-geemarc\/","url":"https:\/\/www.gleichcom.samuraidev.ch\/fr\/shop\/schwerhoerigen-telefon-amplidect-295-2-duo-geemarc\/","name":"AmpliDECT 295-2 DUO Geemarc t\u00e9l\u00e9phone pour malentendants im Onlineshop | Gleichcom AG","isPartOf":{"@id":"https:\/\/www.gleichcom.samuraidev.ch\/fr\/#website"},"primaryImageOfPage":{"@id":"https:\/\/www.gleichcom.samuraidev.ch\/fr\/shop\/schwerhoerigen-telefon-amplidect-295-2-duo-geemarc\/#primaryimage"},"image":{"@id":"https:\/\/www.gleichcom.samuraidev.ch\/fr\/shop\/schwerhoerigen-telefon-amplidect-295-2-duo-geemarc\/#primaryimage"},"thumbnailUrl":"https:\/\/www.gleichcom.samuraidev.ch\/wp-content\/uploads\/2023\/09\/AMPLIDECT295DUO_11.jpg","datePublished":"2018-09-25T15:22:24+00:00","description":"\u2705 AmpliDECT 295-2 DUO sans fil, t\u00e9l\u00e9phone senior renforc\u00e9 avec un combin\u00e9 suppl\u00e9mentaire. R\u00e9pondeur inclus. Compatible avec les aides auditives.","breadcrumb":{"@id":"https:\/\/www.gleichcom.samuraidev.ch\/fr\/shop\/schwerhoerigen-telefon-amplidect-295-2-duo-geemarc\/#breadcrumb"},"inLanguage":"fr-FR","potentialAction":[{"@type":"ReadAction","target":["https:\/\/www.gleichcom.samuraidev.ch\/fr\/shop\/schwerhoerigen-telefon-amplidect-295-2-duo-geemarc\/"]}]},{"@type":"ImageObject","inLanguage":"fr-FR","@id":"https:\/\/www.gleichcom.samuraidev.ch\/fr\/shop\/schwerhoerigen-telefon-amplidect-295-2-duo-geemarc\/#primaryimage","url":"https:\/\/www.gleichcom.samuraidev.ch\/wp-content\/uploads\/2023\/09\/AMPLIDECT295DUO_11.jpg","contentUrl":"https:\/\/www.gleichcom.samuraidev.ch\/wp-content\/uploads\/2023\/09\/AMPLIDECT295DUO_11.jpg","width":500,"height":332},{"@type":"BreadcrumbList","@id":"https:\/\/www.gleichcom.samuraidev.ch\/fr\/shop\/schwerhoerigen-telefon-amplidect-295-2-duo-geemarc\/#breadcrumb","itemListElement":[{"@type":"ListItem","position":1,"name":"Startseite","item":"https:\/\/www.gleichcom.samuraidev.ch\/fr\/"},{"@type":"ListItem","position":2,"name":"Shop","item":"https:\/\/www.gleichcom.samuraidev.ch\/fr\/shop\/"},{"@type":"ListItem","position":3,"name":"AmpliDECT 295-2 DUO Geemarc t\u00e9l\u00e9phone pour malentendants"}]},{"@type":"WebSite","@id":"https:\/\/www.gleichcom.samuraidev.ch\/fr\/#website","url":"https:\/\/www.gleichcom.samuraidev.ch\/fr\/","name":"Gleichcom AG","description":"besser h\u00f6ren. besser sehen. besser leben.","publisher":{"@id":"https:\/\/www.gleichcom.samuraidev.ch\/fr\/#organization"},"alternateName":"Gleichcom","potentialAction":[{"@type":"SearchAction","target":{"@type":"EntryPoint","urlTemplate":"https:\/\/www.gleichcom.samuraidev.ch\/fr\/?s={search_term_string}"},"query-input":{"@type":"PropertyValueSpecification","valueRequired":true,"valueName":"search_term_string"}}],"inLanguage":"fr-FR"},{"@type":"Organization","@id":"https:\/\/www.gleichcom.samuraidev.ch\/fr\/#organization","name":"Gleichcom AG","alternateName":"Gleichcom","url":"https:\/\/www.gleichcom.samuraidev.ch\/fr\/","logo":{"@type":"ImageObject","inLanguage":"fr-FR","@id":"https:\/\/www.gleichcom.samuraidev.ch\/fr\/#\/schema\/logo\/image\/","url":"https:\/\/www.gleichcom.samuraidev.ch\/wp-content\/uploads\/2023\/09\/gleichcom-ag-logo-quadrat-farbig-mitte@696.png","contentUrl":"https:\/\/www.gleichcom.samuraidev.ch\/wp-content\/uploads\/2023\/09\/gleichcom-ag-logo-quadrat-farbig-mitte@696.png","width":437,"height":437,"caption":"Gleichcom AG"},"image":{"@id":"https:\/\/www.gleichcom.samuraidev.ch\/fr\/#\/schema\/logo\/image\/"},"sameAs":["https:\/\/www.facebook.com\/profile.php?id=100068749126981"]}]}},"uagb_featured_image_src":{"full":["https:\/\/www.gleichcom.samuraidev.ch\/wp-content\/uploads\/2023\/09\/AMPLIDECT295DUO_11.jpg",500,332,false],"thumbnail":["https:\/\/www.gleichcom.samuraidev.ch\/wp-content\/uploads\/2023\/09\/AMPLIDECT295DUO_11.jpg",150,100,false],"medium":["https:\/\/www.gleichcom.samuraidev.ch\/wp-content\/uploads\/2023\/09\/AMPLIDECT295DUO_11.jpg",300,199,false],"medium_large":["https:\/\/www.gleichcom.samuraidev.ch\/wp-content\/uploads\/2023\/09\/AMPLIDECT295DUO_11.jpg",500,332,false],"large":["https:\/\/www.gleichcom.samuraidev.ch\/wp-content\/uploads\/2023\/09\/AMPLIDECT295DUO_11.jpg",500,332,false],"1536x1536":["https:\/\/www.gleichcom.samuraidev.ch\/wp-content\/uploads\/2023\/09\/AMPLIDECT295DUO_11.jpg",500,332,false],"2048x2048":["https:\/\/www.gleichcom.samuraidev.ch\/wp-content\/uploads\/2023\/09\/AMPLIDECT295DUO_11.jpg",500,332,false],"woocommerce_thumbnail":["https:\/\/www.gleichcom.samuraidev.ch\/wp-content\/uploads\/2023\/09\/AMPLIDECT295DUO_11.jpg",300,199,false],"woocommerce_single":["https:\/\/www.gleichcom.samuraidev.ch\/wp-content\/uploads\/2023\/09\/AMPLIDECT295DUO_11.jpg",500,332,false],"woocommerce_gallery_thumbnail":["https:\/\/www.gleichcom.samuraidev.ch\/wp-content\/uploads\/2023\/09\/AMPLIDECT295DUO_11-100x100.jpg",100,100,true]},"uagb_author_info":{"display_name":"","author_link":"https:\/\/www.gleichcom.samuraidev.ch\/fr\/author\/"},"uagb_comment_info":0,"uagb_excerpt":"AmpliDECT 295-2 DUO sans fil, t\u00e9l\u00e9phone senior renforc\u00e9 avec un combin\u00e9 suppl\u00e9mentaire. R\u00e9pondeur inclus. Compatible avec les aides auditives.","_links":{"self":[{"href":"https:\/\/www.gleichcom.samuraidev.ch\/fr\/wp-json\/wp\/v2\/product\/6276","targetHints":{"allow":["GET"]}}],"collection":[{"href":"https:\/\/www.gleichcom.samuraidev.ch\/fr\/wp-json\/wp\/v2\/product"}],"about":[{"href":"https:\/\/www.gleichcom.samuraidev.ch\/fr\/wp-json\/wp\/v2\/types\/product"}],"wp:featuredmedia":[{"embeddable":true,"href":"https:\/\/www.gleichcom.samuraidev.ch\/fr\/wp-json\/wp\/v2\/media\/6271"}],"wp:attachment":[{"href":"https:\/\/www.gleichcom.samuraidev.ch\/fr\/wp-json\/wp\/v2\/media?parent=6276"}],"wp:term":[{"taxonomy":"product_brand","embeddable":true,"href":"https:\/\/www.gleichcom.samuraidev.ch\/fr\/wp-json\/wp\/v2\/product_brand?post=6276"},{"taxonomy":"product_cat","embeddable":true,"href":"https:\/\/www.gleichcom.samuraidev.ch\/fr\/wp-json\/wp\/v2\/product_cat?post=6276"},{"taxonomy":"product_tag","embeddable":true,"href":"https:\/\/www.gleichcom.samuraidev.ch\/fr\/wp-json\/wp\/v2\/product_tag?post=6276"}],"curies":[{"name":"wp","href":"https:\/\/api.w.org\/{rel}","templated":true}]}}