{"id":6453,"date":"2018-10-02T14:23:03","date_gmt":"2018-10-02T12:23:03","guid":{"rendered":"https:\/\/www.gleichcom.samuraidev.ch\/?product=hellfeldlupe-aufsetzlupe-4-5cm-durchmesser-eschenbach"},"modified":"1000-01-01T00:00:00","modified_gmt":"1000-01-01T00:00:00","slug":"hellfeldlupe-aufsetzlupe-4-5cm-durchmesser-eschenbach","status":"publish","type":"product","link":"https:\/\/www.gleichcom.samuraidev.ch\/fr\/shop\/hellfeldlupe-aufsetzlupe-4-5cm-durchmesser-eschenbach\/","title":{"rendered":"Loupe \u00e0 champ clair 4,5cm de diam\u00e8tre Eschenbach"},"content":{"rendered":"<div>\n\t<span style=\"font-size:16px;\"><strong>Loupe \u00e0 champ clair 4,5cm de diam\u00e8tre Eschenbach<\/strong><\/span><br \/>\n\t\u00a0<br \/>\n\tCette loupe \u00e0 champ clair tr\u00e8s pratique et compacte d\u00e9livre \u00e0 tout moment une image sans tremblements, car elle est plac\u00e9e directement sur le support de lecture. Avec un diam\u00e8tre de 6,5 cm, il est si petit qu&rsquo;il peut \u00eatre emport\u00e9 partout. En raison de sa grande capacit\u00e9 d&rsquo;accommodation, l&rsquo;utilisation d&rsquo;une loupe \u00e0 champ clair est particuli\u00e8rement adapt\u00e9e aux enfants pour soutenir la vision r\u00e9siduelle. L&rsquo;utilisation combin\u00e9e de loupes \u00e0 champ clair et de lunettes de lecture double le grossissement tout en maintenant la distance de lecture.<br \/>\n\t\u00a0<br \/>\n\t<strong>Caract\u00e9ristiques du produit<\/strong><\/p>\n<ul>\n<li>Loupe optimale pour la lecture<\/li>\n<li>Image claire et sans tremblements<\/li>\n<li>Position de l&rsquo;objet et de l&rsquo;image dans presque un calque<\/li>\n<li>haute brillance de l&rsquo;image<\/li>\n<li>La loupe est plac\u00e9e directement sur le texte<\/li>\n<li>Tr\u00e8s bien adapt\u00e9 aux enfants en raison de la grande capacit\u00e9 d&rsquo;h\u00e9bergement<\/li>\n<li>Echelle de l&rsquo;image 1:1.8<\/li>\n<li>Tr\u00e8s haute luminosit\u00e9 de surface de l&rsquo;image<\/li>\n<li>Peut \u00e9galement \u00eatre utilis\u00e9 avec des lunettes\u00a0<\/li>\n<li>4,5 cm de diam\u00e8tre<\/li>\n<li>Fabriqu\u00e9 en verre bomb\u00e9 avec bord givr\u00e9<\/li>\n<li>Comprend un sac en microfibre pour le nettoyage et le rangement<\/li>\n<li>Fabriqu\u00e9 en mat\u00e9riau PXM tr\u00e8s l\u00e9ger avec cadre en plastique noir<\/li>\n<li>Comprend un sac en microfibre pour le nettoyage et le rangement<\/li>\n<\/ul>\n<p>\t\u00a0<\/p>\n<table border=\"0\" cellpadding=\"0\" cellspacing=\"0\" style=\"width: 548px;\">\n<thead>\n<tr>\n<th nowrap=\"nowrap\" style=\"text-align: left; width: 83px;\"><strong>N\u00b0 d&rsquo;article<\/strong><\/th>\n<th nowrap=\"nowrap\" style=\"text-align: left; width: 85px;\"><strong>Dimensions<\/strong><\/th>\n<th nowrap=\"nowrap\" style=\"text-align: left; width: 107px;\"><strong>Grossissement<\/strong><\/th>\n<th nowrap=\"nowrap\" style=\"text-align: left; width: 263px;\"><strong>\u00a0 Mention<\/strong><\/th>\n<\/tr>\n<\/thead>\n<tbody>\n<tr>\n<td style=\"width: 83px;\">1420\u00a0<\/td>\n<td style=\"width: 85px;\">\u00a0\u00f8 65 mm<\/td>\n<td style=\"width: 107px;\">1:1,8<\/td>\n<td style=\"width: 263px;\">\u00a0 &#8211;\u00a0<\/td>\n<\/tr>\n<tr>\n<td style=\"width: 83px;\">1421\u00a0<\/td>\n<td style=\"width: 85px;\">\u00f8 65 mm\u00a0<\/td>\n<td style=\"width: 107px;\">1:1,8<\/td>\n<td style=\"width: 263px;\">\u00a0 Avec ligne d&rsquo;orientation rouge (amovible)\u00a0\u00a0<\/td>\n<\/tr>\n<tr>\n<td style=\"width: 83px;\">1424\u00a0<\/td>\n<td style=\"width: 85px;\">\u00f8 45 mm\u00a0<\/td>\n<td style=\"width: 107px;\">1:1,8<\/td>\n<td style=\"width: 263px;\">\u00a0 Lentille PXM\u00ae extra-l\u00e9g\u00e8re<\/td>\n<\/tr>\n<\/tbody>\n<\/table>\n<p>\t\u00a0<br \/>\n\t<strong>Contenu de la livraison<\/strong><\/p>\n<ul>\n<li>1 x loupe \u00e0 champ clair<\/li>\n<li>1 x sac en microfibre<\/li>\n<li>1 x Instructions d\u00e9taill\u00e9es<\/li>\n<\/ul>\n<\/div>\n","protected":false},"excerpt":{"rendered":"<p>\tLoupe de 4,5 cm de diam\u00e8tre, grossissement 1:1,8 ; id\u00e9al pour la lecture.<br \/>\n\tParticuli\u00e8rement l\u00e9ger et maniable.<\/p>\n","protected":false},"featured_media":6451,"template":"","meta":{"inline_featured_image":false,"_uag_custom_page_level_css":"","site-sidebar-layout":"default","site-content-layout":"","ast-site-content-layout":"default","site-content-style":"default","site-sidebar-style":"default","ast-global-header-display":"","ast-banner-title-visibility":"","ast-main-header-display":"","ast-hfb-above-header-display":"","ast-hfb-below-header-display":"","ast-hfb-mobile-header-display":"","site-post-title":"","ast-breadcrumbs-content":"","ast-featured-img":"","footer-sml-layout":"","ast-disable-related-posts":"","theme-transparent-header-meta":"","adv-header-id-meta":"","stick-header-meta":"","header-above-stick-meta":"","header-main-stick-meta":"","header-below-stick-meta":"","astra-migrate-meta-layouts":"default","ast-page-background-enabled":"default","ast-page-background-meta":{"desktop":{"background-color":"","background-image":"","background-repeat":"repeat","background-position":"center center","background-size":"auto","background-attachment":"scroll","background-type":"","background-media":"","overlay-type":"","overlay-color":"","overlay-opacity":"","overlay-gradient":""},"tablet":{"background-color":"","background-image":"","background-repeat":"repeat","background-position":"center center","background-size":"auto","background-attachment":"scroll","background-type":"","background-media":"","overlay-type":"","overlay-color":"","overlay-opacity":"","overlay-gradient":""},"mobile":{"background-color":"","background-image":"","background-repeat":"repeat","background-position":"center center","background-size":"auto","background-attachment":"scroll","background-type":"","background-media":"","overlay-type":"","overlay-color":"","overlay-opacity":"","overlay-gradient":""}},"ast-content-background-meta":{"desktop":{"background-color":"var(--ast-global-color-5)","background-image":"","background-repeat":"repeat","background-position":"center center","background-size":"auto","background-attachment":"scroll","background-type":"","background-media":"","overlay-type":"","overlay-color":"","overlay-opacity":"","overlay-gradient":""},"tablet":{"background-color":"var(--ast-global-color-5)","background-image":"","background-repeat":"repeat","background-position":"center center","background-size":"auto","background-attachment":"scroll","background-type":"","background-media":"","overlay-type":"","overlay-color":"","overlay-opacity":"","overlay-gradient":""},"mobile":{"background-color":"var(--ast-global-color-5)","background-image":"","background-repeat":"repeat","background-position":"center center","background-size":"auto","background-attachment":"scroll","background-type":"","background-media":"","overlay-type":"","overlay-color":"","overlay-opacity":"","overlay-gradient":""}}},"product_brand":[],"product_cat":[2977],"product_tag":[],"class_list":{"0":"post-6453","1":"product","2":"type-product","3":"status-publish","4":"has-post-thumbnail","6":"product_cat-loupes-fr","7":"desktop-align-center","8":"tablet-align-center","9":"mobile-align-center","10":"ast-product-gallery-layout-horizontal-slider","11":"ast-product-gallery-with-no-image","12":"ast-product-tabs-layout-accordion","14":"first","15":"outofstock","16":"taxable","17":"shipping-taxable","18":"purchasable","19":"product-type-simple"},"yoast_head":"<!-- This site is optimized with the Yoast SEO plugin v27.5 - https:\/\/yoast.com\/product\/yoast-seo-wordpress\/ -->\n<title>Loupe \u00e0 champ clair 4,5cm de diam\u00e8tre Eschenbach im Onlineshop | Gleichcom AG<\/title>\n<meta name=\"description\" content=\"\u2705 Loupe de 4,5 cm de diam\u00e8tre, grossissement 1:1,8 ; id\u00e9al pour la lecture.  Particuli\u00e8rement l\u00e9ger et maniable.\" \/>\n<meta name=\"robots\" content=\"noindex, follow, max-snippet:-1, max-image-preview:large, max-video-preview:-1\" \/>\n<meta property=\"og:locale\" content=\"fr_FR\" \/>\n<meta property=\"og:type\" content=\"article\" \/>\n<meta property=\"og:title\" content=\"Loupe \u00e0 champ clair 4,5cm de diam\u00e8tre Eschenbach im Onlineshop | Gleichcom AG\" \/>\n<meta property=\"og:description\" content=\"\u2705 Loupe de 4,5 cm de diam\u00e8tre, grossissement 1:1,8 ; id\u00e9al pour la lecture.  Particuli\u00e8rement l\u00e9ger et maniable.\" \/>\n<meta property=\"og:url\" content=\"https:\/\/www.gleichcom.samuraidev.ch\/fr\/shop\/hellfeldlupe-aufsetzlupe-4-5cm-durchmesser-eschenbach\/\" \/>\n<meta property=\"og:site_name\" content=\"Gleichcom AG\" \/>\n<meta property=\"article:publisher\" content=\"https:\/\/www.facebook.com\/profile.php?id=100068749126981\" \/>\n<meta property=\"og:image\" content=\"https:\/\/www.gleichcom.samuraidev.ch\/wp-content\/uploads\/2023\/09\/Hellfeldlupe45cmDurchmesserEschenbach.jpg\" \/>\n\t<meta property=\"og:image:width\" content=\"500\" \/>\n\t<meta property=\"og:image:height\" content=\"382\" \/>\n\t<meta property=\"og:image:type\" content=\"image\/jpeg\" \/>\n<meta name=\"twitter:card\" content=\"summary_large_image\" \/>\n<script type=\"application\/ld+json\" class=\"yoast-schema-graph\">{\"@context\":\"https:\\\/\\\/schema.org\",\"@graph\":[{\"@type\":\"WebPage\",\"@id\":\"https:\\\/\\\/www.gleichcom.samuraidev.ch\\\/fr\\\/shop\\\/hellfeldlupe-aufsetzlupe-4-5cm-durchmesser-eschenbach\\\/\",\"url\":\"https:\\\/\\\/www.gleichcom.samuraidev.ch\\\/fr\\\/shop\\\/hellfeldlupe-aufsetzlupe-4-5cm-durchmesser-eschenbach\\\/\",\"name\":\"Loupe \u00e0 champ clair 4,5cm de diam\u00e8tre Eschenbach im Onlineshop | Gleichcom AG\",\"isPartOf\":{\"@id\":\"https:\\\/\\\/www.gleichcom.samuraidev.ch\\\/fr\\\/#website\"},\"primaryImageOfPage\":{\"@id\":\"https:\\\/\\\/www.gleichcom.samuraidev.ch\\\/fr\\\/shop\\\/hellfeldlupe-aufsetzlupe-4-5cm-durchmesser-eschenbach\\\/#primaryimage\"},\"image\":{\"@id\":\"https:\\\/\\\/www.gleichcom.samuraidev.ch\\\/fr\\\/shop\\\/hellfeldlupe-aufsetzlupe-4-5cm-durchmesser-eschenbach\\\/#primaryimage\"},\"thumbnailUrl\":\"https:\\\/\\\/www.gleichcom.samuraidev.ch\\\/wp-content\\\/uploads\\\/2023\\\/09\\\/Hellfeldlupe45cmDurchmesserEschenbach.jpg\",\"datePublished\":\"2018-10-02T12:23:03+00:00\",\"description\":\"\u2705 Loupe de 4,5 cm de diam\u00e8tre, grossissement 1:1,8 ; id\u00e9al pour la lecture. Particuli\u00e8rement l\u00e9ger et maniable.\",\"breadcrumb\":{\"@id\":\"https:\\\/\\\/www.gleichcom.samuraidev.ch\\\/fr\\\/shop\\\/hellfeldlupe-aufsetzlupe-4-5cm-durchmesser-eschenbach\\\/#breadcrumb\"},\"inLanguage\":\"fr-FR\",\"potentialAction\":[{\"@type\":\"ReadAction\",\"target\":[\"https:\\\/\\\/www.gleichcom.samuraidev.ch\\\/fr\\\/shop\\\/hellfeldlupe-aufsetzlupe-4-5cm-durchmesser-eschenbach\\\/\"]}]},{\"@type\":\"ImageObject\",\"inLanguage\":\"fr-FR\",\"@id\":\"https:\\\/\\\/www.gleichcom.samuraidev.ch\\\/fr\\\/shop\\\/hellfeldlupe-aufsetzlupe-4-5cm-durchmesser-eschenbach\\\/#primaryimage\",\"url\":\"https:\\\/\\\/www.gleichcom.samuraidev.ch\\\/wp-content\\\/uploads\\\/2023\\\/09\\\/Hellfeldlupe45cmDurchmesserEschenbach.jpg\",\"contentUrl\":\"https:\\\/\\\/www.gleichcom.samuraidev.ch\\\/wp-content\\\/uploads\\\/2023\\\/09\\\/Hellfeldlupe45cmDurchmesserEschenbach.jpg\",\"width\":500,\"height\":382},{\"@type\":\"BreadcrumbList\",\"@id\":\"https:\\\/\\\/www.gleichcom.samuraidev.ch\\\/fr\\\/shop\\\/hellfeldlupe-aufsetzlupe-4-5cm-durchmesser-eschenbach\\\/#breadcrumb\",\"itemListElement\":[{\"@type\":\"ListItem\",\"position\":1,\"name\":\"Startseite\",\"item\":\"https:\\\/\\\/www.gleichcom.samuraidev.ch\\\/fr\\\/\"},{\"@type\":\"ListItem\",\"position\":2,\"name\":\"Shop\",\"item\":\"https:\\\/\\\/www.gleichcom.samuraidev.ch\\\/fr\\\/shop\\\/\"},{\"@type\":\"ListItem\",\"position\":3,\"name\":\"Loupe \u00e0 champ clair 4,5cm de diam\u00e8tre Eschenbach\"}]},{\"@type\":\"WebSite\",\"@id\":\"https:\\\/\\\/www.gleichcom.samuraidev.ch\\\/fr\\\/#website\",\"url\":\"https:\\\/\\\/www.gleichcom.samuraidev.ch\\\/fr\\\/\",\"name\":\"Gleichcom AG\",\"description\":\"besser h\u00f6ren. besser sehen. besser leben.\",\"publisher\":{\"@id\":\"https:\\\/\\\/www.gleichcom.samuraidev.ch\\\/fr\\\/#organization\"},\"alternateName\":\"Gleichcom\",\"potentialAction\":[{\"@type\":\"SearchAction\",\"target\":{\"@type\":\"EntryPoint\",\"urlTemplate\":\"https:\\\/\\\/www.gleichcom.samuraidev.ch\\\/fr\\\/?s={search_term_string}\"},\"query-input\":{\"@type\":\"PropertyValueSpecification\",\"valueRequired\":true,\"valueName\":\"search_term_string\"}}],\"inLanguage\":\"fr-FR\"},{\"@type\":\"Organization\",\"@id\":\"https:\\\/\\\/www.gleichcom.samuraidev.ch\\\/fr\\\/#organization\",\"name\":\"Gleichcom AG\",\"alternateName\":\"Gleichcom\",\"url\":\"https:\\\/\\\/www.gleichcom.samuraidev.ch\\\/fr\\\/\",\"logo\":{\"@type\":\"ImageObject\",\"inLanguage\":\"fr-FR\",\"@id\":\"https:\\\/\\\/www.gleichcom.samuraidev.ch\\\/fr\\\/#\\\/schema\\\/logo\\\/image\\\/\",\"url\":\"https:\\\/\\\/www.gleichcom.samuraidev.ch\\\/wp-content\\\/uploads\\\/2023\\\/09\\\/gleichcom-ag-logo-quadrat-farbig-mitte@696.png\",\"contentUrl\":\"https:\\\/\\\/www.gleichcom.samuraidev.ch\\\/wp-content\\\/uploads\\\/2023\\\/09\\\/gleichcom-ag-logo-quadrat-farbig-mitte@696.png\",\"width\":437,\"height\":437,\"caption\":\"Gleichcom AG\"},\"image\":{\"@id\":\"https:\\\/\\\/www.gleichcom.samuraidev.ch\\\/fr\\\/#\\\/schema\\\/logo\\\/image\\\/\"},\"sameAs\":[\"https:\\\/\\\/www.facebook.com\\\/profile.php?id=100068749126981\"]}]}<\/script>\n<!-- \/ Yoast SEO plugin. -->","yoast_head_json":{"title":"Loupe \u00e0 champ clair 4,5cm de diam\u00e8tre Eschenbach im Onlineshop | Gleichcom AG","description":"\u2705 Loupe de 4,5 cm de diam\u00e8tre, grossissement 1:1,8 ; id\u00e9al pour la lecture.  Particuli\u00e8rement l\u00e9ger et maniable.","robots":{"index":"noindex","follow":"follow","max-snippet":"max-snippet:-1","max-image-preview":"max-image-preview:large","max-video-preview":"max-video-preview:-1"},"og_locale":"fr_FR","og_type":"article","og_title":"Loupe \u00e0 champ clair 4,5cm de diam\u00e8tre Eschenbach im Onlineshop | Gleichcom AG","og_description":"\u2705 Loupe de 4,5 cm de diam\u00e8tre, grossissement 1:1,8 ; id\u00e9al pour la lecture.  Particuli\u00e8rement l\u00e9ger et maniable.","og_url":"https:\/\/www.gleichcom.samuraidev.ch\/fr\/shop\/hellfeldlupe-aufsetzlupe-4-5cm-durchmesser-eschenbach\/","og_site_name":"Gleichcom AG","article_publisher":"https:\/\/www.facebook.com\/profile.php?id=100068749126981","og_image":[{"width":500,"height":382,"url":"https:\/\/www.gleichcom.samuraidev.ch\/wp-content\/uploads\/2023\/09\/Hellfeldlupe45cmDurchmesserEschenbach.jpg","type":"image\/jpeg"}],"twitter_card":"summary_large_image","schema":{"@context":"https:\/\/schema.org","@graph":[{"@type":"WebPage","@id":"https:\/\/www.gleichcom.samuraidev.ch\/fr\/shop\/hellfeldlupe-aufsetzlupe-4-5cm-durchmesser-eschenbach\/","url":"https:\/\/www.gleichcom.samuraidev.ch\/fr\/shop\/hellfeldlupe-aufsetzlupe-4-5cm-durchmesser-eschenbach\/","name":"Loupe \u00e0 champ clair 4,5cm de diam\u00e8tre Eschenbach im Onlineshop | Gleichcom AG","isPartOf":{"@id":"https:\/\/www.gleichcom.samuraidev.ch\/fr\/#website"},"primaryImageOfPage":{"@id":"https:\/\/www.gleichcom.samuraidev.ch\/fr\/shop\/hellfeldlupe-aufsetzlupe-4-5cm-durchmesser-eschenbach\/#primaryimage"},"image":{"@id":"https:\/\/www.gleichcom.samuraidev.ch\/fr\/shop\/hellfeldlupe-aufsetzlupe-4-5cm-durchmesser-eschenbach\/#primaryimage"},"thumbnailUrl":"https:\/\/www.gleichcom.samuraidev.ch\/wp-content\/uploads\/2023\/09\/Hellfeldlupe45cmDurchmesserEschenbach.jpg","datePublished":"2018-10-02T12:23:03+00:00","description":"\u2705 Loupe de 4,5 cm de diam\u00e8tre, grossissement 1:1,8 ; id\u00e9al pour la lecture. Particuli\u00e8rement l\u00e9ger et maniable.","breadcrumb":{"@id":"https:\/\/www.gleichcom.samuraidev.ch\/fr\/shop\/hellfeldlupe-aufsetzlupe-4-5cm-durchmesser-eschenbach\/#breadcrumb"},"inLanguage":"fr-FR","potentialAction":[{"@type":"ReadAction","target":["https:\/\/www.gleichcom.samuraidev.ch\/fr\/shop\/hellfeldlupe-aufsetzlupe-4-5cm-durchmesser-eschenbach\/"]}]},{"@type":"ImageObject","inLanguage":"fr-FR","@id":"https:\/\/www.gleichcom.samuraidev.ch\/fr\/shop\/hellfeldlupe-aufsetzlupe-4-5cm-durchmesser-eschenbach\/#primaryimage","url":"https:\/\/www.gleichcom.samuraidev.ch\/wp-content\/uploads\/2023\/09\/Hellfeldlupe45cmDurchmesserEschenbach.jpg","contentUrl":"https:\/\/www.gleichcom.samuraidev.ch\/wp-content\/uploads\/2023\/09\/Hellfeldlupe45cmDurchmesserEschenbach.jpg","width":500,"height":382},{"@type":"BreadcrumbList","@id":"https:\/\/www.gleichcom.samuraidev.ch\/fr\/shop\/hellfeldlupe-aufsetzlupe-4-5cm-durchmesser-eschenbach\/#breadcrumb","itemListElement":[{"@type":"ListItem","position":1,"name":"Startseite","item":"https:\/\/www.gleichcom.samuraidev.ch\/fr\/"},{"@type":"ListItem","position":2,"name":"Shop","item":"https:\/\/www.gleichcom.samuraidev.ch\/fr\/shop\/"},{"@type":"ListItem","position":3,"name":"Loupe \u00e0 champ clair 4,5cm de diam\u00e8tre Eschenbach"}]},{"@type":"WebSite","@id":"https:\/\/www.gleichcom.samuraidev.ch\/fr\/#website","url":"https:\/\/www.gleichcom.samuraidev.ch\/fr\/","name":"Gleichcom AG","description":"besser h\u00f6ren. besser sehen. besser leben.","publisher":{"@id":"https:\/\/www.gleichcom.samuraidev.ch\/fr\/#organization"},"alternateName":"Gleichcom","potentialAction":[{"@type":"SearchAction","target":{"@type":"EntryPoint","urlTemplate":"https:\/\/www.gleichcom.samuraidev.ch\/fr\/?s={search_term_string}"},"query-input":{"@type":"PropertyValueSpecification","valueRequired":true,"valueName":"search_term_string"}}],"inLanguage":"fr-FR"},{"@type":"Organization","@id":"https:\/\/www.gleichcom.samuraidev.ch\/fr\/#organization","name":"Gleichcom AG","alternateName":"Gleichcom","url":"https:\/\/www.gleichcom.samuraidev.ch\/fr\/","logo":{"@type":"ImageObject","inLanguage":"fr-FR","@id":"https:\/\/www.gleichcom.samuraidev.ch\/fr\/#\/schema\/logo\/image\/","url":"https:\/\/www.gleichcom.samuraidev.ch\/wp-content\/uploads\/2023\/09\/gleichcom-ag-logo-quadrat-farbig-mitte@696.png","contentUrl":"https:\/\/www.gleichcom.samuraidev.ch\/wp-content\/uploads\/2023\/09\/gleichcom-ag-logo-quadrat-farbig-mitte@696.png","width":437,"height":437,"caption":"Gleichcom AG"},"image":{"@id":"https:\/\/www.gleichcom.samuraidev.ch\/fr\/#\/schema\/logo\/image\/"},"sameAs":["https:\/\/www.facebook.com\/profile.php?id=100068749126981"]}]}},"uagb_featured_image_src":{"full":["https:\/\/www.gleichcom.samuraidev.ch\/wp-content\/uploads\/2023\/09\/Hellfeldlupe45cmDurchmesserEschenbach.jpg",500,382,false],"thumbnail":["https:\/\/www.gleichcom.samuraidev.ch\/wp-content\/uploads\/2023\/09\/Hellfeldlupe45cmDurchmesserEschenbach.jpg",150,115,false],"medium":["https:\/\/www.gleichcom.samuraidev.ch\/wp-content\/uploads\/2023\/09\/Hellfeldlupe45cmDurchmesserEschenbach.jpg",300,229,false],"medium_large":["https:\/\/www.gleichcom.samuraidev.ch\/wp-content\/uploads\/2023\/09\/Hellfeldlupe45cmDurchmesserEschenbach.jpg",500,382,false],"large":["https:\/\/www.gleichcom.samuraidev.ch\/wp-content\/uploads\/2023\/09\/Hellfeldlupe45cmDurchmesserEschenbach.jpg",500,382,false],"1536x1536":["https:\/\/www.gleichcom.samuraidev.ch\/wp-content\/uploads\/2023\/09\/Hellfeldlupe45cmDurchmesserEschenbach.jpg",500,382,false],"2048x2048":["https:\/\/www.gleichcom.samuraidev.ch\/wp-content\/uploads\/2023\/09\/Hellfeldlupe45cmDurchmesserEschenbach.jpg",500,382,false],"woocommerce_thumbnail":["https:\/\/www.gleichcom.samuraidev.ch\/wp-content\/uploads\/2023\/09\/Hellfeldlupe45cmDurchmesserEschenbach.jpg",300,229,false],"woocommerce_single":["https:\/\/www.gleichcom.samuraidev.ch\/wp-content\/uploads\/2023\/09\/Hellfeldlupe45cmDurchmesserEschenbach.jpg",500,382,false],"woocommerce_gallery_thumbnail":["https:\/\/www.gleichcom.samuraidev.ch\/wp-content\/uploads\/2023\/09\/Hellfeldlupe45cmDurchmesserEschenbach-100x100.jpg",100,100,true]},"uagb_author_info":{"display_name":"","author_link":"https:\/\/www.gleichcom.samuraidev.ch\/fr\/author\/"},"uagb_comment_info":0,"uagb_excerpt":"Loupe de 4,5 cm de diam\u00e8tre, grossissement 1:1,8 ; id\u00e9al pour la lecture. Particuli\u00e8rement l\u00e9ger et maniable.","_links":{"self":[{"href":"https:\/\/www.gleichcom.samuraidev.ch\/fr\/wp-json\/wp\/v2\/product\/6453","targetHints":{"allow":["GET"]}}],"collection":[{"href":"https:\/\/www.gleichcom.samuraidev.ch\/fr\/wp-json\/wp\/v2\/product"}],"about":[{"href":"https:\/\/www.gleichcom.samuraidev.ch\/fr\/wp-json\/wp\/v2\/types\/product"}],"wp:featuredmedia":[{"embeddable":true,"href":"https:\/\/www.gleichcom.samuraidev.ch\/fr\/wp-json\/wp\/v2\/media\/6451"}],"wp:attachment":[{"href":"https:\/\/www.gleichcom.samuraidev.ch\/fr\/wp-json\/wp\/v2\/media?parent=6453"}],"wp:term":[{"taxonomy":"product_brand","embeddable":true,"href":"https:\/\/www.gleichcom.samuraidev.ch\/fr\/wp-json\/wp\/v2\/product_brand?post=6453"},{"taxonomy":"product_cat","embeddable":true,"href":"https:\/\/www.gleichcom.samuraidev.ch\/fr\/wp-json\/wp\/v2\/product_cat?post=6453"},{"taxonomy":"product_tag","embeddable":true,"href":"https:\/\/www.gleichcom.samuraidev.ch\/fr\/wp-json\/wp\/v2\/product_tag?post=6453"}],"curies":[{"name":"wp","href":"https:\/\/api.w.org\/{rel}","templated":true}]}}