{"id":6738,"date":"2018-10-04T16:48:17","date_gmt":"2018-10-04T14:48:17","guid":{"rendered":"https:\/\/www.gleichcom.samuraidev.ch\/?product=led-strahler-mit-tragesystem-eschenbach-headlightled"},"modified":"1000-01-01T00:00:00","modified_gmt":"1000-01-01T00:00:00","slug":"led-strahler-mit-tragesystem-eschenbach-headlightled","status":"publish","type":"product","link":"https:\/\/www.gleichcom.samuraidev.ch\/fr\/shop\/led-strahler-mit-tragesystem-eschenbach-headlightled\/","title":{"rendered":"Projecteur \u00e0 LED avec syst\u00e8me de portage des pharesLED Eschenbach"},"content":{"rendered":"<div>\n\t<strong><span style=\"font-size: 16px;\">Projecteur \u00e0 LED avec syst\u00e8me de portage des pharesLED Eschenbach<\/span><\/strong><br \/>\n\t<strong>\u00a0<br \/>\n\tMise au point pr\u00e9cise de la lumi\u00e8re<\/strong><br \/>\n\tLe projecteur LED d&rsquo;Eschenbach se compose d&rsquo;un syst\u00e8me de transport l\u00e9ger avec spot LED int\u00e9gr\u00e9, qui peut \u00eatre facilement fix\u00e9 par n&rsquo;importe quel non-utilisateur de lunettes. Le projecteur LED assure une mise au point pr\u00e9cise de la lumi\u00e8re, qui peut \u00eatre pivot\u00e9e verticalement dans n&rsquo;importe quelle position et vous permet de travailler sans ombres ni scintillements.\u00a0 L&rsquo;\u00e9tui \u00e0 piles fourni peut \u00eatre port\u00e9 confortablement \u00e0 la ceinture ou dans la poche de votre chemise.<br \/>\n\t\u00a0<br \/>\n\t<strong>En un coup d&rsquo;\u0153il<\/strong>\n<\/div>\n<ul>\n<li>Syst\u00e8me portable l\u00e9ger avec spot LED compact<\/li>\n<li>Convient aux non porteurs de lunettes<\/li>\n<li>Permet une mise au point pr\u00e9cise et sans \u00e9blouissement de la lumi\u00e8re<\/li>\n<li>Mise au point de la lumi\u00e8re \u00e0 une distance de travail sp\u00e9cifique \u00e0 l&rsquo;aide de l&rsquo;optique CPC (Compound Parabolic Concentrator)<\/li>\n<li>Pour un travail sans ombre et sans scintillement<\/li>\n<li>Alimentation \u00e9lectrique via un bo\u00eetier de batterie compact et pratique et un cheminement de c\u00e2bles.<\/li>\n<li>Eclairage quasi constant pendant toute la dur\u00e9e de l&rsquo;\u00e9clairage<\/li>\n<li>Intensit\u00e9 lumineuse : env. 3200lx en 250mm et 1200lx en 400mm<\/li>\n<li>Dur\u00e9e d&rsquo;\u00e9clairage : env. 8 heures en mode normal et env. 14 heures en mode \u00e9co avec piles longue dur\u00e9e ou piles rechargeables.<\/li>\n<li>Dimensions : 32 x 20 x 34 mm, plage de pivotement : verticale<\/li>\n<li>Dimensions du bo\u00eetier de la pile : 90 x 55 x 29 mm (sans clip), longueur de c\u00e2ble 1m<\/li>\n<\/ul>\n<div>\n\t<strong>Contenu de la livraison<\/strong>\n<\/div>\n<ul>\n<li>1 x projecteurLED avec syst\u00e8me de transport<\/li>\n<li>1 x Bo\u00eetier de batterie<\/li>\n<li>3 x piles AA, 1,5 V<\/li>\n<li>1 x clip ceinture<\/li>\n<li>2 x serre-c\u00e2bles en caoutchouc pour le passage des c\u00e2bles sur le syst\u00e8me de transport<\/li>\n<li>1 x \u00e9tui en mousse dure<\/li>\n<li>1 x Mode d&#8217;emploi d\u00e9taill\u00e9<\/li>\n<\/ul>\n","protected":false},"excerpt":{"rendered":"<p>\tSyst\u00e8me de transport l\u00e9ger avec spot LED compact pour une mise au point pr\u00e9cise et sans \u00e9blouissement. Pour les personnes qui ne portent pas de lunettes<\/p>\n","protected":false},"featured_media":6736,"template":"","meta":{"inline_featured_image":false,"_uag_custom_page_level_css":"","site-sidebar-layout":"default","site-content-layout":"","ast-site-content-layout":"default","site-content-style":"default","site-sidebar-style":"default","ast-global-header-display":"","ast-banner-title-visibility":"","ast-main-header-display":"","ast-hfb-above-header-display":"","ast-hfb-below-header-display":"","ast-hfb-mobile-header-display":"","site-post-title":"","ast-breadcrumbs-content":"","ast-featured-img":"","footer-sml-layout":"","ast-disable-related-posts":"","theme-transparent-header-meta":"","adv-header-id-meta":"","stick-header-meta":"","header-above-stick-meta":"","header-main-stick-meta":"","header-below-stick-meta":"","astra-migrate-meta-layouts":"default","ast-page-background-enabled":"default","ast-page-background-meta":{"desktop":{"background-color":"","background-image":"","background-repeat":"repeat","background-position":"center center","background-size":"auto","background-attachment":"scroll","background-type":"","background-media":"","overlay-type":"","overlay-color":"","overlay-opacity":"","overlay-gradient":""},"tablet":{"background-color":"","background-image":"","background-repeat":"repeat","background-position":"center center","background-size":"auto","background-attachment":"scroll","background-type":"","background-media":"","overlay-type":"","overlay-color":"","overlay-opacity":"","overlay-gradient":""},"mobile":{"background-color":"","background-image":"","background-repeat":"repeat","background-position":"center center","background-size":"auto","background-attachment":"scroll","background-type":"","background-media":"","overlay-type":"","overlay-color":"","overlay-opacity":"","overlay-gradient":""}},"ast-content-background-meta":{"desktop":{"background-color":"var(--ast-global-color-5)","background-image":"","background-repeat":"repeat","background-position":"center center","background-size":"auto","background-attachment":"scroll","background-type":"","background-media":"","overlay-type":"","overlay-color":"","overlay-opacity":"","overlay-gradient":""},"tablet":{"background-color":"var(--ast-global-color-5)","background-image":"","background-repeat":"repeat","background-position":"center center","background-size":"auto","background-attachment":"scroll","background-type":"","background-media":"","overlay-type":"","overlay-color":"","overlay-opacity":"","overlay-gradient":""},"mobile":{"background-color":"var(--ast-global-color-5)","background-image":"","background-repeat":"repeat","background-position":"center center","background-size":"auto","background-attachment":"scroll","background-type":"","background-media":"","overlay-type":"","overlay-color":"","overlay-opacity":"","overlay-gradient":""}}},"product_brand":[],"product_cat":[1776],"product_tag":[],"class_list":{"0":"post-6738","1":"product","2":"type-product","3":"status-publish","4":"has-post-thumbnail","6":"product_cat-unkategorisiert","7":"desktop-align-center","8":"tablet-align-center","9":"mobile-align-center","10":"ast-product-gallery-layout-horizontal-slider","11":"ast-product-gallery-with-no-image","12":"ast-product-tabs-layout-accordion","14":"first","15":"outofstock","16":"taxable","17":"shipping-taxable","18":"purchasable","19":"product-type-simple"},"yoast_head":"<!-- This site is optimized with the Yoast SEO plugin v27.6 - https:\/\/yoast.com\/product\/yoast-seo-wordpress\/ -->\n<title>Projecteur \u00e0 LED avec syst\u00e8me de portage des pharesLED Eschenbach im Onlineshop | Gleichcom AG<\/title>\n<meta name=\"description\" content=\"\u2705 Syst\u00e8me de transport l\u00e9ger avec spot LED compact pour une mise au point pr\u00e9cise et sans \u00e9blouissement. Pour les personnes qui ne portent pas de lunettes\" \/>\n<meta name=\"robots\" content=\"noindex, follow, max-snippet:-1, max-image-preview:large, max-video-preview:-1\" \/>\n<meta property=\"og:locale\" content=\"fr_FR\" \/>\n<meta property=\"og:type\" content=\"article\" \/>\n<meta property=\"og:title\" content=\"Projecteur \u00e0 LED avec syst\u00e8me de portage des pharesLED Eschenbach im Onlineshop | Gleichcom AG\" \/>\n<meta property=\"og:description\" content=\"\u2705 Syst\u00e8me de transport l\u00e9ger avec spot LED compact pour une mise au point pr\u00e9cise et sans \u00e9blouissement. Pour les personnes qui ne portent pas de lunettes\" \/>\n<meta property=\"og:url\" content=\"https:\/\/www.gleichcom.samuraidev.ch\/fr\/shop\/led-strahler-mit-tragesystem-eschenbach-headlightled\/\" \/>\n<meta property=\"og:site_name\" content=\"Gleichcom AG\" \/>\n<meta property=\"article:publisher\" content=\"https:\/\/www.facebook.com\/profile.php?id=100068749126981\" \/>\n<meta property=\"og:image\" content=\"https:\/\/www.gleichcom.samuraidev.ch\/wp-content\/uploads\/2023\/09\/160421.jpg\" \/>\n\t<meta property=\"og:image:width\" content=\"500\" \/>\n\t<meta property=\"og:image:height\" content=\"286\" \/>\n\t<meta property=\"og:image:type\" content=\"image\/jpeg\" \/>\n<meta name=\"twitter:card\" content=\"summary_large_image\" \/>\n<script type=\"application\/ld+json\" class=\"yoast-schema-graph\">{\"@context\":\"https:\\\/\\\/schema.org\",\"@graph\":[{\"@type\":\"WebPage\",\"@id\":\"https:\\\/\\\/www.gleichcom.samuraidev.ch\\\/fr\\\/shop\\\/led-strahler-mit-tragesystem-eschenbach-headlightled\\\/\",\"url\":\"https:\\\/\\\/www.gleichcom.samuraidev.ch\\\/fr\\\/shop\\\/led-strahler-mit-tragesystem-eschenbach-headlightled\\\/\",\"name\":\"Projecteur \u00e0 LED avec syst\u00e8me de portage des pharesLED Eschenbach im Onlineshop | Gleichcom AG\",\"isPartOf\":{\"@id\":\"https:\\\/\\\/www.gleichcom.samuraidev.ch\\\/fr\\\/#website\"},\"primaryImageOfPage\":{\"@id\":\"https:\\\/\\\/www.gleichcom.samuraidev.ch\\\/fr\\\/shop\\\/led-strahler-mit-tragesystem-eschenbach-headlightled\\\/#primaryimage\"},\"image\":{\"@id\":\"https:\\\/\\\/www.gleichcom.samuraidev.ch\\\/fr\\\/shop\\\/led-strahler-mit-tragesystem-eschenbach-headlightled\\\/#primaryimage\"},\"thumbnailUrl\":\"https:\\\/\\\/www.gleichcom.samuraidev.ch\\\/wp-content\\\/uploads\\\/2023\\\/09\\\/160421.jpg\",\"datePublished\":\"2018-10-04T14:48:17+00:00\",\"description\":\"\u2705 Syst\u00e8me de transport l\u00e9ger avec spot LED compact pour une mise au point pr\u00e9cise et sans \u00e9blouissement. Pour les personnes qui ne portent pas de lunettes\",\"breadcrumb\":{\"@id\":\"https:\\\/\\\/www.gleichcom.samuraidev.ch\\\/fr\\\/shop\\\/led-strahler-mit-tragesystem-eschenbach-headlightled\\\/#breadcrumb\"},\"inLanguage\":\"fr-FR\",\"potentialAction\":[{\"@type\":\"ReadAction\",\"target\":[\"https:\\\/\\\/www.gleichcom.samuraidev.ch\\\/fr\\\/shop\\\/led-strahler-mit-tragesystem-eschenbach-headlightled\\\/\"]}]},{\"@type\":\"ImageObject\",\"inLanguage\":\"fr-FR\",\"@id\":\"https:\\\/\\\/www.gleichcom.samuraidev.ch\\\/fr\\\/shop\\\/led-strahler-mit-tragesystem-eschenbach-headlightled\\\/#primaryimage\",\"url\":\"https:\\\/\\\/www.gleichcom.samuraidev.ch\\\/wp-content\\\/uploads\\\/2023\\\/09\\\/160421.jpg\",\"contentUrl\":\"https:\\\/\\\/www.gleichcom.samuraidev.ch\\\/wp-content\\\/uploads\\\/2023\\\/09\\\/160421.jpg\",\"width\":500,\"height\":286},{\"@type\":\"BreadcrumbList\",\"@id\":\"https:\\\/\\\/www.gleichcom.samuraidev.ch\\\/fr\\\/shop\\\/led-strahler-mit-tragesystem-eschenbach-headlightled\\\/#breadcrumb\",\"itemListElement\":[{\"@type\":\"ListItem\",\"position\":1,\"name\":\"Startseite\",\"item\":\"https:\\\/\\\/www.gleichcom.samuraidev.ch\\\/fr\\\/\"},{\"@type\":\"ListItem\",\"position\":2,\"name\":\"Shop\",\"item\":\"https:\\\/\\\/www.gleichcom.samuraidev.ch\\\/fr\\\/shop\\\/\"},{\"@type\":\"ListItem\",\"position\":3,\"name\":\"Projecteur \u00e0 LED avec syst\u00e8me de portage des pharesLED Eschenbach\"}]},{\"@type\":\"WebSite\",\"@id\":\"https:\\\/\\\/www.gleichcom.samuraidev.ch\\\/fr\\\/#website\",\"url\":\"https:\\\/\\\/www.gleichcom.samuraidev.ch\\\/fr\\\/\",\"name\":\"Gleichcom AG\",\"description\":\"besser h\u00f6ren. besser sehen. besser leben.\",\"publisher\":{\"@id\":\"https:\\\/\\\/www.gleichcom.samuraidev.ch\\\/fr\\\/#organization\"},\"alternateName\":\"Gleichcom\",\"potentialAction\":[{\"@type\":\"SearchAction\",\"target\":{\"@type\":\"EntryPoint\",\"urlTemplate\":\"https:\\\/\\\/www.gleichcom.samuraidev.ch\\\/fr\\\/?s={search_term_string}\"},\"query-input\":{\"@type\":\"PropertyValueSpecification\",\"valueRequired\":true,\"valueName\":\"search_term_string\"}}],\"inLanguage\":\"fr-FR\"},{\"@type\":\"Organization\",\"@id\":\"https:\\\/\\\/www.gleichcom.samuraidev.ch\\\/fr\\\/#organization\",\"name\":\"Gleichcom AG\",\"alternateName\":\"Gleichcom\",\"url\":\"https:\\\/\\\/www.gleichcom.samuraidev.ch\\\/fr\\\/\",\"logo\":{\"@type\":\"ImageObject\",\"inLanguage\":\"fr-FR\",\"@id\":\"https:\\\/\\\/www.gleichcom.samuraidev.ch\\\/fr\\\/#\\\/schema\\\/logo\\\/image\\\/\",\"url\":\"https:\\\/\\\/www.gleichcom.samuraidev.ch\\\/wp-content\\\/uploads\\\/2023\\\/09\\\/gleichcom-ag-logo-quadrat-farbig-mitte@696.png\",\"contentUrl\":\"https:\\\/\\\/www.gleichcom.samuraidev.ch\\\/wp-content\\\/uploads\\\/2023\\\/09\\\/gleichcom-ag-logo-quadrat-farbig-mitte@696.png\",\"width\":437,\"height\":437,\"caption\":\"Gleichcom AG\"},\"image\":{\"@id\":\"https:\\\/\\\/www.gleichcom.samuraidev.ch\\\/fr\\\/#\\\/schema\\\/logo\\\/image\\\/\"},\"sameAs\":[\"https:\\\/\\\/www.facebook.com\\\/profile.php?id=100068749126981\"]}]}<\/script>\n<!-- \/ Yoast SEO plugin. -->","yoast_head_json":{"title":"Projecteur \u00e0 LED avec syst\u00e8me de portage des pharesLED Eschenbach im Onlineshop | Gleichcom AG","description":"\u2705 Syst\u00e8me de transport l\u00e9ger avec spot LED compact pour une mise au point pr\u00e9cise et sans \u00e9blouissement. Pour les personnes qui ne portent pas de lunettes","robots":{"index":"noindex","follow":"follow","max-snippet":"max-snippet:-1","max-image-preview":"max-image-preview:large","max-video-preview":"max-video-preview:-1"},"og_locale":"fr_FR","og_type":"article","og_title":"Projecteur \u00e0 LED avec syst\u00e8me de portage des pharesLED Eschenbach im Onlineshop | Gleichcom AG","og_description":"\u2705 Syst\u00e8me de transport l\u00e9ger avec spot LED compact pour une mise au point pr\u00e9cise et sans \u00e9blouissement. Pour les personnes qui ne portent pas de lunettes","og_url":"https:\/\/www.gleichcom.samuraidev.ch\/fr\/shop\/led-strahler-mit-tragesystem-eschenbach-headlightled\/","og_site_name":"Gleichcom AG","article_publisher":"https:\/\/www.facebook.com\/profile.php?id=100068749126981","og_image":[{"width":500,"height":286,"url":"https:\/\/www.gleichcom.samuraidev.ch\/wp-content\/uploads\/2023\/09\/160421.jpg","type":"image\/jpeg"}],"twitter_card":"summary_large_image","schema":{"@context":"https:\/\/schema.org","@graph":[{"@type":"WebPage","@id":"https:\/\/www.gleichcom.samuraidev.ch\/fr\/shop\/led-strahler-mit-tragesystem-eschenbach-headlightled\/","url":"https:\/\/www.gleichcom.samuraidev.ch\/fr\/shop\/led-strahler-mit-tragesystem-eschenbach-headlightled\/","name":"Projecteur \u00e0 LED avec syst\u00e8me de portage des pharesLED Eschenbach im Onlineshop | Gleichcom AG","isPartOf":{"@id":"https:\/\/www.gleichcom.samuraidev.ch\/fr\/#website"},"primaryImageOfPage":{"@id":"https:\/\/www.gleichcom.samuraidev.ch\/fr\/shop\/led-strahler-mit-tragesystem-eschenbach-headlightled\/#primaryimage"},"image":{"@id":"https:\/\/www.gleichcom.samuraidev.ch\/fr\/shop\/led-strahler-mit-tragesystem-eschenbach-headlightled\/#primaryimage"},"thumbnailUrl":"https:\/\/www.gleichcom.samuraidev.ch\/wp-content\/uploads\/2023\/09\/160421.jpg","datePublished":"2018-10-04T14:48:17+00:00","description":"\u2705 Syst\u00e8me de transport l\u00e9ger avec spot LED compact pour une mise au point pr\u00e9cise et sans \u00e9blouissement. Pour les personnes qui ne portent pas de lunettes","breadcrumb":{"@id":"https:\/\/www.gleichcom.samuraidev.ch\/fr\/shop\/led-strahler-mit-tragesystem-eschenbach-headlightled\/#breadcrumb"},"inLanguage":"fr-FR","potentialAction":[{"@type":"ReadAction","target":["https:\/\/www.gleichcom.samuraidev.ch\/fr\/shop\/led-strahler-mit-tragesystem-eschenbach-headlightled\/"]}]},{"@type":"ImageObject","inLanguage":"fr-FR","@id":"https:\/\/www.gleichcom.samuraidev.ch\/fr\/shop\/led-strahler-mit-tragesystem-eschenbach-headlightled\/#primaryimage","url":"https:\/\/www.gleichcom.samuraidev.ch\/wp-content\/uploads\/2023\/09\/160421.jpg","contentUrl":"https:\/\/www.gleichcom.samuraidev.ch\/wp-content\/uploads\/2023\/09\/160421.jpg","width":500,"height":286},{"@type":"BreadcrumbList","@id":"https:\/\/www.gleichcom.samuraidev.ch\/fr\/shop\/led-strahler-mit-tragesystem-eschenbach-headlightled\/#breadcrumb","itemListElement":[{"@type":"ListItem","position":1,"name":"Startseite","item":"https:\/\/www.gleichcom.samuraidev.ch\/fr\/"},{"@type":"ListItem","position":2,"name":"Shop","item":"https:\/\/www.gleichcom.samuraidev.ch\/fr\/shop\/"},{"@type":"ListItem","position":3,"name":"Projecteur \u00e0 LED avec syst\u00e8me de portage des pharesLED Eschenbach"}]},{"@type":"WebSite","@id":"https:\/\/www.gleichcom.samuraidev.ch\/fr\/#website","url":"https:\/\/www.gleichcom.samuraidev.ch\/fr\/","name":"Gleichcom AG","description":"besser h\u00f6ren. besser sehen. besser leben.","publisher":{"@id":"https:\/\/www.gleichcom.samuraidev.ch\/fr\/#organization"},"alternateName":"Gleichcom","potentialAction":[{"@type":"SearchAction","target":{"@type":"EntryPoint","urlTemplate":"https:\/\/www.gleichcom.samuraidev.ch\/fr\/?s={search_term_string}"},"query-input":{"@type":"PropertyValueSpecification","valueRequired":true,"valueName":"search_term_string"}}],"inLanguage":"fr-FR"},{"@type":"Organization","@id":"https:\/\/www.gleichcom.samuraidev.ch\/fr\/#organization","name":"Gleichcom AG","alternateName":"Gleichcom","url":"https:\/\/www.gleichcom.samuraidev.ch\/fr\/","logo":{"@type":"ImageObject","inLanguage":"fr-FR","@id":"https:\/\/www.gleichcom.samuraidev.ch\/fr\/#\/schema\/logo\/image\/","url":"https:\/\/www.gleichcom.samuraidev.ch\/wp-content\/uploads\/2023\/09\/gleichcom-ag-logo-quadrat-farbig-mitte@696.png","contentUrl":"https:\/\/www.gleichcom.samuraidev.ch\/wp-content\/uploads\/2023\/09\/gleichcom-ag-logo-quadrat-farbig-mitte@696.png","width":437,"height":437,"caption":"Gleichcom AG"},"image":{"@id":"https:\/\/www.gleichcom.samuraidev.ch\/fr\/#\/schema\/logo\/image\/"},"sameAs":["https:\/\/www.facebook.com\/profile.php?id=100068749126981"]}]}},"uagb_featured_image_src":{"full":["https:\/\/www.gleichcom.samuraidev.ch\/wp-content\/uploads\/2023\/09\/160421.jpg",500,286,false],"thumbnail":["https:\/\/www.gleichcom.samuraidev.ch\/wp-content\/uploads\/2023\/09\/160421.jpg",150,86,false],"medium":["https:\/\/www.gleichcom.samuraidev.ch\/wp-content\/uploads\/2023\/09\/160421.jpg",300,172,false],"medium_large":["https:\/\/www.gleichcom.samuraidev.ch\/wp-content\/uploads\/2023\/09\/160421.jpg",500,286,false],"large":["https:\/\/www.gleichcom.samuraidev.ch\/wp-content\/uploads\/2023\/09\/160421.jpg",500,286,false],"1536x1536":["https:\/\/www.gleichcom.samuraidev.ch\/wp-content\/uploads\/2023\/09\/160421.jpg",500,286,false],"2048x2048":["https:\/\/www.gleichcom.samuraidev.ch\/wp-content\/uploads\/2023\/09\/160421.jpg",500,286,false],"woocommerce_thumbnail":["https:\/\/www.gleichcom.samuraidev.ch\/wp-content\/uploads\/2023\/09\/160421.jpg",300,172,false],"woocommerce_single":["https:\/\/www.gleichcom.samuraidev.ch\/wp-content\/uploads\/2023\/09\/160421.jpg",500,286,false],"woocommerce_gallery_thumbnail":["https:\/\/www.gleichcom.samuraidev.ch\/wp-content\/uploads\/2023\/09\/160421-100x100.jpg",100,100,true]},"uagb_author_info":{"display_name":"","author_link":"https:\/\/www.gleichcom.samuraidev.ch\/fr\/author\/"},"uagb_comment_info":0,"uagb_excerpt":"Syst\u00e8me de transport l\u00e9ger avec spot LED compact pour une mise au point pr\u00e9cise et sans \u00e9blouissement. Pour les personnes qui ne portent pas de lunettes","_links":{"self":[{"href":"https:\/\/www.gleichcom.samuraidev.ch\/fr\/wp-json\/wp\/v2\/product\/6738","targetHints":{"allow":["GET"]}}],"collection":[{"href":"https:\/\/www.gleichcom.samuraidev.ch\/fr\/wp-json\/wp\/v2\/product"}],"about":[{"href":"https:\/\/www.gleichcom.samuraidev.ch\/fr\/wp-json\/wp\/v2\/types\/product"}],"wp:featuredmedia":[{"embeddable":true,"href":"https:\/\/www.gleichcom.samuraidev.ch\/fr\/wp-json\/wp\/v2\/media\/6736"}],"wp:attachment":[{"href":"https:\/\/www.gleichcom.samuraidev.ch\/fr\/wp-json\/wp\/v2\/media?parent=6738"}],"wp:term":[{"taxonomy":"product_brand","embeddable":true,"href":"https:\/\/www.gleichcom.samuraidev.ch\/fr\/wp-json\/wp\/v2\/product_brand?post=6738"},{"taxonomy":"product_cat","embeddable":true,"href":"https:\/\/www.gleichcom.samuraidev.ch\/fr\/wp-json\/wp\/v2\/product_cat?post=6738"},{"taxonomy":"product_tag","embeddable":true,"href":"https:\/\/www.gleichcom.samuraidev.ch\/fr\/wp-json\/wp\/v2\/product_tag?post=6738"}],"curies":[{"name":"wp","href":"https:\/\/api.w.org\/{rel}","templated":true}]}}