{"id":6756,"date":"2018-10-04T16:59:16","date_gmt":"2018-10-04T14:59:16","guid":{"rendered":"https:\/\/www.gleichcom.samuraidev.ch\/?product=filterbrille-wellness-protect-pol-unisex-eschenbach"},"modified":"1000-01-01T00:00:00","modified_gmt":"1000-01-01T00:00:00","slug":"filterbrille-wellness-protect-pol-unisex-eschenbach","status":"publish","type":"product","link":"https:\/\/www.gleichcom.samuraidev.ch\/fr\/shop\/filterbrille-wellness-protect-pol-unisex-eschenbach\/","title":{"rendered":"Lunettes filtrantes Wellness Protect Pol. Unisexe Eschenbach"},"content":{"rendered":"<div>\n\t<strong><span style=\"font-size: 16px;\">Lunettes filtrantes Wellness Protect Pol. Unisexe Eschenbach<\/span><\/strong><br \/>\n\t\u00a0<br \/>\n\t<strong>Lunettes de soleil avec protection anti-\u00e9blouissement sur tout le pourtour<\/strong><br \/>\n\tProt\u00e9gez vos yeux sensibles et votre r\u00e9tine des rayons agressifs du soleil ! Le meilleur avec les lunettes de soleil de haute qualit\u00e9 Wellness Protect d&rsquo;Eschenbach. Le verre filtrant de protection contre la lumi\u00e8re ainsi que le filtre teint\u00e9 \u00e0 75% filtrent certaines parties bleues de la lumi\u00e8re visible, de sorte qu&rsquo;un \u00e9blouissement est extr\u00eamement r\u00e9duit. De plus, les verres filtrants sont support\u00e9s par la polarisation int\u00e9gr\u00e9e suppl\u00e9mentaire : L&rsquo;\u00e9blouissement particuli\u00e8rement g\u00eanant caus\u00e9 par les surfaces r\u00e9fl\u00e9chissantes est filtr\u00e9. Cela signifie pour vous : une vision meilleure, relaxante, claire et contrast\u00e9e !<br \/>\n\t\u00a0<br \/>\n\t<strong>En un coup d&rsquo;\u0153il<\/strong>\n<\/div>\n<ul>\n<li>Protection optimale des yeux et de la r\u00e9tine contre les rayons du soleil.<\/li>\n<li>Pour une vision claire, contrast\u00e9e et reposante<\/li>\n<li>Avec 75% de verre filtrant teint\u00e9 et de protection contre la lumi\u00e8re : R\u00e9duction extr\u00eame de l&rsquo;\u00e9blouissement.<\/li>\n<li>Polarisation int\u00e9gr\u00e9e suppl\u00e9mentaire : l&rsquo;\u00e9blouissement particuli\u00e8rement g\u00eanant caus\u00e9 par les surfaces r\u00e9fl\u00e9chissantes est filtr\u00e9.<\/li>\n<li>Avec 100% de protection UV et plaquettes de nez<\/li>\n<li>Prise sp\u00e9ciale : protection p\u00e9riph\u00e9rique avec fentes d&rsquo;a\u00e9ration<\/li>\n<li>Filtre quelques parties bleues de la lumi\u00e8re visible<\/li>\n<li>La reconnaissance des feux de signalisation est donn\u00e9e (rouge, vert, jaune et bleu), c&rsquo;est-\u00e0-dire que ces filtres sont en bon \u00e9tat de marche, car les composants bleus ne sont pas compl\u00e8tement \u00e9limin\u00e9s par filtration.<\/li>\n<li>Protection id\u00e9ale apr\u00e8s une op\u00e9ration de la cataracte, car la \u00ab\u00a0nouvelle\u00a0\u00bb lentille laisse passer plus de lumi\u00e8re.<\/li>\n<li>Avec branches raccourcissables et protection lat\u00e9rale par lunettes PC (polycarbonate)<\/li>\n<li>L&rsquo;int\u00e9rieur noirci pour r\u00e9duire l&rsquo;irritation lumineuse.<\/li>\n<li>Disponible en 2 tailles diff\u00e9rentes<\/li>\n<li>Unisexe petit : taille 54-16 mm (taille du disque \/ largeur de la bande)<\/li>\n<li>Unisexe Large : Taille 57-16 mm (taille du disque \/ largeur de la bande)<\/li>\n<li>Couleur : noir brillant<\/li>\n<\/ul>\n<div>\n\t<strong>Contenu de la livraison<\/strong>\n<\/div>\n<ul>\n<li>1 x Wellness Protect 75% Pol. Unisexe<\/li>\n<li>1 x bo\u00eetier<\/li>\n<\/ul>\n","protected":false},"excerpt":{"rendered":"<p>\tProtection optimale contre les rayons du soleil. Avec 75% de teinte polarisante pour un filtrage suppl\u00e9mentaire et un \u00e9blouissement extr\u00eamement r\u00e9duit. Disponible en 2 tailles d&rsquo;objectifs et largeurs de bande diff\u00e9rentes<\/p>\n","protected":false},"featured_media":6754,"template":"","meta":{"inline_featured_image":false,"_uag_custom_page_level_css":"","site-sidebar-layout":"default","site-content-layout":"","ast-site-content-layout":"default","site-content-style":"default","site-sidebar-style":"default","ast-global-header-display":"","ast-banner-title-visibility":"","ast-main-header-display":"","ast-hfb-above-header-display":"","ast-hfb-below-header-display":"","ast-hfb-mobile-header-display":"","site-post-title":"","ast-breadcrumbs-content":"","ast-featured-img":"","footer-sml-layout":"","ast-disable-related-posts":"","theme-transparent-header-meta":"default","adv-header-id-meta":"","stick-header-meta":"default","header-above-stick-meta":"","header-main-stick-meta":"","header-below-stick-meta":"","astra-migrate-meta-layouts":"default","ast-page-background-enabled":"default","ast-page-background-meta":{"desktop":{"background-color":"","background-image":"","background-repeat":"repeat","background-position":"center center","background-size":"auto","background-attachment":"scroll","background-type":"","background-media":"","overlay-type":"","overlay-color":"","overlay-opacity":"","overlay-gradient":""},"tablet":{"background-color":"","background-image":"","background-repeat":"repeat","background-position":"center center","background-size":"auto","background-attachment":"scroll","background-type":"","background-media":"","overlay-type":"","overlay-color":"","overlay-opacity":"","overlay-gradient":""},"mobile":{"background-color":"","background-image":"","background-repeat":"repeat","background-position":"center center","background-size":"auto","background-attachment":"scroll","background-type":"","background-media":"","overlay-type":"","overlay-color":"","overlay-opacity":"","overlay-gradient":""}},"ast-content-background-meta":{"desktop":{"background-color":"var(--ast-global-color-5)","background-image":"","background-repeat":"repeat","background-position":"center center","background-size":"auto","background-attachment":"scroll","background-type":"","background-media":"","overlay-type":"","overlay-color":"","overlay-opacity":"","overlay-gradient":""},"tablet":{"background-color":"var(--ast-global-color-5)","background-image":"","background-repeat":"repeat","background-position":"center center","background-size":"auto","background-attachment":"scroll","background-type":"","background-media":"","overlay-type":"","overlay-color":"","overlay-opacity":"","overlay-gradient":""},"mobile":{"background-color":"var(--ast-global-color-5)","background-image":"","background-repeat":"repeat","background-position":"center center","background-size":"auto","background-attachment":"scroll","background-type":"","background-media":"","overlay-type":"","overlay-color":"","overlay-opacity":"","overlay-gradient":""}}},"product_brand":[],"product_cat":[1776],"product_tag":[],"class_list":{"0":"post-6756","1":"product","2":"type-product","3":"status-publish","4":"has-post-thumbnail","6":"product_cat-unkategorisiert","7":"desktop-align-center","8":"tablet-align-center","9":"mobile-align-center","10":"ast-product-gallery-layout-horizontal-slider","11":"ast-product-gallery-with-no-image","12":"ast-product-tabs-layout-accordion","14":"first","15":"instock","16":"taxable","17":"shipping-taxable","18":"purchasable","19":"product-type-simple"},"yoast_head":"<!-- This site is optimized with the Yoast SEO plugin v27.6 - https:\/\/yoast.com\/product\/yoast-seo-wordpress\/ -->\n<title>Lunettes filtrantes Wellness Protect Pol. Unisexe Eschenbach im Onlineshop | Gleichcom AG<\/title>\n<meta name=\"description\" content=\"\u2705 Protection optimale contre les rayons du soleil. Avec 75% de teinte polarisante pour un filtrage suppl\u00e9mentaire et un \u00e9blouissement extr\u00eamement r\u00e9duit. Disponible en 2 tailles d&#039;objectifs et largeurs de bande diff\u00e9rentes\" \/>\n<meta name=\"robots\" content=\"noindex, follow, max-snippet:-1, max-image-preview:large, max-video-preview:-1\" \/>\n<meta property=\"og:locale\" content=\"fr_FR\" \/>\n<meta property=\"og:type\" content=\"article\" \/>\n<meta property=\"og:title\" content=\"Lunettes filtrantes Wellness Protect Pol. Unisexe Eschenbach im Onlineshop | Gleichcom AG\" \/>\n<meta property=\"og:description\" content=\"\u2705 Protection optimale contre les rayons du soleil. Avec 75% de teinte polarisante pour un filtrage suppl\u00e9mentaire et un \u00e9blouissement extr\u00eamement r\u00e9duit. Disponible en 2 tailles d&#039;objectifs et largeurs de bande diff\u00e9rentes\" \/>\n<meta property=\"og:url\" content=\"https:\/\/www.gleichcom.samuraidev.ch\/fr\/shop\/filterbrille-wellness-protect-pol-unisex-eschenbach\/\" \/>\n<meta property=\"og:site_name\" content=\"Gleichcom AG\" \/>\n<meta property=\"article:publisher\" content=\"https:\/\/www.facebook.com\/profile.php?id=100068749126981\" \/>\n<meta property=\"og:image\" content=\"https:\/\/www.gleichcom.samuraidev.ch\/wp-content\/uploads\/2023\/09\/FilterbrilleWellnessProtectPol.UnisexEschenbach.jpg\" \/>\n\t<meta property=\"og:image:width\" content=\"500\" \/>\n\t<meta property=\"og:image:height\" content=\"296\" \/>\n\t<meta property=\"og:image:type\" content=\"image\/jpeg\" \/>\n<meta name=\"twitter:card\" content=\"summary_large_image\" \/>\n<script type=\"application\/ld+json\" class=\"yoast-schema-graph\">{\"@context\":\"https:\\\/\\\/schema.org\",\"@graph\":[{\"@type\":\"WebPage\",\"@id\":\"https:\\\/\\\/www.gleichcom.samuraidev.ch\\\/fr\\\/shop\\\/filterbrille-wellness-protect-pol-unisex-eschenbach\\\/\",\"url\":\"https:\\\/\\\/www.gleichcom.samuraidev.ch\\\/fr\\\/shop\\\/filterbrille-wellness-protect-pol-unisex-eschenbach\\\/\",\"name\":\"Lunettes filtrantes Wellness Protect Pol. Unisexe Eschenbach im Onlineshop | Gleichcom AG\",\"isPartOf\":{\"@id\":\"https:\\\/\\\/www.gleichcom.samuraidev.ch\\\/fr\\\/#website\"},\"primaryImageOfPage\":{\"@id\":\"https:\\\/\\\/www.gleichcom.samuraidev.ch\\\/fr\\\/shop\\\/filterbrille-wellness-protect-pol-unisex-eschenbach\\\/#primaryimage\"},\"image\":{\"@id\":\"https:\\\/\\\/www.gleichcom.samuraidev.ch\\\/fr\\\/shop\\\/filterbrille-wellness-protect-pol-unisex-eschenbach\\\/#primaryimage\"},\"thumbnailUrl\":\"https:\\\/\\\/www.gleichcom.samuraidev.ch\\\/wp-content\\\/uploads\\\/2023\\\/09\\\/FilterbrilleWellnessProtectPol.UnisexEschenbach.jpg\",\"datePublished\":\"2018-10-04T14:59:16+00:00\",\"description\":\"\u2705 Protection optimale contre les rayons du soleil. Avec 75% de teinte polarisante pour un filtrage suppl\u00e9mentaire et un \u00e9blouissement extr\u00eamement r\u00e9duit. Disponible en 2 tailles d'objectifs et largeurs de bande diff\u00e9rentes\",\"breadcrumb\":{\"@id\":\"https:\\\/\\\/www.gleichcom.samuraidev.ch\\\/fr\\\/shop\\\/filterbrille-wellness-protect-pol-unisex-eschenbach\\\/#breadcrumb\"},\"inLanguage\":\"fr-FR\",\"potentialAction\":[{\"@type\":\"ReadAction\",\"target\":[\"https:\\\/\\\/www.gleichcom.samuraidev.ch\\\/fr\\\/shop\\\/filterbrille-wellness-protect-pol-unisex-eschenbach\\\/\"]}]},{\"@type\":\"ImageObject\",\"inLanguage\":\"fr-FR\",\"@id\":\"https:\\\/\\\/www.gleichcom.samuraidev.ch\\\/fr\\\/shop\\\/filterbrille-wellness-protect-pol-unisex-eschenbach\\\/#primaryimage\",\"url\":\"https:\\\/\\\/www.gleichcom.samuraidev.ch\\\/wp-content\\\/uploads\\\/2023\\\/09\\\/FilterbrilleWellnessProtectPol.UnisexEschenbach.jpg\",\"contentUrl\":\"https:\\\/\\\/www.gleichcom.samuraidev.ch\\\/wp-content\\\/uploads\\\/2023\\\/09\\\/FilterbrilleWellnessProtectPol.UnisexEschenbach.jpg\",\"width\":500,\"height\":296},{\"@type\":\"BreadcrumbList\",\"@id\":\"https:\\\/\\\/www.gleichcom.samuraidev.ch\\\/fr\\\/shop\\\/filterbrille-wellness-protect-pol-unisex-eschenbach\\\/#breadcrumb\",\"itemListElement\":[{\"@type\":\"ListItem\",\"position\":1,\"name\":\"Startseite\",\"item\":\"https:\\\/\\\/www.gleichcom.samuraidev.ch\\\/fr\\\/\"},{\"@type\":\"ListItem\",\"position\":2,\"name\":\"Shop\",\"item\":\"https:\\\/\\\/www.gleichcom.samuraidev.ch\\\/fr\\\/shop\\\/\"},{\"@type\":\"ListItem\",\"position\":3,\"name\":\"Lunettes filtrantes Wellness Protect Pol. Unisexe Eschenbach\"}]},{\"@type\":\"WebSite\",\"@id\":\"https:\\\/\\\/www.gleichcom.samuraidev.ch\\\/fr\\\/#website\",\"url\":\"https:\\\/\\\/www.gleichcom.samuraidev.ch\\\/fr\\\/\",\"name\":\"Gleichcom AG\",\"description\":\"besser h\u00f6ren. besser sehen. besser leben.\",\"publisher\":{\"@id\":\"https:\\\/\\\/www.gleichcom.samuraidev.ch\\\/fr\\\/#organization\"},\"alternateName\":\"Gleichcom\",\"potentialAction\":[{\"@type\":\"SearchAction\",\"target\":{\"@type\":\"EntryPoint\",\"urlTemplate\":\"https:\\\/\\\/www.gleichcom.samuraidev.ch\\\/fr\\\/?s={search_term_string}\"},\"query-input\":{\"@type\":\"PropertyValueSpecification\",\"valueRequired\":true,\"valueName\":\"search_term_string\"}}],\"inLanguage\":\"fr-FR\"},{\"@type\":\"Organization\",\"@id\":\"https:\\\/\\\/www.gleichcom.samuraidev.ch\\\/fr\\\/#organization\",\"name\":\"Gleichcom AG\",\"alternateName\":\"Gleichcom\",\"url\":\"https:\\\/\\\/www.gleichcom.samuraidev.ch\\\/fr\\\/\",\"logo\":{\"@type\":\"ImageObject\",\"inLanguage\":\"fr-FR\",\"@id\":\"https:\\\/\\\/www.gleichcom.samuraidev.ch\\\/fr\\\/#\\\/schema\\\/logo\\\/image\\\/\",\"url\":\"https:\\\/\\\/www.gleichcom.samuraidev.ch\\\/wp-content\\\/uploads\\\/2023\\\/09\\\/gleichcom-ag-logo-quadrat-farbig-mitte@696.png\",\"contentUrl\":\"https:\\\/\\\/www.gleichcom.samuraidev.ch\\\/wp-content\\\/uploads\\\/2023\\\/09\\\/gleichcom-ag-logo-quadrat-farbig-mitte@696.png\",\"width\":437,\"height\":437,\"caption\":\"Gleichcom AG\"},\"image\":{\"@id\":\"https:\\\/\\\/www.gleichcom.samuraidev.ch\\\/fr\\\/#\\\/schema\\\/logo\\\/image\\\/\"},\"sameAs\":[\"https:\\\/\\\/www.facebook.com\\\/profile.php?id=100068749126981\"]}]}<\/script>\n<!-- \/ Yoast SEO plugin. -->","yoast_head_json":{"title":"Lunettes filtrantes Wellness Protect Pol. Unisexe Eschenbach im Onlineshop | Gleichcom AG","description":"\u2705 Protection optimale contre les rayons du soleil. Avec 75% de teinte polarisante pour un filtrage suppl\u00e9mentaire et un \u00e9blouissement extr\u00eamement r\u00e9duit. Disponible en 2 tailles d'objectifs et largeurs de bande diff\u00e9rentes","robots":{"index":"noindex","follow":"follow","max-snippet":"max-snippet:-1","max-image-preview":"max-image-preview:large","max-video-preview":"max-video-preview:-1"},"og_locale":"fr_FR","og_type":"article","og_title":"Lunettes filtrantes Wellness Protect Pol. Unisexe Eschenbach im Onlineshop | Gleichcom AG","og_description":"\u2705 Protection optimale contre les rayons du soleil. Avec 75% de teinte polarisante pour un filtrage suppl\u00e9mentaire et un \u00e9blouissement extr\u00eamement r\u00e9duit. Disponible en 2 tailles d'objectifs et largeurs de bande diff\u00e9rentes","og_url":"https:\/\/www.gleichcom.samuraidev.ch\/fr\/shop\/filterbrille-wellness-protect-pol-unisex-eschenbach\/","og_site_name":"Gleichcom AG","article_publisher":"https:\/\/www.facebook.com\/profile.php?id=100068749126981","og_image":[{"width":500,"height":296,"url":"https:\/\/www.gleichcom.samuraidev.ch\/wp-content\/uploads\/2023\/09\/FilterbrilleWellnessProtectPol.UnisexEschenbach.jpg","type":"image\/jpeg"}],"twitter_card":"summary_large_image","schema":{"@context":"https:\/\/schema.org","@graph":[{"@type":"WebPage","@id":"https:\/\/www.gleichcom.samuraidev.ch\/fr\/shop\/filterbrille-wellness-protect-pol-unisex-eschenbach\/","url":"https:\/\/www.gleichcom.samuraidev.ch\/fr\/shop\/filterbrille-wellness-protect-pol-unisex-eschenbach\/","name":"Lunettes filtrantes Wellness Protect Pol. Unisexe Eschenbach im Onlineshop | Gleichcom AG","isPartOf":{"@id":"https:\/\/www.gleichcom.samuraidev.ch\/fr\/#website"},"primaryImageOfPage":{"@id":"https:\/\/www.gleichcom.samuraidev.ch\/fr\/shop\/filterbrille-wellness-protect-pol-unisex-eschenbach\/#primaryimage"},"image":{"@id":"https:\/\/www.gleichcom.samuraidev.ch\/fr\/shop\/filterbrille-wellness-protect-pol-unisex-eschenbach\/#primaryimage"},"thumbnailUrl":"https:\/\/www.gleichcom.samuraidev.ch\/wp-content\/uploads\/2023\/09\/FilterbrilleWellnessProtectPol.UnisexEschenbach.jpg","datePublished":"2018-10-04T14:59:16+00:00","description":"\u2705 Protection optimale contre les rayons du soleil. Avec 75% de teinte polarisante pour un filtrage suppl\u00e9mentaire et un \u00e9blouissement extr\u00eamement r\u00e9duit. Disponible en 2 tailles d'objectifs et largeurs de bande diff\u00e9rentes","breadcrumb":{"@id":"https:\/\/www.gleichcom.samuraidev.ch\/fr\/shop\/filterbrille-wellness-protect-pol-unisex-eschenbach\/#breadcrumb"},"inLanguage":"fr-FR","potentialAction":[{"@type":"ReadAction","target":["https:\/\/www.gleichcom.samuraidev.ch\/fr\/shop\/filterbrille-wellness-protect-pol-unisex-eschenbach\/"]}]},{"@type":"ImageObject","inLanguage":"fr-FR","@id":"https:\/\/www.gleichcom.samuraidev.ch\/fr\/shop\/filterbrille-wellness-protect-pol-unisex-eschenbach\/#primaryimage","url":"https:\/\/www.gleichcom.samuraidev.ch\/wp-content\/uploads\/2023\/09\/FilterbrilleWellnessProtectPol.UnisexEschenbach.jpg","contentUrl":"https:\/\/www.gleichcom.samuraidev.ch\/wp-content\/uploads\/2023\/09\/FilterbrilleWellnessProtectPol.UnisexEschenbach.jpg","width":500,"height":296},{"@type":"BreadcrumbList","@id":"https:\/\/www.gleichcom.samuraidev.ch\/fr\/shop\/filterbrille-wellness-protect-pol-unisex-eschenbach\/#breadcrumb","itemListElement":[{"@type":"ListItem","position":1,"name":"Startseite","item":"https:\/\/www.gleichcom.samuraidev.ch\/fr\/"},{"@type":"ListItem","position":2,"name":"Shop","item":"https:\/\/www.gleichcom.samuraidev.ch\/fr\/shop\/"},{"@type":"ListItem","position":3,"name":"Lunettes filtrantes Wellness Protect Pol. Unisexe Eschenbach"}]},{"@type":"WebSite","@id":"https:\/\/www.gleichcom.samuraidev.ch\/fr\/#website","url":"https:\/\/www.gleichcom.samuraidev.ch\/fr\/","name":"Gleichcom AG","description":"besser h\u00f6ren. besser sehen. besser leben.","publisher":{"@id":"https:\/\/www.gleichcom.samuraidev.ch\/fr\/#organization"},"alternateName":"Gleichcom","potentialAction":[{"@type":"SearchAction","target":{"@type":"EntryPoint","urlTemplate":"https:\/\/www.gleichcom.samuraidev.ch\/fr\/?s={search_term_string}"},"query-input":{"@type":"PropertyValueSpecification","valueRequired":true,"valueName":"search_term_string"}}],"inLanguage":"fr-FR"},{"@type":"Organization","@id":"https:\/\/www.gleichcom.samuraidev.ch\/fr\/#organization","name":"Gleichcom AG","alternateName":"Gleichcom","url":"https:\/\/www.gleichcom.samuraidev.ch\/fr\/","logo":{"@type":"ImageObject","inLanguage":"fr-FR","@id":"https:\/\/www.gleichcom.samuraidev.ch\/fr\/#\/schema\/logo\/image\/","url":"https:\/\/www.gleichcom.samuraidev.ch\/wp-content\/uploads\/2023\/09\/gleichcom-ag-logo-quadrat-farbig-mitte@696.png","contentUrl":"https:\/\/www.gleichcom.samuraidev.ch\/wp-content\/uploads\/2023\/09\/gleichcom-ag-logo-quadrat-farbig-mitte@696.png","width":437,"height":437,"caption":"Gleichcom AG"},"image":{"@id":"https:\/\/www.gleichcom.samuraidev.ch\/fr\/#\/schema\/logo\/image\/"},"sameAs":["https:\/\/www.facebook.com\/profile.php?id=100068749126981"]}]}},"uagb_featured_image_src":{"full":["https:\/\/www.gleichcom.samuraidev.ch\/wp-content\/uploads\/2023\/09\/FilterbrilleWellnessProtectPol.UnisexEschenbach.jpg",500,296,false],"thumbnail":["https:\/\/www.gleichcom.samuraidev.ch\/wp-content\/uploads\/2023\/09\/FilterbrilleWellnessProtectPol.UnisexEschenbach.jpg",150,89,false],"medium":["https:\/\/www.gleichcom.samuraidev.ch\/wp-content\/uploads\/2023\/09\/FilterbrilleWellnessProtectPol.UnisexEschenbach.jpg",300,178,false],"medium_large":["https:\/\/www.gleichcom.samuraidev.ch\/wp-content\/uploads\/2023\/09\/FilterbrilleWellnessProtectPol.UnisexEschenbach.jpg",500,296,false],"large":["https:\/\/www.gleichcom.samuraidev.ch\/wp-content\/uploads\/2023\/09\/FilterbrilleWellnessProtectPol.UnisexEschenbach.jpg",500,296,false],"1536x1536":["https:\/\/www.gleichcom.samuraidev.ch\/wp-content\/uploads\/2023\/09\/FilterbrilleWellnessProtectPol.UnisexEschenbach.jpg",500,296,false],"2048x2048":["https:\/\/www.gleichcom.samuraidev.ch\/wp-content\/uploads\/2023\/09\/FilterbrilleWellnessProtectPol.UnisexEschenbach.jpg",500,296,false],"woocommerce_thumbnail":["https:\/\/www.gleichcom.samuraidev.ch\/wp-content\/uploads\/2023\/09\/FilterbrilleWellnessProtectPol.UnisexEschenbach.jpg",300,178,false],"woocommerce_single":["https:\/\/www.gleichcom.samuraidev.ch\/wp-content\/uploads\/2023\/09\/FilterbrilleWellnessProtectPol.UnisexEschenbach.jpg",500,296,false],"woocommerce_gallery_thumbnail":["https:\/\/www.gleichcom.samuraidev.ch\/wp-content\/uploads\/2023\/09\/FilterbrilleWellnessProtectPol.UnisexEschenbach-100x100.jpg",100,100,true]},"uagb_author_info":{"display_name":"","author_link":"https:\/\/www.gleichcom.samuraidev.ch\/fr\/author\/"},"uagb_comment_info":0,"uagb_excerpt":"Protection optimale contre les rayons du soleil. Avec 75% de teinte polarisante pour un filtrage suppl\u00e9mentaire et un \u00e9blouissement extr\u00eamement r\u00e9duit. Disponible en 2 tailles d'objectifs et largeurs de bande diff\u00e9rentes","_links":{"self":[{"href":"https:\/\/www.gleichcom.samuraidev.ch\/fr\/wp-json\/wp\/v2\/product\/6756","targetHints":{"allow":["GET"]}}],"collection":[{"href":"https:\/\/www.gleichcom.samuraidev.ch\/fr\/wp-json\/wp\/v2\/product"}],"about":[{"href":"https:\/\/www.gleichcom.samuraidev.ch\/fr\/wp-json\/wp\/v2\/types\/product"}],"wp:featuredmedia":[{"embeddable":true,"href":"https:\/\/www.gleichcom.samuraidev.ch\/fr\/wp-json\/wp\/v2\/media\/6754"}],"wp:attachment":[{"href":"https:\/\/www.gleichcom.samuraidev.ch\/fr\/wp-json\/wp\/v2\/media?parent=6756"}],"wp:term":[{"taxonomy":"product_brand","embeddable":true,"href":"https:\/\/www.gleichcom.samuraidev.ch\/fr\/wp-json\/wp\/v2\/product_brand?post=6756"},{"taxonomy":"product_cat","embeddable":true,"href":"https:\/\/www.gleichcom.samuraidev.ch\/fr\/wp-json\/wp\/v2\/product_cat?post=6756"},{"taxonomy":"product_tag","embeddable":true,"href":"https:\/\/www.gleichcom.samuraidev.ch\/fr\/wp-json\/wp\/v2\/product_tag?post=6756"}],"curies":[{"name":"wp","href":"https:\/\/api.w.org\/{rel}","templated":true}]}}