{"id":6822,"date":"2018-10-04T18:07:36","date_gmt":"2018-10-04T16:07:36","guid":{"rendered":"https:\/\/www.gleichcom.samuraidev.ch\/?product=sprechende-damen-armbanduhr-mit-touch-funktion-metallzugarmband-senso-2-marschall"},"modified":"1000-01-01T00:00:00","modified_gmt":"1000-01-01T00:00:00","slug":"sprechende-damen-armbanduhr-mit-touch-funktion-metallzugarmband-senso-2-marschall","status":"publish","type":"product","link":"https:\/\/www.gleichcom.samuraidev.ch\/fr\/shop\/sprechende-damen-armbanduhr-mit-touch-funktion-metallzugarmband-senso-2-marschall\/","title":{"rendered":"Montre-bracelet pour dames parlantes avec fonction tactile et bracelet en m\u00e9tal Senso Marschall"},"content":{"rendered":"<p><span style=\"font-size:16px;\"><strong>Montre-bracelet pour dames parlantes avec fonction tactile et bracelet en m\u00e9tal Senso Marschall<\/strong><\/span><br \/>\n<strong>Sortie vocale uniquement disponible en allemand<\/strong><br \/>\n\u00a0<br \/>\n<strong>Utilisation facile au toucher<\/strong><br \/>\nAvec cette montre-bracelet \u00e9l\u00e9gante et de haute qualit\u00e9, vous n&rsquo;avez plus besoin de chercher le bouton pour l&rsquo;annonce vocale. La montre Senso r\u00e9agit en touchant le verre de la montre (fonction tactile). Maintenez simplement votre doigt sur le verre de la montre pendant 1 seconde et une voix f\u00e9minine agr\u00e9able vous indiquera l&rsquo;heure actuelle. Apr\u00e8s 3 secondes, le jour de la semaine (par ex. vendredi 22 juillet 2017) est annonc\u00e9. De plus, tous les r\u00e9glages peuvent \u00e9galement \u00eatre rappel\u00e9s acoustiquement par simple pression sur un bouton.<br \/>\n\u00a0<br \/>\n<strong>Aiguilles luminescentes<\/strong><br \/>\nLe cadran \u00e0 contraste \u00e9lev\u00e9 (chiffres noirs sur fond blanc) facilite la lecture de l&rsquo;heure. Les aiguilles de la montre-bracelet sont \u00e9galement dot\u00e9es d&rsquo;un rev\u00eatement luminescent qui stocke la lumi\u00e8re pendant la journ\u00e9e et l&rsquo;\u00e9met \u00e0 nouveau dans l&rsquo;obscurit\u00e9. Ainsi les mains s&rsquo;illuminent la nuit.\u00a0<br \/>\n\u00a0<br \/>\n<strong>En un coup d&rsquo;\u0153il<\/strong><br \/>\nMontre-bracelet parlante Senso<br \/>\nAvec la technologie tactile<br \/>\nAnnonce de l&rsquo;heure et de la date actuelles en touchant le verre de la montre (pour l&rsquo;annonce de l&rsquo;heure : 1 seconde, pour l&rsquo;annonce de la date : 3 secondes)<br \/>\nTous les r\u00e9glages sont clairement annonc\u00e9s sur simple pression d&rsquo;un bouton.<br \/>\nVoix f\u00e9minine tr\u00e8s distincte<br \/>\nSortie vocale allemande<br \/>\nMouvement \u00e0 quartz de haute qualit\u00e9 avec fonction d&rsquo;\u00e9conomie de pile<br \/>\nUtilisation tr\u00e8s simple<br \/>\nComprend une fonction d&rsquo;alarme avec 3 tonalit\u00e9s d&rsquo;alarme diff\u00e9rentes<br \/>\nCadran au design tr\u00e8s contrast\u00e9<br \/>\nLes mains brillent dans le noir<br \/>\nGrands nombres<br \/>\nDesign noble<br \/>\nDiam\u00e8tre montre dame : \u00d8 34 mm\u00a0<br \/>\nDiam\u00e8tre montre homme : \u00d8 43 mm<br \/>\nAvec bracelet en m\u00e9tal ajustable<br \/>\n\u00a0<br \/>\n<strong>Contenu de la livraison<\/strong><br \/>\n1 x Dames parlantes montre-bracelet Senso<br \/>\n1 x Batterie Lithium CR 2032<br \/>\n\u00a0<\/p>\n","protected":false},"excerpt":{"rendered":"<p>\tMontre-bracelet de haute qualit\u00e9 pour dames nobles avec sortie vocale. Annonce de l&rsquo;heure et de la date en touchant le verre de la montre. Avec des aiguilles lumineuses. Bracelet en m\u00e9tal.<\/p>\n","protected":false},"featured_media":6808,"template":"","meta":{"inline_featured_image":false,"_uag_custom_page_level_css":"","site-sidebar-layout":"default","site-content-layout":"","ast-site-content-layout":"default","site-content-style":"default","site-sidebar-style":"default","ast-global-header-display":"","ast-banner-title-visibility":"","ast-main-header-display":"","ast-hfb-above-header-display":"","ast-hfb-below-header-display":"","ast-hfb-mobile-header-display":"","site-post-title":"","ast-breadcrumbs-content":"","ast-featured-img":"","footer-sml-layout":"","ast-disable-related-posts":"","theme-transparent-header-meta":"","adv-header-id-meta":"","stick-header-meta":"","header-above-stick-meta":"","header-main-stick-meta":"","header-below-stick-meta":"","astra-migrate-meta-layouts":"default","ast-page-background-enabled":"default","ast-page-background-meta":{"desktop":{"background-color":"","background-image":"","background-repeat":"repeat","background-position":"center center","background-size":"auto","background-attachment":"scroll","background-type":"","background-media":"","overlay-type":"","overlay-color":"","overlay-opacity":"","overlay-gradient":""},"tablet":{"background-color":"","background-image":"","background-repeat":"repeat","background-position":"center center","background-size":"auto","background-attachment":"scroll","background-type":"","background-media":"","overlay-type":"","overlay-color":"","overlay-opacity":"","overlay-gradient":""},"mobile":{"background-color":"","background-image":"","background-repeat":"repeat","background-position":"center center","background-size":"auto","background-attachment":"scroll","background-type":"","background-media":"","overlay-type":"","overlay-color":"","overlay-opacity":"","overlay-gradient":""}},"ast-content-background-meta":{"desktop":{"background-color":"var(--ast-global-color-5)","background-image":"","background-repeat":"repeat","background-position":"center center","background-size":"auto","background-attachment":"scroll","background-type":"","background-media":"","overlay-type":"","overlay-color":"","overlay-opacity":"","overlay-gradient":""},"tablet":{"background-color":"var(--ast-global-color-5)","background-image":"","background-repeat":"repeat","background-position":"center center","background-size":"auto","background-attachment":"scroll","background-type":"","background-media":"","overlay-type":"","overlay-color":"","overlay-opacity":"","overlay-gradient":""},"mobile":{"background-color":"var(--ast-global-color-5)","background-image":"","background-repeat":"repeat","background-position":"center center","background-size":"auto","background-attachment":"scroll","background-type":"","background-media":"","overlay-type":"","overlay-color":"","overlay-opacity":"","overlay-gradient":""}}},"product_brand":[],"product_cat":[1776],"product_tag":[],"class_list":{"0":"post-6822","1":"product","2":"type-product","3":"status-publish","4":"has-post-thumbnail","6":"product_cat-unkategorisiert","7":"desktop-align-center","8":"tablet-align-center","9":"mobile-align-center","10":"ast-product-gallery-layout-horizontal-slider","11":"ast-product-tabs-layout-accordion","13":"first","14":"instock","15":"taxable","16":"shipping-taxable","17":"purchasable","18":"product-type-simple"},"yoast_head":"<!-- This site is optimized with the Yoast SEO plugin v27.5 - https:\/\/yoast.com\/product\/yoast-seo-wordpress\/ -->\n<title>Montre-bracelet pour dames parlantes avec fonction tactile et bracelet en m\u00e9tal Senso Marschall im Onlineshop | Gleichcom AG<\/title>\n<meta name=\"description\" content=\"\u2705 Montre-bracelet de haute qualit\u00e9 pour dames nobles avec sortie vocale. Annonce de l&#039;heure et de la date en touchant le verre de la montre. Avec des aiguilles lumineuses. Bracelet en m\u00e9tal.\" \/>\n<meta name=\"robots\" content=\"noindex, follow, max-snippet:-1, max-image-preview:large, max-video-preview:-1\" \/>\n<meta property=\"og:locale\" content=\"fr_FR\" \/>\n<meta property=\"og:type\" content=\"article\" \/>\n<meta property=\"og:title\" content=\"Montre-bracelet pour dames parlantes avec fonction tactile et bracelet en m\u00e9tal Senso Marschall im Onlineshop | Gleichcom AG\" \/>\n<meta property=\"og:description\" content=\"\u2705 Montre-bracelet de haute qualit\u00e9 pour dames nobles avec sortie vocale. Annonce de l&#039;heure et de la date en touchant le verre de la montre. Avec des aiguilles lumineuses. Bracelet en m\u00e9tal.\" \/>\n<meta property=\"og:url\" content=\"https:\/\/www.gleichcom.samuraidev.ch\/fr\/shop\/sprechende-damen-armbanduhr-mit-touch-funktion-metallzugarmband-senso-2-marschall\/\" \/>\n<meta property=\"og:site_name\" content=\"Gleichcom AG\" \/>\n<meta property=\"article:publisher\" content=\"https:\/\/www.facebook.com\/profile.php?id=100068749126981\" \/>\n<meta property=\"og:image\" content=\"https:\/\/www.gleichcom.samuraidev.ch\/wp-content\/uploads\/2023\/09\/marsdm1.jpg\" \/>\n\t<meta property=\"og:image:width\" content=\"500\" \/>\n\t<meta property=\"og:image:height\" content=\"500\" \/>\n\t<meta property=\"og:image:type\" content=\"image\/jpeg\" \/>\n<meta name=\"twitter:card\" content=\"summary_large_image\" \/>\n<script type=\"application\/ld+json\" class=\"yoast-schema-graph\">{\"@context\":\"https:\\\/\\\/schema.org\",\"@graph\":[{\"@type\":\"WebPage\",\"@id\":\"https:\\\/\\\/www.gleichcom.samuraidev.ch\\\/fr\\\/shop\\\/sprechende-damen-armbanduhr-mit-touch-funktion-metallzugarmband-senso-2-marschall\\\/\",\"url\":\"https:\\\/\\\/www.gleichcom.samuraidev.ch\\\/fr\\\/shop\\\/sprechende-damen-armbanduhr-mit-touch-funktion-metallzugarmband-senso-2-marschall\\\/\",\"name\":\"Montre-bracelet pour dames parlantes avec fonction tactile et bracelet en m\u00e9tal Senso Marschall im Onlineshop | Gleichcom AG\",\"isPartOf\":{\"@id\":\"https:\\\/\\\/www.gleichcom.samuraidev.ch\\\/fr\\\/#website\"},\"primaryImageOfPage\":{\"@id\":\"https:\\\/\\\/www.gleichcom.samuraidev.ch\\\/fr\\\/shop\\\/sprechende-damen-armbanduhr-mit-touch-funktion-metallzugarmband-senso-2-marschall\\\/#primaryimage\"},\"image\":{\"@id\":\"https:\\\/\\\/www.gleichcom.samuraidev.ch\\\/fr\\\/shop\\\/sprechende-damen-armbanduhr-mit-touch-funktion-metallzugarmband-senso-2-marschall\\\/#primaryimage\"},\"thumbnailUrl\":\"https:\\\/\\\/www.gleichcom.samuraidev.ch\\\/wp-content\\\/uploads\\\/2023\\\/09\\\/marsdm1.jpg\",\"datePublished\":\"2018-10-04T16:07:36+00:00\",\"description\":\"\u2705 Montre-bracelet de haute qualit\u00e9 pour dames nobles avec sortie vocale. Annonce de l'heure et de la date en touchant le verre de la montre. Avec des aiguilles lumineuses. Bracelet en m\u00e9tal.\",\"breadcrumb\":{\"@id\":\"https:\\\/\\\/www.gleichcom.samuraidev.ch\\\/fr\\\/shop\\\/sprechende-damen-armbanduhr-mit-touch-funktion-metallzugarmband-senso-2-marschall\\\/#breadcrumb\"},\"inLanguage\":\"fr-FR\",\"potentialAction\":[{\"@type\":\"ReadAction\",\"target\":[\"https:\\\/\\\/www.gleichcom.samuraidev.ch\\\/fr\\\/shop\\\/sprechende-damen-armbanduhr-mit-touch-funktion-metallzugarmband-senso-2-marschall\\\/\"]}]},{\"@type\":\"ImageObject\",\"inLanguage\":\"fr-FR\",\"@id\":\"https:\\\/\\\/www.gleichcom.samuraidev.ch\\\/fr\\\/shop\\\/sprechende-damen-armbanduhr-mit-touch-funktion-metallzugarmband-senso-2-marschall\\\/#primaryimage\",\"url\":\"https:\\\/\\\/www.gleichcom.samuraidev.ch\\\/wp-content\\\/uploads\\\/2023\\\/09\\\/marsdm1.jpg\",\"contentUrl\":\"https:\\\/\\\/www.gleichcom.samuraidev.ch\\\/wp-content\\\/uploads\\\/2023\\\/09\\\/marsdm1.jpg\",\"width\":500,\"height\":500},{\"@type\":\"BreadcrumbList\",\"@id\":\"https:\\\/\\\/www.gleichcom.samuraidev.ch\\\/fr\\\/shop\\\/sprechende-damen-armbanduhr-mit-touch-funktion-metallzugarmband-senso-2-marschall\\\/#breadcrumb\",\"itemListElement\":[{\"@type\":\"ListItem\",\"position\":1,\"name\":\"Startseite\",\"item\":\"https:\\\/\\\/www.gleichcom.samuraidev.ch\\\/fr\\\/\"},{\"@type\":\"ListItem\",\"position\":2,\"name\":\"Shop\",\"item\":\"https:\\\/\\\/www.gleichcom.samuraidev.ch\\\/fr\\\/shop\\\/\"},{\"@type\":\"ListItem\",\"position\":3,\"name\":\"Montre-bracelet pour dames parlantes avec fonction tactile et bracelet en m\u00e9tal Senso Marschall\"}]},{\"@type\":\"WebSite\",\"@id\":\"https:\\\/\\\/www.gleichcom.samuraidev.ch\\\/fr\\\/#website\",\"url\":\"https:\\\/\\\/www.gleichcom.samuraidev.ch\\\/fr\\\/\",\"name\":\"Gleichcom AG\",\"description\":\"besser h\u00f6ren. besser sehen. besser leben.\",\"publisher\":{\"@id\":\"https:\\\/\\\/www.gleichcom.samuraidev.ch\\\/fr\\\/#organization\"},\"alternateName\":\"Gleichcom\",\"potentialAction\":[{\"@type\":\"SearchAction\",\"target\":{\"@type\":\"EntryPoint\",\"urlTemplate\":\"https:\\\/\\\/www.gleichcom.samuraidev.ch\\\/fr\\\/?s={search_term_string}\"},\"query-input\":{\"@type\":\"PropertyValueSpecification\",\"valueRequired\":true,\"valueName\":\"search_term_string\"}}],\"inLanguage\":\"fr-FR\"},{\"@type\":\"Organization\",\"@id\":\"https:\\\/\\\/www.gleichcom.samuraidev.ch\\\/fr\\\/#organization\",\"name\":\"Gleichcom AG\",\"alternateName\":\"Gleichcom\",\"url\":\"https:\\\/\\\/www.gleichcom.samuraidev.ch\\\/fr\\\/\",\"logo\":{\"@type\":\"ImageObject\",\"inLanguage\":\"fr-FR\",\"@id\":\"https:\\\/\\\/www.gleichcom.samuraidev.ch\\\/fr\\\/#\\\/schema\\\/logo\\\/image\\\/\",\"url\":\"https:\\\/\\\/www.gleichcom.samuraidev.ch\\\/wp-content\\\/uploads\\\/2023\\\/09\\\/gleichcom-ag-logo-quadrat-farbig-mitte@696.png\",\"contentUrl\":\"https:\\\/\\\/www.gleichcom.samuraidev.ch\\\/wp-content\\\/uploads\\\/2023\\\/09\\\/gleichcom-ag-logo-quadrat-farbig-mitte@696.png\",\"width\":437,\"height\":437,\"caption\":\"Gleichcom AG\"},\"image\":{\"@id\":\"https:\\\/\\\/www.gleichcom.samuraidev.ch\\\/fr\\\/#\\\/schema\\\/logo\\\/image\\\/\"},\"sameAs\":[\"https:\\\/\\\/www.facebook.com\\\/profile.php?id=100068749126981\"]}]}<\/script>\n<!-- \/ Yoast SEO plugin. -->","yoast_head_json":{"title":"Montre-bracelet pour dames parlantes avec fonction tactile et bracelet en m\u00e9tal Senso Marschall im Onlineshop | Gleichcom AG","description":"\u2705 Montre-bracelet de haute qualit\u00e9 pour dames nobles avec sortie vocale. Annonce de l'heure et de la date en touchant le verre de la montre. Avec des aiguilles lumineuses. Bracelet en m\u00e9tal.","robots":{"index":"noindex","follow":"follow","max-snippet":"max-snippet:-1","max-image-preview":"max-image-preview:large","max-video-preview":"max-video-preview:-1"},"og_locale":"fr_FR","og_type":"article","og_title":"Montre-bracelet pour dames parlantes avec fonction tactile et bracelet en m\u00e9tal Senso Marschall im Onlineshop | Gleichcom AG","og_description":"\u2705 Montre-bracelet de haute qualit\u00e9 pour dames nobles avec sortie vocale. Annonce de l'heure et de la date en touchant le verre de la montre. Avec des aiguilles lumineuses. Bracelet en m\u00e9tal.","og_url":"https:\/\/www.gleichcom.samuraidev.ch\/fr\/shop\/sprechende-damen-armbanduhr-mit-touch-funktion-metallzugarmband-senso-2-marschall\/","og_site_name":"Gleichcom AG","article_publisher":"https:\/\/www.facebook.com\/profile.php?id=100068749126981","og_image":[{"width":500,"height":500,"url":"https:\/\/www.gleichcom.samuraidev.ch\/wp-content\/uploads\/2023\/09\/marsdm1.jpg","type":"image\/jpeg"}],"twitter_card":"summary_large_image","schema":{"@context":"https:\/\/schema.org","@graph":[{"@type":"WebPage","@id":"https:\/\/www.gleichcom.samuraidev.ch\/fr\/shop\/sprechende-damen-armbanduhr-mit-touch-funktion-metallzugarmband-senso-2-marschall\/","url":"https:\/\/www.gleichcom.samuraidev.ch\/fr\/shop\/sprechende-damen-armbanduhr-mit-touch-funktion-metallzugarmband-senso-2-marschall\/","name":"Montre-bracelet pour dames parlantes avec fonction tactile et bracelet en m\u00e9tal Senso Marschall im Onlineshop | Gleichcom AG","isPartOf":{"@id":"https:\/\/www.gleichcom.samuraidev.ch\/fr\/#website"},"primaryImageOfPage":{"@id":"https:\/\/www.gleichcom.samuraidev.ch\/fr\/shop\/sprechende-damen-armbanduhr-mit-touch-funktion-metallzugarmband-senso-2-marschall\/#primaryimage"},"image":{"@id":"https:\/\/www.gleichcom.samuraidev.ch\/fr\/shop\/sprechende-damen-armbanduhr-mit-touch-funktion-metallzugarmband-senso-2-marschall\/#primaryimage"},"thumbnailUrl":"https:\/\/www.gleichcom.samuraidev.ch\/wp-content\/uploads\/2023\/09\/marsdm1.jpg","datePublished":"2018-10-04T16:07:36+00:00","description":"\u2705 Montre-bracelet de haute qualit\u00e9 pour dames nobles avec sortie vocale. Annonce de l'heure et de la date en touchant le verre de la montre. Avec des aiguilles lumineuses. Bracelet en m\u00e9tal.","breadcrumb":{"@id":"https:\/\/www.gleichcom.samuraidev.ch\/fr\/shop\/sprechende-damen-armbanduhr-mit-touch-funktion-metallzugarmband-senso-2-marschall\/#breadcrumb"},"inLanguage":"fr-FR","potentialAction":[{"@type":"ReadAction","target":["https:\/\/www.gleichcom.samuraidev.ch\/fr\/shop\/sprechende-damen-armbanduhr-mit-touch-funktion-metallzugarmband-senso-2-marschall\/"]}]},{"@type":"ImageObject","inLanguage":"fr-FR","@id":"https:\/\/www.gleichcom.samuraidev.ch\/fr\/shop\/sprechende-damen-armbanduhr-mit-touch-funktion-metallzugarmband-senso-2-marschall\/#primaryimage","url":"https:\/\/www.gleichcom.samuraidev.ch\/wp-content\/uploads\/2023\/09\/marsdm1.jpg","contentUrl":"https:\/\/www.gleichcom.samuraidev.ch\/wp-content\/uploads\/2023\/09\/marsdm1.jpg","width":500,"height":500},{"@type":"BreadcrumbList","@id":"https:\/\/www.gleichcom.samuraidev.ch\/fr\/shop\/sprechende-damen-armbanduhr-mit-touch-funktion-metallzugarmband-senso-2-marschall\/#breadcrumb","itemListElement":[{"@type":"ListItem","position":1,"name":"Startseite","item":"https:\/\/www.gleichcom.samuraidev.ch\/fr\/"},{"@type":"ListItem","position":2,"name":"Shop","item":"https:\/\/www.gleichcom.samuraidev.ch\/fr\/shop\/"},{"@type":"ListItem","position":3,"name":"Montre-bracelet pour dames parlantes avec fonction tactile et bracelet en m\u00e9tal Senso Marschall"}]},{"@type":"WebSite","@id":"https:\/\/www.gleichcom.samuraidev.ch\/fr\/#website","url":"https:\/\/www.gleichcom.samuraidev.ch\/fr\/","name":"Gleichcom AG","description":"besser h\u00f6ren. besser sehen. besser leben.","publisher":{"@id":"https:\/\/www.gleichcom.samuraidev.ch\/fr\/#organization"},"alternateName":"Gleichcom","potentialAction":[{"@type":"SearchAction","target":{"@type":"EntryPoint","urlTemplate":"https:\/\/www.gleichcom.samuraidev.ch\/fr\/?s={search_term_string}"},"query-input":{"@type":"PropertyValueSpecification","valueRequired":true,"valueName":"search_term_string"}}],"inLanguage":"fr-FR"},{"@type":"Organization","@id":"https:\/\/www.gleichcom.samuraidev.ch\/fr\/#organization","name":"Gleichcom AG","alternateName":"Gleichcom","url":"https:\/\/www.gleichcom.samuraidev.ch\/fr\/","logo":{"@type":"ImageObject","inLanguage":"fr-FR","@id":"https:\/\/www.gleichcom.samuraidev.ch\/fr\/#\/schema\/logo\/image\/","url":"https:\/\/www.gleichcom.samuraidev.ch\/wp-content\/uploads\/2023\/09\/gleichcom-ag-logo-quadrat-farbig-mitte@696.png","contentUrl":"https:\/\/www.gleichcom.samuraidev.ch\/wp-content\/uploads\/2023\/09\/gleichcom-ag-logo-quadrat-farbig-mitte@696.png","width":437,"height":437,"caption":"Gleichcom AG"},"image":{"@id":"https:\/\/www.gleichcom.samuraidev.ch\/fr\/#\/schema\/logo\/image\/"},"sameAs":["https:\/\/www.facebook.com\/profile.php?id=100068749126981"]}]}},"uagb_featured_image_src":{"full":["https:\/\/www.gleichcom.samuraidev.ch\/wp-content\/uploads\/2023\/09\/marsdm1.jpg",500,500,false],"thumbnail":["https:\/\/www.gleichcom.samuraidev.ch\/wp-content\/uploads\/2023\/09\/marsdm1.jpg",150,150,false],"medium":["https:\/\/www.gleichcom.samuraidev.ch\/wp-content\/uploads\/2023\/09\/marsdm1.jpg",300,300,false],"medium_large":["https:\/\/www.gleichcom.samuraidev.ch\/wp-content\/uploads\/2023\/09\/marsdm1.jpg",500,500,false],"large":["https:\/\/www.gleichcom.samuraidev.ch\/wp-content\/uploads\/2023\/09\/marsdm1.jpg",500,500,false],"1536x1536":["https:\/\/www.gleichcom.samuraidev.ch\/wp-content\/uploads\/2023\/09\/marsdm1.jpg",500,500,false],"2048x2048":["https:\/\/www.gleichcom.samuraidev.ch\/wp-content\/uploads\/2023\/09\/marsdm1.jpg",500,500,false],"woocommerce_thumbnail":["https:\/\/www.gleichcom.samuraidev.ch\/wp-content\/uploads\/2023\/09\/marsdm1.jpg",300,300,false],"woocommerce_single":["https:\/\/www.gleichcom.samuraidev.ch\/wp-content\/uploads\/2023\/09\/marsdm1.jpg",500,500,false],"woocommerce_gallery_thumbnail":["https:\/\/www.gleichcom.samuraidev.ch\/wp-content\/uploads\/2023\/09\/marsdm1.jpg",100,100,false]},"uagb_author_info":{"display_name":"","author_link":"https:\/\/www.gleichcom.samuraidev.ch\/fr\/author\/"},"uagb_comment_info":0,"uagb_excerpt":"Montre-bracelet de haute qualit\u00e9 pour dames nobles avec sortie vocale. Annonce de l'heure et de la date en touchant le verre de la montre. Avec des aiguilles lumineuses. Bracelet en m\u00e9tal.","_links":{"self":[{"href":"https:\/\/www.gleichcom.samuraidev.ch\/fr\/wp-json\/wp\/v2\/product\/6822","targetHints":{"allow":["GET"]}}],"collection":[{"href":"https:\/\/www.gleichcom.samuraidev.ch\/fr\/wp-json\/wp\/v2\/product"}],"about":[{"href":"https:\/\/www.gleichcom.samuraidev.ch\/fr\/wp-json\/wp\/v2\/types\/product"}],"wp:featuredmedia":[{"embeddable":true,"href":"https:\/\/www.gleichcom.samuraidev.ch\/fr\/wp-json\/wp\/v2\/media\/6808"}],"wp:attachment":[{"href":"https:\/\/www.gleichcom.samuraidev.ch\/fr\/wp-json\/wp\/v2\/media?parent=6822"}],"wp:term":[{"taxonomy":"product_brand","embeddable":true,"href":"https:\/\/www.gleichcom.samuraidev.ch\/fr\/wp-json\/wp\/v2\/product_brand?post=6822"},{"taxonomy":"product_cat","embeddable":true,"href":"https:\/\/www.gleichcom.samuraidev.ch\/fr\/wp-json\/wp\/v2\/product_cat?post=6822"},{"taxonomy":"product_tag","embeddable":true,"href":"https:\/\/www.gleichcom.samuraidev.ch\/fr\/wp-json\/wp\/v2\/product_tag?post=6822"}],"curies":[{"name":"wp","href":"https:\/\/api.w.org\/{rel}","templated":true}]}}