{"id":7074,"date":"2018-10-16T21:55:01","date_gmt":"2018-10-16T19:55:01","guid":{"rendered":"https:\/\/www.gleichcom.samuraidev.ch\/?product=sprechende-armbanduhr-white-edition-gold-leder-herrenuhr"},"modified":"1000-01-01T00:00:00","modified_gmt":"1000-01-01T00:00:00","slug":"sprechende-armbanduhr-white-edition-gold-leder-herrenuhr","status":"publish","type":"product","link":"https:\/\/www.gleichcom.samuraidev.ch\/fr\/shop\/sprechende-armbanduhr-white-edition-gold-leder-herrenuhr\/","title":{"rendered":"Montre-bracelet pour homme parlant avec fonction d&rsquo;alarme White Edition en cuir dor\u00e9 Marschall"},"content":{"rendered":"<p><span style=\"font-size:16px;\"><strong>Montre-bracelet pour homme parlant avec fonction d&rsquo;alarme White Edition en cuir dor\u00e9 Marschall<\/strong><\/span><br \/>\n<strong>Sortie vocale uniquement disponible en allemand<\/strong><br \/>\n\u00a0<br \/>\n<strong>Montre-bracelet homme parlante au design noble<\/strong><br \/>\nCette montre-bracelet pour homme de haute qualit\u00e9, trait\u00e9e et de haute qualit\u00e9, a une sortie vocale tr\u00e8s claire. L&rsquo;heure et la date actuelles (y compris le jour de la semaine, par exemple le lundi 2 d\u00e9cembre 2010) peuvent \u00eatre consult\u00e9es d&rsquo;une simple pression sur un bouton. Mais l&rsquo;annonce automatique de l&rsquo;heure est \u00e9galement possible. La montre s\u00e9duit par son noble bo\u00eetier dor\u00e9 et son bracelet en cuir noir de haute qualit\u00e9, id\u00e9al pour les loisirs et les occasions festives.<br \/>\n\u00a0<br \/>\n<strong>Facile \u00e0 utiliser<\/strong><br \/>\nToutes les fonctions et chaque pression de touche individuelle sont annonc\u00e9es par une sortie vocale. Le grand cadran blanc avec de grands chiffres et aiguilles noirs est tr\u00e8s contrast\u00e9 et fait de cette montre pour homme \u00e0 la mode le compagnon id\u00e9al pour les personnes souffrant de probl\u00e8mes de mer.\u00a0<br \/>\n\u00a0<br \/>\n<strong>En un coup d&rsquo;\u0153il<\/strong><br \/>\nMontre-bracelet parlante<br \/>\nSortie vocale tr\u00e8s claire<br \/>\nL&rsquo;heure actuelle peut \u00eatre consult\u00e9e \u00e0 tout moment par simple pression sur un bouton.<br \/>\nAnnonce automatique de l&rsquo;heure r\u00e9glable (une fois par heure)<br \/>\nFournit des informations sur la date et le jour de la semaine en cours sur simple pression d&rsquo;un bouton.<br \/>\nToutes les options de r\u00e9glage sont reproduites via la sortie vocale (menu \u00e0 guidage vocal).<br \/>\nUtilisation tr\u00e8s simple<br \/>\nGrand cadran blanc avec de grands chiffres noirs faciles \u00e0 lire<br \/>\nFonction d&rsquo;alarme r\u00e9glable<br \/>\nBracelet en cuir de haute qualit\u00e9<br \/>\nBo\u00eetier de couleur or\u00a0\u00a0<br \/>\nDiam\u00e8tre du bo\u00eetier montre dame 32 mm<br \/>\nDiam\u00e8tre du bo\u00eetier montre homme 38 mm<br \/>\nComme pile de remplacement pour la montre dame, vous avez besoin de 1 x pile 2016 + 1 x pile 364<br \/>\nComme pile de remplacement pour la montre homme, vous avez besoin de 1 x pile 2016 + 1 x pile 377\u00a0<br \/>\nSans nickel<br \/>\n\u00a0<br \/>\n<strong>Contenu de la livraison<\/strong><br \/>\n1 x Montre-bracelet parlante Blanc Edition Or (Cuir)<br \/>\n1 x Mode d&#8217;emploi d\u00e9taill\u00e9<\/p>\n","protected":false},"excerpt":{"rendered":"<p>Belle montre-bracelet pour homme avec affichage vocal de l&rsquo;heure et de la date, grand cadran, bracelet en cuir de haute qualit\u00e9.<\/p>\n","protected":false},"featured_media":7069,"template":"","meta":{"inline_featured_image":false,"_uag_custom_page_level_css":"","site-sidebar-layout":"default","site-content-layout":"","ast-site-content-layout":"default","site-content-style":"default","site-sidebar-style":"default","ast-global-header-display":"","ast-banner-title-visibility":"","ast-main-header-display":"","ast-hfb-above-header-display":"","ast-hfb-below-header-display":"","ast-hfb-mobile-header-display":"","site-post-title":"","ast-breadcrumbs-content":"","ast-featured-img":"","footer-sml-layout":"","ast-disable-related-posts":"","theme-transparent-header-meta":"","adv-header-id-meta":"","stick-header-meta":"","header-above-stick-meta":"","header-main-stick-meta":"","header-below-stick-meta":"","astra-migrate-meta-layouts":"default","ast-page-background-enabled":"default","ast-page-background-meta":{"desktop":{"background-color":"","background-image":"","background-repeat":"repeat","background-position":"center center","background-size":"auto","background-attachment":"scroll","background-type":"","background-media":"","overlay-type":"","overlay-color":"","overlay-opacity":"","overlay-gradient":""},"tablet":{"background-color":"","background-image":"","background-repeat":"repeat","background-position":"center center","background-size":"auto","background-attachment":"scroll","background-type":"","background-media":"","overlay-type":"","overlay-color":"","overlay-opacity":"","overlay-gradient":""},"mobile":{"background-color":"","background-image":"","background-repeat":"repeat","background-position":"center center","background-size":"auto","background-attachment":"scroll","background-type":"","background-media":"","overlay-type":"","overlay-color":"","overlay-opacity":"","overlay-gradient":""}},"ast-content-background-meta":{"desktop":{"background-color":"var(--ast-global-color-5)","background-image":"","background-repeat":"repeat","background-position":"center center","background-size":"auto","background-attachment":"scroll","background-type":"","background-media":"","overlay-type":"","overlay-color":"","overlay-opacity":"","overlay-gradient":""},"tablet":{"background-color":"var(--ast-global-color-5)","background-image":"","background-repeat":"repeat","background-position":"center center","background-size":"auto","background-attachment":"scroll","background-type":"","background-media":"","overlay-type":"","overlay-color":"","overlay-opacity":"","overlay-gradient":""},"mobile":{"background-color":"var(--ast-global-color-5)","background-image":"","background-repeat":"repeat","background-position":"center center","background-size":"auto","background-attachment":"scroll","background-type":"","background-media":"","overlay-type":"","overlay-color":"","overlay-opacity":"","overlay-gradient":""}}},"product_brand":[],"product_cat":[1776],"product_tag":[],"class_list":{"0":"post-7074","1":"product","2":"type-product","3":"status-publish","4":"has-post-thumbnail","6":"product_cat-unkategorisiert","7":"desktop-align-center","8":"tablet-align-center","9":"mobile-align-center","10":"ast-product-gallery-layout-horizontal-slider","11":"ast-product-tabs-layout-accordion","13":"first","14":"outofstock","15":"taxable","16":"shipping-taxable","17":"purchasable","18":"product-type-simple"},"yoast_head":"<!-- This site is optimized with the Yoast SEO plugin v27.5 - https:\/\/yoast.com\/product\/yoast-seo-wordpress\/ -->\n<title>Montre-bracelet pour homme parlant avec fonction d&#039;alarme White Edition en cuir dor\u00e9 Marschall im Onlineshop | Gleichcom AG<\/title>\n<meta name=\"description\" content=\"\u2705 Belle montre-bracelet pour homme avec affichage vocal de l&#039;heure et de la date, grand cadran, bracelet en cuir de haute qualit\u00e9.\" \/>\n<meta name=\"robots\" content=\"noindex, follow, max-snippet:-1, max-image-preview:large, max-video-preview:-1\" \/>\n<meta property=\"og:locale\" content=\"fr_FR\" \/>\n<meta property=\"og:type\" content=\"article\" \/>\n<meta property=\"og:title\" content=\"Montre-bracelet pour homme parlant avec fonction d&#039;alarme White Edition en cuir dor\u00e9 Marschall im Onlineshop | Gleichcom AG\" \/>\n<meta property=\"og:description\" content=\"\u2705 Belle montre-bracelet pour homme avec affichage vocal de l&#039;heure et de la date, grand cadran, bracelet en cuir de haute qualit\u00e9.\" \/>\n<meta property=\"og:url\" content=\"https:\/\/www.gleichcom.samuraidev.ch\/fr\/shop\/sprechende-armbanduhr-white-edition-gold-leder-herrenuhr\/\" \/>\n<meta property=\"og:site_name\" content=\"Gleichcom AG\" \/>\n<meta property=\"article:publisher\" content=\"https:\/\/www.facebook.com\/profile.php?id=100068749126981\" \/>\n<meta property=\"og:image\" content=\"https:\/\/www.gleichcom.samuraidev.ch\/wp-content\/uploads\/2023\/09\/marhgl1.jpg\" \/>\n\t<meta property=\"og:image:width\" content=\"500\" \/>\n\t<meta property=\"og:image:height\" content=\"500\" \/>\n\t<meta property=\"og:image:type\" content=\"image\/jpeg\" \/>\n<meta name=\"twitter:card\" content=\"summary_large_image\" \/>\n<script type=\"application\/ld+json\" class=\"yoast-schema-graph\">{\"@context\":\"https:\\\/\\\/schema.org\",\"@graph\":[{\"@type\":\"WebPage\",\"@id\":\"https:\\\/\\\/www.gleichcom.samuraidev.ch\\\/fr\\\/shop\\\/sprechende-armbanduhr-white-edition-gold-leder-herrenuhr\\\/\",\"url\":\"https:\\\/\\\/www.gleichcom.samuraidev.ch\\\/fr\\\/shop\\\/sprechende-armbanduhr-white-edition-gold-leder-herrenuhr\\\/\",\"name\":\"Montre-bracelet pour homme parlant avec fonction d'alarme White Edition en cuir dor\u00e9 Marschall im Onlineshop | Gleichcom AG\",\"isPartOf\":{\"@id\":\"https:\\\/\\\/www.gleichcom.samuraidev.ch\\\/fr\\\/#website\"},\"primaryImageOfPage\":{\"@id\":\"https:\\\/\\\/www.gleichcom.samuraidev.ch\\\/fr\\\/shop\\\/sprechende-armbanduhr-white-edition-gold-leder-herrenuhr\\\/#primaryimage\"},\"image\":{\"@id\":\"https:\\\/\\\/www.gleichcom.samuraidev.ch\\\/fr\\\/shop\\\/sprechende-armbanduhr-white-edition-gold-leder-herrenuhr\\\/#primaryimage\"},\"thumbnailUrl\":\"https:\\\/\\\/www.gleichcom.samuraidev.ch\\\/wp-content\\\/uploads\\\/2023\\\/09\\\/marhgl1.jpg\",\"datePublished\":\"2018-10-16T19:55:01+00:00\",\"description\":\"\u2705 Belle montre-bracelet pour homme avec affichage vocal de l'heure et de la date, grand cadran, bracelet en cuir de haute qualit\u00e9.\",\"breadcrumb\":{\"@id\":\"https:\\\/\\\/www.gleichcom.samuraidev.ch\\\/fr\\\/shop\\\/sprechende-armbanduhr-white-edition-gold-leder-herrenuhr\\\/#breadcrumb\"},\"inLanguage\":\"fr-FR\",\"potentialAction\":[{\"@type\":\"ReadAction\",\"target\":[\"https:\\\/\\\/www.gleichcom.samuraidev.ch\\\/fr\\\/shop\\\/sprechende-armbanduhr-white-edition-gold-leder-herrenuhr\\\/\"]}]},{\"@type\":\"ImageObject\",\"inLanguage\":\"fr-FR\",\"@id\":\"https:\\\/\\\/www.gleichcom.samuraidev.ch\\\/fr\\\/shop\\\/sprechende-armbanduhr-white-edition-gold-leder-herrenuhr\\\/#primaryimage\",\"url\":\"https:\\\/\\\/www.gleichcom.samuraidev.ch\\\/wp-content\\\/uploads\\\/2023\\\/09\\\/marhgl1.jpg\",\"contentUrl\":\"https:\\\/\\\/www.gleichcom.samuraidev.ch\\\/wp-content\\\/uploads\\\/2023\\\/09\\\/marhgl1.jpg\",\"width\":500,\"height\":500},{\"@type\":\"BreadcrumbList\",\"@id\":\"https:\\\/\\\/www.gleichcom.samuraidev.ch\\\/fr\\\/shop\\\/sprechende-armbanduhr-white-edition-gold-leder-herrenuhr\\\/#breadcrumb\",\"itemListElement\":[{\"@type\":\"ListItem\",\"position\":1,\"name\":\"Startseite\",\"item\":\"https:\\\/\\\/www.gleichcom.samuraidev.ch\\\/fr\\\/\"},{\"@type\":\"ListItem\",\"position\":2,\"name\":\"Shop\",\"item\":\"https:\\\/\\\/www.gleichcom.samuraidev.ch\\\/fr\\\/shop\\\/\"},{\"@type\":\"ListItem\",\"position\":3,\"name\":\"Montre-bracelet pour homme parlant avec fonction d&#8217;alarme White Edition en cuir dor\u00e9 Marschall\"}]},{\"@type\":\"WebSite\",\"@id\":\"https:\\\/\\\/www.gleichcom.samuraidev.ch\\\/fr\\\/#website\",\"url\":\"https:\\\/\\\/www.gleichcom.samuraidev.ch\\\/fr\\\/\",\"name\":\"Gleichcom AG\",\"description\":\"besser h\u00f6ren. besser sehen. besser leben.\",\"publisher\":{\"@id\":\"https:\\\/\\\/www.gleichcom.samuraidev.ch\\\/fr\\\/#organization\"},\"alternateName\":\"Gleichcom\",\"potentialAction\":[{\"@type\":\"SearchAction\",\"target\":{\"@type\":\"EntryPoint\",\"urlTemplate\":\"https:\\\/\\\/www.gleichcom.samuraidev.ch\\\/fr\\\/?s={search_term_string}\"},\"query-input\":{\"@type\":\"PropertyValueSpecification\",\"valueRequired\":true,\"valueName\":\"search_term_string\"}}],\"inLanguage\":\"fr-FR\"},{\"@type\":\"Organization\",\"@id\":\"https:\\\/\\\/www.gleichcom.samuraidev.ch\\\/fr\\\/#organization\",\"name\":\"Gleichcom AG\",\"alternateName\":\"Gleichcom\",\"url\":\"https:\\\/\\\/www.gleichcom.samuraidev.ch\\\/fr\\\/\",\"logo\":{\"@type\":\"ImageObject\",\"inLanguage\":\"fr-FR\",\"@id\":\"https:\\\/\\\/www.gleichcom.samuraidev.ch\\\/fr\\\/#\\\/schema\\\/logo\\\/image\\\/\",\"url\":\"https:\\\/\\\/www.gleichcom.samuraidev.ch\\\/wp-content\\\/uploads\\\/2023\\\/09\\\/gleichcom-ag-logo-quadrat-farbig-mitte@696.png\",\"contentUrl\":\"https:\\\/\\\/www.gleichcom.samuraidev.ch\\\/wp-content\\\/uploads\\\/2023\\\/09\\\/gleichcom-ag-logo-quadrat-farbig-mitte@696.png\",\"width\":437,\"height\":437,\"caption\":\"Gleichcom AG\"},\"image\":{\"@id\":\"https:\\\/\\\/www.gleichcom.samuraidev.ch\\\/fr\\\/#\\\/schema\\\/logo\\\/image\\\/\"},\"sameAs\":[\"https:\\\/\\\/www.facebook.com\\\/profile.php?id=100068749126981\"]}]}<\/script>\n<!-- \/ Yoast SEO plugin. -->","yoast_head_json":{"title":"Montre-bracelet pour homme parlant avec fonction d'alarme White Edition en cuir dor\u00e9 Marschall im Onlineshop | Gleichcom AG","description":"\u2705 Belle montre-bracelet pour homme avec affichage vocal de l'heure et de la date, grand cadran, bracelet en cuir de haute qualit\u00e9.","robots":{"index":"noindex","follow":"follow","max-snippet":"max-snippet:-1","max-image-preview":"max-image-preview:large","max-video-preview":"max-video-preview:-1"},"og_locale":"fr_FR","og_type":"article","og_title":"Montre-bracelet pour homme parlant avec fonction d'alarme White Edition en cuir dor\u00e9 Marschall im Onlineshop | Gleichcom AG","og_description":"\u2705 Belle montre-bracelet pour homme avec affichage vocal de l'heure et de la date, grand cadran, bracelet en cuir de haute qualit\u00e9.","og_url":"https:\/\/www.gleichcom.samuraidev.ch\/fr\/shop\/sprechende-armbanduhr-white-edition-gold-leder-herrenuhr\/","og_site_name":"Gleichcom AG","article_publisher":"https:\/\/www.facebook.com\/profile.php?id=100068749126981","og_image":[{"width":500,"height":500,"url":"https:\/\/www.gleichcom.samuraidev.ch\/wp-content\/uploads\/2023\/09\/marhgl1.jpg","type":"image\/jpeg"}],"twitter_card":"summary_large_image","schema":{"@context":"https:\/\/schema.org","@graph":[{"@type":"WebPage","@id":"https:\/\/www.gleichcom.samuraidev.ch\/fr\/shop\/sprechende-armbanduhr-white-edition-gold-leder-herrenuhr\/","url":"https:\/\/www.gleichcom.samuraidev.ch\/fr\/shop\/sprechende-armbanduhr-white-edition-gold-leder-herrenuhr\/","name":"Montre-bracelet pour homme parlant avec fonction d'alarme White Edition en cuir dor\u00e9 Marschall im Onlineshop | Gleichcom AG","isPartOf":{"@id":"https:\/\/www.gleichcom.samuraidev.ch\/fr\/#website"},"primaryImageOfPage":{"@id":"https:\/\/www.gleichcom.samuraidev.ch\/fr\/shop\/sprechende-armbanduhr-white-edition-gold-leder-herrenuhr\/#primaryimage"},"image":{"@id":"https:\/\/www.gleichcom.samuraidev.ch\/fr\/shop\/sprechende-armbanduhr-white-edition-gold-leder-herrenuhr\/#primaryimage"},"thumbnailUrl":"https:\/\/www.gleichcom.samuraidev.ch\/wp-content\/uploads\/2023\/09\/marhgl1.jpg","datePublished":"2018-10-16T19:55:01+00:00","description":"\u2705 Belle montre-bracelet pour homme avec affichage vocal de l'heure et de la date, grand cadran, bracelet en cuir de haute qualit\u00e9.","breadcrumb":{"@id":"https:\/\/www.gleichcom.samuraidev.ch\/fr\/shop\/sprechende-armbanduhr-white-edition-gold-leder-herrenuhr\/#breadcrumb"},"inLanguage":"fr-FR","potentialAction":[{"@type":"ReadAction","target":["https:\/\/www.gleichcom.samuraidev.ch\/fr\/shop\/sprechende-armbanduhr-white-edition-gold-leder-herrenuhr\/"]}]},{"@type":"ImageObject","inLanguage":"fr-FR","@id":"https:\/\/www.gleichcom.samuraidev.ch\/fr\/shop\/sprechende-armbanduhr-white-edition-gold-leder-herrenuhr\/#primaryimage","url":"https:\/\/www.gleichcom.samuraidev.ch\/wp-content\/uploads\/2023\/09\/marhgl1.jpg","contentUrl":"https:\/\/www.gleichcom.samuraidev.ch\/wp-content\/uploads\/2023\/09\/marhgl1.jpg","width":500,"height":500},{"@type":"BreadcrumbList","@id":"https:\/\/www.gleichcom.samuraidev.ch\/fr\/shop\/sprechende-armbanduhr-white-edition-gold-leder-herrenuhr\/#breadcrumb","itemListElement":[{"@type":"ListItem","position":1,"name":"Startseite","item":"https:\/\/www.gleichcom.samuraidev.ch\/fr\/"},{"@type":"ListItem","position":2,"name":"Shop","item":"https:\/\/www.gleichcom.samuraidev.ch\/fr\/shop\/"},{"@type":"ListItem","position":3,"name":"Montre-bracelet pour homme parlant avec fonction d&#8217;alarme White Edition en cuir dor\u00e9 Marschall"}]},{"@type":"WebSite","@id":"https:\/\/www.gleichcom.samuraidev.ch\/fr\/#website","url":"https:\/\/www.gleichcom.samuraidev.ch\/fr\/","name":"Gleichcom AG","description":"besser h\u00f6ren. besser sehen. besser leben.","publisher":{"@id":"https:\/\/www.gleichcom.samuraidev.ch\/fr\/#organization"},"alternateName":"Gleichcom","potentialAction":[{"@type":"SearchAction","target":{"@type":"EntryPoint","urlTemplate":"https:\/\/www.gleichcom.samuraidev.ch\/fr\/?s={search_term_string}"},"query-input":{"@type":"PropertyValueSpecification","valueRequired":true,"valueName":"search_term_string"}}],"inLanguage":"fr-FR"},{"@type":"Organization","@id":"https:\/\/www.gleichcom.samuraidev.ch\/fr\/#organization","name":"Gleichcom AG","alternateName":"Gleichcom","url":"https:\/\/www.gleichcom.samuraidev.ch\/fr\/","logo":{"@type":"ImageObject","inLanguage":"fr-FR","@id":"https:\/\/www.gleichcom.samuraidev.ch\/fr\/#\/schema\/logo\/image\/","url":"https:\/\/www.gleichcom.samuraidev.ch\/wp-content\/uploads\/2023\/09\/gleichcom-ag-logo-quadrat-farbig-mitte@696.png","contentUrl":"https:\/\/www.gleichcom.samuraidev.ch\/wp-content\/uploads\/2023\/09\/gleichcom-ag-logo-quadrat-farbig-mitte@696.png","width":437,"height":437,"caption":"Gleichcom AG"},"image":{"@id":"https:\/\/www.gleichcom.samuraidev.ch\/fr\/#\/schema\/logo\/image\/"},"sameAs":["https:\/\/www.facebook.com\/profile.php?id=100068749126981"]}]}},"uagb_featured_image_src":{"full":["https:\/\/www.gleichcom.samuraidev.ch\/wp-content\/uploads\/2023\/09\/marhgl1.jpg",500,500,false],"thumbnail":["https:\/\/www.gleichcom.samuraidev.ch\/wp-content\/uploads\/2023\/09\/marhgl1.jpg",150,150,false],"medium":["https:\/\/www.gleichcom.samuraidev.ch\/wp-content\/uploads\/2023\/09\/marhgl1.jpg",300,300,false],"medium_large":["https:\/\/www.gleichcom.samuraidev.ch\/wp-content\/uploads\/2023\/09\/marhgl1.jpg",500,500,false],"large":["https:\/\/www.gleichcom.samuraidev.ch\/wp-content\/uploads\/2023\/09\/marhgl1.jpg",500,500,false],"1536x1536":["https:\/\/www.gleichcom.samuraidev.ch\/wp-content\/uploads\/2023\/09\/marhgl1.jpg",500,500,false],"2048x2048":["https:\/\/www.gleichcom.samuraidev.ch\/wp-content\/uploads\/2023\/09\/marhgl1.jpg",500,500,false],"woocommerce_thumbnail":["https:\/\/www.gleichcom.samuraidev.ch\/wp-content\/uploads\/2023\/09\/marhgl1.jpg",300,300,false],"woocommerce_single":["https:\/\/www.gleichcom.samuraidev.ch\/wp-content\/uploads\/2023\/09\/marhgl1.jpg",500,500,false],"woocommerce_gallery_thumbnail":["https:\/\/www.gleichcom.samuraidev.ch\/wp-content\/uploads\/2023\/09\/marhgl1.jpg",100,100,false]},"uagb_author_info":{"display_name":"","author_link":"https:\/\/www.gleichcom.samuraidev.ch\/fr\/author\/"},"uagb_comment_info":0,"uagb_excerpt":"Belle montre-bracelet pour homme avec affichage vocal de l'heure et de la date, grand cadran, bracelet en cuir de haute qualit\u00e9.","_links":{"self":[{"href":"https:\/\/www.gleichcom.samuraidev.ch\/fr\/wp-json\/wp\/v2\/product\/7074","targetHints":{"allow":["GET"]}}],"collection":[{"href":"https:\/\/www.gleichcom.samuraidev.ch\/fr\/wp-json\/wp\/v2\/product"}],"about":[{"href":"https:\/\/www.gleichcom.samuraidev.ch\/fr\/wp-json\/wp\/v2\/types\/product"}],"wp:featuredmedia":[{"embeddable":true,"href":"https:\/\/www.gleichcom.samuraidev.ch\/fr\/wp-json\/wp\/v2\/media\/7069"}],"wp:attachment":[{"href":"https:\/\/www.gleichcom.samuraidev.ch\/fr\/wp-json\/wp\/v2\/media?parent=7074"}],"wp:term":[{"taxonomy":"product_brand","embeddable":true,"href":"https:\/\/www.gleichcom.samuraidev.ch\/fr\/wp-json\/wp\/v2\/product_brand?post=7074"},{"taxonomy":"product_cat","embeddable":true,"href":"https:\/\/www.gleichcom.samuraidev.ch\/fr\/wp-json\/wp\/v2\/product_cat?post=7074"},{"taxonomy":"product_tag","embeddable":true,"href":"https:\/\/www.gleichcom.samuraidev.ch\/fr\/wp-json\/wp\/v2\/product_tag?post=7074"}],"curies":[{"name":"wp","href":"https:\/\/api.w.org\/{rel}","templated":true}]}}