{"id":7101,"date":"2018-10-16T22:13:44","date_gmt":"2018-10-16T20:13:44","guid":{"rendered":"https:\/\/www.gleichcom.samuraidev.ch\/?product=sprechende-funkarmbanduhr-fuer-herren-mit-lederarmband-solar-white-marschall"},"modified":"1000-01-01T00:00:00","modified_gmt":"1000-01-01T00:00:00","slug":"sprechende-funkarmbanduhr-fuer-herren-mit-lederarmband-solar-white-marschall","status":"publish","type":"product","link":"https:\/\/www.gleichcom.samuraidev.ch\/fr\/shop\/sprechende-funkarmbanduhr-fuer-herren-mit-lederarmband-solar-white-marschall\/","title":{"rendered":"Montre-bracelet radio-pilot\u00e9e solaire hybride parlante pour homme avec bracelet en cuir Marschall"},"content":{"rendered":"<p><span style=\"font-size:16px;\"><strong>Montre-bracelet radio-pilot\u00e9e solaire hybride parlante pour homme avec bracelet en cuir Marschall<\/strong><\/span><br \/>\n<strong>Sortie vocale uniquement disponible en allemand<\/strong><br \/>\n<span style=\"font-size:16px;\">\u00a0<\/span><br \/>\n<strong>Montre de haute qualit\u00e9 avec double alimentation \u00e9lectrique<\/strong><br \/>\nCette montre-bracelet radiocommand\u00e9e est \u00e9quip\u00e9e d&rsquo;une fonction solaire, c&rsquo;est-\u00e0-dire qu&rsquo;elle utilise l&rsquo;\u00e9nergie \u00e9lectrique du soleil mais aussi la lumi\u00e8re artificielle pour maintenir le mouvement en marche.\u00a0Ce n&rsquo;est qu&rsquo;\u00e0 partir d&rsquo;une valeur inf\u00e9rieure \u00e0 500 Lux que la montre est \u00e9quip\u00e9e d&rsquo;une pile suppl\u00e9mentaire. C&rsquo;est extr\u00eamement doux pour elle.\u00a0Ceci compense largement l&rsquo;augmentation de la consommation de la batterie due \u00e0 la sortie vocale. La batterie a une dur\u00e9e de vie maximale de 10 ans.<br \/>\n\u00a0<br \/>\n<strong>Montre-bracelet parlante avec r\u00e9glage automatique de l&rsquo;heure<\/strong><br \/>\nDe nombreuses fonctions compl\u00e8tent cette montre-bracelet radiocommand\u00e9e, en plus de son aspect \u00e9l\u00e9gant. Il suffit d&rsquo;appuyer sur un bouton (par ex. aujourd&rsquo;hui, le lundi 15 d\u00e9cembre) pour obtenir une annonce acoustique de l&rsquo;heure (peut \u00e9galement \u00eatre appel\u00e9e manuellement), une sortie vocale claire et une interrogation de la date. Cette montre exceptionnelle permet aux malvoyants d&rsquo;effectuer tous les r\u00e9glages de mani\u00e8re ind\u00e9pendante \u00e0 l&rsquo;aide de la commande vocale.<br \/>\nA propos : L&rsquo;heure actuelle est r\u00e9gl\u00e9e automatiquement par un signal radio. Le passage de l&rsquo;heure d&rsquo;\u00e9t\u00e9 \u00e0 l&rsquo;heure d&rsquo;hiver et vice versa se fait automatiquement !<br \/>\n\u00a0<br \/>\n<strong>Aiguilles luminescentes<\/strong><br \/>\nLes aiguilles luminescentes de la montre permettent de lire facilement l&rsquo;heure m\u00eame la nuit.<br \/>\n\u00a0<br \/>\n<strong>Bracelet en cuir avec un grand confort d&rsquo;utilisation<\/strong><br \/>\nLe bracelet en cuir v\u00e9ritable noir avec surpiq\u00fbres d\u00e9coratives blanches s&rsquo;adapte confortablement autour de votre poignet et offre ainsi un grand confort de port.<br \/>\n\u00a0<br \/>\n<strong>En un coup d&rsquo;\u0153il<\/strong><br \/>\nMontre-bracelet parlante avec bracelet en cuir v\u00e9ritable<br \/>\nR\u00e9glage automatique de l&rsquo;heure et de l&rsquo;aiguille par signal radio (signal DCF)<br \/>\nL&rsquo;heure actuelle est annonc\u00e9e tr\u00e8s clairement sur simple pression d&rsquo;un bouton.<br \/>\nInterrogation de la date actuelle avec indication du jour de la semaine possible \u00e0 tout moment<br \/>\nToutes les possibilit\u00e9s de r\u00e9glage sont annonc\u00e9es par la sortie vocale (menu \u00e0 guidage vocal)<br \/>\nUtilisation tr\u00e8s simple<br \/>\nGrands nombres<br \/>\nDesign noble<br \/>\nEconomie de batterie gr\u00e2ce \u00e0 la technologie solaire<br \/>\ncadran blanc<br \/>\nLes mains brillent dans le noir<br \/>\nDimensions du bo\u00eetier : 4,45 cm x 5,1 cm x 1,55 cm (L x H x P)<br \/>\nLargeur du bracelet : 2,2 cm (sur le bo\u00eetier), s&rsquo;effile jusqu&rsquo;\u00e0 2,0 cm<br \/>\nConvient pour une circonf\u00e9rence de bras jusqu&rsquo;\u00e0 env. 21,5 cm<br \/>\nSans nickel<br \/>\nPour les hommes<br \/>\n\u00a0<br \/>\n<strong>Contenu de la livraison<\/strong><br \/>\n1 x Parler radio-command\u00e9 montre pour hommes avec bracelet en cuir Solar White<br \/>\n1 x batterie (d\u00e9j\u00e0 ins\u00e9r\u00e9e)<br \/>\n1 x Mode d&#8217;emploi d\u00e9taill\u00e9<\/p>\n","protected":false},"excerpt":{"rendered":"<p>\tMontre-bracelet radio-pilot\u00e9e solaire avec sortie vocale. Avec annonce de l&rsquo;heure et de la date et menu \u00e0 commande vocale. Avec cadran blanc et aiguilles luminescentes. Bracelet en cuir v\u00e9ritable noir avec coutures d\u00e9coratives blanches. Pour les hommes.<\/p>\n","protected":false},"featured_media":7090,"template":"","meta":{"inline_featured_image":false,"_uag_custom_page_level_css":"","site-sidebar-layout":"default","site-content-layout":"","ast-site-content-layout":"default","site-content-style":"default","site-sidebar-style":"default","ast-global-header-display":"","ast-banner-title-visibility":"","ast-main-header-display":"","ast-hfb-above-header-display":"","ast-hfb-below-header-display":"","ast-hfb-mobile-header-display":"","site-post-title":"","ast-breadcrumbs-content":"","ast-featured-img":"","footer-sml-layout":"","ast-disable-related-posts":"","theme-transparent-header-meta":"","adv-header-id-meta":"","stick-header-meta":"","header-above-stick-meta":"","header-main-stick-meta":"","header-below-stick-meta":"","astra-migrate-meta-layouts":"default","ast-page-background-enabled":"default","ast-page-background-meta":{"desktop":{"background-color":"","background-image":"","background-repeat":"repeat","background-position":"center center","background-size":"auto","background-attachment":"scroll","background-type":"","background-media":"","overlay-type":"","overlay-color":"","overlay-opacity":"","overlay-gradient":""},"tablet":{"background-color":"","background-image":"","background-repeat":"repeat","background-position":"center center","background-size":"auto","background-attachment":"scroll","background-type":"","background-media":"","overlay-type":"","overlay-color":"","overlay-opacity":"","overlay-gradient":""},"mobile":{"background-color":"","background-image":"","background-repeat":"repeat","background-position":"center center","background-size":"auto","background-attachment":"scroll","background-type":"","background-media":"","overlay-type":"","overlay-color":"","overlay-opacity":"","overlay-gradient":""}},"ast-content-background-meta":{"desktop":{"background-color":"var(--ast-global-color-5)","background-image":"","background-repeat":"repeat","background-position":"center center","background-size":"auto","background-attachment":"scroll","background-type":"","background-media":"","overlay-type":"","overlay-color":"","overlay-opacity":"","overlay-gradient":""},"tablet":{"background-color":"var(--ast-global-color-5)","background-image":"","background-repeat":"repeat","background-position":"center center","background-size":"auto","background-attachment":"scroll","background-type":"","background-media":"","overlay-type":"","overlay-color":"","overlay-opacity":"","overlay-gradient":""},"mobile":{"background-color":"var(--ast-global-color-5)","background-image":"","background-repeat":"repeat","background-position":"center center","background-size":"auto","background-attachment":"scroll","background-type":"","background-media":"","overlay-type":"","overlay-color":"","overlay-opacity":"","overlay-gradient":""}}},"product_brand":[],"product_cat":[1776],"product_tag":[],"class_list":{"0":"post-7101","1":"product","2":"type-product","3":"status-publish","4":"has-post-thumbnail","6":"product_cat-unkategorisiert","7":"desktop-align-center","8":"tablet-align-center","9":"mobile-align-center","10":"ast-product-gallery-layout-horizontal-slider","11":"ast-product-tabs-layout-accordion","13":"first","14":"outofstock","15":"taxable","16":"shipping-taxable","17":"purchasable","18":"product-type-simple"},"yoast_head":"<!-- This site is optimized with the Yoast SEO plugin v27.5 - https:\/\/yoast.com\/product\/yoast-seo-wordpress\/ -->\n<title>Montre-bracelet radio-pilot\u00e9e solaire hybride parlante pour homme avec bracelet en cuir Marschall im Onlineshop | Gleichcom AG<\/title>\n<meta name=\"description\" content=\"\u2705 Montre-bracelet radio-pilot\u00e9e solaire avec sortie vocale. Avec annonce de l&#039;heure et de la date et menu \u00e0 commande vocale. Avec cadran blanc et aiguilles luminescentes. Bracelet en cuir v\u00e9ritable noir avec coutures d\u00e9coratives blanches. Pour les hommes.\" \/>\n<meta name=\"robots\" content=\"noindex, follow, max-snippet:-1, max-image-preview:large, max-video-preview:-1\" \/>\n<meta property=\"og:locale\" content=\"fr_FR\" \/>\n<meta property=\"og:type\" content=\"article\" \/>\n<meta property=\"og:title\" content=\"Montre-bracelet radio-pilot\u00e9e solaire hybride parlante pour homme avec bracelet en cuir Marschall im Onlineshop | Gleichcom AG\" \/>\n<meta property=\"og:description\" content=\"\u2705 Montre-bracelet radio-pilot\u00e9e solaire avec sortie vocale. Avec annonce de l&#039;heure et de la date et menu \u00e0 commande vocale. Avec cadran blanc et aiguilles luminescentes. Bracelet en cuir v\u00e9ritable noir avec coutures d\u00e9coratives blanches. Pour les hommes.\" \/>\n<meta property=\"og:url\" content=\"https:\/\/www.gleichcom.samuraidev.ch\/fr\/shop\/sprechende-funkarmbanduhr-fuer-herren-mit-lederarmband-solar-white-marschall\/\" \/>\n<meta property=\"og:site_name\" content=\"Gleichcom AG\" \/>\n<meta property=\"article:publisher\" content=\"https:\/\/www.facebook.com\/profile.php?id=100068749126981\" \/>\n<meta property=\"og:image\" content=\"https:\/\/www.gleichcom.samuraidev.ch\/wp-content\/uploads\/2023\/09\/mar1146wl1.jpg\" \/>\n\t<meta property=\"og:image:width\" content=\"500\" \/>\n\t<meta property=\"og:image:height\" content=\"500\" \/>\n\t<meta property=\"og:image:type\" content=\"image\/jpeg\" \/>\n<meta name=\"twitter:card\" content=\"summary_large_image\" \/>\n<script type=\"application\/ld+json\" class=\"yoast-schema-graph\">{\"@context\":\"https:\\\/\\\/schema.org\",\"@graph\":[{\"@type\":\"WebPage\",\"@id\":\"https:\\\/\\\/www.gleichcom.samuraidev.ch\\\/fr\\\/shop\\\/sprechende-funkarmbanduhr-fuer-herren-mit-lederarmband-solar-white-marschall\\\/\",\"url\":\"https:\\\/\\\/www.gleichcom.samuraidev.ch\\\/fr\\\/shop\\\/sprechende-funkarmbanduhr-fuer-herren-mit-lederarmband-solar-white-marschall\\\/\",\"name\":\"Montre-bracelet radio-pilot\u00e9e solaire hybride parlante pour homme avec bracelet en cuir Marschall im Onlineshop | Gleichcom AG\",\"isPartOf\":{\"@id\":\"https:\\\/\\\/www.gleichcom.samuraidev.ch\\\/fr\\\/#website\"},\"primaryImageOfPage\":{\"@id\":\"https:\\\/\\\/www.gleichcom.samuraidev.ch\\\/fr\\\/shop\\\/sprechende-funkarmbanduhr-fuer-herren-mit-lederarmband-solar-white-marschall\\\/#primaryimage\"},\"image\":{\"@id\":\"https:\\\/\\\/www.gleichcom.samuraidev.ch\\\/fr\\\/shop\\\/sprechende-funkarmbanduhr-fuer-herren-mit-lederarmband-solar-white-marschall\\\/#primaryimage\"},\"thumbnailUrl\":\"https:\\\/\\\/www.gleichcom.samuraidev.ch\\\/wp-content\\\/uploads\\\/2023\\\/09\\\/mar1146wl1.jpg\",\"datePublished\":\"2018-10-16T20:13:44+00:00\",\"description\":\"\u2705 Montre-bracelet radio-pilot\u00e9e solaire avec sortie vocale. Avec annonce de l'heure et de la date et menu \u00e0 commande vocale. Avec cadran blanc et aiguilles luminescentes. Bracelet en cuir v\u00e9ritable noir avec coutures d\u00e9coratives blanches. Pour les hommes.\",\"breadcrumb\":{\"@id\":\"https:\\\/\\\/www.gleichcom.samuraidev.ch\\\/fr\\\/shop\\\/sprechende-funkarmbanduhr-fuer-herren-mit-lederarmband-solar-white-marschall\\\/#breadcrumb\"},\"inLanguage\":\"fr-FR\",\"potentialAction\":[{\"@type\":\"ReadAction\",\"target\":[\"https:\\\/\\\/www.gleichcom.samuraidev.ch\\\/fr\\\/shop\\\/sprechende-funkarmbanduhr-fuer-herren-mit-lederarmband-solar-white-marschall\\\/\"]}]},{\"@type\":\"ImageObject\",\"inLanguage\":\"fr-FR\",\"@id\":\"https:\\\/\\\/www.gleichcom.samuraidev.ch\\\/fr\\\/shop\\\/sprechende-funkarmbanduhr-fuer-herren-mit-lederarmband-solar-white-marschall\\\/#primaryimage\",\"url\":\"https:\\\/\\\/www.gleichcom.samuraidev.ch\\\/wp-content\\\/uploads\\\/2023\\\/09\\\/mar1146wl1.jpg\",\"contentUrl\":\"https:\\\/\\\/www.gleichcom.samuraidev.ch\\\/wp-content\\\/uploads\\\/2023\\\/09\\\/mar1146wl1.jpg\",\"width\":500,\"height\":500},{\"@type\":\"BreadcrumbList\",\"@id\":\"https:\\\/\\\/www.gleichcom.samuraidev.ch\\\/fr\\\/shop\\\/sprechende-funkarmbanduhr-fuer-herren-mit-lederarmband-solar-white-marschall\\\/#breadcrumb\",\"itemListElement\":[{\"@type\":\"ListItem\",\"position\":1,\"name\":\"Startseite\",\"item\":\"https:\\\/\\\/www.gleichcom.samuraidev.ch\\\/fr\\\/\"},{\"@type\":\"ListItem\",\"position\":2,\"name\":\"Shop\",\"item\":\"https:\\\/\\\/www.gleichcom.samuraidev.ch\\\/fr\\\/shop\\\/\"},{\"@type\":\"ListItem\",\"position\":3,\"name\":\"Montre-bracelet radio-pilot\u00e9e solaire hybride parlante pour homme avec bracelet en cuir Marschall\"}]},{\"@type\":\"WebSite\",\"@id\":\"https:\\\/\\\/www.gleichcom.samuraidev.ch\\\/fr\\\/#website\",\"url\":\"https:\\\/\\\/www.gleichcom.samuraidev.ch\\\/fr\\\/\",\"name\":\"Gleichcom AG\",\"description\":\"besser h\u00f6ren. besser sehen. besser leben.\",\"publisher\":{\"@id\":\"https:\\\/\\\/www.gleichcom.samuraidev.ch\\\/fr\\\/#organization\"},\"alternateName\":\"Gleichcom\",\"potentialAction\":[{\"@type\":\"SearchAction\",\"target\":{\"@type\":\"EntryPoint\",\"urlTemplate\":\"https:\\\/\\\/www.gleichcom.samuraidev.ch\\\/fr\\\/?s={search_term_string}\"},\"query-input\":{\"@type\":\"PropertyValueSpecification\",\"valueRequired\":true,\"valueName\":\"search_term_string\"}}],\"inLanguage\":\"fr-FR\"},{\"@type\":\"Organization\",\"@id\":\"https:\\\/\\\/www.gleichcom.samuraidev.ch\\\/fr\\\/#organization\",\"name\":\"Gleichcom AG\",\"alternateName\":\"Gleichcom\",\"url\":\"https:\\\/\\\/www.gleichcom.samuraidev.ch\\\/fr\\\/\",\"logo\":{\"@type\":\"ImageObject\",\"inLanguage\":\"fr-FR\",\"@id\":\"https:\\\/\\\/www.gleichcom.samuraidev.ch\\\/fr\\\/#\\\/schema\\\/logo\\\/image\\\/\",\"url\":\"https:\\\/\\\/www.gleichcom.samuraidev.ch\\\/wp-content\\\/uploads\\\/2023\\\/09\\\/gleichcom-ag-logo-quadrat-farbig-mitte@696.png\",\"contentUrl\":\"https:\\\/\\\/www.gleichcom.samuraidev.ch\\\/wp-content\\\/uploads\\\/2023\\\/09\\\/gleichcom-ag-logo-quadrat-farbig-mitte@696.png\",\"width\":437,\"height\":437,\"caption\":\"Gleichcom AG\"},\"image\":{\"@id\":\"https:\\\/\\\/www.gleichcom.samuraidev.ch\\\/fr\\\/#\\\/schema\\\/logo\\\/image\\\/\"},\"sameAs\":[\"https:\\\/\\\/www.facebook.com\\\/profile.php?id=100068749126981\"]}]}<\/script>\n<!-- \/ Yoast SEO plugin. -->","yoast_head_json":{"title":"Montre-bracelet radio-pilot\u00e9e solaire hybride parlante pour homme avec bracelet en cuir Marschall im Onlineshop | Gleichcom AG","description":"\u2705 Montre-bracelet radio-pilot\u00e9e solaire avec sortie vocale. Avec annonce de l'heure et de la date et menu \u00e0 commande vocale. Avec cadran blanc et aiguilles luminescentes. Bracelet en cuir v\u00e9ritable noir avec coutures d\u00e9coratives blanches. Pour les hommes.","robots":{"index":"noindex","follow":"follow","max-snippet":"max-snippet:-1","max-image-preview":"max-image-preview:large","max-video-preview":"max-video-preview:-1"},"og_locale":"fr_FR","og_type":"article","og_title":"Montre-bracelet radio-pilot\u00e9e solaire hybride parlante pour homme avec bracelet en cuir Marschall im Onlineshop | Gleichcom AG","og_description":"\u2705 Montre-bracelet radio-pilot\u00e9e solaire avec sortie vocale. Avec annonce de l'heure et de la date et menu \u00e0 commande vocale. Avec cadran blanc et aiguilles luminescentes. Bracelet en cuir v\u00e9ritable noir avec coutures d\u00e9coratives blanches. Pour les hommes.","og_url":"https:\/\/www.gleichcom.samuraidev.ch\/fr\/shop\/sprechende-funkarmbanduhr-fuer-herren-mit-lederarmband-solar-white-marschall\/","og_site_name":"Gleichcom AG","article_publisher":"https:\/\/www.facebook.com\/profile.php?id=100068749126981","og_image":[{"width":500,"height":500,"url":"https:\/\/www.gleichcom.samuraidev.ch\/wp-content\/uploads\/2023\/09\/mar1146wl1.jpg","type":"image\/jpeg"}],"twitter_card":"summary_large_image","schema":{"@context":"https:\/\/schema.org","@graph":[{"@type":"WebPage","@id":"https:\/\/www.gleichcom.samuraidev.ch\/fr\/shop\/sprechende-funkarmbanduhr-fuer-herren-mit-lederarmband-solar-white-marschall\/","url":"https:\/\/www.gleichcom.samuraidev.ch\/fr\/shop\/sprechende-funkarmbanduhr-fuer-herren-mit-lederarmband-solar-white-marschall\/","name":"Montre-bracelet radio-pilot\u00e9e solaire hybride parlante pour homme avec bracelet en cuir Marschall im Onlineshop | Gleichcom AG","isPartOf":{"@id":"https:\/\/www.gleichcom.samuraidev.ch\/fr\/#website"},"primaryImageOfPage":{"@id":"https:\/\/www.gleichcom.samuraidev.ch\/fr\/shop\/sprechende-funkarmbanduhr-fuer-herren-mit-lederarmband-solar-white-marschall\/#primaryimage"},"image":{"@id":"https:\/\/www.gleichcom.samuraidev.ch\/fr\/shop\/sprechende-funkarmbanduhr-fuer-herren-mit-lederarmband-solar-white-marschall\/#primaryimage"},"thumbnailUrl":"https:\/\/www.gleichcom.samuraidev.ch\/wp-content\/uploads\/2023\/09\/mar1146wl1.jpg","datePublished":"2018-10-16T20:13:44+00:00","description":"\u2705 Montre-bracelet radio-pilot\u00e9e solaire avec sortie vocale. Avec annonce de l'heure et de la date et menu \u00e0 commande vocale. Avec cadran blanc et aiguilles luminescentes. Bracelet en cuir v\u00e9ritable noir avec coutures d\u00e9coratives blanches. Pour les hommes.","breadcrumb":{"@id":"https:\/\/www.gleichcom.samuraidev.ch\/fr\/shop\/sprechende-funkarmbanduhr-fuer-herren-mit-lederarmband-solar-white-marschall\/#breadcrumb"},"inLanguage":"fr-FR","potentialAction":[{"@type":"ReadAction","target":["https:\/\/www.gleichcom.samuraidev.ch\/fr\/shop\/sprechende-funkarmbanduhr-fuer-herren-mit-lederarmband-solar-white-marschall\/"]}]},{"@type":"ImageObject","inLanguage":"fr-FR","@id":"https:\/\/www.gleichcom.samuraidev.ch\/fr\/shop\/sprechende-funkarmbanduhr-fuer-herren-mit-lederarmband-solar-white-marschall\/#primaryimage","url":"https:\/\/www.gleichcom.samuraidev.ch\/wp-content\/uploads\/2023\/09\/mar1146wl1.jpg","contentUrl":"https:\/\/www.gleichcom.samuraidev.ch\/wp-content\/uploads\/2023\/09\/mar1146wl1.jpg","width":500,"height":500},{"@type":"BreadcrumbList","@id":"https:\/\/www.gleichcom.samuraidev.ch\/fr\/shop\/sprechende-funkarmbanduhr-fuer-herren-mit-lederarmband-solar-white-marschall\/#breadcrumb","itemListElement":[{"@type":"ListItem","position":1,"name":"Startseite","item":"https:\/\/www.gleichcom.samuraidev.ch\/fr\/"},{"@type":"ListItem","position":2,"name":"Shop","item":"https:\/\/www.gleichcom.samuraidev.ch\/fr\/shop\/"},{"@type":"ListItem","position":3,"name":"Montre-bracelet radio-pilot\u00e9e solaire hybride parlante pour homme avec bracelet en cuir Marschall"}]},{"@type":"WebSite","@id":"https:\/\/www.gleichcom.samuraidev.ch\/fr\/#website","url":"https:\/\/www.gleichcom.samuraidev.ch\/fr\/","name":"Gleichcom AG","description":"besser h\u00f6ren. besser sehen. besser leben.","publisher":{"@id":"https:\/\/www.gleichcom.samuraidev.ch\/fr\/#organization"},"alternateName":"Gleichcom","potentialAction":[{"@type":"SearchAction","target":{"@type":"EntryPoint","urlTemplate":"https:\/\/www.gleichcom.samuraidev.ch\/fr\/?s={search_term_string}"},"query-input":{"@type":"PropertyValueSpecification","valueRequired":true,"valueName":"search_term_string"}}],"inLanguage":"fr-FR"},{"@type":"Organization","@id":"https:\/\/www.gleichcom.samuraidev.ch\/fr\/#organization","name":"Gleichcom AG","alternateName":"Gleichcom","url":"https:\/\/www.gleichcom.samuraidev.ch\/fr\/","logo":{"@type":"ImageObject","inLanguage":"fr-FR","@id":"https:\/\/www.gleichcom.samuraidev.ch\/fr\/#\/schema\/logo\/image\/","url":"https:\/\/www.gleichcom.samuraidev.ch\/wp-content\/uploads\/2023\/09\/gleichcom-ag-logo-quadrat-farbig-mitte@696.png","contentUrl":"https:\/\/www.gleichcom.samuraidev.ch\/wp-content\/uploads\/2023\/09\/gleichcom-ag-logo-quadrat-farbig-mitte@696.png","width":437,"height":437,"caption":"Gleichcom AG"},"image":{"@id":"https:\/\/www.gleichcom.samuraidev.ch\/fr\/#\/schema\/logo\/image\/"},"sameAs":["https:\/\/www.facebook.com\/profile.php?id=100068749126981"]}]}},"uagb_featured_image_src":{"full":["https:\/\/www.gleichcom.samuraidev.ch\/wp-content\/uploads\/2023\/09\/mar1146wl1.jpg",500,500,false],"thumbnail":["https:\/\/www.gleichcom.samuraidev.ch\/wp-content\/uploads\/2023\/09\/mar1146wl1.jpg",150,150,false],"medium":["https:\/\/www.gleichcom.samuraidev.ch\/wp-content\/uploads\/2023\/09\/mar1146wl1.jpg",300,300,false],"medium_large":["https:\/\/www.gleichcom.samuraidev.ch\/wp-content\/uploads\/2023\/09\/mar1146wl1.jpg",500,500,false],"large":["https:\/\/www.gleichcom.samuraidev.ch\/wp-content\/uploads\/2023\/09\/mar1146wl1.jpg",500,500,false],"1536x1536":["https:\/\/www.gleichcom.samuraidev.ch\/wp-content\/uploads\/2023\/09\/mar1146wl1.jpg",500,500,false],"2048x2048":["https:\/\/www.gleichcom.samuraidev.ch\/wp-content\/uploads\/2023\/09\/mar1146wl1.jpg",500,500,false],"woocommerce_thumbnail":["https:\/\/www.gleichcom.samuraidev.ch\/wp-content\/uploads\/2023\/09\/mar1146wl1.jpg",300,300,false],"woocommerce_single":["https:\/\/www.gleichcom.samuraidev.ch\/wp-content\/uploads\/2023\/09\/mar1146wl1.jpg",500,500,false],"woocommerce_gallery_thumbnail":["https:\/\/www.gleichcom.samuraidev.ch\/wp-content\/uploads\/2023\/09\/mar1146wl1.jpg",100,100,false]},"uagb_author_info":{"display_name":"","author_link":"https:\/\/www.gleichcom.samuraidev.ch\/fr\/author\/"},"uagb_comment_info":0,"uagb_excerpt":"Montre-bracelet radio-pilot\u00e9e solaire avec sortie vocale. Avec annonce de l'heure et de la date et menu \u00e0 commande vocale. Avec cadran blanc et aiguilles luminescentes. Bracelet en cuir v\u00e9ritable noir avec coutures d\u00e9coratives blanches. Pour les hommes.","_links":{"self":[{"href":"https:\/\/www.gleichcom.samuraidev.ch\/fr\/wp-json\/wp\/v2\/product\/7101","targetHints":{"allow":["GET"]}}],"collection":[{"href":"https:\/\/www.gleichcom.samuraidev.ch\/fr\/wp-json\/wp\/v2\/product"}],"about":[{"href":"https:\/\/www.gleichcom.samuraidev.ch\/fr\/wp-json\/wp\/v2\/types\/product"}],"wp:featuredmedia":[{"embeddable":true,"href":"https:\/\/www.gleichcom.samuraidev.ch\/fr\/wp-json\/wp\/v2\/media\/7090"}],"wp:attachment":[{"href":"https:\/\/www.gleichcom.samuraidev.ch\/fr\/wp-json\/wp\/v2\/media?parent=7101"}],"wp:term":[{"taxonomy":"product_brand","embeddable":true,"href":"https:\/\/www.gleichcom.samuraidev.ch\/fr\/wp-json\/wp\/v2\/product_brand?post=7101"},{"taxonomy":"product_cat","embeddable":true,"href":"https:\/\/www.gleichcom.samuraidev.ch\/fr\/wp-json\/wp\/v2\/product_cat?post=7101"},{"taxonomy":"product_tag","embeddable":true,"href":"https:\/\/www.gleichcom.samuraidev.ch\/fr\/wp-json\/wp\/v2\/product_tag?post=7101"}],"curies":[{"name":"wp","href":"https:\/\/api.w.org\/{rel}","templated":true}]}}