{"id":7310,"date":"2018-10-22T23:11:02","date_gmt":"2018-10-22T23:11:02","guid":{"rendered":"https:\/\/www.gleichcom.samuraidev.ch\/?product=sprechende-funk-armbanduhr-damen-metallzugarmband-black-marschall"},"modified":"2023-11-10T08:35:00","modified_gmt":"2023-11-10T07:35:00","slug":"sprechende-funk-armbanduhr-damen-metallzugarmband-black-marschall","status":"publish","type":"product","link":"https:\/\/www.gleichcom.samuraidev.ch\/fr\/shop\/sprechende-funk-armbanduhr-damen-metallzugarmband-black-marschall\/","title":{"rendered":"Sprechende Funk-Armbanduhr Damen Metallzugarmband Black Marschall"},"content":{"rendered":"<div>\n\t<strong><span style=\"font-size:16px;\">Sprechende Funk-Armbanduhr Damen Metallzugarmband Black Marschall<\/span><\/strong><br \/>\n\t<strong>Sprachausgabe nur in Deutsch erh\u00e4ltlich<\/strong><\/p>\n<p>\t<strong>Einfach bedienbare Funkarmbanduhr mit Sprachausgabe\u00a0<\/strong><br \/>\n\tDiese Funkuhr mit sehr deutlicher, klarer Sprachausgabe besticht durch ihr zeitloses Design und ist Ihr perfekter Alltagsbegleiter. Sie garantiert Ihnen optimale Lesbarkeit und bequemer Tragekomfort. Ein Funksignal (DCF-Signal) sorgt daf\u00fcr, dass die aktuelle Uhrzeit und die Zeiger immer automatisch\u00a0eingestellt sind.<br \/>\n\tDie\u00a0Men\u00fcf\u00fchrung der Armbanduhr ist sehr einfach und vollst\u00e4ndig sprachgef\u00fchrt, sodass Sehgesch\u00e4digte alle Einstellungen selbstst\u00e4ndig vornehmen k\u00f6nnen. Mit den vier gut f\u00fchlbaren Tasten am Metallgeh\u00e4use k\u00f6nnen Sie die\u00a0Uhrzeit oder das Datum jederzeit abfragen.<br \/>\n\t\u00a0\u00a0<br \/>\n\t<strong>Robustes Metallgeh\u00e4use<\/strong><br \/>\n\tDas komplette\u00a0Metallgeh\u00e4use macht diese Funk-Armbanduhr besonders stabil. Das hochwertig verarbeitete\u00a0Metallzugarmband l\u00e4sst sich einfach \u00fcber Ihr Handgelenk streifen und bietet Ihnen einen hohen Tragekomfort.<\/p>\n<p>\t<strong>Kontrastreiches Ziffernblatt mit grossen Zahlen und Zeiger<\/strong><br \/>\n\tDie grossen, hellen Ziffern lassen sich dank dem besonders kontrastreichen, schwarzen\u00a0Ziffernblatts besonders gut ablesen und macht diese elegante Uhr zu einem besonderen Hingucker.<br \/>\n\t\u00a0<br \/>\n\t<strong>Auf einen Blick<\/strong><\/p>\n<ul>\n<li>Elegante Funk-Armbanduhr mit deutlicher Sprachausgabe<\/li>\n<li>Automatische Zeit- und Zeigereinstellung \u00fcber Funksignal (DCF-Signal)<\/li>\n<li>Alle Einstellungsm\u00f6glichkeiten werden per Sprachausgabe angesagt (sprachgef\u00fchrtes Men\u00fc)<\/li>\n<li>Grosses und kontrastreich gestaltetes Ziffernblatt mit grossen Zahlen<\/li>\n<li>Per Knopfdruck wird die aktuelle Uhrzeit mit einer m\u00e4nnlichen Stimme angesagt<\/li>\n<li>Abfrage des aktuellen Datums mit Angabe des Wochentags und des Monats jederzeit m\u00f6glich<\/li>\n<li>Zeiger und Ziffern leuchten in der Dunkelheit<\/li>\n<li>Hochwertige Verarbeitung: Komplettes Geh\u00e4use aus Metall<\/li>\n<li>Mit praktischem Metallzugarmband f\u00fcr besten Tragekomfort<\/li>\n<li>Die Uhr hat keinen Verschluss und kann einfach \u00fcber den Arm gestreift werden<\/li>\n<li>Inklusive Weckfunktion<\/li>\n<li>Als Damenuhr (3,5 cm grosses Geh\u00e4use) oder Herrenuhr (4,0 cm grosses Geh\u00e4use) erh\u00e4ltlich<\/li>\n<li>L\u00e4nge der Damenuhr inkl. Geh\u00e4use (zusammengezogen): ca. 19 cm<\/li>\n<li>L\u00e4nge der Herrenuhr inkl. Geh\u00e4use (zusammengezogen): ca. 20 cm<\/li>\n<\/ul>\n<p>\t<strong>Lieferumfang<\/strong><\/p>\n<ul>\n<li>1 x Sprechende Funk-Armbanduhr mit Metallzugarmband<\/li>\n<li>1 x Batterie CR2032 (bereits eingesetzt)<\/li>\n<li>1 x Ausf\u00fchrliche Bedienungsanleitung<\/li>\n<\/ul>\n<\/div>\n","protected":false},"excerpt":{"rendered":"<p>Elegante und robuste Funk-Armbanduhr mit sehr deutlicher Sprachausgabe. Aus hochwertigem Metallgeh\u00e4use gefertigt und mit praktischem Metallzugarmband f\u00fcr einfaches \u00dcberstreifen.<\/p>\n","protected":false},"featured_media":7311,"template":"","meta":{"inline_featured_image":false,"_uag_custom_page_level_css":"","site-sidebar-layout":"default","site-content-layout":"","ast-site-content-layout":"default","site-content-style":"default","site-sidebar-style":"default","ast-global-header-display":"","ast-banner-title-visibility":"","ast-main-header-display":"","ast-hfb-above-header-display":"","ast-hfb-below-header-display":"","ast-hfb-mobile-header-display":"","site-post-title":"","ast-breadcrumbs-content":"","ast-featured-img":"","footer-sml-layout":"","ast-disable-related-posts":"","theme-transparent-header-meta":"","adv-header-id-meta":"","stick-header-meta":"","header-above-stick-meta":"","header-main-stick-meta":"","header-below-stick-meta":"","astra-migrate-meta-layouts":"default","ast-page-background-enabled":"default","ast-page-background-meta":{"desktop":{"background-color":"","background-image":"","background-repeat":"repeat","background-position":"center center","background-size":"auto","background-attachment":"scroll","background-type":"","background-media":"","overlay-type":"","overlay-color":"","overlay-opacity":"","overlay-gradient":""},"tablet":{"background-color":"","background-image":"","background-repeat":"repeat","background-position":"center center","background-size":"auto","background-attachment":"scroll","background-type":"","background-media":"","overlay-type":"","overlay-color":"","overlay-opacity":"","overlay-gradient":""},"mobile":{"background-color":"","background-image":"","background-repeat":"repeat","background-position":"center center","background-size":"auto","background-attachment":"scroll","background-type":"","background-media":"","overlay-type":"","overlay-color":"","overlay-opacity":"","overlay-gradient":""}},"ast-content-background-meta":{"desktop":{"background-color":"var(--ast-global-color-5)","background-image":"","background-repeat":"repeat","background-position":"center center","background-size":"auto","background-attachment":"scroll","background-type":"","background-media":"","overlay-type":"","overlay-color":"","overlay-opacity":"","overlay-gradient":""},"tablet":{"background-color":"var(--ast-global-color-5)","background-image":"","background-repeat":"repeat","background-position":"center center","background-size":"auto","background-attachment":"scroll","background-type":"","background-media":"","overlay-type":"","overlay-color":"","overlay-opacity":"","overlay-gradient":""},"mobile":{"background-color":"var(--ast-global-color-5)","background-image":"","background-repeat":"repeat","background-position":"center center","background-size":"auto","background-attachment":"scroll","background-type":"","background-media":"","overlay-type":"","overlay-color":"","overlay-opacity":"","overlay-gradient":""}}},"product_brand":[],"product_cat":[2852],"product_tag":[],"class_list":{"0":"post-7310","1":"product","2":"type-product","3":"status-publish","4":"has-post-thumbnail","6":"product_cat-sprechende-armbanduhren","7":"desktop-align-center","8":"tablet-align-center","9":"mobile-align-center","10":"ast-product-gallery-layout-horizontal-slider","11":"ast-product-tabs-layout-accordion","13":"first","14":"outofstock","15":"taxable","16":"shipping-taxable","17":"purchasable","18":"product-type-simple"},"yoast_head":"<!-- This site is optimized with the Yoast SEO plugin v27.5 - https:\/\/yoast.com\/product\/yoast-seo-wordpress\/ -->\n<title>Sprechende Funk-Armbanduhr Damen Metallzugarmband Black Marschall im Onlineshop | Gleichcom AG<\/title>\n<meta name=\"description\" content=\"\u2705 Elegante und robuste Funk-Armbanduhr mit sehr deutlicher Sprachausgabe. Aus hochwertigem Metallgeh\u00e4use gefertigt und mit praktischem Metallzugarmband f\u00fcr einfaches \u00dcberstreifen.\" \/>\n<meta name=\"robots\" content=\"noindex, follow, max-snippet:-1, max-image-preview:large, max-video-preview:-1\" \/>\n<meta property=\"og:locale\" content=\"fr_FR\" \/>\n<meta property=\"og:type\" content=\"article\" \/>\n<meta property=\"og:title\" content=\"Sprechende Funk-Armbanduhr Damen Metallzugarmband Black Marschall im Onlineshop | Gleichcom AG\" \/>\n<meta property=\"og:description\" content=\"\u2705 Elegante und robuste Funk-Armbanduhr mit sehr deutlicher Sprachausgabe. Aus hochwertigem Metallgeh\u00e4use gefertigt und mit praktischem Metallzugarmband f\u00fcr einfaches \u00dcberstreifen.\" \/>\n<meta property=\"og:url\" content=\"https:\/\/www.gleichcom.samuraidev.ch\/fr\/shop\/sprechende-funk-armbanduhr-damen-metallzugarmband-black-marschall\/\" \/>\n<meta property=\"og:site_name\" content=\"Gleichcom AG\" \/>\n<meta property=\"article:publisher\" content=\"https:\/\/www.facebook.com\/profile.php?id=100068749126981\" \/>\n<meta property=\"article:modified_time\" content=\"2023-11-10T07:35:00+00:00\" \/>\n<meta property=\"og:image\" content=\"https:\/\/www.gleichcom.samuraidev.ch\/wp-content\/uploads\/2023\/09\/MAR1138SV.jpg\" \/>\n\t<meta property=\"og:image:width\" content=\"236\" \/>\n\t<meta property=\"og:image:height\" content=\"500\" \/>\n\t<meta property=\"og:image:type\" content=\"image\/jpeg\" \/>\n<meta name=\"twitter:card\" content=\"summary_large_image\" \/>\n<script type=\"application\/ld+json\" class=\"yoast-schema-graph\">{\"@context\":\"https:\\\/\\\/schema.org\",\"@graph\":[{\"@type\":\"WebPage\",\"@id\":\"https:\\\/\\\/www.gleichcom.samuraidev.ch\\\/fr\\\/shop\\\/sprechende-funk-armbanduhr-damen-metallzugarmband-black-marschall\\\/\",\"url\":\"https:\\\/\\\/www.gleichcom.samuraidev.ch\\\/fr\\\/shop\\\/sprechende-funk-armbanduhr-damen-metallzugarmband-black-marschall\\\/\",\"name\":\"Sprechende Funk-Armbanduhr Damen Metallzugarmband Black Marschall im Onlineshop | Gleichcom AG\",\"isPartOf\":{\"@id\":\"https:\\\/\\\/www.gleichcom.samuraidev.ch\\\/fr\\\/#website\"},\"primaryImageOfPage\":{\"@id\":\"https:\\\/\\\/www.gleichcom.samuraidev.ch\\\/fr\\\/shop\\\/sprechende-funk-armbanduhr-damen-metallzugarmband-black-marschall\\\/#primaryimage\"},\"image\":{\"@id\":\"https:\\\/\\\/www.gleichcom.samuraidev.ch\\\/fr\\\/shop\\\/sprechende-funk-armbanduhr-damen-metallzugarmband-black-marschall\\\/#primaryimage\"},\"thumbnailUrl\":\"https:\\\/\\\/www.gleichcom.samuraidev.ch\\\/wp-content\\\/uploads\\\/2023\\\/09\\\/MAR1138SV.jpg\",\"datePublished\":\"2018-10-22T23:11:02+00:00\",\"dateModified\":\"2023-11-10T07:35:00+00:00\",\"description\":\"\u2705 Elegante und robuste Funk-Armbanduhr mit sehr deutlicher Sprachausgabe. Aus hochwertigem Metallgeh\u00e4use gefertigt und mit praktischem Metallzugarmband f\u00fcr einfaches \u00dcberstreifen.\",\"breadcrumb\":{\"@id\":\"https:\\\/\\\/www.gleichcom.samuraidev.ch\\\/fr\\\/shop\\\/sprechende-funk-armbanduhr-damen-metallzugarmband-black-marschall\\\/#breadcrumb\"},\"inLanguage\":\"fr-FR\",\"potentialAction\":[{\"@type\":\"ReadAction\",\"target\":[\"https:\\\/\\\/www.gleichcom.samuraidev.ch\\\/fr\\\/shop\\\/sprechende-funk-armbanduhr-damen-metallzugarmband-black-marschall\\\/\"]}]},{\"@type\":\"ImageObject\",\"inLanguage\":\"fr-FR\",\"@id\":\"https:\\\/\\\/www.gleichcom.samuraidev.ch\\\/fr\\\/shop\\\/sprechende-funk-armbanduhr-damen-metallzugarmband-black-marschall\\\/#primaryimage\",\"url\":\"https:\\\/\\\/www.gleichcom.samuraidev.ch\\\/wp-content\\\/uploads\\\/2023\\\/09\\\/MAR1138SV.jpg\",\"contentUrl\":\"https:\\\/\\\/www.gleichcom.samuraidev.ch\\\/wp-content\\\/uploads\\\/2023\\\/09\\\/MAR1138SV.jpg\",\"width\":236,\"height\":500,\"caption\":\"Sprechende Funk-Armbanduhr Damen Metallzugarmband Black Marschall - Gleichcom AG - - Onlineshop besser h\u00f6ren. besser sehen. besser leben. - H\u00fcnenberg\"},{\"@type\":\"BreadcrumbList\",\"@id\":\"https:\\\/\\\/www.gleichcom.samuraidev.ch\\\/fr\\\/shop\\\/sprechende-funk-armbanduhr-damen-metallzugarmband-black-marschall\\\/#breadcrumb\",\"itemListElement\":[{\"@type\":\"ListItem\",\"position\":1,\"name\":\"Startseite\",\"item\":\"https:\\\/\\\/www.gleichcom.samuraidev.ch\\\/fr\\\/\"},{\"@type\":\"ListItem\",\"position\":2,\"name\":\"Shop\",\"item\":\"https:\\\/\\\/www.gleichcom.samuraidev.ch\\\/fr\\\/shop\\\/\"},{\"@type\":\"ListItem\",\"position\":3,\"name\":\"Sprechende Funk-Armbanduhr Damen Metallzugarmband Black Marschall\"}]},{\"@type\":\"WebSite\",\"@id\":\"https:\\\/\\\/www.gleichcom.samuraidev.ch\\\/fr\\\/#website\",\"url\":\"https:\\\/\\\/www.gleichcom.samuraidev.ch\\\/fr\\\/\",\"name\":\"Gleichcom AG\",\"description\":\"besser h\u00f6ren. besser sehen. besser leben.\",\"publisher\":{\"@id\":\"https:\\\/\\\/www.gleichcom.samuraidev.ch\\\/fr\\\/#organization\"},\"alternateName\":\"Gleichcom\",\"potentialAction\":[{\"@type\":\"SearchAction\",\"target\":{\"@type\":\"EntryPoint\",\"urlTemplate\":\"https:\\\/\\\/www.gleichcom.samuraidev.ch\\\/fr\\\/?s={search_term_string}\"},\"query-input\":{\"@type\":\"PropertyValueSpecification\",\"valueRequired\":true,\"valueName\":\"search_term_string\"}}],\"inLanguage\":\"fr-FR\"},{\"@type\":\"Organization\",\"@id\":\"https:\\\/\\\/www.gleichcom.samuraidev.ch\\\/fr\\\/#organization\",\"name\":\"Gleichcom AG\",\"alternateName\":\"Gleichcom\",\"url\":\"https:\\\/\\\/www.gleichcom.samuraidev.ch\\\/fr\\\/\",\"logo\":{\"@type\":\"ImageObject\",\"inLanguage\":\"fr-FR\",\"@id\":\"https:\\\/\\\/www.gleichcom.samuraidev.ch\\\/fr\\\/#\\\/schema\\\/logo\\\/image\\\/\",\"url\":\"https:\\\/\\\/www.gleichcom.samuraidev.ch\\\/wp-content\\\/uploads\\\/2023\\\/09\\\/gleichcom-ag-logo-quadrat-farbig-mitte@696.png\",\"contentUrl\":\"https:\\\/\\\/www.gleichcom.samuraidev.ch\\\/wp-content\\\/uploads\\\/2023\\\/09\\\/gleichcom-ag-logo-quadrat-farbig-mitte@696.png\",\"width\":437,\"height\":437,\"caption\":\"Gleichcom AG\"},\"image\":{\"@id\":\"https:\\\/\\\/www.gleichcom.samuraidev.ch\\\/fr\\\/#\\\/schema\\\/logo\\\/image\\\/\"},\"sameAs\":[\"https:\\\/\\\/www.facebook.com\\\/profile.php?id=100068749126981\"]}]}<\/script>\n<!-- \/ Yoast SEO plugin. -->","yoast_head_json":{"title":"Sprechende Funk-Armbanduhr Damen Metallzugarmband Black Marschall im Onlineshop | Gleichcom AG","description":"\u2705 Elegante und robuste Funk-Armbanduhr mit sehr deutlicher Sprachausgabe. Aus hochwertigem Metallgeh\u00e4use gefertigt und mit praktischem Metallzugarmband f\u00fcr einfaches \u00dcberstreifen.","robots":{"index":"noindex","follow":"follow","max-snippet":"max-snippet:-1","max-image-preview":"max-image-preview:large","max-video-preview":"max-video-preview:-1"},"og_locale":"fr_FR","og_type":"article","og_title":"Sprechende Funk-Armbanduhr Damen Metallzugarmband Black Marschall im Onlineshop | Gleichcom AG","og_description":"\u2705 Elegante und robuste Funk-Armbanduhr mit sehr deutlicher Sprachausgabe. Aus hochwertigem Metallgeh\u00e4use gefertigt und mit praktischem Metallzugarmband f\u00fcr einfaches \u00dcberstreifen.","og_url":"https:\/\/www.gleichcom.samuraidev.ch\/fr\/shop\/sprechende-funk-armbanduhr-damen-metallzugarmband-black-marschall\/","og_site_name":"Gleichcom AG","article_publisher":"https:\/\/www.facebook.com\/profile.php?id=100068749126981","article_modified_time":"2023-11-10T07:35:00+00:00","og_image":[{"width":236,"height":500,"url":"https:\/\/www.gleichcom.samuraidev.ch\/wp-content\/uploads\/2023\/09\/MAR1138SV.jpg","type":"image\/jpeg"}],"twitter_card":"summary_large_image","schema":{"@context":"https:\/\/schema.org","@graph":[{"@type":"WebPage","@id":"https:\/\/www.gleichcom.samuraidev.ch\/fr\/shop\/sprechende-funk-armbanduhr-damen-metallzugarmband-black-marschall\/","url":"https:\/\/www.gleichcom.samuraidev.ch\/fr\/shop\/sprechende-funk-armbanduhr-damen-metallzugarmband-black-marschall\/","name":"Sprechende Funk-Armbanduhr Damen Metallzugarmband Black Marschall im Onlineshop | Gleichcom AG","isPartOf":{"@id":"https:\/\/www.gleichcom.samuraidev.ch\/fr\/#website"},"primaryImageOfPage":{"@id":"https:\/\/www.gleichcom.samuraidev.ch\/fr\/shop\/sprechende-funk-armbanduhr-damen-metallzugarmband-black-marschall\/#primaryimage"},"image":{"@id":"https:\/\/www.gleichcom.samuraidev.ch\/fr\/shop\/sprechende-funk-armbanduhr-damen-metallzugarmband-black-marschall\/#primaryimage"},"thumbnailUrl":"https:\/\/www.gleichcom.samuraidev.ch\/wp-content\/uploads\/2023\/09\/MAR1138SV.jpg","datePublished":"2018-10-22T23:11:02+00:00","dateModified":"2023-11-10T07:35:00+00:00","description":"\u2705 Elegante und robuste Funk-Armbanduhr mit sehr deutlicher Sprachausgabe. Aus hochwertigem Metallgeh\u00e4use gefertigt und mit praktischem Metallzugarmband f\u00fcr einfaches \u00dcberstreifen.","breadcrumb":{"@id":"https:\/\/www.gleichcom.samuraidev.ch\/fr\/shop\/sprechende-funk-armbanduhr-damen-metallzugarmband-black-marschall\/#breadcrumb"},"inLanguage":"fr-FR","potentialAction":[{"@type":"ReadAction","target":["https:\/\/www.gleichcom.samuraidev.ch\/fr\/shop\/sprechende-funk-armbanduhr-damen-metallzugarmband-black-marschall\/"]}]},{"@type":"ImageObject","inLanguage":"fr-FR","@id":"https:\/\/www.gleichcom.samuraidev.ch\/fr\/shop\/sprechende-funk-armbanduhr-damen-metallzugarmband-black-marschall\/#primaryimage","url":"https:\/\/www.gleichcom.samuraidev.ch\/wp-content\/uploads\/2023\/09\/MAR1138SV.jpg","contentUrl":"https:\/\/www.gleichcom.samuraidev.ch\/wp-content\/uploads\/2023\/09\/MAR1138SV.jpg","width":236,"height":500,"caption":"Sprechende Funk-Armbanduhr Damen Metallzugarmband Black Marschall - Gleichcom AG - - Onlineshop besser h\u00f6ren. besser sehen. besser leben. - H\u00fcnenberg"},{"@type":"BreadcrumbList","@id":"https:\/\/www.gleichcom.samuraidev.ch\/fr\/shop\/sprechende-funk-armbanduhr-damen-metallzugarmband-black-marschall\/#breadcrumb","itemListElement":[{"@type":"ListItem","position":1,"name":"Startseite","item":"https:\/\/www.gleichcom.samuraidev.ch\/fr\/"},{"@type":"ListItem","position":2,"name":"Shop","item":"https:\/\/www.gleichcom.samuraidev.ch\/fr\/shop\/"},{"@type":"ListItem","position":3,"name":"Sprechende Funk-Armbanduhr Damen Metallzugarmband Black Marschall"}]},{"@type":"WebSite","@id":"https:\/\/www.gleichcom.samuraidev.ch\/fr\/#website","url":"https:\/\/www.gleichcom.samuraidev.ch\/fr\/","name":"Gleichcom AG","description":"besser h\u00f6ren. besser sehen. besser leben.","publisher":{"@id":"https:\/\/www.gleichcom.samuraidev.ch\/fr\/#organization"},"alternateName":"Gleichcom","potentialAction":[{"@type":"SearchAction","target":{"@type":"EntryPoint","urlTemplate":"https:\/\/www.gleichcom.samuraidev.ch\/fr\/?s={search_term_string}"},"query-input":{"@type":"PropertyValueSpecification","valueRequired":true,"valueName":"search_term_string"}}],"inLanguage":"fr-FR"},{"@type":"Organization","@id":"https:\/\/www.gleichcom.samuraidev.ch\/fr\/#organization","name":"Gleichcom AG","alternateName":"Gleichcom","url":"https:\/\/www.gleichcom.samuraidev.ch\/fr\/","logo":{"@type":"ImageObject","inLanguage":"fr-FR","@id":"https:\/\/www.gleichcom.samuraidev.ch\/fr\/#\/schema\/logo\/image\/","url":"https:\/\/www.gleichcom.samuraidev.ch\/wp-content\/uploads\/2023\/09\/gleichcom-ag-logo-quadrat-farbig-mitte@696.png","contentUrl":"https:\/\/www.gleichcom.samuraidev.ch\/wp-content\/uploads\/2023\/09\/gleichcom-ag-logo-quadrat-farbig-mitte@696.png","width":437,"height":437,"caption":"Gleichcom AG"},"image":{"@id":"https:\/\/www.gleichcom.samuraidev.ch\/fr\/#\/schema\/logo\/image\/"},"sameAs":["https:\/\/www.facebook.com\/profile.php?id=100068749126981"]}]}},"uagb_featured_image_src":{"full":["https:\/\/www.gleichcom.samuraidev.ch\/wp-content\/uploads\/2023\/09\/MAR1138SV.jpg",236,500,false],"thumbnail":["https:\/\/www.gleichcom.samuraidev.ch\/wp-content\/uploads\/2023\/09\/MAR1138SV.jpg",71,150,false],"medium":["https:\/\/www.gleichcom.samuraidev.ch\/wp-content\/uploads\/2023\/09\/MAR1138SV.jpg",142,300,false],"medium_large":["https:\/\/www.gleichcom.samuraidev.ch\/wp-content\/uploads\/2023\/09\/MAR1138SV.jpg",236,500,false],"large":["https:\/\/www.gleichcom.samuraidev.ch\/wp-content\/uploads\/2023\/09\/MAR1138SV.jpg",236,500,false],"1536x1536":["https:\/\/www.gleichcom.samuraidev.ch\/wp-content\/uploads\/2023\/09\/MAR1138SV.jpg",236,500,false],"2048x2048":["https:\/\/www.gleichcom.samuraidev.ch\/wp-content\/uploads\/2023\/09\/MAR1138SV.jpg",236,500,false],"woocommerce_thumbnail":["https:\/\/www.gleichcom.samuraidev.ch\/wp-content\/uploads\/2023\/09\/MAR1138SV.jpg",236,500,false],"woocommerce_single":["https:\/\/www.gleichcom.samuraidev.ch\/wp-content\/uploads\/2023\/09\/MAR1138SV.jpg",236,500,false],"woocommerce_gallery_thumbnail":["https:\/\/www.gleichcom.samuraidev.ch\/wp-content\/uploads\/2023\/09\/MAR1138SV-100x100.jpg",100,100,true]},"uagb_author_info":{"display_name":"","author_link":"https:\/\/www.gleichcom.samuraidev.ch\/fr\/author\/"},"uagb_comment_info":0,"uagb_excerpt":"Elegante und robuste Funk-Armbanduhr mit sehr deutlicher Sprachausgabe. Aus hochwertigem Metallgeh\u00e4use gefertigt und mit praktischem Metallzugarmband f\u00fcr einfaches \u00dcberstreifen.","_links":{"self":[{"href":"https:\/\/www.gleichcom.samuraidev.ch\/fr\/wp-json\/wp\/v2\/product\/7310","targetHints":{"allow":["GET"]}}],"collection":[{"href":"https:\/\/www.gleichcom.samuraidev.ch\/fr\/wp-json\/wp\/v2\/product"}],"about":[{"href":"https:\/\/www.gleichcom.samuraidev.ch\/fr\/wp-json\/wp\/v2\/types\/product"}],"wp:featuredmedia":[{"embeddable":true,"href":"https:\/\/www.gleichcom.samuraidev.ch\/fr\/wp-json\/wp\/v2\/media\/7311"}],"wp:attachment":[{"href":"https:\/\/www.gleichcom.samuraidev.ch\/fr\/wp-json\/wp\/v2\/media?parent=7310"}],"wp:term":[{"taxonomy":"product_brand","embeddable":true,"href":"https:\/\/www.gleichcom.samuraidev.ch\/fr\/wp-json\/wp\/v2\/product_brand?post=7310"},{"taxonomy":"product_cat","embeddable":true,"href":"https:\/\/www.gleichcom.samuraidev.ch\/fr\/wp-json\/wp\/v2\/product_cat?post=7310"},{"taxonomy":"product_tag","embeddable":true,"href":"https:\/\/www.gleichcom.samuraidev.ch\/fr\/wp-json\/wp\/v2\/product_tag?post=7310"}],"curies":[{"name":"wp","href":"https:\/\/api.w.org\/{rel}","templated":true}]}}