{"id":7332,"date":"2018-10-22T23:22:35","date_gmt":"2018-10-22T21:22:35","guid":{"rendered":"https:\/\/www.gleichcom.samuraidev.ch\/?product=sprechende-funk-armbanduhr-damen-lederarmband-marschall"},"modified":"1000-01-01T00:00:00","modified_gmt":"1000-01-01T00:00:00","slug":"sprechende-funk-armbanduhr-damen-lederarmband-marschall","status":"publish","type":"product","link":"https:\/\/www.gleichcom.samuraidev.ch\/fr\/shop\/sprechende-funk-armbanduhr-damen-lederarmband-marschall\/","title":{"rendered":"Montre-bracelet radiocommand\u00e9 parlante Bracelet cuir pour dames Marschall"},"content":{"rendered":"<p><span style=\"font-size:16px;\"><strong>Montre-bracelet radiocommand\u00e9 parlante Bracelet cuir pour dames Marschall<\/strong><\/span><br \/>\n<strong>Sortie vocale uniquement disponible en allemand<\/strong><br \/>\n\u00a0<br \/>\n<strong>Montre-bracelet radiocommand\u00e9e facile \u00e0 utiliser avec sortie vocale\u00a0<\/strong><br \/>\nCette montre radiocommand\u00e9e avec une sortie vocale tr\u00e8s claire et claire impressionne par son design intemporel et est votre compagnon parfait au quotidien. Il garantit une lisibilit\u00e9 optimale et un port confortable. Un signal radio (signal DCF) garantit que l&rsquo;heure et les aiguilles actuelles sont toujours r\u00e9gl\u00e9es automatiquement.<br \/>\nLa navigation dans le menu de la montre-bracelet est tr\u00e8s simple et enti\u00e8rement guid\u00e9e par la voix, de sorte que les personnes malvoyantes peuvent effectuer tous les r\u00e9glages ind\u00e9pendamment. Avec les quatre touches tactiles du bo\u00eetier m\u00e9tallique, vous pouvez v\u00e9rifier l&rsquo;heure ou la date \u00e0 tout moment.<br \/>\n\u00a0\u00a0<br \/>\n<strong>Bo\u00eetier m\u00e9tallique robuste avec bracelet en cuir<\/strong><br \/>\nLe bo\u00eetier m\u00e9tallique complet rend cette montre-bracelet radiocommand\u00e9e particuli\u00e8rement stable. Le bracelet en cuir souple se blottit confortablement autour de votre poignet et vous offre un grand confort de port.<br \/>\n\u00a0<br \/>\n<strong>Cadran \u00e0 contraste \u00e9lev\u00e9 avec de grands chiffres et de grandes aiguilles<\/strong><br \/>\nLes grands chiffres noirs sont particuli\u00e8rement faciles \u00e0 lire gr\u00e2ce au cadran blanc tr\u00e8s contrast\u00e9. Il n&rsquo;y a que 6 num\u00e9ros sur le cadran (2, 4, 6, 8, 10 et 12). Les heures restantes ont \u00e9t\u00e9 remplac\u00e9es par des marques noires. Le cadran est ainsi particuli\u00e8rement clair, ce qui vous permet de lire l&rsquo;heure de mani\u00e8re optimale \u00e0 tout moment.<br \/>\n\u00a0<br \/>\n<strong>En un coup d&rsquo;\u0153il<\/strong><br \/>\nEl\u00e9gante montre-bracelet radiocommand\u00e9e avec sortie vocale claire<br \/>\nR\u00e9glage automatique de l&rsquo;heure et de l&rsquo;aiguille par signal radio (signal DCF)<br \/>\nToutes les possibilit\u00e9s de r\u00e9glage sont annonc\u00e9es par la sortie vocale (menu \u00e0 guidage vocal)<br \/>\nCadran grand et tr\u00e8s contrast\u00e9 avec de grands chiffres<br \/>\nVue d&rsquo;ensemble optimale : la num\u00e9rotation est r\u00e9duite \u00e0 quelques num\u00e9ros<br \/>\nSur simple pression d&rsquo;un bouton, l&rsquo;heure actuelle est annonc\u00e9e par une voix masculine.<br \/>\nInterrogation de la date actuelle avec indication du jour de la semaine et du mois possible \u00e0 tout moment<br \/>\nFabrication de haute qualit\u00e9 : Bo\u00eetier m\u00e9tallique complet<br \/>\nAvec dragonne en cuir pour un meilleur confort de port<br \/>\nBracelet de couleur : Noir<br \/>\nFonction d&rsquo;alarme incluse<br \/>\nDisponible en version montre dame (bo\u00eetier de 3,5 cm de haut) ou montre homme (bo\u00eetier de 4,0 cm de haut).<br \/>\nLongueur de la montre dame avec bo\u00eetier : env. 23,5 cm<br \/>\nLongueur de la montre pour homme avec bo\u00eetier env. 23,5 cm<br \/>\n\u00a0<br \/>\n<strong>Contenu de la livraison<\/strong><br \/>\n1 x montre-bracelet radio-command\u00e9e parlante avec bracelet en cuir<br \/>\n1 x Batterie CR2032 (d\u00e9j\u00e0 ins\u00e9r\u00e9e)<br \/>\n1 x Mode d&#8217;emploi d\u00e9taill\u00e9<\/p>\n","protected":false},"excerpt":{"rendered":"<p>\tMontre-bracelet \u00e9l\u00e9gante et robuste, radiocommand\u00e9e avec sortie vocale tr\u00e8s claire. Fabriqu\u00e9 en m\u00e9tal de haute qualit\u00e9 et avec bracelet en cuir c\u00e2lin.<\/p>\n","protected":false},"featured_media":7324,"template":"","meta":{"inline_featured_image":false,"_uag_custom_page_level_css":"","site-sidebar-layout":"default","site-content-layout":"","ast-site-content-layout":"default","site-content-style":"default","site-sidebar-style":"default","ast-global-header-display":"","ast-banner-title-visibility":"","ast-main-header-display":"","ast-hfb-above-header-display":"","ast-hfb-below-header-display":"","ast-hfb-mobile-header-display":"","site-post-title":"","ast-breadcrumbs-content":"","ast-featured-img":"","footer-sml-layout":"","ast-disable-related-posts":"","theme-transparent-header-meta":"","adv-header-id-meta":"","stick-header-meta":"","header-above-stick-meta":"","header-main-stick-meta":"","header-below-stick-meta":"","astra-migrate-meta-layouts":"default","ast-page-background-enabled":"default","ast-page-background-meta":{"desktop":{"background-color":"","background-image":"","background-repeat":"repeat","background-position":"center center","background-size":"auto","background-attachment":"scroll","background-type":"","background-media":"","overlay-type":"","overlay-color":"","overlay-opacity":"","overlay-gradient":""},"tablet":{"background-color":"","background-image":"","background-repeat":"repeat","background-position":"center center","background-size":"auto","background-attachment":"scroll","background-type":"","background-media":"","overlay-type":"","overlay-color":"","overlay-opacity":"","overlay-gradient":""},"mobile":{"background-color":"","background-image":"","background-repeat":"repeat","background-position":"center center","background-size":"auto","background-attachment":"scroll","background-type":"","background-media":"","overlay-type":"","overlay-color":"","overlay-opacity":"","overlay-gradient":""}},"ast-content-background-meta":{"desktop":{"background-color":"var(--ast-global-color-5)","background-image":"","background-repeat":"repeat","background-position":"center center","background-size":"auto","background-attachment":"scroll","background-type":"","background-media":"","overlay-type":"","overlay-color":"","overlay-opacity":"","overlay-gradient":""},"tablet":{"background-color":"var(--ast-global-color-5)","background-image":"","background-repeat":"repeat","background-position":"center center","background-size":"auto","background-attachment":"scroll","background-type":"","background-media":"","overlay-type":"","overlay-color":"","overlay-opacity":"","overlay-gradient":""},"mobile":{"background-color":"var(--ast-global-color-5)","background-image":"","background-repeat":"repeat","background-position":"center center","background-size":"auto","background-attachment":"scroll","background-type":"","background-media":"","overlay-type":"","overlay-color":"","overlay-opacity":"","overlay-gradient":""}}},"product_brand":[],"product_cat":[1776],"product_tag":[],"class_list":{"0":"post-7332","1":"product","2":"type-product","3":"status-publish","4":"has-post-thumbnail","6":"product_cat-unkategorisiert","7":"desktop-align-center","8":"tablet-align-center","9":"mobile-align-center","10":"ast-product-gallery-layout-horizontal-slider","11":"ast-product-tabs-layout-accordion","13":"first","14":"outofstock","15":"taxable","16":"shipping-taxable","17":"purchasable","18":"product-type-simple"},"yoast_head":"<!-- This site is optimized with the Yoast SEO plugin v27.5 - https:\/\/yoast.com\/product\/yoast-seo-wordpress\/ -->\n<title>Montre-bracelet radiocommand\u00e9 parlante Bracelet cuir pour dames Marschall im Onlineshop | Gleichcom AG<\/title>\n<meta name=\"description\" content=\"\u2705 Montre-bracelet \u00e9l\u00e9gante et robuste, radiocommand\u00e9e avec sortie vocale tr\u00e8s claire. Fabriqu\u00e9 en m\u00e9tal de haute qualit\u00e9 et avec bracelet en cuir c\u00e2lin.\" \/>\n<meta name=\"robots\" content=\"noindex, follow, max-snippet:-1, max-image-preview:large, max-video-preview:-1\" \/>\n<meta property=\"og:locale\" content=\"fr_FR\" \/>\n<meta property=\"og:type\" content=\"article\" \/>\n<meta property=\"og:title\" content=\"Montre-bracelet radiocommand\u00e9 parlante Bracelet cuir pour dames Marschall im Onlineshop | Gleichcom AG\" \/>\n<meta property=\"og:description\" content=\"\u2705 Montre-bracelet \u00e9l\u00e9gante et robuste, radiocommand\u00e9e avec sortie vocale tr\u00e8s claire. Fabriqu\u00e9 en m\u00e9tal de haute qualit\u00e9 et avec bracelet en cuir c\u00e2lin.\" \/>\n<meta property=\"og:url\" content=\"https:\/\/www.gleichcom.samuraidev.ch\/fr\/shop\/sprechende-funk-armbanduhr-damen-lederarmband-marschall\/\" \/>\n<meta property=\"og:site_name\" content=\"Gleichcom AG\" \/>\n<meta property=\"article:publisher\" content=\"https:\/\/www.facebook.com\/profile.php?id=100068749126981\" \/>\n<meta property=\"og:image\" content=\"https:\/\/www.gleichcom.samuraidev.ch\/wp-content\/uploads\/2023\/09\/mar1138L0_0.jpg\" \/>\n\t<meta property=\"og:image:width\" content=\"500\" \/>\n\t<meta property=\"og:image:height\" content=\"500\" \/>\n\t<meta property=\"og:image:type\" content=\"image\/jpeg\" \/>\n<meta name=\"twitter:card\" content=\"summary_large_image\" \/>\n<script type=\"application\/ld+json\" class=\"yoast-schema-graph\">{\"@context\":\"https:\\\/\\\/schema.org\",\"@graph\":[{\"@type\":\"WebPage\",\"@id\":\"https:\\\/\\\/www.gleichcom.samuraidev.ch\\\/fr\\\/shop\\\/sprechende-funk-armbanduhr-damen-lederarmband-marschall\\\/\",\"url\":\"https:\\\/\\\/www.gleichcom.samuraidev.ch\\\/fr\\\/shop\\\/sprechende-funk-armbanduhr-damen-lederarmband-marschall\\\/\",\"name\":\"Montre-bracelet radiocommand\u00e9 parlante Bracelet cuir pour dames Marschall im Onlineshop | Gleichcom AG\",\"isPartOf\":{\"@id\":\"https:\\\/\\\/www.gleichcom.samuraidev.ch\\\/fr\\\/#website\"},\"primaryImageOfPage\":{\"@id\":\"https:\\\/\\\/www.gleichcom.samuraidev.ch\\\/fr\\\/shop\\\/sprechende-funk-armbanduhr-damen-lederarmband-marschall\\\/#primaryimage\"},\"image\":{\"@id\":\"https:\\\/\\\/www.gleichcom.samuraidev.ch\\\/fr\\\/shop\\\/sprechende-funk-armbanduhr-damen-lederarmband-marschall\\\/#primaryimage\"},\"thumbnailUrl\":\"https:\\\/\\\/www.gleichcom.samuraidev.ch\\\/wp-content\\\/uploads\\\/2023\\\/09\\\/mar1138L0_0.jpg\",\"datePublished\":\"2018-10-22T21:22:35+00:00\",\"description\":\"\u2705 Montre-bracelet \u00e9l\u00e9gante et robuste, radiocommand\u00e9e avec sortie vocale tr\u00e8s claire. Fabriqu\u00e9 en m\u00e9tal de haute qualit\u00e9 et avec bracelet en cuir c\u00e2lin.\",\"breadcrumb\":{\"@id\":\"https:\\\/\\\/www.gleichcom.samuraidev.ch\\\/fr\\\/shop\\\/sprechende-funk-armbanduhr-damen-lederarmband-marschall\\\/#breadcrumb\"},\"inLanguage\":\"fr-FR\",\"potentialAction\":[{\"@type\":\"ReadAction\",\"target\":[\"https:\\\/\\\/www.gleichcom.samuraidev.ch\\\/fr\\\/shop\\\/sprechende-funk-armbanduhr-damen-lederarmband-marschall\\\/\"]}]},{\"@type\":\"ImageObject\",\"inLanguage\":\"fr-FR\",\"@id\":\"https:\\\/\\\/www.gleichcom.samuraidev.ch\\\/fr\\\/shop\\\/sprechende-funk-armbanduhr-damen-lederarmband-marschall\\\/#primaryimage\",\"url\":\"https:\\\/\\\/www.gleichcom.samuraidev.ch\\\/wp-content\\\/uploads\\\/2023\\\/09\\\/mar1138L0_0.jpg\",\"contentUrl\":\"https:\\\/\\\/www.gleichcom.samuraidev.ch\\\/wp-content\\\/uploads\\\/2023\\\/09\\\/mar1138L0_0.jpg\",\"width\":500,\"height\":500},{\"@type\":\"BreadcrumbList\",\"@id\":\"https:\\\/\\\/www.gleichcom.samuraidev.ch\\\/fr\\\/shop\\\/sprechende-funk-armbanduhr-damen-lederarmband-marschall\\\/#breadcrumb\",\"itemListElement\":[{\"@type\":\"ListItem\",\"position\":1,\"name\":\"Startseite\",\"item\":\"https:\\\/\\\/www.gleichcom.samuraidev.ch\\\/fr\\\/\"},{\"@type\":\"ListItem\",\"position\":2,\"name\":\"Shop\",\"item\":\"https:\\\/\\\/www.gleichcom.samuraidev.ch\\\/fr\\\/shop\\\/\"},{\"@type\":\"ListItem\",\"position\":3,\"name\":\"Montre-bracelet radiocommand\u00e9 parlante Bracelet cuir pour dames Marschall\"}]},{\"@type\":\"WebSite\",\"@id\":\"https:\\\/\\\/www.gleichcom.samuraidev.ch\\\/fr\\\/#website\",\"url\":\"https:\\\/\\\/www.gleichcom.samuraidev.ch\\\/fr\\\/\",\"name\":\"Gleichcom AG\",\"description\":\"besser h\u00f6ren. besser sehen. besser leben.\",\"publisher\":{\"@id\":\"https:\\\/\\\/www.gleichcom.samuraidev.ch\\\/fr\\\/#organization\"},\"alternateName\":\"Gleichcom\",\"potentialAction\":[{\"@type\":\"SearchAction\",\"target\":{\"@type\":\"EntryPoint\",\"urlTemplate\":\"https:\\\/\\\/www.gleichcom.samuraidev.ch\\\/fr\\\/?s={search_term_string}\"},\"query-input\":{\"@type\":\"PropertyValueSpecification\",\"valueRequired\":true,\"valueName\":\"search_term_string\"}}],\"inLanguage\":\"fr-FR\"},{\"@type\":\"Organization\",\"@id\":\"https:\\\/\\\/www.gleichcom.samuraidev.ch\\\/fr\\\/#organization\",\"name\":\"Gleichcom AG\",\"alternateName\":\"Gleichcom\",\"url\":\"https:\\\/\\\/www.gleichcom.samuraidev.ch\\\/fr\\\/\",\"logo\":{\"@type\":\"ImageObject\",\"inLanguage\":\"fr-FR\",\"@id\":\"https:\\\/\\\/www.gleichcom.samuraidev.ch\\\/fr\\\/#\\\/schema\\\/logo\\\/image\\\/\",\"url\":\"https:\\\/\\\/www.gleichcom.samuraidev.ch\\\/wp-content\\\/uploads\\\/2023\\\/09\\\/gleichcom-ag-logo-quadrat-farbig-mitte@696.png\",\"contentUrl\":\"https:\\\/\\\/www.gleichcom.samuraidev.ch\\\/wp-content\\\/uploads\\\/2023\\\/09\\\/gleichcom-ag-logo-quadrat-farbig-mitte@696.png\",\"width\":437,\"height\":437,\"caption\":\"Gleichcom AG\"},\"image\":{\"@id\":\"https:\\\/\\\/www.gleichcom.samuraidev.ch\\\/fr\\\/#\\\/schema\\\/logo\\\/image\\\/\"},\"sameAs\":[\"https:\\\/\\\/www.facebook.com\\\/profile.php?id=100068749126981\"]}]}<\/script>\n<!-- \/ Yoast SEO plugin. -->","yoast_head_json":{"title":"Montre-bracelet radiocommand\u00e9 parlante Bracelet cuir pour dames Marschall im Onlineshop | Gleichcom AG","description":"\u2705 Montre-bracelet \u00e9l\u00e9gante et robuste, radiocommand\u00e9e avec sortie vocale tr\u00e8s claire. Fabriqu\u00e9 en m\u00e9tal de haute qualit\u00e9 et avec bracelet en cuir c\u00e2lin.","robots":{"index":"noindex","follow":"follow","max-snippet":"max-snippet:-1","max-image-preview":"max-image-preview:large","max-video-preview":"max-video-preview:-1"},"og_locale":"fr_FR","og_type":"article","og_title":"Montre-bracelet radiocommand\u00e9 parlante Bracelet cuir pour dames Marschall im Onlineshop | Gleichcom AG","og_description":"\u2705 Montre-bracelet \u00e9l\u00e9gante et robuste, radiocommand\u00e9e avec sortie vocale tr\u00e8s claire. Fabriqu\u00e9 en m\u00e9tal de haute qualit\u00e9 et avec bracelet en cuir c\u00e2lin.","og_url":"https:\/\/www.gleichcom.samuraidev.ch\/fr\/shop\/sprechende-funk-armbanduhr-damen-lederarmband-marschall\/","og_site_name":"Gleichcom AG","article_publisher":"https:\/\/www.facebook.com\/profile.php?id=100068749126981","og_image":[{"width":500,"height":500,"url":"https:\/\/www.gleichcom.samuraidev.ch\/wp-content\/uploads\/2023\/09\/mar1138L0_0.jpg","type":"image\/jpeg"}],"twitter_card":"summary_large_image","schema":{"@context":"https:\/\/schema.org","@graph":[{"@type":"WebPage","@id":"https:\/\/www.gleichcom.samuraidev.ch\/fr\/shop\/sprechende-funk-armbanduhr-damen-lederarmband-marschall\/","url":"https:\/\/www.gleichcom.samuraidev.ch\/fr\/shop\/sprechende-funk-armbanduhr-damen-lederarmband-marschall\/","name":"Montre-bracelet radiocommand\u00e9 parlante Bracelet cuir pour dames Marschall im Onlineshop | Gleichcom AG","isPartOf":{"@id":"https:\/\/www.gleichcom.samuraidev.ch\/fr\/#website"},"primaryImageOfPage":{"@id":"https:\/\/www.gleichcom.samuraidev.ch\/fr\/shop\/sprechende-funk-armbanduhr-damen-lederarmband-marschall\/#primaryimage"},"image":{"@id":"https:\/\/www.gleichcom.samuraidev.ch\/fr\/shop\/sprechende-funk-armbanduhr-damen-lederarmband-marschall\/#primaryimage"},"thumbnailUrl":"https:\/\/www.gleichcom.samuraidev.ch\/wp-content\/uploads\/2023\/09\/mar1138L0_0.jpg","datePublished":"2018-10-22T21:22:35+00:00","description":"\u2705 Montre-bracelet \u00e9l\u00e9gante et robuste, radiocommand\u00e9e avec sortie vocale tr\u00e8s claire. Fabriqu\u00e9 en m\u00e9tal de haute qualit\u00e9 et avec bracelet en cuir c\u00e2lin.","breadcrumb":{"@id":"https:\/\/www.gleichcom.samuraidev.ch\/fr\/shop\/sprechende-funk-armbanduhr-damen-lederarmband-marschall\/#breadcrumb"},"inLanguage":"fr-FR","potentialAction":[{"@type":"ReadAction","target":["https:\/\/www.gleichcom.samuraidev.ch\/fr\/shop\/sprechende-funk-armbanduhr-damen-lederarmband-marschall\/"]}]},{"@type":"ImageObject","inLanguage":"fr-FR","@id":"https:\/\/www.gleichcom.samuraidev.ch\/fr\/shop\/sprechende-funk-armbanduhr-damen-lederarmband-marschall\/#primaryimage","url":"https:\/\/www.gleichcom.samuraidev.ch\/wp-content\/uploads\/2023\/09\/mar1138L0_0.jpg","contentUrl":"https:\/\/www.gleichcom.samuraidev.ch\/wp-content\/uploads\/2023\/09\/mar1138L0_0.jpg","width":500,"height":500},{"@type":"BreadcrumbList","@id":"https:\/\/www.gleichcom.samuraidev.ch\/fr\/shop\/sprechende-funk-armbanduhr-damen-lederarmband-marschall\/#breadcrumb","itemListElement":[{"@type":"ListItem","position":1,"name":"Startseite","item":"https:\/\/www.gleichcom.samuraidev.ch\/fr\/"},{"@type":"ListItem","position":2,"name":"Shop","item":"https:\/\/www.gleichcom.samuraidev.ch\/fr\/shop\/"},{"@type":"ListItem","position":3,"name":"Montre-bracelet radiocommand\u00e9 parlante Bracelet cuir pour dames Marschall"}]},{"@type":"WebSite","@id":"https:\/\/www.gleichcom.samuraidev.ch\/fr\/#website","url":"https:\/\/www.gleichcom.samuraidev.ch\/fr\/","name":"Gleichcom AG","description":"besser h\u00f6ren. besser sehen. besser leben.","publisher":{"@id":"https:\/\/www.gleichcom.samuraidev.ch\/fr\/#organization"},"alternateName":"Gleichcom","potentialAction":[{"@type":"SearchAction","target":{"@type":"EntryPoint","urlTemplate":"https:\/\/www.gleichcom.samuraidev.ch\/fr\/?s={search_term_string}"},"query-input":{"@type":"PropertyValueSpecification","valueRequired":true,"valueName":"search_term_string"}}],"inLanguage":"fr-FR"},{"@type":"Organization","@id":"https:\/\/www.gleichcom.samuraidev.ch\/fr\/#organization","name":"Gleichcom AG","alternateName":"Gleichcom","url":"https:\/\/www.gleichcom.samuraidev.ch\/fr\/","logo":{"@type":"ImageObject","inLanguage":"fr-FR","@id":"https:\/\/www.gleichcom.samuraidev.ch\/fr\/#\/schema\/logo\/image\/","url":"https:\/\/www.gleichcom.samuraidev.ch\/wp-content\/uploads\/2023\/09\/gleichcom-ag-logo-quadrat-farbig-mitte@696.png","contentUrl":"https:\/\/www.gleichcom.samuraidev.ch\/wp-content\/uploads\/2023\/09\/gleichcom-ag-logo-quadrat-farbig-mitte@696.png","width":437,"height":437,"caption":"Gleichcom AG"},"image":{"@id":"https:\/\/www.gleichcom.samuraidev.ch\/fr\/#\/schema\/logo\/image\/"},"sameAs":["https:\/\/www.facebook.com\/profile.php?id=100068749126981"]}]}},"uagb_featured_image_src":{"full":["https:\/\/www.gleichcom.samuraidev.ch\/wp-content\/uploads\/2023\/09\/mar1138L0_0.jpg",500,500,false],"thumbnail":["https:\/\/www.gleichcom.samuraidev.ch\/wp-content\/uploads\/2023\/09\/mar1138L0_0.jpg",150,150,false],"medium":["https:\/\/www.gleichcom.samuraidev.ch\/wp-content\/uploads\/2023\/09\/mar1138L0_0.jpg",300,300,false],"medium_large":["https:\/\/www.gleichcom.samuraidev.ch\/wp-content\/uploads\/2023\/09\/mar1138L0_0.jpg",500,500,false],"large":["https:\/\/www.gleichcom.samuraidev.ch\/wp-content\/uploads\/2023\/09\/mar1138L0_0.jpg",500,500,false],"1536x1536":["https:\/\/www.gleichcom.samuraidev.ch\/wp-content\/uploads\/2023\/09\/mar1138L0_0.jpg",500,500,false],"2048x2048":["https:\/\/www.gleichcom.samuraidev.ch\/wp-content\/uploads\/2023\/09\/mar1138L0_0.jpg",500,500,false],"woocommerce_thumbnail":["https:\/\/www.gleichcom.samuraidev.ch\/wp-content\/uploads\/2023\/09\/mar1138L0_0.jpg",300,300,false],"woocommerce_single":["https:\/\/www.gleichcom.samuraidev.ch\/wp-content\/uploads\/2023\/09\/mar1138L0_0.jpg",500,500,false],"woocommerce_gallery_thumbnail":["https:\/\/www.gleichcom.samuraidev.ch\/wp-content\/uploads\/2023\/09\/mar1138L0_0.jpg",100,100,false]},"uagb_author_info":{"display_name":"","author_link":"https:\/\/www.gleichcom.samuraidev.ch\/fr\/author\/"},"uagb_comment_info":0,"uagb_excerpt":"Montre-bracelet \u00e9l\u00e9gante et robuste, radiocommand\u00e9e avec sortie vocale tr\u00e8s claire. Fabriqu\u00e9 en m\u00e9tal de haute qualit\u00e9 et avec bracelet en cuir c\u00e2lin.","_links":{"self":[{"href":"https:\/\/www.gleichcom.samuraidev.ch\/fr\/wp-json\/wp\/v2\/product\/7332","targetHints":{"allow":["GET"]}}],"collection":[{"href":"https:\/\/www.gleichcom.samuraidev.ch\/fr\/wp-json\/wp\/v2\/product"}],"about":[{"href":"https:\/\/www.gleichcom.samuraidev.ch\/fr\/wp-json\/wp\/v2\/types\/product"}],"wp:featuredmedia":[{"embeddable":true,"href":"https:\/\/www.gleichcom.samuraidev.ch\/fr\/wp-json\/wp\/v2\/media\/7324"}],"wp:attachment":[{"href":"https:\/\/www.gleichcom.samuraidev.ch\/fr\/wp-json\/wp\/v2\/media?parent=7332"}],"wp:term":[{"taxonomy":"product_brand","embeddable":true,"href":"https:\/\/www.gleichcom.samuraidev.ch\/fr\/wp-json\/wp\/v2\/product_brand?post=7332"},{"taxonomy":"product_cat","embeddable":true,"href":"https:\/\/www.gleichcom.samuraidev.ch\/fr\/wp-json\/wp\/v2\/product_cat?post=7332"},{"taxonomy":"product_tag","embeddable":true,"href":"https:\/\/www.gleichcom.samuraidev.ch\/fr\/wp-json\/wp\/v2\/product_tag?post=7332"}],"curies":[{"name":"wp","href":"https:\/\/api.w.org\/{rel}","templated":true}]}}