{"id":7407,"date":"2018-10-26T09:37:21","date_gmt":"2018-10-26T07:37:21","guid":{"rendered":"https:\/\/www.gleichcom.samuraidev.ch\/?product=sprechendes-blutdruck-messgeraet-medtalk-comfort-marschall"},"modified":"1000-01-01T00:00:00","modified_gmt":"1000-01-01T00:00:00","slug":"sprechendes-blutdruck-messgeraet-medtalk-comfort-marschall","status":"publish","type":"product","link":"https:\/\/www.gleichcom.samuraidev.ch\/fr\/shop\/sprechendes-blutdruck-messgeraet-medtalk-comfort-marschall\/","title":{"rendered":"Tensiom\u00e8tre parlant MedTalk Comfort Marschall"},"content":{"rendered":"<p><span style=\"font-size:16px;\"><strong>Tensiom\u00e8tre parlant MedTalk Comfort Marschall<\/strong><\/span><br \/>\n\u00a0<br \/>\nCe tensiom\u00e8tre est particuli\u00e8rement adapt\u00e9 aux personnes malvoyantes, car il fournit la tension art\u00e9rielle mesur\u00e9e via la sortie vocale. La sortie vocale peut \u00eatre r\u00e9gl\u00e9e en quatre niveaux de volume et 5 langues. Le tensiom\u00e8tre a \u00e9t\u00e9 con\u00e7u pour \u00eatre tr\u00e8s convivial avec de grandes touches de commande et un \u00e9tiquetage tactile. Gr\u00e2ce au grand \u00e9cran, le r\u00e9sultat est \u00e9galement facile \u00e0 lire.<br \/>\n\u00a0<br \/>\n<strong>En un coup d&rsquo;\u0153il<\/strong><br \/>\nTensiom\u00e8tre parlant pour le poignet<br \/>\nTr\u00e8s grand \u00e9cran avec de grands chiffres<br \/>\nGrandes touches de commande avec inscriptions tactiles<br \/>\nSortie vocale tr\u00e8s claire<br \/>\nUtilisation tr\u00e8s simple<br \/>\nVolume de la sortie vocale r\u00e9glable en quatre niveaux<br \/>\nSortie vocale d\u00e9sactivable sur demande<br \/>\nD\u00e9tecte les valeurs critiques mesur\u00e9es conform\u00e9ment aux directives de l&rsquo;OMS<br \/>\nD\u00e9tection d&rsquo;arythmie cardiaque<br \/>\n60 emplacements de m\u00e9moire avec date et heure<br \/>\nMessage vocal pour piles faibles<br \/>\nPlage de mesure de la tension art\u00e9rielle : 0 &#8211; 300 mm Hg<br \/>\nPlage de mesure des impulsions : 30 &#8211; 180 coups\/min.<br \/>\nArr\u00eat automatique apr\u00e8s 1 minute<br \/>\nDiff\u00e9rentes langues au choix : allemand, anglais, fran\u00e7ais, italien, n\u00e9erlandais, italien.<br \/>\nComprend une bo\u00eete de rangement avec fonction d&rsquo;accoudoir<br \/>\nN\u00e9cessite 2 piles 1,5 V LR03 (incluses)<br \/>\nTaille du brassard : 13,5 cm \u00e0 22 cm<br \/>\nDimensions : 8,7 cm x 6,4 cm x 3,1 cm<br \/>\n\u00a0<br \/>\n<strong>Contenu de la livraison<\/strong><br \/>\n1 x tensiom\u00e8tre MedTalk Comfort<br \/>\n1 x bo\u00eete de rangement avec fonction accoudoir<br \/>\n2 x 1,5 volt batterie<br \/>\n1 x Mode d&#8217;emploi d\u00e9taill\u00e9<\/p>\n","protected":false},"excerpt":{"rendered":"<p>Tensiom\u00e8tre parlant pour le poignet. Facile \u00e0 utiliser gr\u00e2ce \u00e0 son grand \u00e9cran et ses touches tactiles.<\/p>\n","protected":false},"featured_media":7405,"template":"","meta":{"inline_featured_image":false,"_uag_custom_page_level_css":"","site-sidebar-layout":"default","site-content-layout":"","ast-site-content-layout":"default","site-content-style":"default","site-sidebar-style":"default","ast-global-header-display":"","ast-banner-title-visibility":"","ast-main-header-display":"","ast-hfb-above-header-display":"","ast-hfb-below-header-display":"","ast-hfb-mobile-header-display":"","site-post-title":"","ast-breadcrumbs-content":"","ast-featured-img":"","footer-sml-layout":"","ast-disable-related-posts":"","theme-transparent-header-meta":"","adv-header-id-meta":"","stick-header-meta":"","header-above-stick-meta":"","header-main-stick-meta":"","header-below-stick-meta":"","astra-migrate-meta-layouts":"default","ast-page-background-enabled":"default","ast-page-background-meta":{"desktop":{"background-color":"","background-image":"","background-repeat":"repeat","background-position":"center center","background-size":"auto","background-attachment":"scroll","background-type":"","background-media":"","overlay-type":"","overlay-color":"","overlay-opacity":"","overlay-gradient":""},"tablet":{"background-color":"","background-image":"","background-repeat":"repeat","background-position":"center center","background-size":"auto","background-attachment":"scroll","background-type":"","background-media":"","overlay-type":"","overlay-color":"","overlay-opacity":"","overlay-gradient":""},"mobile":{"background-color":"","background-image":"","background-repeat":"repeat","background-position":"center center","background-size":"auto","background-attachment":"scroll","background-type":"","background-media":"","overlay-type":"","overlay-color":"","overlay-opacity":"","overlay-gradient":""}},"ast-content-background-meta":{"desktop":{"background-color":"var(--ast-global-color-5)","background-image":"","background-repeat":"repeat","background-position":"center center","background-size":"auto","background-attachment":"scroll","background-type":"","background-media":"","overlay-type":"","overlay-color":"","overlay-opacity":"","overlay-gradient":""},"tablet":{"background-color":"var(--ast-global-color-5)","background-image":"","background-repeat":"repeat","background-position":"center center","background-size":"auto","background-attachment":"scroll","background-type":"","background-media":"","overlay-type":"","overlay-color":"","overlay-opacity":"","overlay-gradient":""},"mobile":{"background-color":"var(--ast-global-color-5)","background-image":"","background-repeat":"repeat","background-position":"center center","background-size":"auto","background-attachment":"scroll","background-type":"","background-media":"","overlay-type":"","overlay-color":"","overlay-opacity":"","overlay-gradient":""}}},"product_brand":[],"product_cat":[3002,3005],"product_tag":[],"class_list":{"0":"post-7407","1":"product","2":"type-product","3":"status-publish","4":"has-post-thumbnail","6":"product_cat-dispositifs-parlants-fr","7":"product_cat-aides-menageres-parlantes-fr","8":"desktop-align-center","9":"tablet-align-center","10":"mobile-align-center","11":"ast-product-gallery-layout-horizontal-slider","12":"ast-product-gallery-with-no-image","13":"ast-product-tabs-layout-accordion","15":"first","16":"instock","17":"taxable","18":"shipping-taxable","19":"purchasable","20":"product-type-simple"},"yoast_head":"<!-- This site is optimized with the Yoast SEO plugin v27.5 - https:\/\/yoast.com\/product\/yoast-seo-wordpress\/ -->\n<title>Tensiom\u00e8tre parlant MedTalk Comfort Marschall im Onlineshop | Gleichcom AG<\/title>\n<meta name=\"description\" content=\"\u2705 Tensiom\u00e8tre parlant pour le poignet. Facile \u00e0 utiliser gr\u00e2ce \u00e0 son grand \u00e9cran et ses touches tactiles.\" \/>\n<meta name=\"robots\" content=\"noindex, follow, max-snippet:-1, max-image-preview:large, max-video-preview:-1\" \/>\n<meta property=\"og:locale\" content=\"fr_FR\" \/>\n<meta property=\"og:type\" content=\"article\" \/>\n<meta property=\"og:title\" content=\"Tensiom\u00e8tre parlant MedTalk Comfort Marschall im Onlineshop | Gleichcom AG\" \/>\n<meta property=\"og:description\" content=\"\u2705 Tensiom\u00e8tre parlant pour le poignet. Facile \u00e0 utiliser gr\u00e2ce \u00e0 son grand \u00e9cran et ses touches tactiles.\" \/>\n<meta property=\"og:url\" content=\"https:\/\/www.gleichcom.samuraidev.ch\/fr\/shop\/sprechendes-blutdruck-messgeraet-medtalk-comfort-marschall\/\" \/>\n<meta property=\"og:site_name\" content=\"Gleichcom AG\" \/>\n<meta property=\"article:publisher\" content=\"https:\/\/www.facebook.com\/profile.php?id=100068749126981\" \/>\n<meta property=\"og:image\" content=\"https:\/\/www.gleichcom.samuraidev.ch\/wp-content\/uploads\/2023\/09\/mar1330.jpg\" \/>\n\t<meta property=\"og:image:width\" content=\"500\" \/>\n\t<meta property=\"og:image:height\" content=\"499\" \/>\n\t<meta property=\"og:image:type\" content=\"image\/jpeg\" \/>\n<meta name=\"twitter:card\" content=\"summary_large_image\" \/>\n<script type=\"application\/ld+json\" class=\"yoast-schema-graph\">{\"@context\":\"https:\\\/\\\/schema.org\",\"@graph\":[{\"@type\":\"WebPage\",\"@id\":\"https:\\\/\\\/www.gleichcom.samuraidev.ch\\\/fr\\\/shop\\\/sprechendes-blutdruck-messgeraet-medtalk-comfort-marschall\\\/\",\"url\":\"https:\\\/\\\/www.gleichcom.samuraidev.ch\\\/fr\\\/shop\\\/sprechendes-blutdruck-messgeraet-medtalk-comfort-marschall\\\/\",\"name\":\"Tensiom\u00e8tre parlant MedTalk Comfort Marschall im Onlineshop | Gleichcom AG\",\"isPartOf\":{\"@id\":\"https:\\\/\\\/www.gleichcom.samuraidev.ch\\\/fr\\\/#website\"},\"primaryImageOfPage\":{\"@id\":\"https:\\\/\\\/www.gleichcom.samuraidev.ch\\\/fr\\\/shop\\\/sprechendes-blutdruck-messgeraet-medtalk-comfort-marschall\\\/#primaryimage\"},\"image\":{\"@id\":\"https:\\\/\\\/www.gleichcom.samuraidev.ch\\\/fr\\\/shop\\\/sprechendes-blutdruck-messgeraet-medtalk-comfort-marschall\\\/#primaryimage\"},\"thumbnailUrl\":\"https:\\\/\\\/www.gleichcom.samuraidev.ch\\\/wp-content\\\/uploads\\\/2023\\\/09\\\/mar1330.jpg\",\"datePublished\":\"2018-10-26T07:37:21+00:00\",\"description\":\"\u2705 Tensiom\u00e8tre parlant pour le poignet. Facile \u00e0 utiliser gr\u00e2ce \u00e0 son grand \u00e9cran et ses touches tactiles.\",\"breadcrumb\":{\"@id\":\"https:\\\/\\\/www.gleichcom.samuraidev.ch\\\/fr\\\/shop\\\/sprechendes-blutdruck-messgeraet-medtalk-comfort-marschall\\\/#breadcrumb\"},\"inLanguage\":\"fr-FR\",\"potentialAction\":[{\"@type\":\"ReadAction\",\"target\":[\"https:\\\/\\\/www.gleichcom.samuraidev.ch\\\/fr\\\/shop\\\/sprechendes-blutdruck-messgeraet-medtalk-comfort-marschall\\\/\"]}]},{\"@type\":\"ImageObject\",\"inLanguage\":\"fr-FR\",\"@id\":\"https:\\\/\\\/www.gleichcom.samuraidev.ch\\\/fr\\\/shop\\\/sprechendes-blutdruck-messgeraet-medtalk-comfort-marschall\\\/#primaryimage\",\"url\":\"https:\\\/\\\/www.gleichcom.samuraidev.ch\\\/wp-content\\\/uploads\\\/2023\\\/09\\\/mar1330.jpg\",\"contentUrl\":\"https:\\\/\\\/www.gleichcom.samuraidev.ch\\\/wp-content\\\/uploads\\\/2023\\\/09\\\/mar1330.jpg\",\"width\":500,\"height\":499},{\"@type\":\"BreadcrumbList\",\"@id\":\"https:\\\/\\\/www.gleichcom.samuraidev.ch\\\/fr\\\/shop\\\/sprechendes-blutdruck-messgeraet-medtalk-comfort-marschall\\\/#breadcrumb\",\"itemListElement\":[{\"@type\":\"ListItem\",\"position\":1,\"name\":\"Startseite\",\"item\":\"https:\\\/\\\/www.gleichcom.samuraidev.ch\\\/fr\\\/\"},{\"@type\":\"ListItem\",\"position\":2,\"name\":\"Shop\",\"item\":\"https:\\\/\\\/www.gleichcom.samuraidev.ch\\\/fr\\\/shop\\\/\"},{\"@type\":\"ListItem\",\"position\":3,\"name\":\"Tensiom\u00e8tre parlant MedTalk Comfort Marschall\"}]},{\"@type\":\"WebSite\",\"@id\":\"https:\\\/\\\/www.gleichcom.samuraidev.ch\\\/fr\\\/#website\",\"url\":\"https:\\\/\\\/www.gleichcom.samuraidev.ch\\\/fr\\\/\",\"name\":\"Gleichcom AG\",\"description\":\"besser h\u00f6ren. besser sehen. besser leben.\",\"publisher\":{\"@id\":\"https:\\\/\\\/www.gleichcom.samuraidev.ch\\\/fr\\\/#organization\"},\"alternateName\":\"Gleichcom\",\"potentialAction\":[{\"@type\":\"SearchAction\",\"target\":{\"@type\":\"EntryPoint\",\"urlTemplate\":\"https:\\\/\\\/www.gleichcom.samuraidev.ch\\\/fr\\\/?s={search_term_string}\"},\"query-input\":{\"@type\":\"PropertyValueSpecification\",\"valueRequired\":true,\"valueName\":\"search_term_string\"}}],\"inLanguage\":\"fr-FR\"},{\"@type\":\"Organization\",\"@id\":\"https:\\\/\\\/www.gleichcom.samuraidev.ch\\\/fr\\\/#organization\",\"name\":\"Gleichcom AG\",\"alternateName\":\"Gleichcom\",\"url\":\"https:\\\/\\\/www.gleichcom.samuraidev.ch\\\/fr\\\/\",\"logo\":{\"@type\":\"ImageObject\",\"inLanguage\":\"fr-FR\",\"@id\":\"https:\\\/\\\/www.gleichcom.samuraidev.ch\\\/fr\\\/#\\\/schema\\\/logo\\\/image\\\/\",\"url\":\"https:\\\/\\\/www.gleichcom.samuraidev.ch\\\/wp-content\\\/uploads\\\/2023\\\/09\\\/gleichcom-ag-logo-quadrat-farbig-mitte@696.png\",\"contentUrl\":\"https:\\\/\\\/www.gleichcom.samuraidev.ch\\\/wp-content\\\/uploads\\\/2023\\\/09\\\/gleichcom-ag-logo-quadrat-farbig-mitte@696.png\",\"width\":437,\"height\":437,\"caption\":\"Gleichcom AG\"},\"image\":{\"@id\":\"https:\\\/\\\/www.gleichcom.samuraidev.ch\\\/fr\\\/#\\\/schema\\\/logo\\\/image\\\/\"},\"sameAs\":[\"https:\\\/\\\/www.facebook.com\\\/profile.php?id=100068749126981\"]}]}<\/script>\n<!-- \/ Yoast SEO plugin. -->","yoast_head_json":{"title":"Tensiom\u00e8tre parlant MedTalk Comfort Marschall im Onlineshop | Gleichcom AG","description":"\u2705 Tensiom\u00e8tre parlant pour le poignet. Facile \u00e0 utiliser gr\u00e2ce \u00e0 son grand \u00e9cran et ses touches tactiles.","robots":{"index":"noindex","follow":"follow","max-snippet":"max-snippet:-1","max-image-preview":"max-image-preview:large","max-video-preview":"max-video-preview:-1"},"og_locale":"fr_FR","og_type":"article","og_title":"Tensiom\u00e8tre parlant MedTalk Comfort Marschall im Onlineshop | Gleichcom AG","og_description":"\u2705 Tensiom\u00e8tre parlant pour le poignet. Facile \u00e0 utiliser gr\u00e2ce \u00e0 son grand \u00e9cran et ses touches tactiles.","og_url":"https:\/\/www.gleichcom.samuraidev.ch\/fr\/shop\/sprechendes-blutdruck-messgeraet-medtalk-comfort-marschall\/","og_site_name":"Gleichcom AG","article_publisher":"https:\/\/www.facebook.com\/profile.php?id=100068749126981","og_image":[{"width":500,"height":499,"url":"https:\/\/www.gleichcom.samuraidev.ch\/wp-content\/uploads\/2023\/09\/mar1330.jpg","type":"image\/jpeg"}],"twitter_card":"summary_large_image","schema":{"@context":"https:\/\/schema.org","@graph":[{"@type":"WebPage","@id":"https:\/\/www.gleichcom.samuraidev.ch\/fr\/shop\/sprechendes-blutdruck-messgeraet-medtalk-comfort-marschall\/","url":"https:\/\/www.gleichcom.samuraidev.ch\/fr\/shop\/sprechendes-blutdruck-messgeraet-medtalk-comfort-marschall\/","name":"Tensiom\u00e8tre parlant MedTalk Comfort Marschall im Onlineshop | Gleichcom AG","isPartOf":{"@id":"https:\/\/www.gleichcom.samuraidev.ch\/fr\/#website"},"primaryImageOfPage":{"@id":"https:\/\/www.gleichcom.samuraidev.ch\/fr\/shop\/sprechendes-blutdruck-messgeraet-medtalk-comfort-marschall\/#primaryimage"},"image":{"@id":"https:\/\/www.gleichcom.samuraidev.ch\/fr\/shop\/sprechendes-blutdruck-messgeraet-medtalk-comfort-marschall\/#primaryimage"},"thumbnailUrl":"https:\/\/www.gleichcom.samuraidev.ch\/wp-content\/uploads\/2023\/09\/mar1330.jpg","datePublished":"2018-10-26T07:37:21+00:00","description":"\u2705 Tensiom\u00e8tre parlant pour le poignet. Facile \u00e0 utiliser gr\u00e2ce \u00e0 son grand \u00e9cran et ses touches tactiles.","breadcrumb":{"@id":"https:\/\/www.gleichcom.samuraidev.ch\/fr\/shop\/sprechendes-blutdruck-messgeraet-medtalk-comfort-marschall\/#breadcrumb"},"inLanguage":"fr-FR","potentialAction":[{"@type":"ReadAction","target":["https:\/\/www.gleichcom.samuraidev.ch\/fr\/shop\/sprechendes-blutdruck-messgeraet-medtalk-comfort-marschall\/"]}]},{"@type":"ImageObject","inLanguage":"fr-FR","@id":"https:\/\/www.gleichcom.samuraidev.ch\/fr\/shop\/sprechendes-blutdruck-messgeraet-medtalk-comfort-marschall\/#primaryimage","url":"https:\/\/www.gleichcom.samuraidev.ch\/wp-content\/uploads\/2023\/09\/mar1330.jpg","contentUrl":"https:\/\/www.gleichcom.samuraidev.ch\/wp-content\/uploads\/2023\/09\/mar1330.jpg","width":500,"height":499},{"@type":"BreadcrumbList","@id":"https:\/\/www.gleichcom.samuraidev.ch\/fr\/shop\/sprechendes-blutdruck-messgeraet-medtalk-comfort-marschall\/#breadcrumb","itemListElement":[{"@type":"ListItem","position":1,"name":"Startseite","item":"https:\/\/www.gleichcom.samuraidev.ch\/fr\/"},{"@type":"ListItem","position":2,"name":"Shop","item":"https:\/\/www.gleichcom.samuraidev.ch\/fr\/shop\/"},{"@type":"ListItem","position":3,"name":"Tensiom\u00e8tre parlant MedTalk Comfort Marschall"}]},{"@type":"WebSite","@id":"https:\/\/www.gleichcom.samuraidev.ch\/fr\/#website","url":"https:\/\/www.gleichcom.samuraidev.ch\/fr\/","name":"Gleichcom AG","description":"besser h\u00f6ren. besser sehen. besser leben.","publisher":{"@id":"https:\/\/www.gleichcom.samuraidev.ch\/fr\/#organization"},"alternateName":"Gleichcom","potentialAction":[{"@type":"SearchAction","target":{"@type":"EntryPoint","urlTemplate":"https:\/\/www.gleichcom.samuraidev.ch\/fr\/?s={search_term_string}"},"query-input":{"@type":"PropertyValueSpecification","valueRequired":true,"valueName":"search_term_string"}}],"inLanguage":"fr-FR"},{"@type":"Organization","@id":"https:\/\/www.gleichcom.samuraidev.ch\/fr\/#organization","name":"Gleichcom AG","alternateName":"Gleichcom","url":"https:\/\/www.gleichcom.samuraidev.ch\/fr\/","logo":{"@type":"ImageObject","inLanguage":"fr-FR","@id":"https:\/\/www.gleichcom.samuraidev.ch\/fr\/#\/schema\/logo\/image\/","url":"https:\/\/www.gleichcom.samuraidev.ch\/wp-content\/uploads\/2023\/09\/gleichcom-ag-logo-quadrat-farbig-mitte@696.png","contentUrl":"https:\/\/www.gleichcom.samuraidev.ch\/wp-content\/uploads\/2023\/09\/gleichcom-ag-logo-quadrat-farbig-mitte@696.png","width":437,"height":437,"caption":"Gleichcom AG"},"image":{"@id":"https:\/\/www.gleichcom.samuraidev.ch\/fr\/#\/schema\/logo\/image\/"},"sameAs":["https:\/\/www.facebook.com\/profile.php?id=100068749126981"]}]}},"uagb_featured_image_src":{"full":["https:\/\/www.gleichcom.samuraidev.ch\/wp-content\/uploads\/2023\/09\/mar1330.jpg",500,499,false],"thumbnail":["https:\/\/www.gleichcom.samuraidev.ch\/wp-content\/uploads\/2023\/09\/mar1330.jpg",150,150,false],"medium":["https:\/\/www.gleichcom.samuraidev.ch\/wp-content\/uploads\/2023\/09\/mar1330.jpg",300,300,false],"medium_large":["https:\/\/www.gleichcom.samuraidev.ch\/wp-content\/uploads\/2023\/09\/mar1330.jpg",500,499,false],"large":["https:\/\/www.gleichcom.samuraidev.ch\/wp-content\/uploads\/2023\/09\/mar1330.jpg",500,499,false],"1536x1536":["https:\/\/www.gleichcom.samuraidev.ch\/wp-content\/uploads\/2023\/09\/mar1330.jpg",500,499,false],"2048x2048":["https:\/\/www.gleichcom.samuraidev.ch\/wp-content\/uploads\/2023\/09\/mar1330.jpg",500,499,false],"woocommerce_thumbnail":["https:\/\/www.gleichcom.samuraidev.ch\/wp-content\/uploads\/2023\/09\/mar1330.jpg",300,299,false],"woocommerce_single":["https:\/\/www.gleichcom.samuraidev.ch\/wp-content\/uploads\/2023\/09\/mar1330.jpg",500,499,false],"woocommerce_gallery_thumbnail":["https:\/\/www.gleichcom.samuraidev.ch\/wp-content\/uploads\/2023\/09\/mar1330.jpg",100,100,false]},"uagb_author_info":{"display_name":"","author_link":"https:\/\/www.gleichcom.samuraidev.ch\/fr\/author\/"},"uagb_comment_info":0,"uagb_excerpt":"Tensiom\u00e8tre parlant pour le poignet. Facile \u00e0 utiliser gr\u00e2ce \u00e0 son grand \u00e9cran et ses touches tactiles.","_links":{"self":[{"href":"https:\/\/www.gleichcom.samuraidev.ch\/fr\/wp-json\/wp\/v2\/product\/7407","targetHints":{"allow":["GET"]}}],"collection":[{"href":"https:\/\/www.gleichcom.samuraidev.ch\/fr\/wp-json\/wp\/v2\/product"}],"about":[{"href":"https:\/\/www.gleichcom.samuraidev.ch\/fr\/wp-json\/wp\/v2\/types\/product"}],"wp:featuredmedia":[{"embeddable":true,"href":"https:\/\/www.gleichcom.samuraidev.ch\/fr\/wp-json\/wp\/v2\/media\/7405"}],"wp:attachment":[{"href":"https:\/\/www.gleichcom.samuraidev.ch\/fr\/wp-json\/wp\/v2\/media?parent=7407"}],"wp:term":[{"taxonomy":"product_brand","embeddable":true,"href":"https:\/\/www.gleichcom.samuraidev.ch\/fr\/wp-json\/wp\/v2\/product_brand?post=7407"},{"taxonomy":"product_cat","embeddable":true,"href":"https:\/\/www.gleichcom.samuraidev.ch\/fr\/wp-json\/wp\/v2\/product_cat?post=7407"},{"taxonomy":"product_tag","embeddable":true,"href":"https:\/\/www.gleichcom.samuraidev.ch\/fr\/wp-json\/wp\/v2\/product_tag?post=7407"}],"curies":[{"name":"wp","href":"https:\/\/api.w.org\/{rel}","templated":true}]}}