{"id":7935,"date":"2018-11-02T09:37:29","date_gmt":"2018-11-02T08:37:29","guid":{"rendered":"https:\/\/www.gleichcom.samuraidev.ch\/?product=sprechendes-innen-und-aussenthermometer-talking"},"modified":"1000-01-01T00:00:00","modified_gmt":"1000-01-01T00:00:00","slug":"sprechendes-innen-und-aussenthermometer-talking","status":"publish","type":"product","link":"https:\/\/www.gleichcom.samuraidev.ch\/fr\/shop\/sprechendes-innen-und-aussenthermometer-talking\/","title":{"rendered":"Thermom\u00e8tre int\u00e9rieur et ext\u00e9rieur avec sortie vocale Marschall"},"content":{"rendered":"<p><span style=\"font-size:16px;\"><strong>Thermom\u00e8tre int\u00e9rieur et ext\u00e9rieur avec sortie vocale Marschall<\/strong><\/span><br \/>\n<strong>Sortie vocale uniquement disponible en allemand<\/strong><br \/>\n\u00a0<br \/>\n<strong>Thermom\u00e8tre d&rsquo;int\u00e9rieur et d&rsquo;ext\u00e9rieur parlant avec affichage extra large<\/strong><br \/>\nLe thermom\u00e8tre int\u00e9rieur et ext\u00e9rieur, sp\u00e9cialement con\u00e7u pour r\u00e9pondre aux besoins des malvoyants, a une sortie vocale. Sur demande, vous obtiendrez sur demande les valeurs mesur\u00e9es actuelles de la temp\u00e9rature int\u00e9rieure et ext\u00e9rieure sur une base horaire. Le volume peut \u00eatre ajust\u00e9 au besoin et est tr\u00e8s clair et facile \u00e0 comprendre. Tous les r\u00e9glages de l&rsquo;appareil peuvent \u00eatre effectu\u00e9s facilement et rapidement.<br \/>\nEn plus de la sortie vocale, le thermom\u00e8tre dispose de deux grands afficheurs \u00e0 contraste \u00e9lev\u00e9 faciles \u00e0 lire. L&rsquo;afficheur sup\u00e9rieur indique la temp\u00e9rature ambiante et l&rsquo;afficheur inf\u00e9rieur la temp\u00e9rature ext\u00e9rieure.\u00a0<br \/>\n\u00a0<br \/>\n<strong>Temp\u00e9ratures maximales et minimales actuelles<\/strong><br \/>\nLe thermom\u00e8tre parlant mesure toutes les temp\u00e9ratures de mani\u00e8re tr\u00e8s fiable et pr\u00e9cise. Il vous avertit m\u00eame des temp\u00e9ratures inf\u00e9rieures \u00e0 z\u00e9ro et sup\u00e9rieures \u00e0 38 degr\u00e9s. Il d\u00e9termine automatiquement les temp\u00e9ratures maximales et minimales actuelles et peut \u00eatre appel\u00e9 \u00e0 tout moment par vous.\u00a0Vous pouvez d\u00e9terminer et r\u00e9gler vous-m\u00eame la p\u00e9riode de la mesure moyenne.\u00a0<br \/>\n\u00a0<br \/>\n<strong>En un coup d&rsquo;\u0153il<\/strong><br \/>\nThermom\u00e8tre d&rsquo;int\u00e9rieur et d&rsquo;ext\u00e9rieur parlant<br \/>\nSortie vocale tr\u00e8s claire<br \/>\nDeux grands \u00e9crans \u00e0 contraste \u00e9lev\u00e9<br \/>\nUtilisation tr\u00e8s simple<br \/>\nLa temp\u00e9rature actuelle peut \u00eatre interrog\u00e9e \u00e0 tout moment<br \/>\nAnnonce automatique de la temp\u00e9rature toutes les heures<br \/>\nD\u00e9termination de la temp\u00e9rature maximale et minimale possible\u00a0\u00a0<br \/>\nAvertit des temp\u00e9ratures inf\u00e9rieures \u00e0 0\u00b0C<br \/>\nFonction d&rsquo;alarme int\u00e9gr\u00e9e<br \/>\nFonctionne sur piles (n\u00e9cessite 2 piles UM4 AAA, non incluses)<br \/>\nConvient pour se tenir debout ou raccrocher<br \/>\nC\u00e2ble tr\u00e8s long avec sonde de temp\u00e9rature pour utilisation ext\u00e9rieure (3 m\u00e8tres)\u00a0<br \/>\nCouleur Argent\u00a0<br \/>\ntaille 14,6cm x 8,45cm x 2,6cm<br \/>\n\u00a0<br \/>\n<strong>Contenu de la livraison<\/strong><br \/>\n1 x Thermom\u00e8tre parlant d&rsquo;int\u00e9rieur et d&rsquo;ext\u00e9rieur<br \/>\n1 x c\u00e2ble avec sonde de temp\u00e9rature pour la temp\u00e9rature ext\u00e9rieure<br \/>\n1 x Mode d&#8217;emploi d\u00e9taill\u00e9 en allemand<\/p>\n","protected":false},"excerpt":{"rendered":"<p>\tThermom\u00e8tre d&rsquo;int\u00e9rieur et d&rsquo;ext\u00e9rieur parlant avec affichage extra large et tr\u00e8s contrast\u00e9.<\/p>\n","protected":false},"featured_media":7933,"template":"","meta":{"inline_featured_image":false,"_uag_custom_page_level_css":"","site-sidebar-layout":"default","site-content-layout":"","ast-site-content-layout":"default","site-content-style":"default","site-sidebar-style":"default","ast-global-header-display":"","ast-banner-title-visibility":"","ast-main-header-display":"","ast-hfb-above-header-display":"","ast-hfb-below-header-display":"","ast-hfb-mobile-header-display":"","site-post-title":"","ast-breadcrumbs-content":"","ast-featured-img":"","footer-sml-layout":"","ast-disable-related-posts":"","theme-transparent-header-meta":"","adv-header-id-meta":"","stick-header-meta":"","header-above-stick-meta":"","header-main-stick-meta":"","header-below-stick-meta":"","astra-migrate-meta-layouts":"default","ast-page-background-enabled":"default","ast-page-background-meta":{"desktop":{"background-color":"","background-image":"","background-repeat":"repeat","background-position":"center center","background-size":"auto","background-attachment":"scroll","background-type":"","background-media":"","overlay-type":"","overlay-color":"","overlay-opacity":"","overlay-gradient":""},"tablet":{"background-color":"","background-image":"","background-repeat":"repeat","background-position":"center center","background-size":"auto","background-attachment":"scroll","background-type":"","background-media":"","overlay-type":"","overlay-color":"","overlay-opacity":"","overlay-gradient":""},"mobile":{"background-color":"","background-image":"","background-repeat":"repeat","background-position":"center center","background-size":"auto","background-attachment":"scroll","background-type":"","background-media":"","overlay-type":"","overlay-color":"","overlay-opacity":"","overlay-gradient":""}},"ast-content-background-meta":{"desktop":{"background-color":"var(--ast-global-color-5)","background-image":"","background-repeat":"repeat","background-position":"center center","background-size":"auto","background-attachment":"scroll","background-type":"","background-media":"","overlay-type":"","overlay-color":"","overlay-opacity":"","overlay-gradient":""},"tablet":{"background-color":"var(--ast-global-color-5)","background-image":"","background-repeat":"repeat","background-position":"center center","background-size":"auto","background-attachment":"scroll","background-type":"","background-media":"","overlay-type":"","overlay-color":"","overlay-opacity":"","overlay-gradient":""},"mobile":{"background-color":"var(--ast-global-color-5)","background-image":"","background-repeat":"repeat","background-position":"center center","background-size":"auto","background-attachment":"scroll","background-type":"","background-media":"","overlay-type":"","overlay-color":"","overlay-opacity":"","overlay-gradient":""}}},"product_brand":[],"product_cat":[1776],"product_tag":[],"class_list":{"0":"post-7935","1":"product","2":"type-product","3":"status-publish","4":"has-post-thumbnail","6":"product_cat-unkategorisiert","7":"desktop-align-center","8":"tablet-align-center","9":"mobile-align-center","10":"ast-product-gallery-layout-horizontal-slider","11":"ast-product-gallery-with-no-image","12":"ast-product-tabs-layout-accordion","14":"first","15":"instock","16":"taxable","17":"shipping-taxable","18":"purchasable","19":"product-type-simple"},"yoast_head":"<!-- This site is optimized with the Yoast SEO plugin v27.5 - https:\/\/yoast.com\/product\/yoast-seo-wordpress\/ -->\n<title>Thermom\u00e8tre int\u00e9rieur et ext\u00e9rieur avec sortie vocale Marschall im Onlineshop | Gleichcom AG<\/title>\n<meta name=\"description\" content=\"\u2705 Thermom\u00e8tre d&#039;int\u00e9rieur et d&#039;ext\u00e9rieur parlant avec affichage extra large et tr\u00e8s contrast\u00e9.\" \/>\n<meta name=\"robots\" content=\"noindex, follow, max-snippet:-1, max-image-preview:large, max-video-preview:-1\" \/>\n<meta property=\"og:locale\" content=\"fr_FR\" \/>\n<meta property=\"og:type\" content=\"article\" \/>\n<meta property=\"og:title\" content=\"Thermom\u00e8tre int\u00e9rieur et ext\u00e9rieur avec sortie vocale Marschall im Onlineshop | Gleichcom AG\" \/>\n<meta property=\"og:description\" content=\"\u2705 Thermom\u00e8tre d&#039;int\u00e9rieur et d&#039;ext\u00e9rieur parlant avec affichage extra large et tr\u00e8s contrast\u00e9.\" \/>\n<meta property=\"og:url\" content=\"https:\/\/www.gleichcom.samuraidev.ch\/fr\/shop\/sprechendes-innen-und-aussenthermometer-talking\/\" \/>\n<meta property=\"og:site_name\" content=\"Gleichcom AG\" \/>\n<meta property=\"article:publisher\" content=\"https:\/\/www.facebook.com\/profile.php?id=100068749126981\" \/>\n<meta property=\"og:image\" content=\"https:\/\/www.gleichcom.samuraidev.ch\/wp-content\/uploads\/2023\/09\/InnenAussenthermometermitSprachausgabe.jpg\" \/>\n\t<meta property=\"og:image:width\" content=\"500\" \/>\n\t<meta property=\"og:image:height\" content=\"371\" \/>\n\t<meta property=\"og:image:type\" content=\"image\/jpeg\" \/>\n<meta name=\"twitter:card\" content=\"summary_large_image\" \/>\n<script type=\"application\/ld+json\" class=\"yoast-schema-graph\">{\"@context\":\"https:\\\/\\\/schema.org\",\"@graph\":[{\"@type\":\"WebPage\",\"@id\":\"https:\\\/\\\/www.gleichcom.samuraidev.ch\\\/fr\\\/shop\\\/sprechendes-innen-und-aussenthermometer-talking\\\/\",\"url\":\"https:\\\/\\\/www.gleichcom.samuraidev.ch\\\/fr\\\/shop\\\/sprechendes-innen-und-aussenthermometer-talking\\\/\",\"name\":\"Thermom\u00e8tre int\u00e9rieur et ext\u00e9rieur avec sortie vocale Marschall im Onlineshop | Gleichcom AG\",\"isPartOf\":{\"@id\":\"https:\\\/\\\/www.gleichcom.samuraidev.ch\\\/fr\\\/#website\"},\"primaryImageOfPage\":{\"@id\":\"https:\\\/\\\/www.gleichcom.samuraidev.ch\\\/fr\\\/shop\\\/sprechendes-innen-und-aussenthermometer-talking\\\/#primaryimage\"},\"image\":{\"@id\":\"https:\\\/\\\/www.gleichcom.samuraidev.ch\\\/fr\\\/shop\\\/sprechendes-innen-und-aussenthermometer-talking\\\/#primaryimage\"},\"thumbnailUrl\":\"https:\\\/\\\/www.gleichcom.samuraidev.ch\\\/wp-content\\\/uploads\\\/2023\\\/09\\\/InnenAussenthermometermitSprachausgabe.jpg\",\"datePublished\":\"2018-11-02T08:37:29+00:00\",\"description\":\"\u2705 Thermom\u00e8tre d'int\u00e9rieur et d'ext\u00e9rieur parlant avec affichage extra large et tr\u00e8s contrast\u00e9.\",\"breadcrumb\":{\"@id\":\"https:\\\/\\\/www.gleichcom.samuraidev.ch\\\/fr\\\/shop\\\/sprechendes-innen-und-aussenthermometer-talking\\\/#breadcrumb\"},\"inLanguage\":\"fr-FR\",\"potentialAction\":[{\"@type\":\"ReadAction\",\"target\":[\"https:\\\/\\\/www.gleichcom.samuraidev.ch\\\/fr\\\/shop\\\/sprechendes-innen-und-aussenthermometer-talking\\\/\"]}]},{\"@type\":\"ImageObject\",\"inLanguage\":\"fr-FR\",\"@id\":\"https:\\\/\\\/www.gleichcom.samuraidev.ch\\\/fr\\\/shop\\\/sprechendes-innen-und-aussenthermometer-talking\\\/#primaryimage\",\"url\":\"https:\\\/\\\/www.gleichcom.samuraidev.ch\\\/wp-content\\\/uploads\\\/2023\\\/09\\\/InnenAussenthermometermitSprachausgabe.jpg\",\"contentUrl\":\"https:\\\/\\\/www.gleichcom.samuraidev.ch\\\/wp-content\\\/uploads\\\/2023\\\/09\\\/InnenAussenthermometermitSprachausgabe.jpg\",\"width\":500,\"height\":371},{\"@type\":\"BreadcrumbList\",\"@id\":\"https:\\\/\\\/www.gleichcom.samuraidev.ch\\\/fr\\\/shop\\\/sprechendes-innen-und-aussenthermometer-talking\\\/#breadcrumb\",\"itemListElement\":[{\"@type\":\"ListItem\",\"position\":1,\"name\":\"Startseite\",\"item\":\"https:\\\/\\\/www.gleichcom.samuraidev.ch\\\/fr\\\/\"},{\"@type\":\"ListItem\",\"position\":2,\"name\":\"Shop\",\"item\":\"https:\\\/\\\/www.gleichcom.samuraidev.ch\\\/fr\\\/shop\\\/\"},{\"@type\":\"ListItem\",\"position\":3,\"name\":\"Thermom\u00e8tre int\u00e9rieur et ext\u00e9rieur avec sortie vocale Marschall\"}]},{\"@type\":\"WebSite\",\"@id\":\"https:\\\/\\\/www.gleichcom.samuraidev.ch\\\/fr\\\/#website\",\"url\":\"https:\\\/\\\/www.gleichcom.samuraidev.ch\\\/fr\\\/\",\"name\":\"Gleichcom AG\",\"description\":\"besser h\u00f6ren. besser sehen. besser leben.\",\"publisher\":{\"@id\":\"https:\\\/\\\/www.gleichcom.samuraidev.ch\\\/fr\\\/#organization\"},\"alternateName\":\"Gleichcom\",\"potentialAction\":[{\"@type\":\"SearchAction\",\"target\":{\"@type\":\"EntryPoint\",\"urlTemplate\":\"https:\\\/\\\/www.gleichcom.samuraidev.ch\\\/fr\\\/?s={search_term_string}\"},\"query-input\":{\"@type\":\"PropertyValueSpecification\",\"valueRequired\":true,\"valueName\":\"search_term_string\"}}],\"inLanguage\":\"fr-FR\"},{\"@type\":\"Organization\",\"@id\":\"https:\\\/\\\/www.gleichcom.samuraidev.ch\\\/fr\\\/#organization\",\"name\":\"Gleichcom AG\",\"alternateName\":\"Gleichcom\",\"url\":\"https:\\\/\\\/www.gleichcom.samuraidev.ch\\\/fr\\\/\",\"logo\":{\"@type\":\"ImageObject\",\"inLanguage\":\"fr-FR\",\"@id\":\"https:\\\/\\\/www.gleichcom.samuraidev.ch\\\/fr\\\/#\\\/schema\\\/logo\\\/image\\\/\",\"url\":\"https:\\\/\\\/www.gleichcom.samuraidev.ch\\\/wp-content\\\/uploads\\\/2023\\\/09\\\/gleichcom-ag-logo-quadrat-farbig-mitte@696.png\",\"contentUrl\":\"https:\\\/\\\/www.gleichcom.samuraidev.ch\\\/wp-content\\\/uploads\\\/2023\\\/09\\\/gleichcom-ag-logo-quadrat-farbig-mitte@696.png\",\"width\":437,\"height\":437,\"caption\":\"Gleichcom AG\"},\"image\":{\"@id\":\"https:\\\/\\\/www.gleichcom.samuraidev.ch\\\/fr\\\/#\\\/schema\\\/logo\\\/image\\\/\"},\"sameAs\":[\"https:\\\/\\\/www.facebook.com\\\/profile.php?id=100068749126981\"]}]}<\/script>\n<!-- \/ Yoast SEO plugin. -->","yoast_head_json":{"title":"Thermom\u00e8tre int\u00e9rieur et ext\u00e9rieur avec sortie vocale Marschall im Onlineshop | Gleichcom AG","description":"\u2705 Thermom\u00e8tre d'int\u00e9rieur et d'ext\u00e9rieur parlant avec affichage extra large et tr\u00e8s contrast\u00e9.","robots":{"index":"noindex","follow":"follow","max-snippet":"max-snippet:-1","max-image-preview":"max-image-preview:large","max-video-preview":"max-video-preview:-1"},"og_locale":"fr_FR","og_type":"article","og_title":"Thermom\u00e8tre int\u00e9rieur et ext\u00e9rieur avec sortie vocale Marschall im Onlineshop | Gleichcom AG","og_description":"\u2705 Thermom\u00e8tre d'int\u00e9rieur et d'ext\u00e9rieur parlant avec affichage extra large et tr\u00e8s contrast\u00e9.","og_url":"https:\/\/www.gleichcom.samuraidev.ch\/fr\/shop\/sprechendes-innen-und-aussenthermometer-talking\/","og_site_name":"Gleichcom AG","article_publisher":"https:\/\/www.facebook.com\/profile.php?id=100068749126981","og_image":[{"width":500,"height":371,"url":"https:\/\/www.gleichcom.samuraidev.ch\/wp-content\/uploads\/2023\/09\/InnenAussenthermometermitSprachausgabe.jpg","type":"image\/jpeg"}],"twitter_card":"summary_large_image","schema":{"@context":"https:\/\/schema.org","@graph":[{"@type":"WebPage","@id":"https:\/\/www.gleichcom.samuraidev.ch\/fr\/shop\/sprechendes-innen-und-aussenthermometer-talking\/","url":"https:\/\/www.gleichcom.samuraidev.ch\/fr\/shop\/sprechendes-innen-und-aussenthermometer-talking\/","name":"Thermom\u00e8tre int\u00e9rieur et ext\u00e9rieur avec sortie vocale Marschall im Onlineshop | Gleichcom AG","isPartOf":{"@id":"https:\/\/www.gleichcom.samuraidev.ch\/fr\/#website"},"primaryImageOfPage":{"@id":"https:\/\/www.gleichcom.samuraidev.ch\/fr\/shop\/sprechendes-innen-und-aussenthermometer-talking\/#primaryimage"},"image":{"@id":"https:\/\/www.gleichcom.samuraidev.ch\/fr\/shop\/sprechendes-innen-und-aussenthermometer-talking\/#primaryimage"},"thumbnailUrl":"https:\/\/www.gleichcom.samuraidev.ch\/wp-content\/uploads\/2023\/09\/InnenAussenthermometermitSprachausgabe.jpg","datePublished":"2018-11-02T08:37:29+00:00","description":"\u2705 Thermom\u00e8tre d'int\u00e9rieur et d'ext\u00e9rieur parlant avec affichage extra large et tr\u00e8s contrast\u00e9.","breadcrumb":{"@id":"https:\/\/www.gleichcom.samuraidev.ch\/fr\/shop\/sprechendes-innen-und-aussenthermometer-talking\/#breadcrumb"},"inLanguage":"fr-FR","potentialAction":[{"@type":"ReadAction","target":["https:\/\/www.gleichcom.samuraidev.ch\/fr\/shop\/sprechendes-innen-und-aussenthermometer-talking\/"]}]},{"@type":"ImageObject","inLanguage":"fr-FR","@id":"https:\/\/www.gleichcom.samuraidev.ch\/fr\/shop\/sprechendes-innen-und-aussenthermometer-talking\/#primaryimage","url":"https:\/\/www.gleichcom.samuraidev.ch\/wp-content\/uploads\/2023\/09\/InnenAussenthermometermitSprachausgabe.jpg","contentUrl":"https:\/\/www.gleichcom.samuraidev.ch\/wp-content\/uploads\/2023\/09\/InnenAussenthermometermitSprachausgabe.jpg","width":500,"height":371},{"@type":"BreadcrumbList","@id":"https:\/\/www.gleichcom.samuraidev.ch\/fr\/shop\/sprechendes-innen-und-aussenthermometer-talking\/#breadcrumb","itemListElement":[{"@type":"ListItem","position":1,"name":"Startseite","item":"https:\/\/www.gleichcom.samuraidev.ch\/fr\/"},{"@type":"ListItem","position":2,"name":"Shop","item":"https:\/\/www.gleichcom.samuraidev.ch\/fr\/shop\/"},{"@type":"ListItem","position":3,"name":"Thermom\u00e8tre int\u00e9rieur et ext\u00e9rieur avec sortie vocale Marschall"}]},{"@type":"WebSite","@id":"https:\/\/www.gleichcom.samuraidev.ch\/fr\/#website","url":"https:\/\/www.gleichcom.samuraidev.ch\/fr\/","name":"Gleichcom AG","description":"besser h\u00f6ren. besser sehen. besser leben.","publisher":{"@id":"https:\/\/www.gleichcom.samuraidev.ch\/fr\/#organization"},"alternateName":"Gleichcom","potentialAction":[{"@type":"SearchAction","target":{"@type":"EntryPoint","urlTemplate":"https:\/\/www.gleichcom.samuraidev.ch\/fr\/?s={search_term_string}"},"query-input":{"@type":"PropertyValueSpecification","valueRequired":true,"valueName":"search_term_string"}}],"inLanguage":"fr-FR"},{"@type":"Organization","@id":"https:\/\/www.gleichcom.samuraidev.ch\/fr\/#organization","name":"Gleichcom AG","alternateName":"Gleichcom","url":"https:\/\/www.gleichcom.samuraidev.ch\/fr\/","logo":{"@type":"ImageObject","inLanguage":"fr-FR","@id":"https:\/\/www.gleichcom.samuraidev.ch\/fr\/#\/schema\/logo\/image\/","url":"https:\/\/www.gleichcom.samuraidev.ch\/wp-content\/uploads\/2023\/09\/gleichcom-ag-logo-quadrat-farbig-mitte@696.png","contentUrl":"https:\/\/www.gleichcom.samuraidev.ch\/wp-content\/uploads\/2023\/09\/gleichcom-ag-logo-quadrat-farbig-mitte@696.png","width":437,"height":437,"caption":"Gleichcom AG"},"image":{"@id":"https:\/\/www.gleichcom.samuraidev.ch\/fr\/#\/schema\/logo\/image\/"},"sameAs":["https:\/\/www.facebook.com\/profile.php?id=100068749126981"]}]}},"uagb_featured_image_src":{"full":["https:\/\/www.gleichcom.samuraidev.ch\/wp-content\/uploads\/2023\/09\/InnenAussenthermometermitSprachausgabe.jpg",500,371,false],"thumbnail":["https:\/\/www.gleichcom.samuraidev.ch\/wp-content\/uploads\/2023\/09\/InnenAussenthermometermitSprachausgabe.jpg",150,111,false],"medium":["https:\/\/www.gleichcom.samuraidev.ch\/wp-content\/uploads\/2023\/09\/InnenAussenthermometermitSprachausgabe.jpg",300,223,false],"medium_large":["https:\/\/www.gleichcom.samuraidev.ch\/wp-content\/uploads\/2023\/09\/InnenAussenthermometermitSprachausgabe.jpg",500,371,false],"large":["https:\/\/www.gleichcom.samuraidev.ch\/wp-content\/uploads\/2023\/09\/InnenAussenthermometermitSprachausgabe.jpg",500,371,false],"1536x1536":["https:\/\/www.gleichcom.samuraidev.ch\/wp-content\/uploads\/2023\/09\/InnenAussenthermometermitSprachausgabe.jpg",500,371,false],"2048x2048":["https:\/\/www.gleichcom.samuraidev.ch\/wp-content\/uploads\/2023\/09\/InnenAussenthermometermitSprachausgabe.jpg",500,371,false],"woocommerce_thumbnail":["https:\/\/www.gleichcom.samuraidev.ch\/wp-content\/uploads\/2023\/09\/InnenAussenthermometermitSprachausgabe.jpg",300,223,false],"woocommerce_single":["https:\/\/www.gleichcom.samuraidev.ch\/wp-content\/uploads\/2023\/09\/InnenAussenthermometermitSprachausgabe.jpg",500,371,false],"woocommerce_gallery_thumbnail":["https:\/\/www.gleichcom.samuraidev.ch\/wp-content\/uploads\/2023\/09\/InnenAussenthermometermitSprachausgabe-100x100.jpg",100,100,true]},"uagb_author_info":{"display_name":"","author_link":"https:\/\/www.gleichcom.samuraidev.ch\/fr\/author\/"},"uagb_comment_info":0,"uagb_excerpt":"Thermom\u00e8tre d'int\u00e9rieur et d'ext\u00e9rieur parlant avec affichage extra large et tr\u00e8s contrast\u00e9.","_links":{"self":[{"href":"https:\/\/www.gleichcom.samuraidev.ch\/fr\/wp-json\/wp\/v2\/product\/7935","targetHints":{"allow":["GET"]}}],"collection":[{"href":"https:\/\/www.gleichcom.samuraidev.ch\/fr\/wp-json\/wp\/v2\/product"}],"about":[{"href":"https:\/\/www.gleichcom.samuraidev.ch\/fr\/wp-json\/wp\/v2\/types\/product"}],"wp:featuredmedia":[{"embeddable":true,"href":"https:\/\/www.gleichcom.samuraidev.ch\/fr\/wp-json\/wp\/v2\/media\/7933"}],"wp:attachment":[{"href":"https:\/\/www.gleichcom.samuraidev.ch\/fr\/wp-json\/wp\/v2\/media?parent=7935"}],"wp:term":[{"taxonomy":"product_brand","embeddable":true,"href":"https:\/\/www.gleichcom.samuraidev.ch\/fr\/wp-json\/wp\/v2\/product_brand?post=7935"},{"taxonomy":"product_cat","embeddable":true,"href":"https:\/\/www.gleichcom.samuraidev.ch\/fr\/wp-json\/wp\/v2\/product_cat?post=7935"},{"taxonomy":"product_tag","embeddable":true,"href":"https:\/\/www.gleichcom.samuraidev.ch\/fr\/wp-json\/wp\/v2\/product_tag?post=7935"}],"curies":[{"name":"wp","href":"https:\/\/api.w.org\/{rel}","templated":true}]}}