{"id":9032,"date":"2018-12-09T18:32:21","date_gmt":"2018-12-09T18:32:21","guid":{"rendered":"https:\/\/www.gleichcom.samuraidev.ch\/?product=digitale-funkuhr-mit-temperatur-timeline-weiss"},"modified":"2023-12-11T11:27:36","modified_gmt":"2023-12-11T10:27:36","slug":"digitale-funkuhr-mit-temperatur-timeline-weiss","status":"publish","type":"product","link":"https:\/\/www.gleichcom.samuraidev.ch\/fr\/shop\/digitale-funkuhr-mit-temperatur-timeline-weiss\/","title":{"rendered":"Digitale Funkuhr mit Temperatur TIMELINE Weiss"},"content":{"rendered":"<div>\n\t<span style=\"font-size:16px;\"><strong><font style=\"background-color: rgb(255, 255, 255);\">Digitale Funkuhr mit Temperatur TIMELINE Weiss<\/font><\/strong><\/span><br \/>\n\t\u00a0<br \/>\n\t<strong>Einfache Zeitorientierung<\/strong><br \/>\n\tDie Uhrzeit wird besonders gro\u00df angezeigt, der Wochentag ist ausgeschrieben und das Datum vollst\u00e4ndig mit Jahreszahl angegeben.So wird die Funkuhr zur idealen Alltagshilfe f\u00fcr Senioren, Alzheimer- und Demenzpatienten.<\/p>\n<p>\n\t\tDas \u00fcbersichtliche Display l\u00e4sst sich aus gr\u00f6\u00dferer Entfernung gut ablesen und eignet sich dadurch auch besonders gut f\u00fcr den Eingangs- oder Empfangsbereich, das Wartezimmer und das B\u00fcro.<br \/>\n\t\tDas Datum erscheint ohne vorherige Einstellung. Die Umstellung von Sommer- auf Winterzeit erfolgt ebenfalls automatisch.\n\t<\/p>\n<p>\t<strong>Auf einen Blick<\/strong>\n<\/div>\n<ul>\n<li>\n<div>\n\t\tFunkuhr mit h\u00f6chster Genauigkeit\n\t<\/div>\n<\/li>\n<li>\n<div>\n\t\tAnzeige der Uhrzeit\n\t<\/div>\n<\/li>\n<li>\n<div>\n\t\tTemperaturanzeige\n\t<\/div>\n<\/li>\n<li>\n<div>\n\t\tAusgeschriebene Wochentag- und Datumsanzeige\n\t<\/div>\n<\/li>\n<li>\n<div>\n\t\tAnzeige der aktuellen Kalenderwoche\n\t<\/div>\n<\/li>\n<li>\n<div>\n\t\tEinfache Zeitorientierung f\u00fcr Senioren\n\t<\/div>\n<\/li>\n<li>\n<div>\n\t\tZwei Weckalarme mit Schlummerfunktion (Snooze)\n\t<\/div>\n<\/li>\n<li>\n<div>\n\t\t12- oder 24-Stundenanzeige w\u00e4hlbar\n\t<\/div>\n<\/li>\n<li>\n<div>\n\t\tZum Aufstellen oder an die Wand h\u00e4ngen\n\t<\/div>\n<\/li>\n<li>\n<div>\n\t\tBatteriebetrieben mit zwei 1,5 V AAA-Batterien (Batterien nicht im Lieferumfang enthalten)\n\t<\/div>\n<\/li>\n<li>\n<div>\n\t\tMa\u00dfe ca. 20 cm x 20 cm x 3 cm\n\t<\/div>\n<\/li>\n<li>\n<div>\n\t\tGewicht 360 Gramm\n\t<\/div>\n<\/li>\n<\/ul>\n<div>\n\t<strong>Lieferumfang<\/strong>\n<\/div>\n<ul>\n<li>\n<div>\n\t\t1 x Funkuhr TimeLine mit Temperatur Wei\u00df\n\t<\/div>\n<\/li>\n<li>\n<div>\n\t\t1 x Bedienungsanleitung<\/p>\n<p>\t\t<strong><a href=\"http:\/\/Digitale Funkuhr mit Temperatur TIMELINE Weiss\">Bedienungsanleitung<\/a><\/strong>\n\t<\/div>\n<\/li>\n<\/ul>\n","protected":false},"excerpt":{"rendered":"<p>Die Uhrzeit wird besonders gro\u00df angezeigt, der Wochentag ist ausgeschrieben und das Datum vollst\u00e4ndig mit Jahreszahl angegeben.So wird die Funkuhr zur idealen Alltagshilfe f\u00fcr Senioren, Alzheimer- und Demenzpatienten.<\/p>\n<p>\u00a0<\/p>\n","protected":false},"featured_media":9033,"template":"","meta":{"inline_featured_image":false,"_uag_custom_page_level_css":"","site-sidebar-layout":"default","site-content-layout":"","ast-site-content-layout":"default","site-content-style":"default","site-sidebar-style":"default","ast-global-header-display":"","ast-banner-title-visibility":"","ast-main-header-display":"","ast-hfb-above-header-display":"","ast-hfb-below-header-display":"","ast-hfb-mobile-header-display":"","site-post-title":"","ast-breadcrumbs-content":"","ast-featured-img":"","footer-sml-layout":"","ast-disable-related-posts":"","theme-transparent-header-meta":"","adv-header-id-meta":"","stick-header-meta":"","header-above-stick-meta":"","header-main-stick-meta":"","header-below-stick-meta":"","astra-migrate-meta-layouts":"default","ast-page-background-enabled":"default","ast-page-background-meta":{"desktop":{"background-color":"","background-image":"","background-repeat":"repeat","background-position":"center center","background-size":"auto","background-attachment":"scroll","background-type":"","background-media":"","overlay-type":"","overlay-color":"","overlay-opacity":"","overlay-gradient":""},"tablet":{"background-color":"","background-image":"","background-repeat":"repeat","background-position":"center center","background-size":"auto","background-attachment":"scroll","background-type":"","background-media":"","overlay-type":"","overlay-color":"","overlay-opacity":"","overlay-gradient":""},"mobile":{"background-color":"","background-image":"","background-repeat":"repeat","background-position":"center center","background-size":"auto","background-attachment":"scroll","background-type":"","background-media":"","overlay-type":"","overlay-color":"","overlay-opacity":"","overlay-gradient":""}},"ast-content-background-meta":{"desktop":{"background-color":"var(--ast-global-color-5)","background-image":"","background-repeat":"repeat","background-position":"center center","background-size":"auto","background-attachment":"scroll","background-type":"","background-media":"","overlay-type":"","overlay-color":"","overlay-opacity":"","overlay-gradient":""},"tablet":{"background-color":"var(--ast-global-color-5)","background-image":"","background-repeat":"repeat","background-position":"center center","background-size":"auto","background-attachment":"scroll","background-type":"","background-media":"","overlay-type":"","overlay-color":"","overlay-opacity":"","overlay-gradient":""},"mobile":{"background-color":"var(--ast-global-color-5)","background-image":"","background-repeat":"repeat","background-position":"center center","background-size":"auto","background-attachment":"scroll","background-type":"","background-media":"","overlay-type":"","overlay-color":"","overlay-opacity":"","overlay-gradient":""}}},"product_brand":[],"product_cat":[2861],"product_tag":[],"class_list":{"0":"post-9032","1":"product","2":"type-product","3":"status-publish","4":"has-post-thumbnail","6":"product_cat-zubehoer-fuer-demenz-und-alzheimerpatienten","7":"desktop-align-center","8":"tablet-align-center","9":"mobile-align-center","10":"ast-product-gallery-layout-horizontal-slider","11":"ast-product-gallery-with-no-image","12":"ast-product-tabs-layout-accordion","14":"first","15":"onbackorder","16":"taxable","17":"shipping-taxable","18":"purchasable","19":"product-type-simple"},"yoast_head":"<!-- This site is optimized with the Yoast SEO plugin v27.5 - https:\/\/yoast.com\/product\/yoast-seo-wordpress\/ -->\n<title>Digitale Funkuhr mit Temperatur TIMELINE Weiss im Onlineshop | Gleichcom AG<\/title>\n<meta name=\"description\" content=\"\u2705 Die Uhrzeit wird besonders gro\u00df angezeigt, der Wochentag ist ausgeschrieben und das Datum vollst\u00e4ndig mit Jahreszahl angegeben.So wird die Funkuhr zur idealen Alltagshilfe f\u00fcr Senioren, Alzheimer- und Demenzpatienten.  \u00a0\" \/>\n<meta name=\"robots\" content=\"noindex, follow, max-snippet:-1, max-image-preview:large, max-video-preview:-1\" \/>\n<meta property=\"og:locale\" content=\"fr_FR\" \/>\n<meta property=\"og:type\" content=\"article\" \/>\n<meta property=\"og:title\" content=\"Digitale Funkuhr mit Temperatur TIMELINE Weiss im Onlineshop | Gleichcom AG\" \/>\n<meta property=\"og:description\" content=\"\u2705 Die Uhrzeit wird besonders gro\u00df angezeigt, der Wochentag ist ausgeschrieben und das Datum vollst\u00e4ndig mit Jahreszahl angegeben.So wird die Funkuhr zur idealen Alltagshilfe f\u00fcr Senioren, Alzheimer- und Demenzpatienten.  \u00a0\" \/>\n<meta property=\"og:url\" content=\"https:\/\/www.gleichcom.samuraidev.ch\/fr\/shop\/digitale-funkuhr-mit-temperatur-timeline-weiss\/\" \/>\n<meta property=\"og:site_name\" content=\"Gleichcom AG\" \/>\n<meta property=\"article:publisher\" content=\"https:\/\/www.facebook.com\/profile.php?id=100068749126981\" \/>\n<meta property=\"article:modified_time\" content=\"2023-12-11T10:27:36+00:00\" \/>\n<meta property=\"og:image\" content=\"https:\/\/www.gleichcom.samuraidev.ch\/wp-content\/uploads\/2023\/09\/FunkuhrTimeLine.jpg\" \/>\n\t<meta property=\"og:image:width\" content=\"500\" \/>\n\t<meta property=\"og:image:height\" content=\"494\" \/>\n\t<meta property=\"og:image:type\" content=\"image\/jpeg\" \/>\n<meta name=\"twitter:card\" content=\"summary_large_image\" \/>\n<script type=\"application\/ld+json\" class=\"yoast-schema-graph\">{\"@context\":\"https:\\\/\\\/schema.org\",\"@graph\":[{\"@type\":\"WebPage\",\"@id\":\"https:\\\/\\\/www.gleichcom.samuraidev.ch\\\/fr\\\/shop\\\/digitale-funkuhr-mit-temperatur-timeline-weiss\\\/\",\"url\":\"https:\\\/\\\/www.gleichcom.samuraidev.ch\\\/fr\\\/shop\\\/digitale-funkuhr-mit-temperatur-timeline-weiss\\\/\",\"name\":\"Digitale Funkuhr mit Temperatur TIMELINE Weiss im Onlineshop | Gleichcom AG\",\"isPartOf\":{\"@id\":\"https:\\\/\\\/www.gleichcom.samuraidev.ch\\\/fr\\\/#website\"},\"primaryImageOfPage\":{\"@id\":\"https:\\\/\\\/www.gleichcom.samuraidev.ch\\\/fr\\\/shop\\\/digitale-funkuhr-mit-temperatur-timeline-weiss\\\/#primaryimage\"},\"image\":{\"@id\":\"https:\\\/\\\/www.gleichcom.samuraidev.ch\\\/fr\\\/shop\\\/digitale-funkuhr-mit-temperatur-timeline-weiss\\\/#primaryimage\"},\"thumbnailUrl\":\"https:\\\/\\\/www.gleichcom.samuraidev.ch\\\/wp-content\\\/uploads\\\/2023\\\/09\\\/FunkuhrTimeLine.jpg\",\"datePublished\":\"2018-12-09T18:32:21+00:00\",\"dateModified\":\"2023-12-11T10:27:36+00:00\",\"description\":\"\u2705 Die Uhrzeit wird besonders gro\u00df angezeigt, der Wochentag ist ausgeschrieben und das Datum vollst\u00e4ndig mit Jahreszahl angegeben.So wird die Funkuhr zur idealen Alltagshilfe f\u00fcr Senioren, Alzheimer- und Demenzpatienten. \u00a0\",\"breadcrumb\":{\"@id\":\"https:\\\/\\\/www.gleichcom.samuraidev.ch\\\/fr\\\/shop\\\/digitale-funkuhr-mit-temperatur-timeline-weiss\\\/#breadcrumb\"},\"inLanguage\":\"fr-FR\",\"potentialAction\":[{\"@type\":\"ReadAction\",\"target\":[\"https:\\\/\\\/www.gleichcom.samuraidev.ch\\\/fr\\\/shop\\\/digitale-funkuhr-mit-temperatur-timeline-weiss\\\/\"]}]},{\"@type\":\"ImageObject\",\"inLanguage\":\"fr-FR\",\"@id\":\"https:\\\/\\\/www.gleichcom.samuraidev.ch\\\/fr\\\/shop\\\/digitale-funkuhr-mit-temperatur-timeline-weiss\\\/#primaryimage\",\"url\":\"https:\\\/\\\/www.gleichcom.samuraidev.ch\\\/wp-content\\\/uploads\\\/2023\\\/09\\\/FunkuhrTimeLine.jpg\",\"contentUrl\":\"https:\\\/\\\/www.gleichcom.samuraidev.ch\\\/wp-content\\\/uploads\\\/2023\\\/09\\\/FunkuhrTimeLine.jpg\",\"width\":500,\"height\":494,\"caption\":\"Digitale Funkuhr mit Temperatur TIMELINE Weiss - Gleichcom AG - - Onlineshop besser h\u00f6ren. besser sehen. besser leben. - H\u00fcnenberg 2\"},{\"@type\":\"BreadcrumbList\",\"@id\":\"https:\\\/\\\/www.gleichcom.samuraidev.ch\\\/fr\\\/shop\\\/digitale-funkuhr-mit-temperatur-timeline-weiss\\\/#breadcrumb\",\"itemListElement\":[{\"@type\":\"ListItem\",\"position\":1,\"name\":\"Startseite\",\"item\":\"https:\\\/\\\/www.gleichcom.samuraidev.ch\\\/fr\\\/\"},{\"@type\":\"ListItem\",\"position\":2,\"name\":\"Shop\",\"item\":\"https:\\\/\\\/www.gleichcom.samuraidev.ch\\\/fr\\\/shop\\\/\"},{\"@type\":\"ListItem\",\"position\":3,\"name\":\"Digitale Funkuhr mit Temperatur TIMELINE Weiss\"}]},{\"@type\":\"WebSite\",\"@id\":\"https:\\\/\\\/www.gleichcom.samuraidev.ch\\\/fr\\\/#website\",\"url\":\"https:\\\/\\\/www.gleichcom.samuraidev.ch\\\/fr\\\/\",\"name\":\"Gleichcom AG\",\"description\":\"besser h\u00f6ren. besser sehen. besser leben.\",\"publisher\":{\"@id\":\"https:\\\/\\\/www.gleichcom.samuraidev.ch\\\/fr\\\/#organization\"},\"alternateName\":\"Gleichcom\",\"potentialAction\":[{\"@type\":\"SearchAction\",\"target\":{\"@type\":\"EntryPoint\",\"urlTemplate\":\"https:\\\/\\\/www.gleichcom.samuraidev.ch\\\/fr\\\/?s={search_term_string}\"},\"query-input\":{\"@type\":\"PropertyValueSpecification\",\"valueRequired\":true,\"valueName\":\"search_term_string\"}}],\"inLanguage\":\"fr-FR\"},{\"@type\":\"Organization\",\"@id\":\"https:\\\/\\\/www.gleichcom.samuraidev.ch\\\/fr\\\/#organization\",\"name\":\"Gleichcom AG\",\"alternateName\":\"Gleichcom\",\"url\":\"https:\\\/\\\/www.gleichcom.samuraidev.ch\\\/fr\\\/\",\"logo\":{\"@type\":\"ImageObject\",\"inLanguage\":\"fr-FR\",\"@id\":\"https:\\\/\\\/www.gleichcom.samuraidev.ch\\\/fr\\\/#\\\/schema\\\/logo\\\/image\\\/\",\"url\":\"https:\\\/\\\/www.gleichcom.samuraidev.ch\\\/wp-content\\\/uploads\\\/2023\\\/09\\\/gleichcom-ag-logo-quadrat-farbig-mitte@696.png\",\"contentUrl\":\"https:\\\/\\\/www.gleichcom.samuraidev.ch\\\/wp-content\\\/uploads\\\/2023\\\/09\\\/gleichcom-ag-logo-quadrat-farbig-mitte@696.png\",\"width\":437,\"height\":437,\"caption\":\"Gleichcom AG\"},\"image\":{\"@id\":\"https:\\\/\\\/www.gleichcom.samuraidev.ch\\\/fr\\\/#\\\/schema\\\/logo\\\/image\\\/\"},\"sameAs\":[\"https:\\\/\\\/www.facebook.com\\\/profile.php?id=100068749126981\"]}]}<\/script>\n<!-- \/ Yoast SEO plugin. -->","yoast_head_json":{"title":"Digitale Funkuhr mit Temperatur TIMELINE Weiss im Onlineshop | Gleichcom AG","description":"\u2705 Die Uhrzeit wird besonders gro\u00df angezeigt, der Wochentag ist ausgeschrieben und das Datum vollst\u00e4ndig mit Jahreszahl angegeben.So wird die Funkuhr zur idealen Alltagshilfe f\u00fcr Senioren, Alzheimer- und Demenzpatienten.  \u00a0","robots":{"index":"noindex","follow":"follow","max-snippet":"max-snippet:-1","max-image-preview":"max-image-preview:large","max-video-preview":"max-video-preview:-1"},"og_locale":"fr_FR","og_type":"article","og_title":"Digitale Funkuhr mit Temperatur TIMELINE Weiss im Onlineshop | Gleichcom AG","og_description":"\u2705 Die Uhrzeit wird besonders gro\u00df angezeigt, der Wochentag ist ausgeschrieben und das Datum vollst\u00e4ndig mit Jahreszahl angegeben.So wird die Funkuhr zur idealen Alltagshilfe f\u00fcr Senioren, Alzheimer- und Demenzpatienten.  \u00a0","og_url":"https:\/\/www.gleichcom.samuraidev.ch\/fr\/shop\/digitale-funkuhr-mit-temperatur-timeline-weiss\/","og_site_name":"Gleichcom AG","article_publisher":"https:\/\/www.facebook.com\/profile.php?id=100068749126981","article_modified_time":"2023-12-11T10:27:36+00:00","og_image":[{"width":500,"height":494,"url":"https:\/\/www.gleichcom.samuraidev.ch\/wp-content\/uploads\/2023\/09\/FunkuhrTimeLine.jpg","type":"image\/jpeg"}],"twitter_card":"summary_large_image","schema":{"@context":"https:\/\/schema.org","@graph":[{"@type":"WebPage","@id":"https:\/\/www.gleichcom.samuraidev.ch\/fr\/shop\/digitale-funkuhr-mit-temperatur-timeline-weiss\/","url":"https:\/\/www.gleichcom.samuraidev.ch\/fr\/shop\/digitale-funkuhr-mit-temperatur-timeline-weiss\/","name":"Digitale Funkuhr mit Temperatur TIMELINE Weiss im Onlineshop | Gleichcom AG","isPartOf":{"@id":"https:\/\/www.gleichcom.samuraidev.ch\/fr\/#website"},"primaryImageOfPage":{"@id":"https:\/\/www.gleichcom.samuraidev.ch\/fr\/shop\/digitale-funkuhr-mit-temperatur-timeline-weiss\/#primaryimage"},"image":{"@id":"https:\/\/www.gleichcom.samuraidev.ch\/fr\/shop\/digitale-funkuhr-mit-temperatur-timeline-weiss\/#primaryimage"},"thumbnailUrl":"https:\/\/www.gleichcom.samuraidev.ch\/wp-content\/uploads\/2023\/09\/FunkuhrTimeLine.jpg","datePublished":"2018-12-09T18:32:21+00:00","dateModified":"2023-12-11T10:27:36+00:00","description":"\u2705 Die Uhrzeit wird besonders gro\u00df angezeigt, der Wochentag ist ausgeschrieben und das Datum vollst\u00e4ndig mit Jahreszahl angegeben.So wird die Funkuhr zur idealen Alltagshilfe f\u00fcr Senioren, Alzheimer- und Demenzpatienten. \u00a0","breadcrumb":{"@id":"https:\/\/www.gleichcom.samuraidev.ch\/fr\/shop\/digitale-funkuhr-mit-temperatur-timeline-weiss\/#breadcrumb"},"inLanguage":"fr-FR","potentialAction":[{"@type":"ReadAction","target":["https:\/\/www.gleichcom.samuraidev.ch\/fr\/shop\/digitale-funkuhr-mit-temperatur-timeline-weiss\/"]}]},{"@type":"ImageObject","inLanguage":"fr-FR","@id":"https:\/\/www.gleichcom.samuraidev.ch\/fr\/shop\/digitale-funkuhr-mit-temperatur-timeline-weiss\/#primaryimage","url":"https:\/\/www.gleichcom.samuraidev.ch\/wp-content\/uploads\/2023\/09\/FunkuhrTimeLine.jpg","contentUrl":"https:\/\/www.gleichcom.samuraidev.ch\/wp-content\/uploads\/2023\/09\/FunkuhrTimeLine.jpg","width":500,"height":494,"caption":"Digitale Funkuhr mit Temperatur TIMELINE Weiss - Gleichcom AG - - Onlineshop besser h\u00f6ren. besser sehen. besser leben. - H\u00fcnenberg 2"},{"@type":"BreadcrumbList","@id":"https:\/\/www.gleichcom.samuraidev.ch\/fr\/shop\/digitale-funkuhr-mit-temperatur-timeline-weiss\/#breadcrumb","itemListElement":[{"@type":"ListItem","position":1,"name":"Startseite","item":"https:\/\/www.gleichcom.samuraidev.ch\/fr\/"},{"@type":"ListItem","position":2,"name":"Shop","item":"https:\/\/www.gleichcom.samuraidev.ch\/fr\/shop\/"},{"@type":"ListItem","position":3,"name":"Digitale Funkuhr mit Temperatur TIMELINE Weiss"}]},{"@type":"WebSite","@id":"https:\/\/www.gleichcom.samuraidev.ch\/fr\/#website","url":"https:\/\/www.gleichcom.samuraidev.ch\/fr\/","name":"Gleichcom AG","description":"besser h\u00f6ren. besser sehen. besser leben.","publisher":{"@id":"https:\/\/www.gleichcom.samuraidev.ch\/fr\/#organization"},"alternateName":"Gleichcom","potentialAction":[{"@type":"SearchAction","target":{"@type":"EntryPoint","urlTemplate":"https:\/\/www.gleichcom.samuraidev.ch\/fr\/?s={search_term_string}"},"query-input":{"@type":"PropertyValueSpecification","valueRequired":true,"valueName":"search_term_string"}}],"inLanguage":"fr-FR"},{"@type":"Organization","@id":"https:\/\/www.gleichcom.samuraidev.ch\/fr\/#organization","name":"Gleichcom AG","alternateName":"Gleichcom","url":"https:\/\/www.gleichcom.samuraidev.ch\/fr\/","logo":{"@type":"ImageObject","inLanguage":"fr-FR","@id":"https:\/\/www.gleichcom.samuraidev.ch\/fr\/#\/schema\/logo\/image\/","url":"https:\/\/www.gleichcom.samuraidev.ch\/wp-content\/uploads\/2023\/09\/gleichcom-ag-logo-quadrat-farbig-mitte@696.png","contentUrl":"https:\/\/www.gleichcom.samuraidev.ch\/wp-content\/uploads\/2023\/09\/gleichcom-ag-logo-quadrat-farbig-mitte@696.png","width":437,"height":437,"caption":"Gleichcom AG"},"image":{"@id":"https:\/\/www.gleichcom.samuraidev.ch\/fr\/#\/schema\/logo\/image\/"},"sameAs":["https:\/\/www.facebook.com\/profile.php?id=100068749126981"]}]}},"uagb_featured_image_src":{"full":["https:\/\/www.gleichcom.samuraidev.ch\/wp-content\/uploads\/2023\/09\/FunkuhrTimeLine.jpg",500,494,false],"thumbnail":["https:\/\/www.gleichcom.samuraidev.ch\/wp-content\/uploads\/2023\/09\/FunkuhrTimeLine.jpg",150,148,false],"medium":["https:\/\/www.gleichcom.samuraidev.ch\/wp-content\/uploads\/2023\/09\/FunkuhrTimeLine.jpg",300,296,false],"medium_large":["https:\/\/www.gleichcom.samuraidev.ch\/wp-content\/uploads\/2023\/09\/FunkuhrTimeLine.jpg",500,494,false],"large":["https:\/\/www.gleichcom.samuraidev.ch\/wp-content\/uploads\/2023\/09\/FunkuhrTimeLine.jpg",500,494,false],"1536x1536":["https:\/\/www.gleichcom.samuraidev.ch\/wp-content\/uploads\/2023\/09\/FunkuhrTimeLine.jpg",500,494,false],"2048x2048":["https:\/\/www.gleichcom.samuraidev.ch\/wp-content\/uploads\/2023\/09\/FunkuhrTimeLine.jpg",500,494,false],"woocommerce_thumbnail":["https:\/\/www.gleichcom.samuraidev.ch\/wp-content\/uploads\/2023\/09\/FunkuhrTimeLine.jpg",300,296,false],"woocommerce_single":["https:\/\/www.gleichcom.samuraidev.ch\/wp-content\/uploads\/2023\/09\/FunkuhrTimeLine.jpg",500,494,false],"woocommerce_gallery_thumbnail":["https:\/\/www.gleichcom.samuraidev.ch\/wp-content\/uploads\/2023\/09\/FunkuhrTimeLine.jpg",100,100,false]},"uagb_author_info":{"display_name":"","author_link":"https:\/\/www.gleichcom.samuraidev.ch\/fr\/author\/"},"uagb_comment_info":0,"uagb_excerpt":"Die Uhrzeit wird besonders gro\u00df angezeigt, der Wochentag ist ausgeschrieben und das Datum vollst\u00e4ndig mit Jahreszahl angegeben.So wird die Funkuhr zur idealen Alltagshilfe f\u00fcr Senioren, Alzheimer- und Demenzpatienten. \u00a0","_links":{"self":[{"href":"https:\/\/www.gleichcom.samuraidev.ch\/fr\/wp-json\/wp\/v2\/product\/9032","targetHints":{"allow":["GET"]}}],"collection":[{"href":"https:\/\/www.gleichcom.samuraidev.ch\/fr\/wp-json\/wp\/v2\/product"}],"about":[{"href":"https:\/\/www.gleichcom.samuraidev.ch\/fr\/wp-json\/wp\/v2\/types\/product"}],"wp:featuredmedia":[{"embeddable":true,"href":"https:\/\/www.gleichcom.samuraidev.ch\/fr\/wp-json\/wp\/v2\/media\/9033"}],"wp:attachment":[{"href":"https:\/\/www.gleichcom.samuraidev.ch\/fr\/wp-json\/wp\/v2\/media?parent=9032"}],"wp:term":[{"taxonomy":"product_brand","embeddable":true,"href":"https:\/\/www.gleichcom.samuraidev.ch\/fr\/wp-json\/wp\/v2\/product_brand?post=9032"},{"taxonomy":"product_cat","embeddable":true,"href":"https:\/\/www.gleichcom.samuraidev.ch\/fr\/wp-json\/wp\/v2\/product_cat?post=9032"},{"taxonomy":"product_tag","embeddable":true,"href":"https:\/\/www.gleichcom.samuraidev.ch\/fr\/wp-json\/wp\/v2\/product_tag?post=9032"}],"curies":[{"name":"wp","href":"https:\/\/api.w.org\/{rel}","templated":true}]}}