{"id":9068,"date":"2018-12-09T21:17:23","date_gmt":"2018-12-09T21:17:23","guid":{"rendered":"https:\/\/www.gleichcom.samuraidev.ch\/?product=kuechenuhr-mit-grossen-ziffern-und-timer-atlanta-nostalgie-weiss"},"modified":"2023-12-03T19:40:50","modified_gmt":"2023-12-03T18:40:50","slug":"kuechenuhr-mit-grossen-ziffern-und-timer-atlanta-nostalgie-weiss","status":"publish","type":"product","link":"https:\/\/www.gleichcom.samuraidev.ch\/fr\/shop\/kuechenuhr-mit-grossen-ziffern-und-timer-atlanta-nostalgie-weiss\/","title":{"rendered":"K\u00fcchenuhr mit grossen Ziffern und Timer Atlanta Nostalgie Weiss"},"content":{"rendered":"<div>\n\t<strong><span style=\"font-size:16px;\">K\u00fcchenuhr mit gro\u00dfen Ziffern und Timer Atlanta Nostalgie Wei\u00df<\/span><\/strong><br \/>\n\t\u00a0<br \/>\n\t<strong>Ideal f\u00fcr Ihre K\u00fcche<\/strong><br \/>\n\tDiese sch\u00f6ne Wanduhr passt optimal in jede K\u00fcche! Sie ist vor allem f\u00fcr sehgesch\u00e4digte Menschen sehr gut geeignet, denn das extragro\u00dfe Ziffernblatt ist \u00fcbersichtlich gestaltet und besonders leicht zu lesen. Alle Zahlen wurden zudem kontrastreich gestaltet. Die gro\u00dfen, schwarzen Ziffern heben sich von dem wei\u00dfen Hintergrund extrem ab. Dadurch kann die Uhrzeit ganz einfach erkannt werden.<br \/>\n\t\u00a0<br \/>\n\t<strong>Praktischer Kurzzeitmesser<\/strong><br \/>\n\tDie Uhr verf\u00fcgt \u00fcber einen eingebauten Kurzzeitmesser (Timer), der Ihnen hilft, die Uhrzeit beim Braten oder Kochen im Auge zu behalten. Stellen Sie einfach den gew\u00fcnschten Zeitraum ein und sobald dieser abgelaufen ist, meldet sich der Timer mit einem lauten Signalton. So vergessen Sie garantiert keine Mahlzeit mehr!<br \/>\n\t\u00a0<br \/>\n\t<strong>Auf einen Blick\u00a0<\/strong>\n<\/div>\n<ul>\n<li>\n<div>\n\t\tSch\u00f6ne Quarz-Wanduhr f\u00fcr die K\u00fcche\n\t<\/div>\n<\/li>\n<li>\n<div>\n\t\tMit eingebautem Timer (Kurzzeitmesser)\n\t<\/div>\n<\/li>\n<li>\n<div>\n\t\tExtragro\u00dfes Ziffernblatt\n\t<\/div>\n<\/li>\n<li>\n<div>\n\t\tKontrastreicher Hintergrund\n\t<\/div>\n<\/li>\n<li>\n<div>\n\t\tAus hochwertigem ABS-Kunststoffgeh\u00e4use\n\t<\/div>\n<\/li>\n<li>\n<div>\n\t\tGr\u00f6\u00dfe: 19,5 x 30 cm\n\t<\/div>\n<\/li>\n<li>\n<div>\n\t\tFarbe: Wei\u00df\n\t<\/div>\n<\/li>\n<\/ul>\n<div>\n\t<strong>Lieferumfang<\/strong>\n<\/div>\n<ul>\n<li>\n<div>\n\t\t1 x K\u00fcchenuhr Nostalgie<\/p>\n<p>\t\t<a href=\"images\/Atlanta_Paragon\/Anleitung_K%C3%BCchenuhr_Atlanta.pdf\" target=\"_blank\" rel=\"noopener\"><strong>Anleitung<\/strong><\/a>\n\t<\/div>\n<\/li>\n<\/ul>\n","protected":false},"excerpt":{"rendered":"<p>\tSch\u00f6ne Uhr f\u00fcr die K\u00fcche. Mit sehr gro\u00dfen Ziffern und Kurzzeitmesser.<\/p>\n","protected":false},"featured_media":9069,"template":"","meta":{"inline_featured_image":false,"_uag_custom_page_level_css":"","site-sidebar-layout":"default","site-content-layout":"","ast-site-content-layout":"default","site-content-style":"default","site-sidebar-style":"default","ast-global-header-display":"","ast-banner-title-visibility":"","ast-main-header-display":"","ast-hfb-above-header-display":"","ast-hfb-below-header-display":"","ast-hfb-mobile-header-display":"","site-post-title":"","ast-breadcrumbs-content":"","ast-featured-img":"","footer-sml-layout":"","ast-disable-related-posts":"","theme-transparent-header-meta":"","adv-header-id-meta":"","stick-header-meta":"","header-above-stick-meta":"","header-main-stick-meta":"","header-below-stick-meta":"","astra-migrate-meta-layouts":"default","ast-page-background-enabled":"default","ast-page-background-meta":{"desktop":{"background-color":"","background-image":"","background-repeat":"repeat","background-position":"center center","background-size":"auto","background-attachment":"scroll","background-type":"","background-media":"","overlay-type":"","overlay-color":"","overlay-opacity":"","overlay-gradient":""},"tablet":{"background-color":"","background-image":"","background-repeat":"repeat","background-position":"center center","background-size":"auto","background-attachment":"scroll","background-type":"","background-media":"","overlay-type":"","overlay-color":"","overlay-opacity":"","overlay-gradient":""},"mobile":{"background-color":"","background-image":"","background-repeat":"repeat","background-position":"center center","background-size":"auto","background-attachment":"scroll","background-type":"","background-media":"","overlay-type":"","overlay-color":"","overlay-opacity":"","overlay-gradient":""}},"ast-content-background-meta":{"desktop":{"background-color":"var(--ast-global-color-5)","background-image":"","background-repeat":"repeat","background-position":"center center","background-size":"auto","background-attachment":"scroll","background-type":"","background-media":"","overlay-type":"","overlay-color":"","overlay-opacity":"","overlay-gradient":""},"tablet":{"background-color":"var(--ast-global-color-5)","background-image":"","background-repeat":"repeat","background-position":"center center","background-size":"auto","background-attachment":"scroll","background-type":"","background-media":"","overlay-type":"","overlay-color":"","overlay-opacity":"","overlay-gradient":""},"mobile":{"background-color":"var(--ast-global-color-5)","background-image":"","background-repeat":"repeat","background-position":"center center","background-size":"auto","background-attachment":"scroll","background-type":"","background-media":"","overlay-type":"","overlay-color":"","overlay-opacity":"","overlay-gradient":""}}},"product_brand":[],"product_cat":[2912],"product_tag":[],"class_list":{"0":"post-9068","1":"product","2":"type-product","3":"status-publish","4":"has-post-thumbnail","6":"product_cat-gesundheitspflege","7":"desktop-align-center","8":"tablet-align-center","9":"mobile-align-center","10":"ast-product-gallery-layout-horizontal-slider","11":"ast-product-gallery-with-no-image","12":"ast-product-tabs-layout-accordion","14":"first","15":"instock","16":"taxable","17":"shipping-taxable","18":"purchasable","19":"product-type-simple"},"yoast_head":"<!-- This site is optimized with the Yoast SEO plugin v27.5 - https:\/\/yoast.com\/product\/yoast-seo-wordpress\/ -->\n<title>K\u00fcchenuhr mit grossen Ziffern und Timer Atlanta Nostalgie Weiss im Onlineshop | Gleichcom AG<\/title>\n<meta name=\"description\" content=\"\u2705 Sch\u00f6ne Uhr f\u00fcr die K\u00fcche. Mit sehr gro\u00dfen Ziffern und Kurzzeitmesser.\" \/>\n<meta name=\"robots\" content=\"noindex, follow, max-snippet:-1, max-image-preview:large, max-video-preview:-1\" \/>\n<meta property=\"og:locale\" content=\"fr_FR\" \/>\n<meta property=\"og:type\" content=\"article\" \/>\n<meta property=\"og:title\" content=\"K\u00fcchenuhr mit grossen Ziffern und Timer Atlanta Nostalgie Weiss im Onlineshop | Gleichcom AG\" \/>\n<meta property=\"og:description\" content=\"\u2705 Sch\u00f6ne Uhr f\u00fcr die K\u00fcche. Mit sehr gro\u00dfen Ziffern und Kurzzeitmesser.\" \/>\n<meta property=\"og:url\" content=\"https:\/\/www.gleichcom.samuraidev.ch\/fr\/shop\/kuechenuhr-mit-grossen-ziffern-und-timer-atlanta-nostalgie-weiss\/\" \/>\n<meta property=\"og:site_name\" content=\"Gleichcom AG\" \/>\n<meta property=\"article:publisher\" content=\"https:\/\/www.facebook.com\/profile.php?id=100068749126981\" \/>\n<meta property=\"article:modified_time\" content=\"2023-12-03T18:40:50+00:00\" \/>\n<meta property=\"og:image\" content=\"https:\/\/www.gleichcom.samuraidev.ch\/wp-content\/uploads\/2023\/09\/kuechenuhrmitgrossenziffernundtimeratlantanostalgieweisspar004001_z1.jpg\" \/>\n\t<meta property=\"og:image:width\" content=\"500\" \/>\n\t<meta property=\"og:image:height\" content=\"500\" \/>\n\t<meta property=\"og:image:type\" content=\"image\/jpeg\" \/>\n<meta name=\"twitter:card\" content=\"summary_large_image\" \/>\n<script type=\"application\/ld+json\" class=\"yoast-schema-graph\">{\"@context\":\"https:\\\/\\\/schema.org\",\"@graph\":[{\"@type\":\"WebPage\",\"@id\":\"https:\\\/\\\/www.gleichcom.samuraidev.ch\\\/fr\\\/shop\\\/kuechenuhr-mit-grossen-ziffern-und-timer-atlanta-nostalgie-weiss\\\/\",\"url\":\"https:\\\/\\\/www.gleichcom.samuraidev.ch\\\/fr\\\/shop\\\/kuechenuhr-mit-grossen-ziffern-und-timer-atlanta-nostalgie-weiss\\\/\",\"name\":\"K\u00fcchenuhr mit grossen Ziffern und Timer Atlanta Nostalgie Weiss im Onlineshop | Gleichcom AG\",\"isPartOf\":{\"@id\":\"https:\\\/\\\/www.gleichcom.samuraidev.ch\\\/fr\\\/#website\"},\"primaryImageOfPage\":{\"@id\":\"https:\\\/\\\/www.gleichcom.samuraidev.ch\\\/fr\\\/shop\\\/kuechenuhr-mit-grossen-ziffern-und-timer-atlanta-nostalgie-weiss\\\/#primaryimage\"},\"image\":{\"@id\":\"https:\\\/\\\/www.gleichcom.samuraidev.ch\\\/fr\\\/shop\\\/kuechenuhr-mit-grossen-ziffern-und-timer-atlanta-nostalgie-weiss\\\/#primaryimage\"},\"thumbnailUrl\":\"https:\\\/\\\/www.gleichcom.samuraidev.ch\\\/wp-content\\\/uploads\\\/2023\\\/09\\\/kuechenuhrmitgrossenziffernundtimeratlantanostalgieweisspar004001_z1.jpg\",\"datePublished\":\"2018-12-09T21:17:23+00:00\",\"dateModified\":\"2023-12-03T18:40:50+00:00\",\"description\":\"\u2705 Sch\u00f6ne Uhr f\u00fcr die K\u00fcche. Mit sehr gro\u00dfen Ziffern und Kurzzeitmesser.\",\"breadcrumb\":{\"@id\":\"https:\\\/\\\/www.gleichcom.samuraidev.ch\\\/fr\\\/shop\\\/kuechenuhr-mit-grossen-ziffern-und-timer-atlanta-nostalgie-weiss\\\/#breadcrumb\"},\"inLanguage\":\"fr-FR\",\"potentialAction\":[{\"@type\":\"ReadAction\",\"target\":[\"https:\\\/\\\/www.gleichcom.samuraidev.ch\\\/fr\\\/shop\\\/kuechenuhr-mit-grossen-ziffern-und-timer-atlanta-nostalgie-weiss\\\/\"]}]},{\"@type\":\"ImageObject\",\"inLanguage\":\"fr-FR\",\"@id\":\"https:\\\/\\\/www.gleichcom.samuraidev.ch\\\/fr\\\/shop\\\/kuechenuhr-mit-grossen-ziffern-und-timer-atlanta-nostalgie-weiss\\\/#primaryimage\",\"url\":\"https:\\\/\\\/www.gleichcom.samuraidev.ch\\\/wp-content\\\/uploads\\\/2023\\\/09\\\/kuechenuhrmitgrossenziffernundtimeratlantanostalgieweisspar004001_z1.jpg\",\"contentUrl\":\"https:\\\/\\\/www.gleichcom.samuraidev.ch\\\/wp-content\\\/uploads\\\/2023\\\/09\\\/kuechenuhrmitgrossenziffernundtimeratlantanostalgieweisspar004001_z1.jpg\",\"width\":500,\"height\":500,\"caption\":\"K\u00fcchenuhr mit grossen Ziffern und Timer Atlanta Nostalgie Weiss - Gleichcom AG - - Onlineshop besser h\u00f6ren. besser sehen. besser leben. - H\u00fcnenberg\"},{\"@type\":\"BreadcrumbList\",\"@id\":\"https:\\\/\\\/www.gleichcom.samuraidev.ch\\\/fr\\\/shop\\\/kuechenuhr-mit-grossen-ziffern-und-timer-atlanta-nostalgie-weiss\\\/#breadcrumb\",\"itemListElement\":[{\"@type\":\"ListItem\",\"position\":1,\"name\":\"Startseite\",\"item\":\"https:\\\/\\\/www.gleichcom.samuraidev.ch\\\/fr\\\/\"},{\"@type\":\"ListItem\",\"position\":2,\"name\":\"Shop\",\"item\":\"https:\\\/\\\/www.gleichcom.samuraidev.ch\\\/fr\\\/shop\\\/\"},{\"@type\":\"ListItem\",\"position\":3,\"name\":\"K\u00fcchenuhr mit grossen Ziffern und Timer Atlanta Nostalgie Weiss\"}]},{\"@type\":\"WebSite\",\"@id\":\"https:\\\/\\\/www.gleichcom.samuraidev.ch\\\/fr\\\/#website\",\"url\":\"https:\\\/\\\/www.gleichcom.samuraidev.ch\\\/fr\\\/\",\"name\":\"Gleichcom AG\",\"description\":\"besser h\u00f6ren. besser sehen. besser leben.\",\"publisher\":{\"@id\":\"https:\\\/\\\/www.gleichcom.samuraidev.ch\\\/fr\\\/#organization\"},\"alternateName\":\"Gleichcom\",\"potentialAction\":[{\"@type\":\"SearchAction\",\"target\":{\"@type\":\"EntryPoint\",\"urlTemplate\":\"https:\\\/\\\/www.gleichcom.samuraidev.ch\\\/fr\\\/?s={search_term_string}\"},\"query-input\":{\"@type\":\"PropertyValueSpecification\",\"valueRequired\":true,\"valueName\":\"search_term_string\"}}],\"inLanguage\":\"fr-FR\"},{\"@type\":\"Organization\",\"@id\":\"https:\\\/\\\/www.gleichcom.samuraidev.ch\\\/fr\\\/#organization\",\"name\":\"Gleichcom AG\",\"alternateName\":\"Gleichcom\",\"url\":\"https:\\\/\\\/www.gleichcom.samuraidev.ch\\\/fr\\\/\",\"logo\":{\"@type\":\"ImageObject\",\"inLanguage\":\"fr-FR\",\"@id\":\"https:\\\/\\\/www.gleichcom.samuraidev.ch\\\/fr\\\/#\\\/schema\\\/logo\\\/image\\\/\",\"url\":\"https:\\\/\\\/www.gleichcom.samuraidev.ch\\\/wp-content\\\/uploads\\\/2023\\\/09\\\/gleichcom-ag-logo-quadrat-farbig-mitte@696.png\",\"contentUrl\":\"https:\\\/\\\/www.gleichcom.samuraidev.ch\\\/wp-content\\\/uploads\\\/2023\\\/09\\\/gleichcom-ag-logo-quadrat-farbig-mitte@696.png\",\"width\":437,\"height\":437,\"caption\":\"Gleichcom AG\"},\"image\":{\"@id\":\"https:\\\/\\\/www.gleichcom.samuraidev.ch\\\/fr\\\/#\\\/schema\\\/logo\\\/image\\\/\"},\"sameAs\":[\"https:\\\/\\\/www.facebook.com\\\/profile.php?id=100068749126981\"]}]}<\/script>\n<!-- \/ Yoast SEO plugin. -->","yoast_head_json":{"title":"K\u00fcchenuhr mit grossen Ziffern und Timer Atlanta Nostalgie Weiss im Onlineshop | Gleichcom AG","description":"\u2705 Sch\u00f6ne Uhr f\u00fcr die K\u00fcche. Mit sehr gro\u00dfen Ziffern und Kurzzeitmesser.","robots":{"index":"noindex","follow":"follow","max-snippet":"max-snippet:-1","max-image-preview":"max-image-preview:large","max-video-preview":"max-video-preview:-1"},"og_locale":"fr_FR","og_type":"article","og_title":"K\u00fcchenuhr mit grossen Ziffern und Timer Atlanta Nostalgie Weiss im Onlineshop | Gleichcom AG","og_description":"\u2705 Sch\u00f6ne Uhr f\u00fcr die K\u00fcche. Mit sehr gro\u00dfen Ziffern und Kurzzeitmesser.","og_url":"https:\/\/www.gleichcom.samuraidev.ch\/fr\/shop\/kuechenuhr-mit-grossen-ziffern-und-timer-atlanta-nostalgie-weiss\/","og_site_name":"Gleichcom AG","article_publisher":"https:\/\/www.facebook.com\/profile.php?id=100068749126981","article_modified_time":"2023-12-03T18:40:50+00:00","og_image":[{"width":500,"height":500,"url":"https:\/\/www.gleichcom.samuraidev.ch\/wp-content\/uploads\/2023\/09\/kuechenuhrmitgrossenziffernundtimeratlantanostalgieweisspar004001_z1.jpg","type":"image\/jpeg"}],"twitter_card":"summary_large_image","schema":{"@context":"https:\/\/schema.org","@graph":[{"@type":"WebPage","@id":"https:\/\/www.gleichcom.samuraidev.ch\/fr\/shop\/kuechenuhr-mit-grossen-ziffern-und-timer-atlanta-nostalgie-weiss\/","url":"https:\/\/www.gleichcom.samuraidev.ch\/fr\/shop\/kuechenuhr-mit-grossen-ziffern-und-timer-atlanta-nostalgie-weiss\/","name":"K\u00fcchenuhr mit grossen Ziffern und Timer Atlanta Nostalgie Weiss im Onlineshop | Gleichcom AG","isPartOf":{"@id":"https:\/\/www.gleichcom.samuraidev.ch\/fr\/#website"},"primaryImageOfPage":{"@id":"https:\/\/www.gleichcom.samuraidev.ch\/fr\/shop\/kuechenuhr-mit-grossen-ziffern-und-timer-atlanta-nostalgie-weiss\/#primaryimage"},"image":{"@id":"https:\/\/www.gleichcom.samuraidev.ch\/fr\/shop\/kuechenuhr-mit-grossen-ziffern-und-timer-atlanta-nostalgie-weiss\/#primaryimage"},"thumbnailUrl":"https:\/\/www.gleichcom.samuraidev.ch\/wp-content\/uploads\/2023\/09\/kuechenuhrmitgrossenziffernundtimeratlantanostalgieweisspar004001_z1.jpg","datePublished":"2018-12-09T21:17:23+00:00","dateModified":"2023-12-03T18:40:50+00:00","description":"\u2705 Sch\u00f6ne Uhr f\u00fcr die K\u00fcche. Mit sehr gro\u00dfen Ziffern und Kurzzeitmesser.","breadcrumb":{"@id":"https:\/\/www.gleichcom.samuraidev.ch\/fr\/shop\/kuechenuhr-mit-grossen-ziffern-und-timer-atlanta-nostalgie-weiss\/#breadcrumb"},"inLanguage":"fr-FR","potentialAction":[{"@type":"ReadAction","target":["https:\/\/www.gleichcom.samuraidev.ch\/fr\/shop\/kuechenuhr-mit-grossen-ziffern-und-timer-atlanta-nostalgie-weiss\/"]}]},{"@type":"ImageObject","inLanguage":"fr-FR","@id":"https:\/\/www.gleichcom.samuraidev.ch\/fr\/shop\/kuechenuhr-mit-grossen-ziffern-und-timer-atlanta-nostalgie-weiss\/#primaryimage","url":"https:\/\/www.gleichcom.samuraidev.ch\/wp-content\/uploads\/2023\/09\/kuechenuhrmitgrossenziffernundtimeratlantanostalgieweisspar004001_z1.jpg","contentUrl":"https:\/\/www.gleichcom.samuraidev.ch\/wp-content\/uploads\/2023\/09\/kuechenuhrmitgrossenziffernundtimeratlantanostalgieweisspar004001_z1.jpg","width":500,"height":500,"caption":"K\u00fcchenuhr mit grossen Ziffern und Timer Atlanta Nostalgie Weiss - Gleichcom AG - - Onlineshop besser h\u00f6ren. besser sehen. besser leben. - H\u00fcnenberg"},{"@type":"BreadcrumbList","@id":"https:\/\/www.gleichcom.samuraidev.ch\/fr\/shop\/kuechenuhr-mit-grossen-ziffern-und-timer-atlanta-nostalgie-weiss\/#breadcrumb","itemListElement":[{"@type":"ListItem","position":1,"name":"Startseite","item":"https:\/\/www.gleichcom.samuraidev.ch\/fr\/"},{"@type":"ListItem","position":2,"name":"Shop","item":"https:\/\/www.gleichcom.samuraidev.ch\/fr\/shop\/"},{"@type":"ListItem","position":3,"name":"K\u00fcchenuhr mit grossen Ziffern und Timer Atlanta Nostalgie Weiss"}]},{"@type":"WebSite","@id":"https:\/\/www.gleichcom.samuraidev.ch\/fr\/#website","url":"https:\/\/www.gleichcom.samuraidev.ch\/fr\/","name":"Gleichcom AG","description":"besser h\u00f6ren. besser sehen. besser leben.","publisher":{"@id":"https:\/\/www.gleichcom.samuraidev.ch\/fr\/#organization"},"alternateName":"Gleichcom","potentialAction":[{"@type":"SearchAction","target":{"@type":"EntryPoint","urlTemplate":"https:\/\/www.gleichcom.samuraidev.ch\/fr\/?s={search_term_string}"},"query-input":{"@type":"PropertyValueSpecification","valueRequired":true,"valueName":"search_term_string"}}],"inLanguage":"fr-FR"},{"@type":"Organization","@id":"https:\/\/www.gleichcom.samuraidev.ch\/fr\/#organization","name":"Gleichcom AG","alternateName":"Gleichcom","url":"https:\/\/www.gleichcom.samuraidev.ch\/fr\/","logo":{"@type":"ImageObject","inLanguage":"fr-FR","@id":"https:\/\/www.gleichcom.samuraidev.ch\/fr\/#\/schema\/logo\/image\/","url":"https:\/\/www.gleichcom.samuraidev.ch\/wp-content\/uploads\/2023\/09\/gleichcom-ag-logo-quadrat-farbig-mitte@696.png","contentUrl":"https:\/\/www.gleichcom.samuraidev.ch\/wp-content\/uploads\/2023\/09\/gleichcom-ag-logo-quadrat-farbig-mitte@696.png","width":437,"height":437,"caption":"Gleichcom AG"},"image":{"@id":"https:\/\/www.gleichcom.samuraidev.ch\/fr\/#\/schema\/logo\/image\/"},"sameAs":["https:\/\/www.facebook.com\/profile.php?id=100068749126981"]}]}},"uagb_featured_image_src":{"full":["https:\/\/www.gleichcom.samuraidev.ch\/wp-content\/uploads\/2023\/09\/kuechenuhrmitgrossenziffernundtimeratlantanostalgieweisspar004001_z1.jpg",500,500,false],"thumbnail":["https:\/\/www.gleichcom.samuraidev.ch\/wp-content\/uploads\/2023\/09\/kuechenuhrmitgrossenziffernundtimeratlantanostalgieweisspar004001_z1.jpg",150,150,false],"medium":["https:\/\/www.gleichcom.samuraidev.ch\/wp-content\/uploads\/2023\/09\/kuechenuhrmitgrossenziffernundtimeratlantanostalgieweisspar004001_z1.jpg",300,300,false],"medium_large":["https:\/\/www.gleichcom.samuraidev.ch\/wp-content\/uploads\/2023\/09\/kuechenuhrmitgrossenziffernundtimeratlantanostalgieweisspar004001_z1.jpg",500,500,false],"large":["https:\/\/www.gleichcom.samuraidev.ch\/wp-content\/uploads\/2023\/09\/kuechenuhrmitgrossenziffernundtimeratlantanostalgieweisspar004001_z1.jpg",500,500,false],"1536x1536":["https:\/\/www.gleichcom.samuraidev.ch\/wp-content\/uploads\/2023\/09\/kuechenuhrmitgrossenziffernundtimeratlantanostalgieweisspar004001_z1.jpg",500,500,false],"2048x2048":["https:\/\/www.gleichcom.samuraidev.ch\/wp-content\/uploads\/2023\/09\/kuechenuhrmitgrossenziffernundtimeratlantanostalgieweisspar004001_z1.jpg",500,500,false],"woocommerce_thumbnail":["https:\/\/www.gleichcom.samuraidev.ch\/wp-content\/uploads\/2023\/09\/kuechenuhrmitgrossenziffernundtimeratlantanostalgieweisspar004001_z1.jpg",300,300,false],"woocommerce_single":["https:\/\/www.gleichcom.samuraidev.ch\/wp-content\/uploads\/2023\/09\/kuechenuhrmitgrossenziffernundtimeratlantanostalgieweisspar004001_z1.jpg",500,500,false],"woocommerce_gallery_thumbnail":["https:\/\/www.gleichcom.samuraidev.ch\/wp-content\/uploads\/2023\/09\/kuechenuhrmitgrossenziffernundtimeratlantanostalgieweisspar004001_z1.jpg",100,100,false]},"uagb_author_info":{"display_name":"","author_link":"https:\/\/www.gleichcom.samuraidev.ch\/fr\/author\/"},"uagb_comment_info":0,"uagb_excerpt":"Sch\u00f6ne Uhr f\u00fcr die K\u00fcche. Mit sehr gro\u00dfen Ziffern und Kurzzeitmesser.","_links":{"self":[{"href":"https:\/\/www.gleichcom.samuraidev.ch\/fr\/wp-json\/wp\/v2\/product\/9068","targetHints":{"allow":["GET"]}}],"collection":[{"href":"https:\/\/www.gleichcom.samuraidev.ch\/fr\/wp-json\/wp\/v2\/product"}],"about":[{"href":"https:\/\/www.gleichcom.samuraidev.ch\/fr\/wp-json\/wp\/v2\/types\/product"}],"wp:featuredmedia":[{"embeddable":true,"href":"https:\/\/www.gleichcom.samuraidev.ch\/fr\/wp-json\/wp\/v2\/media\/9069"}],"wp:attachment":[{"href":"https:\/\/www.gleichcom.samuraidev.ch\/fr\/wp-json\/wp\/v2\/media?parent=9068"}],"wp:term":[{"taxonomy":"product_brand","embeddable":true,"href":"https:\/\/www.gleichcom.samuraidev.ch\/fr\/wp-json\/wp\/v2\/product_brand?post=9068"},{"taxonomy":"product_cat","embeddable":true,"href":"https:\/\/www.gleichcom.samuraidev.ch\/fr\/wp-json\/wp\/v2\/product_cat?post=9068"},{"taxonomy":"product_tag","embeddable":true,"href":"https:\/\/www.gleichcom.samuraidev.ch\/fr\/wp-json\/wp\/v2\/product_tag?post=9068"}],"curies":[{"name":"wp","href":"https:\/\/api.w.org\/{rel}","templated":true}]}}