{"id":10099,"date":"2018-12-29T22:27:53","date_gmt":"2018-12-29T21:27:53","guid":{"rendered":"https:\/\/www.gleichcom.samuraidev.ch\/?product=weisser-blindenstock-aus-leichtmetall-ossenberg-softgriff"},"modified":"1000-01-01T00:00:00","modified_gmt":"1000-01-01T00:00:00","slug":"weisser-blindenstock-aus-leichtmetall-ossenberg-softgriff","status":"publish","type":"product","link":"https:\/\/www.gleichcom.samuraidev.ch\/it\/shop\/weisser-blindenstock-aus-leichtmetall-ossenberg-softgriff\/","title":{"rendered":"Bastone Ossenberg bianco in metallo leggero con impugnatura morbida per non vedenti"},"content":{"rendered":"<p><strong>Bastone Ossenberg bianco in metallo leggero con impugnatura morbida per non vedenti<\/strong><br \/>\n\u00a0<br \/>\n<strong>Visibilit\u00e0 ottimale e presa perfetta<\/strong><br \/>\nChe si tratti di shopping, passeggiate o casa: con questo bastone da passeggio in metallo leggero e resistente, potrete muovervi in tutta sicurezza nella vita di tutti i giorni. Il cappuccio in gomma fissato all&#8217;estremit\u00e0 del bastone \u00e8 antiscivolo e garantisce una presa perfetta. Grazie al suo colore bianco brillante, il bastone ha un effetto di segnalazione visiva che vi rende facilmente visibili anche in condizioni di scarsa illuminazione. Questo \u00e8 particolarmente importante per le persone non vedenti. Per una visibilit\u00e0 ancora migliore, il bastone da passeggio pu\u00f2 essere arricchito con una pellicola adesiva riflettente di colore argento o giallo. Basta ordinarlo!<br \/>\n\u00a0<br \/>\n<strong>Pratica impugnatura morbida<\/strong><br \/>\nIl bastone da passeggio per non vedenti ha un&#8217;impugnatura piacevolmente morbida che offre presa, comfort e un aspetto elegante allo stesso tempo. In questo modo avrete sempre una presa salda sul vostro bastone da passeggio. Allo stesso tempo, l&#8217;impugnatura \u00e8 adatta sia agli utenti mancini che a quelli destrorsi.<br \/>\n\u00a0<br \/>\n<strong>Regolazione dell&#8217;altezza a 9 posizioni con pulsante<\/strong><br \/>\nPer adattare in modo ottimale il bastone alle vostre esigenze, l&#8217;altezza del bastone pu\u00f2 essere facilmente regolata in nove passi (da 74 cm a 94 cm) con l&#8217;aiuto di un pulsante. Inoltre, la canna di metallo leggero pu\u00f2 sostenere un peso massimo di 120 kg.<br \/>\n\u00a0<br \/>\n<strong>In sintesi<\/strong><\/p>\n<p>\u00a0\u00a0\u00a0 Robusto bastone da passeggio in metallo leggero per non vedenti<br \/>\n\u00a0\u00a0\u00a0 Il colore bianco garantisce un effetto ottimale del segnale<br \/>\n\u00a0\u00a0\u00a0 Impugnatura morbida e facile da impugnare<br \/>\n\u00a0\u00a0\u00a0 Altezza regolabile in 9 posizioni: da 74 cm a 94 cm<br \/>\n\u00a0\u00a0\u00a0 Estremit\u00e0 con cappuccio in gomma per una presa sicura<br \/>\n\u00a0\u00a0\u00a0 Impugnatura adatta a destrimani e mancini<br \/>\n\u00a0\u00a0\u00a0 Max. Capacit\u00e0 di carico: 120 kg<br \/>\n\u00a0\u00a0\u00a0 Peso: 420 g<\/p>\n<p><strong>Ambito di consegna<\/strong><\/p>\n<p>\u00a0\u00a0\u00a0 1 x Bastone da passeggio bianco per non vedenti con impugnatura morbida<\/p>\n","protected":false},"excerpt":{"rendered":"<p>Bastone da passeggio bianco per non vedenti, in metallo leggero e resistente, con impugnatura morbida. Altezza regolabile (da 74 cm a 94 cm). Capacit\u00e0 di carico massima di 120 kg.<\/p>\n","protected":false},"featured_media":10097,"template":"","meta":{"inline_featured_image":false,"_uag_custom_page_level_css":"","site-sidebar-layout":"default","site-content-layout":"","ast-site-content-layout":"default","site-content-style":"default","site-sidebar-style":"default","ast-global-header-display":"","ast-banner-title-visibility":"","ast-main-header-display":"","ast-hfb-above-header-display":"","ast-hfb-below-header-display":"","ast-hfb-mobile-header-display":"","site-post-title":"","ast-breadcrumbs-content":"","ast-featured-img":"","footer-sml-layout":"","ast-disable-related-posts":"","theme-transparent-header-meta":"","adv-header-id-meta":"","stick-header-meta":"","header-above-stick-meta":"","header-main-stick-meta":"","header-below-stick-meta":"","astra-migrate-meta-layouts":"default","ast-page-background-enabled":"default","ast-page-background-meta":{"desktop":{"background-color":"","background-image":"","background-repeat":"repeat","background-position":"center center","background-size":"auto","background-attachment":"scroll","background-type":"","background-media":"","overlay-type":"","overlay-color":"","overlay-opacity":"","overlay-gradient":""},"tablet":{"background-color":"","background-image":"","background-repeat":"repeat","background-position":"center center","background-size":"auto","background-attachment":"scroll","background-type":"","background-media":"","overlay-type":"","overlay-color":"","overlay-opacity":"","overlay-gradient":""},"mobile":{"background-color":"","background-image":"","background-repeat":"repeat","background-position":"center center","background-size":"auto","background-attachment":"scroll","background-type":"","background-media":"","overlay-type":"","overlay-color":"","overlay-opacity":"","overlay-gradient":""}},"ast-content-background-meta":{"desktop":{"background-color":"var(--ast-global-color-5)","background-image":"","background-repeat":"repeat","background-position":"center center","background-size":"auto","background-attachment":"scroll","background-type":"","background-media":"","overlay-type":"","overlay-color":"","overlay-opacity":"","overlay-gradient":""},"tablet":{"background-color":"var(--ast-global-color-5)","background-image":"","background-repeat":"repeat","background-position":"center center","background-size":"auto","background-attachment":"scroll","background-type":"","background-media":"","overlay-type":"","overlay-color":"","overlay-opacity":"","overlay-gradient":""},"mobile":{"background-color":"var(--ast-global-color-5)","background-image":"","background-repeat":"repeat","background-position":"center center","background-size":"auto","background-attachment":"scroll","background-type":"","background-media":"","overlay-type":"","overlay-color":"","overlay-opacity":"","overlay-gradient":""}}},"product_brand":[],"product_cat":[1776],"product_tag":[],"class_list":{"0":"post-10099","1":"product","2":"type-product","3":"status-publish","4":"has-post-thumbnail","6":"product_cat-unkategorisiert","7":"desktop-align-center","8":"tablet-align-center","9":"mobile-align-center","10":"ast-product-gallery-layout-horizontal-slider","11":"ast-product-gallery-with-no-image","12":"ast-product-tabs-layout-accordion","14":"first","15":"instock","16":"taxable","17":"shipping-taxable","18":"purchasable","19":"product-type-simple"},"yoast_head":"<!-- This site is optimized with the Yoast SEO plugin v27.6 - https:\/\/yoast.com\/product\/yoast-seo-wordpress\/ -->\n<title>Bastone Ossenberg bianco in metallo leggero con impugnatura morbida per non vedenti im Onlineshop | Gleichcom AG<\/title>\n<meta name=\"description\" content=\"\u2705 Bastone da passeggio bianco per non vedenti, in metallo leggero e resistente, con impugnatura morbida. Altezza regolabile (da 74 cm a 94 cm). Capacit\u00e0 di carico massima di 120 kg.\" \/>\n<meta name=\"robots\" content=\"noindex, follow, max-snippet:-1, max-image-preview:large, max-video-preview:-1\" \/>\n<meta property=\"og:locale\" content=\"it_IT\" \/>\n<meta property=\"og:type\" content=\"article\" \/>\n<meta property=\"og:title\" content=\"Bastone Ossenberg bianco in metallo leggero con impugnatura morbida per non vedenti im Onlineshop | Gleichcom AG\" \/>\n<meta property=\"og:description\" content=\"\u2705 Bastone da passeggio bianco per non vedenti, in metallo leggero e resistente, con impugnatura morbida. Altezza regolabile (da 74 cm a 94 cm). Capacit\u00e0 di carico massima di 120 kg.\" \/>\n<meta property=\"og:url\" content=\"https:\/\/www.gleichcom.samuraidev.ch\/it\/shop\/weisser-blindenstock-aus-leichtmetall-ossenberg-softgriff\/\" \/>\n<meta property=\"og:site_name\" content=\"Gleichcom AG\" \/>\n<meta property=\"article:publisher\" content=\"https:\/\/www.facebook.com\/profile.php?id=100068749126981\" \/>\n<meta property=\"og:image\" content=\"https:\/\/www.gleichcom.samuraidev.ch\/wp-content\/uploads\/2023\/09\/691wsleichtmetallstockweisoftgriffmuffegkgelb_z1.jpg\" \/>\n\t<meta property=\"og:image:width\" content=\"91\" \/>\n\t<meta property=\"og:image:height\" content=\"500\" \/>\n\t<meta property=\"og:image:type\" content=\"image\/jpeg\" \/>\n<meta name=\"twitter:card\" content=\"summary_large_image\" \/>\n<script type=\"application\/ld+json\" class=\"yoast-schema-graph\">{\"@context\":\"https:\\\/\\\/schema.org\",\"@graph\":[{\"@type\":\"WebPage\",\"@id\":\"https:\\\/\\\/www.gleichcom.samuraidev.ch\\\/it\\\/shop\\\/weisser-blindenstock-aus-leichtmetall-ossenberg-softgriff\\\/\",\"url\":\"https:\\\/\\\/www.gleichcom.samuraidev.ch\\\/it\\\/shop\\\/weisser-blindenstock-aus-leichtmetall-ossenberg-softgriff\\\/\",\"name\":\"Bastone Ossenberg bianco in metallo leggero con impugnatura morbida per non vedenti im Onlineshop | Gleichcom AG\",\"isPartOf\":{\"@id\":\"https:\\\/\\\/www.gleichcom.samuraidev.ch\\\/it\\\/#website\"},\"primaryImageOfPage\":{\"@id\":\"https:\\\/\\\/www.gleichcom.samuraidev.ch\\\/it\\\/shop\\\/weisser-blindenstock-aus-leichtmetall-ossenberg-softgriff\\\/#primaryimage\"},\"image\":{\"@id\":\"https:\\\/\\\/www.gleichcom.samuraidev.ch\\\/it\\\/shop\\\/weisser-blindenstock-aus-leichtmetall-ossenberg-softgriff\\\/#primaryimage\"},\"thumbnailUrl\":\"https:\\\/\\\/www.gleichcom.samuraidev.ch\\\/wp-content\\\/uploads\\\/2023\\\/09\\\/691wsleichtmetallstockweisoftgriffmuffegkgelb_z1.jpg\",\"datePublished\":\"2018-12-29T21:27:53+00:00\",\"description\":\"\u2705 Bastone da passeggio bianco per non vedenti, in metallo leggero e resistente, con impugnatura morbida. Altezza regolabile (da 74 cm a 94 cm). Capacit\u00e0 di carico massima di 120 kg.\",\"breadcrumb\":{\"@id\":\"https:\\\/\\\/www.gleichcom.samuraidev.ch\\\/it\\\/shop\\\/weisser-blindenstock-aus-leichtmetall-ossenberg-softgriff\\\/#breadcrumb\"},\"inLanguage\":\"it-IT\",\"potentialAction\":[{\"@type\":\"ReadAction\",\"target\":[\"https:\\\/\\\/www.gleichcom.samuraidev.ch\\\/it\\\/shop\\\/weisser-blindenstock-aus-leichtmetall-ossenberg-softgriff\\\/\"]}]},{\"@type\":\"ImageObject\",\"inLanguage\":\"it-IT\",\"@id\":\"https:\\\/\\\/www.gleichcom.samuraidev.ch\\\/it\\\/shop\\\/weisser-blindenstock-aus-leichtmetall-ossenberg-softgriff\\\/#primaryimage\",\"url\":\"https:\\\/\\\/www.gleichcom.samuraidev.ch\\\/wp-content\\\/uploads\\\/2023\\\/09\\\/691wsleichtmetallstockweisoftgriffmuffegkgelb_z1.jpg\",\"contentUrl\":\"https:\\\/\\\/www.gleichcom.samuraidev.ch\\\/wp-content\\\/uploads\\\/2023\\\/09\\\/691wsleichtmetallstockweisoftgriffmuffegkgelb_z1.jpg\",\"width\":91,\"height\":500},{\"@type\":\"BreadcrumbList\",\"@id\":\"https:\\\/\\\/www.gleichcom.samuraidev.ch\\\/it\\\/shop\\\/weisser-blindenstock-aus-leichtmetall-ossenberg-softgriff\\\/#breadcrumb\",\"itemListElement\":[{\"@type\":\"ListItem\",\"position\":1,\"name\":\"Startseite\",\"item\":\"https:\\\/\\\/www.gleichcom.samuraidev.ch\\\/it\\\/\"},{\"@type\":\"ListItem\",\"position\":2,\"name\":\"Shop\",\"item\":\"https:\\\/\\\/www.gleichcom.samuraidev.ch\\\/it\\\/shop\\\/\"},{\"@type\":\"ListItem\",\"position\":3,\"name\":\"Bastone Ossenberg bianco in metallo leggero con impugnatura morbida per non vedenti\"}]},{\"@type\":\"WebSite\",\"@id\":\"https:\\\/\\\/www.gleichcom.samuraidev.ch\\\/it\\\/#website\",\"url\":\"https:\\\/\\\/www.gleichcom.samuraidev.ch\\\/it\\\/\",\"name\":\"Gleichcom AG\",\"description\":\"besser h\u00f6ren. besser sehen. besser leben.\",\"publisher\":{\"@id\":\"https:\\\/\\\/www.gleichcom.samuraidev.ch\\\/it\\\/#organization\"},\"alternateName\":\"Gleichcom\",\"potentialAction\":[{\"@type\":\"SearchAction\",\"target\":{\"@type\":\"EntryPoint\",\"urlTemplate\":\"https:\\\/\\\/www.gleichcom.samuraidev.ch\\\/it\\\/?s={search_term_string}\"},\"query-input\":{\"@type\":\"PropertyValueSpecification\",\"valueRequired\":true,\"valueName\":\"search_term_string\"}}],\"inLanguage\":\"it-IT\"},{\"@type\":\"Organization\",\"@id\":\"https:\\\/\\\/www.gleichcom.samuraidev.ch\\\/it\\\/#organization\",\"name\":\"Gleichcom AG\",\"alternateName\":\"Gleichcom\",\"url\":\"https:\\\/\\\/www.gleichcom.samuraidev.ch\\\/it\\\/\",\"logo\":{\"@type\":\"ImageObject\",\"inLanguage\":\"it-IT\",\"@id\":\"https:\\\/\\\/www.gleichcom.samuraidev.ch\\\/it\\\/#\\\/schema\\\/logo\\\/image\\\/\",\"url\":\"https:\\\/\\\/www.gleichcom.samuraidev.ch\\\/wp-content\\\/uploads\\\/2023\\\/09\\\/gleichcom-ag-logo-quadrat-farbig-mitte@696.png\",\"contentUrl\":\"https:\\\/\\\/www.gleichcom.samuraidev.ch\\\/wp-content\\\/uploads\\\/2023\\\/09\\\/gleichcom-ag-logo-quadrat-farbig-mitte@696.png\",\"width\":437,\"height\":437,\"caption\":\"Gleichcom AG\"},\"image\":{\"@id\":\"https:\\\/\\\/www.gleichcom.samuraidev.ch\\\/it\\\/#\\\/schema\\\/logo\\\/image\\\/\"},\"sameAs\":[\"https:\\\/\\\/www.facebook.com\\\/profile.php?id=100068749126981\"]}]}<\/script>\n<!-- \/ Yoast SEO plugin. -->","yoast_head_json":{"title":"Bastone Ossenberg bianco in metallo leggero con impugnatura morbida per non vedenti im Onlineshop | Gleichcom AG","description":"\u2705 Bastone da passeggio bianco per non vedenti, in metallo leggero e resistente, con impugnatura morbida. Altezza regolabile (da 74 cm a 94 cm). Capacit\u00e0 di carico massima di 120 kg.","robots":{"index":"noindex","follow":"follow","max-snippet":"max-snippet:-1","max-image-preview":"max-image-preview:large","max-video-preview":"max-video-preview:-1"},"og_locale":"it_IT","og_type":"article","og_title":"Bastone Ossenberg bianco in metallo leggero con impugnatura morbida per non vedenti im Onlineshop | Gleichcom AG","og_description":"\u2705 Bastone da passeggio bianco per non vedenti, in metallo leggero e resistente, con impugnatura morbida. Altezza regolabile (da 74 cm a 94 cm). Capacit\u00e0 di carico massima di 120 kg.","og_url":"https:\/\/www.gleichcom.samuraidev.ch\/it\/shop\/weisser-blindenstock-aus-leichtmetall-ossenberg-softgriff\/","og_site_name":"Gleichcom AG","article_publisher":"https:\/\/www.facebook.com\/profile.php?id=100068749126981","og_image":[{"width":91,"height":500,"url":"https:\/\/www.gleichcom.samuraidev.ch\/wp-content\/uploads\/2023\/09\/691wsleichtmetallstockweisoftgriffmuffegkgelb_z1.jpg","type":"image\/jpeg"}],"twitter_card":"summary_large_image","schema":{"@context":"https:\/\/schema.org","@graph":[{"@type":"WebPage","@id":"https:\/\/www.gleichcom.samuraidev.ch\/it\/shop\/weisser-blindenstock-aus-leichtmetall-ossenberg-softgriff\/","url":"https:\/\/www.gleichcom.samuraidev.ch\/it\/shop\/weisser-blindenstock-aus-leichtmetall-ossenberg-softgriff\/","name":"Bastone Ossenberg bianco in metallo leggero con impugnatura morbida per non vedenti im Onlineshop | Gleichcom AG","isPartOf":{"@id":"https:\/\/www.gleichcom.samuraidev.ch\/it\/#website"},"primaryImageOfPage":{"@id":"https:\/\/www.gleichcom.samuraidev.ch\/it\/shop\/weisser-blindenstock-aus-leichtmetall-ossenberg-softgriff\/#primaryimage"},"image":{"@id":"https:\/\/www.gleichcom.samuraidev.ch\/it\/shop\/weisser-blindenstock-aus-leichtmetall-ossenberg-softgriff\/#primaryimage"},"thumbnailUrl":"https:\/\/www.gleichcom.samuraidev.ch\/wp-content\/uploads\/2023\/09\/691wsleichtmetallstockweisoftgriffmuffegkgelb_z1.jpg","datePublished":"2018-12-29T21:27:53+00:00","description":"\u2705 Bastone da passeggio bianco per non vedenti, in metallo leggero e resistente, con impugnatura morbida. Altezza regolabile (da 74 cm a 94 cm). Capacit\u00e0 di carico massima di 120 kg.","breadcrumb":{"@id":"https:\/\/www.gleichcom.samuraidev.ch\/it\/shop\/weisser-blindenstock-aus-leichtmetall-ossenberg-softgriff\/#breadcrumb"},"inLanguage":"it-IT","potentialAction":[{"@type":"ReadAction","target":["https:\/\/www.gleichcom.samuraidev.ch\/it\/shop\/weisser-blindenstock-aus-leichtmetall-ossenberg-softgriff\/"]}]},{"@type":"ImageObject","inLanguage":"it-IT","@id":"https:\/\/www.gleichcom.samuraidev.ch\/it\/shop\/weisser-blindenstock-aus-leichtmetall-ossenberg-softgriff\/#primaryimage","url":"https:\/\/www.gleichcom.samuraidev.ch\/wp-content\/uploads\/2023\/09\/691wsleichtmetallstockweisoftgriffmuffegkgelb_z1.jpg","contentUrl":"https:\/\/www.gleichcom.samuraidev.ch\/wp-content\/uploads\/2023\/09\/691wsleichtmetallstockweisoftgriffmuffegkgelb_z1.jpg","width":91,"height":500},{"@type":"BreadcrumbList","@id":"https:\/\/www.gleichcom.samuraidev.ch\/it\/shop\/weisser-blindenstock-aus-leichtmetall-ossenberg-softgriff\/#breadcrumb","itemListElement":[{"@type":"ListItem","position":1,"name":"Startseite","item":"https:\/\/www.gleichcom.samuraidev.ch\/it\/"},{"@type":"ListItem","position":2,"name":"Shop","item":"https:\/\/www.gleichcom.samuraidev.ch\/it\/shop\/"},{"@type":"ListItem","position":3,"name":"Bastone Ossenberg bianco in metallo leggero con impugnatura morbida per non vedenti"}]},{"@type":"WebSite","@id":"https:\/\/www.gleichcom.samuraidev.ch\/it\/#website","url":"https:\/\/www.gleichcom.samuraidev.ch\/it\/","name":"Gleichcom AG","description":"besser h\u00f6ren. besser sehen. besser leben.","publisher":{"@id":"https:\/\/www.gleichcom.samuraidev.ch\/it\/#organization"},"alternateName":"Gleichcom","potentialAction":[{"@type":"SearchAction","target":{"@type":"EntryPoint","urlTemplate":"https:\/\/www.gleichcom.samuraidev.ch\/it\/?s={search_term_string}"},"query-input":{"@type":"PropertyValueSpecification","valueRequired":true,"valueName":"search_term_string"}}],"inLanguage":"it-IT"},{"@type":"Organization","@id":"https:\/\/www.gleichcom.samuraidev.ch\/it\/#organization","name":"Gleichcom AG","alternateName":"Gleichcom","url":"https:\/\/www.gleichcom.samuraidev.ch\/it\/","logo":{"@type":"ImageObject","inLanguage":"it-IT","@id":"https:\/\/www.gleichcom.samuraidev.ch\/it\/#\/schema\/logo\/image\/","url":"https:\/\/www.gleichcom.samuraidev.ch\/wp-content\/uploads\/2023\/09\/gleichcom-ag-logo-quadrat-farbig-mitte@696.png","contentUrl":"https:\/\/www.gleichcom.samuraidev.ch\/wp-content\/uploads\/2023\/09\/gleichcom-ag-logo-quadrat-farbig-mitte@696.png","width":437,"height":437,"caption":"Gleichcom AG"},"image":{"@id":"https:\/\/www.gleichcom.samuraidev.ch\/it\/#\/schema\/logo\/image\/"},"sameAs":["https:\/\/www.facebook.com\/profile.php?id=100068749126981"]}]}},"uagb_featured_image_src":{"full":["https:\/\/www.gleichcom.samuraidev.ch\/wp-content\/uploads\/2023\/09\/691wsleichtmetallstockweisoftgriffmuffegkgelb_z1.jpg",91,500,false],"thumbnail":["https:\/\/www.gleichcom.samuraidev.ch\/wp-content\/uploads\/2023\/09\/691wsleichtmetallstockweisoftgriffmuffegkgelb_z1.jpg",27,150,false],"medium":["https:\/\/www.gleichcom.samuraidev.ch\/wp-content\/uploads\/2023\/09\/691wsleichtmetallstockweisoftgriffmuffegkgelb_z1.jpg",55,300,false],"medium_large":["https:\/\/www.gleichcom.samuraidev.ch\/wp-content\/uploads\/2023\/09\/691wsleichtmetallstockweisoftgriffmuffegkgelb_z1.jpg",91,500,false],"large":["https:\/\/www.gleichcom.samuraidev.ch\/wp-content\/uploads\/2023\/09\/691wsleichtmetallstockweisoftgriffmuffegkgelb_z1.jpg",91,500,false],"1536x1536":["https:\/\/www.gleichcom.samuraidev.ch\/wp-content\/uploads\/2023\/09\/691wsleichtmetallstockweisoftgriffmuffegkgelb_z1.jpg",91,500,false],"2048x2048":["https:\/\/www.gleichcom.samuraidev.ch\/wp-content\/uploads\/2023\/09\/691wsleichtmetallstockweisoftgriffmuffegkgelb_z1.jpg",91,500,false],"woocommerce_thumbnail":["https:\/\/www.gleichcom.samuraidev.ch\/wp-content\/uploads\/2023\/09\/691wsleichtmetallstockweisoftgriffmuffegkgelb_z1.jpg",91,500,false],"woocommerce_single":["https:\/\/www.gleichcom.samuraidev.ch\/wp-content\/uploads\/2023\/09\/691wsleichtmetallstockweisoftgriffmuffegkgelb_z1.jpg",91,500,false],"woocommerce_gallery_thumbnail":["https:\/\/www.gleichcom.samuraidev.ch\/wp-content\/uploads\/2023\/09\/691wsleichtmetallstockweisoftgriffmuffegkgelb_z1.jpg",18,100,false]},"uagb_author_info":{"display_name":"","author_link":"https:\/\/www.gleichcom.samuraidev.ch\/it\/author\/"},"uagb_comment_info":0,"uagb_excerpt":"Bastone da passeggio bianco per non vedenti, in metallo leggero e resistente, con impugnatura morbida. Altezza regolabile (da 74 cm a 94 cm). Capacit\u00e0 di carico massima di 120 kg.","_links":{"self":[{"href":"https:\/\/www.gleichcom.samuraidev.ch\/it\/wp-json\/wp\/v2\/product\/10099","targetHints":{"allow":["GET"]}}],"collection":[{"href":"https:\/\/www.gleichcom.samuraidev.ch\/it\/wp-json\/wp\/v2\/product"}],"about":[{"href":"https:\/\/www.gleichcom.samuraidev.ch\/it\/wp-json\/wp\/v2\/types\/product"}],"wp:featuredmedia":[{"embeddable":true,"href":"https:\/\/www.gleichcom.samuraidev.ch\/it\/wp-json\/wp\/v2\/media\/10097"}],"wp:attachment":[{"href":"https:\/\/www.gleichcom.samuraidev.ch\/it\/wp-json\/wp\/v2\/media?parent=10099"}],"wp:term":[{"taxonomy":"product_brand","embeddable":true,"href":"https:\/\/www.gleichcom.samuraidev.ch\/it\/wp-json\/wp\/v2\/product_brand?post=10099"},{"taxonomy":"product_cat","embeddable":true,"href":"https:\/\/www.gleichcom.samuraidev.ch\/it\/wp-json\/wp\/v2\/product_cat?post=10099"},{"taxonomy":"product_tag","embeddable":true,"href":"https:\/\/www.gleichcom.samuraidev.ch\/it\/wp-json\/wp\/v2\/product_tag?post=10099"}],"curies":[{"name":"wp","href":"https:\/\/api.w.org\/{rel}","templated":true}]}}