{"id":10100,"date":"2018-12-29T22:30:53","date_gmt":"2018-12-29T22:30:53","guid":{"rendered":"https:\/\/www.gleichcom.samuraidev.ch\/?product=faltbarer-blindenstock-in-weiss-aus-leichtmetall-ossenberg-gehstock-derbygriff"},"modified":"2023-11-15T08:41:35","modified_gmt":"2023-11-15T07:41:35","slug":"faltbarer-blindenstock-in-weiss-aus-leichtmetall-ossenberg-gehstock-derbygriff","status":"publish","type":"product","link":"https:\/\/www.gleichcom.samuraidev.ch\/it\/shop\/faltbarer-blindenstock-in-weiss-aus-leichtmetall-ossenberg-gehstock-derbygriff\/","title":{"rendered":"Faltbarer Blindenstock in Weiss aus Leichtmetall Ossenberg Gehstock Derbygriff"},"content":{"rendered":"<div>\n\t<strong><span style=\"font-size:16px;\">Faltbarer Blindenstock in Wei\u00df aus Leichtmetall Ossenberg Gehstock Derbygriff<\/span><\/strong><br \/>\n\t\u00a0<br \/>\n\t<strong>Optimale Sichtbarkeit und perfekter Halt<\/strong><br \/>\n\tOb beim Einkaufen, beim Spaziergang oder in Ihrer Wohnung: Mit diesem Gehstock aus strapazierf\u00e4higem Leichtmetall bewegen Sie sich sicher im Alltag. Die am Stockende angebrachte Gummikapsel ist rutschfest und sorgt f\u00fcr perfekten Halt. Dank seiner leuchtend wei\u00dfen Farbe besitzt der Stock eine optische Signalwirkung, durch die Sie auch bei schlechten Lichtverh\u00e4ltnissen gut gesehen werden. Gerade das ist f\u00fcr blinde Menschen sehr wichtig. F\u00fcr noch bessere Sichtbarkeit kann der Stock optional mit reflektierender Klebe-Folie in Silber oder gelb aufger\u00fcstet werden. Einfach dazu bestellen!<br \/>\n\t\u00a0<br \/>\n\t<strong>Mit 3-facher Faltfunktion<\/strong>\u00a0<br \/>\n\tDer Blinden-Gehstock l\u00e4sst sich dank der dreifachen Faltfunktion mit Gummizug platzsparend zusammenklappen. Dadurch k\u00f6nnen Sie den Gehstock jederzeit optimal verstauen.<br \/>\n\t\u00a0<br \/>\n\t<strong>Praktischer Derby-Softgriff<\/strong>\u00a0<br \/>\n\tDurch die speziell geschwungene Form sieht der Derbygriff nicht nur besonders elegant aus, sondern kann auch perfekt gehalten werden. So haben Sie mehr Stabilit\u00e4t und Ihren Gehstock sicher im Griff. Gleichzeitig ist der Griff besonders weich und eignet sich sowohl f\u00fcr Links- als auch f\u00fcr Rechtsh\u00e4nder.<br \/>\n\t\u00a0<br \/>\n\t<strong>H\u00f6henverstellbar durch Druckknopf<\/strong>\u00a0<br \/>\n\tUm den Gehstock optimal Ihren Bed\u00fcrfnissen anpassen zu k\u00f6nnen, l\u00e4sst sich die H\u00f6he des Stocks mithilfe eines Druckknopfs ganz einfach verstellen (max. 86 cm bis 96 cm).<br \/>\n\t\u00a0<br \/>\n\t<strong>F\u00fcr rechts und links geeignet<\/strong>\u00a0<br \/>\n\tAufgrund seiner Beschaffenheit ist der Gehstock f\u00fcr Links- und Rechtsh\u00e4nder geeignet und kann mit bis zu 100 kg belastet werden.<br \/>\n\t\u00a0<br \/>\n\t<strong>Auf einen Blick<\/strong>\n<\/div>\n<ul>\n<li>\n<div>\n\t\t3-fach faltbarer Blinden-Gehstock aus Leichtmetall (ca. 29cm)\n\t<\/div>\n<\/li>\n<li>\n<div>\n\t\tWei\u00dfe Farbe sorgt f\u00fcr eine optimale Signalwirkung\n\t<\/div>\n<\/li>\n<li>\n<div>\n\t\tPraktischer Derby-Softgriff\n\t<\/div>\n<\/li>\n<li>\n<div>\n\t\tAngenehm weiche und griffige Oberfl\u00e4che\n\t<\/div>\n<\/li>\n<li>\n<div>\n\t\tH\u00f6henverstellbar: Max. 86 cm bis 96 cm\n\t<\/div>\n<\/li>\n<li>\n<div>\n\t\tAbschluss mit Gummi-Kapsel f\u00fcr sicheren Halt\n\t<\/div>\n<\/li>\n<li>\n<div>\n\t\tGriff ist f\u00fcr Rechts- und Linksh\u00e4nder geeignet\n\t<\/div>\n<\/li>\n<li>\n<div>\n\t\tMax. Belastbarkeit: 100 kg\n\t<\/div>\n<\/li>\n<li>\n<div>\n\t\tGewicht: 390 g\n\t<\/div>\n<\/li>\n<\/ul>\n<div>\n\t<strong>Lieferumfang<\/strong>\n<\/div>\n<ul>\n<li>\n<div>\n\t\t1 x Wei\u00dfer Blinden-Gehstock mit Derby-Softgriff\n\t<\/div>\n<\/li>\n<li>\n<div>\n\t\t1 x Durchsichtige Transporttasche\n\t<\/div>\n<\/li>\n<\/ul>\n","protected":false},"excerpt":{"rendered":"<p>\tWei\u00dfer Blinden-Gehstock aus Leichtmetall mit Derby-Softgriff und 3-teiliger Faltfunktion. H\u00f6henverstellbar (max. 86 cm bis 96 cm).<\/p>\n","protected":false},"featured_media":10101,"template":"","meta":{"inline_featured_image":false,"_uag_custom_page_level_css":"","site-sidebar-layout":"default","site-content-layout":"","ast-site-content-layout":"default","site-content-style":"default","site-sidebar-style":"default","ast-global-header-display":"","ast-banner-title-visibility":"","ast-main-header-display":"","ast-hfb-above-header-display":"","ast-hfb-below-header-display":"","ast-hfb-mobile-header-display":"","site-post-title":"","ast-breadcrumbs-content":"","ast-featured-img":"","footer-sml-layout":"","ast-disable-related-posts":"","theme-transparent-header-meta":"","adv-header-id-meta":"","stick-header-meta":"","header-above-stick-meta":"","header-main-stick-meta":"","header-below-stick-meta":"","astra-migrate-meta-layouts":"default","ast-page-background-enabled":"default","ast-page-background-meta":{"desktop":{"background-color":"","background-image":"","background-repeat":"repeat","background-position":"center center","background-size":"auto","background-attachment":"scroll","background-type":"","background-media":"","overlay-type":"","overlay-color":"","overlay-opacity":"","overlay-gradient":""},"tablet":{"background-color":"","background-image":"","background-repeat":"repeat","background-position":"center center","background-size":"auto","background-attachment":"scroll","background-type":"","background-media":"","overlay-type":"","overlay-color":"","overlay-opacity":"","overlay-gradient":""},"mobile":{"background-color":"","background-image":"","background-repeat":"repeat","background-position":"center center","background-size":"auto","background-attachment":"scroll","background-type":"","background-media":"","overlay-type":"","overlay-color":"","overlay-opacity":"","overlay-gradient":""}},"ast-content-background-meta":{"desktop":{"background-color":"var(--ast-global-color-5)","background-image":"","background-repeat":"repeat","background-position":"center center","background-size":"auto","background-attachment":"scroll","background-type":"","background-media":"","overlay-type":"","overlay-color":"","overlay-opacity":"","overlay-gradient":""},"tablet":{"background-color":"var(--ast-global-color-5)","background-image":"","background-repeat":"repeat","background-position":"center center","background-size":"auto","background-attachment":"scroll","background-type":"","background-media":"","overlay-type":"","overlay-color":"","overlay-opacity":"","overlay-gradient":""},"mobile":{"background-color":"var(--ast-global-color-5)","background-image":"","background-repeat":"repeat","background-position":"center center","background-size":"auto","background-attachment":"scroll","background-type":"","background-media":"","overlay-type":"","overlay-color":"","overlay-opacity":"","overlay-gradient":""}}},"product_brand":[],"product_cat":[2856],"product_tag":[],"class_list":{"0":"post-10100","1":"product","2":"type-product","3":"status-publish","4":"has-post-thumbnail","6":"product_cat-blindenstock","7":"desktop-align-center","8":"tablet-align-center","9":"mobile-align-center","10":"ast-product-gallery-layout-horizontal-slider","11":"ast-product-gallery-with-no-image","12":"ast-product-tabs-layout-accordion","14":"first","15":"instock","16":"taxable","17":"shipping-taxable","18":"purchasable","19":"product-type-simple"},"yoast_head":"<!-- This site is optimized with the Yoast SEO plugin v27.6 - https:\/\/yoast.com\/product\/yoast-seo-wordpress\/ -->\n<title>Faltbarer Blindenstock in Weiss aus Leichtmetall Ossenberg Gehstock Derbygriff im Onlineshop | Gleichcom AG<\/title>\n<meta name=\"description\" content=\"\u2705 Wei\u00dfer Blinden-Gehstock aus Leichtmetall mit Derby-Softgriff und 3-teiliger Faltfunktion. H\u00f6henverstellbar (max. 86 cm bis 96 cm).\" \/>\n<meta name=\"robots\" content=\"noindex, follow, max-snippet:-1, max-image-preview:large, max-video-preview:-1\" \/>\n<meta property=\"og:locale\" content=\"it_IT\" \/>\n<meta property=\"og:type\" content=\"article\" \/>\n<meta property=\"og:title\" content=\"Faltbarer Blindenstock in Weiss aus Leichtmetall Ossenberg Gehstock Derbygriff im Onlineshop | Gleichcom AG\" \/>\n<meta property=\"og:description\" content=\"\u2705 Wei\u00dfer Blinden-Gehstock aus Leichtmetall mit Derby-Softgriff und 3-teiliger Faltfunktion. H\u00f6henverstellbar (max. 86 cm bis 96 cm).\" \/>\n<meta property=\"og:url\" content=\"https:\/\/www.gleichcom.samuraidev.ch\/it\/shop\/faltbarer-blindenstock-in-weiss-aus-leichtmetall-ossenberg-gehstock-derbygriff\/\" \/>\n<meta property=\"og:site_name\" content=\"Gleichcom AG\" \/>\n<meta property=\"article:publisher\" content=\"https:\/\/www.facebook.com\/profile.php?id=100068749126981\" \/>\n<meta property=\"article:modified_time\" content=\"2023-11-15T07:41:35+00:00\" \/>\n<meta property=\"og:image\" content=\"https:\/\/www.gleichcom.samuraidev.ch\/wp-content\/uploads\/2023\/09\/674wdsfaltb.reisestockweiderbysoftgriff_z1.jpg\" \/>\n\t<meta property=\"og:image:width\" content=\"92\" \/>\n\t<meta property=\"og:image:height\" content=\"500\" \/>\n\t<meta property=\"og:image:type\" content=\"image\/jpeg\" \/>\n<meta name=\"twitter:card\" content=\"summary_large_image\" \/>\n<script type=\"application\/ld+json\" class=\"yoast-schema-graph\">{\"@context\":\"https:\\\/\\\/schema.org\",\"@graph\":[{\"@type\":\"WebPage\",\"@id\":\"https:\\\/\\\/www.gleichcom.samuraidev.ch\\\/it\\\/shop\\\/faltbarer-blindenstock-in-weiss-aus-leichtmetall-ossenberg-gehstock-derbygriff\\\/\",\"url\":\"https:\\\/\\\/www.gleichcom.samuraidev.ch\\\/it\\\/shop\\\/faltbarer-blindenstock-in-weiss-aus-leichtmetall-ossenberg-gehstock-derbygriff\\\/\",\"name\":\"Faltbarer Blindenstock in Weiss aus Leichtmetall Ossenberg Gehstock Derbygriff im Onlineshop | Gleichcom AG\",\"isPartOf\":{\"@id\":\"https:\\\/\\\/www.gleichcom.samuraidev.ch\\\/it\\\/#website\"},\"primaryImageOfPage\":{\"@id\":\"https:\\\/\\\/www.gleichcom.samuraidev.ch\\\/it\\\/shop\\\/faltbarer-blindenstock-in-weiss-aus-leichtmetall-ossenberg-gehstock-derbygriff\\\/#primaryimage\"},\"image\":{\"@id\":\"https:\\\/\\\/www.gleichcom.samuraidev.ch\\\/it\\\/shop\\\/faltbarer-blindenstock-in-weiss-aus-leichtmetall-ossenberg-gehstock-derbygriff\\\/#primaryimage\"},\"thumbnailUrl\":\"https:\\\/\\\/www.gleichcom.samuraidev.ch\\\/wp-content\\\/uploads\\\/2023\\\/09\\\/674wdsfaltb.reisestockweiderbysoftgriff_z1.jpg\",\"datePublished\":\"2018-12-29T22:30:53+00:00\",\"dateModified\":\"2023-11-15T07:41:35+00:00\",\"description\":\"\u2705 Wei\u00dfer Blinden-Gehstock aus Leichtmetall mit Derby-Softgriff und 3-teiliger Faltfunktion. H\u00f6henverstellbar (max. 86 cm bis 96 cm).\",\"breadcrumb\":{\"@id\":\"https:\\\/\\\/www.gleichcom.samuraidev.ch\\\/it\\\/shop\\\/faltbarer-blindenstock-in-weiss-aus-leichtmetall-ossenberg-gehstock-derbygriff\\\/#breadcrumb\"},\"inLanguage\":\"it-IT\",\"potentialAction\":[{\"@type\":\"ReadAction\",\"target\":[\"https:\\\/\\\/www.gleichcom.samuraidev.ch\\\/it\\\/shop\\\/faltbarer-blindenstock-in-weiss-aus-leichtmetall-ossenberg-gehstock-derbygriff\\\/\"]}]},{\"@type\":\"ImageObject\",\"inLanguage\":\"it-IT\",\"@id\":\"https:\\\/\\\/www.gleichcom.samuraidev.ch\\\/it\\\/shop\\\/faltbarer-blindenstock-in-weiss-aus-leichtmetall-ossenberg-gehstock-derbygriff\\\/#primaryimage\",\"url\":\"https:\\\/\\\/www.gleichcom.samuraidev.ch\\\/wp-content\\\/uploads\\\/2023\\\/09\\\/674wdsfaltb.reisestockweiderbysoftgriff_z1.jpg\",\"contentUrl\":\"https:\\\/\\\/www.gleichcom.samuraidev.ch\\\/wp-content\\\/uploads\\\/2023\\\/09\\\/674wdsfaltb.reisestockweiderbysoftgriff_z1.jpg\",\"width\":92,\"height\":500,\"caption\":\"Faltbarer Blindenstock in Wei\u00df aus Leichtmetall Ossenberg Gehstock Derbygriff - Gleichcom AG - - Onlineshop besser h\u00f6ren. besser sehen. besser leben. - H\u00fcnenberg\"},{\"@type\":\"BreadcrumbList\",\"@id\":\"https:\\\/\\\/www.gleichcom.samuraidev.ch\\\/it\\\/shop\\\/faltbarer-blindenstock-in-weiss-aus-leichtmetall-ossenberg-gehstock-derbygriff\\\/#breadcrumb\",\"itemListElement\":[{\"@type\":\"ListItem\",\"position\":1,\"name\":\"Startseite\",\"item\":\"https:\\\/\\\/www.gleichcom.samuraidev.ch\\\/it\\\/\"},{\"@type\":\"ListItem\",\"position\":2,\"name\":\"Shop\",\"item\":\"https:\\\/\\\/www.gleichcom.samuraidev.ch\\\/it\\\/shop\\\/\"},{\"@type\":\"ListItem\",\"position\":3,\"name\":\"Faltbarer Blindenstock in Weiss aus Leichtmetall Ossenberg Gehstock Derbygriff\"}]},{\"@type\":\"WebSite\",\"@id\":\"https:\\\/\\\/www.gleichcom.samuraidev.ch\\\/it\\\/#website\",\"url\":\"https:\\\/\\\/www.gleichcom.samuraidev.ch\\\/it\\\/\",\"name\":\"Gleichcom AG\",\"description\":\"besser h\u00f6ren. besser sehen. besser leben.\",\"publisher\":{\"@id\":\"https:\\\/\\\/www.gleichcom.samuraidev.ch\\\/it\\\/#organization\"},\"alternateName\":\"Gleichcom\",\"potentialAction\":[{\"@type\":\"SearchAction\",\"target\":{\"@type\":\"EntryPoint\",\"urlTemplate\":\"https:\\\/\\\/www.gleichcom.samuraidev.ch\\\/it\\\/?s={search_term_string}\"},\"query-input\":{\"@type\":\"PropertyValueSpecification\",\"valueRequired\":true,\"valueName\":\"search_term_string\"}}],\"inLanguage\":\"it-IT\"},{\"@type\":\"Organization\",\"@id\":\"https:\\\/\\\/www.gleichcom.samuraidev.ch\\\/it\\\/#organization\",\"name\":\"Gleichcom AG\",\"alternateName\":\"Gleichcom\",\"url\":\"https:\\\/\\\/www.gleichcom.samuraidev.ch\\\/it\\\/\",\"logo\":{\"@type\":\"ImageObject\",\"inLanguage\":\"it-IT\",\"@id\":\"https:\\\/\\\/www.gleichcom.samuraidev.ch\\\/it\\\/#\\\/schema\\\/logo\\\/image\\\/\",\"url\":\"https:\\\/\\\/www.gleichcom.samuraidev.ch\\\/wp-content\\\/uploads\\\/2023\\\/09\\\/gleichcom-ag-logo-quadrat-farbig-mitte@696.png\",\"contentUrl\":\"https:\\\/\\\/www.gleichcom.samuraidev.ch\\\/wp-content\\\/uploads\\\/2023\\\/09\\\/gleichcom-ag-logo-quadrat-farbig-mitte@696.png\",\"width\":437,\"height\":437,\"caption\":\"Gleichcom AG\"},\"image\":{\"@id\":\"https:\\\/\\\/www.gleichcom.samuraidev.ch\\\/it\\\/#\\\/schema\\\/logo\\\/image\\\/\"},\"sameAs\":[\"https:\\\/\\\/www.facebook.com\\\/profile.php?id=100068749126981\"]}]}<\/script>\n<!-- \/ Yoast SEO plugin. -->","yoast_head_json":{"title":"Faltbarer Blindenstock in Weiss aus Leichtmetall Ossenberg Gehstock Derbygriff im Onlineshop | Gleichcom AG","description":"\u2705 Wei\u00dfer Blinden-Gehstock aus Leichtmetall mit Derby-Softgriff und 3-teiliger Faltfunktion. H\u00f6henverstellbar (max. 86 cm bis 96 cm).","robots":{"index":"noindex","follow":"follow","max-snippet":"max-snippet:-1","max-image-preview":"max-image-preview:large","max-video-preview":"max-video-preview:-1"},"og_locale":"it_IT","og_type":"article","og_title":"Faltbarer Blindenstock in Weiss aus Leichtmetall Ossenberg Gehstock Derbygriff im Onlineshop | Gleichcom AG","og_description":"\u2705 Wei\u00dfer Blinden-Gehstock aus Leichtmetall mit Derby-Softgriff und 3-teiliger Faltfunktion. H\u00f6henverstellbar (max. 86 cm bis 96 cm).","og_url":"https:\/\/www.gleichcom.samuraidev.ch\/it\/shop\/faltbarer-blindenstock-in-weiss-aus-leichtmetall-ossenberg-gehstock-derbygriff\/","og_site_name":"Gleichcom AG","article_publisher":"https:\/\/www.facebook.com\/profile.php?id=100068749126981","article_modified_time":"2023-11-15T07:41:35+00:00","og_image":[{"width":92,"height":500,"url":"https:\/\/www.gleichcom.samuraidev.ch\/wp-content\/uploads\/2023\/09\/674wdsfaltb.reisestockweiderbysoftgriff_z1.jpg","type":"image\/jpeg"}],"twitter_card":"summary_large_image","schema":{"@context":"https:\/\/schema.org","@graph":[{"@type":"WebPage","@id":"https:\/\/www.gleichcom.samuraidev.ch\/it\/shop\/faltbarer-blindenstock-in-weiss-aus-leichtmetall-ossenberg-gehstock-derbygriff\/","url":"https:\/\/www.gleichcom.samuraidev.ch\/it\/shop\/faltbarer-blindenstock-in-weiss-aus-leichtmetall-ossenberg-gehstock-derbygriff\/","name":"Faltbarer Blindenstock in Weiss aus Leichtmetall Ossenberg Gehstock Derbygriff im Onlineshop | Gleichcom AG","isPartOf":{"@id":"https:\/\/www.gleichcom.samuraidev.ch\/it\/#website"},"primaryImageOfPage":{"@id":"https:\/\/www.gleichcom.samuraidev.ch\/it\/shop\/faltbarer-blindenstock-in-weiss-aus-leichtmetall-ossenberg-gehstock-derbygriff\/#primaryimage"},"image":{"@id":"https:\/\/www.gleichcom.samuraidev.ch\/it\/shop\/faltbarer-blindenstock-in-weiss-aus-leichtmetall-ossenberg-gehstock-derbygriff\/#primaryimage"},"thumbnailUrl":"https:\/\/www.gleichcom.samuraidev.ch\/wp-content\/uploads\/2023\/09\/674wdsfaltb.reisestockweiderbysoftgriff_z1.jpg","datePublished":"2018-12-29T22:30:53+00:00","dateModified":"2023-11-15T07:41:35+00:00","description":"\u2705 Wei\u00dfer Blinden-Gehstock aus Leichtmetall mit Derby-Softgriff und 3-teiliger Faltfunktion. H\u00f6henverstellbar (max. 86 cm bis 96 cm).","breadcrumb":{"@id":"https:\/\/www.gleichcom.samuraidev.ch\/it\/shop\/faltbarer-blindenstock-in-weiss-aus-leichtmetall-ossenberg-gehstock-derbygriff\/#breadcrumb"},"inLanguage":"it-IT","potentialAction":[{"@type":"ReadAction","target":["https:\/\/www.gleichcom.samuraidev.ch\/it\/shop\/faltbarer-blindenstock-in-weiss-aus-leichtmetall-ossenberg-gehstock-derbygriff\/"]}]},{"@type":"ImageObject","inLanguage":"it-IT","@id":"https:\/\/www.gleichcom.samuraidev.ch\/it\/shop\/faltbarer-blindenstock-in-weiss-aus-leichtmetall-ossenberg-gehstock-derbygriff\/#primaryimage","url":"https:\/\/www.gleichcom.samuraidev.ch\/wp-content\/uploads\/2023\/09\/674wdsfaltb.reisestockweiderbysoftgriff_z1.jpg","contentUrl":"https:\/\/www.gleichcom.samuraidev.ch\/wp-content\/uploads\/2023\/09\/674wdsfaltb.reisestockweiderbysoftgriff_z1.jpg","width":92,"height":500,"caption":"Faltbarer Blindenstock in Wei\u00df aus Leichtmetall Ossenberg Gehstock Derbygriff - Gleichcom AG - - Onlineshop besser h\u00f6ren. besser sehen. besser leben. - H\u00fcnenberg"},{"@type":"BreadcrumbList","@id":"https:\/\/www.gleichcom.samuraidev.ch\/it\/shop\/faltbarer-blindenstock-in-weiss-aus-leichtmetall-ossenberg-gehstock-derbygriff\/#breadcrumb","itemListElement":[{"@type":"ListItem","position":1,"name":"Startseite","item":"https:\/\/www.gleichcom.samuraidev.ch\/it\/"},{"@type":"ListItem","position":2,"name":"Shop","item":"https:\/\/www.gleichcom.samuraidev.ch\/it\/shop\/"},{"@type":"ListItem","position":3,"name":"Faltbarer Blindenstock in Weiss aus Leichtmetall Ossenberg Gehstock Derbygriff"}]},{"@type":"WebSite","@id":"https:\/\/www.gleichcom.samuraidev.ch\/it\/#website","url":"https:\/\/www.gleichcom.samuraidev.ch\/it\/","name":"Gleichcom AG","description":"besser h\u00f6ren. besser sehen. besser leben.","publisher":{"@id":"https:\/\/www.gleichcom.samuraidev.ch\/it\/#organization"},"alternateName":"Gleichcom","potentialAction":[{"@type":"SearchAction","target":{"@type":"EntryPoint","urlTemplate":"https:\/\/www.gleichcom.samuraidev.ch\/it\/?s={search_term_string}"},"query-input":{"@type":"PropertyValueSpecification","valueRequired":true,"valueName":"search_term_string"}}],"inLanguage":"it-IT"},{"@type":"Organization","@id":"https:\/\/www.gleichcom.samuraidev.ch\/it\/#organization","name":"Gleichcom AG","alternateName":"Gleichcom","url":"https:\/\/www.gleichcom.samuraidev.ch\/it\/","logo":{"@type":"ImageObject","inLanguage":"it-IT","@id":"https:\/\/www.gleichcom.samuraidev.ch\/it\/#\/schema\/logo\/image\/","url":"https:\/\/www.gleichcom.samuraidev.ch\/wp-content\/uploads\/2023\/09\/gleichcom-ag-logo-quadrat-farbig-mitte@696.png","contentUrl":"https:\/\/www.gleichcom.samuraidev.ch\/wp-content\/uploads\/2023\/09\/gleichcom-ag-logo-quadrat-farbig-mitte@696.png","width":437,"height":437,"caption":"Gleichcom AG"},"image":{"@id":"https:\/\/www.gleichcom.samuraidev.ch\/it\/#\/schema\/logo\/image\/"},"sameAs":["https:\/\/www.facebook.com\/profile.php?id=100068749126981"]}]}},"uagb_featured_image_src":{"full":["https:\/\/www.gleichcom.samuraidev.ch\/wp-content\/uploads\/2023\/09\/674wdsfaltb.reisestockweiderbysoftgriff_z1.jpg",92,500,false],"thumbnail":["https:\/\/www.gleichcom.samuraidev.ch\/wp-content\/uploads\/2023\/09\/674wdsfaltb.reisestockweiderbysoftgriff_z1.jpg",28,150,false],"medium":["https:\/\/www.gleichcom.samuraidev.ch\/wp-content\/uploads\/2023\/09\/674wdsfaltb.reisestockweiderbysoftgriff_z1.jpg",55,300,false],"medium_large":["https:\/\/www.gleichcom.samuraidev.ch\/wp-content\/uploads\/2023\/09\/674wdsfaltb.reisestockweiderbysoftgriff_z1.jpg",92,500,false],"large":["https:\/\/www.gleichcom.samuraidev.ch\/wp-content\/uploads\/2023\/09\/674wdsfaltb.reisestockweiderbysoftgriff_z1.jpg",92,500,false],"1536x1536":["https:\/\/www.gleichcom.samuraidev.ch\/wp-content\/uploads\/2023\/09\/674wdsfaltb.reisestockweiderbysoftgriff_z1.jpg",92,500,false],"2048x2048":["https:\/\/www.gleichcom.samuraidev.ch\/wp-content\/uploads\/2023\/09\/674wdsfaltb.reisestockweiderbysoftgriff_z1.jpg",92,500,false],"woocommerce_thumbnail":["https:\/\/www.gleichcom.samuraidev.ch\/wp-content\/uploads\/2023\/09\/674wdsfaltb.reisestockweiderbysoftgriff_z1.jpg",92,500,false],"woocommerce_single":["https:\/\/www.gleichcom.samuraidev.ch\/wp-content\/uploads\/2023\/09\/674wdsfaltb.reisestockweiderbysoftgriff_z1.jpg",92,500,false],"woocommerce_gallery_thumbnail":["https:\/\/www.gleichcom.samuraidev.ch\/wp-content\/uploads\/2023\/09\/674wdsfaltb.reisestockweiderbysoftgriff_z1.jpg",18,100,false]},"uagb_author_info":{"display_name":"","author_link":"https:\/\/www.gleichcom.samuraidev.ch\/it\/author\/"},"uagb_comment_info":0,"uagb_excerpt":"Wei\u00dfer Blinden-Gehstock aus Leichtmetall mit Derby-Softgriff und 3-teiliger Faltfunktion. H\u00f6henverstellbar (max. 86 cm bis 96 cm).","_links":{"self":[{"href":"https:\/\/www.gleichcom.samuraidev.ch\/it\/wp-json\/wp\/v2\/product\/10100","targetHints":{"allow":["GET"]}}],"collection":[{"href":"https:\/\/www.gleichcom.samuraidev.ch\/it\/wp-json\/wp\/v2\/product"}],"about":[{"href":"https:\/\/www.gleichcom.samuraidev.ch\/it\/wp-json\/wp\/v2\/types\/product"}],"wp:featuredmedia":[{"embeddable":true,"href":"https:\/\/www.gleichcom.samuraidev.ch\/it\/wp-json\/wp\/v2\/media\/10101"}],"wp:attachment":[{"href":"https:\/\/www.gleichcom.samuraidev.ch\/it\/wp-json\/wp\/v2\/media?parent=10100"}],"wp:term":[{"taxonomy":"product_brand","embeddable":true,"href":"https:\/\/www.gleichcom.samuraidev.ch\/it\/wp-json\/wp\/v2\/product_brand?post=10100"},{"taxonomy":"product_cat","embeddable":true,"href":"https:\/\/www.gleichcom.samuraidev.ch\/it\/wp-json\/wp\/v2\/product_cat?post=10100"},{"taxonomy":"product_tag","embeddable":true,"href":"https:\/\/www.gleichcom.samuraidev.ch\/it\/wp-json\/wp\/v2\/product_tag?post=10100"}],"curies":[{"name":"wp","href":"https:\/\/api.w.org\/{rel}","templated":true}]}}