{"id":10139,"date":"2018-12-30T21:50:56","date_gmt":"2018-12-30T21:50:56","guid":{"rendered":"https:\/\/www.gleichcom.samuraidev.ch\/?product=faltbarer-blindenstock-in-weiss-aus-leichtmetall-ossenberg-gehstock-anatomischer-griff-rechts"},"modified":"2023-11-15T08:38:38","modified_gmt":"2023-11-15T07:38:38","slug":"faltbarer-blindenstock-in-weiss-aus-leichtmetall-ossenberg-gehstock-anatomischer-griff-rechts","status":"publish","type":"product","link":"https:\/\/www.gleichcom.samuraidev.ch\/it\/shop\/faltbarer-blindenstock-in-weiss-aus-leichtmetall-ossenberg-gehstock-anatomischer-griff-rechts\/","title":{"rendered":"Faltbarer Blindenstock in Weiss aus Leichtmetall Ossenberg Gehstock Anatomischer Griff Rechts"},"content":{"rendered":"<div>\n\t<strong><span style=\"font-size:16px;\">Faltbarer Blindenstock in Wei\u00df aus Leichtmetall Ossenberg Gehstock Anatomischer Griff Rechts<\/span><\/strong><br \/>\n\t\u00a0<br \/>\n\t<strong>Optimale Sichtbarkeit und perfekter Halt<\/strong><br \/>\n\tOb beim Einkaufen, beim Spaziergang oder in Ihrer Wohnung: Mit diesem Gehstock aus Leichtmetall bewegen Sie sich sicher im Alltag. Die am Stockende angebrachte Gummikapsel ist rutschfest und sorgt f\u00fcr perfekten Halt. Dank seiner leuchtend wei\u00dfen Farbe besitzt der Stock eine optische Signalwirkung, durch die Sie auch bei schlechten Lichtverh\u00e4ltnissen gut gesehen werden. Gerade das ist f\u00fcr blinde Menschen sehr wichtig. F\u00fcr noch bessere Sichtbarkeit kann der Gehstock optional mit reflektierender Klebe-Folie in Silber oder Gelb aufger\u00fcstet werden. Einfach dazu bestellen!<br \/>\n\t\u00a0<br \/>\n\t<strong>Mit 3-facher Faltfunktion<\/strong>\u00a0<br \/>\n\tDer Blinden-Gehstock l\u00e4sst sich dank der dreifachen Faltfunktion mit Gummizug platzsparend zusammenklappen. Dadurch k\u00f6nnen Sie den Gehstock jederzeit optimal verstauen.<br \/>\n\t\u00a0<br \/>\n\t<strong>Anatomischer Griff mit Reflektor<\/strong><br \/>\n\tDer anatomische Griff zeichnet sich durch seine speziell an die Hand angepasste Form aus. Der Griff ist besonders bequem, da die Auflagefl\u00e4che f\u00fcr die Hand extra breit und ergonomisch optimal geschnitten ist. Zus\u00e4tzlich ist im Griff ein praktischer Reflektor integriert, der z.B. das Licht heranfahrender Autos reflektiert. Dadurch werden Sie auch bei schlechten Lichtverh\u00e4ltnissen optimal erkannt und k\u00f6nnen sich jederzeit sicher durch die Stra\u00dfen bewegen.<br \/>\n\t\u00a0<br \/>\n\t<strong>Angenehme Soft-Touch Oberfl\u00e4che<\/strong>\u00a0<br \/>\n\tAu\u00dferdem verf\u00fcgt der Griff \u00fcber eine Soft-Touch Oberfl\u00e4che, wodurch sich der Gehstock besonders griffig und rutschfest halten l\u00e4sst. Zudem ist das Material samtig weich und besticht durch seine edle Optik.<br \/>\n\t\u00a0<br \/>\n\t<strong>H\u00f6henverstellbar durch Druckknopf<\/strong><br \/>\n\tUm den Gehstock optimal Ihren Bed\u00fcrfnissen anpassen zu k\u00f6nnen, l\u00e4sst sich die H\u00f6he des Stocks mithilfe eines Druckknopfs ganz einfach verstellen (86 cm bis 96 cm).<br \/>\n\t\u00a0<br \/>\n\t<strong>In zwei Varianten erh\u00e4ltlich<\/strong><br \/>\n\tDer Gehstock ist f\u00fcr Rechts- oder Linksh\u00e4nder erh\u00e4ltlich und kann mit max. 100 kg belastet werden.<br \/>\n\t\u00a0<br \/>\n\t<strong>Auf einen Blick<\/strong>\n<\/div>\n<ul>\n<li>\n<div>\n\t\t3-fach faltbarer Blinden-Gehstock aus Leichtmetall (ca.29cm)\n\t<\/div>\n<\/li>\n<li>\n<div>\n\t\tWei\u00dfe Farbe sorgt f\u00fcr eine optimale Signalwirkung\n\t<\/div>\n<\/li>\n<li>\n<div>\n\t\tAnatomischer Griff mit integriertem Reflektor\n\t<\/div>\n<\/li>\n<li>\n<div>\n\t\tH\u00f6henverstellbar (86 cm bis 96 cm)\n\t<\/div>\n<\/li>\n<li>\n<div>\n\t\tAbschluss mit Gummi-Kapsel f\u00fcr sicheren Halt\n\t<\/div>\n<\/li>\n<li>\n<div>\n\t\tF\u00fcr Rechts- oder Linksh\u00e4nder erh\u00e4ltlich\n\t<\/div>\n<\/li>\n<li>\n<div>\n\t\tMax. Belastbarkeit: 100 kg\n\t<\/div>\n<\/li>\n<li>\n<div>\n\t\tGewicht: 390 g\n\t<\/div>\n<\/li>\n<\/ul>\n<div>\n\t<strong>Lieferumfang<\/strong>\n<\/div>\n<ul>\n<li>\n<div>\n\t\t1 x Reise-Faltstock mit anatomischem Griff und Softtouch\n\t<\/div>\n<\/li>\n<li>\n<div>\n\t\t1 x Durchsichtige Transporttasche\n\t<\/div>\n<\/li>\n<\/ul>\n","protected":false},"excerpt":{"rendered":"<p>\tWei\u00dfer Blinden-Gehstock aus Leichtmetall, mit anatomischem Softtouch-Griff, integriertem Reflektor und 3-facher Faltfunktion. H\u00f6henverstellbar (86 cm bis 96 cm).<\/p>\n","protected":false},"featured_media":10140,"template":"","meta":{"inline_featured_image":false,"_uag_custom_page_level_css":"","site-sidebar-layout":"default","site-content-layout":"","ast-site-content-layout":"default","site-content-style":"default","site-sidebar-style":"default","ast-global-header-display":"","ast-banner-title-visibility":"","ast-main-header-display":"","ast-hfb-above-header-display":"","ast-hfb-below-header-display":"","ast-hfb-mobile-header-display":"","site-post-title":"","ast-breadcrumbs-content":"","ast-featured-img":"","footer-sml-layout":"","ast-disable-related-posts":"","theme-transparent-header-meta":"","adv-header-id-meta":"","stick-header-meta":"","header-above-stick-meta":"","header-main-stick-meta":"","header-below-stick-meta":"","astra-migrate-meta-layouts":"default","ast-page-background-enabled":"default","ast-page-background-meta":{"desktop":{"background-color":"","background-image":"","background-repeat":"repeat","background-position":"center center","background-size":"auto","background-attachment":"scroll","background-type":"","background-media":"","overlay-type":"","overlay-color":"","overlay-opacity":"","overlay-gradient":""},"tablet":{"background-color":"","background-image":"","background-repeat":"repeat","background-position":"center center","background-size":"auto","background-attachment":"scroll","background-type":"","background-media":"","overlay-type":"","overlay-color":"","overlay-opacity":"","overlay-gradient":""},"mobile":{"background-color":"","background-image":"","background-repeat":"repeat","background-position":"center center","background-size":"auto","background-attachment":"scroll","background-type":"","background-media":"","overlay-type":"","overlay-color":"","overlay-opacity":"","overlay-gradient":""}},"ast-content-background-meta":{"desktop":{"background-color":"var(--ast-global-color-5)","background-image":"","background-repeat":"repeat","background-position":"center center","background-size":"auto","background-attachment":"scroll","background-type":"","background-media":"","overlay-type":"","overlay-color":"","overlay-opacity":"","overlay-gradient":""},"tablet":{"background-color":"var(--ast-global-color-5)","background-image":"","background-repeat":"repeat","background-position":"center center","background-size":"auto","background-attachment":"scroll","background-type":"","background-media":"","overlay-type":"","overlay-color":"","overlay-opacity":"","overlay-gradient":""},"mobile":{"background-color":"var(--ast-global-color-5)","background-image":"","background-repeat":"repeat","background-position":"center center","background-size":"auto","background-attachment":"scroll","background-type":"","background-media":"","overlay-type":"","overlay-color":"","overlay-opacity":"","overlay-gradient":""}}},"product_brand":[],"product_cat":[2856],"product_tag":[],"class_list":{"0":"post-10139","1":"product","2":"type-product","3":"status-publish","4":"has-post-thumbnail","6":"product_cat-blindenstock","7":"desktop-align-center","8":"tablet-align-center","9":"mobile-align-center","10":"ast-product-gallery-layout-horizontal-slider","11":"ast-product-gallery-with-no-image","12":"ast-product-tabs-layout-accordion","14":"first","15":"instock","16":"taxable","17":"shipping-taxable","18":"purchasable","19":"product-type-simple"},"yoast_head":"<!-- This site is optimized with the Yoast SEO plugin v27.6 - https:\/\/yoast.com\/product\/yoast-seo-wordpress\/ -->\n<title>Faltbarer Blindenstock in Weiss aus Leichtmetall Ossenberg Gehstock Anatomischer Griff Rechts im Onlineshop | Gleichcom AG<\/title>\n<meta name=\"description\" content=\"\u2705 Wei\u00dfer Blinden-Gehstock aus Leichtmetall, mit anatomischem Softtouch-Griff, integriertem Reflektor und 3-facher Faltfunktion. H\u00f6henverstellbar (86 cm bis 96 cm).\" \/>\n<meta name=\"robots\" content=\"noindex, follow, max-snippet:-1, max-image-preview:large, max-video-preview:-1\" \/>\n<meta property=\"og:locale\" content=\"it_IT\" \/>\n<meta property=\"og:type\" content=\"article\" \/>\n<meta property=\"og:title\" content=\"Faltbarer Blindenstock in Weiss aus Leichtmetall Ossenberg Gehstock Anatomischer Griff Rechts im Onlineshop | Gleichcom AG\" \/>\n<meta property=\"og:description\" content=\"\u2705 Wei\u00dfer Blinden-Gehstock aus Leichtmetall, mit anatomischem Softtouch-Griff, integriertem Reflektor und 3-facher Faltfunktion. H\u00f6henverstellbar (86 cm bis 96 cm).\" \/>\n<meta property=\"og:url\" content=\"https:\/\/www.gleichcom.samuraidev.ch\/it\/shop\/faltbarer-blindenstock-in-weiss-aus-leichtmetall-ossenberg-gehstock-anatomischer-griff-rechts\/\" \/>\n<meta property=\"og:site_name\" content=\"Gleichcom AG\" \/>\n<meta property=\"article:publisher\" content=\"https:\/\/www.facebook.com\/profile.php?id=100068749126981\" \/>\n<meta property=\"article:modified_time\" content=\"2023-11-15T07:38:38+00:00\" \/>\n<meta property=\"og:image\" content=\"https:\/\/www.gleichcom.samuraidev.ch\/wp-content\/uploads\/2023\/09\/674wafaltblmreisestockweissanatom.griff_z1.jpg\" \/>\n\t<meta property=\"og:image:width\" content=\"83\" \/>\n\t<meta property=\"og:image:height\" content=\"500\" \/>\n\t<meta property=\"og:image:type\" content=\"image\/jpeg\" \/>\n<meta name=\"twitter:card\" content=\"summary_large_image\" \/>\n<script type=\"application\/ld+json\" class=\"yoast-schema-graph\">{\"@context\":\"https:\\\/\\\/schema.org\",\"@graph\":[{\"@type\":\"WebPage\",\"@id\":\"https:\\\/\\\/www.gleichcom.samuraidev.ch\\\/it\\\/shop\\\/faltbarer-blindenstock-in-weiss-aus-leichtmetall-ossenberg-gehstock-anatomischer-griff-rechts\\\/\",\"url\":\"https:\\\/\\\/www.gleichcom.samuraidev.ch\\\/it\\\/shop\\\/faltbarer-blindenstock-in-weiss-aus-leichtmetall-ossenberg-gehstock-anatomischer-griff-rechts\\\/\",\"name\":\"Faltbarer Blindenstock in Weiss aus Leichtmetall Ossenberg Gehstock Anatomischer Griff Rechts im Onlineshop | Gleichcom AG\",\"isPartOf\":{\"@id\":\"https:\\\/\\\/www.gleichcom.samuraidev.ch\\\/it\\\/#website\"},\"primaryImageOfPage\":{\"@id\":\"https:\\\/\\\/www.gleichcom.samuraidev.ch\\\/it\\\/shop\\\/faltbarer-blindenstock-in-weiss-aus-leichtmetall-ossenberg-gehstock-anatomischer-griff-rechts\\\/#primaryimage\"},\"image\":{\"@id\":\"https:\\\/\\\/www.gleichcom.samuraidev.ch\\\/it\\\/shop\\\/faltbarer-blindenstock-in-weiss-aus-leichtmetall-ossenberg-gehstock-anatomischer-griff-rechts\\\/#primaryimage\"},\"thumbnailUrl\":\"https:\\\/\\\/www.gleichcom.samuraidev.ch\\\/wp-content\\\/uploads\\\/2023\\\/09\\\/674wafaltblmreisestockweissanatom.griff_z1.jpg\",\"datePublished\":\"2018-12-30T21:50:56+00:00\",\"dateModified\":\"2023-11-15T07:38:38+00:00\",\"description\":\"\u2705 Wei\u00dfer Blinden-Gehstock aus Leichtmetall, mit anatomischem Softtouch-Griff, integriertem Reflektor und 3-facher Faltfunktion. H\u00f6henverstellbar (86 cm bis 96 cm).\",\"breadcrumb\":{\"@id\":\"https:\\\/\\\/www.gleichcom.samuraidev.ch\\\/it\\\/shop\\\/faltbarer-blindenstock-in-weiss-aus-leichtmetall-ossenberg-gehstock-anatomischer-griff-rechts\\\/#breadcrumb\"},\"inLanguage\":\"it-IT\",\"potentialAction\":[{\"@type\":\"ReadAction\",\"target\":[\"https:\\\/\\\/www.gleichcom.samuraidev.ch\\\/it\\\/shop\\\/faltbarer-blindenstock-in-weiss-aus-leichtmetall-ossenberg-gehstock-anatomischer-griff-rechts\\\/\"]}]},{\"@type\":\"ImageObject\",\"inLanguage\":\"it-IT\",\"@id\":\"https:\\\/\\\/www.gleichcom.samuraidev.ch\\\/it\\\/shop\\\/faltbarer-blindenstock-in-weiss-aus-leichtmetall-ossenberg-gehstock-anatomischer-griff-rechts\\\/#primaryimage\",\"url\":\"https:\\\/\\\/www.gleichcom.samuraidev.ch\\\/wp-content\\\/uploads\\\/2023\\\/09\\\/674wafaltblmreisestockweissanatom.griff_z1.jpg\",\"contentUrl\":\"https:\\\/\\\/www.gleichcom.samuraidev.ch\\\/wp-content\\\/uploads\\\/2023\\\/09\\\/674wafaltblmreisestockweissanatom.griff_z1.jpg\",\"width\":83,\"height\":500,\"caption\":\"Faltbarer Blindenstock in Wei\u00df aus Leichtmetall Ossenberg Gehstock Anatomischer Griff Rechts - Gleichcom AG - - Onlineshop besser h\u00f6ren. besser sehen. besser leben. - H\u00fcnenberg\"},{\"@type\":\"BreadcrumbList\",\"@id\":\"https:\\\/\\\/www.gleichcom.samuraidev.ch\\\/it\\\/shop\\\/faltbarer-blindenstock-in-weiss-aus-leichtmetall-ossenberg-gehstock-anatomischer-griff-rechts\\\/#breadcrumb\",\"itemListElement\":[{\"@type\":\"ListItem\",\"position\":1,\"name\":\"Startseite\",\"item\":\"https:\\\/\\\/www.gleichcom.samuraidev.ch\\\/it\\\/\"},{\"@type\":\"ListItem\",\"position\":2,\"name\":\"Shop\",\"item\":\"https:\\\/\\\/www.gleichcom.samuraidev.ch\\\/it\\\/shop\\\/\"},{\"@type\":\"ListItem\",\"position\":3,\"name\":\"Faltbarer Blindenstock in Weiss aus Leichtmetall Ossenberg Gehstock Anatomischer Griff Rechts\"}]},{\"@type\":\"WebSite\",\"@id\":\"https:\\\/\\\/www.gleichcom.samuraidev.ch\\\/it\\\/#website\",\"url\":\"https:\\\/\\\/www.gleichcom.samuraidev.ch\\\/it\\\/\",\"name\":\"Gleichcom AG\",\"description\":\"besser h\u00f6ren. besser sehen. besser leben.\",\"publisher\":{\"@id\":\"https:\\\/\\\/www.gleichcom.samuraidev.ch\\\/it\\\/#organization\"},\"alternateName\":\"Gleichcom\",\"potentialAction\":[{\"@type\":\"SearchAction\",\"target\":{\"@type\":\"EntryPoint\",\"urlTemplate\":\"https:\\\/\\\/www.gleichcom.samuraidev.ch\\\/it\\\/?s={search_term_string}\"},\"query-input\":{\"@type\":\"PropertyValueSpecification\",\"valueRequired\":true,\"valueName\":\"search_term_string\"}}],\"inLanguage\":\"it-IT\"},{\"@type\":\"Organization\",\"@id\":\"https:\\\/\\\/www.gleichcom.samuraidev.ch\\\/it\\\/#organization\",\"name\":\"Gleichcom AG\",\"alternateName\":\"Gleichcom\",\"url\":\"https:\\\/\\\/www.gleichcom.samuraidev.ch\\\/it\\\/\",\"logo\":{\"@type\":\"ImageObject\",\"inLanguage\":\"it-IT\",\"@id\":\"https:\\\/\\\/www.gleichcom.samuraidev.ch\\\/it\\\/#\\\/schema\\\/logo\\\/image\\\/\",\"url\":\"https:\\\/\\\/www.gleichcom.samuraidev.ch\\\/wp-content\\\/uploads\\\/2023\\\/09\\\/gleichcom-ag-logo-quadrat-farbig-mitte@696.png\",\"contentUrl\":\"https:\\\/\\\/www.gleichcom.samuraidev.ch\\\/wp-content\\\/uploads\\\/2023\\\/09\\\/gleichcom-ag-logo-quadrat-farbig-mitte@696.png\",\"width\":437,\"height\":437,\"caption\":\"Gleichcom AG\"},\"image\":{\"@id\":\"https:\\\/\\\/www.gleichcom.samuraidev.ch\\\/it\\\/#\\\/schema\\\/logo\\\/image\\\/\"},\"sameAs\":[\"https:\\\/\\\/www.facebook.com\\\/profile.php?id=100068749126981\"]}]}<\/script>\n<!-- \/ Yoast SEO plugin. -->","yoast_head_json":{"title":"Faltbarer Blindenstock in Weiss aus Leichtmetall Ossenberg Gehstock Anatomischer Griff Rechts im Onlineshop | Gleichcom AG","description":"\u2705 Wei\u00dfer Blinden-Gehstock aus Leichtmetall, mit anatomischem Softtouch-Griff, integriertem Reflektor und 3-facher Faltfunktion. H\u00f6henverstellbar (86 cm bis 96 cm).","robots":{"index":"noindex","follow":"follow","max-snippet":"max-snippet:-1","max-image-preview":"max-image-preview:large","max-video-preview":"max-video-preview:-1"},"og_locale":"it_IT","og_type":"article","og_title":"Faltbarer Blindenstock in Weiss aus Leichtmetall Ossenberg Gehstock Anatomischer Griff Rechts im Onlineshop | Gleichcom AG","og_description":"\u2705 Wei\u00dfer Blinden-Gehstock aus Leichtmetall, mit anatomischem Softtouch-Griff, integriertem Reflektor und 3-facher Faltfunktion. H\u00f6henverstellbar (86 cm bis 96 cm).","og_url":"https:\/\/www.gleichcom.samuraidev.ch\/it\/shop\/faltbarer-blindenstock-in-weiss-aus-leichtmetall-ossenberg-gehstock-anatomischer-griff-rechts\/","og_site_name":"Gleichcom AG","article_publisher":"https:\/\/www.facebook.com\/profile.php?id=100068749126981","article_modified_time":"2023-11-15T07:38:38+00:00","og_image":[{"width":83,"height":500,"url":"https:\/\/www.gleichcom.samuraidev.ch\/wp-content\/uploads\/2023\/09\/674wafaltblmreisestockweissanatom.griff_z1.jpg","type":"image\/jpeg"}],"twitter_card":"summary_large_image","schema":{"@context":"https:\/\/schema.org","@graph":[{"@type":"WebPage","@id":"https:\/\/www.gleichcom.samuraidev.ch\/it\/shop\/faltbarer-blindenstock-in-weiss-aus-leichtmetall-ossenberg-gehstock-anatomischer-griff-rechts\/","url":"https:\/\/www.gleichcom.samuraidev.ch\/it\/shop\/faltbarer-blindenstock-in-weiss-aus-leichtmetall-ossenberg-gehstock-anatomischer-griff-rechts\/","name":"Faltbarer Blindenstock in Weiss aus Leichtmetall Ossenberg Gehstock Anatomischer Griff Rechts im Onlineshop | Gleichcom AG","isPartOf":{"@id":"https:\/\/www.gleichcom.samuraidev.ch\/it\/#website"},"primaryImageOfPage":{"@id":"https:\/\/www.gleichcom.samuraidev.ch\/it\/shop\/faltbarer-blindenstock-in-weiss-aus-leichtmetall-ossenberg-gehstock-anatomischer-griff-rechts\/#primaryimage"},"image":{"@id":"https:\/\/www.gleichcom.samuraidev.ch\/it\/shop\/faltbarer-blindenstock-in-weiss-aus-leichtmetall-ossenberg-gehstock-anatomischer-griff-rechts\/#primaryimage"},"thumbnailUrl":"https:\/\/www.gleichcom.samuraidev.ch\/wp-content\/uploads\/2023\/09\/674wafaltblmreisestockweissanatom.griff_z1.jpg","datePublished":"2018-12-30T21:50:56+00:00","dateModified":"2023-11-15T07:38:38+00:00","description":"\u2705 Wei\u00dfer Blinden-Gehstock aus Leichtmetall, mit anatomischem Softtouch-Griff, integriertem Reflektor und 3-facher Faltfunktion. H\u00f6henverstellbar (86 cm bis 96 cm).","breadcrumb":{"@id":"https:\/\/www.gleichcom.samuraidev.ch\/it\/shop\/faltbarer-blindenstock-in-weiss-aus-leichtmetall-ossenberg-gehstock-anatomischer-griff-rechts\/#breadcrumb"},"inLanguage":"it-IT","potentialAction":[{"@type":"ReadAction","target":["https:\/\/www.gleichcom.samuraidev.ch\/it\/shop\/faltbarer-blindenstock-in-weiss-aus-leichtmetall-ossenberg-gehstock-anatomischer-griff-rechts\/"]}]},{"@type":"ImageObject","inLanguage":"it-IT","@id":"https:\/\/www.gleichcom.samuraidev.ch\/it\/shop\/faltbarer-blindenstock-in-weiss-aus-leichtmetall-ossenberg-gehstock-anatomischer-griff-rechts\/#primaryimage","url":"https:\/\/www.gleichcom.samuraidev.ch\/wp-content\/uploads\/2023\/09\/674wafaltblmreisestockweissanatom.griff_z1.jpg","contentUrl":"https:\/\/www.gleichcom.samuraidev.ch\/wp-content\/uploads\/2023\/09\/674wafaltblmreisestockweissanatom.griff_z1.jpg","width":83,"height":500,"caption":"Faltbarer Blindenstock in Wei\u00df aus Leichtmetall Ossenberg Gehstock Anatomischer Griff Rechts - Gleichcom AG - - Onlineshop besser h\u00f6ren. besser sehen. besser leben. - H\u00fcnenberg"},{"@type":"BreadcrumbList","@id":"https:\/\/www.gleichcom.samuraidev.ch\/it\/shop\/faltbarer-blindenstock-in-weiss-aus-leichtmetall-ossenberg-gehstock-anatomischer-griff-rechts\/#breadcrumb","itemListElement":[{"@type":"ListItem","position":1,"name":"Startseite","item":"https:\/\/www.gleichcom.samuraidev.ch\/it\/"},{"@type":"ListItem","position":2,"name":"Shop","item":"https:\/\/www.gleichcom.samuraidev.ch\/it\/shop\/"},{"@type":"ListItem","position":3,"name":"Faltbarer Blindenstock in Weiss aus Leichtmetall Ossenberg Gehstock Anatomischer Griff Rechts"}]},{"@type":"WebSite","@id":"https:\/\/www.gleichcom.samuraidev.ch\/it\/#website","url":"https:\/\/www.gleichcom.samuraidev.ch\/it\/","name":"Gleichcom AG","description":"besser h\u00f6ren. besser sehen. besser leben.","publisher":{"@id":"https:\/\/www.gleichcom.samuraidev.ch\/it\/#organization"},"alternateName":"Gleichcom","potentialAction":[{"@type":"SearchAction","target":{"@type":"EntryPoint","urlTemplate":"https:\/\/www.gleichcom.samuraidev.ch\/it\/?s={search_term_string}"},"query-input":{"@type":"PropertyValueSpecification","valueRequired":true,"valueName":"search_term_string"}}],"inLanguage":"it-IT"},{"@type":"Organization","@id":"https:\/\/www.gleichcom.samuraidev.ch\/it\/#organization","name":"Gleichcom AG","alternateName":"Gleichcom","url":"https:\/\/www.gleichcom.samuraidev.ch\/it\/","logo":{"@type":"ImageObject","inLanguage":"it-IT","@id":"https:\/\/www.gleichcom.samuraidev.ch\/it\/#\/schema\/logo\/image\/","url":"https:\/\/www.gleichcom.samuraidev.ch\/wp-content\/uploads\/2023\/09\/gleichcom-ag-logo-quadrat-farbig-mitte@696.png","contentUrl":"https:\/\/www.gleichcom.samuraidev.ch\/wp-content\/uploads\/2023\/09\/gleichcom-ag-logo-quadrat-farbig-mitte@696.png","width":437,"height":437,"caption":"Gleichcom AG"},"image":{"@id":"https:\/\/www.gleichcom.samuraidev.ch\/it\/#\/schema\/logo\/image\/"},"sameAs":["https:\/\/www.facebook.com\/profile.php?id=100068749126981"]}]}},"uagb_featured_image_src":{"full":["https:\/\/www.gleichcom.samuraidev.ch\/wp-content\/uploads\/2023\/09\/674wafaltblmreisestockweissanatom.griff_z1.jpg",83,500,false],"thumbnail":["https:\/\/www.gleichcom.samuraidev.ch\/wp-content\/uploads\/2023\/09\/674wafaltblmreisestockweissanatom.griff_z1.jpg",25,150,false],"medium":["https:\/\/www.gleichcom.samuraidev.ch\/wp-content\/uploads\/2023\/09\/674wafaltblmreisestockweissanatom.griff_z1.jpg",50,300,false],"medium_large":["https:\/\/www.gleichcom.samuraidev.ch\/wp-content\/uploads\/2023\/09\/674wafaltblmreisestockweissanatom.griff_z1.jpg",83,500,false],"large":["https:\/\/www.gleichcom.samuraidev.ch\/wp-content\/uploads\/2023\/09\/674wafaltblmreisestockweissanatom.griff_z1.jpg",83,500,false],"1536x1536":["https:\/\/www.gleichcom.samuraidev.ch\/wp-content\/uploads\/2023\/09\/674wafaltblmreisestockweissanatom.griff_z1.jpg",83,500,false],"2048x2048":["https:\/\/www.gleichcom.samuraidev.ch\/wp-content\/uploads\/2023\/09\/674wafaltblmreisestockweissanatom.griff_z1.jpg",83,500,false],"woocommerce_thumbnail":["https:\/\/www.gleichcom.samuraidev.ch\/wp-content\/uploads\/2023\/09\/674wafaltblmreisestockweissanatom.griff_z1.jpg",83,500,false],"woocommerce_single":["https:\/\/www.gleichcom.samuraidev.ch\/wp-content\/uploads\/2023\/09\/674wafaltblmreisestockweissanatom.griff_z1.jpg",83,500,false],"woocommerce_gallery_thumbnail":["https:\/\/www.gleichcom.samuraidev.ch\/wp-content\/uploads\/2023\/09\/674wafaltblmreisestockweissanatom.griff_z1.jpg",17,100,false]},"uagb_author_info":{"display_name":"","author_link":"https:\/\/www.gleichcom.samuraidev.ch\/it\/author\/"},"uagb_comment_info":0,"uagb_excerpt":"Wei\u00dfer Blinden-Gehstock aus Leichtmetall, mit anatomischem Softtouch-Griff, integriertem Reflektor und 3-facher Faltfunktion. H\u00f6henverstellbar (86 cm bis 96 cm).","_links":{"self":[{"href":"https:\/\/www.gleichcom.samuraidev.ch\/it\/wp-json\/wp\/v2\/product\/10139","targetHints":{"allow":["GET"]}}],"collection":[{"href":"https:\/\/www.gleichcom.samuraidev.ch\/it\/wp-json\/wp\/v2\/product"}],"about":[{"href":"https:\/\/www.gleichcom.samuraidev.ch\/it\/wp-json\/wp\/v2\/types\/product"}],"wp:featuredmedia":[{"embeddable":true,"href":"https:\/\/www.gleichcom.samuraidev.ch\/it\/wp-json\/wp\/v2\/media\/10140"}],"wp:attachment":[{"href":"https:\/\/www.gleichcom.samuraidev.ch\/it\/wp-json\/wp\/v2\/media?parent=10139"}],"wp:term":[{"taxonomy":"product_brand","embeddable":true,"href":"https:\/\/www.gleichcom.samuraidev.ch\/it\/wp-json\/wp\/v2\/product_brand?post=10139"},{"taxonomy":"product_cat","embeddable":true,"href":"https:\/\/www.gleichcom.samuraidev.ch\/it\/wp-json\/wp\/v2\/product_cat?post=10139"},{"taxonomy":"product_tag","embeddable":true,"href":"https:\/\/www.gleichcom.samuraidev.ch\/it\/wp-json\/wp\/v2\/product_tag?post=10139"}],"curies":[{"name":"wp","href":"https:\/\/api.w.org\/{rel}","templated":true}]}}