{"id":11119,"date":"2019-06-07T09:28:13","date_gmt":"2019-06-07T07:28:13","guid":{"rendered":"https:\/\/www.gleichcom.samuraidev.ch\/?product=handlupe-standlupe-combi-plus-2-6x-schwarz-eschenabch"},"modified":"1000-01-01T00:00:00","modified_gmt":"1000-01-01T00:00:00","slug":"handlupe-standlupe-combi-plus-2-6x-schwarz-eschenabch","status":"publish","type":"product","link":"https:\/\/www.gleichcom.samuraidev.ch\/it\/shop\/handlupe-standlupe-combi-plus-2-6x-schwarz-eschenabch\/","title":{"rendered":"Lente a mano\u00a0 lente da supporto Combi Plus 2.6x nero Eschenbach\u00a0"},"content":{"rendered":"<p><span style=\"font-size:16px;\"><strong>Lente a mano\u00a0 lente da supporto Combi Plus 2.6x nero Eschenbach\u00a0<\/strong><\/span><br \/>\n\u00a0<br \/>\nLa lente di lettura asferica Combi Plus \u00e8 una lente d&#8217;ingrandimento manuale e da appoggio allo stesso tempo. La caratteristica speciale della lente Combi-Plus sono le aste pieghevoli. Grazie a queste staffe, non \u00e8 necessario tenere sempre in mano la lente di ingrandimento. Ci\u00f2 consente di lavorare in modo pi\u00f9 confortevole e di ottenere un&#8217;immagine assolutamente priva di tremori.\u00a0La grande lente quadrata consente inoltre di vedere aree pi\u00f9 grandi (ad esempio una foto completa) con un solo sguardo senza dover spostare la lente. La lente di alta qualit\u00e0 ha un rivestimento speciale per proteggerla dai graffi.<br \/>\n\u00a0<br \/>\n<strong>Caratteristiche del prodotto<\/strong><\/p>\n<ul>\n<li>Lente d&#8217;ingrandimento quadrata extra large<\/li>\n<li>Pu\u00f2 essere utilizzato come supporto o lente di ingrandimento manuale grazie a due staffe di supporto pieghevoli.<\/li>\n<li>Altezza totale della lente di ingrandimento incl. i piedi ca. 10 cm<\/li>\n<li>Lente leggera PXM\u00ae asferica, resistente ai graffi, con rivestimento cera-tec\u00ae per immagini nitide e prive di distorsioni.<\/li>\n<li>incl. custodia nera in pelle finemente strutturata con fodera interna morbida e vellutata per proteggere la lente.<\/li>\n<\/ul>\n<p>\u00a0.<\/p>\n<table border=\"0\" cellpadding=\"0\" cellspacing=\"0\">\n<thead>\n<tr>\n<th nowrap=\"nowrap\"><strong>N. articolo<\/strong><\/th>\n<th nowrap=\"nowrap\"><strong>Dimensioni<\/strong><\/th>\n<th nowrap=\"nowrap\">Ingrandimento<\/th>\n<th nowrap=\"nowrap\"><strong>Diottria<\/strong><\/th>\n<th nowrap=\"nowrap\"><strong>Il migliore No.<\/strong><\/th>\n<\/tr>\n<\/thead>\n<tbody>\n<tr>\n<td>2031<\/td>\n<td>100 x 50 mm<\/td>\n<td>2,6x<\/td>\n<td>6,3<\/td>\n<td>20211<\/td>\n<\/tr>\n<tr>\n<td>2032<\/td>\n<td>100 x 75 mm<\/td>\n<td>2,8x<\/td>\n<td>7,0<\/td>\n<td>20221<\/td>\n<\/tr>\n<tr>\n<td>2034<\/td>\n<td>75 x 50 mm<\/td>\n<td>3,5x<\/td>\n<td>10,0<\/td>\n<td>20201<\/td>\n<\/tr>\n<tr>\n<td>2036<\/td>\n<td>100 x 50 mm<\/td>\n<td>2,6x<\/td>\n<td>6,3<\/td>\n<td>20211<\/td>\n<\/tr>\n<\/tbody>\n<\/table>\n<p>\u00a0<\/p>\n","protected":false},"excerpt":{"rendered":"<p>Lente d&#8217;ingrandimento di alta qualit\u00e0 con lenti di grande diametro. Pu\u00f2 essere utilizzato come supporto o lente di ingrandimento manuale grazie ai piedini metallici pieghevoli. Con ingrandimento 2,6x.<\/p>\n","protected":false},"featured_media":11117,"template":"","meta":{"inline_featured_image":false,"_uag_custom_page_level_css":"","site-sidebar-layout":"default","site-content-layout":"","ast-site-content-layout":"default","site-content-style":"default","site-sidebar-style":"default","ast-global-header-display":"","ast-banner-title-visibility":"","ast-main-header-display":"","ast-hfb-above-header-display":"","ast-hfb-below-header-display":"","ast-hfb-mobile-header-display":"","site-post-title":"","ast-breadcrumbs-content":"","ast-featured-img":"","footer-sml-layout":"","ast-disable-related-posts":"","theme-transparent-header-meta":"","adv-header-id-meta":"","stick-header-meta":"","header-above-stick-meta":"","header-main-stick-meta":"","header-below-stick-meta":"","astra-migrate-meta-layouts":"default","ast-page-background-enabled":"default","ast-page-background-meta":{"desktop":{"background-color":"","background-image":"","background-repeat":"repeat","background-position":"center center","background-size":"auto","background-attachment":"scroll","background-type":"","background-media":"","overlay-type":"","overlay-color":"","overlay-opacity":"","overlay-gradient":""},"tablet":{"background-color":"","background-image":"","background-repeat":"repeat","background-position":"center center","background-size":"auto","background-attachment":"scroll","background-type":"","background-media":"","overlay-type":"","overlay-color":"","overlay-opacity":"","overlay-gradient":""},"mobile":{"background-color":"","background-image":"","background-repeat":"repeat","background-position":"center center","background-size":"auto","background-attachment":"scroll","background-type":"","background-media":"","overlay-type":"","overlay-color":"","overlay-opacity":"","overlay-gradient":""}},"ast-content-background-meta":{"desktop":{"background-color":"var(--ast-global-color-5)","background-image":"","background-repeat":"repeat","background-position":"center center","background-size":"auto","background-attachment":"scroll","background-type":"","background-media":"","overlay-type":"","overlay-color":"","overlay-opacity":"","overlay-gradient":""},"tablet":{"background-color":"var(--ast-global-color-5)","background-image":"","background-repeat":"repeat","background-position":"center center","background-size":"auto","background-attachment":"scroll","background-type":"","background-media":"","overlay-type":"","overlay-color":"","overlay-opacity":"","overlay-gradient":""},"mobile":{"background-color":"var(--ast-global-color-5)","background-image":"","background-repeat":"repeat","background-position":"center center","background-size":"auto","background-attachment":"scroll","background-type":"","background-media":"","overlay-type":"","overlay-color":"","overlay-opacity":"","overlay-gradient":""}}},"product_brand":[],"product_cat":[3013],"product_tag":[],"class_list":{"0":"post-11119","1":"product","2":"type-product","3":"status-publish","4":"has-post-thumbnail","6":"product_cat-lenti-di-ingrandimento-per-la-lettura-it","7":"desktop-align-center","8":"tablet-align-center","9":"mobile-align-center","10":"ast-product-gallery-layout-horizontal-slider","11":"ast-product-gallery-with-no-image","12":"ast-product-tabs-layout-accordion","14":"first","15":"onbackorder","16":"taxable","17":"shipping-taxable","18":"purchasable","19":"product-type-simple"},"yoast_head":"<!-- This site is optimized with the Yoast SEO plugin v27.6 - https:\/\/yoast.com\/product\/yoast-seo-wordpress\/ -->\n<title>Lente a mano\u00a0 lente da supporto Combi Plus 2.6x nero Eschenbach\u00a0 im Onlineshop | Gleichcom AG<\/title>\n<meta name=\"description\" content=\"\u2705 Lente d&#039;ingrandimento di alta qualit\u00e0 con lenti di grande diametro. Pu\u00f2 essere utilizzato come supporto o lente di ingrandimento manuale grazie ai piedini metallici pieghevoli. Con ingrandimento 2,6x.\" \/>\n<meta name=\"robots\" content=\"noindex, follow, max-snippet:-1, max-image-preview:large, max-video-preview:-1\" \/>\n<meta property=\"og:locale\" content=\"it_IT\" \/>\n<meta property=\"og:type\" content=\"article\" \/>\n<meta property=\"og:title\" content=\"Lente a mano\u00a0 lente da supporto Combi Plus 2.6x nero Eschenbach\u00a0 im Onlineshop | Gleichcom AG\" \/>\n<meta property=\"og:description\" content=\"\u2705 Lente d&#039;ingrandimento di alta qualit\u00e0 con lenti di grande diametro. Pu\u00f2 essere utilizzato come supporto o lente di ingrandimento manuale grazie ai piedini metallici pieghevoli. Con ingrandimento 2,6x.\" \/>\n<meta property=\"og:url\" content=\"https:\/\/www.gleichcom.samuraidev.ch\/it\/shop\/handlupe-standlupe-combi-plus-2-6x-schwarz-eschenabch\/\" \/>\n<meta property=\"og:site_name\" content=\"Gleichcom AG\" \/>\n<meta property=\"article:publisher\" content=\"https:\/\/www.facebook.com\/profile.php?id=100068749126981\" \/>\n<meta property=\"og:image\" content=\"https:\/\/www.gleichcom.samuraidev.ch\/wp-content\/uploads\/2023\/09\/CombiPlus26x.jpg\" \/>\n\t<meta property=\"og:image:width\" content=\"500\" \/>\n\t<meta property=\"og:image:height\" content=\"305\" \/>\n\t<meta property=\"og:image:type\" content=\"image\/jpeg\" \/>\n<meta name=\"twitter:card\" content=\"summary_large_image\" \/>\n<script type=\"application\/ld+json\" class=\"yoast-schema-graph\">{\"@context\":\"https:\\\/\\\/schema.org\",\"@graph\":[{\"@type\":\"WebPage\",\"@id\":\"https:\\\/\\\/www.gleichcom.samuraidev.ch\\\/it\\\/shop\\\/handlupe-standlupe-combi-plus-2-6x-schwarz-eschenabch\\\/\",\"url\":\"https:\\\/\\\/www.gleichcom.samuraidev.ch\\\/it\\\/shop\\\/handlupe-standlupe-combi-plus-2-6x-schwarz-eschenabch\\\/\",\"name\":\"Lente a mano\u00a0 lente da supporto Combi Plus 2.6x nero Eschenbach\u00a0 im Onlineshop | Gleichcom AG\",\"isPartOf\":{\"@id\":\"https:\\\/\\\/www.gleichcom.samuraidev.ch\\\/it\\\/#website\"},\"primaryImageOfPage\":{\"@id\":\"https:\\\/\\\/www.gleichcom.samuraidev.ch\\\/it\\\/shop\\\/handlupe-standlupe-combi-plus-2-6x-schwarz-eschenabch\\\/#primaryimage\"},\"image\":{\"@id\":\"https:\\\/\\\/www.gleichcom.samuraidev.ch\\\/it\\\/shop\\\/handlupe-standlupe-combi-plus-2-6x-schwarz-eschenabch\\\/#primaryimage\"},\"thumbnailUrl\":\"https:\\\/\\\/www.gleichcom.samuraidev.ch\\\/wp-content\\\/uploads\\\/2023\\\/09\\\/CombiPlus26x.jpg\",\"datePublished\":\"2019-06-07T07:28:13+00:00\",\"description\":\"\u2705 Lente d'ingrandimento di alta qualit\u00e0 con lenti di grande diametro. Pu\u00f2 essere utilizzato come supporto o lente di ingrandimento manuale grazie ai piedini metallici pieghevoli. Con ingrandimento 2,6x.\",\"breadcrumb\":{\"@id\":\"https:\\\/\\\/www.gleichcom.samuraidev.ch\\\/it\\\/shop\\\/handlupe-standlupe-combi-plus-2-6x-schwarz-eschenabch\\\/#breadcrumb\"},\"inLanguage\":\"it-IT\",\"potentialAction\":[{\"@type\":\"ReadAction\",\"target\":[\"https:\\\/\\\/www.gleichcom.samuraidev.ch\\\/it\\\/shop\\\/handlupe-standlupe-combi-plus-2-6x-schwarz-eschenabch\\\/\"]}]},{\"@type\":\"ImageObject\",\"inLanguage\":\"it-IT\",\"@id\":\"https:\\\/\\\/www.gleichcom.samuraidev.ch\\\/it\\\/shop\\\/handlupe-standlupe-combi-plus-2-6x-schwarz-eschenabch\\\/#primaryimage\",\"url\":\"https:\\\/\\\/www.gleichcom.samuraidev.ch\\\/wp-content\\\/uploads\\\/2023\\\/09\\\/CombiPlus26x.jpg\",\"contentUrl\":\"https:\\\/\\\/www.gleichcom.samuraidev.ch\\\/wp-content\\\/uploads\\\/2023\\\/09\\\/CombiPlus26x.jpg\",\"width\":500,\"height\":305},{\"@type\":\"BreadcrumbList\",\"@id\":\"https:\\\/\\\/www.gleichcom.samuraidev.ch\\\/it\\\/shop\\\/handlupe-standlupe-combi-plus-2-6x-schwarz-eschenabch\\\/#breadcrumb\",\"itemListElement\":[{\"@type\":\"ListItem\",\"position\":1,\"name\":\"Startseite\",\"item\":\"https:\\\/\\\/www.gleichcom.samuraidev.ch\\\/it\\\/\"},{\"@type\":\"ListItem\",\"position\":2,\"name\":\"Shop\",\"item\":\"https:\\\/\\\/www.gleichcom.samuraidev.ch\\\/it\\\/shop\\\/\"},{\"@type\":\"ListItem\",\"position\":3,\"name\":\"Lente a mano\u00a0 lente da supporto Combi Plus 2.6x nero Eschenbach\u00a0\"}]},{\"@type\":\"WebSite\",\"@id\":\"https:\\\/\\\/www.gleichcom.samuraidev.ch\\\/it\\\/#website\",\"url\":\"https:\\\/\\\/www.gleichcom.samuraidev.ch\\\/it\\\/\",\"name\":\"Gleichcom AG\",\"description\":\"besser h\u00f6ren. besser sehen. besser leben.\",\"publisher\":{\"@id\":\"https:\\\/\\\/www.gleichcom.samuraidev.ch\\\/it\\\/#organization\"},\"alternateName\":\"Gleichcom\",\"potentialAction\":[{\"@type\":\"SearchAction\",\"target\":{\"@type\":\"EntryPoint\",\"urlTemplate\":\"https:\\\/\\\/www.gleichcom.samuraidev.ch\\\/it\\\/?s={search_term_string}\"},\"query-input\":{\"@type\":\"PropertyValueSpecification\",\"valueRequired\":true,\"valueName\":\"search_term_string\"}}],\"inLanguage\":\"it-IT\"},{\"@type\":\"Organization\",\"@id\":\"https:\\\/\\\/www.gleichcom.samuraidev.ch\\\/it\\\/#organization\",\"name\":\"Gleichcom AG\",\"alternateName\":\"Gleichcom\",\"url\":\"https:\\\/\\\/www.gleichcom.samuraidev.ch\\\/it\\\/\",\"logo\":{\"@type\":\"ImageObject\",\"inLanguage\":\"it-IT\",\"@id\":\"https:\\\/\\\/www.gleichcom.samuraidev.ch\\\/it\\\/#\\\/schema\\\/logo\\\/image\\\/\",\"url\":\"https:\\\/\\\/www.gleichcom.samuraidev.ch\\\/wp-content\\\/uploads\\\/2023\\\/09\\\/gleichcom-ag-logo-quadrat-farbig-mitte@696.png\",\"contentUrl\":\"https:\\\/\\\/www.gleichcom.samuraidev.ch\\\/wp-content\\\/uploads\\\/2023\\\/09\\\/gleichcom-ag-logo-quadrat-farbig-mitte@696.png\",\"width\":437,\"height\":437,\"caption\":\"Gleichcom AG\"},\"image\":{\"@id\":\"https:\\\/\\\/www.gleichcom.samuraidev.ch\\\/it\\\/#\\\/schema\\\/logo\\\/image\\\/\"},\"sameAs\":[\"https:\\\/\\\/www.facebook.com\\\/profile.php?id=100068749126981\"]}]}<\/script>\n<!-- \/ Yoast SEO plugin. -->","yoast_head_json":{"title":"Lente a mano\u00a0 lente da supporto Combi Plus 2.6x nero Eschenbach\u00a0 im Onlineshop | Gleichcom AG","description":"\u2705 Lente d'ingrandimento di alta qualit\u00e0 con lenti di grande diametro. Pu\u00f2 essere utilizzato come supporto o lente di ingrandimento manuale grazie ai piedini metallici pieghevoli. Con ingrandimento 2,6x.","robots":{"index":"noindex","follow":"follow","max-snippet":"max-snippet:-1","max-image-preview":"max-image-preview:large","max-video-preview":"max-video-preview:-1"},"og_locale":"it_IT","og_type":"article","og_title":"Lente a mano\u00a0 lente da supporto Combi Plus 2.6x nero Eschenbach\u00a0 im Onlineshop | Gleichcom AG","og_description":"\u2705 Lente d'ingrandimento di alta qualit\u00e0 con lenti di grande diametro. Pu\u00f2 essere utilizzato come supporto o lente di ingrandimento manuale grazie ai piedini metallici pieghevoli. Con ingrandimento 2,6x.","og_url":"https:\/\/www.gleichcom.samuraidev.ch\/it\/shop\/handlupe-standlupe-combi-plus-2-6x-schwarz-eschenabch\/","og_site_name":"Gleichcom AG","article_publisher":"https:\/\/www.facebook.com\/profile.php?id=100068749126981","og_image":[{"width":500,"height":305,"url":"https:\/\/www.gleichcom.samuraidev.ch\/wp-content\/uploads\/2023\/09\/CombiPlus26x.jpg","type":"image\/jpeg"}],"twitter_card":"summary_large_image","schema":{"@context":"https:\/\/schema.org","@graph":[{"@type":"WebPage","@id":"https:\/\/www.gleichcom.samuraidev.ch\/it\/shop\/handlupe-standlupe-combi-plus-2-6x-schwarz-eschenabch\/","url":"https:\/\/www.gleichcom.samuraidev.ch\/it\/shop\/handlupe-standlupe-combi-plus-2-6x-schwarz-eschenabch\/","name":"Lente a mano\u00a0 lente da supporto Combi Plus 2.6x nero Eschenbach\u00a0 im Onlineshop | Gleichcom AG","isPartOf":{"@id":"https:\/\/www.gleichcom.samuraidev.ch\/it\/#website"},"primaryImageOfPage":{"@id":"https:\/\/www.gleichcom.samuraidev.ch\/it\/shop\/handlupe-standlupe-combi-plus-2-6x-schwarz-eschenabch\/#primaryimage"},"image":{"@id":"https:\/\/www.gleichcom.samuraidev.ch\/it\/shop\/handlupe-standlupe-combi-plus-2-6x-schwarz-eschenabch\/#primaryimage"},"thumbnailUrl":"https:\/\/www.gleichcom.samuraidev.ch\/wp-content\/uploads\/2023\/09\/CombiPlus26x.jpg","datePublished":"2019-06-07T07:28:13+00:00","description":"\u2705 Lente d'ingrandimento di alta qualit\u00e0 con lenti di grande diametro. Pu\u00f2 essere utilizzato come supporto o lente di ingrandimento manuale grazie ai piedini metallici pieghevoli. Con ingrandimento 2,6x.","breadcrumb":{"@id":"https:\/\/www.gleichcom.samuraidev.ch\/it\/shop\/handlupe-standlupe-combi-plus-2-6x-schwarz-eschenabch\/#breadcrumb"},"inLanguage":"it-IT","potentialAction":[{"@type":"ReadAction","target":["https:\/\/www.gleichcom.samuraidev.ch\/it\/shop\/handlupe-standlupe-combi-plus-2-6x-schwarz-eschenabch\/"]}]},{"@type":"ImageObject","inLanguage":"it-IT","@id":"https:\/\/www.gleichcom.samuraidev.ch\/it\/shop\/handlupe-standlupe-combi-plus-2-6x-schwarz-eschenabch\/#primaryimage","url":"https:\/\/www.gleichcom.samuraidev.ch\/wp-content\/uploads\/2023\/09\/CombiPlus26x.jpg","contentUrl":"https:\/\/www.gleichcom.samuraidev.ch\/wp-content\/uploads\/2023\/09\/CombiPlus26x.jpg","width":500,"height":305},{"@type":"BreadcrumbList","@id":"https:\/\/www.gleichcom.samuraidev.ch\/it\/shop\/handlupe-standlupe-combi-plus-2-6x-schwarz-eschenabch\/#breadcrumb","itemListElement":[{"@type":"ListItem","position":1,"name":"Startseite","item":"https:\/\/www.gleichcom.samuraidev.ch\/it\/"},{"@type":"ListItem","position":2,"name":"Shop","item":"https:\/\/www.gleichcom.samuraidev.ch\/it\/shop\/"},{"@type":"ListItem","position":3,"name":"Lente a mano\u00a0 lente da supporto Combi Plus 2.6x nero Eschenbach\u00a0"}]},{"@type":"WebSite","@id":"https:\/\/www.gleichcom.samuraidev.ch\/it\/#website","url":"https:\/\/www.gleichcom.samuraidev.ch\/it\/","name":"Gleichcom AG","description":"besser h\u00f6ren. besser sehen. besser leben.","publisher":{"@id":"https:\/\/www.gleichcom.samuraidev.ch\/it\/#organization"},"alternateName":"Gleichcom","potentialAction":[{"@type":"SearchAction","target":{"@type":"EntryPoint","urlTemplate":"https:\/\/www.gleichcom.samuraidev.ch\/it\/?s={search_term_string}"},"query-input":{"@type":"PropertyValueSpecification","valueRequired":true,"valueName":"search_term_string"}}],"inLanguage":"it-IT"},{"@type":"Organization","@id":"https:\/\/www.gleichcom.samuraidev.ch\/it\/#organization","name":"Gleichcom AG","alternateName":"Gleichcom","url":"https:\/\/www.gleichcom.samuraidev.ch\/it\/","logo":{"@type":"ImageObject","inLanguage":"it-IT","@id":"https:\/\/www.gleichcom.samuraidev.ch\/it\/#\/schema\/logo\/image\/","url":"https:\/\/www.gleichcom.samuraidev.ch\/wp-content\/uploads\/2023\/09\/gleichcom-ag-logo-quadrat-farbig-mitte@696.png","contentUrl":"https:\/\/www.gleichcom.samuraidev.ch\/wp-content\/uploads\/2023\/09\/gleichcom-ag-logo-quadrat-farbig-mitte@696.png","width":437,"height":437,"caption":"Gleichcom AG"},"image":{"@id":"https:\/\/www.gleichcom.samuraidev.ch\/it\/#\/schema\/logo\/image\/"},"sameAs":["https:\/\/www.facebook.com\/profile.php?id=100068749126981"]}]}},"uagb_featured_image_src":{"full":["https:\/\/www.gleichcom.samuraidev.ch\/wp-content\/uploads\/2023\/09\/CombiPlus26x.jpg",500,305,false],"thumbnail":["https:\/\/www.gleichcom.samuraidev.ch\/wp-content\/uploads\/2023\/09\/CombiPlus26x.jpg",150,92,false],"medium":["https:\/\/www.gleichcom.samuraidev.ch\/wp-content\/uploads\/2023\/09\/CombiPlus26x.jpg",300,183,false],"medium_large":["https:\/\/www.gleichcom.samuraidev.ch\/wp-content\/uploads\/2023\/09\/CombiPlus26x.jpg",500,305,false],"large":["https:\/\/www.gleichcom.samuraidev.ch\/wp-content\/uploads\/2023\/09\/CombiPlus26x.jpg",500,305,false],"1536x1536":["https:\/\/www.gleichcom.samuraidev.ch\/wp-content\/uploads\/2023\/09\/CombiPlus26x.jpg",500,305,false],"2048x2048":["https:\/\/www.gleichcom.samuraidev.ch\/wp-content\/uploads\/2023\/09\/CombiPlus26x.jpg",500,305,false],"woocommerce_thumbnail":["https:\/\/www.gleichcom.samuraidev.ch\/wp-content\/uploads\/2023\/09\/CombiPlus26x.jpg",300,183,false],"woocommerce_single":["https:\/\/www.gleichcom.samuraidev.ch\/wp-content\/uploads\/2023\/09\/CombiPlus26x.jpg",500,305,false],"woocommerce_gallery_thumbnail":["https:\/\/www.gleichcom.samuraidev.ch\/wp-content\/uploads\/2023\/09\/CombiPlus26x-100x100.jpg",100,100,true]},"uagb_author_info":{"display_name":"","author_link":"https:\/\/www.gleichcom.samuraidev.ch\/it\/author\/"},"uagb_comment_info":0,"uagb_excerpt":"Lente d'ingrandimento di alta qualit\u00e0 con lenti di grande diametro. Pu\u00f2 essere utilizzato come supporto o lente di ingrandimento manuale grazie ai piedini metallici pieghevoli. Con ingrandimento 2,6x.","_links":{"self":[{"href":"https:\/\/www.gleichcom.samuraidev.ch\/it\/wp-json\/wp\/v2\/product\/11119","targetHints":{"allow":["GET"]}}],"collection":[{"href":"https:\/\/www.gleichcom.samuraidev.ch\/it\/wp-json\/wp\/v2\/product"}],"about":[{"href":"https:\/\/www.gleichcom.samuraidev.ch\/it\/wp-json\/wp\/v2\/types\/product"}],"wp:featuredmedia":[{"embeddable":true,"href":"https:\/\/www.gleichcom.samuraidev.ch\/it\/wp-json\/wp\/v2\/media\/11117"}],"wp:attachment":[{"href":"https:\/\/www.gleichcom.samuraidev.ch\/it\/wp-json\/wp\/v2\/media?parent=11119"}],"wp:term":[{"taxonomy":"product_brand","embeddable":true,"href":"https:\/\/www.gleichcom.samuraidev.ch\/it\/wp-json\/wp\/v2\/product_brand?post=11119"},{"taxonomy":"product_cat","embeddable":true,"href":"https:\/\/www.gleichcom.samuraidev.ch\/it\/wp-json\/wp\/v2\/product_cat?post=11119"},{"taxonomy":"product_tag","embeddable":true,"href":"https:\/\/www.gleichcom.samuraidev.ch\/it\/wp-json\/wp\/v2\/product_tag?post=11119"}],"curies":[{"name":"wp","href":"https:\/\/api.w.org\/{rel}","templated":true}]}}