{"id":11383,"date":"2019-09-02T08:19:13","date_gmt":"2019-09-02T06:19:13","guid":{"rendered":"https:\/\/www.gleichcom.samuraidev.ch\/?product=phonak-compilot-fuer-quest-hoergeraete-und-advanced-bionics-implantat"},"modified":"1000-01-01T00:00:00","modified_gmt":"1000-01-01T00:00:00","slug":"phonak-compilot-fuer-quest-hoergeraete-und-advanced-bionics-implantat","status":"publish","type":"product","link":"https:\/\/www.gleichcom.samuraidev.ch\/it\/shop\/phonak-compilot-fuer-quest-hoergeraete-und-advanced-bionics-implantat\/","title":{"rendered":"Phonak ComPilot per gli apparecchi acustici Quest e l&#8217;impianto Advanced Bionics"},"content":{"rendered":"<h2><strong>Phonak ComPilot per gli apparecchi acustici Quest e l&#8217;impianto Advanced Bionics <\/strong><\/h2>\n<p>L&#8217;intelligente accessorio 3 in 1 per tutti gli apparecchi acustici Phonak Quest e Spice<\/p>\n<p>Phonak ComPilot offre tre dispositivi in un unico alloggiamento. Offre un comodo controllo, la libert\u00e0 attraverso la connettivit\u00e0 wireless e la sicurezza attraverso messaggi di stato vocale. ComPilot consente una facile connessione wireless a dispositivi di intrattenimento e comunicazione come TV, lettore MP3 e telefono. Garantisce una connessione stabile, la migliore qualit\u00e0 della voce e consente una comoda telefonia a mani libere. Con il telecomando integrato \u00e8 possibile regolare comodamente il volume e impostare i programmi. ComPilot \u00e8 il primo accessorio che offre la possibilit\u00e0 di messaggi vocali &#8211; VoiceAlerts.<br \/>\nQuesto rende pi\u00f9 facile che mai la comunicazione con un apparecchio acustico o un impianto AB.<br \/>\nComPilot viene utilizzato anche come interfaccia per un sistema FM a scuola o al lavoro.<br \/>\n\u00c8 l&#8217;interfaccia ideale per gli accessori Roger come Select , Microfono da tavolo e PEN.<\/p>\n<p>Compatibile anche con l&#8217;AB Naida CI !<\/p>\n<p>\nAmbito di consegna:<\/p>\n<p>\u00a0\u00a0\u00a0 1 ComPilot<br \/>\n\u00a0\u00a0\u00a0 1 alimentatore<br \/>\n\u00a0\u00a0\u00a0 1 cavo di ricarica USB<br \/>\n\u00a0\u00a0\u00a0 1 passante per il collo<br \/>\n\u00a0\u00a0\u00a0 1 manuale d&#8217;uso dettagliato<\/p>\n<p>Potete anche ordinare il dispositivo per una prova di 10 giorni a casa.<br \/>\nSaremo lieti di mostrarvi il prodotto in una consulenza personale.<br \/>\nFissate un appuntamento con noi.<br \/>\nPotete raggiungerci al numero 041 783 00 80 o via e-mail: info@gleichcom.ch.<\/p>\n<p>\u00a0<\/p>\n","protected":false},"excerpt":{"rendered":"<p>Compilot \u00e8 3 dispositivi in uno!<br \/>\nTelefono con Bluetooth.<br \/>\nControllo remoto degli apparecchi acustici o dell&#8217;impianto.<br \/>\nTelevisione o ascolto della musica<br \/>\nOppure anche come interfaccia per dispositivi Roger come Select, PEN o Tablemic<br \/>\nSaremo lieti di consigliarvi nel nostro showroom.<\/p>\n","protected":false},"featured_media":11381,"template":"","meta":{"inline_featured_image":false,"_uag_custom_page_level_css":"","site-sidebar-layout":"default","site-content-layout":"","ast-site-content-layout":"default","site-content-style":"default","site-sidebar-style":"default","ast-global-header-display":"","ast-banner-title-visibility":"","ast-main-header-display":"","ast-hfb-above-header-display":"","ast-hfb-below-header-display":"","ast-hfb-mobile-header-display":"","site-post-title":"","ast-breadcrumbs-content":"","ast-featured-img":"","footer-sml-layout":"","ast-disable-related-posts":"","theme-transparent-header-meta":"","adv-header-id-meta":"","stick-header-meta":"","header-above-stick-meta":"","header-main-stick-meta":"","header-below-stick-meta":"","astra-migrate-meta-layouts":"default","ast-page-background-enabled":"default","ast-page-background-meta":{"desktop":{"background-color":"","background-image":"","background-repeat":"repeat","background-position":"center center","background-size":"auto","background-attachment":"scroll","background-type":"","background-media":"","overlay-type":"","overlay-color":"","overlay-opacity":"","overlay-gradient":""},"tablet":{"background-color":"","background-image":"","background-repeat":"repeat","background-position":"center center","background-size":"auto","background-attachment":"scroll","background-type":"","background-media":"","overlay-type":"","overlay-color":"","overlay-opacity":"","overlay-gradient":""},"mobile":{"background-color":"","background-image":"","background-repeat":"repeat","background-position":"center center","background-size":"auto","background-attachment":"scroll","background-type":"","background-media":"","overlay-type":"","overlay-color":"","overlay-opacity":"","overlay-gradient":""}},"ast-content-background-meta":{"desktop":{"background-color":"var(--ast-global-color-5)","background-image":"","background-repeat":"repeat","background-position":"center center","background-size":"auto","background-attachment":"scroll","background-type":"","background-media":"","overlay-type":"","overlay-color":"","overlay-opacity":"","overlay-gradient":""},"tablet":{"background-color":"var(--ast-global-color-5)","background-image":"","background-repeat":"repeat","background-position":"center center","background-size":"auto","background-attachment":"scroll","background-type":"","background-media":"","overlay-type":"","overlay-color":"","overlay-opacity":"","overlay-gradient":""},"mobile":{"background-color":"var(--ast-global-color-5)","background-image":"","background-repeat":"repeat","background-position":"center center","background-size":"auto","background-attachment":"scroll","background-type":"","background-media":"","overlay-type":"","overlay-color":"","overlay-opacity":"","overlay-gradient":""}}},"product_brand":[],"product_cat":[2881],"product_tag":[],"class_list":{"0":"post-11383","1":"product","2":"type-product","3":"status-publish","4":"has-post-thumbnail","6":"product_cat-advanced-bionics-it-2","7":"desktop-align-center","8":"tablet-align-center","9":"mobile-align-center","10":"ast-product-gallery-layout-horizontal-slider","11":"ast-product-gallery-with-no-image","12":"ast-product-tabs-layout-accordion","14":"first","15":"instock","16":"taxable","17":"shipping-taxable","18":"purchasable","19":"product-type-simple"},"yoast_head":"<!-- This site is optimized with the Yoast SEO plugin v27.5 - https:\/\/yoast.com\/product\/yoast-seo-wordpress\/ -->\n<title>Phonak ComPilot per gli apparecchi acustici Quest e l&#039;impianto Advanced Bionics im Onlineshop | Gleichcom AG<\/title>\n<meta name=\"description\" content=\"\u2705 Compilot \u00e8 3 dispositivi in uno! Telefono con Bluetooth. Controllo remoto degli apparecchi acustici o dell&#039;impianto. Televisione o ascolto della musica Oppure anche come interfaccia per dispositivi Roger come Select, PEN o Tablemic Saremo lieti di consigliarvi nel nostro showroom.\" \/>\n<meta name=\"robots\" content=\"noindex, follow, max-snippet:-1, max-image-preview:large, max-video-preview:-1\" \/>\n<meta property=\"og:locale\" content=\"it_IT\" \/>\n<meta property=\"og:type\" content=\"article\" \/>\n<meta property=\"og:title\" content=\"Phonak ComPilot per gli apparecchi acustici Quest e l&#039;impianto Advanced Bionics im Onlineshop | Gleichcom AG\" \/>\n<meta property=\"og:description\" content=\"\u2705 Compilot \u00e8 3 dispositivi in uno! Telefono con Bluetooth. Controllo remoto degli apparecchi acustici o dell&#039;impianto. Televisione o ascolto della musica Oppure anche come interfaccia per dispositivi Roger come Select, PEN o Tablemic Saremo lieti di consigliarvi nel nostro showroom.\" \/>\n<meta property=\"og:url\" content=\"https:\/\/www.gleichcom.samuraidev.ch\/it\/shop\/phonak-compilot-fuer-quest-hoergeraete-und-advanced-bionics-implantat\/\" \/>\n<meta property=\"og:site_name\" content=\"Gleichcom AG\" \/>\n<meta property=\"article:publisher\" content=\"https:\/\/www.facebook.com\/profile.php?id=100068749126981\" \/>\n<meta property=\"og:image\" content=\"https:\/\/www.gleichcom.samuraidev.ch\/wp-content\/uploads\/2023\/09\/0760128_ComPilot_perspective_0.jpg\" \/>\n\t<meta property=\"og:image:width\" content=\"500\" \/>\n\t<meta property=\"og:image:height\" content=\"500\" \/>\n\t<meta property=\"og:image:type\" content=\"image\/jpeg\" \/>\n<meta name=\"twitter:card\" content=\"summary_large_image\" \/>\n<script type=\"application\/ld+json\" class=\"yoast-schema-graph\">{\"@context\":\"https:\\\/\\\/schema.org\",\"@graph\":[{\"@type\":\"WebPage\",\"@id\":\"https:\\\/\\\/www.gleichcom.samuraidev.ch\\\/it\\\/shop\\\/phonak-compilot-fuer-quest-hoergeraete-und-advanced-bionics-implantat\\\/\",\"url\":\"https:\\\/\\\/www.gleichcom.samuraidev.ch\\\/it\\\/shop\\\/phonak-compilot-fuer-quest-hoergeraete-und-advanced-bionics-implantat\\\/\",\"name\":\"Phonak ComPilot per gli apparecchi acustici Quest e l'impianto Advanced Bionics im Onlineshop | Gleichcom AG\",\"isPartOf\":{\"@id\":\"https:\\\/\\\/www.gleichcom.samuraidev.ch\\\/it\\\/#website\"},\"primaryImageOfPage\":{\"@id\":\"https:\\\/\\\/www.gleichcom.samuraidev.ch\\\/it\\\/shop\\\/phonak-compilot-fuer-quest-hoergeraete-und-advanced-bionics-implantat\\\/#primaryimage\"},\"image\":{\"@id\":\"https:\\\/\\\/www.gleichcom.samuraidev.ch\\\/it\\\/shop\\\/phonak-compilot-fuer-quest-hoergeraete-und-advanced-bionics-implantat\\\/#primaryimage\"},\"thumbnailUrl\":\"https:\\\/\\\/www.gleichcom.samuraidev.ch\\\/wp-content\\\/uploads\\\/2023\\\/09\\\/0760128_ComPilot_perspective_0.jpg\",\"datePublished\":\"2019-09-02T06:19:13+00:00\",\"description\":\"\u2705 Compilot \u00e8 3 dispositivi in uno! Telefono con Bluetooth. Controllo remoto degli apparecchi acustici o dell'impianto. Televisione o ascolto della musica Oppure anche come interfaccia per dispositivi Roger come Select, PEN o Tablemic Saremo lieti di consigliarvi nel nostro showroom.\",\"breadcrumb\":{\"@id\":\"https:\\\/\\\/www.gleichcom.samuraidev.ch\\\/it\\\/shop\\\/phonak-compilot-fuer-quest-hoergeraete-und-advanced-bionics-implantat\\\/#breadcrumb\"},\"inLanguage\":\"it-IT\",\"potentialAction\":[{\"@type\":\"ReadAction\",\"target\":[\"https:\\\/\\\/www.gleichcom.samuraidev.ch\\\/it\\\/shop\\\/phonak-compilot-fuer-quest-hoergeraete-und-advanced-bionics-implantat\\\/\"]}]},{\"@type\":\"ImageObject\",\"inLanguage\":\"it-IT\",\"@id\":\"https:\\\/\\\/www.gleichcom.samuraidev.ch\\\/it\\\/shop\\\/phonak-compilot-fuer-quest-hoergeraete-und-advanced-bionics-implantat\\\/#primaryimage\",\"url\":\"https:\\\/\\\/www.gleichcom.samuraidev.ch\\\/wp-content\\\/uploads\\\/2023\\\/09\\\/0760128_ComPilot_perspective_0.jpg\",\"contentUrl\":\"https:\\\/\\\/www.gleichcom.samuraidev.ch\\\/wp-content\\\/uploads\\\/2023\\\/09\\\/0760128_ComPilot_perspective_0.jpg\",\"width\":500,\"height\":500},{\"@type\":\"BreadcrumbList\",\"@id\":\"https:\\\/\\\/www.gleichcom.samuraidev.ch\\\/it\\\/shop\\\/phonak-compilot-fuer-quest-hoergeraete-und-advanced-bionics-implantat\\\/#breadcrumb\",\"itemListElement\":[{\"@type\":\"ListItem\",\"position\":1,\"name\":\"Startseite\",\"item\":\"https:\\\/\\\/www.gleichcom.samuraidev.ch\\\/it\\\/\"},{\"@type\":\"ListItem\",\"position\":2,\"name\":\"Shop\",\"item\":\"https:\\\/\\\/www.gleichcom.samuraidev.ch\\\/it\\\/shop\\\/\"},{\"@type\":\"ListItem\",\"position\":3,\"name\":\"Phonak ComPilot per gli apparecchi acustici Quest e l&#8217;impianto Advanced Bionics\"}]},{\"@type\":\"WebSite\",\"@id\":\"https:\\\/\\\/www.gleichcom.samuraidev.ch\\\/it\\\/#website\",\"url\":\"https:\\\/\\\/www.gleichcom.samuraidev.ch\\\/it\\\/\",\"name\":\"Gleichcom AG\",\"description\":\"besser h\u00f6ren. besser sehen. besser leben.\",\"publisher\":{\"@id\":\"https:\\\/\\\/www.gleichcom.samuraidev.ch\\\/it\\\/#organization\"},\"alternateName\":\"Gleichcom\",\"potentialAction\":[{\"@type\":\"SearchAction\",\"target\":{\"@type\":\"EntryPoint\",\"urlTemplate\":\"https:\\\/\\\/www.gleichcom.samuraidev.ch\\\/it\\\/?s={search_term_string}\"},\"query-input\":{\"@type\":\"PropertyValueSpecification\",\"valueRequired\":true,\"valueName\":\"search_term_string\"}}],\"inLanguage\":\"it-IT\"},{\"@type\":\"Organization\",\"@id\":\"https:\\\/\\\/www.gleichcom.samuraidev.ch\\\/it\\\/#organization\",\"name\":\"Gleichcom AG\",\"alternateName\":\"Gleichcom\",\"url\":\"https:\\\/\\\/www.gleichcom.samuraidev.ch\\\/it\\\/\",\"logo\":{\"@type\":\"ImageObject\",\"inLanguage\":\"it-IT\",\"@id\":\"https:\\\/\\\/www.gleichcom.samuraidev.ch\\\/it\\\/#\\\/schema\\\/logo\\\/image\\\/\",\"url\":\"https:\\\/\\\/www.gleichcom.samuraidev.ch\\\/wp-content\\\/uploads\\\/2023\\\/09\\\/gleichcom-ag-logo-quadrat-farbig-mitte@696.png\",\"contentUrl\":\"https:\\\/\\\/www.gleichcom.samuraidev.ch\\\/wp-content\\\/uploads\\\/2023\\\/09\\\/gleichcom-ag-logo-quadrat-farbig-mitte@696.png\",\"width\":437,\"height\":437,\"caption\":\"Gleichcom AG\"},\"image\":{\"@id\":\"https:\\\/\\\/www.gleichcom.samuraidev.ch\\\/it\\\/#\\\/schema\\\/logo\\\/image\\\/\"},\"sameAs\":[\"https:\\\/\\\/www.facebook.com\\\/profile.php?id=100068749126981\"]}]}<\/script>\n<!-- \/ Yoast SEO plugin. -->","yoast_head_json":{"title":"Phonak ComPilot per gli apparecchi acustici Quest e l'impianto Advanced Bionics im Onlineshop | Gleichcom AG","description":"\u2705 Compilot \u00e8 3 dispositivi in uno! Telefono con Bluetooth. Controllo remoto degli apparecchi acustici o dell'impianto. Televisione o ascolto della musica Oppure anche come interfaccia per dispositivi Roger come Select, PEN o Tablemic Saremo lieti di consigliarvi nel nostro showroom.","robots":{"index":"noindex","follow":"follow","max-snippet":"max-snippet:-1","max-image-preview":"max-image-preview:large","max-video-preview":"max-video-preview:-1"},"og_locale":"it_IT","og_type":"article","og_title":"Phonak ComPilot per gli apparecchi acustici Quest e l'impianto Advanced Bionics im Onlineshop | Gleichcom AG","og_description":"\u2705 Compilot \u00e8 3 dispositivi in uno! Telefono con Bluetooth. Controllo remoto degli apparecchi acustici o dell'impianto. Televisione o ascolto della musica Oppure anche come interfaccia per dispositivi Roger come Select, PEN o Tablemic Saremo lieti di consigliarvi nel nostro showroom.","og_url":"https:\/\/www.gleichcom.samuraidev.ch\/it\/shop\/phonak-compilot-fuer-quest-hoergeraete-und-advanced-bionics-implantat\/","og_site_name":"Gleichcom AG","article_publisher":"https:\/\/www.facebook.com\/profile.php?id=100068749126981","og_image":[{"width":500,"height":500,"url":"https:\/\/www.gleichcom.samuraidev.ch\/wp-content\/uploads\/2023\/09\/0760128_ComPilot_perspective_0.jpg","type":"image\/jpeg"}],"twitter_card":"summary_large_image","schema":{"@context":"https:\/\/schema.org","@graph":[{"@type":"WebPage","@id":"https:\/\/www.gleichcom.samuraidev.ch\/it\/shop\/phonak-compilot-fuer-quest-hoergeraete-und-advanced-bionics-implantat\/","url":"https:\/\/www.gleichcom.samuraidev.ch\/it\/shop\/phonak-compilot-fuer-quest-hoergeraete-und-advanced-bionics-implantat\/","name":"Phonak ComPilot per gli apparecchi acustici Quest e l'impianto Advanced Bionics im Onlineshop | Gleichcom AG","isPartOf":{"@id":"https:\/\/www.gleichcom.samuraidev.ch\/it\/#website"},"primaryImageOfPage":{"@id":"https:\/\/www.gleichcom.samuraidev.ch\/it\/shop\/phonak-compilot-fuer-quest-hoergeraete-und-advanced-bionics-implantat\/#primaryimage"},"image":{"@id":"https:\/\/www.gleichcom.samuraidev.ch\/it\/shop\/phonak-compilot-fuer-quest-hoergeraete-und-advanced-bionics-implantat\/#primaryimage"},"thumbnailUrl":"https:\/\/www.gleichcom.samuraidev.ch\/wp-content\/uploads\/2023\/09\/0760128_ComPilot_perspective_0.jpg","datePublished":"2019-09-02T06:19:13+00:00","description":"\u2705 Compilot \u00e8 3 dispositivi in uno! Telefono con Bluetooth. Controllo remoto degli apparecchi acustici o dell'impianto. Televisione o ascolto della musica Oppure anche come interfaccia per dispositivi Roger come Select, PEN o Tablemic Saremo lieti di consigliarvi nel nostro showroom.","breadcrumb":{"@id":"https:\/\/www.gleichcom.samuraidev.ch\/it\/shop\/phonak-compilot-fuer-quest-hoergeraete-und-advanced-bionics-implantat\/#breadcrumb"},"inLanguage":"it-IT","potentialAction":[{"@type":"ReadAction","target":["https:\/\/www.gleichcom.samuraidev.ch\/it\/shop\/phonak-compilot-fuer-quest-hoergeraete-und-advanced-bionics-implantat\/"]}]},{"@type":"ImageObject","inLanguage":"it-IT","@id":"https:\/\/www.gleichcom.samuraidev.ch\/it\/shop\/phonak-compilot-fuer-quest-hoergeraete-und-advanced-bionics-implantat\/#primaryimage","url":"https:\/\/www.gleichcom.samuraidev.ch\/wp-content\/uploads\/2023\/09\/0760128_ComPilot_perspective_0.jpg","contentUrl":"https:\/\/www.gleichcom.samuraidev.ch\/wp-content\/uploads\/2023\/09\/0760128_ComPilot_perspective_0.jpg","width":500,"height":500},{"@type":"BreadcrumbList","@id":"https:\/\/www.gleichcom.samuraidev.ch\/it\/shop\/phonak-compilot-fuer-quest-hoergeraete-und-advanced-bionics-implantat\/#breadcrumb","itemListElement":[{"@type":"ListItem","position":1,"name":"Startseite","item":"https:\/\/www.gleichcom.samuraidev.ch\/it\/"},{"@type":"ListItem","position":2,"name":"Shop","item":"https:\/\/www.gleichcom.samuraidev.ch\/it\/shop\/"},{"@type":"ListItem","position":3,"name":"Phonak ComPilot per gli apparecchi acustici Quest e l&#8217;impianto Advanced Bionics"}]},{"@type":"WebSite","@id":"https:\/\/www.gleichcom.samuraidev.ch\/it\/#website","url":"https:\/\/www.gleichcom.samuraidev.ch\/it\/","name":"Gleichcom AG","description":"besser h\u00f6ren. besser sehen. besser leben.","publisher":{"@id":"https:\/\/www.gleichcom.samuraidev.ch\/it\/#organization"},"alternateName":"Gleichcom","potentialAction":[{"@type":"SearchAction","target":{"@type":"EntryPoint","urlTemplate":"https:\/\/www.gleichcom.samuraidev.ch\/it\/?s={search_term_string}"},"query-input":{"@type":"PropertyValueSpecification","valueRequired":true,"valueName":"search_term_string"}}],"inLanguage":"it-IT"},{"@type":"Organization","@id":"https:\/\/www.gleichcom.samuraidev.ch\/it\/#organization","name":"Gleichcom AG","alternateName":"Gleichcom","url":"https:\/\/www.gleichcom.samuraidev.ch\/it\/","logo":{"@type":"ImageObject","inLanguage":"it-IT","@id":"https:\/\/www.gleichcom.samuraidev.ch\/it\/#\/schema\/logo\/image\/","url":"https:\/\/www.gleichcom.samuraidev.ch\/wp-content\/uploads\/2023\/09\/gleichcom-ag-logo-quadrat-farbig-mitte@696.png","contentUrl":"https:\/\/www.gleichcom.samuraidev.ch\/wp-content\/uploads\/2023\/09\/gleichcom-ag-logo-quadrat-farbig-mitte@696.png","width":437,"height":437,"caption":"Gleichcom AG"},"image":{"@id":"https:\/\/www.gleichcom.samuraidev.ch\/it\/#\/schema\/logo\/image\/"},"sameAs":["https:\/\/www.facebook.com\/profile.php?id=100068749126981"]}]}},"uagb_featured_image_src":{"full":["https:\/\/www.gleichcom.samuraidev.ch\/wp-content\/uploads\/2023\/09\/0760128_ComPilot_perspective_0.jpg",500,500,false],"thumbnail":["https:\/\/www.gleichcom.samuraidev.ch\/wp-content\/uploads\/2023\/09\/0760128_ComPilot_perspective_0.jpg",150,150,false],"medium":["https:\/\/www.gleichcom.samuraidev.ch\/wp-content\/uploads\/2023\/09\/0760128_ComPilot_perspective_0.jpg",300,300,false],"medium_large":["https:\/\/www.gleichcom.samuraidev.ch\/wp-content\/uploads\/2023\/09\/0760128_ComPilot_perspective_0.jpg",500,500,false],"large":["https:\/\/www.gleichcom.samuraidev.ch\/wp-content\/uploads\/2023\/09\/0760128_ComPilot_perspective_0.jpg",500,500,false],"1536x1536":["https:\/\/www.gleichcom.samuraidev.ch\/wp-content\/uploads\/2023\/09\/0760128_ComPilot_perspective_0.jpg",500,500,false],"2048x2048":["https:\/\/www.gleichcom.samuraidev.ch\/wp-content\/uploads\/2023\/09\/0760128_ComPilot_perspective_0.jpg",500,500,false],"woocommerce_thumbnail":["https:\/\/www.gleichcom.samuraidev.ch\/wp-content\/uploads\/2023\/09\/0760128_ComPilot_perspective_0.jpg",300,300,false],"woocommerce_single":["https:\/\/www.gleichcom.samuraidev.ch\/wp-content\/uploads\/2023\/09\/0760128_ComPilot_perspective_0.jpg",500,500,false],"woocommerce_gallery_thumbnail":["https:\/\/www.gleichcom.samuraidev.ch\/wp-content\/uploads\/2023\/09\/0760128_ComPilot_perspective_0.jpg",100,100,false]},"uagb_author_info":{"display_name":"","author_link":"https:\/\/www.gleichcom.samuraidev.ch\/it\/author\/"},"uagb_comment_info":0,"uagb_excerpt":"Compilot \u00e8 3 dispositivi in uno! Telefono con Bluetooth. Controllo remoto degli apparecchi acustici o dell'impianto. Televisione o ascolto della musica Oppure anche come interfaccia per dispositivi Roger come Select, PEN o Tablemic Saremo lieti di consigliarvi nel nostro showroom.","_links":{"self":[{"href":"https:\/\/www.gleichcom.samuraidev.ch\/it\/wp-json\/wp\/v2\/product\/11383","targetHints":{"allow":["GET"]}}],"collection":[{"href":"https:\/\/www.gleichcom.samuraidev.ch\/it\/wp-json\/wp\/v2\/product"}],"about":[{"href":"https:\/\/www.gleichcom.samuraidev.ch\/it\/wp-json\/wp\/v2\/types\/product"}],"wp:featuredmedia":[{"embeddable":true,"href":"https:\/\/www.gleichcom.samuraidev.ch\/it\/wp-json\/wp\/v2\/media\/11381"}],"wp:attachment":[{"href":"https:\/\/www.gleichcom.samuraidev.ch\/it\/wp-json\/wp\/v2\/media?parent=11383"}],"wp:term":[{"taxonomy":"product_brand","embeddable":true,"href":"https:\/\/www.gleichcom.samuraidev.ch\/it\/wp-json\/wp\/v2\/product_brand?post=11383"},{"taxonomy":"product_cat","embeddable":true,"href":"https:\/\/www.gleichcom.samuraidev.ch\/it\/wp-json\/wp\/v2\/product_cat?post=11383"},{"taxonomy":"product_tag","embeddable":true,"href":"https:\/\/www.gleichcom.samuraidev.ch\/it\/wp-json\/wp\/v2\/product_tag?post=11383"}],"curies":[{"name":"wp","href":"https:\/\/api.w.org\/{rel}","templated":true}]}}