{"id":12961,"date":"2020-01-13T11:43:22","date_gmt":"2020-01-13T10:43:22","guid":{"rendered":"https:\/\/www.gleichcom.samuraidev.ch\/?product=eschenbach-vario-maxi-standleuchtlupe"},"modified":"1000-01-01T00:00:00","modified_gmt":"1000-01-01T00:00:00","slug":"eschenbach-vario-maxi-standleuchtlupe","status":"publish","type":"product","link":"https:\/\/www.gleichcom.samuraidev.ch\/it\/shop\/eschenbach-vario-maxi-standleuchtlupe\/","title":{"rendered":"Eschenbach Vario Maxi lente di ingrandimento a pavimento illuminata"},"content":{"rendered":"<p><strong>Ingrandimento e illuminazione confortevoli<\/strong><\/p>\n<p>La lampada d&#8217;ingrandimento Vario Maxi di Eschenbach vi offre un ingrandimento e un&#8217;illuminazione ottimali in un unico apparecchio! Vedere anche i pi\u00f9 piccoli dettagli nel grande campo visivo e usare la lente d&#8217;ingrandimento per leggere, scrivere, guardare le immagini, manicure, lavori manuali e molto altro ancora. La lente da pavimento Vario Maxi \u00e8 dotata di un pratico morsetto da tavolo e pu\u00f2 essere facilmente fissata al tavolo o alle superfici di lavoro. Grazie alle diverse possibilit\u00e0 di regolazione del supporto articolato e della testa della lente d&#8217;ingrandimento, \u00e8 garantito che troverete la posizione perfetta e potrete leggere o lavorare in una posizione comoda durante l&#8217;utilizzo.<\/p>\n<p>A colpo d&#8217;occhio<\/p>\n<p>\u00a0\u00a0\u00a0 Lente di ingrandimento da supporto di alta qualit\u00e0 con illuminazione<br \/>\n\u00a0\u00a0\u00a0 Lente PXM antigraffio con elevato comfort visivo<br \/>\n\u00a0\u00a0\u00a0 Bordi affilati, immagini prive di distorsioni<br \/>\n\u00a0\u00a0\u00a0 Il campo visivo copre comodamente le dimensioni di una pagina DIN A4<br \/>\n\u00a0\u00a0\u00a0 Molte possibilit\u00e0 di regolazione grazie al supporto articolato<br \/>\n\u00a0\u00a0\u00a0 Testina di ingrandimento orientabile<br \/>\n\u00a0\u00a0\u00a0 Pu\u00f2 essere utilizzato con occhiali da vicino e da lontano<br \/>\n\u00a0\u00a0\u00a0 Posizione di lettura confortevole<br \/>\n\u00a0\u00a0\u00a0 Morsetto da tavolo per spessori del pannello da 18 &#8211; 74 mm<br \/>\n\u00a0\u00a0\u00a0 Prolunga treppiede max. 900 mm<br \/>\n\u00a0\u00a0\u00a0 Ingrandimento: 1,75 x<br \/>\n\u00a0\u00a0\u00a0 \u00d8 220 mm<br \/>\n\u00a0\u00a0\u00a0 Lunghezza del cavo: 3 m<\/p>\n<p>Ambito di fornitura<\/p>\n<p>\u00a0\u00a0\u00a0 1 x lente di ingrandimento da stativo incl. lampada<br \/>\n\u00a0\u00a0\u00a0 1 x morsetto da tavolo<br \/>\n\u00a0\u00a0\u00a0 1 x parapolvere<\/p>\n","protected":false},"excerpt":{"rendered":"<p>Lente di ingrandimento da supporto di alta qualit\u00e0 con illuminazione. Posizione di lettura confortevole grazie alle numerose possibilit\u00e0 di regolazione. Pu\u00f2 essere utilizzato con occhiali da vicino e da lontano. Ingrandimento 1,75x e campo visivo delle dimensioni di una pagina DIN A4.<\/p>\n","protected":false},"featured_media":12959,"template":"","meta":{"inline_featured_image":false,"_uag_custom_page_level_css":"","site-sidebar-layout":"default","site-content-layout":"","ast-site-content-layout":"default","site-content-style":"default","site-sidebar-style":"default","ast-global-header-display":"","ast-banner-title-visibility":"","ast-main-header-display":"","ast-hfb-above-header-display":"","ast-hfb-below-header-display":"","ast-hfb-mobile-header-display":"","site-post-title":"","ast-breadcrumbs-content":"","ast-featured-img":"","footer-sml-layout":"","ast-disable-related-posts":"","theme-transparent-header-meta":"","adv-header-id-meta":"","stick-header-meta":"","header-above-stick-meta":"","header-main-stick-meta":"","header-below-stick-meta":"","astra-migrate-meta-layouts":"default","ast-page-background-enabled":"default","ast-page-background-meta":{"desktop":{"background-color":"","background-image":"","background-repeat":"repeat","background-position":"center center","background-size":"auto","background-attachment":"scroll","background-type":"","background-media":"","overlay-type":"","overlay-color":"","overlay-opacity":"","overlay-gradient":""},"tablet":{"background-color":"","background-image":"","background-repeat":"repeat","background-position":"center center","background-size":"auto","background-attachment":"scroll","background-type":"","background-media":"","overlay-type":"","overlay-color":"","overlay-opacity":"","overlay-gradient":""},"mobile":{"background-color":"","background-image":"","background-repeat":"repeat","background-position":"center center","background-size":"auto","background-attachment":"scroll","background-type":"","background-media":"","overlay-type":"","overlay-color":"","overlay-opacity":"","overlay-gradient":""}},"ast-content-background-meta":{"desktop":{"background-color":"var(--ast-global-color-5)","background-image":"","background-repeat":"repeat","background-position":"center center","background-size":"auto","background-attachment":"scroll","background-type":"","background-media":"","overlay-type":"","overlay-color":"","overlay-opacity":"","overlay-gradient":""},"tablet":{"background-color":"var(--ast-global-color-5)","background-image":"","background-repeat":"repeat","background-position":"center center","background-size":"auto","background-attachment":"scroll","background-type":"","background-media":"","overlay-type":"","overlay-color":"","overlay-opacity":"","overlay-gradient":""},"mobile":{"background-color":"var(--ast-global-color-5)","background-image":"","background-repeat":"repeat","background-position":"center center","background-size":"auto","background-attachment":"scroll","background-type":"","background-media":"","overlay-type":"","overlay-color":"","overlay-opacity":"","overlay-gradient":""}}},"product_brand":[],"product_cat":[3013],"product_tag":[],"class_list":{"0":"post-12961","1":"product","2":"type-product","3":"status-publish","4":"has-post-thumbnail","6":"product_cat-lenti-di-ingrandimento-per-la-lettura-it","7":"desktop-align-center","8":"tablet-align-center","9":"mobile-align-center","10":"ast-product-gallery-layout-horizontal-slider","11":"ast-product-gallery-with-no-image","12":"ast-product-tabs-layout-accordion","14":"first","15":"onbackorder","16":"taxable","17":"shipping-taxable","18":"purchasable","19":"product-type-simple"},"yoast_head":"<!-- This site is optimized with the Yoast SEO plugin v27.5 - https:\/\/yoast.com\/product\/yoast-seo-wordpress\/ -->\n<title>Eschenbach Vario Maxi lente di ingrandimento a pavimento illuminata im Onlineshop | Gleichcom AG<\/title>\n<meta name=\"description\" content=\"\u2705 Lente di ingrandimento da supporto di alta qualit\u00e0 con illuminazione. Posizione di lettura confortevole grazie alle numerose possibilit\u00e0 di regolazione. Pu\u00f2 essere utilizzato con occhiali da vicino e da lontano. Ingrandimento 1,75x e campo visivo delle dimensioni di una pagina DIN A4.\" \/>\n<meta name=\"robots\" content=\"noindex, follow, max-snippet:-1, max-image-preview:large, max-video-preview:-1\" \/>\n<meta property=\"og:locale\" content=\"it_IT\" \/>\n<meta property=\"og:type\" content=\"article\" \/>\n<meta property=\"og:title\" content=\"Eschenbach Vario Maxi lente di ingrandimento a pavimento illuminata im Onlineshop | Gleichcom AG\" \/>\n<meta property=\"og:description\" content=\"\u2705 Lente di ingrandimento da supporto di alta qualit\u00e0 con illuminazione. Posizione di lettura confortevole grazie alle numerose possibilit\u00e0 di regolazione. Pu\u00f2 essere utilizzato con occhiali da vicino e da lontano. Ingrandimento 1,75x e campo visivo delle dimensioni di una pagina DIN A4.\" \/>\n<meta property=\"og:url\" content=\"https:\/\/www.gleichcom.samuraidev.ch\/it\/shop\/eschenbach-vario-maxi-standleuchtlupe\/\" \/>\n<meta property=\"og:site_name\" content=\"Gleichcom AG\" \/>\n<meta property=\"article:publisher\" content=\"https:\/\/www.facebook.com\/profile.php?id=100068749126981\" \/>\n<meta property=\"og:image\" content=\"https:\/\/www.gleichcom.samuraidev.ch\/wp-content\/uploads\/2023\/09\/eschenbachvariomaxistandleuchtlupeesb009001.jpg\" \/>\n\t<meta property=\"og:image:width\" content=\"500\" \/>\n\t<meta property=\"og:image:height\" content=\"500\" \/>\n\t<meta property=\"og:image:type\" content=\"image\/jpeg\" \/>\n<meta name=\"twitter:card\" content=\"summary_large_image\" \/>\n<script type=\"application\/ld+json\" class=\"yoast-schema-graph\">{\"@context\":\"https:\\\/\\\/schema.org\",\"@graph\":[{\"@type\":\"WebPage\",\"@id\":\"https:\\\/\\\/www.gleichcom.samuraidev.ch\\\/it\\\/shop\\\/eschenbach-vario-maxi-standleuchtlupe\\\/\",\"url\":\"https:\\\/\\\/www.gleichcom.samuraidev.ch\\\/it\\\/shop\\\/eschenbach-vario-maxi-standleuchtlupe\\\/\",\"name\":\"Eschenbach Vario Maxi lente di ingrandimento a pavimento illuminata im Onlineshop | Gleichcom AG\",\"isPartOf\":{\"@id\":\"https:\\\/\\\/www.gleichcom.samuraidev.ch\\\/it\\\/#website\"},\"primaryImageOfPage\":{\"@id\":\"https:\\\/\\\/www.gleichcom.samuraidev.ch\\\/it\\\/shop\\\/eschenbach-vario-maxi-standleuchtlupe\\\/#primaryimage\"},\"image\":{\"@id\":\"https:\\\/\\\/www.gleichcom.samuraidev.ch\\\/it\\\/shop\\\/eschenbach-vario-maxi-standleuchtlupe\\\/#primaryimage\"},\"thumbnailUrl\":\"https:\\\/\\\/www.gleichcom.samuraidev.ch\\\/wp-content\\\/uploads\\\/2023\\\/09\\\/eschenbachvariomaxistandleuchtlupeesb009001.jpg\",\"datePublished\":\"2020-01-13T10:43:22+00:00\",\"description\":\"\u2705 Lente di ingrandimento da supporto di alta qualit\u00e0 con illuminazione. Posizione di lettura confortevole grazie alle numerose possibilit\u00e0 di regolazione. Pu\u00f2 essere utilizzato con occhiali da vicino e da lontano. Ingrandimento 1,75x e campo visivo delle dimensioni di una pagina DIN A4.\",\"breadcrumb\":{\"@id\":\"https:\\\/\\\/www.gleichcom.samuraidev.ch\\\/it\\\/shop\\\/eschenbach-vario-maxi-standleuchtlupe\\\/#breadcrumb\"},\"inLanguage\":\"it-IT\",\"potentialAction\":[{\"@type\":\"ReadAction\",\"target\":[\"https:\\\/\\\/www.gleichcom.samuraidev.ch\\\/it\\\/shop\\\/eschenbach-vario-maxi-standleuchtlupe\\\/\"]}]},{\"@type\":\"ImageObject\",\"inLanguage\":\"it-IT\",\"@id\":\"https:\\\/\\\/www.gleichcom.samuraidev.ch\\\/it\\\/shop\\\/eschenbach-vario-maxi-standleuchtlupe\\\/#primaryimage\",\"url\":\"https:\\\/\\\/www.gleichcom.samuraidev.ch\\\/wp-content\\\/uploads\\\/2023\\\/09\\\/eschenbachvariomaxistandleuchtlupeesb009001.jpg\",\"contentUrl\":\"https:\\\/\\\/www.gleichcom.samuraidev.ch\\\/wp-content\\\/uploads\\\/2023\\\/09\\\/eschenbachvariomaxistandleuchtlupeesb009001.jpg\",\"width\":500,\"height\":500},{\"@type\":\"BreadcrumbList\",\"@id\":\"https:\\\/\\\/www.gleichcom.samuraidev.ch\\\/it\\\/shop\\\/eschenbach-vario-maxi-standleuchtlupe\\\/#breadcrumb\",\"itemListElement\":[{\"@type\":\"ListItem\",\"position\":1,\"name\":\"Startseite\",\"item\":\"https:\\\/\\\/www.gleichcom.samuraidev.ch\\\/it\\\/\"},{\"@type\":\"ListItem\",\"position\":2,\"name\":\"Shop\",\"item\":\"https:\\\/\\\/www.gleichcom.samuraidev.ch\\\/it\\\/shop\\\/\"},{\"@type\":\"ListItem\",\"position\":3,\"name\":\"Eschenbach Vario Maxi lente di ingrandimento a pavimento illuminata\"}]},{\"@type\":\"WebSite\",\"@id\":\"https:\\\/\\\/www.gleichcom.samuraidev.ch\\\/it\\\/#website\",\"url\":\"https:\\\/\\\/www.gleichcom.samuraidev.ch\\\/it\\\/\",\"name\":\"Gleichcom AG\",\"description\":\"besser h\u00f6ren. besser sehen. besser leben.\",\"publisher\":{\"@id\":\"https:\\\/\\\/www.gleichcom.samuraidev.ch\\\/it\\\/#organization\"},\"alternateName\":\"Gleichcom\",\"potentialAction\":[{\"@type\":\"SearchAction\",\"target\":{\"@type\":\"EntryPoint\",\"urlTemplate\":\"https:\\\/\\\/www.gleichcom.samuraidev.ch\\\/it\\\/?s={search_term_string}\"},\"query-input\":{\"@type\":\"PropertyValueSpecification\",\"valueRequired\":true,\"valueName\":\"search_term_string\"}}],\"inLanguage\":\"it-IT\"},{\"@type\":\"Organization\",\"@id\":\"https:\\\/\\\/www.gleichcom.samuraidev.ch\\\/it\\\/#organization\",\"name\":\"Gleichcom AG\",\"alternateName\":\"Gleichcom\",\"url\":\"https:\\\/\\\/www.gleichcom.samuraidev.ch\\\/it\\\/\",\"logo\":{\"@type\":\"ImageObject\",\"inLanguage\":\"it-IT\",\"@id\":\"https:\\\/\\\/www.gleichcom.samuraidev.ch\\\/it\\\/#\\\/schema\\\/logo\\\/image\\\/\",\"url\":\"https:\\\/\\\/www.gleichcom.samuraidev.ch\\\/wp-content\\\/uploads\\\/2023\\\/09\\\/gleichcom-ag-logo-quadrat-farbig-mitte@696.png\",\"contentUrl\":\"https:\\\/\\\/www.gleichcom.samuraidev.ch\\\/wp-content\\\/uploads\\\/2023\\\/09\\\/gleichcom-ag-logo-quadrat-farbig-mitte@696.png\",\"width\":437,\"height\":437,\"caption\":\"Gleichcom AG\"},\"image\":{\"@id\":\"https:\\\/\\\/www.gleichcom.samuraidev.ch\\\/it\\\/#\\\/schema\\\/logo\\\/image\\\/\"},\"sameAs\":[\"https:\\\/\\\/www.facebook.com\\\/profile.php?id=100068749126981\"]}]}<\/script>\n<!-- \/ Yoast SEO plugin. -->","yoast_head_json":{"title":"Eschenbach Vario Maxi lente di ingrandimento a pavimento illuminata im Onlineshop | Gleichcom AG","description":"\u2705 Lente di ingrandimento da supporto di alta qualit\u00e0 con illuminazione. Posizione di lettura confortevole grazie alle numerose possibilit\u00e0 di regolazione. Pu\u00f2 essere utilizzato con occhiali da vicino e da lontano. Ingrandimento 1,75x e campo visivo delle dimensioni di una pagina DIN A4.","robots":{"index":"noindex","follow":"follow","max-snippet":"max-snippet:-1","max-image-preview":"max-image-preview:large","max-video-preview":"max-video-preview:-1"},"og_locale":"it_IT","og_type":"article","og_title":"Eschenbach Vario Maxi lente di ingrandimento a pavimento illuminata im Onlineshop | Gleichcom AG","og_description":"\u2705 Lente di ingrandimento da supporto di alta qualit\u00e0 con illuminazione. Posizione di lettura confortevole grazie alle numerose possibilit\u00e0 di regolazione. Pu\u00f2 essere utilizzato con occhiali da vicino e da lontano. Ingrandimento 1,75x e campo visivo delle dimensioni di una pagina DIN A4.","og_url":"https:\/\/www.gleichcom.samuraidev.ch\/it\/shop\/eschenbach-vario-maxi-standleuchtlupe\/","og_site_name":"Gleichcom AG","article_publisher":"https:\/\/www.facebook.com\/profile.php?id=100068749126981","og_image":[{"width":500,"height":500,"url":"https:\/\/www.gleichcom.samuraidev.ch\/wp-content\/uploads\/2023\/09\/eschenbachvariomaxistandleuchtlupeesb009001.jpg","type":"image\/jpeg"}],"twitter_card":"summary_large_image","schema":{"@context":"https:\/\/schema.org","@graph":[{"@type":"WebPage","@id":"https:\/\/www.gleichcom.samuraidev.ch\/it\/shop\/eschenbach-vario-maxi-standleuchtlupe\/","url":"https:\/\/www.gleichcom.samuraidev.ch\/it\/shop\/eschenbach-vario-maxi-standleuchtlupe\/","name":"Eschenbach Vario Maxi lente di ingrandimento a pavimento illuminata im Onlineshop | Gleichcom AG","isPartOf":{"@id":"https:\/\/www.gleichcom.samuraidev.ch\/it\/#website"},"primaryImageOfPage":{"@id":"https:\/\/www.gleichcom.samuraidev.ch\/it\/shop\/eschenbach-vario-maxi-standleuchtlupe\/#primaryimage"},"image":{"@id":"https:\/\/www.gleichcom.samuraidev.ch\/it\/shop\/eschenbach-vario-maxi-standleuchtlupe\/#primaryimage"},"thumbnailUrl":"https:\/\/www.gleichcom.samuraidev.ch\/wp-content\/uploads\/2023\/09\/eschenbachvariomaxistandleuchtlupeesb009001.jpg","datePublished":"2020-01-13T10:43:22+00:00","description":"\u2705 Lente di ingrandimento da supporto di alta qualit\u00e0 con illuminazione. Posizione di lettura confortevole grazie alle numerose possibilit\u00e0 di regolazione. Pu\u00f2 essere utilizzato con occhiali da vicino e da lontano. Ingrandimento 1,75x e campo visivo delle dimensioni di una pagina DIN A4.","breadcrumb":{"@id":"https:\/\/www.gleichcom.samuraidev.ch\/it\/shop\/eschenbach-vario-maxi-standleuchtlupe\/#breadcrumb"},"inLanguage":"it-IT","potentialAction":[{"@type":"ReadAction","target":["https:\/\/www.gleichcom.samuraidev.ch\/it\/shop\/eschenbach-vario-maxi-standleuchtlupe\/"]}]},{"@type":"ImageObject","inLanguage":"it-IT","@id":"https:\/\/www.gleichcom.samuraidev.ch\/it\/shop\/eschenbach-vario-maxi-standleuchtlupe\/#primaryimage","url":"https:\/\/www.gleichcom.samuraidev.ch\/wp-content\/uploads\/2023\/09\/eschenbachvariomaxistandleuchtlupeesb009001.jpg","contentUrl":"https:\/\/www.gleichcom.samuraidev.ch\/wp-content\/uploads\/2023\/09\/eschenbachvariomaxistandleuchtlupeesb009001.jpg","width":500,"height":500},{"@type":"BreadcrumbList","@id":"https:\/\/www.gleichcom.samuraidev.ch\/it\/shop\/eschenbach-vario-maxi-standleuchtlupe\/#breadcrumb","itemListElement":[{"@type":"ListItem","position":1,"name":"Startseite","item":"https:\/\/www.gleichcom.samuraidev.ch\/it\/"},{"@type":"ListItem","position":2,"name":"Shop","item":"https:\/\/www.gleichcom.samuraidev.ch\/it\/shop\/"},{"@type":"ListItem","position":3,"name":"Eschenbach Vario Maxi lente di ingrandimento a pavimento illuminata"}]},{"@type":"WebSite","@id":"https:\/\/www.gleichcom.samuraidev.ch\/it\/#website","url":"https:\/\/www.gleichcom.samuraidev.ch\/it\/","name":"Gleichcom AG","description":"besser h\u00f6ren. besser sehen. besser leben.","publisher":{"@id":"https:\/\/www.gleichcom.samuraidev.ch\/it\/#organization"},"alternateName":"Gleichcom","potentialAction":[{"@type":"SearchAction","target":{"@type":"EntryPoint","urlTemplate":"https:\/\/www.gleichcom.samuraidev.ch\/it\/?s={search_term_string}"},"query-input":{"@type":"PropertyValueSpecification","valueRequired":true,"valueName":"search_term_string"}}],"inLanguage":"it-IT"},{"@type":"Organization","@id":"https:\/\/www.gleichcom.samuraidev.ch\/it\/#organization","name":"Gleichcom AG","alternateName":"Gleichcom","url":"https:\/\/www.gleichcom.samuraidev.ch\/it\/","logo":{"@type":"ImageObject","inLanguage":"it-IT","@id":"https:\/\/www.gleichcom.samuraidev.ch\/it\/#\/schema\/logo\/image\/","url":"https:\/\/www.gleichcom.samuraidev.ch\/wp-content\/uploads\/2023\/09\/gleichcom-ag-logo-quadrat-farbig-mitte@696.png","contentUrl":"https:\/\/www.gleichcom.samuraidev.ch\/wp-content\/uploads\/2023\/09\/gleichcom-ag-logo-quadrat-farbig-mitte@696.png","width":437,"height":437,"caption":"Gleichcom AG"},"image":{"@id":"https:\/\/www.gleichcom.samuraidev.ch\/it\/#\/schema\/logo\/image\/"},"sameAs":["https:\/\/www.facebook.com\/profile.php?id=100068749126981"]}]}},"uagb_featured_image_src":{"full":["https:\/\/www.gleichcom.samuraidev.ch\/wp-content\/uploads\/2023\/09\/eschenbachvariomaxistandleuchtlupeesb009001.jpg",500,500,false],"thumbnail":["https:\/\/www.gleichcom.samuraidev.ch\/wp-content\/uploads\/2023\/09\/eschenbachvariomaxistandleuchtlupeesb009001.jpg",150,150,false],"medium":["https:\/\/www.gleichcom.samuraidev.ch\/wp-content\/uploads\/2023\/09\/eschenbachvariomaxistandleuchtlupeesb009001.jpg",300,300,false],"medium_large":["https:\/\/www.gleichcom.samuraidev.ch\/wp-content\/uploads\/2023\/09\/eschenbachvariomaxistandleuchtlupeesb009001.jpg",500,500,false],"large":["https:\/\/www.gleichcom.samuraidev.ch\/wp-content\/uploads\/2023\/09\/eschenbachvariomaxistandleuchtlupeesb009001.jpg",500,500,false],"1536x1536":["https:\/\/www.gleichcom.samuraidev.ch\/wp-content\/uploads\/2023\/09\/eschenbachvariomaxistandleuchtlupeesb009001.jpg",500,500,false],"2048x2048":["https:\/\/www.gleichcom.samuraidev.ch\/wp-content\/uploads\/2023\/09\/eschenbachvariomaxistandleuchtlupeesb009001.jpg",500,500,false],"woocommerce_thumbnail":["https:\/\/www.gleichcom.samuraidev.ch\/wp-content\/uploads\/2023\/09\/eschenbachvariomaxistandleuchtlupeesb009001.jpg",300,300,false],"woocommerce_single":["https:\/\/www.gleichcom.samuraidev.ch\/wp-content\/uploads\/2023\/09\/eschenbachvariomaxistandleuchtlupeesb009001.jpg",500,500,false],"woocommerce_gallery_thumbnail":["https:\/\/www.gleichcom.samuraidev.ch\/wp-content\/uploads\/2023\/09\/eschenbachvariomaxistandleuchtlupeesb009001.jpg",100,100,false]},"uagb_author_info":{"display_name":"","author_link":"https:\/\/www.gleichcom.samuraidev.ch\/it\/author\/"},"uagb_comment_info":0,"uagb_excerpt":"Lente di ingrandimento da supporto di alta qualit\u00e0 con illuminazione. Posizione di lettura confortevole grazie alle numerose possibilit\u00e0 di regolazione. Pu\u00f2 essere utilizzato con occhiali da vicino e da lontano. Ingrandimento 1,75x e campo visivo delle dimensioni di una pagina DIN A4.","_links":{"self":[{"href":"https:\/\/www.gleichcom.samuraidev.ch\/it\/wp-json\/wp\/v2\/product\/12961","targetHints":{"allow":["GET"]}}],"collection":[{"href":"https:\/\/www.gleichcom.samuraidev.ch\/it\/wp-json\/wp\/v2\/product"}],"about":[{"href":"https:\/\/www.gleichcom.samuraidev.ch\/it\/wp-json\/wp\/v2\/types\/product"}],"wp:featuredmedia":[{"embeddable":true,"href":"https:\/\/www.gleichcom.samuraidev.ch\/it\/wp-json\/wp\/v2\/media\/12959"}],"wp:attachment":[{"href":"https:\/\/www.gleichcom.samuraidev.ch\/it\/wp-json\/wp\/v2\/media?parent=12961"}],"wp:term":[{"taxonomy":"product_brand","embeddable":true,"href":"https:\/\/www.gleichcom.samuraidev.ch\/it\/wp-json\/wp\/v2\/product_brand?post=12961"},{"taxonomy":"product_cat","embeddable":true,"href":"https:\/\/www.gleichcom.samuraidev.ch\/it\/wp-json\/wp\/v2\/product_cat?post=12961"},{"taxonomy":"product_tag","embeddable":true,"href":"https:\/\/www.gleichcom.samuraidev.ch\/it\/wp-json\/wp\/v2\/product_tag?post=12961"}],"curies":[{"name":"wp","href":"https:\/\/api.w.org\/{rel}","templated":true}]}}