{"id":15808,"date":"2021-06-15T15:29:24","date_gmt":"2021-06-15T13:29:24","guid":{"rendered":"https:\/\/www.gleichcom.samuraidev.ch\/?product=marschall-senso-smart-sprechende-armbanduhr-gold-mit-lederarmband"},"modified":"1000-01-01T00:00:00","modified_gmt":"1000-01-01T00:00:00","slug":"marschall-senso-smart-sprechende-armbanduhr-gold-mit-lederarmband","status":"publish","type":"product","link":"https:\/\/www.gleichcom.samuraidev.ch\/it\/shop\/marschall-senso-smart-sprechende-armbanduhr-gold-mit-lederarmband\/","title":{"rendered":"Marschall Senso Smart Sprechende Armbanduhr Gold mit Lederarmband"},"content":{"rendered":"<div>\n\t<span style=\"color:#000000;\"><span style=\"font-size:16px;\"><strong>Marschall Senso Smart Sprechende Armbanduhr Gold mit Lederarmband <\/strong><\/span><\/p>\n<p>\t<strong>Verl\u00e4ssliche Zeit- und Datumsansage<\/strong><br \/>\n\tMit der Senso Smart Armbanduhr bleiben Sie stets auf dem Laufenden, indem Sie akustisch \u00fcber die Uhrzeit und das Datum informiert werden. Dazu k\u00f6nnen Sie ganz nach Ihren Vorlieben zwischen einer weiblichen oder m\u00e4nnlichen Stimme f\u00fcr die Sprachausgabe w\u00e4hlen. W\u00fcnschen Sie eine st\u00fcndliche Ansage \u00fcber die Uhrzeit, k\u00f6nnen Sie auch dies einstellen. Zur einfachen Einstellung aller Funktionen dienen die leicht bedienbaren Tasten an der Au\u00dfenkante des Geh\u00e4uses. Um das Datum und die Zeit ansagen zu lassen, reicht dank der Touch-Funktion schon ein leichtes Ber\u00fchren des ber\u00fchrungsempfindlichen Glases aus. Schon werden Sie \u00fcber Wochentag, Datum und Uhrzeit informiert.<\/p>\n<p>\t<strong>Zus\u00e4tzliche Alarmfunktion<\/strong><br \/>\n\tDie Armbanduhr kann zus\u00e4tzlich als Wecker genutzt werden, indem ein Alarm mit drei verschiedenen Alarmt\u00f6nen eingestellt wird. Damit Sie den Ton nicht \u00fcberh\u00f6ren, k\u00f6nnen Sie die Lautst\u00e4rke individuell regulieren. Sollten Sie den Alarm trotzdem nicht wahrnehmen oder sich noch einmal im Bett umdrehen, ert\u00f6nt die zuverl\u00e4ssige Weckwiederholung. Mit diesen praktischen Funktionen und ihrem hochwertigen Design wird die Armbanduhr garantiert zu Ihrem verl\u00e4sslichen Alltagsbegleiter!<\/p>\n<p>\t<strong>Auf einen Blick<\/strong><\/span>\n<\/div>\n<ul>\n<li>\n<div>\n\t\t<span style=\"color:#000000;\">Armbanduhr mit m\u00e4nnlicher und weiblicher Sprachausgabe <\/span> <span style=\"color:#000000;\"><strong>(nur in Deutsch erh\u00e4ltlich)<\/strong><\/span>\n\t<\/div>\n<\/li>\n<li>\n<div>\n\t\t<span style=\"color:#000000;\">Zeit- und Datumsansage \u00fcber die Touch-Funktion<\/span>\n\t<\/div>\n<\/li>\n<li>\n<div>\n\t\t<span style=\"color:#000000;\">Einfache Bedienung dank ber\u00fchrungsempfindlichen Glases\u00a0<\/span>\n\t<\/div>\n<\/li>\n<li>\n<div>\n\t\t<span style=\"color:#000000;\">Benutzerfreundliche Einstellung per Tastendruck<\/span>\n\t<\/div>\n<\/li>\n<li>\n<div>\n\t\t<span style=\"color:#000000;\">Individuell regulierbare Lautst\u00e4rke<\/span>\n\t<\/div>\n<\/li>\n<li>\n<div>\n\t\t<span style=\"color:#000000;\">St\u00fcndliche Ansage einstellbar<\/span>\n\t<\/div>\n<\/li>\n<li>\n<div>\n\t\t<span style=\"color:#000000;\">Alarmfunktionen mit 3 Alarmt\u00f6nen und Weckwiederholung<\/span>\n\t<\/div>\n<\/li>\n<li>\n<div>\n\t\t<span style=\"color:#000000;\">Metallgeh\u00e4use mit hochwertiger Beschichtung<\/span>\n\t<\/div>\n<\/li>\n<li>\n<div>\n\t\t<span style=\"color:#000000;\">Durchmesser des Geh\u00e4uses: 38 mm<\/span>\n\t<\/div>\n<\/li>\n<li>\n<div>\n\t\t<span style=\"color:#000000;\">Goldene Umrandung mit schwarzem Lederband<\/span>\n\t<\/div>\n<\/li>\n<li>\n<div>\n\t\t<span style=\"color:#000000;\">Quarz-Uhrwerk mit Batteriesparfunktion<\/span>\n\t<\/div>\n<\/li>\n<li>\n<div>\n\t\t<span style=\"color:#000000;\">Batteriebetrieben (Batterie im Lieferumfang enthalten)<\/span>\n\t<\/div>\n<\/li>\n<\/ul>\n<div>\n\t<span style=\"color:#000000;\"><strong>Lieferumfang\u00a0<\/strong><\/span>\n<\/div>\n<ul>\n<li>\n<div>\n\t\t<span style=\"color:#000000;\">1 x Sprechende Armbanduhr<\/span>\n\t<\/div>\n<\/li>\n<li>\n<div>\n\t\t<span style=\"color:#000000;\">1 x Lithium-Batterie CR2025<\/span>\n\t<\/div>\n<\/li>\n<li>\n<div>\n\t\t<span style=\"color:#000000;\">1 x Bedienungsanleitung<\/span>\n\t<\/div>\n<\/li>\n<\/ul>\n","protected":false},"excerpt":{"rendered":"<p>\tArmbanduhr mit Sprachausgaube, Zeit- und Datumsansage. Einfache Bedienung \u00fcber Touch-Funktion und Tasten. Alarmfunktion mit Weckwiederholung.<br \/>\n\tNur in Deutsch erh\u00e4ltlich.<br \/>\n\t\u00a0<\/p>\n","protected":false},"featured_media":15806,"template":"","meta":{"inline_featured_image":false,"_uag_custom_page_level_css":"","site-sidebar-layout":"default","site-content-layout":"","ast-site-content-layout":"default","site-content-style":"default","site-sidebar-style":"default","ast-global-header-display":"","ast-banner-title-visibility":"","ast-main-header-display":"","ast-hfb-above-header-display":"","ast-hfb-below-header-display":"","ast-hfb-mobile-header-display":"","site-post-title":"","ast-breadcrumbs-content":"","ast-featured-img":"","footer-sml-layout":"","ast-disable-related-posts":"","theme-transparent-header-meta":"","adv-header-id-meta":"","stick-header-meta":"","header-above-stick-meta":"","header-main-stick-meta":"","header-below-stick-meta":"","astra-migrate-meta-layouts":"default","ast-page-background-enabled":"default","ast-page-background-meta":{"desktop":{"background-color":"","background-image":"","background-repeat":"repeat","background-position":"center center","background-size":"auto","background-attachment":"scroll","background-type":"","background-media":"","overlay-type":"","overlay-color":"","overlay-opacity":"","overlay-gradient":""},"tablet":{"background-color":"","background-image":"","background-repeat":"repeat","background-position":"center center","background-size":"auto","background-attachment":"scroll","background-type":"","background-media":"","overlay-type":"","overlay-color":"","overlay-opacity":"","overlay-gradient":""},"mobile":{"background-color":"","background-image":"","background-repeat":"repeat","background-position":"center center","background-size":"auto","background-attachment":"scroll","background-type":"","background-media":"","overlay-type":"","overlay-color":"","overlay-opacity":"","overlay-gradient":""}},"ast-content-background-meta":{"desktop":{"background-color":"var(--ast-global-color-5)","background-image":"","background-repeat":"repeat","background-position":"center center","background-size":"auto","background-attachment":"scroll","background-type":"","background-media":"","overlay-type":"","overlay-color":"","overlay-opacity":"","overlay-gradient":""},"tablet":{"background-color":"var(--ast-global-color-5)","background-image":"","background-repeat":"repeat","background-position":"center center","background-size":"auto","background-attachment":"scroll","background-type":"","background-media":"","overlay-type":"","overlay-color":"","overlay-opacity":"","overlay-gradient":""},"mobile":{"background-color":"var(--ast-global-color-5)","background-image":"","background-repeat":"repeat","background-position":"center center","background-size":"auto","background-attachment":"scroll","background-type":"","background-media":"","overlay-type":"","overlay-color":"","overlay-opacity":"","overlay-gradient":""}}},"product_brand":[],"product_cat":[3019],"product_tag":[],"class_list":{"0":"post-15808","1":"product","2":"type-product","3":"status-publish","4":"has-post-thumbnail","6":"product_cat-orologi-da-polso-parlanti-it","7":"desktop-align-center","8":"tablet-align-center","9":"mobile-align-center","10":"ast-product-gallery-layout-horizontal-slider","11":"ast-product-gallery-with-no-image","12":"ast-product-tabs-layout-accordion","14":"first","15":"onbackorder","16":"taxable","17":"shipping-taxable","18":"purchasable","19":"product-type-simple"},"yoast_head":"<!-- This site is optimized with the Yoast SEO plugin v27.5 - https:\/\/yoast.com\/product\/yoast-seo-wordpress\/ -->\n<title>Marschall Senso Smart Sprechende Armbanduhr Gold mit Lederarmband im Onlineshop | Gleichcom AG<\/title>\n<meta name=\"description\" content=\"\u2705 Armbanduhr mit Sprachausgaube, Zeit- und Datumsansage. Einfache Bedienung \u00fcber Touch-Funktion und Tasten. Alarmfunktion mit Weckwiederholung.  Nur in Deutsch erh\u00e4ltlich.  \u00a0\" \/>\n<meta name=\"robots\" content=\"noindex, follow, max-snippet:-1, max-image-preview:large, max-video-preview:-1\" \/>\n<meta property=\"og:locale\" content=\"it_IT\" \/>\n<meta property=\"og:type\" content=\"article\" \/>\n<meta property=\"og:title\" content=\"Marschall Senso Smart Sprechende Armbanduhr Gold mit Lederarmband im Onlineshop | Gleichcom AG\" \/>\n<meta property=\"og:description\" content=\"\u2705 Armbanduhr mit Sprachausgaube, Zeit- und Datumsansage. Einfache Bedienung \u00fcber Touch-Funktion und Tasten. Alarmfunktion mit Weckwiederholung.  Nur in Deutsch erh\u00e4ltlich.  \u00a0\" \/>\n<meta property=\"og:url\" content=\"https:\/\/www.gleichcom.samuraidev.ch\/it\/shop\/marschall-senso-smart-sprechende-armbanduhr-gold-mit-lederarmband\/\" \/>\n<meta property=\"og:site_name\" content=\"Gleichcom AG\" \/>\n<meta property=\"article:publisher\" content=\"https:\/\/www.facebook.com\/profile.php?id=100068749126981\" \/>\n<meta property=\"og:image\" content=\"https:\/\/www.gleichcom.samuraidev.ch\/wp-content\/uploads\/2023\/09\/marschallsprechendearmbanduhrsensosmartgoldsbg.jpg\" \/>\n\t<meta property=\"og:image:width\" content=\"500\" \/>\n\t<meta property=\"og:image:height\" content=\"500\" \/>\n\t<meta property=\"og:image:type\" content=\"image\/jpeg\" \/>\n<meta name=\"twitter:card\" content=\"summary_large_image\" \/>\n<script type=\"application\/ld+json\" class=\"yoast-schema-graph\">{\"@context\":\"https:\\\/\\\/schema.org\",\"@graph\":[{\"@type\":\"WebPage\",\"@id\":\"https:\\\/\\\/www.gleichcom.samuraidev.ch\\\/it\\\/shop\\\/marschall-senso-smart-sprechende-armbanduhr-gold-mit-lederarmband\\\/\",\"url\":\"https:\\\/\\\/www.gleichcom.samuraidev.ch\\\/it\\\/shop\\\/marschall-senso-smart-sprechende-armbanduhr-gold-mit-lederarmband\\\/\",\"name\":\"Marschall Senso Smart Sprechende Armbanduhr Gold mit Lederarmband im Onlineshop | Gleichcom AG\",\"isPartOf\":{\"@id\":\"https:\\\/\\\/www.gleichcom.samuraidev.ch\\\/it\\\/#website\"},\"primaryImageOfPage\":{\"@id\":\"https:\\\/\\\/www.gleichcom.samuraidev.ch\\\/it\\\/shop\\\/marschall-senso-smart-sprechende-armbanduhr-gold-mit-lederarmband\\\/#primaryimage\"},\"image\":{\"@id\":\"https:\\\/\\\/www.gleichcom.samuraidev.ch\\\/it\\\/shop\\\/marschall-senso-smart-sprechende-armbanduhr-gold-mit-lederarmband\\\/#primaryimage\"},\"thumbnailUrl\":\"https:\\\/\\\/www.gleichcom.samuraidev.ch\\\/wp-content\\\/uploads\\\/2023\\\/09\\\/marschallsprechendearmbanduhrsensosmartgoldsbg.jpg\",\"datePublished\":\"2021-06-15T13:29:24+00:00\",\"description\":\"\u2705 Armbanduhr mit Sprachausgaube, Zeit- und Datumsansage. Einfache Bedienung \u00fcber Touch-Funktion und Tasten. Alarmfunktion mit Weckwiederholung. Nur in Deutsch erh\u00e4ltlich. \u00a0\",\"breadcrumb\":{\"@id\":\"https:\\\/\\\/www.gleichcom.samuraidev.ch\\\/it\\\/shop\\\/marschall-senso-smart-sprechende-armbanduhr-gold-mit-lederarmband\\\/#breadcrumb\"},\"inLanguage\":\"it-IT\",\"potentialAction\":[{\"@type\":\"ReadAction\",\"target\":[\"https:\\\/\\\/www.gleichcom.samuraidev.ch\\\/it\\\/shop\\\/marschall-senso-smart-sprechende-armbanduhr-gold-mit-lederarmband\\\/\"]}]},{\"@type\":\"ImageObject\",\"inLanguage\":\"it-IT\",\"@id\":\"https:\\\/\\\/www.gleichcom.samuraidev.ch\\\/it\\\/shop\\\/marschall-senso-smart-sprechende-armbanduhr-gold-mit-lederarmband\\\/#primaryimage\",\"url\":\"https:\\\/\\\/www.gleichcom.samuraidev.ch\\\/wp-content\\\/uploads\\\/2023\\\/09\\\/marschallsprechendearmbanduhrsensosmartgoldsbg.jpg\",\"contentUrl\":\"https:\\\/\\\/www.gleichcom.samuraidev.ch\\\/wp-content\\\/uploads\\\/2023\\\/09\\\/marschallsprechendearmbanduhrsensosmartgoldsbg.jpg\",\"width\":500,\"height\":500},{\"@type\":\"BreadcrumbList\",\"@id\":\"https:\\\/\\\/www.gleichcom.samuraidev.ch\\\/it\\\/shop\\\/marschall-senso-smart-sprechende-armbanduhr-gold-mit-lederarmband\\\/#breadcrumb\",\"itemListElement\":[{\"@type\":\"ListItem\",\"position\":1,\"name\":\"Startseite\",\"item\":\"https:\\\/\\\/www.gleichcom.samuraidev.ch\\\/it\\\/\"},{\"@type\":\"ListItem\",\"position\":2,\"name\":\"Shop\",\"item\":\"https:\\\/\\\/www.gleichcom.samuraidev.ch\\\/it\\\/shop\\\/\"},{\"@type\":\"ListItem\",\"position\":3,\"name\":\"Marschall Senso Smart Sprechende Armbanduhr Gold mit Lederarmband\"}]},{\"@type\":\"WebSite\",\"@id\":\"https:\\\/\\\/www.gleichcom.samuraidev.ch\\\/it\\\/#website\",\"url\":\"https:\\\/\\\/www.gleichcom.samuraidev.ch\\\/it\\\/\",\"name\":\"Gleichcom AG\",\"description\":\"besser h\u00f6ren. besser sehen. besser leben.\",\"publisher\":{\"@id\":\"https:\\\/\\\/www.gleichcom.samuraidev.ch\\\/it\\\/#organization\"},\"alternateName\":\"Gleichcom\",\"potentialAction\":[{\"@type\":\"SearchAction\",\"target\":{\"@type\":\"EntryPoint\",\"urlTemplate\":\"https:\\\/\\\/www.gleichcom.samuraidev.ch\\\/it\\\/?s={search_term_string}\"},\"query-input\":{\"@type\":\"PropertyValueSpecification\",\"valueRequired\":true,\"valueName\":\"search_term_string\"}}],\"inLanguage\":\"it-IT\"},{\"@type\":\"Organization\",\"@id\":\"https:\\\/\\\/www.gleichcom.samuraidev.ch\\\/it\\\/#organization\",\"name\":\"Gleichcom AG\",\"alternateName\":\"Gleichcom\",\"url\":\"https:\\\/\\\/www.gleichcom.samuraidev.ch\\\/it\\\/\",\"logo\":{\"@type\":\"ImageObject\",\"inLanguage\":\"it-IT\",\"@id\":\"https:\\\/\\\/www.gleichcom.samuraidev.ch\\\/it\\\/#\\\/schema\\\/logo\\\/image\\\/\",\"url\":\"https:\\\/\\\/www.gleichcom.samuraidev.ch\\\/wp-content\\\/uploads\\\/2023\\\/09\\\/gleichcom-ag-logo-quadrat-farbig-mitte@696.png\",\"contentUrl\":\"https:\\\/\\\/www.gleichcom.samuraidev.ch\\\/wp-content\\\/uploads\\\/2023\\\/09\\\/gleichcom-ag-logo-quadrat-farbig-mitte@696.png\",\"width\":437,\"height\":437,\"caption\":\"Gleichcom AG\"},\"image\":{\"@id\":\"https:\\\/\\\/www.gleichcom.samuraidev.ch\\\/it\\\/#\\\/schema\\\/logo\\\/image\\\/\"},\"sameAs\":[\"https:\\\/\\\/www.facebook.com\\\/profile.php?id=100068749126981\"]}]}<\/script>\n<!-- \/ Yoast SEO plugin. -->","yoast_head_json":{"title":"Marschall Senso Smart Sprechende Armbanduhr Gold mit Lederarmband im Onlineshop | Gleichcom AG","description":"\u2705 Armbanduhr mit Sprachausgaube, Zeit- und Datumsansage. Einfache Bedienung \u00fcber Touch-Funktion und Tasten. Alarmfunktion mit Weckwiederholung.  Nur in Deutsch erh\u00e4ltlich.  \u00a0","robots":{"index":"noindex","follow":"follow","max-snippet":"max-snippet:-1","max-image-preview":"max-image-preview:large","max-video-preview":"max-video-preview:-1"},"og_locale":"it_IT","og_type":"article","og_title":"Marschall Senso Smart Sprechende Armbanduhr Gold mit Lederarmband im Onlineshop | Gleichcom AG","og_description":"\u2705 Armbanduhr mit Sprachausgaube, Zeit- und Datumsansage. Einfache Bedienung \u00fcber Touch-Funktion und Tasten. Alarmfunktion mit Weckwiederholung.  Nur in Deutsch erh\u00e4ltlich.  \u00a0","og_url":"https:\/\/www.gleichcom.samuraidev.ch\/it\/shop\/marschall-senso-smart-sprechende-armbanduhr-gold-mit-lederarmband\/","og_site_name":"Gleichcom AG","article_publisher":"https:\/\/www.facebook.com\/profile.php?id=100068749126981","og_image":[{"width":500,"height":500,"url":"https:\/\/www.gleichcom.samuraidev.ch\/wp-content\/uploads\/2023\/09\/marschallsprechendearmbanduhrsensosmartgoldsbg.jpg","type":"image\/jpeg"}],"twitter_card":"summary_large_image","schema":{"@context":"https:\/\/schema.org","@graph":[{"@type":"WebPage","@id":"https:\/\/www.gleichcom.samuraidev.ch\/it\/shop\/marschall-senso-smart-sprechende-armbanduhr-gold-mit-lederarmband\/","url":"https:\/\/www.gleichcom.samuraidev.ch\/it\/shop\/marschall-senso-smart-sprechende-armbanduhr-gold-mit-lederarmband\/","name":"Marschall Senso Smart Sprechende Armbanduhr Gold mit Lederarmband im Onlineshop | Gleichcom AG","isPartOf":{"@id":"https:\/\/www.gleichcom.samuraidev.ch\/it\/#website"},"primaryImageOfPage":{"@id":"https:\/\/www.gleichcom.samuraidev.ch\/it\/shop\/marschall-senso-smart-sprechende-armbanduhr-gold-mit-lederarmband\/#primaryimage"},"image":{"@id":"https:\/\/www.gleichcom.samuraidev.ch\/it\/shop\/marschall-senso-smart-sprechende-armbanduhr-gold-mit-lederarmband\/#primaryimage"},"thumbnailUrl":"https:\/\/www.gleichcom.samuraidev.ch\/wp-content\/uploads\/2023\/09\/marschallsprechendearmbanduhrsensosmartgoldsbg.jpg","datePublished":"2021-06-15T13:29:24+00:00","description":"\u2705 Armbanduhr mit Sprachausgaube, Zeit- und Datumsansage. Einfache Bedienung \u00fcber Touch-Funktion und Tasten. Alarmfunktion mit Weckwiederholung. Nur in Deutsch erh\u00e4ltlich. \u00a0","breadcrumb":{"@id":"https:\/\/www.gleichcom.samuraidev.ch\/it\/shop\/marschall-senso-smart-sprechende-armbanduhr-gold-mit-lederarmband\/#breadcrumb"},"inLanguage":"it-IT","potentialAction":[{"@type":"ReadAction","target":["https:\/\/www.gleichcom.samuraidev.ch\/it\/shop\/marschall-senso-smart-sprechende-armbanduhr-gold-mit-lederarmband\/"]}]},{"@type":"ImageObject","inLanguage":"it-IT","@id":"https:\/\/www.gleichcom.samuraidev.ch\/it\/shop\/marschall-senso-smart-sprechende-armbanduhr-gold-mit-lederarmband\/#primaryimage","url":"https:\/\/www.gleichcom.samuraidev.ch\/wp-content\/uploads\/2023\/09\/marschallsprechendearmbanduhrsensosmartgoldsbg.jpg","contentUrl":"https:\/\/www.gleichcom.samuraidev.ch\/wp-content\/uploads\/2023\/09\/marschallsprechendearmbanduhrsensosmartgoldsbg.jpg","width":500,"height":500},{"@type":"BreadcrumbList","@id":"https:\/\/www.gleichcom.samuraidev.ch\/it\/shop\/marschall-senso-smart-sprechende-armbanduhr-gold-mit-lederarmband\/#breadcrumb","itemListElement":[{"@type":"ListItem","position":1,"name":"Startseite","item":"https:\/\/www.gleichcom.samuraidev.ch\/it\/"},{"@type":"ListItem","position":2,"name":"Shop","item":"https:\/\/www.gleichcom.samuraidev.ch\/it\/shop\/"},{"@type":"ListItem","position":3,"name":"Marschall Senso Smart Sprechende Armbanduhr Gold mit Lederarmband"}]},{"@type":"WebSite","@id":"https:\/\/www.gleichcom.samuraidev.ch\/it\/#website","url":"https:\/\/www.gleichcom.samuraidev.ch\/it\/","name":"Gleichcom AG","description":"besser h\u00f6ren. besser sehen. besser leben.","publisher":{"@id":"https:\/\/www.gleichcom.samuraidev.ch\/it\/#organization"},"alternateName":"Gleichcom","potentialAction":[{"@type":"SearchAction","target":{"@type":"EntryPoint","urlTemplate":"https:\/\/www.gleichcom.samuraidev.ch\/it\/?s={search_term_string}"},"query-input":{"@type":"PropertyValueSpecification","valueRequired":true,"valueName":"search_term_string"}}],"inLanguage":"it-IT"},{"@type":"Organization","@id":"https:\/\/www.gleichcom.samuraidev.ch\/it\/#organization","name":"Gleichcom AG","alternateName":"Gleichcom","url":"https:\/\/www.gleichcom.samuraidev.ch\/it\/","logo":{"@type":"ImageObject","inLanguage":"it-IT","@id":"https:\/\/www.gleichcom.samuraidev.ch\/it\/#\/schema\/logo\/image\/","url":"https:\/\/www.gleichcom.samuraidev.ch\/wp-content\/uploads\/2023\/09\/gleichcom-ag-logo-quadrat-farbig-mitte@696.png","contentUrl":"https:\/\/www.gleichcom.samuraidev.ch\/wp-content\/uploads\/2023\/09\/gleichcom-ag-logo-quadrat-farbig-mitte@696.png","width":437,"height":437,"caption":"Gleichcom AG"},"image":{"@id":"https:\/\/www.gleichcom.samuraidev.ch\/it\/#\/schema\/logo\/image\/"},"sameAs":["https:\/\/www.facebook.com\/profile.php?id=100068749126981"]}]}},"uagb_featured_image_src":{"full":["https:\/\/www.gleichcom.samuraidev.ch\/wp-content\/uploads\/2023\/09\/marschallsprechendearmbanduhrsensosmartgoldsbg.jpg",500,500,false],"thumbnail":["https:\/\/www.gleichcom.samuraidev.ch\/wp-content\/uploads\/2023\/09\/marschallsprechendearmbanduhrsensosmartgoldsbg.jpg",150,150,false],"medium":["https:\/\/www.gleichcom.samuraidev.ch\/wp-content\/uploads\/2023\/09\/marschallsprechendearmbanduhrsensosmartgoldsbg.jpg",300,300,false],"medium_large":["https:\/\/www.gleichcom.samuraidev.ch\/wp-content\/uploads\/2023\/09\/marschallsprechendearmbanduhrsensosmartgoldsbg.jpg",500,500,false],"large":["https:\/\/www.gleichcom.samuraidev.ch\/wp-content\/uploads\/2023\/09\/marschallsprechendearmbanduhrsensosmartgoldsbg.jpg",500,500,false],"1536x1536":["https:\/\/www.gleichcom.samuraidev.ch\/wp-content\/uploads\/2023\/09\/marschallsprechendearmbanduhrsensosmartgoldsbg.jpg",500,500,false],"2048x2048":["https:\/\/www.gleichcom.samuraidev.ch\/wp-content\/uploads\/2023\/09\/marschallsprechendearmbanduhrsensosmartgoldsbg.jpg",500,500,false],"woocommerce_thumbnail":["https:\/\/www.gleichcom.samuraidev.ch\/wp-content\/uploads\/2023\/09\/marschallsprechendearmbanduhrsensosmartgoldsbg.jpg",300,300,false],"woocommerce_single":["https:\/\/www.gleichcom.samuraidev.ch\/wp-content\/uploads\/2023\/09\/marschallsprechendearmbanduhrsensosmartgoldsbg.jpg",500,500,false],"woocommerce_gallery_thumbnail":["https:\/\/www.gleichcom.samuraidev.ch\/wp-content\/uploads\/2023\/09\/marschallsprechendearmbanduhrsensosmartgoldsbg.jpg",100,100,false]},"uagb_author_info":{"display_name":"","author_link":"https:\/\/www.gleichcom.samuraidev.ch\/it\/author\/"},"uagb_comment_info":0,"uagb_excerpt":"Armbanduhr mit Sprachausgaube, Zeit- und Datumsansage. Einfache Bedienung \u00fcber Touch-Funktion und Tasten. Alarmfunktion mit Weckwiederholung. Nur in Deutsch erh\u00e4ltlich. \u00a0","_links":{"self":[{"href":"https:\/\/www.gleichcom.samuraidev.ch\/it\/wp-json\/wp\/v2\/product\/15808","targetHints":{"allow":["GET"]}}],"collection":[{"href":"https:\/\/www.gleichcom.samuraidev.ch\/it\/wp-json\/wp\/v2\/product"}],"about":[{"href":"https:\/\/www.gleichcom.samuraidev.ch\/it\/wp-json\/wp\/v2\/types\/product"}],"wp:featuredmedia":[{"embeddable":true,"href":"https:\/\/www.gleichcom.samuraidev.ch\/it\/wp-json\/wp\/v2\/media\/15806"}],"wp:attachment":[{"href":"https:\/\/www.gleichcom.samuraidev.ch\/it\/wp-json\/wp\/v2\/media?parent=15808"}],"wp:term":[{"taxonomy":"product_brand","embeddable":true,"href":"https:\/\/www.gleichcom.samuraidev.ch\/it\/wp-json\/wp\/v2\/product_brand?post=15808"},{"taxonomy":"product_cat","embeddable":true,"href":"https:\/\/www.gleichcom.samuraidev.ch\/it\/wp-json\/wp\/v2\/product_cat?post=15808"},{"taxonomy":"product_tag","embeddable":true,"href":"https:\/\/www.gleichcom.samuraidev.ch\/it\/wp-json\/wp\/v2\/product_tag?post=15808"}],"curies":[{"name":"wp","href":"https:\/\/api.w.org\/{rel}","templated":true}]}}