{"id":15907,"date":"2021-06-17T10:06:26","date_gmt":"2021-06-17T08:06:26","guid":{"rendered":"https:\/\/www.gleichcom.samuraidev.ch\/?product=humantechnik-ladestation-fuer-signolux-3806"},"modified":"1000-01-01T00:00:00","modified_gmt":"1000-01-01T00:00:00","slug":"humantechnik-ladestation-fuer-signolux-3806","status":"publish","type":"product","link":"https:\/\/www.gleichcom.samuraidev.ch\/it\/shop\/humantechnik-ladestation-fuer-signolux-3806\/","title":{"rendered":"Humantechnik Base di ricarica per ricevitore radio portatile Blanco"},"content":{"rendered":"<div>\n\t<span style=\"color:#000000;\"><strong><span style=\"font-size:16px;\">Humantechnik Signolux Zusatz-Ladestation Mobiler Vibrations-Empf\u00e4nger\u00a0<\/span><\/strong><\/span><br \/>\n\t\u00a0\n<\/div>\n<div>\n\t<span style=\"color:#000000;\"><strong>Praktische Ladestation f\u00fcr Ihre Ger\u00e4te<\/strong><br \/>\n\tDamit Sie lange Freude an Ihren Signolux-Ger\u00e4ten haben, gibt es diese Ladestation f\u00fcr den mobilen Signolux-Empf\u00e4nger. Damit sind die Akkus im Handumdrehen wieder geladen und das Ger\u00e4t ist einsatzbereit. Zwei kleine L\u00e4mpchen an der Vorderseite der Ladestation zeigen den Zustand des Akkus an. Leuchtet die rote Lampe, l\u00e4dt der Akku. Sobald das gr\u00fcne L\u00e4mpchen scheint, ist er vollgeladen und kann entnommen werden.<\/span>\n<\/div>\n<div>\n\t<span style=\"color:#000000;\"><strong>Auf einen Blick<\/strong><\/span>\n<\/div>\n<ul>\n<li>\n<div>\n\t\t<span style=\"color:#000000;\">Ladestation f\u00fcr Vibrations-Empf\u00e4nger Signolux<\/span>\n\t<\/div>\n<\/li>\n<li>\n<div>\n\t\t<span style=\"color:#000000;\">Inklusive Netzstecker und zwei Akkus<\/span>\n\t<\/div>\n<\/li>\n<li>\n<div>\n\t\t<span style=\"color:#000000;\">Mit Ladeanzeige<\/span>\n\t<\/div>\n<\/li>\n<li>\n<div>\n\t\t<span style=\"color:#000000;\">Steckplatz f\u00fcr ein Br\u00fcckenelement zum Verbinden zweier Ladestationen<\/span>\n\t<\/div>\n<\/li>\n<\/ul>\n<div>\n\t<span style=\"color:#000000;\"><strong>Lieferumfang<\/strong><\/span>\n<\/div>\n<ul>\n<li>\n<div>\n\t\t<span style=\"color:#000000;\">1 x Ladestation mit Br\u00fcckenelement und vier Befestigungsschrauben<\/span>\n\t<\/div>\n<\/li>\n<li>\n<div>\n\t\t<span style=\"color:#000000;\">2 x NiMH Akku (Typ AAA)<\/span>\n\t<\/div>\n<\/li>\n<li>\n<div>\n\t\t<span style=\"color:#000000;\">1 x Netzteil<\/span>\n\t<\/div>\n<\/li>\n<li>\n<div>\n\t\t<span style=\"color:#000000;\">1 x Garantiekarte<\/span>\n\t<\/div>\n<\/li>\n<li>\n<div>\n\t\t<span style=\"color:#000000;\">1 x Bedienungsanleitung<\/span>\n\t<\/div>\n<\/li>\n<\/ul>\n<table border=\"0\" cellpadding=\"0\" cellspacing=\"0\">\n<tbody>\n<tr>\n<td style=\"width: 123px;\">\n<div>\n\t\t\t\t<span style=\"color:#000000;\"><strong>Technische Daten:<\/strong><\/span>\n\t\t\t<\/div>\n<\/td>\n<td style=\"width: 258px;\">\n<div>\n\t\t\t\t\u00a0\n\t\t\t<\/div>\n<\/td>\n<\/tr>\n<tr>\n<td style=\"width: 123px;\">\n<div>\n\t\t\t\t\u00a0\n\t\t\t<\/div>\n<\/td>\n<td style=\"width: 258px;\">\n<div>\n\t\t\t\t\u00a0\n\t\t\t<\/div>\n<\/td>\n<\/tr>\n<tr>\n<td style=\"width: 123px;\">\n<div>\n\t\t\t\t<span style=\"color:#000000;\"><b>Stromversorgung:<\/b><\/span>\n\t\t\t<\/div>\n<\/td>\n<td style=\"width: 258px;\">\n<div>\n\t\t\t\t<span style=\"color:#000000;\">Netzteil 230 V 50 Hz \/ 12 V DC<\/span>\n\t\t\t<\/div>\n<\/td>\n<\/tr>\n<tr>\n<td style=\"width: 123px;\">\n<div>\n\t\t\t\t<span style=\"color:#000000;\"><strong>Farbe:<\/strong><\/span>\n\t\t\t<\/div>\n<\/td>\n<td style=\"width: 258px;\">\n<div>\n\t\t\t\t<span style=\"color:#000000;\">Bronze-metallic<\/span>\n\t\t\t<\/div>\n<\/td>\n<\/tr>\n<tr>\n<td style=\"width: 123px;\">\n<div>\n\t\t\t\t<span style=\"color:#000000;\"><strong>Gewicht:<\/strong><\/span>\n\t\t\t<\/div>\n<\/td>\n<td style=\"width: 258px;\">\n<div>\n\t\t\t\t<span style=\"color:#000000;\">ca. 98 g<\/span>\n\t\t\t<\/div>\n<\/td>\n<\/tr>\n<tr>\n<td style=\"width: 123px;\">\n<div>\n\t\t\t\t<span style=\"color:#000000;\"><strong>Abmessungen:<\/strong><\/span><br \/>\n\t\t\t\t\u00a0\n\t\t\t<\/div>\n<\/td>\n<td style=\"width: 258px;\">\n<div>\n\t\t\t\t<span style=\"color:#000000;\">H 72 x B 80 x T 65 mm<\/span><br \/>\n\t\t\t\t\u00a0\n\t\t\t<\/div>\n<\/td>\n<\/tr>\n<\/tbody>\n<\/table>\n","protected":false},"excerpt":{"rendered":"<p>\tBase di ricarica per ricevitore radio portatile<\/p>\n","protected":false},"featured_media":15902,"template":"","meta":{"inline_featured_image":false,"_uag_custom_page_level_css":"","site-sidebar-layout":"default","site-content-layout":"","ast-site-content-layout":"default","site-content-style":"default","site-sidebar-style":"default","ast-global-header-display":"","ast-banner-title-visibility":"","ast-main-header-display":"","ast-hfb-above-header-display":"","ast-hfb-below-header-display":"","ast-hfb-mobile-header-display":"","site-post-title":"","ast-breadcrumbs-content":"","ast-featured-img":"","footer-sml-layout":"","ast-disable-related-posts":"","theme-transparent-header-meta":"","adv-header-id-meta":"","stick-header-meta":"","header-above-stick-meta":"","header-main-stick-meta":"","header-below-stick-meta":"","astra-migrate-meta-layouts":"default","ast-page-background-enabled":"default","ast-page-background-meta":{"desktop":{"background-color":"","background-image":"","background-repeat":"repeat","background-position":"center center","background-size":"auto","background-attachment":"scroll","background-type":"","background-media":"","overlay-type":"","overlay-color":"","overlay-opacity":"","overlay-gradient":""},"tablet":{"background-color":"","background-image":"","background-repeat":"repeat","background-position":"center center","background-size":"auto","background-attachment":"scroll","background-type":"","background-media":"","overlay-type":"","overlay-color":"","overlay-opacity":"","overlay-gradient":""},"mobile":{"background-color":"","background-image":"","background-repeat":"repeat","background-position":"center center","background-size":"auto","background-attachment":"scroll","background-type":"","background-media":"","overlay-type":"","overlay-color":"","overlay-opacity":"","overlay-gradient":""}},"ast-content-background-meta":{"desktop":{"background-color":"var(--ast-global-color-5)","background-image":"","background-repeat":"repeat","background-position":"center center","background-size":"auto","background-attachment":"scroll","background-type":"","background-media":"","overlay-type":"","overlay-color":"","overlay-opacity":"","overlay-gradient":""},"tablet":{"background-color":"var(--ast-global-color-5)","background-image":"","background-repeat":"repeat","background-position":"center center","background-size":"auto","background-attachment":"scroll","background-type":"","background-media":"","overlay-type":"","overlay-color":"","overlay-opacity":"","overlay-gradient":""},"mobile":{"background-color":"var(--ast-global-color-5)","background-image":"","background-repeat":"repeat","background-position":"center center","background-size":"auto","background-attachment":"scroll","background-type":"","background-media":"","overlay-type":"","overlay-color":"","overlay-opacity":"","overlay-gradient":""}}},"product_brand":[],"product_cat":[2949,1776],"product_tag":[],"class_list":{"0":"post-15907","1":"product","2":"type-product","3":"status-publish","4":"has-post-thumbnail","6":"product_cat-humantechnik-signolux-it","7":"product_cat-unkategorisiert","8":"desktop-align-center","9":"tablet-align-center","10":"mobile-align-center","11":"ast-product-gallery-layout-horizontal-slider","12":"ast-product-tabs-layout-accordion","14":"first","15":"onbackorder","16":"taxable","17":"shipping-taxable","18":"purchasable","19":"product-type-simple"},"yoast_head":"<!-- This site is optimized with the Yoast SEO plugin v27.5 - https:\/\/yoast.com\/product\/yoast-seo-wordpress\/ -->\n<title>Humantechnik Base di ricarica per ricevitore radio portatile Blanco im Onlineshop | Gleichcom AG<\/title>\n<meta name=\"description\" content=\"\u2705 Base di ricarica per ricevitore radio portatile\" \/>\n<meta name=\"robots\" content=\"noindex, follow, max-snippet:-1, max-image-preview:large, max-video-preview:-1\" \/>\n<meta property=\"og:locale\" content=\"it_IT\" \/>\n<meta property=\"og:type\" content=\"article\" \/>\n<meta property=\"og:title\" content=\"Humantechnik Base di ricarica per ricevitore radio portatile Blanco im Onlineshop | Gleichcom AG\" \/>\n<meta property=\"og:description\" content=\"\u2705 Base di ricarica per ricevitore radio portatile\" \/>\n<meta property=\"og:url\" content=\"https:\/\/www.gleichcom.samuraidev.ch\/it\/shop\/humantechnik-ladestation-fuer-signolux-3806\/\" \/>\n<meta property=\"og:site_name\" content=\"Gleichcom AG\" \/>\n<meta property=\"article:publisher\" content=\"https:\/\/www.facebook.com\/profile.php?id=100068749126981\" \/>\n<meta property=\"og:image\" content=\"https:\/\/www.gleichcom.samuraidev.ch\/wp-content\/uploads\/2023\/09\/29_1.jpg\" \/>\n\t<meta property=\"og:image:width\" content=\"500\" \/>\n\t<meta property=\"og:image:height\" content=\"500\" \/>\n\t<meta property=\"og:image:type\" content=\"image\/jpeg\" \/>\n<meta name=\"twitter:card\" content=\"summary_large_image\" \/>\n<script type=\"application\/ld+json\" class=\"yoast-schema-graph\">{\"@context\":\"https:\\\/\\\/schema.org\",\"@graph\":[{\"@type\":\"WebPage\",\"@id\":\"https:\\\/\\\/www.gleichcom.samuraidev.ch\\\/it\\\/shop\\\/humantechnik-ladestation-fuer-signolux-3806\\\/\",\"url\":\"https:\\\/\\\/www.gleichcom.samuraidev.ch\\\/it\\\/shop\\\/humantechnik-ladestation-fuer-signolux-3806\\\/\",\"name\":\"Humantechnik Base di ricarica per ricevitore radio portatile Blanco im Onlineshop | Gleichcom AG\",\"isPartOf\":{\"@id\":\"https:\\\/\\\/www.gleichcom.samuraidev.ch\\\/it\\\/#website\"},\"primaryImageOfPage\":{\"@id\":\"https:\\\/\\\/www.gleichcom.samuraidev.ch\\\/it\\\/shop\\\/humantechnik-ladestation-fuer-signolux-3806\\\/#primaryimage\"},\"image\":{\"@id\":\"https:\\\/\\\/www.gleichcom.samuraidev.ch\\\/it\\\/shop\\\/humantechnik-ladestation-fuer-signolux-3806\\\/#primaryimage\"},\"thumbnailUrl\":\"https:\\\/\\\/www.gleichcom.samuraidev.ch\\\/wp-content\\\/uploads\\\/2023\\\/09\\\/29_1.jpg\",\"datePublished\":\"2021-06-17T08:06:26+00:00\",\"description\":\"\u2705 Base di ricarica per ricevitore radio portatile\",\"breadcrumb\":{\"@id\":\"https:\\\/\\\/www.gleichcom.samuraidev.ch\\\/it\\\/shop\\\/humantechnik-ladestation-fuer-signolux-3806\\\/#breadcrumb\"},\"inLanguage\":\"it-IT\",\"potentialAction\":[{\"@type\":\"ReadAction\",\"target\":[\"https:\\\/\\\/www.gleichcom.samuraidev.ch\\\/it\\\/shop\\\/humantechnik-ladestation-fuer-signolux-3806\\\/\"]}]},{\"@type\":\"ImageObject\",\"inLanguage\":\"it-IT\",\"@id\":\"https:\\\/\\\/www.gleichcom.samuraidev.ch\\\/it\\\/shop\\\/humantechnik-ladestation-fuer-signolux-3806\\\/#primaryimage\",\"url\":\"https:\\\/\\\/www.gleichcom.samuraidev.ch\\\/wp-content\\\/uploads\\\/2023\\\/09\\\/29_1.jpg\",\"contentUrl\":\"https:\\\/\\\/www.gleichcom.samuraidev.ch\\\/wp-content\\\/uploads\\\/2023\\\/09\\\/29_1.jpg\",\"width\":500,\"height\":500},{\"@type\":\"BreadcrumbList\",\"@id\":\"https:\\\/\\\/www.gleichcom.samuraidev.ch\\\/it\\\/shop\\\/humantechnik-ladestation-fuer-signolux-3806\\\/#breadcrumb\",\"itemListElement\":[{\"@type\":\"ListItem\",\"position\":1,\"name\":\"Startseite\",\"item\":\"https:\\\/\\\/www.gleichcom.samuraidev.ch\\\/it\\\/\"},{\"@type\":\"ListItem\",\"position\":2,\"name\":\"Shop\",\"item\":\"https:\\\/\\\/www.gleichcom.samuraidev.ch\\\/it\\\/shop\\\/\"},{\"@type\":\"ListItem\",\"position\":3,\"name\":\"Humantechnik Base di ricarica per ricevitore radio portatile Blanco\"}]},{\"@type\":\"WebSite\",\"@id\":\"https:\\\/\\\/www.gleichcom.samuraidev.ch\\\/it\\\/#website\",\"url\":\"https:\\\/\\\/www.gleichcom.samuraidev.ch\\\/it\\\/\",\"name\":\"Gleichcom AG\",\"description\":\"besser h\u00f6ren. besser sehen. besser leben.\",\"publisher\":{\"@id\":\"https:\\\/\\\/www.gleichcom.samuraidev.ch\\\/it\\\/#organization\"},\"alternateName\":\"Gleichcom\",\"potentialAction\":[{\"@type\":\"SearchAction\",\"target\":{\"@type\":\"EntryPoint\",\"urlTemplate\":\"https:\\\/\\\/www.gleichcom.samuraidev.ch\\\/it\\\/?s={search_term_string}\"},\"query-input\":{\"@type\":\"PropertyValueSpecification\",\"valueRequired\":true,\"valueName\":\"search_term_string\"}}],\"inLanguage\":\"it-IT\"},{\"@type\":\"Organization\",\"@id\":\"https:\\\/\\\/www.gleichcom.samuraidev.ch\\\/it\\\/#organization\",\"name\":\"Gleichcom AG\",\"alternateName\":\"Gleichcom\",\"url\":\"https:\\\/\\\/www.gleichcom.samuraidev.ch\\\/it\\\/\",\"logo\":{\"@type\":\"ImageObject\",\"inLanguage\":\"it-IT\",\"@id\":\"https:\\\/\\\/www.gleichcom.samuraidev.ch\\\/it\\\/#\\\/schema\\\/logo\\\/image\\\/\",\"url\":\"https:\\\/\\\/www.gleichcom.samuraidev.ch\\\/wp-content\\\/uploads\\\/2023\\\/09\\\/gleichcom-ag-logo-quadrat-farbig-mitte@696.png\",\"contentUrl\":\"https:\\\/\\\/www.gleichcom.samuraidev.ch\\\/wp-content\\\/uploads\\\/2023\\\/09\\\/gleichcom-ag-logo-quadrat-farbig-mitte@696.png\",\"width\":437,\"height\":437,\"caption\":\"Gleichcom AG\"},\"image\":{\"@id\":\"https:\\\/\\\/www.gleichcom.samuraidev.ch\\\/it\\\/#\\\/schema\\\/logo\\\/image\\\/\"},\"sameAs\":[\"https:\\\/\\\/www.facebook.com\\\/profile.php?id=100068749126981\"]}]}<\/script>\n<!-- \/ Yoast SEO plugin. -->","yoast_head_json":{"title":"Humantechnik Base di ricarica per ricevitore radio portatile Blanco im Onlineshop | Gleichcom AG","description":"\u2705 Base di ricarica per ricevitore radio portatile","robots":{"index":"noindex","follow":"follow","max-snippet":"max-snippet:-1","max-image-preview":"max-image-preview:large","max-video-preview":"max-video-preview:-1"},"og_locale":"it_IT","og_type":"article","og_title":"Humantechnik Base di ricarica per ricevitore radio portatile Blanco im Onlineshop | Gleichcom AG","og_description":"\u2705 Base di ricarica per ricevitore radio portatile","og_url":"https:\/\/www.gleichcom.samuraidev.ch\/it\/shop\/humantechnik-ladestation-fuer-signolux-3806\/","og_site_name":"Gleichcom AG","article_publisher":"https:\/\/www.facebook.com\/profile.php?id=100068749126981","og_image":[{"width":500,"height":500,"url":"https:\/\/www.gleichcom.samuraidev.ch\/wp-content\/uploads\/2023\/09\/29_1.jpg","type":"image\/jpeg"}],"twitter_card":"summary_large_image","schema":{"@context":"https:\/\/schema.org","@graph":[{"@type":"WebPage","@id":"https:\/\/www.gleichcom.samuraidev.ch\/it\/shop\/humantechnik-ladestation-fuer-signolux-3806\/","url":"https:\/\/www.gleichcom.samuraidev.ch\/it\/shop\/humantechnik-ladestation-fuer-signolux-3806\/","name":"Humantechnik Base di ricarica per ricevitore radio portatile Blanco im Onlineshop | Gleichcom AG","isPartOf":{"@id":"https:\/\/www.gleichcom.samuraidev.ch\/it\/#website"},"primaryImageOfPage":{"@id":"https:\/\/www.gleichcom.samuraidev.ch\/it\/shop\/humantechnik-ladestation-fuer-signolux-3806\/#primaryimage"},"image":{"@id":"https:\/\/www.gleichcom.samuraidev.ch\/it\/shop\/humantechnik-ladestation-fuer-signolux-3806\/#primaryimage"},"thumbnailUrl":"https:\/\/www.gleichcom.samuraidev.ch\/wp-content\/uploads\/2023\/09\/29_1.jpg","datePublished":"2021-06-17T08:06:26+00:00","description":"\u2705 Base di ricarica per ricevitore radio portatile","breadcrumb":{"@id":"https:\/\/www.gleichcom.samuraidev.ch\/it\/shop\/humantechnik-ladestation-fuer-signolux-3806\/#breadcrumb"},"inLanguage":"it-IT","potentialAction":[{"@type":"ReadAction","target":["https:\/\/www.gleichcom.samuraidev.ch\/it\/shop\/humantechnik-ladestation-fuer-signolux-3806\/"]}]},{"@type":"ImageObject","inLanguage":"it-IT","@id":"https:\/\/www.gleichcom.samuraidev.ch\/it\/shop\/humantechnik-ladestation-fuer-signolux-3806\/#primaryimage","url":"https:\/\/www.gleichcom.samuraidev.ch\/wp-content\/uploads\/2023\/09\/29_1.jpg","contentUrl":"https:\/\/www.gleichcom.samuraidev.ch\/wp-content\/uploads\/2023\/09\/29_1.jpg","width":500,"height":500},{"@type":"BreadcrumbList","@id":"https:\/\/www.gleichcom.samuraidev.ch\/it\/shop\/humantechnik-ladestation-fuer-signolux-3806\/#breadcrumb","itemListElement":[{"@type":"ListItem","position":1,"name":"Startseite","item":"https:\/\/www.gleichcom.samuraidev.ch\/it\/"},{"@type":"ListItem","position":2,"name":"Shop","item":"https:\/\/www.gleichcom.samuraidev.ch\/it\/shop\/"},{"@type":"ListItem","position":3,"name":"Humantechnik Base di ricarica per ricevitore radio portatile Blanco"}]},{"@type":"WebSite","@id":"https:\/\/www.gleichcom.samuraidev.ch\/it\/#website","url":"https:\/\/www.gleichcom.samuraidev.ch\/it\/","name":"Gleichcom AG","description":"besser h\u00f6ren. besser sehen. besser leben.","publisher":{"@id":"https:\/\/www.gleichcom.samuraidev.ch\/it\/#organization"},"alternateName":"Gleichcom","potentialAction":[{"@type":"SearchAction","target":{"@type":"EntryPoint","urlTemplate":"https:\/\/www.gleichcom.samuraidev.ch\/it\/?s={search_term_string}"},"query-input":{"@type":"PropertyValueSpecification","valueRequired":true,"valueName":"search_term_string"}}],"inLanguage":"it-IT"},{"@type":"Organization","@id":"https:\/\/www.gleichcom.samuraidev.ch\/it\/#organization","name":"Gleichcom AG","alternateName":"Gleichcom","url":"https:\/\/www.gleichcom.samuraidev.ch\/it\/","logo":{"@type":"ImageObject","inLanguage":"it-IT","@id":"https:\/\/www.gleichcom.samuraidev.ch\/it\/#\/schema\/logo\/image\/","url":"https:\/\/www.gleichcom.samuraidev.ch\/wp-content\/uploads\/2023\/09\/gleichcom-ag-logo-quadrat-farbig-mitte@696.png","contentUrl":"https:\/\/www.gleichcom.samuraidev.ch\/wp-content\/uploads\/2023\/09\/gleichcom-ag-logo-quadrat-farbig-mitte@696.png","width":437,"height":437,"caption":"Gleichcom AG"},"image":{"@id":"https:\/\/www.gleichcom.samuraidev.ch\/it\/#\/schema\/logo\/image\/"},"sameAs":["https:\/\/www.facebook.com\/profile.php?id=100068749126981"]}]}},"uagb_featured_image_src":{"full":["https:\/\/www.gleichcom.samuraidev.ch\/wp-content\/uploads\/2023\/09\/29_1.jpg",500,500,false],"thumbnail":["https:\/\/www.gleichcom.samuraidev.ch\/wp-content\/uploads\/2023\/09\/29_1.jpg",150,150,false],"medium":["https:\/\/www.gleichcom.samuraidev.ch\/wp-content\/uploads\/2023\/09\/29_1.jpg",300,300,false],"medium_large":["https:\/\/www.gleichcom.samuraidev.ch\/wp-content\/uploads\/2023\/09\/29_1.jpg",500,500,false],"large":["https:\/\/www.gleichcom.samuraidev.ch\/wp-content\/uploads\/2023\/09\/29_1.jpg",500,500,false],"1536x1536":["https:\/\/www.gleichcom.samuraidev.ch\/wp-content\/uploads\/2023\/09\/29_1.jpg",500,500,false],"2048x2048":["https:\/\/www.gleichcom.samuraidev.ch\/wp-content\/uploads\/2023\/09\/29_1.jpg",500,500,false],"woocommerce_thumbnail":["https:\/\/www.gleichcom.samuraidev.ch\/wp-content\/uploads\/2023\/09\/29_1.jpg",300,300,false],"woocommerce_single":["https:\/\/www.gleichcom.samuraidev.ch\/wp-content\/uploads\/2023\/09\/29_1.jpg",500,500,false],"woocommerce_gallery_thumbnail":["https:\/\/www.gleichcom.samuraidev.ch\/wp-content\/uploads\/2023\/09\/29_1.jpg",100,100,false]},"uagb_author_info":{"display_name":"","author_link":"https:\/\/www.gleichcom.samuraidev.ch\/it\/author\/"},"uagb_comment_info":0,"uagb_excerpt":"Base di ricarica per ricevitore radio portatile","_links":{"self":[{"href":"https:\/\/www.gleichcom.samuraidev.ch\/it\/wp-json\/wp\/v2\/product\/15907","targetHints":{"allow":["GET"]}}],"collection":[{"href":"https:\/\/www.gleichcom.samuraidev.ch\/it\/wp-json\/wp\/v2\/product"}],"about":[{"href":"https:\/\/www.gleichcom.samuraidev.ch\/it\/wp-json\/wp\/v2\/types\/product"}],"wp:featuredmedia":[{"embeddable":true,"href":"https:\/\/www.gleichcom.samuraidev.ch\/it\/wp-json\/wp\/v2\/media\/15902"}],"wp:attachment":[{"href":"https:\/\/www.gleichcom.samuraidev.ch\/it\/wp-json\/wp\/v2\/media?parent=15907"}],"wp:term":[{"taxonomy":"product_brand","embeddable":true,"href":"https:\/\/www.gleichcom.samuraidev.ch\/it\/wp-json\/wp\/v2\/product_brand?post=15907"},{"taxonomy":"product_cat","embeddable":true,"href":"https:\/\/www.gleichcom.samuraidev.ch\/it\/wp-json\/wp\/v2\/product_cat?post=15907"},{"taxonomy":"product_tag","embeddable":true,"href":"https:\/\/www.gleichcom.samuraidev.ch\/it\/wp-json\/wp\/v2\/product_tag?post=15907"}],"curies":[{"name":"wp","href":"https:\/\/api.w.org\/{rel}","templated":true}]}}