{"id":17578,"date":"2021-08-24T11:36:21","date_gmt":"2021-08-24T09:36:21","guid":{"rendered":"https:\/\/www.gleichcom.samuraidev.ch\/?product=humantechnik-visutone-air-funk-set"},"modified":"1000-01-01T00:00:00","modified_gmt":"1000-01-01T00:00:00","slug":"humantechnik-visutone-air-funk-set","status":"publish","type":"product","link":"https:\/\/www.gleichcom.samuraidev.ch\/it\/shop\/humantechnik-visutone-air-funk-set\/","title":{"rendered":"Humantechnik VisuTone Air Radio Set"},"content":{"rendered":"<p><strong>Humantechnik VisuTone Air Radio Set<\/strong><\/p>\n<p>Extra forte ed extra luminoso<br \/>\nCon VisuTone Air non perderete pi\u00f9 cos\u00ec facilmente le chiamate telefoniche e il campanello. Il set di campanelli luminosi ha due tipi di segnale che possono essere utilizzati singolarmente o in combinazione. Il flash luminoso \u00e8 dotato di LED di potenza particolarmente brillante e la suoneria convince con le sue opzioni di impostazione extra-forte. Inoltre, \u00e8 possibile scegliere tra diverse melodie da far suonare quando la campana suona.<\/p>\n<p><strong>Connessione radio semplice<\/strong><br \/>\nCon la pratica connessione radio tra trasmettitore e ricevitore, non \u00e8 pi\u00f9 necessario collegare un cavo ingombrante e si \u00e8 completamente indipendenti. Potete montare il pratico ricevitore sul muro o metterlo in piedi, a seconda delle vostre esigenze. Questo vi d\u00e0 la possibilit\u00e0 di posizionare l&#8217;unit\u00e0 di visualizzazione vicino a voi in modo da non perdere pi\u00f9 nessuna chiamata o visita. Il trasmettitore radio di accompagnamento pu\u00f2 essere attaccato al lato o al posto del vostro campanello esistente. Quando il pulsante del campanello viene premuto, il segnale viene trasmesso direttamente al dispositivo ricevitore via radio e trasmesso a voi visivamente o acusticamente.<\/p>\n<p><strong>A colpo d&#8217;occhio<\/strong><\/p>\n<ul>\n<li>\u00a0\u00a0\u00a0 Set di campane luminose con collegamento radio<\/li>\n<li>\u00a0\u00a0\u00a0 Set composto da unit\u00e0 di visualizzazione e pulsante del campanello<\/li>\n<li>\u00a0\u00a0\u00a0 Per segnalare il campanello o la suoneria del telefono<\/li>\n<li>\u00a0\u00a0\u00a0 Nessuna connessione via cavo con campanello o telefono necessaria<\/li>\n<li>\u00a0\u00a0\u00a0 Trasmettitore radio telefonico supplementare disponibile come accessorio<\/li>\n<li>\u00a0\u00a0\u00a0 I tipi di segnale luce e suono possono essere attivati individualmente o insieme<\/li>\n<li>\u00a0\u00a0\u00a0 Flash luminoso con LED di potenza extra-luminosi<\/li>\n<li>\u00a0\u00a0\u00a0 Impostazioni di volume extra-alto e varie melodie<\/li>\n<li>\u00a0\u00a0\u00a0 Ricevitore adatto al montaggio a parete o in piedi<\/li>\n<li>\u00a0\u00a0\u00a0 Montaggio del trasmettitore radio accanto o al posto del campanello<\/li>\n<li>\u00a0\u00a0\u00a0 Ricevitore:<\/li>\n<li>\u00a0\u00a0\u00a0 Volume fino a 100 dB a 1 metro di distanza<\/li>\n<li>\u00a0\u00a0\u00a0 Funziona a batteria con 3 batterie da 1,5 V tipo C (R14)<\/li>\n<li>\u00a0\u00a0\u00a0 Gamma operativa: da 0 a 40\u00b0C<\/li>\n<li>\u00a0\u00a0\u00a0 Peso: 216 g (senza batterie)<\/li>\n<li>\u00a0\u00a0\u00a0 Dimensioni (HxLxP): 145 x 105 x 52 mm<\/li>\n<li>\u00a0\u00a0\u00a0 Colore: Bianco<\/li>\n<li>\u00a0\u00a0\u00a0 Trasmettitore:<\/li>\n<li>\u00a0\u00a0\u00a0 Portata radio: fino a 300 m in campo aperto<\/li>\n<li>\u00a0\u00a0\u00a0 Funzionamento a batteria con 1 x pila a bottone TIPO CR2032<\/li>\n<li>\u00a0\u00a0\u00a0 Peso: 25 g<\/li>\n<li>\u00a0\u00a0\u00a0 Dimensioni (LxWxH): 80 x 32 x 17 mm<\/li>\n<li>\u00a0\u00a0\u00a0 Colore: bianco<\/li>\n<\/ul>\n<p>\n<strong>Ambito di consegna<\/strong><\/p>\n<ul>\n<li>\u00a0\u00a0\u00a0 1 x ricevitore<\/li>\n<li>\u00a0\u00a0\u00a0 1 x pulsante campanello con funzione di trasmissione<\/li>\n<li>\u00a0\u00a0\u00a0 3 batterie tipo C (R14)<\/li>\n<li>\u00a0\u00a0\u00a0 1 x pila a bottone CR2032<\/li>\n<li>\u00a0\u00a0\u00a0 2 x viti<\/li>\n<li>\u00a0\u00a0\u00a0 2 x spine a muro<\/li>\n<li>\u00a0\u00a0\u00a0 1 x manuale d&#8217;istruzioni<\/li>\n<\/ul>\n","protected":false},"excerpt":{"rendered":"<p>Campanello radio extra forte con flash luminoso per segnalare il campanello e la suoneria del telefono. Composto da ricevitore e pulsante del campanello.<\/p>\n","protected":false},"featured_media":17573,"template":"","meta":{"inline_featured_image":false,"_uag_custom_page_level_css":"","site-sidebar-layout":"default","site-content-layout":"","ast-site-content-layout":"default","site-content-style":"default","site-sidebar-style":"default","ast-global-header-display":"","ast-banner-title-visibility":"","ast-main-header-display":"","ast-hfb-above-header-display":"","ast-hfb-below-header-display":"","ast-hfb-mobile-header-display":"","site-post-title":"","ast-breadcrumbs-content":"","ast-featured-img":"","footer-sml-layout":"","ast-disable-related-posts":"","theme-transparent-header-meta":"","adv-header-id-meta":"","stick-header-meta":"","header-above-stick-meta":"","header-main-stick-meta":"","header-below-stick-meta":"","astra-migrate-meta-layouts":"default","ast-page-background-enabled":"default","ast-page-background-meta":{"desktop":{"background-color":"","background-image":"","background-repeat":"repeat","background-position":"center center","background-size":"auto","background-attachment":"scroll","background-type":"","background-media":"","overlay-type":"","overlay-color":"","overlay-opacity":"","overlay-gradient":""},"tablet":{"background-color":"","background-image":"","background-repeat":"repeat","background-position":"center center","background-size":"auto","background-attachment":"scroll","background-type":"","background-media":"","overlay-type":"","overlay-color":"","overlay-opacity":"","overlay-gradient":""},"mobile":{"background-color":"","background-image":"","background-repeat":"repeat","background-position":"center center","background-size":"auto","background-attachment":"scroll","background-type":"","background-media":"","overlay-type":"","overlay-color":"","overlay-opacity":"","overlay-gradient":""}},"ast-content-background-meta":{"desktop":{"background-color":"var(--ast-global-color-5)","background-image":"","background-repeat":"repeat","background-position":"center center","background-size":"auto","background-attachment":"scroll","background-type":"","background-media":"","overlay-type":"","overlay-color":"","overlay-opacity":"","overlay-gradient":""},"tablet":{"background-color":"var(--ast-global-color-5)","background-image":"","background-repeat":"repeat","background-position":"center center","background-size":"auto","background-attachment":"scroll","background-type":"","background-media":"","overlay-type":"","overlay-color":"","overlay-opacity":"","overlay-gradient":""},"mobile":{"background-color":"var(--ast-global-color-5)","background-image":"","background-repeat":"repeat","background-position":"center center","background-size":"auto","background-attachment":"scroll","background-type":"","background-media":"","overlay-type":"","overlay-color":"","overlay-opacity":"","overlay-gradient":""}}},"product_brand":[],"product_cat":[1776],"product_tag":[],"class_list":{"0":"post-17578","1":"product","2":"type-product","3":"status-publish","4":"has-post-thumbnail","6":"product_cat-unkategorisiert","7":"desktop-align-center","8":"tablet-align-center","9":"mobile-align-center","10":"ast-product-gallery-layout-horizontal-slider","11":"ast-product-tabs-layout-accordion","13":"first","14":"instock","15":"taxable","16":"shipping-taxable","17":"purchasable","18":"product-type-simple"},"yoast_head":"<!-- This site is optimized with the Yoast SEO plugin v27.5 - https:\/\/yoast.com\/product\/yoast-seo-wordpress\/ -->\n<title>Humantechnik VisuTone Air Radio Set im Onlineshop | Gleichcom AG<\/title>\n<meta name=\"description\" content=\"\u2705 Campanello radio extra forte con flash luminoso per segnalare il campanello e la suoneria del telefono. Composto da ricevitore e pulsante del campanello.\" \/>\n<meta name=\"robots\" content=\"noindex, follow, max-snippet:-1, max-image-preview:large, max-video-preview:-1\" \/>\n<meta property=\"og:locale\" content=\"it_IT\" \/>\n<meta property=\"og:type\" content=\"article\" \/>\n<meta property=\"og:title\" content=\"Humantechnik VisuTone Air Radio Set im Onlineshop | Gleichcom AG\" \/>\n<meta property=\"og:description\" content=\"\u2705 Campanello radio extra forte con flash luminoso per segnalare il campanello e la suoneria del telefono. Composto da ricevitore e pulsante del campanello.\" \/>\n<meta property=\"og:url\" content=\"https:\/\/www.gleichcom.samuraidev.ch\/it\/shop\/humantechnik-visutone-air-funk-set\/\" \/>\n<meta property=\"og:site_name\" content=\"Gleichcom AG\" \/>\n<meta property=\"article:publisher\" content=\"https:\/\/www.facebook.com\/profile.php?id=100068749126981\" \/>\n<meta property=\"og:image\" content=\"https:\/\/www.gleichcom.samuraidev.ch\/wp-content\/uploads\/2023\/09\/humantechnikvisutoneairfunklichtklingelsethum011201.jpeg\" \/>\n\t<meta property=\"og:image:width\" content=\"500\" \/>\n\t<meta property=\"og:image:height\" content=\"500\" \/>\n\t<meta property=\"og:image:type\" content=\"image\/jpeg\" \/>\n<meta name=\"twitter:card\" content=\"summary_large_image\" \/>\n<script type=\"application\/ld+json\" class=\"yoast-schema-graph\">{\"@context\":\"https:\\\/\\\/schema.org\",\"@graph\":[{\"@type\":\"WebPage\",\"@id\":\"https:\\\/\\\/www.gleichcom.samuraidev.ch\\\/it\\\/shop\\\/humantechnik-visutone-air-funk-set\\\/\",\"url\":\"https:\\\/\\\/www.gleichcom.samuraidev.ch\\\/it\\\/shop\\\/humantechnik-visutone-air-funk-set\\\/\",\"name\":\"Humantechnik VisuTone Air Radio Set im Onlineshop | Gleichcom AG\",\"isPartOf\":{\"@id\":\"https:\\\/\\\/www.gleichcom.samuraidev.ch\\\/it\\\/#website\"},\"primaryImageOfPage\":{\"@id\":\"https:\\\/\\\/www.gleichcom.samuraidev.ch\\\/it\\\/shop\\\/humantechnik-visutone-air-funk-set\\\/#primaryimage\"},\"image\":{\"@id\":\"https:\\\/\\\/www.gleichcom.samuraidev.ch\\\/it\\\/shop\\\/humantechnik-visutone-air-funk-set\\\/#primaryimage\"},\"thumbnailUrl\":\"https:\\\/\\\/www.gleichcom.samuraidev.ch\\\/wp-content\\\/uploads\\\/2023\\\/09\\\/humantechnikvisutoneairfunklichtklingelsethum011201.jpeg\",\"datePublished\":\"2021-08-24T09:36:21+00:00\",\"description\":\"\u2705 Campanello radio extra forte con flash luminoso per segnalare il campanello e la suoneria del telefono. Composto da ricevitore e pulsante del campanello.\",\"breadcrumb\":{\"@id\":\"https:\\\/\\\/www.gleichcom.samuraidev.ch\\\/it\\\/shop\\\/humantechnik-visutone-air-funk-set\\\/#breadcrumb\"},\"inLanguage\":\"it-IT\",\"potentialAction\":[{\"@type\":\"ReadAction\",\"target\":[\"https:\\\/\\\/www.gleichcom.samuraidev.ch\\\/it\\\/shop\\\/humantechnik-visutone-air-funk-set\\\/\"]}]},{\"@type\":\"ImageObject\",\"inLanguage\":\"it-IT\",\"@id\":\"https:\\\/\\\/www.gleichcom.samuraidev.ch\\\/it\\\/shop\\\/humantechnik-visutone-air-funk-set\\\/#primaryimage\",\"url\":\"https:\\\/\\\/www.gleichcom.samuraidev.ch\\\/wp-content\\\/uploads\\\/2023\\\/09\\\/humantechnikvisutoneairfunklichtklingelsethum011201.jpeg\",\"contentUrl\":\"https:\\\/\\\/www.gleichcom.samuraidev.ch\\\/wp-content\\\/uploads\\\/2023\\\/09\\\/humantechnikvisutoneairfunklichtklingelsethum011201.jpeg\",\"width\":500,\"height\":500},{\"@type\":\"BreadcrumbList\",\"@id\":\"https:\\\/\\\/www.gleichcom.samuraidev.ch\\\/it\\\/shop\\\/humantechnik-visutone-air-funk-set\\\/#breadcrumb\",\"itemListElement\":[{\"@type\":\"ListItem\",\"position\":1,\"name\":\"Startseite\",\"item\":\"https:\\\/\\\/www.gleichcom.samuraidev.ch\\\/it\\\/\"},{\"@type\":\"ListItem\",\"position\":2,\"name\":\"Shop\",\"item\":\"https:\\\/\\\/www.gleichcom.samuraidev.ch\\\/it\\\/shop\\\/\"},{\"@type\":\"ListItem\",\"position\":3,\"name\":\"Humantechnik VisuTone Air Radio Set\"}]},{\"@type\":\"WebSite\",\"@id\":\"https:\\\/\\\/www.gleichcom.samuraidev.ch\\\/it\\\/#website\",\"url\":\"https:\\\/\\\/www.gleichcom.samuraidev.ch\\\/it\\\/\",\"name\":\"Gleichcom AG\",\"description\":\"besser h\u00f6ren. besser sehen. besser leben.\",\"publisher\":{\"@id\":\"https:\\\/\\\/www.gleichcom.samuraidev.ch\\\/it\\\/#organization\"},\"alternateName\":\"Gleichcom\",\"potentialAction\":[{\"@type\":\"SearchAction\",\"target\":{\"@type\":\"EntryPoint\",\"urlTemplate\":\"https:\\\/\\\/www.gleichcom.samuraidev.ch\\\/it\\\/?s={search_term_string}\"},\"query-input\":{\"@type\":\"PropertyValueSpecification\",\"valueRequired\":true,\"valueName\":\"search_term_string\"}}],\"inLanguage\":\"it-IT\"},{\"@type\":\"Organization\",\"@id\":\"https:\\\/\\\/www.gleichcom.samuraidev.ch\\\/it\\\/#organization\",\"name\":\"Gleichcom AG\",\"alternateName\":\"Gleichcom\",\"url\":\"https:\\\/\\\/www.gleichcom.samuraidev.ch\\\/it\\\/\",\"logo\":{\"@type\":\"ImageObject\",\"inLanguage\":\"it-IT\",\"@id\":\"https:\\\/\\\/www.gleichcom.samuraidev.ch\\\/it\\\/#\\\/schema\\\/logo\\\/image\\\/\",\"url\":\"https:\\\/\\\/www.gleichcom.samuraidev.ch\\\/wp-content\\\/uploads\\\/2023\\\/09\\\/gleichcom-ag-logo-quadrat-farbig-mitte@696.png\",\"contentUrl\":\"https:\\\/\\\/www.gleichcom.samuraidev.ch\\\/wp-content\\\/uploads\\\/2023\\\/09\\\/gleichcom-ag-logo-quadrat-farbig-mitte@696.png\",\"width\":437,\"height\":437,\"caption\":\"Gleichcom AG\"},\"image\":{\"@id\":\"https:\\\/\\\/www.gleichcom.samuraidev.ch\\\/it\\\/#\\\/schema\\\/logo\\\/image\\\/\"},\"sameAs\":[\"https:\\\/\\\/www.facebook.com\\\/profile.php?id=100068749126981\"]}]}<\/script>\n<!-- \/ Yoast SEO plugin. -->","yoast_head_json":{"title":"Humantechnik VisuTone Air Radio Set im Onlineshop | Gleichcom AG","description":"\u2705 Campanello radio extra forte con flash luminoso per segnalare il campanello e la suoneria del telefono. Composto da ricevitore e pulsante del campanello.","robots":{"index":"noindex","follow":"follow","max-snippet":"max-snippet:-1","max-image-preview":"max-image-preview:large","max-video-preview":"max-video-preview:-1"},"og_locale":"it_IT","og_type":"article","og_title":"Humantechnik VisuTone Air Radio Set im Onlineshop | Gleichcom AG","og_description":"\u2705 Campanello radio extra forte con flash luminoso per segnalare il campanello e la suoneria del telefono. Composto da ricevitore e pulsante del campanello.","og_url":"https:\/\/www.gleichcom.samuraidev.ch\/it\/shop\/humantechnik-visutone-air-funk-set\/","og_site_name":"Gleichcom AG","article_publisher":"https:\/\/www.facebook.com\/profile.php?id=100068749126981","og_image":[{"width":500,"height":500,"url":"https:\/\/www.gleichcom.samuraidev.ch\/wp-content\/uploads\/2023\/09\/humantechnikvisutoneairfunklichtklingelsethum011201.jpeg","type":"image\/jpeg"}],"twitter_card":"summary_large_image","schema":{"@context":"https:\/\/schema.org","@graph":[{"@type":"WebPage","@id":"https:\/\/www.gleichcom.samuraidev.ch\/it\/shop\/humantechnik-visutone-air-funk-set\/","url":"https:\/\/www.gleichcom.samuraidev.ch\/it\/shop\/humantechnik-visutone-air-funk-set\/","name":"Humantechnik VisuTone Air Radio Set im Onlineshop | Gleichcom AG","isPartOf":{"@id":"https:\/\/www.gleichcom.samuraidev.ch\/it\/#website"},"primaryImageOfPage":{"@id":"https:\/\/www.gleichcom.samuraidev.ch\/it\/shop\/humantechnik-visutone-air-funk-set\/#primaryimage"},"image":{"@id":"https:\/\/www.gleichcom.samuraidev.ch\/it\/shop\/humantechnik-visutone-air-funk-set\/#primaryimage"},"thumbnailUrl":"https:\/\/www.gleichcom.samuraidev.ch\/wp-content\/uploads\/2023\/09\/humantechnikvisutoneairfunklichtklingelsethum011201.jpeg","datePublished":"2021-08-24T09:36:21+00:00","description":"\u2705 Campanello radio extra forte con flash luminoso per segnalare il campanello e la suoneria del telefono. Composto da ricevitore e pulsante del campanello.","breadcrumb":{"@id":"https:\/\/www.gleichcom.samuraidev.ch\/it\/shop\/humantechnik-visutone-air-funk-set\/#breadcrumb"},"inLanguage":"it-IT","potentialAction":[{"@type":"ReadAction","target":["https:\/\/www.gleichcom.samuraidev.ch\/it\/shop\/humantechnik-visutone-air-funk-set\/"]}]},{"@type":"ImageObject","inLanguage":"it-IT","@id":"https:\/\/www.gleichcom.samuraidev.ch\/it\/shop\/humantechnik-visutone-air-funk-set\/#primaryimage","url":"https:\/\/www.gleichcom.samuraidev.ch\/wp-content\/uploads\/2023\/09\/humantechnikvisutoneairfunklichtklingelsethum011201.jpeg","contentUrl":"https:\/\/www.gleichcom.samuraidev.ch\/wp-content\/uploads\/2023\/09\/humantechnikvisutoneairfunklichtklingelsethum011201.jpeg","width":500,"height":500},{"@type":"BreadcrumbList","@id":"https:\/\/www.gleichcom.samuraidev.ch\/it\/shop\/humantechnik-visutone-air-funk-set\/#breadcrumb","itemListElement":[{"@type":"ListItem","position":1,"name":"Startseite","item":"https:\/\/www.gleichcom.samuraidev.ch\/it\/"},{"@type":"ListItem","position":2,"name":"Shop","item":"https:\/\/www.gleichcom.samuraidev.ch\/it\/shop\/"},{"@type":"ListItem","position":3,"name":"Humantechnik VisuTone Air Radio Set"}]},{"@type":"WebSite","@id":"https:\/\/www.gleichcom.samuraidev.ch\/it\/#website","url":"https:\/\/www.gleichcom.samuraidev.ch\/it\/","name":"Gleichcom AG","description":"besser h\u00f6ren. besser sehen. besser leben.","publisher":{"@id":"https:\/\/www.gleichcom.samuraidev.ch\/it\/#organization"},"alternateName":"Gleichcom","potentialAction":[{"@type":"SearchAction","target":{"@type":"EntryPoint","urlTemplate":"https:\/\/www.gleichcom.samuraidev.ch\/it\/?s={search_term_string}"},"query-input":{"@type":"PropertyValueSpecification","valueRequired":true,"valueName":"search_term_string"}}],"inLanguage":"it-IT"},{"@type":"Organization","@id":"https:\/\/www.gleichcom.samuraidev.ch\/it\/#organization","name":"Gleichcom AG","alternateName":"Gleichcom","url":"https:\/\/www.gleichcom.samuraidev.ch\/it\/","logo":{"@type":"ImageObject","inLanguage":"it-IT","@id":"https:\/\/www.gleichcom.samuraidev.ch\/it\/#\/schema\/logo\/image\/","url":"https:\/\/www.gleichcom.samuraidev.ch\/wp-content\/uploads\/2023\/09\/gleichcom-ag-logo-quadrat-farbig-mitte@696.png","contentUrl":"https:\/\/www.gleichcom.samuraidev.ch\/wp-content\/uploads\/2023\/09\/gleichcom-ag-logo-quadrat-farbig-mitte@696.png","width":437,"height":437,"caption":"Gleichcom AG"},"image":{"@id":"https:\/\/www.gleichcom.samuraidev.ch\/it\/#\/schema\/logo\/image\/"},"sameAs":["https:\/\/www.facebook.com\/profile.php?id=100068749126981"]}]}},"uagb_featured_image_src":{"full":["https:\/\/www.gleichcom.samuraidev.ch\/wp-content\/uploads\/2023\/09\/humantechnikvisutoneairfunklichtklingelsethum011201.jpeg",500,500,false],"thumbnail":["https:\/\/www.gleichcom.samuraidev.ch\/wp-content\/uploads\/2023\/09\/humantechnikvisutoneairfunklichtklingelsethum011201.jpeg",150,150,false],"medium":["https:\/\/www.gleichcom.samuraidev.ch\/wp-content\/uploads\/2023\/09\/humantechnikvisutoneairfunklichtklingelsethum011201.jpeg",300,300,false],"medium_large":["https:\/\/www.gleichcom.samuraidev.ch\/wp-content\/uploads\/2023\/09\/humantechnikvisutoneairfunklichtklingelsethum011201.jpeg",500,500,false],"large":["https:\/\/www.gleichcom.samuraidev.ch\/wp-content\/uploads\/2023\/09\/humantechnikvisutoneairfunklichtklingelsethum011201.jpeg",500,500,false],"1536x1536":["https:\/\/www.gleichcom.samuraidev.ch\/wp-content\/uploads\/2023\/09\/humantechnikvisutoneairfunklichtklingelsethum011201.jpeg",500,500,false],"2048x2048":["https:\/\/www.gleichcom.samuraidev.ch\/wp-content\/uploads\/2023\/09\/humantechnikvisutoneairfunklichtklingelsethum011201.jpeg",500,500,false],"woocommerce_thumbnail":["https:\/\/www.gleichcom.samuraidev.ch\/wp-content\/uploads\/2023\/09\/humantechnikvisutoneairfunklichtklingelsethum011201.jpeg",300,300,false],"woocommerce_single":["https:\/\/www.gleichcom.samuraidev.ch\/wp-content\/uploads\/2023\/09\/humantechnikvisutoneairfunklichtklingelsethum011201.jpeg",500,500,false],"woocommerce_gallery_thumbnail":["https:\/\/www.gleichcom.samuraidev.ch\/wp-content\/uploads\/2023\/09\/humantechnikvisutoneairfunklichtklingelsethum011201.jpeg",100,100,false]},"uagb_author_info":{"display_name":"","author_link":"https:\/\/www.gleichcom.samuraidev.ch\/it\/author\/"},"uagb_comment_info":0,"uagb_excerpt":"Campanello radio extra forte con flash luminoso per segnalare il campanello e la suoneria del telefono. Composto da ricevitore e pulsante del campanello.","_links":{"self":[{"href":"https:\/\/www.gleichcom.samuraidev.ch\/it\/wp-json\/wp\/v2\/product\/17578","targetHints":{"allow":["GET"]}}],"collection":[{"href":"https:\/\/www.gleichcom.samuraidev.ch\/it\/wp-json\/wp\/v2\/product"}],"about":[{"href":"https:\/\/www.gleichcom.samuraidev.ch\/it\/wp-json\/wp\/v2\/types\/product"}],"wp:featuredmedia":[{"embeddable":true,"href":"https:\/\/www.gleichcom.samuraidev.ch\/it\/wp-json\/wp\/v2\/media\/17573"}],"wp:attachment":[{"href":"https:\/\/www.gleichcom.samuraidev.ch\/it\/wp-json\/wp\/v2\/media?parent=17578"}],"wp:term":[{"taxonomy":"product_brand","embeddable":true,"href":"https:\/\/www.gleichcom.samuraidev.ch\/it\/wp-json\/wp\/v2\/product_brand?post=17578"},{"taxonomy":"product_cat","embeddable":true,"href":"https:\/\/www.gleichcom.samuraidev.ch\/it\/wp-json\/wp\/v2\/product_cat?post=17578"},{"taxonomy":"product_tag","embeddable":true,"href":"https:\/\/www.gleichcom.samuraidev.ch\/it\/wp-json\/wp\/v2\/product_tag?post=17578"}],"curies":[{"name":"wp","href":"https:\/\/api.w.org\/{rel}","templated":true}]}}