{"id":17797,"date":"2021-12-11T16:34:24","date_gmt":"2021-12-11T15:34:24","guid":{"rendered":"https:\/\/www.gleichcom.samuraidev.ch\/?product=phonak-tourguide-hoeranlage-neckloop-komplettsystem-mit-10-empfaengern"},"modified":"1000-01-01T00:00:00","modified_gmt":"1000-01-01T00:00:00","slug":"phonak-tourguide-hoeranlage-neckloop-komplettsystem-mit-10-empfaengern","status":"publish","type":"product","link":"https:\/\/www.gleichcom.samuraidev.ch\/it\/shop\/phonak-tourguide-hoeranlage-neckloop-komplettsystem-mit-10-empfaengern\/","title":{"rendered":"Phonak Tourguide sistema uditivo Neckloop sistema completo con 10 ricevitori"},"content":{"rendered":"<p><strong>10 ricevitori Phonak Neckloop pi\u00f9 1 microfono Roger Touch e 1 microfono supplementare Roger Pass-around.<\/strong><br \/>\nCon la nostra valigia completa Phonak, copriamo le esigenze dell&#8217;industria dei viaggi cos\u00ec come gli eventi, i tour della citt\u00e0 e le case di cura e di riposo.<\/p>\n<p>Le piccole dimensioni fanno di questo sistema un tuttofare. Sia all&#8217;aperto che all&#8217;interno di una sala o di una sala per eventi.<br \/>\nLa custodia ha le seguenti dimensioni:<br \/>\nLunghezza: 43cm x larghezza 25cm x altezza 23cm<br \/>\nMateriale: alluminio e plastica, inclusi 16 slot di ricarica e tecnologia di ricarica integrata.<\/p>\n<p>Il Roger Touchscreen Mic passa automaticamente dalla modalit\u00e0 a voce singola alla modalit\u00e0 di conversazione in piccoli gruppi a seconda di come \u00e8 posizionato<br \/>\nUn microfono Roger passaround \u00e8 usato come microfono ausiliario per le domande, ecc.<br \/>\nI ricevitori Neckloop possono essere utilizzati per trasmettere il suono agli apparecchi acustici o per utilizzare cuffie o auricolari.<br \/>\n\u00a0<br \/>\nIl nostro set standard \u00e8 espandibile.<br \/>\nGrazie al microfono Roger Touch, potete anche aggiungere diversi microfoni Passaround come gruppo.<\/p>\n<p><strong>Il sistema standard include i seguenti dispositivi:<\/strong><\/p>\n<p>10x Ricevitore Neckloop Roger (cuffie incluse)<br \/>\n1x microfono di gruppo Roger Touch<br \/>\n1x microfono aggiuntivo Pass-around<br \/>\n1x custodia con 16 slot di ricarica<br \/>\n1x cavo di collegamento 230V alla cassa di ricarica<\/p>\n<p>Dati tecnici:<\/p>\n<p>\u00a0\u00a0\u00a0 Gamma di frequenza 2.4 GHz<br \/>\n\u00a0\u00a0\u00a0 Batteria ai polimeri di litio (LiPo)<\/p>\n<p>\nVi consigliamo di contattarci per avere maggiori dettagli su questo sistema.<br \/>\nUna dimostrazione \u00e8 possibile nel nostro showroom o, nel caso di grandi progetti, nei vostri locali.<\/p>\n<p>Tecnologia di esperienza sviluppata in Svizzera.<\/p>\n<p>\u00a0<\/p>\n","protected":false},"excerpt":{"rendered":"<p>Con il nostro apparecchio acustico Phonak Tourguide completo, copriamo le esigenze dell&#8217;industria dei viaggi cos\u00ec come gli eventi, i tour delle citt\u00e0 e le case di cura e di riposo.<\/p>\n","protected":false},"featured_media":17777,"template":"","meta":{"inline_featured_image":false,"_uag_custom_page_level_css":"","site-sidebar-layout":"default","site-content-layout":"","ast-site-content-layout":"default","site-content-style":"default","site-sidebar-style":"default","ast-global-header-display":"","ast-banner-title-visibility":"","ast-main-header-display":"","ast-hfb-above-header-display":"","ast-hfb-below-header-display":"","ast-hfb-mobile-header-display":"","site-post-title":"","ast-breadcrumbs-content":"","ast-featured-img":"","footer-sml-layout":"","ast-disable-related-posts":"","theme-transparent-header-meta":"","adv-header-id-meta":"","stick-header-meta":"","header-above-stick-meta":"","header-main-stick-meta":"","header-below-stick-meta":"","astra-migrate-meta-layouts":"default","ast-page-background-enabled":"default","ast-page-background-meta":{"desktop":{"background-color":"","background-image":"","background-repeat":"repeat","background-position":"center center","background-size":"auto","background-attachment":"scroll","background-type":"","background-media":"","overlay-type":"","overlay-color":"","overlay-opacity":"","overlay-gradient":""},"tablet":{"background-color":"","background-image":"","background-repeat":"repeat","background-position":"center center","background-size":"auto","background-attachment":"scroll","background-type":"","background-media":"","overlay-type":"","overlay-color":"","overlay-opacity":"","overlay-gradient":""},"mobile":{"background-color":"","background-image":"","background-repeat":"repeat","background-position":"center center","background-size":"auto","background-attachment":"scroll","background-type":"","background-media":"","overlay-type":"","overlay-color":"","overlay-opacity":"","overlay-gradient":""}},"ast-content-background-meta":{"desktop":{"background-color":"var(--ast-global-color-5)","background-image":"","background-repeat":"repeat","background-position":"center center","background-size":"auto","background-attachment":"scroll","background-type":"","background-media":"","overlay-type":"","overlay-color":"","overlay-opacity":"","overlay-gradient":""},"tablet":{"background-color":"var(--ast-global-color-5)","background-image":"","background-repeat":"repeat","background-position":"center center","background-size":"auto","background-attachment":"scroll","background-type":"","background-media":"","overlay-type":"","overlay-color":"","overlay-opacity":"","overlay-gradient":""},"mobile":{"background-color":"var(--ast-global-color-5)","background-image":"","background-repeat":"repeat","background-position":"center center","background-size":"auto","background-attachment":"scroll","background-type":"","background-media":"","overlay-type":"","overlay-color":"","overlay-opacity":"","overlay-gradient":""}}},"product_brand":[],"product_cat":[1776],"product_tag":[],"class_list":{"0":"post-17797","1":"product","2":"type-product","3":"status-publish","4":"has-post-thumbnail","6":"product_cat-unkategorisiert","7":"desktop-align-center","8":"tablet-align-center","9":"mobile-align-center","10":"ast-product-gallery-layout-horizontal-slider","11":"ast-product-tabs-layout-accordion","13":"first","14":"onbackorder","15":"taxable","16":"shipping-taxable","17":"purchasable","18":"product-type-simple"},"yoast_head":"<!-- This site is optimized with the Yoast SEO plugin v27.5 - https:\/\/yoast.com\/product\/yoast-seo-wordpress\/ -->\n<title>Phonak Tourguide sistema uditivo Neckloop sistema completo con 10 ricevitori im Onlineshop | Gleichcom AG<\/title>\n<meta name=\"description\" content=\"\u2705 Con il nostro apparecchio acustico Phonak Tourguide completo, copriamo le esigenze dell&#039;industria dei viaggi cos\u00ec come gli eventi, i tour delle citt\u00e0 e le case di cura e di riposo.\" \/>\n<meta name=\"robots\" content=\"noindex, follow, max-snippet:-1, max-image-preview:large, max-video-preview:-1\" \/>\n<meta property=\"og:locale\" content=\"it_IT\" \/>\n<meta property=\"og:type\" content=\"article\" \/>\n<meta property=\"og:title\" content=\"Phonak Tourguide sistema uditivo Neckloop sistema completo con 10 ricevitori im Onlineshop | Gleichcom AG\" \/>\n<meta property=\"og:description\" content=\"\u2705 Con il nostro apparecchio acustico Phonak Tourguide completo, copriamo le esigenze dell&#039;industria dei viaggi cos\u00ec come gli eventi, i tour delle citt\u00e0 e le case di cura e di riposo.\" \/>\n<meta property=\"og:url\" content=\"https:\/\/www.gleichcom.samuraidev.ch\/it\/shop\/phonak-tourguide-hoeranlage-neckloop-komplettsystem-mit-10-empfaengern\/\" \/>\n<meta property=\"og:site_name\" content=\"Gleichcom AG\" \/>\n<meta property=\"article:publisher\" content=\"https:\/\/www.facebook.com\/profile.php?id=100068749126981\" \/>\n<meta property=\"og:image\" content=\"https:\/\/www.gleichcom.samuraidev.ch\/wp-content\/uploads\/2023\/09\/IMG_8841.JPG\" \/>\n\t<meta property=\"og:image:width\" content=\"500\" \/>\n\t<meta property=\"og:image:height\" content=\"375\" \/>\n\t<meta property=\"og:image:type\" content=\"image\/jpeg\" \/>\n<meta name=\"twitter:card\" content=\"summary_large_image\" \/>\n<script type=\"application\/ld+json\" class=\"yoast-schema-graph\">{\"@context\":\"https:\\\/\\\/schema.org\",\"@graph\":[{\"@type\":\"WebPage\",\"@id\":\"https:\\\/\\\/www.gleichcom.samuraidev.ch\\\/it\\\/shop\\\/phonak-tourguide-hoeranlage-neckloop-komplettsystem-mit-10-empfaengern\\\/\",\"url\":\"https:\\\/\\\/www.gleichcom.samuraidev.ch\\\/it\\\/shop\\\/phonak-tourguide-hoeranlage-neckloop-komplettsystem-mit-10-empfaengern\\\/\",\"name\":\"Phonak Tourguide sistema uditivo Neckloop sistema completo con 10 ricevitori im Onlineshop | Gleichcom AG\",\"isPartOf\":{\"@id\":\"https:\\\/\\\/www.gleichcom.samuraidev.ch\\\/it\\\/#website\"},\"primaryImageOfPage\":{\"@id\":\"https:\\\/\\\/www.gleichcom.samuraidev.ch\\\/it\\\/shop\\\/phonak-tourguide-hoeranlage-neckloop-komplettsystem-mit-10-empfaengern\\\/#primaryimage\"},\"image\":{\"@id\":\"https:\\\/\\\/www.gleichcom.samuraidev.ch\\\/it\\\/shop\\\/phonak-tourguide-hoeranlage-neckloop-komplettsystem-mit-10-empfaengern\\\/#primaryimage\"},\"thumbnailUrl\":\"https:\\\/\\\/www.gleichcom.samuraidev.ch\\\/wp-content\\\/uploads\\\/2023\\\/09\\\/IMG_8841.JPG\",\"datePublished\":\"2021-12-11T15:34:24+00:00\",\"description\":\"\u2705 Con il nostro apparecchio acustico Phonak Tourguide completo, copriamo le esigenze dell'industria dei viaggi cos\u00ec come gli eventi, i tour delle citt\u00e0 e le case di cura e di riposo.\",\"breadcrumb\":{\"@id\":\"https:\\\/\\\/www.gleichcom.samuraidev.ch\\\/it\\\/shop\\\/phonak-tourguide-hoeranlage-neckloop-komplettsystem-mit-10-empfaengern\\\/#breadcrumb\"},\"inLanguage\":\"it-IT\",\"potentialAction\":[{\"@type\":\"ReadAction\",\"target\":[\"https:\\\/\\\/www.gleichcom.samuraidev.ch\\\/it\\\/shop\\\/phonak-tourguide-hoeranlage-neckloop-komplettsystem-mit-10-empfaengern\\\/\"]}]},{\"@type\":\"ImageObject\",\"inLanguage\":\"it-IT\",\"@id\":\"https:\\\/\\\/www.gleichcom.samuraidev.ch\\\/it\\\/shop\\\/phonak-tourguide-hoeranlage-neckloop-komplettsystem-mit-10-empfaengern\\\/#primaryimage\",\"url\":\"https:\\\/\\\/www.gleichcom.samuraidev.ch\\\/wp-content\\\/uploads\\\/2023\\\/09\\\/IMG_8841.JPG\",\"contentUrl\":\"https:\\\/\\\/www.gleichcom.samuraidev.ch\\\/wp-content\\\/uploads\\\/2023\\\/09\\\/IMG_8841.JPG\",\"width\":500,\"height\":375},{\"@type\":\"BreadcrumbList\",\"@id\":\"https:\\\/\\\/www.gleichcom.samuraidev.ch\\\/it\\\/shop\\\/phonak-tourguide-hoeranlage-neckloop-komplettsystem-mit-10-empfaengern\\\/#breadcrumb\",\"itemListElement\":[{\"@type\":\"ListItem\",\"position\":1,\"name\":\"Startseite\",\"item\":\"https:\\\/\\\/www.gleichcom.samuraidev.ch\\\/it\\\/\"},{\"@type\":\"ListItem\",\"position\":2,\"name\":\"Shop\",\"item\":\"https:\\\/\\\/www.gleichcom.samuraidev.ch\\\/it\\\/shop\\\/\"},{\"@type\":\"ListItem\",\"position\":3,\"name\":\"Phonak Tourguide sistema uditivo Neckloop sistema completo con 10 ricevitori\"}]},{\"@type\":\"WebSite\",\"@id\":\"https:\\\/\\\/www.gleichcom.samuraidev.ch\\\/it\\\/#website\",\"url\":\"https:\\\/\\\/www.gleichcom.samuraidev.ch\\\/it\\\/\",\"name\":\"Gleichcom AG\",\"description\":\"besser h\u00f6ren. besser sehen. besser leben.\",\"publisher\":{\"@id\":\"https:\\\/\\\/www.gleichcom.samuraidev.ch\\\/it\\\/#organization\"},\"alternateName\":\"Gleichcom\",\"potentialAction\":[{\"@type\":\"SearchAction\",\"target\":{\"@type\":\"EntryPoint\",\"urlTemplate\":\"https:\\\/\\\/www.gleichcom.samuraidev.ch\\\/it\\\/?s={search_term_string}\"},\"query-input\":{\"@type\":\"PropertyValueSpecification\",\"valueRequired\":true,\"valueName\":\"search_term_string\"}}],\"inLanguage\":\"it-IT\"},{\"@type\":\"Organization\",\"@id\":\"https:\\\/\\\/www.gleichcom.samuraidev.ch\\\/it\\\/#organization\",\"name\":\"Gleichcom AG\",\"alternateName\":\"Gleichcom\",\"url\":\"https:\\\/\\\/www.gleichcom.samuraidev.ch\\\/it\\\/\",\"logo\":{\"@type\":\"ImageObject\",\"inLanguage\":\"it-IT\",\"@id\":\"https:\\\/\\\/www.gleichcom.samuraidev.ch\\\/it\\\/#\\\/schema\\\/logo\\\/image\\\/\",\"url\":\"https:\\\/\\\/www.gleichcom.samuraidev.ch\\\/wp-content\\\/uploads\\\/2023\\\/09\\\/gleichcom-ag-logo-quadrat-farbig-mitte@696.png\",\"contentUrl\":\"https:\\\/\\\/www.gleichcom.samuraidev.ch\\\/wp-content\\\/uploads\\\/2023\\\/09\\\/gleichcom-ag-logo-quadrat-farbig-mitte@696.png\",\"width\":437,\"height\":437,\"caption\":\"Gleichcom AG\"},\"image\":{\"@id\":\"https:\\\/\\\/www.gleichcom.samuraidev.ch\\\/it\\\/#\\\/schema\\\/logo\\\/image\\\/\"},\"sameAs\":[\"https:\\\/\\\/www.facebook.com\\\/profile.php?id=100068749126981\"]}]}<\/script>\n<!-- \/ Yoast SEO plugin. -->","yoast_head_json":{"title":"Phonak Tourguide sistema uditivo Neckloop sistema completo con 10 ricevitori im Onlineshop | Gleichcom AG","description":"\u2705 Con il nostro apparecchio acustico Phonak Tourguide completo, copriamo le esigenze dell'industria dei viaggi cos\u00ec come gli eventi, i tour delle citt\u00e0 e le case di cura e di riposo.","robots":{"index":"noindex","follow":"follow","max-snippet":"max-snippet:-1","max-image-preview":"max-image-preview:large","max-video-preview":"max-video-preview:-1"},"og_locale":"it_IT","og_type":"article","og_title":"Phonak Tourguide sistema uditivo Neckloop sistema completo con 10 ricevitori im Onlineshop | Gleichcom AG","og_description":"\u2705 Con il nostro apparecchio acustico Phonak Tourguide completo, copriamo le esigenze dell'industria dei viaggi cos\u00ec come gli eventi, i tour delle citt\u00e0 e le case di cura e di riposo.","og_url":"https:\/\/www.gleichcom.samuraidev.ch\/it\/shop\/phonak-tourguide-hoeranlage-neckloop-komplettsystem-mit-10-empfaengern\/","og_site_name":"Gleichcom AG","article_publisher":"https:\/\/www.facebook.com\/profile.php?id=100068749126981","og_image":[{"width":500,"height":375,"url":"https:\/\/www.gleichcom.samuraidev.ch\/wp-content\/uploads\/2023\/09\/IMG_8841.JPG","type":"image\/jpeg"}],"twitter_card":"summary_large_image","schema":{"@context":"https:\/\/schema.org","@graph":[{"@type":"WebPage","@id":"https:\/\/www.gleichcom.samuraidev.ch\/it\/shop\/phonak-tourguide-hoeranlage-neckloop-komplettsystem-mit-10-empfaengern\/","url":"https:\/\/www.gleichcom.samuraidev.ch\/it\/shop\/phonak-tourguide-hoeranlage-neckloop-komplettsystem-mit-10-empfaengern\/","name":"Phonak Tourguide sistema uditivo Neckloop sistema completo con 10 ricevitori im Onlineshop | Gleichcom AG","isPartOf":{"@id":"https:\/\/www.gleichcom.samuraidev.ch\/it\/#website"},"primaryImageOfPage":{"@id":"https:\/\/www.gleichcom.samuraidev.ch\/it\/shop\/phonak-tourguide-hoeranlage-neckloop-komplettsystem-mit-10-empfaengern\/#primaryimage"},"image":{"@id":"https:\/\/www.gleichcom.samuraidev.ch\/it\/shop\/phonak-tourguide-hoeranlage-neckloop-komplettsystem-mit-10-empfaengern\/#primaryimage"},"thumbnailUrl":"https:\/\/www.gleichcom.samuraidev.ch\/wp-content\/uploads\/2023\/09\/IMG_8841.JPG","datePublished":"2021-12-11T15:34:24+00:00","description":"\u2705 Con il nostro apparecchio acustico Phonak Tourguide completo, copriamo le esigenze dell'industria dei viaggi cos\u00ec come gli eventi, i tour delle citt\u00e0 e le case di cura e di riposo.","breadcrumb":{"@id":"https:\/\/www.gleichcom.samuraidev.ch\/it\/shop\/phonak-tourguide-hoeranlage-neckloop-komplettsystem-mit-10-empfaengern\/#breadcrumb"},"inLanguage":"it-IT","potentialAction":[{"@type":"ReadAction","target":["https:\/\/www.gleichcom.samuraidev.ch\/it\/shop\/phonak-tourguide-hoeranlage-neckloop-komplettsystem-mit-10-empfaengern\/"]}]},{"@type":"ImageObject","inLanguage":"it-IT","@id":"https:\/\/www.gleichcom.samuraidev.ch\/it\/shop\/phonak-tourguide-hoeranlage-neckloop-komplettsystem-mit-10-empfaengern\/#primaryimage","url":"https:\/\/www.gleichcom.samuraidev.ch\/wp-content\/uploads\/2023\/09\/IMG_8841.JPG","contentUrl":"https:\/\/www.gleichcom.samuraidev.ch\/wp-content\/uploads\/2023\/09\/IMG_8841.JPG","width":500,"height":375},{"@type":"BreadcrumbList","@id":"https:\/\/www.gleichcom.samuraidev.ch\/it\/shop\/phonak-tourguide-hoeranlage-neckloop-komplettsystem-mit-10-empfaengern\/#breadcrumb","itemListElement":[{"@type":"ListItem","position":1,"name":"Startseite","item":"https:\/\/www.gleichcom.samuraidev.ch\/it\/"},{"@type":"ListItem","position":2,"name":"Shop","item":"https:\/\/www.gleichcom.samuraidev.ch\/it\/shop\/"},{"@type":"ListItem","position":3,"name":"Phonak Tourguide sistema uditivo Neckloop sistema completo con 10 ricevitori"}]},{"@type":"WebSite","@id":"https:\/\/www.gleichcom.samuraidev.ch\/it\/#website","url":"https:\/\/www.gleichcom.samuraidev.ch\/it\/","name":"Gleichcom AG","description":"besser h\u00f6ren. besser sehen. besser leben.","publisher":{"@id":"https:\/\/www.gleichcom.samuraidev.ch\/it\/#organization"},"alternateName":"Gleichcom","potentialAction":[{"@type":"SearchAction","target":{"@type":"EntryPoint","urlTemplate":"https:\/\/www.gleichcom.samuraidev.ch\/it\/?s={search_term_string}"},"query-input":{"@type":"PropertyValueSpecification","valueRequired":true,"valueName":"search_term_string"}}],"inLanguage":"it-IT"},{"@type":"Organization","@id":"https:\/\/www.gleichcom.samuraidev.ch\/it\/#organization","name":"Gleichcom AG","alternateName":"Gleichcom","url":"https:\/\/www.gleichcom.samuraidev.ch\/it\/","logo":{"@type":"ImageObject","inLanguage":"it-IT","@id":"https:\/\/www.gleichcom.samuraidev.ch\/it\/#\/schema\/logo\/image\/","url":"https:\/\/www.gleichcom.samuraidev.ch\/wp-content\/uploads\/2023\/09\/gleichcom-ag-logo-quadrat-farbig-mitte@696.png","contentUrl":"https:\/\/www.gleichcom.samuraidev.ch\/wp-content\/uploads\/2023\/09\/gleichcom-ag-logo-quadrat-farbig-mitte@696.png","width":437,"height":437,"caption":"Gleichcom AG"},"image":{"@id":"https:\/\/www.gleichcom.samuraidev.ch\/it\/#\/schema\/logo\/image\/"},"sameAs":["https:\/\/www.facebook.com\/profile.php?id=100068749126981"]}]}},"uagb_featured_image_src":{"full":["https:\/\/www.gleichcom.samuraidev.ch\/wp-content\/uploads\/2023\/09\/IMG_8841.JPG",500,375,false],"thumbnail":["https:\/\/www.gleichcom.samuraidev.ch\/wp-content\/uploads\/2023\/09\/IMG_8841.JPG",150,113,false],"medium":["https:\/\/www.gleichcom.samuraidev.ch\/wp-content\/uploads\/2023\/09\/IMG_8841.JPG",300,225,false],"medium_large":["https:\/\/www.gleichcom.samuraidev.ch\/wp-content\/uploads\/2023\/09\/IMG_8841.JPG",500,375,false],"large":["https:\/\/www.gleichcom.samuraidev.ch\/wp-content\/uploads\/2023\/09\/IMG_8841.JPG",500,375,false],"1536x1536":["https:\/\/www.gleichcom.samuraidev.ch\/wp-content\/uploads\/2023\/09\/IMG_8841.JPG",500,375,false],"2048x2048":["https:\/\/www.gleichcom.samuraidev.ch\/wp-content\/uploads\/2023\/09\/IMG_8841.JPG",500,375,false],"woocommerce_thumbnail":["https:\/\/www.gleichcom.samuraidev.ch\/wp-content\/uploads\/2023\/09\/IMG_8841.JPG",300,225,false],"woocommerce_single":["https:\/\/www.gleichcom.samuraidev.ch\/wp-content\/uploads\/2023\/09\/IMG_8841.JPG",500,375,false],"woocommerce_gallery_thumbnail":["https:\/\/www.gleichcom.samuraidev.ch\/wp-content\/uploads\/2023\/09\/IMG_8841-100x100.jpg",100,100,true]},"uagb_author_info":{"display_name":"","author_link":"https:\/\/www.gleichcom.samuraidev.ch\/it\/author\/"},"uagb_comment_info":0,"uagb_excerpt":"Con il nostro apparecchio acustico Phonak Tourguide completo, copriamo le esigenze dell'industria dei viaggi cos\u00ec come gli eventi, i tour delle citt\u00e0 e le case di cura e di riposo.","_links":{"self":[{"href":"https:\/\/www.gleichcom.samuraidev.ch\/it\/wp-json\/wp\/v2\/product\/17797","targetHints":{"allow":["GET"]}}],"collection":[{"href":"https:\/\/www.gleichcom.samuraidev.ch\/it\/wp-json\/wp\/v2\/product"}],"about":[{"href":"https:\/\/www.gleichcom.samuraidev.ch\/it\/wp-json\/wp\/v2\/types\/product"}],"wp:featuredmedia":[{"embeddable":true,"href":"https:\/\/www.gleichcom.samuraidev.ch\/it\/wp-json\/wp\/v2\/media\/17777"}],"wp:attachment":[{"href":"https:\/\/www.gleichcom.samuraidev.ch\/it\/wp-json\/wp\/v2\/media?parent=17797"}],"wp:term":[{"taxonomy":"product_brand","embeddable":true,"href":"https:\/\/www.gleichcom.samuraidev.ch\/it\/wp-json\/wp\/v2\/product_brand?post=17797"},{"taxonomy":"product_cat","embeddable":true,"href":"https:\/\/www.gleichcom.samuraidev.ch\/it\/wp-json\/wp\/v2\/product_cat?post=17797"},{"taxonomy":"product_tag","embeddable":true,"href":"https:\/\/www.gleichcom.samuraidev.ch\/it\/wp-json\/wp\/v2\/product_tag?post=17797"}],"curies":[{"name":"wp","href":"https:\/\/api.w.org\/{rel}","templated":true}]}}