{"id":20005,"date":"2023-03-21T11:04:13","date_gmt":"2023-03-21T10:04:13","guid":{"rendered":"https:\/\/www.gleichcom.samuraidev.ch\/?product=faltbarer-blinden-taststock-ohne-kugelspitze-inkl-gewinde-ossenberg-4-teilig-faltbar-150cm"},"modified":"1000-01-01T00:00:00","modified_gmt":"1000-01-01T00:00:00","slug":"faltbarer-blinden-taststock-ohne-kugelspitze-inkl-gewinde-ossenberg-4-teilig-faltbar-150cm","status":"publish","type":"product","link":"https:\/\/www.gleichcom.samuraidev.ch\/it\/shop\/faltbarer-blinden-taststock-ohne-kugelspitze-inkl-gewinde-ossenberg-4-teilig-faltbar-150cm\/","title":{"rendered":"Bastone pieghevole per ciechi senza punta a sfera con filo Ossenberg 4 pezzi pieghevole 150 cm"},"content":{"rendered":"<p><strong>Bastone pieghevole per non vedenti senza punta a sfera con filo Ossenberg 4 pezzi pieghevole 150 cm<\/strong><\/p>\n<p>Bastone pratico e pieghevole<br \/>\nIl bastone per ciechi di Ossenberg \u00e8 un bastone stabile e pieghevole. Grazie alla funzione di piegatura, il bastone pu\u00f2 essere ripiegato fino a una lunghezza di 40 cm. Ci\u00f2 consente di riporre il bastone lungo in modo ottimale in qualsiasi momento.<br \/>\n\u00a0<br \/>\nBastone extra leggero in metallo leggero<br \/>\nIl bastone lungo \u00e8 uno degli ausili di orientamento pi\u00f9 importanti per le persone non vedenti. Per questo motivo, in particolare, il bastone deve essere molto leggero e deve rimanere in mano in modo ottimale anche durante l&#8217;uso prolungato. Grazie all&#8217;utilizzo di metallo leggero, il bastone per non vedenti \u00e8 molto leggero (250 grammi) e anche molto stabile.<br \/>\n\u00a0<br \/>\nSicurezza ottimale grazie al rivestimento riflettente<br \/>\nPer la vostra sicurezza, il bastone \u00e8 dotato di un rivestimento bianco riflettente. Questo garantisce una percezione ottimale nel traffico stradale.<br \/>\n<strong>\u00a0<br \/>\nA colpo d&#8217;occhio<\/strong><\/p>\n<p>\u00a0\u00a0\u00a0 Bastone pieghevole a 4 pieghe per non vedenti<br \/>\n\u00a0\u00a0\u00a0 Lunghezza da aperto: 150,0 cm<br \/>\n\u00a0\u00a0\u00a0 Lunghezza ripiegata: 40,0 cm<br \/>\n\u00a0\u00a0\u00a0 Bastone per non vedenti molto leggero, con un peso di soli 250 g<br \/>\n\u00a0\u00a0\u00a0 Realizzato in robusto metallo leggero<br \/>\n\u00a0\u00a0\u00a0 Impugnatura con cinturino fisso per il polso<br \/>\n\u00a0\u00a0\u00a0 Filettatura per l&#8217;utilizzo di diverse punte<\/p>\n<p><strong>Contenuto della fornitura<\/strong><\/p>\n<p>\u00a0\u00a0\u00a0 1 x bastone per ciechi 4 volte pieghevole<br \/>\n\u00a0\u00a0\u00a0 1 x tappo di protezione se il filo non \u00e8 necessario<\/p>\n","protected":false},"excerpt":{"rendered":"<p>Bastone lungo in metallo leggero, con rivestimento riflettente, funzione di piegatura in 4 pezzi e lunghezza del bastone di 150,0 cm.<\/p>\n","protected":false},"featured_media":19997,"template":"","meta":{"inline_featured_image":false,"_uag_custom_page_level_css":"","site-sidebar-layout":"default","site-content-layout":"","ast-site-content-layout":"default","site-content-style":"default","site-sidebar-style":"default","ast-global-header-display":"","ast-banner-title-visibility":"","ast-main-header-display":"","ast-hfb-above-header-display":"","ast-hfb-below-header-display":"","ast-hfb-mobile-header-display":"","site-post-title":"","ast-breadcrumbs-content":"","ast-featured-img":"","footer-sml-layout":"","ast-disable-related-posts":"","theme-transparent-header-meta":"","adv-header-id-meta":"","stick-header-meta":"","header-above-stick-meta":"","header-main-stick-meta":"","header-below-stick-meta":"","astra-migrate-meta-layouts":"default","ast-page-background-enabled":"default","ast-page-background-meta":{"desktop":{"background-color":"","background-image":"","background-repeat":"repeat","background-position":"center center","background-size":"auto","background-attachment":"scroll","background-type":"","background-media":"","overlay-type":"","overlay-color":"","overlay-opacity":"","overlay-gradient":""},"tablet":{"background-color":"","background-image":"","background-repeat":"repeat","background-position":"center center","background-size":"auto","background-attachment":"scroll","background-type":"","background-media":"","overlay-type":"","overlay-color":"","overlay-opacity":"","overlay-gradient":""},"mobile":{"background-color":"","background-image":"","background-repeat":"repeat","background-position":"center center","background-size":"auto","background-attachment":"scroll","background-type":"","background-media":"","overlay-type":"","overlay-color":"","overlay-opacity":"","overlay-gradient":""}},"ast-content-background-meta":{"desktop":{"background-color":"var(--ast-global-color-5)","background-image":"","background-repeat":"repeat","background-position":"center center","background-size":"auto","background-attachment":"scroll","background-type":"","background-media":"","overlay-type":"","overlay-color":"","overlay-opacity":"","overlay-gradient":""},"tablet":{"background-color":"var(--ast-global-color-5)","background-image":"","background-repeat":"repeat","background-position":"center center","background-size":"auto","background-attachment":"scroll","background-type":"","background-media":"","overlay-type":"","overlay-color":"","overlay-opacity":"","overlay-gradient":""},"mobile":{"background-color":"var(--ast-global-color-5)","background-image":"","background-repeat":"repeat","background-position":"center center","background-size":"auto","background-attachment":"scroll","background-type":"","background-media":"","overlay-type":"","overlay-color":"","overlay-opacity":"","overlay-gradient":""}}},"product_brand":[],"product_cat":[1776],"product_tag":[],"class_list":{"0":"post-20005","1":"product","2":"type-product","3":"status-publish","4":"has-post-thumbnail","6":"product_cat-unkategorisiert","7":"desktop-align-center","8":"tablet-align-center","9":"mobile-align-center","10":"ast-product-gallery-layout-horizontal-slider","11":"ast-product-tabs-layout-accordion","13":"first","14":"instock","15":"taxable","16":"shipping-taxable","17":"purchasable","18":"product-type-simple"},"yoast_head":"<!-- This site is optimized with the Yoast SEO plugin v27.6 - https:\/\/yoast.com\/product\/yoast-seo-wordpress\/ -->\n<title>Bastone pieghevole per ciechi senza punta a sfera con filo Ossenberg 4 pezzi pieghevole 150 cm im Onlineshop | Gleichcom AG<\/title>\n<meta name=\"description\" content=\"\u2705 Bastone lungo in metallo leggero, con rivestimento riflettente, funzione di piegatura in 4 pezzi e lunghezza del bastone di 150,0 cm.\" \/>\n<meta name=\"robots\" content=\"noindex, follow, max-snippet:-1, max-image-preview:large, max-video-preview:-1\" \/>\n<meta property=\"og:locale\" content=\"it_IT\" \/>\n<meta property=\"og:type\" content=\"article\" \/>\n<meta property=\"og:title\" content=\"Bastone pieghevole per ciechi senza punta a sfera con filo Ossenberg 4 pezzi pieghevole 150 cm im Onlineshop | Gleichcom AG\" \/>\n<meta property=\"og:description\" content=\"\u2705 Bastone lungo in metallo leggero, con rivestimento riflettente, funzione di piegatura in 4 pezzi e lunghezza del bastone di 150,0 cm.\" \/>\n<meta property=\"og:url\" content=\"https:\/\/www.gleichcom.samuraidev.ch\/it\/shop\/faltbarer-blinden-taststock-ohne-kugelspitze-inkl-gewinde-ossenberg-4-teilig-faltbar-150cm\/\" \/>\n<meta property=\"og:site_name\" content=\"Gleichcom AG\" \/>\n<meta property=\"article:publisher\" content=\"https:\/\/www.facebook.com\/profile.php?id=100068749126981\" \/>\n<meta property=\"og:image\" content=\"https:\/\/www.gleichcom.samuraidev.ch\/wp-content\/uploads\/2023\/09\/624standardausstattungmitnylonspitze_z_5147_0.jpg\" \/>\n\t<meta property=\"og:image:width\" content=\"500\" \/>\n\t<meta property=\"og:image:height\" content=\"500\" \/>\n\t<meta property=\"og:image:type\" content=\"image\/jpeg\" \/>\n<meta name=\"twitter:card\" content=\"summary_large_image\" \/>\n<script type=\"application\/ld+json\" class=\"yoast-schema-graph\">{\"@context\":\"https:\\\/\\\/schema.org\",\"@graph\":[{\"@type\":\"WebPage\",\"@id\":\"https:\\\/\\\/www.gleichcom.samuraidev.ch\\\/it\\\/shop\\\/faltbarer-blinden-taststock-ohne-kugelspitze-inkl-gewinde-ossenberg-4-teilig-faltbar-150cm\\\/\",\"url\":\"https:\\\/\\\/www.gleichcom.samuraidev.ch\\\/it\\\/shop\\\/faltbarer-blinden-taststock-ohne-kugelspitze-inkl-gewinde-ossenberg-4-teilig-faltbar-150cm\\\/\",\"name\":\"Bastone pieghevole per ciechi senza punta a sfera con filo Ossenberg 4 pezzi pieghevole 150 cm im Onlineshop | Gleichcom AG\",\"isPartOf\":{\"@id\":\"https:\\\/\\\/www.gleichcom.samuraidev.ch\\\/it\\\/#website\"},\"primaryImageOfPage\":{\"@id\":\"https:\\\/\\\/www.gleichcom.samuraidev.ch\\\/it\\\/shop\\\/faltbarer-blinden-taststock-ohne-kugelspitze-inkl-gewinde-ossenberg-4-teilig-faltbar-150cm\\\/#primaryimage\"},\"image\":{\"@id\":\"https:\\\/\\\/www.gleichcom.samuraidev.ch\\\/it\\\/shop\\\/faltbarer-blinden-taststock-ohne-kugelspitze-inkl-gewinde-ossenberg-4-teilig-faltbar-150cm\\\/#primaryimage\"},\"thumbnailUrl\":\"https:\\\/\\\/www.gleichcom.samuraidev.ch\\\/wp-content\\\/uploads\\\/2023\\\/09\\\/624standardausstattungmitnylonspitze_z_5147_0.jpg\",\"datePublished\":\"2023-03-21T10:04:13+00:00\",\"description\":\"\u2705 Bastone lungo in metallo leggero, con rivestimento riflettente, funzione di piegatura in 4 pezzi e lunghezza del bastone di 150,0 cm.\",\"breadcrumb\":{\"@id\":\"https:\\\/\\\/www.gleichcom.samuraidev.ch\\\/it\\\/shop\\\/faltbarer-blinden-taststock-ohne-kugelspitze-inkl-gewinde-ossenberg-4-teilig-faltbar-150cm\\\/#breadcrumb\"},\"inLanguage\":\"it-IT\",\"potentialAction\":[{\"@type\":\"ReadAction\",\"target\":[\"https:\\\/\\\/www.gleichcom.samuraidev.ch\\\/it\\\/shop\\\/faltbarer-blinden-taststock-ohne-kugelspitze-inkl-gewinde-ossenberg-4-teilig-faltbar-150cm\\\/\"]}]},{\"@type\":\"ImageObject\",\"inLanguage\":\"it-IT\",\"@id\":\"https:\\\/\\\/www.gleichcom.samuraidev.ch\\\/it\\\/shop\\\/faltbarer-blinden-taststock-ohne-kugelspitze-inkl-gewinde-ossenberg-4-teilig-faltbar-150cm\\\/#primaryimage\",\"url\":\"https:\\\/\\\/www.gleichcom.samuraidev.ch\\\/wp-content\\\/uploads\\\/2023\\\/09\\\/624standardausstattungmitnylonspitze_z_5147_0.jpg\",\"contentUrl\":\"https:\\\/\\\/www.gleichcom.samuraidev.ch\\\/wp-content\\\/uploads\\\/2023\\\/09\\\/624standardausstattungmitnylonspitze_z_5147_0.jpg\",\"width\":500,\"height\":500},{\"@type\":\"BreadcrumbList\",\"@id\":\"https:\\\/\\\/www.gleichcom.samuraidev.ch\\\/it\\\/shop\\\/faltbarer-blinden-taststock-ohne-kugelspitze-inkl-gewinde-ossenberg-4-teilig-faltbar-150cm\\\/#breadcrumb\",\"itemListElement\":[{\"@type\":\"ListItem\",\"position\":1,\"name\":\"Startseite\",\"item\":\"https:\\\/\\\/www.gleichcom.samuraidev.ch\\\/it\\\/\"},{\"@type\":\"ListItem\",\"position\":2,\"name\":\"Shop\",\"item\":\"https:\\\/\\\/www.gleichcom.samuraidev.ch\\\/it\\\/shop\\\/\"},{\"@type\":\"ListItem\",\"position\":3,\"name\":\"Bastone pieghevole per ciechi senza punta a sfera con filo Ossenberg 4 pezzi pieghevole 150 cm\"}]},{\"@type\":\"WebSite\",\"@id\":\"https:\\\/\\\/www.gleichcom.samuraidev.ch\\\/it\\\/#website\",\"url\":\"https:\\\/\\\/www.gleichcom.samuraidev.ch\\\/it\\\/\",\"name\":\"Gleichcom AG\",\"description\":\"besser h\u00f6ren. besser sehen. besser leben.\",\"publisher\":{\"@id\":\"https:\\\/\\\/www.gleichcom.samuraidev.ch\\\/it\\\/#organization\"},\"alternateName\":\"Gleichcom\",\"potentialAction\":[{\"@type\":\"SearchAction\",\"target\":{\"@type\":\"EntryPoint\",\"urlTemplate\":\"https:\\\/\\\/www.gleichcom.samuraidev.ch\\\/it\\\/?s={search_term_string}\"},\"query-input\":{\"@type\":\"PropertyValueSpecification\",\"valueRequired\":true,\"valueName\":\"search_term_string\"}}],\"inLanguage\":\"it-IT\"},{\"@type\":\"Organization\",\"@id\":\"https:\\\/\\\/www.gleichcom.samuraidev.ch\\\/it\\\/#organization\",\"name\":\"Gleichcom AG\",\"alternateName\":\"Gleichcom\",\"url\":\"https:\\\/\\\/www.gleichcom.samuraidev.ch\\\/it\\\/\",\"logo\":{\"@type\":\"ImageObject\",\"inLanguage\":\"it-IT\",\"@id\":\"https:\\\/\\\/www.gleichcom.samuraidev.ch\\\/it\\\/#\\\/schema\\\/logo\\\/image\\\/\",\"url\":\"https:\\\/\\\/www.gleichcom.samuraidev.ch\\\/wp-content\\\/uploads\\\/2023\\\/09\\\/gleichcom-ag-logo-quadrat-farbig-mitte@696.png\",\"contentUrl\":\"https:\\\/\\\/www.gleichcom.samuraidev.ch\\\/wp-content\\\/uploads\\\/2023\\\/09\\\/gleichcom-ag-logo-quadrat-farbig-mitte@696.png\",\"width\":437,\"height\":437,\"caption\":\"Gleichcom AG\"},\"image\":{\"@id\":\"https:\\\/\\\/www.gleichcom.samuraidev.ch\\\/it\\\/#\\\/schema\\\/logo\\\/image\\\/\"},\"sameAs\":[\"https:\\\/\\\/www.facebook.com\\\/profile.php?id=100068749126981\"]}]}<\/script>\n<!-- \/ Yoast SEO plugin. -->","yoast_head_json":{"title":"Bastone pieghevole per ciechi senza punta a sfera con filo Ossenberg 4 pezzi pieghevole 150 cm im Onlineshop | Gleichcom AG","description":"\u2705 Bastone lungo in metallo leggero, con rivestimento riflettente, funzione di piegatura in 4 pezzi e lunghezza del bastone di 150,0 cm.","robots":{"index":"noindex","follow":"follow","max-snippet":"max-snippet:-1","max-image-preview":"max-image-preview:large","max-video-preview":"max-video-preview:-1"},"og_locale":"it_IT","og_type":"article","og_title":"Bastone pieghevole per ciechi senza punta a sfera con filo Ossenberg 4 pezzi pieghevole 150 cm im Onlineshop | Gleichcom AG","og_description":"\u2705 Bastone lungo in metallo leggero, con rivestimento riflettente, funzione di piegatura in 4 pezzi e lunghezza del bastone di 150,0 cm.","og_url":"https:\/\/www.gleichcom.samuraidev.ch\/it\/shop\/faltbarer-blinden-taststock-ohne-kugelspitze-inkl-gewinde-ossenberg-4-teilig-faltbar-150cm\/","og_site_name":"Gleichcom AG","article_publisher":"https:\/\/www.facebook.com\/profile.php?id=100068749126981","og_image":[{"width":500,"height":500,"url":"https:\/\/www.gleichcom.samuraidev.ch\/wp-content\/uploads\/2023\/09\/624standardausstattungmitnylonspitze_z_5147_0.jpg","type":"image\/jpeg"}],"twitter_card":"summary_large_image","schema":{"@context":"https:\/\/schema.org","@graph":[{"@type":"WebPage","@id":"https:\/\/www.gleichcom.samuraidev.ch\/it\/shop\/faltbarer-blinden-taststock-ohne-kugelspitze-inkl-gewinde-ossenberg-4-teilig-faltbar-150cm\/","url":"https:\/\/www.gleichcom.samuraidev.ch\/it\/shop\/faltbarer-blinden-taststock-ohne-kugelspitze-inkl-gewinde-ossenberg-4-teilig-faltbar-150cm\/","name":"Bastone pieghevole per ciechi senza punta a sfera con filo Ossenberg 4 pezzi pieghevole 150 cm im Onlineshop | Gleichcom AG","isPartOf":{"@id":"https:\/\/www.gleichcom.samuraidev.ch\/it\/#website"},"primaryImageOfPage":{"@id":"https:\/\/www.gleichcom.samuraidev.ch\/it\/shop\/faltbarer-blinden-taststock-ohne-kugelspitze-inkl-gewinde-ossenberg-4-teilig-faltbar-150cm\/#primaryimage"},"image":{"@id":"https:\/\/www.gleichcom.samuraidev.ch\/it\/shop\/faltbarer-blinden-taststock-ohne-kugelspitze-inkl-gewinde-ossenberg-4-teilig-faltbar-150cm\/#primaryimage"},"thumbnailUrl":"https:\/\/www.gleichcom.samuraidev.ch\/wp-content\/uploads\/2023\/09\/624standardausstattungmitnylonspitze_z_5147_0.jpg","datePublished":"2023-03-21T10:04:13+00:00","description":"\u2705 Bastone lungo in metallo leggero, con rivestimento riflettente, funzione di piegatura in 4 pezzi e lunghezza del bastone di 150,0 cm.","breadcrumb":{"@id":"https:\/\/www.gleichcom.samuraidev.ch\/it\/shop\/faltbarer-blinden-taststock-ohne-kugelspitze-inkl-gewinde-ossenberg-4-teilig-faltbar-150cm\/#breadcrumb"},"inLanguage":"it-IT","potentialAction":[{"@type":"ReadAction","target":["https:\/\/www.gleichcom.samuraidev.ch\/it\/shop\/faltbarer-blinden-taststock-ohne-kugelspitze-inkl-gewinde-ossenberg-4-teilig-faltbar-150cm\/"]}]},{"@type":"ImageObject","inLanguage":"it-IT","@id":"https:\/\/www.gleichcom.samuraidev.ch\/it\/shop\/faltbarer-blinden-taststock-ohne-kugelspitze-inkl-gewinde-ossenberg-4-teilig-faltbar-150cm\/#primaryimage","url":"https:\/\/www.gleichcom.samuraidev.ch\/wp-content\/uploads\/2023\/09\/624standardausstattungmitnylonspitze_z_5147_0.jpg","contentUrl":"https:\/\/www.gleichcom.samuraidev.ch\/wp-content\/uploads\/2023\/09\/624standardausstattungmitnylonspitze_z_5147_0.jpg","width":500,"height":500},{"@type":"BreadcrumbList","@id":"https:\/\/www.gleichcom.samuraidev.ch\/it\/shop\/faltbarer-blinden-taststock-ohne-kugelspitze-inkl-gewinde-ossenberg-4-teilig-faltbar-150cm\/#breadcrumb","itemListElement":[{"@type":"ListItem","position":1,"name":"Startseite","item":"https:\/\/www.gleichcom.samuraidev.ch\/it\/"},{"@type":"ListItem","position":2,"name":"Shop","item":"https:\/\/www.gleichcom.samuraidev.ch\/it\/shop\/"},{"@type":"ListItem","position":3,"name":"Bastone pieghevole per ciechi senza punta a sfera con filo Ossenberg 4 pezzi pieghevole 150 cm"}]},{"@type":"WebSite","@id":"https:\/\/www.gleichcom.samuraidev.ch\/it\/#website","url":"https:\/\/www.gleichcom.samuraidev.ch\/it\/","name":"Gleichcom AG","description":"besser h\u00f6ren. besser sehen. besser leben.","publisher":{"@id":"https:\/\/www.gleichcom.samuraidev.ch\/it\/#organization"},"alternateName":"Gleichcom","potentialAction":[{"@type":"SearchAction","target":{"@type":"EntryPoint","urlTemplate":"https:\/\/www.gleichcom.samuraidev.ch\/it\/?s={search_term_string}"},"query-input":{"@type":"PropertyValueSpecification","valueRequired":true,"valueName":"search_term_string"}}],"inLanguage":"it-IT"},{"@type":"Organization","@id":"https:\/\/www.gleichcom.samuraidev.ch\/it\/#organization","name":"Gleichcom AG","alternateName":"Gleichcom","url":"https:\/\/www.gleichcom.samuraidev.ch\/it\/","logo":{"@type":"ImageObject","inLanguage":"it-IT","@id":"https:\/\/www.gleichcom.samuraidev.ch\/it\/#\/schema\/logo\/image\/","url":"https:\/\/www.gleichcom.samuraidev.ch\/wp-content\/uploads\/2023\/09\/gleichcom-ag-logo-quadrat-farbig-mitte@696.png","contentUrl":"https:\/\/www.gleichcom.samuraidev.ch\/wp-content\/uploads\/2023\/09\/gleichcom-ag-logo-quadrat-farbig-mitte@696.png","width":437,"height":437,"caption":"Gleichcom AG"},"image":{"@id":"https:\/\/www.gleichcom.samuraidev.ch\/it\/#\/schema\/logo\/image\/"},"sameAs":["https:\/\/www.facebook.com\/profile.php?id=100068749126981"]}]}},"uagb_featured_image_src":{"full":["https:\/\/www.gleichcom.samuraidev.ch\/wp-content\/uploads\/2023\/09\/624standardausstattungmitnylonspitze_z_5147_0.jpg",500,500,false],"thumbnail":["https:\/\/www.gleichcom.samuraidev.ch\/wp-content\/uploads\/2023\/09\/624standardausstattungmitnylonspitze_z_5147_0.jpg",150,150,false],"medium":["https:\/\/www.gleichcom.samuraidev.ch\/wp-content\/uploads\/2023\/09\/624standardausstattungmitnylonspitze_z_5147_0.jpg",300,300,false],"medium_large":["https:\/\/www.gleichcom.samuraidev.ch\/wp-content\/uploads\/2023\/09\/624standardausstattungmitnylonspitze_z_5147_0.jpg",500,500,false],"large":["https:\/\/www.gleichcom.samuraidev.ch\/wp-content\/uploads\/2023\/09\/624standardausstattungmitnylonspitze_z_5147_0.jpg",500,500,false],"1536x1536":["https:\/\/www.gleichcom.samuraidev.ch\/wp-content\/uploads\/2023\/09\/624standardausstattungmitnylonspitze_z_5147_0.jpg",500,500,false],"2048x2048":["https:\/\/www.gleichcom.samuraidev.ch\/wp-content\/uploads\/2023\/09\/624standardausstattungmitnylonspitze_z_5147_0.jpg",500,500,false],"woocommerce_thumbnail":["https:\/\/www.gleichcom.samuraidev.ch\/wp-content\/uploads\/2023\/09\/624standardausstattungmitnylonspitze_z_5147_0.jpg",300,300,false],"woocommerce_single":["https:\/\/www.gleichcom.samuraidev.ch\/wp-content\/uploads\/2023\/09\/624standardausstattungmitnylonspitze_z_5147_0.jpg",500,500,false],"woocommerce_gallery_thumbnail":["https:\/\/www.gleichcom.samuraidev.ch\/wp-content\/uploads\/2023\/09\/624standardausstattungmitnylonspitze_z_5147_0.jpg",100,100,false]},"uagb_author_info":{"display_name":"","author_link":"https:\/\/www.gleichcom.samuraidev.ch\/it\/author\/"},"uagb_comment_info":0,"uagb_excerpt":"Bastone lungo in metallo leggero, con rivestimento riflettente, funzione di piegatura in 4 pezzi e lunghezza del bastone di 150,0 cm.","_links":{"self":[{"href":"https:\/\/www.gleichcom.samuraidev.ch\/it\/wp-json\/wp\/v2\/product\/20005","targetHints":{"allow":["GET"]}}],"collection":[{"href":"https:\/\/www.gleichcom.samuraidev.ch\/it\/wp-json\/wp\/v2\/product"}],"about":[{"href":"https:\/\/www.gleichcom.samuraidev.ch\/it\/wp-json\/wp\/v2\/types\/product"}],"wp:featuredmedia":[{"embeddable":true,"href":"https:\/\/www.gleichcom.samuraidev.ch\/it\/wp-json\/wp\/v2\/media\/19997"}],"wp:attachment":[{"href":"https:\/\/www.gleichcom.samuraidev.ch\/it\/wp-json\/wp\/v2\/media?parent=20005"}],"wp:term":[{"taxonomy":"product_brand","embeddable":true,"href":"https:\/\/www.gleichcom.samuraidev.ch\/it\/wp-json\/wp\/v2\/product_brand?post=20005"},{"taxonomy":"product_cat","embeddable":true,"href":"https:\/\/www.gleichcom.samuraidev.ch\/it\/wp-json\/wp\/v2\/product_cat?post=20005"},{"taxonomy":"product_tag","embeddable":true,"href":"https:\/\/www.gleichcom.samuraidev.ch\/it\/wp-json\/wp\/v2\/product_tag?post=20005"}],"curies":[{"name":"wp","href":"https:\/\/api.w.org\/{rel}","templated":true}]}}