{"id":20047,"date":"2023-05-31T16:51:21","date_gmt":"2023-05-31T14:51:21","guid":{"rendered":"https:\/\/www.gleichcom.samuraidev.ch\/?product=geemarc-video-babyphone-mit-vibrationskissen"},"modified":"1000-01-01T00:00:00","modified_gmt":"1000-01-01T00:00:00","slug":"geemarc-video-babyphone-mit-vibrationskissen","status":"publish","type":"product","link":"https:\/\/www.gleichcom.samuraidev.ch\/it\/shop\/geemarc-video-babyphone-mit-vibrationskissen\/","title":{"rendered":"Geemarc Video Babyphone mit Vibrationskissen"},"content":{"rendered":"<div>\n\t<span style=\"color:#000000;\"><span style=\"font-size:16px;\"><strong>Geemarc Video Babyphone mit Vibrationskissen<\/strong><\/span><\/p>\n<p>\tAlles okay im Baby-Bettchen?<br \/>\n\t\u00bbAmplicall Sentinel 1\u00ab von Geemarc, ist ein drahtloses Video-\/Audio-Funk-\u00dcbertragungs\u00adsystem, das f\u00fcr die \u00dcberwachung von Innenr\u00e4umen konzipiert ist \u2013 beispielsweise als Baby-Monitor im Kinderzimmer oder in einem Krankenzimmer.<\/p>\n<p>\t<strong>Auf einen Blick<\/strong><\/span><\/p>\n<ul>\n<li><span style=\"color:#000000;\">Zoom-\/Sprech-Taste: einmal dr\u00fccken f\u00fcr Zoom (x2), gedr\u00fcckt halten zum Sprechen<\/span><\/li>\n<li><span style=\"color:#000000;\">Rotationsfunktion: Kamera steht auf dem Kopf, aber auf dem Bildschirm wird das Video in der korrekten Richtung gezeigt.<\/span><\/li>\n<li><span style=\"color:#000000;\">Alarm wird bei Erkennung einer Bewegung ausgel\u00f6st.<\/span><\/li>\n<li><span style=\"color:#000000;\">Einstellung einer Temperaturbegrenzung zwischen 0\u00b0C und 40\u00b0C. Ausl\u00f6sung eines Alarms bei Unter-\/\u00dcberschreitung.<\/span><\/li>\n<li><span style=\"color:#000000;\">Drei Stufen, um zu verhindern, dass Stra\u00dfenl\u00e4rm erkannt<\/span><\/li>\n<li><span style=\"color:#000000;\">mit Timer als Balken auf dem Bildschirm<\/span><\/li>\n<li><span style=\"color:#000000;\">Bildschirm schaltet sich nach 10 Sek. Inaktivit\u00e4t (keine Bewegung, Ger\u00e4usche oder Temperatur\u00e4nderungen) aus.<\/span><\/li>\n<li><span style=\"color:#000000;\">Vier Melodien<\/span><\/li>\n<li><span style=\"color:#000000;\">Hohe Lautst\u00e4rke, einstellbar \u00fcber +\/- Tasten<\/span><\/li>\n<li><span style=\"color:#000000;\">Navigationstaste ^ \u02c5 > <<\/span><\/li>\n<li><span style=\"color:#000000;\">F\u00fcnf Helligkeitsstufen<\/span><\/li>\n<li><span style=\"color:#000000;\">Datums- und Uhrzeitanzeige<\/span><\/li>\n<li><span style=\"color:#000000;\">Anzeige der Temperatur in Celsius oder Fahrenheit<\/span><\/li>\n<li><span style=\"color:#000000;\">Anzeige bei niedriger Batterie<\/span><\/li>\n<li><span style=\"color:#000000;\">Kamera Nachtmodus<\/span><\/li>\n<li><span style=\"color:#000000;\">Ausw\u00e4hlbare Sprachen: Englisch, Franz\u00f6sisch, Deutsch, Spanisch, Niederl\u00e4ndisch.<\/span><\/li>\n<li><span style=\"color:#000000;\">Bis zu vier Kameras anschlie\u00dfbar<\/span><\/li>\n<\/ul>\n<p>\t<span style=\"color:#000000;\">\u00a0<br \/>\n\t<strong>TECHNISCHE ANGABEN<\/strong><\/span><\/p>\n<ul>\n<li><span style=\"color:#000000;\">Einhaltung der Normen CE, UKCA, FCC, IC<\/span><\/li>\n<li><span style=\"color:#000000;\">Frequenz: FHSS 2,4 GHz<\/span><\/li>\n<li><span style=\"color:#000000;\">LCD: 4,3 Zoll TFT<\/span><\/li>\n<li><span style=\"color:#000000;\">Bildschirmaufl\u00f6sung: 480\u00d7272 Pixel<\/span><\/li>\n<li><span style=\"color:#000000;\">Batterie: Li-Ion 3300 mAh<\/span><\/li>\n<li><span style=\"color:#000000;\">Anschluss: 5 VDC\/1,5 A<\/span><\/li>\n<li><span style=\"color:#000000;\">Verbindung: FHSS 2,4 G<\/span><\/li>\n<li><span style=\"color:#000000;\">Aufl\u00f6sung: 0,3 Megapixel<\/span><\/li>\n<li><span style=\"color:#000000;\">Anschluss: 5 VDC\/1 A<\/span><\/li>\n<\/ul>\n<p>\t<span style=\"color:#000000;\"><strong>Lieferumfang<\/strong><\/span><\/p>\n<ul>\n<li><span style=\"color:#000000;\">1 Babyphone (Monitor)<\/span><\/li>\n<li><span style=\"color:#000000;\">1 Babyeinheit (Kamera)<\/span><\/li>\n<li><span style=\"color:#000000;\">2 AC\/DC Stromadapter<\/span><\/li>\n<li><span style=\"color:#000000;\">1 zusammenklappbarer St\u00e4nder<\/span><\/li>\n<li><span style=\"color:#000000;\">2 Magic Tape (Klettb\u00e4nder)<\/span><\/li>\n<li><span style=\"color:#000000;\">1 Bedienungsanleitung<\/span><\/li>\n<\/ul>\n<p>\t<span style=\"color:#000000;\"><strong>Zubeh\u00f6r:<\/strong> CLA2 EX Verl\u00e4ngerungskabel f\u00fcr Vibrationskissen (separat erh\u00e4ltlich)<br \/>\n\t\u00a0<\/span><br \/>\n\t\u00a0\n<\/div>\n","protected":false},"excerpt":{"rendered":"<p>\tAlles okay im Baby-Bettchen?<br \/>\n\t\u00bbAmplicall Sentinel 1\u00ab von Geemarc, ist ein drahtloses Video-\/Audio-Funk-\u00dcbertragungs\u00adsystem, das f\u00fcr die \u00dcberwachung von Innenr\u00e4umen konzipiert ist \u2013 beispielsweise als Baby-Monitor im Kinderzimmer oder in einem Krankenzimmer.<br \/>\n\t\u00a0<\/p>\n","protected":false},"featured_media":20027,"template":"","meta":{"inline_featured_image":false,"_uag_custom_page_level_css":"","site-sidebar-layout":"default","site-content-layout":"","ast-site-content-layout":"default","site-content-style":"default","site-sidebar-style":"default","ast-global-header-display":"","ast-banner-title-visibility":"","ast-main-header-display":"","ast-hfb-above-header-display":"","ast-hfb-below-header-display":"","ast-hfb-mobile-header-display":"","site-post-title":"","ast-breadcrumbs-content":"","ast-featured-img":"","footer-sml-layout":"","ast-disable-related-posts":"","theme-transparent-header-meta":"","adv-header-id-meta":"","stick-header-meta":"","header-above-stick-meta":"","header-main-stick-meta":"","header-below-stick-meta":"","astra-migrate-meta-layouts":"default","ast-page-background-enabled":"default","ast-page-background-meta":{"desktop":{"background-color":"","background-image":"","background-repeat":"repeat","background-position":"center center","background-size":"auto","background-attachment":"scroll","background-type":"","background-media":"","overlay-type":"","overlay-color":"","overlay-opacity":"","overlay-gradient":""},"tablet":{"background-color":"","background-image":"","background-repeat":"repeat","background-position":"center center","background-size":"auto","background-attachment":"scroll","background-type":"","background-media":"","overlay-type":"","overlay-color":"","overlay-opacity":"","overlay-gradient":""},"mobile":{"background-color":"","background-image":"","background-repeat":"repeat","background-position":"center center","background-size":"auto","background-attachment":"scroll","background-type":"","background-media":"","overlay-type":"","overlay-color":"","overlay-opacity":"","overlay-gradient":""}},"ast-content-background-meta":{"desktop":{"background-color":"var(--ast-global-color-5)","background-image":"","background-repeat":"repeat","background-position":"center center","background-size":"auto","background-attachment":"scroll","background-type":"","background-media":"","overlay-type":"","overlay-color":"","overlay-opacity":"","overlay-gradient":""},"tablet":{"background-color":"var(--ast-global-color-5)","background-image":"","background-repeat":"repeat","background-position":"center center","background-size":"auto","background-attachment":"scroll","background-type":"","background-media":"","overlay-type":"","overlay-color":"","overlay-opacity":"","overlay-gradient":""},"mobile":{"background-color":"var(--ast-global-color-5)","background-image":"","background-repeat":"repeat","background-position":"center center","background-size":"auto","background-attachment":"scroll","background-type":"","background-media":"","overlay-type":"","overlay-color":"","overlay-opacity":"","overlay-gradient":""}}},"product_brand":[],"product_cat":[2952],"product_tag":[],"class_list":{"0":"post-20047","1":"product","2":"type-product","3":"status-publish","4":"has-post-thumbnail","6":"product_cat-geemarc-amplicall-it","7":"desktop-align-center","8":"tablet-align-center","9":"mobile-align-center","10":"ast-product-gallery-layout-horizontal-slider","11":"ast-product-tabs-layout-accordion","13":"first","14":"onbackorder","15":"taxable","16":"shipping-taxable","17":"purchasable","18":"product-type-simple"},"yoast_head":"<!-- This site is optimized with the Yoast SEO plugin v27.6 - https:\/\/yoast.com\/product\/yoast-seo-wordpress\/ -->\n<title>Geemarc Video Babyphone mit Vibrationskissen im Onlineshop | Gleichcom AG<\/title>\n<meta name=\"description\" content=\"\u2705 Alles okay im Baby-Bettchen?  \u00bbAmplicall Sentinel 1\u00ab von Geemarc, ist ein drahtloses Video-\/Audio-Funk-\u00dcbertragungs\u00adsystem, das f\u00fcr die \u00dcberwachung von Innenr\u00e4umen konzipiert ist \u2013 beispielsweise als Baby-Monitor im Kinderzimmer oder in einem Krankenzimmer.  \u00a0\" \/>\n<meta name=\"robots\" content=\"noindex, follow, max-snippet:-1, max-image-preview:large, max-video-preview:-1\" \/>\n<meta property=\"og:locale\" content=\"it_IT\" \/>\n<meta property=\"og:type\" content=\"article\" \/>\n<meta property=\"og:title\" content=\"Geemarc Video Babyphone mit Vibrationskissen im Onlineshop | Gleichcom AG\" \/>\n<meta property=\"og:description\" content=\"\u2705 Alles okay im Baby-Bettchen?  \u00bbAmplicall Sentinel 1\u00ab von Geemarc, ist ein drahtloses Video-\/Audio-Funk-\u00dcbertragungs\u00adsystem, das f\u00fcr die \u00dcberwachung von Innenr\u00e4umen konzipiert ist \u2013 beispielsweise als Baby-Monitor im Kinderzimmer oder in einem Krankenzimmer.  \u00a0\" \/>\n<meta property=\"og:url\" content=\"https:\/\/www.gleichcom.samuraidev.ch\/it\/shop\/geemarc-video-babyphone-mit-vibrationskissen\/\" \/>\n<meta property=\"og:site_name\" content=\"Gleichcom AG\" \/>\n<meta property=\"article:publisher\" content=\"https:\/\/www.facebook.com\/profile.php?id=100068749126981\" \/>\n<meta property=\"og:image\" content=\"https:\/\/www.gleichcom.samuraidev.ch\/wp-content\/uploads\/2023\/09\/sentinel.jpg\" \/>\n\t<meta property=\"og:image:width\" content=\"500\" \/>\n\t<meta property=\"og:image:height\" content=\"161\" \/>\n\t<meta property=\"og:image:type\" content=\"image\/jpeg\" \/>\n<meta name=\"twitter:card\" content=\"summary_large_image\" \/>\n<script type=\"application\/ld+json\" class=\"yoast-schema-graph\">{\"@context\":\"https:\\\/\\\/schema.org\",\"@graph\":[{\"@type\":\"WebPage\",\"@id\":\"https:\\\/\\\/www.gleichcom.samuraidev.ch\\\/it\\\/shop\\\/geemarc-video-babyphone-mit-vibrationskissen\\\/\",\"url\":\"https:\\\/\\\/www.gleichcom.samuraidev.ch\\\/it\\\/shop\\\/geemarc-video-babyphone-mit-vibrationskissen\\\/\",\"name\":\"Geemarc Video Babyphone mit Vibrationskissen im Onlineshop | Gleichcom AG\",\"isPartOf\":{\"@id\":\"https:\\\/\\\/www.gleichcom.samuraidev.ch\\\/it\\\/#website\"},\"primaryImageOfPage\":{\"@id\":\"https:\\\/\\\/www.gleichcom.samuraidev.ch\\\/it\\\/shop\\\/geemarc-video-babyphone-mit-vibrationskissen\\\/#primaryimage\"},\"image\":{\"@id\":\"https:\\\/\\\/www.gleichcom.samuraidev.ch\\\/it\\\/shop\\\/geemarc-video-babyphone-mit-vibrationskissen\\\/#primaryimage\"},\"thumbnailUrl\":\"https:\\\/\\\/www.gleichcom.samuraidev.ch\\\/wp-content\\\/uploads\\\/2023\\\/09\\\/sentinel.jpg\",\"datePublished\":\"2023-05-31T14:51:21+00:00\",\"description\":\"\u2705 Alles okay im Baby-Bettchen? \u00bbAmplicall Sentinel 1\u00ab von Geemarc, ist ein drahtloses Video-\\\/Audio-Funk-\u00dcbertragungs\u00adsystem, das f\u00fcr die \u00dcberwachung von Innenr\u00e4umen konzipiert ist \u2013 beispielsweise als Baby-Monitor im Kinderzimmer oder in einem Krankenzimmer. \u00a0\",\"breadcrumb\":{\"@id\":\"https:\\\/\\\/www.gleichcom.samuraidev.ch\\\/it\\\/shop\\\/geemarc-video-babyphone-mit-vibrationskissen\\\/#breadcrumb\"},\"inLanguage\":\"it-IT\",\"potentialAction\":[{\"@type\":\"ReadAction\",\"target\":[\"https:\\\/\\\/www.gleichcom.samuraidev.ch\\\/it\\\/shop\\\/geemarc-video-babyphone-mit-vibrationskissen\\\/\"]}]},{\"@type\":\"ImageObject\",\"inLanguage\":\"it-IT\",\"@id\":\"https:\\\/\\\/www.gleichcom.samuraidev.ch\\\/it\\\/shop\\\/geemarc-video-babyphone-mit-vibrationskissen\\\/#primaryimage\",\"url\":\"https:\\\/\\\/www.gleichcom.samuraidev.ch\\\/wp-content\\\/uploads\\\/2023\\\/09\\\/sentinel.jpg\",\"contentUrl\":\"https:\\\/\\\/www.gleichcom.samuraidev.ch\\\/wp-content\\\/uploads\\\/2023\\\/09\\\/sentinel.jpg\",\"width\":500,\"height\":161},{\"@type\":\"BreadcrumbList\",\"@id\":\"https:\\\/\\\/www.gleichcom.samuraidev.ch\\\/it\\\/shop\\\/geemarc-video-babyphone-mit-vibrationskissen\\\/#breadcrumb\",\"itemListElement\":[{\"@type\":\"ListItem\",\"position\":1,\"name\":\"Startseite\",\"item\":\"https:\\\/\\\/www.gleichcom.samuraidev.ch\\\/it\\\/\"},{\"@type\":\"ListItem\",\"position\":2,\"name\":\"Shop\",\"item\":\"https:\\\/\\\/www.gleichcom.samuraidev.ch\\\/it\\\/shop\\\/\"},{\"@type\":\"ListItem\",\"position\":3,\"name\":\"Geemarc Video Babyphone mit Vibrationskissen\"}]},{\"@type\":\"WebSite\",\"@id\":\"https:\\\/\\\/www.gleichcom.samuraidev.ch\\\/it\\\/#website\",\"url\":\"https:\\\/\\\/www.gleichcom.samuraidev.ch\\\/it\\\/\",\"name\":\"Gleichcom AG\",\"description\":\"besser h\u00f6ren. besser sehen. besser leben.\",\"publisher\":{\"@id\":\"https:\\\/\\\/www.gleichcom.samuraidev.ch\\\/it\\\/#organization\"},\"alternateName\":\"Gleichcom\",\"potentialAction\":[{\"@type\":\"SearchAction\",\"target\":{\"@type\":\"EntryPoint\",\"urlTemplate\":\"https:\\\/\\\/www.gleichcom.samuraidev.ch\\\/it\\\/?s={search_term_string}\"},\"query-input\":{\"@type\":\"PropertyValueSpecification\",\"valueRequired\":true,\"valueName\":\"search_term_string\"}}],\"inLanguage\":\"it-IT\"},{\"@type\":\"Organization\",\"@id\":\"https:\\\/\\\/www.gleichcom.samuraidev.ch\\\/it\\\/#organization\",\"name\":\"Gleichcom AG\",\"alternateName\":\"Gleichcom\",\"url\":\"https:\\\/\\\/www.gleichcom.samuraidev.ch\\\/it\\\/\",\"logo\":{\"@type\":\"ImageObject\",\"inLanguage\":\"it-IT\",\"@id\":\"https:\\\/\\\/www.gleichcom.samuraidev.ch\\\/it\\\/#\\\/schema\\\/logo\\\/image\\\/\",\"url\":\"https:\\\/\\\/www.gleichcom.samuraidev.ch\\\/wp-content\\\/uploads\\\/2023\\\/09\\\/gleichcom-ag-logo-quadrat-farbig-mitte@696.png\",\"contentUrl\":\"https:\\\/\\\/www.gleichcom.samuraidev.ch\\\/wp-content\\\/uploads\\\/2023\\\/09\\\/gleichcom-ag-logo-quadrat-farbig-mitte@696.png\",\"width\":437,\"height\":437,\"caption\":\"Gleichcom AG\"},\"image\":{\"@id\":\"https:\\\/\\\/www.gleichcom.samuraidev.ch\\\/it\\\/#\\\/schema\\\/logo\\\/image\\\/\"},\"sameAs\":[\"https:\\\/\\\/www.facebook.com\\\/profile.php?id=100068749126981\"]}]}<\/script>\n<!-- \/ Yoast SEO plugin. -->","yoast_head_json":{"title":"Geemarc Video Babyphone mit Vibrationskissen im Onlineshop | Gleichcom AG","description":"\u2705 Alles okay im Baby-Bettchen?  \u00bbAmplicall Sentinel 1\u00ab von Geemarc, ist ein drahtloses Video-\/Audio-Funk-\u00dcbertragungs\u00adsystem, das f\u00fcr die \u00dcberwachung von Innenr\u00e4umen konzipiert ist \u2013 beispielsweise als Baby-Monitor im Kinderzimmer oder in einem Krankenzimmer.  \u00a0","robots":{"index":"noindex","follow":"follow","max-snippet":"max-snippet:-1","max-image-preview":"max-image-preview:large","max-video-preview":"max-video-preview:-1"},"og_locale":"it_IT","og_type":"article","og_title":"Geemarc Video Babyphone mit Vibrationskissen im Onlineshop | Gleichcom AG","og_description":"\u2705 Alles okay im Baby-Bettchen?  \u00bbAmplicall Sentinel 1\u00ab von Geemarc, ist ein drahtloses Video-\/Audio-Funk-\u00dcbertragungs\u00adsystem, das f\u00fcr die \u00dcberwachung von Innenr\u00e4umen konzipiert ist \u2013 beispielsweise als Baby-Monitor im Kinderzimmer oder in einem Krankenzimmer.  \u00a0","og_url":"https:\/\/www.gleichcom.samuraidev.ch\/it\/shop\/geemarc-video-babyphone-mit-vibrationskissen\/","og_site_name":"Gleichcom AG","article_publisher":"https:\/\/www.facebook.com\/profile.php?id=100068749126981","og_image":[{"width":500,"height":161,"url":"https:\/\/www.gleichcom.samuraidev.ch\/wp-content\/uploads\/2023\/09\/sentinel.jpg","type":"image\/jpeg"}],"twitter_card":"summary_large_image","schema":{"@context":"https:\/\/schema.org","@graph":[{"@type":"WebPage","@id":"https:\/\/www.gleichcom.samuraidev.ch\/it\/shop\/geemarc-video-babyphone-mit-vibrationskissen\/","url":"https:\/\/www.gleichcom.samuraidev.ch\/it\/shop\/geemarc-video-babyphone-mit-vibrationskissen\/","name":"Geemarc Video Babyphone mit Vibrationskissen im Onlineshop | Gleichcom AG","isPartOf":{"@id":"https:\/\/www.gleichcom.samuraidev.ch\/it\/#website"},"primaryImageOfPage":{"@id":"https:\/\/www.gleichcom.samuraidev.ch\/it\/shop\/geemarc-video-babyphone-mit-vibrationskissen\/#primaryimage"},"image":{"@id":"https:\/\/www.gleichcom.samuraidev.ch\/it\/shop\/geemarc-video-babyphone-mit-vibrationskissen\/#primaryimage"},"thumbnailUrl":"https:\/\/www.gleichcom.samuraidev.ch\/wp-content\/uploads\/2023\/09\/sentinel.jpg","datePublished":"2023-05-31T14:51:21+00:00","description":"\u2705 Alles okay im Baby-Bettchen? \u00bbAmplicall Sentinel 1\u00ab von Geemarc, ist ein drahtloses Video-\/Audio-Funk-\u00dcbertragungs\u00adsystem, das f\u00fcr die \u00dcberwachung von Innenr\u00e4umen konzipiert ist \u2013 beispielsweise als Baby-Monitor im Kinderzimmer oder in einem Krankenzimmer. \u00a0","breadcrumb":{"@id":"https:\/\/www.gleichcom.samuraidev.ch\/it\/shop\/geemarc-video-babyphone-mit-vibrationskissen\/#breadcrumb"},"inLanguage":"it-IT","potentialAction":[{"@type":"ReadAction","target":["https:\/\/www.gleichcom.samuraidev.ch\/it\/shop\/geemarc-video-babyphone-mit-vibrationskissen\/"]}]},{"@type":"ImageObject","inLanguage":"it-IT","@id":"https:\/\/www.gleichcom.samuraidev.ch\/it\/shop\/geemarc-video-babyphone-mit-vibrationskissen\/#primaryimage","url":"https:\/\/www.gleichcom.samuraidev.ch\/wp-content\/uploads\/2023\/09\/sentinel.jpg","contentUrl":"https:\/\/www.gleichcom.samuraidev.ch\/wp-content\/uploads\/2023\/09\/sentinel.jpg","width":500,"height":161},{"@type":"BreadcrumbList","@id":"https:\/\/www.gleichcom.samuraidev.ch\/it\/shop\/geemarc-video-babyphone-mit-vibrationskissen\/#breadcrumb","itemListElement":[{"@type":"ListItem","position":1,"name":"Startseite","item":"https:\/\/www.gleichcom.samuraidev.ch\/it\/"},{"@type":"ListItem","position":2,"name":"Shop","item":"https:\/\/www.gleichcom.samuraidev.ch\/it\/shop\/"},{"@type":"ListItem","position":3,"name":"Geemarc Video Babyphone mit Vibrationskissen"}]},{"@type":"WebSite","@id":"https:\/\/www.gleichcom.samuraidev.ch\/it\/#website","url":"https:\/\/www.gleichcom.samuraidev.ch\/it\/","name":"Gleichcom AG","description":"besser h\u00f6ren. besser sehen. besser leben.","publisher":{"@id":"https:\/\/www.gleichcom.samuraidev.ch\/it\/#organization"},"alternateName":"Gleichcom","potentialAction":[{"@type":"SearchAction","target":{"@type":"EntryPoint","urlTemplate":"https:\/\/www.gleichcom.samuraidev.ch\/it\/?s={search_term_string}"},"query-input":{"@type":"PropertyValueSpecification","valueRequired":true,"valueName":"search_term_string"}}],"inLanguage":"it-IT"},{"@type":"Organization","@id":"https:\/\/www.gleichcom.samuraidev.ch\/it\/#organization","name":"Gleichcom AG","alternateName":"Gleichcom","url":"https:\/\/www.gleichcom.samuraidev.ch\/it\/","logo":{"@type":"ImageObject","inLanguage":"it-IT","@id":"https:\/\/www.gleichcom.samuraidev.ch\/it\/#\/schema\/logo\/image\/","url":"https:\/\/www.gleichcom.samuraidev.ch\/wp-content\/uploads\/2023\/09\/gleichcom-ag-logo-quadrat-farbig-mitte@696.png","contentUrl":"https:\/\/www.gleichcom.samuraidev.ch\/wp-content\/uploads\/2023\/09\/gleichcom-ag-logo-quadrat-farbig-mitte@696.png","width":437,"height":437,"caption":"Gleichcom AG"},"image":{"@id":"https:\/\/www.gleichcom.samuraidev.ch\/it\/#\/schema\/logo\/image\/"},"sameAs":["https:\/\/www.facebook.com\/profile.php?id=100068749126981"]}]}},"uagb_featured_image_src":{"full":["https:\/\/www.gleichcom.samuraidev.ch\/wp-content\/uploads\/2023\/09\/sentinel.jpg",500,161,false],"thumbnail":["https:\/\/www.gleichcom.samuraidev.ch\/wp-content\/uploads\/2023\/09\/sentinel.jpg",150,48,false],"medium":["https:\/\/www.gleichcom.samuraidev.ch\/wp-content\/uploads\/2023\/09\/sentinel.jpg",300,97,false],"medium_large":["https:\/\/www.gleichcom.samuraidev.ch\/wp-content\/uploads\/2023\/09\/sentinel.jpg",500,161,false],"large":["https:\/\/www.gleichcom.samuraidev.ch\/wp-content\/uploads\/2023\/09\/sentinel.jpg",500,161,false],"1536x1536":["https:\/\/www.gleichcom.samuraidev.ch\/wp-content\/uploads\/2023\/09\/sentinel.jpg",500,161,false],"2048x2048":["https:\/\/www.gleichcom.samuraidev.ch\/wp-content\/uploads\/2023\/09\/sentinel.jpg",500,161,false],"woocommerce_thumbnail":["https:\/\/www.gleichcom.samuraidev.ch\/wp-content\/uploads\/2023\/09\/sentinel.jpg",300,97,false],"woocommerce_single":["https:\/\/www.gleichcom.samuraidev.ch\/wp-content\/uploads\/2023\/09\/sentinel.jpg",500,161,false],"woocommerce_gallery_thumbnail":["https:\/\/www.gleichcom.samuraidev.ch\/wp-content\/uploads\/2023\/09\/sentinel-100x100.jpg",100,100,true]},"uagb_author_info":{"display_name":"","author_link":"https:\/\/www.gleichcom.samuraidev.ch\/it\/author\/"},"uagb_comment_info":0,"uagb_excerpt":"Alles okay im Baby-Bettchen? \u00bbAmplicall Sentinel 1\u00ab von Geemarc, ist ein drahtloses Video-\/Audio-Funk-\u00dcbertragungs\u00adsystem, das f\u00fcr die \u00dcberwachung von Innenr\u00e4umen konzipiert ist \u2013 beispielsweise als Baby-Monitor im Kinderzimmer oder in einem Krankenzimmer. \u00a0","_links":{"self":[{"href":"https:\/\/www.gleichcom.samuraidev.ch\/it\/wp-json\/wp\/v2\/product\/20047","targetHints":{"allow":["GET"]}}],"collection":[{"href":"https:\/\/www.gleichcom.samuraidev.ch\/it\/wp-json\/wp\/v2\/product"}],"about":[{"href":"https:\/\/www.gleichcom.samuraidev.ch\/it\/wp-json\/wp\/v2\/types\/product"}],"wp:featuredmedia":[{"embeddable":true,"href":"https:\/\/www.gleichcom.samuraidev.ch\/it\/wp-json\/wp\/v2\/media\/20027"}],"wp:attachment":[{"href":"https:\/\/www.gleichcom.samuraidev.ch\/it\/wp-json\/wp\/v2\/media?parent=20047"}],"wp:term":[{"taxonomy":"product_brand","embeddable":true,"href":"https:\/\/www.gleichcom.samuraidev.ch\/it\/wp-json\/wp\/v2\/product_brand?post=20047"},{"taxonomy":"product_cat","embeddable":true,"href":"https:\/\/www.gleichcom.samuraidev.ch\/it\/wp-json\/wp\/v2\/product_cat?post=20047"},{"taxonomy":"product_tag","embeddable":true,"href":"https:\/\/www.gleichcom.samuraidev.ch\/it\/wp-json\/wp\/v2\/product_tag?post=20047"}],"curies":[{"name":"wp","href":"https:\/\/api.w.org\/{rel}","templated":true}]}}