{"id":20324,"date":"2018-09-01T21:42:37","date_gmt":"2018-09-01T19:42:37","guid":{"rendered":"https:\/\/www.gleichcom.samuraidev.ch\/?product=handlupe-standlupe-powerlux-3-5x-kaltweisses-licht-eschenbach"},"modified":"1000-01-01T00:00:00","modified_gmt":"1000-01-01T00:00:00","slug":"handlupe-standlupe-powerlux-3-5x-kaltweisses-licht-eschenbach","status":"publish","type":"product","link":"https:\/\/www.gleichcom.samuraidev.ch\/it\/shop\/handlupe-standlupe-powerlux-3-5x-kaltweisses-licht-eschenbach\/","title":{"rendered":"Lente di ingrandimento manuale\u00a0 Lente di ingrandimento da tavolo con ingrandimento 3,5x Powerlux Eschenbach"},"content":{"rendered":"<p><span style=\"font-size:16px;\"><strong>Lente di ingrandimento manuale\u00a0 Lente di ingrandimento da tavolo con ingrandimento 3,5x Powerlux Eschenbach<\/strong><\/span><\/p>\n<p>La Powerlux di Eschenbach \u00e8 una lente di lettura particolarmente maneggevole e robusta con una guida molto semplice e intuitiva sul materiale da leggere grazie al suo design ergonomico. Grazie all&#8217;ingrandimento 3,5x, anche i pi\u00f9 piccoli dettagli possono essere riconosciuti e letti in modo ottimale. Il diametro della lente \u00e8 di 5,8 cm. La lente di ingrandimento \u00e8 disponibile in due diversi colori di luce: bianco freddo e bianco caldo. Con entrambi i tipi di illuminazione, l&#8217;illuminazione \u00e8 assolutamente priva di abbagliamento e uniforme, in modo da ottenere un&#8217;eccellente qualit\u00e0 dell&#8217;immagine. Lo spegnimento automatico integrato dopo 30 minuti garantisce un consumo energetico economico.<br \/>\n\u00a0<br \/>\n<strong>Caratteristiche del prodotto<\/strong><\/p>\n<ul>\n<li>Lente di ingrandimento manuale compatta ed ergonomica<\/li>\n<li>Lente luminosa PXM\u00ae asferica, resistente ai graffi, cera-tec\u00ae rivestita con un diametro di 58 mm per immagini nitide e prive di distorsioni.<\/li>\n<li>Disponibile nei colori bianco caldo e freddo chiaro.<\/li>\n<li>Illuminazione senza ombre grazie a 2 luci LED SMD opposte.<\/li>\n<li>Economico consumo energetico grazie allo spegnimento automatico dopo 30 minuti.<\/li>\n<li>Fornitura con custodia protettiva in schiuma dura.<\/li>\n<\/ul>\n<p>\u00a0<br \/>\n<strong>Dotazione di fornitura<\/strong><\/p>\n<ul>\n<li>1 x lente di ingrandimento manuale Powerlux, batterie incluse<\/li>\n<li>1 x caso di archiviazione<\/li>\n<\/ul>\n<p>\u00a0<\/p>\n<table border=\"0\" cellpadding=\"0\" cellspacing=\"0\">\n<thead>\n<tr>\n<th nowrap=\"nowrap\">N. articolo<\/th>\n<th nowrap=\"nowrap\"><strong>Dimensioni<\/strong><\/th>\n<th nowrap=\"nowrap\"><strong>Colore della luce<\/strong><\/th>\n<th nowrap=\"nowrap\">Ingrandimento<\/th>\n<th nowrap=\"nowrap\"><strong>Diottria<\/strong><\/th>\n<\/tr>\n<\/thead>\n<tbody>\n<tr>\n<td>158614<\/td>\n<td>\u00f8 58 mm\u00a0<\/td>\n<td>8.000 K\u00a0<\/td>\n<td>3,5x\u00a0<\/td>\n<td>14,0\u00a0<\/td>\n<\/tr>\n<tr>\n<td>1586141<\/td>\n<td>\u00f8 58 mm\u00a0<\/td>\n<td>3.000 K\u00a0<\/td>\n<td>3,5x\u00a0<\/td>\n<td>14,0\u00a0<\/td>\n<\/tr>\n<tr>\n<td>158620<\/td>\n<td>\u00f8 58 mm\u00a0<\/td>\n<td>8.000 K\u00a0<\/td>\n<td>5,0x\u00a0<\/td>\n<td>20,0\u00a0<\/td>\n<\/tr>\n<tr>\n<td>1586201<\/td>\n<td>\u00f8 58 mm\u00a0<\/td>\n<td>3.000 K\u00a0<\/td>\n<td>5,0x\u00a0<\/td>\n<td>20,0\u00a0<\/td>\n<\/tr>\n<tr>\n<td>158628<\/td>\n<td>\u00f8 58 mm\u00a0<\/td>\n<td>8.000 K\u00a0<\/td>\n<td>7,0x\u00a0<\/td>\n<td>28,0\u00a0<\/td>\n<\/tr>\n<tr>\n<td>1586281<\/td>\n<td>\u00f8 58 mm\u00a0<\/td>\n<td>3.000 K\u00a0<\/td>\n<td>7,0x\u00a0<\/td>\n<td>28,0\u00a0<\/td>\n<\/tr>\n<\/tbody>\n<\/table>\n","protected":false},"excerpt":{"rendered":"<p>\tQuesta lente di lettura particolarmente maneggevole e robusta \u00e8 comodamente a portata di mano ed \u00e8 quindi adatta anche per un uso prolungato. Illuminazione assolutamente priva di abbagliamento e uniforme grazie ai colori della luce bianco freddo o bianco caldo. Con spegnimento automatico integrato dopo 30 minuti.<\/p>\n","protected":false},"featured_media":20318,"template":"","meta":{"inline_featured_image":false,"_uag_custom_page_level_css":"","site-sidebar-layout":"default","site-content-layout":"","ast-site-content-layout":"default","site-content-style":"default","site-sidebar-style":"default","ast-global-header-display":"","ast-banner-title-visibility":"","ast-main-header-display":"","ast-hfb-above-header-display":"","ast-hfb-below-header-display":"","ast-hfb-mobile-header-display":"","site-post-title":"","ast-breadcrumbs-content":"","ast-featured-img":"","footer-sml-layout":"","ast-disable-related-posts":"","theme-transparent-header-meta":"","adv-header-id-meta":"","stick-header-meta":"","header-above-stick-meta":"","header-main-stick-meta":"","header-below-stick-meta":"","astra-migrate-meta-layouts":"default","ast-page-background-enabled":"default","ast-page-background-meta":{"desktop":{"background-color":"","background-image":"","background-repeat":"repeat","background-position":"center center","background-size":"auto","background-attachment":"scroll","background-type":"","background-media":"","overlay-type":"","overlay-color":"","overlay-opacity":"","overlay-gradient":""},"tablet":{"background-color":"","background-image":"","background-repeat":"repeat","background-position":"center center","background-size":"auto","background-attachment":"scroll","background-type":"","background-media":"","overlay-type":"","overlay-color":"","overlay-opacity":"","overlay-gradient":""},"mobile":{"background-color":"","background-image":"","background-repeat":"repeat","background-position":"center center","background-size":"auto","background-attachment":"scroll","background-type":"","background-media":"","overlay-type":"","overlay-color":"","overlay-opacity":"","overlay-gradient":""}},"ast-content-background-meta":{"desktop":{"background-color":"var(--ast-global-color-5)","background-image":"","background-repeat":"repeat","background-position":"center center","background-size":"auto","background-attachment":"scroll","background-type":"","background-media":"","overlay-type":"","overlay-color":"","overlay-opacity":"","overlay-gradient":""},"tablet":{"background-color":"var(--ast-global-color-5)","background-image":"","background-repeat":"repeat","background-position":"center center","background-size":"auto","background-attachment":"scroll","background-type":"","background-media":"","overlay-type":"","overlay-color":"","overlay-opacity":"","overlay-gradient":""},"mobile":{"background-color":"var(--ast-global-color-5)","background-image":"","background-repeat":"repeat","background-position":"center center","background-size":"auto","background-attachment":"scroll","background-type":"","background-media":"","overlay-type":"","overlay-color":"","overlay-opacity":"","overlay-gradient":""}}},"product_brand":[],"product_cat":[1776],"product_tag":[],"class_list":{"0":"post-20324","1":"product","2":"type-product","3":"status-publish","4":"has-post-thumbnail","6":"product_cat-unkategorisiert","7":"desktop-align-center","8":"tablet-align-center","9":"mobile-align-center","10":"ast-product-gallery-layout-horizontal-slider","11":"ast-product-gallery-with-no-image","12":"ast-product-single-variable","13":"ast-product-tabs-layout-accordion","15":"first","16":"outofstock","17":"taxable","18":"shipping-taxable","19":"purchasable","20":"product-type-variable"},"yoast_head":"<!-- This site is optimized with the Yoast SEO plugin v27.5 - https:\/\/yoast.com\/product\/yoast-seo-wordpress\/ -->\n<title>Lente di ingrandimento manuale\u00a0 Lente di ingrandimento da tavolo con ingrandimento 3,5x Powerlux Eschenbach im Onlineshop | Gleichcom AG<\/title>\n<meta name=\"description\" content=\"\u2705 Questa lente di lettura particolarmente maneggevole e robusta \u00e8 comodamente a portata di mano ed \u00e8 quindi adatta anche per un uso prolungato. Illuminazione assolutamente priva di abbagliamento e uniforme grazie ai colori della luce bianco freddo o bianco caldo. Con spegnimento automatico integrato dopo 30 minuti.\" \/>\n<meta name=\"robots\" content=\"noindex, follow, max-snippet:-1, max-image-preview:large, max-video-preview:-1\" \/>\n<meta property=\"og:locale\" content=\"it_IT\" \/>\n<meta property=\"og:type\" content=\"article\" \/>\n<meta property=\"og:title\" content=\"Lente di ingrandimento manuale\u00a0 Lente di ingrandimento da tavolo con ingrandimento 3,5x Powerlux Eschenbach im Onlineshop | Gleichcom AG\" \/>\n<meta property=\"og:description\" content=\"\u2705 Questa lente di lettura particolarmente maneggevole e robusta \u00e8 comodamente a portata di mano ed \u00e8 quindi adatta anche per un uso prolungato. Illuminazione assolutamente priva di abbagliamento e uniforme grazie ai colori della luce bianco freddo o bianco caldo. Con spegnimento automatico integrato dopo 30 minuti.\" \/>\n<meta property=\"og:url\" content=\"https:\/\/www.gleichcom.samuraidev.ch\/it\/shop\/handlupe-standlupe-powerlux-3-5x-kaltweisses-licht-eschenbach\/\" \/>\n<meta property=\"og:site_name\" content=\"Gleichcom AG\" \/>\n<meta property=\"article:publisher\" content=\"https:\/\/www.facebook.com\/profile.php?id=100068749126981\" \/>\n<meta property=\"og:image\" content=\"https:\/\/www.gleichcom.samuraidev.ch\/wp-content\/uploads\/2023\/09\/HandlupeVergrerungPowerluxEschenbach.jpg\" \/>\n\t<meta property=\"og:image:width\" content=\"500\" \/>\n\t<meta property=\"og:image:height\" content=\"404\" \/>\n\t<meta property=\"og:image:type\" content=\"image\/jpeg\" \/>\n<meta name=\"twitter:card\" content=\"summary_large_image\" \/>\n<script type=\"application\/ld+json\" class=\"yoast-schema-graph\">{\"@context\":\"https:\\\/\\\/schema.org\",\"@graph\":[{\"@type\":\"WebPage\",\"@id\":\"https:\\\/\\\/www.gleichcom.samuraidev.ch\\\/it\\\/shop\\\/handlupe-standlupe-powerlux-3-5x-kaltweisses-licht-eschenbach\\\/\",\"url\":\"https:\\\/\\\/www.gleichcom.samuraidev.ch\\\/it\\\/shop\\\/handlupe-standlupe-powerlux-3-5x-kaltweisses-licht-eschenbach\\\/\",\"name\":\"Lente di ingrandimento manuale\u00a0 Lente di ingrandimento da tavolo con ingrandimento 3,5x Powerlux Eschenbach im Onlineshop | Gleichcom AG\",\"isPartOf\":{\"@id\":\"https:\\\/\\\/www.gleichcom.samuraidev.ch\\\/it\\\/#website\"},\"primaryImageOfPage\":{\"@id\":\"https:\\\/\\\/www.gleichcom.samuraidev.ch\\\/it\\\/shop\\\/handlupe-standlupe-powerlux-3-5x-kaltweisses-licht-eschenbach\\\/#primaryimage\"},\"image\":{\"@id\":\"https:\\\/\\\/www.gleichcom.samuraidev.ch\\\/it\\\/shop\\\/handlupe-standlupe-powerlux-3-5x-kaltweisses-licht-eschenbach\\\/#primaryimage\"},\"thumbnailUrl\":\"https:\\\/\\\/www.gleichcom.samuraidev.ch\\\/wp-content\\\/uploads\\\/2023\\\/09\\\/HandlupeVergrerungPowerluxEschenbach.jpg\",\"datePublished\":\"2018-09-01T19:42:37+00:00\",\"description\":\"\u2705 Questa lente di lettura particolarmente maneggevole e robusta \u00e8 comodamente a portata di mano ed \u00e8 quindi adatta anche per un uso prolungato. Illuminazione assolutamente priva di abbagliamento e uniforme grazie ai colori della luce bianco freddo o bianco caldo. Con spegnimento automatico integrato dopo 30 minuti.\",\"breadcrumb\":{\"@id\":\"https:\\\/\\\/www.gleichcom.samuraidev.ch\\\/it\\\/shop\\\/handlupe-standlupe-powerlux-3-5x-kaltweisses-licht-eschenbach\\\/#breadcrumb\"},\"inLanguage\":\"it-IT\",\"potentialAction\":[{\"@type\":\"ReadAction\",\"target\":[\"https:\\\/\\\/www.gleichcom.samuraidev.ch\\\/it\\\/shop\\\/handlupe-standlupe-powerlux-3-5x-kaltweisses-licht-eschenbach\\\/\"]}]},{\"@type\":\"ImageObject\",\"inLanguage\":\"it-IT\",\"@id\":\"https:\\\/\\\/www.gleichcom.samuraidev.ch\\\/it\\\/shop\\\/handlupe-standlupe-powerlux-3-5x-kaltweisses-licht-eschenbach\\\/#primaryimage\",\"url\":\"https:\\\/\\\/www.gleichcom.samuraidev.ch\\\/wp-content\\\/uploads\\\/2023\\\/09\\\/HandlupeVergrerungPowerluxEschenbach.jpg\",\"contentUrl\":\"https:\\\/\\\/www.gleichcom.samuraidev.ch\\\/wp-content\\\/uploads\\\/2023\\\/09\\\/HandlupeVergrerungPowerluxEschenbach.jpg\",\"width\":500,\"height\":404},{\"@type\":\"BreadcrumbList\",\"@id\":\"https:\\\/\\\/www.gleichcom.samuraidev.ch\\\/it\\\/shop\\\/handlupe-standlupe-powerlux-3-5x-kaltweisses-licht-eschenbach\\\/#breadcrumb\",\"itemListElement\":[{\"@type\":\"ListItem\",\"position\":1,\"name\":\"Startseite\",\"item\":\"https:\\\/\\\/www.gleichcom.samuraidev.ch\\\/it\\\/\"},{\"@type\":\"ListItem\",\"position\":2,\"name\":\"Shop\",\"item\":\"https:\\\/\\\/www.gleichcom.samuraidev.ch\\\/it\\\/shop\\\/\"},{\"@type\":\"ListItem\",\"position\":3,\"name\":\"Lente di ingrandimento manuale\u00a0 Lente di ingrandimento da tavolo con ingrandimento 3,5x Powerlux Eschenbach\"}]},{\"@type\":\"WebSite\",\"@id\":\"https:\\\/\\\/www.gleichcom.samuraidev.ch\\\/it\\\/#website\",\"url\":\"https:\\\/\\\/www.gleichcom.samuraidev.ch\\\/it\\\/\",\"name\":\"Gleichcom AG\",\"description\":\"besser h\u00f6ren. besser sehen. besser leben.\",\"publisher\":{\"@id\":\"https:\\\/\\\/www.gleichcom.samuraidev.ch\\\/it\\\/#organization\"},\"alternateName\":\"Gleichcom\",\"potentialAction\":[{\"@type\":\"SearchAction\",\"target\":{\"@type\":\"EntryPoint\",\"urlTemplate\":\"https:\\\/\\\/www.gleichcom.samuraidev.ch\\\/it\\\/?s={search_term_string}\"},\"query-input\":{\"@type\":\"PropertyValueSpecification\",\"valueRequired\":true,\"valueName\":\"search_term_string\"}}],\"inLanguage\":\"it-IT\"},{\"@type\":\"Organization\",\"@id\":\"https:\\\/\\\/www.gleichcom.samuraidev.ch\\\/it\\\/#organization\",\"name\":\"Gleichcom AG\",\"alternateName\":\"Gleichcom\",\"url\":\"https:\\\/\\\/www.gleichcom.samuraidev.ch\\\/it\\\/\",\"logo\":{\"@type\":\"ImageObject\",\"inLanguage\":\"it-IT\",\"@id\":\"https:\\\/\\\/www.gleichcom.samuraidev.ch\\\/it\\\/#\\\/schema\\\/logo\\\/image\\\/\",\"url\":\"https:\\\/\\\/www.gleichcom.samuraidev.ch\\\/wp-content\\\/uploads\\\/2023\\\/09\\\/gleichcom-ag-logo-quadrat-farbig-mitte@696.png\",\"contentUrl\":\"https:\\\/\\\/www.gleichcom.samuraidev.ch\\\/wp-content\\\/uploads\\\/2023\\\/09\\\/gleichcom-ag-logo-quadrat-farbig-mitte@696.png\",\"width\":437,\"height\":437,\"caption\":\"Gleichcom AG\"},\"image\":{\"@id\":\"https:\\\/\\\/www.gleichcom.samuraidev.ch\\\/it\\\/#\\\/schema\\\/logo\\\/image\\\/\"},\"sameAs\":[\"https:\\\/\\\/www.facebook.com\\\/profile.php?id=100068749126981\"]}]}<\/script>\n<!-- \/ Yoast SEO plugin. -->","yoast_head_json":{"title":"Lente di ingrandimento manuale\u00a0 Lente di ingrandimento da tavolo con ingrandimento 3,5x Powerlux Eschenbach im Onlineshop | Gleichcom AG","description":"\u2705 Questa lente di lettura particolarmente maneggevole e robusta \u00e8 comodamente a portata di mano ed \u00e8 quindi adatta anche per un uso prolungato. Illuminazione assolutamente priva di abbagliamento e uniforme grazie ai colori della luce bianco freddo o bianco caldo. Con spegnimento automatico integrato dopo 30 minuti.","robots":{"index":"noindex","follow":"follow","max-snippet":"max-snippet:-1","max-image-preview":"max-image-preview:large","max-video-preview":"max-video-preview:-1"},"og_locale":"it_IT","og_type":"article","og_title":"Lente di ingrandimento manuale\u00a0 Lente di ingrandimento da tavolo con ingrandimento 3,5x Powerlux Eschenbach im Onlineshop | Gleichcom AG","og_description":"\u2705 Questa lente di lettura particolarmente maneggevole e robusta \u00e8 comodamente a portata di mano ed \u00e8 quindi adatta anche per un uso prolungato. Illuminazione assolutamente priva di abbagliamento e uniforme grazie ai colori della luce bianco freddo o bianco caldo. Con spegnimento automatico integrato dopo 30 minuti.","og_url":"https:\/\/www.gleichcom.samuraidev.ch\/it\/shop\/handlupe-standlupe-powerlux-3-5x-kaltweisses-licht-eschenbach\/","og_site_name":"Gleichcom AG","article_publisher":"https:\/\/www.facebook.com\/profile.php?id=100068749126981","og_image":[{"width":500,"height":404,"url":"https:\/\/www.gleichcom.samuraidev.ch\/wp-content\/uploads\/2023\/09\/HandlupeVergrerungPowerluxEschenbach.jpg","type":"image\/jpeg"}],"twitter_card":"summary_large_image","schema":{"@context":"https:\/\/schema.org","@graph":[{"@type":"WebPage","@id":"https:\/\/www.gleichcom.samuraidev.ch\/it\/shop\/handlupe-standlupe-powerlux-3-5x-kaltweisses-licht-eschenbach\/","url":"https:\/\/www.gleichcom.samuraidev.ch\/it\/shop\/handlupe-standlupe-powerlux-3-5x-kaltweisses-licht-eschenbach\/","name":"Lente di ingrandimento manuale\u00a0 Lente di ingrandimento da tavolo con ingrandimento 3,5x Powerlux Eschenbach im Onlineshop | Gleichcom AG","isPartOf":{"@id":"https:\/\/www.gleichcom.samuraidev.ch\/it\/#website"},"primaryImageOfPage":{"@id":"https:\/\/www.gleichcom.samuraidev.ch\/it\/shop\/handlupe-standlupe-powerlux-3-5x-kaltweisses-licht-eschenbach\/#primaryimage"},"image":{"@id":"https:\/\/www.gleichcom.samuraidev.ch\/it\/shop\/handlupe-standlupe-powerlux-3-5x-kaltweisses-licht-eschenbach\/#primaryimage"},"thumbnailUrl":"https:\/\/www.gleichcom.samuraidev.ch\/wp-content\/uploads\/2023\/09\/HandlupeVergrerungPowerluxEschenbach.jpg","datePublished":"2018-09-01T19:42:37+00:00","description":"\u2705 Questa lente di lettura particolarmente maneggevole e robusta \u00e8 comodamente a portata di mano ed \u00e8 quindi adatta anche per un uso prolungato. Illuminazione assolutamente priva di abbagliamento e uniforme grazie ai colori della luce bianco freddo o bianco caldo. Con spegnimento automatico integrato dopo 30 minuti.","breadcrumb":{"@id":"https:\/\/www.gleichcom.samuraidev.ch\/it\/shop\/handlupe-standlupe-powerlux-3-5x-kaltweisses-licht-eschenbach\/#breadcrumb"},"inLanguage":"it-IT","potentialAction":[{"@type":"ReadAction","target":["https:\/\/www.gleichcom.samuraidev.ch\/it\/shop\/handlupe-standlupe-powerlux-3-5x-kaltweisses-licht-eschenbach\/"]}]},{"@type":"ImageObject","inLanguage":"it-IT","@id":"https:\/\/www.gleichcom.samuraidev.ch\/it\/shop\/handlupe-standlupe-powerlux-3-5x-kaltweisses-licht-eschenbach\/#primaryimage","url":"https:\/\/www.gleichcom.samuraidev.ch\/wp-content\/uploads\/2023\/09\/HandlupeVergrerungPowerluxEschenbach.jpg","contentUrl":"https:\/\/www.gleichcom.samuraidev.ch\/wp-content\/uploads\/2023\/09\/HandlupeVergrerungPowerluxEschenbach.jpg","width":500,"height":404},{"@type":"BreadcrumbList","@id":"https:\/\/www.gleichcom.samuraidev.ch\/it\/shop\/handlupe-standlupe-powerlux-3-5x-kaltweisses-licht-eschenbach\/#breadcrumb","itemListElement":[{"@type":"ListItem","position":1,"name":"Startseite","item":"https:\/\/www.gleichcom.samuraidev.ch\/it\/"},{"@type":"ListItem","position":2,"name":"Shop","item":"https:\/\/www.gleichcom.samuraidev.ch\/it\/shop\/"},{"@type":"ListItem","position":3,"name":"Lente di ingrandimento manuale\u00a0 Lente di ingrandimento da tavolo con ingrandimento 3,5x Powerlux Eschenbach"}]},{"@type":"WebSite","@id":"https:\/\/www.gleichcom.samuraidev.ch\/it\/#website","url":"https:\/\/www.gleichcom.samuraidev.ch\/it\/","name":"Gleichcom AG","description":"besser h\u00f6ren. besser sehen. besser leben.","publisher":{"@id":"https:\/\/www.gleichcom.samuraidev.ch\/it\/#organization"},"alternateName":"Gleichcom","potentialAction":[{"@type":"SearchAction","target":{"@type":"EntryPoint","urlTemplate":"https:\/\/www.gleichcom.samuraidev.ch\/it\/?s={search_term_string}"},"query-input":{"@type":"PropertyValueSpecification","valueRequired":true,"valueName":"search_term_string"}}],"inLanguage":"it-IT"},{"@type":"Organization","@id":"https:\/\/www.gleichcom.samuraidev.ch\/it\/#organization","name":"Gleichcom AG","alternateName":"Gleichcom","url":"https:\/\/www.gleichcom.samuraidev.ch\/it\/","logo":{"@type":"ImageObject","inLanguage":"it-IT","@id":"https:\/\/www.gleichcom.samuraidev.ch\/it\/#\/schema\/logo\/image\/","url":"https:\/\/www.gleichcom.samuraidev.ch\/wp-content\/uploads\/2023\/09\/gleichcom-ag-logo-quadrat-farbig-mitte@696.png","contentUrl":"https:\/\/www.gleichcom.samuraidev.ch\/wp-content\/uploads\/2023\/09\/gleichcom-ag-logo-quadrat-farbig-mitte@696.png","width":437,"height":437,"caption":"Gleichcom AG"},"image":{"@id":"https:\/\/www.gleichcom.samuraidev.ch\/it\/#\/schema\/logo\/image\/"},"sameAs":["https:\/\/www.facebook.com\/profile.php?id=100068749126981"]}]}},"uagb_featured_image_src":{"full":["https:\/\/www.gleichcom.samuraidev.ch\/wp-content\/uploads\/2023\/09\/HandlupeVergrerungPowerluxEschenbach.jpg",500,404,false],"thumbnail":["https:\/\/www.gleichcom.samuraidev.ch\/wp-content\/uploads\/2023\/09\/HandlupeVergrerungPowerluxEschenbach.jpg",150,121,false],"medium":["https:\/\/www.gleichcom.samuraidev.ch\/wp-content\/uploads\/2023\/09\/HandlupeVergrerungPowerluxEschenbach.jpg",300,242,false],"medium_large":["https:\/\/www.gleichcom.samuraidev.ch\/wp-content\/uploads\/2023\/09\/HandlupeVergrerungPowerluxEschenbach.jpg",500,404,false],"large":["https:\/\/www.gleichcom.samuraidev.ch\/wp-content\/uploads\/2023\/09\/HandlupeVergrerungPowerluxEschenbach.jpg",500,404,false],"1536x1536":["https:\/\/www.gleichcom.samuraidev.ch\/wp-content\/uploads\/2023\/09\/HandlupeVergrerungPowerluxEschenbach.jpg",500,404,false],"2048x2048":["https:\/\/www.gleichcom.samuraidev.ch\/wp-content\/uploads\/2023\/09\/HandlupeVergrerungPowerluxEschenbach.jpg",500,404,false],"woocommerce_thumbnail":["https:\/\/www.gleichcom.samuraidev.ch\/wp-content\/uploads\/2023\/09\/HandlupeVergrerungPowerluxEschenbach.jpg",300,242,false],"woocommerce_single":["https:\/\/www.gleichcom.samuraidev.ch\/wp-content\/uploads\/2023\/09\/HandlupeVergrerungPowerluxEschenbach.jpg",500,404,false],"woocommerce_gallery_thumbnail":["https:\/\/www.gleichcom.samuraidev.ch\/wp-content\/uploads\/2023\/09\/HandlupeVergrerungPowerluxEschenbach-100x100.jpg",100,100,true]},"uagb_author_info":{"display_name":"","author_link":"https:\/\/www.gleichcom.samuraidev.ch\/it\/author\/"},"uagb_comment_info":0,"uagb_excerpt":"Questa lente di lettura particolarmente maneggevole e robusta \u00e8 comodamente a portata di mano ed \u00e8 quindi adatta anche per un uso prolungato. Illuminazione assolutamente priva di abbagliamento e uniforme grazie ai colori della luce bianco freddo o bianco caldo. Con spegnimento automatico integrato dopo 30 minuti.","_links":{"self":[{"href":"https:\/\/www.gleichcom.samuraidev.ch\/it\/wp-json\/wp\/v2\/product\/20324","targetHints":{"allow":["GET"]}}],"collection":[{"href":"https:\/\/www.gleichcom.samuraidev.ch\/it\/wp-json\/wp\/v2\/product"}],"about":[{"href":"https:\/\/www.gleichcom.samuraidev.ch\/it\/wp-json\/wp\/v2\/types\/product"}],"wp:featuredmedia":[{"embeddable":true,"href":"https:\/\/www.gleichcom.samuraidev.ch\/it\/wp-json\/wp\/v2\/media\/20318"}],"wp:attachment":[{"href":"https:\/\/www.gleichcom.samuraidev.ch\/it\/wp-json\/wp\/v2\/media?parent=20324"}],"wp:term":[{"taxonomy":"product_brand","embeddable":true,"href":"https:\/\/www.gleichcom.samuraidev.ch\/it\/wp-json\/wp\/v2\/product_brand?post=20324"},{"taxonomy":"product_cat","embeddable":true,"href":"https:\/\/www.gleichcom.samuraidev.ch\/it\/wp-json\/wp\/v2\/product_cat?post=20324"},{"taxonomy":"product_tag","embeddable":true,"href":"https:\/\/www.gleichcom.samuraidev.ch\/it\/wp-json\/wp\/v2\/product_tag?post=20324"}],"curies":[{"name":"wp","href":"https:\/\/api.w.org\/{rel}","templated":true}]}}