{"id":20342,"date":"2018-09-20T13:56:13","date_gmt":"2018-09-20T11:56:13","guid":{"rendered":"https:\/\/www.gleichcom.samuraidev.ch\/?product=geemarc-tastatur-mit-grossen-tasten"},"modified":"1000-01-01T00:00:00","modified_gmt":"1000-01-01T00:00:00","slug":"geemarc-tastatur-mit-grossen-tasten","status":"publish","type":"product","link":"https:\/\/www.gleichcom.samuraidev.ch\/it\/shop\/geemarc-tastatur-mit-grossen-tasten\/","title":{"rendered":"Tastiera Geemarc con grandi tasti"},"content":{"rendered":"<h2><strong>Tastiera Geemarc con grandi tasti<\/strong><\/h2>\n<p>Scrittura extra large<br \/>\nLa tastiera Geemarc \u00e8 dotata di scritte particolarmente grandi e in grassetto. Le singole lettere vengono stampate sull&#8217;intera chiave. In questo modo ogni lettera pu\u00f2 essere riconosciuta in modo ottimale. La tastiera \u00e8 dotata di una protezione antiabrasione di alta qualit\u00e0 per garantire che i caratteri rimangano intatti anche dopo un uso prolungato.<\/p>\n<p>Contrasto molto alto<br \/>\nGrazie alla particolare colorazione (giallo\/nero) la tastiera \u00e8 particolarmente ricca di contrasto. Questo contrasto chiaro-scuro permette ai contorni dei numeri di risaltare in modo netto e chiaro. Ideale per persone con basso contrasto.<\/p>\n<p>Semplice connessione USB<br \/>\n\u00c8 sufficiente collegarlo al PC utilizzando il cavo USB in dotazione ed \u00e8 pronto all&#8217;uso. La tastiera pu\u00f2 essere utilizzata per diversi programmi Windows e non richiede alcun software di installazione.<\/p>\n<p>In sintesi<\/p>\n<p>\u00a0\u00a0\u00a0 Scrittura extra large della tastiera<br \/>\n\u00a0\u00a0\u00a0 Design a colori ad alto contrasto (nero\/giallo)<br \/>\n\u00a0\u00a0\u00a0 Speciale protezione dall&#8217;abrasione per una lunga durata dei caratteri<br \/>\n\u00a0\u00a0\u00a0 Collegamento tramite cavo USB<br \/>\n\u00a0\u00a0\u00a0 Dimensione bottone 1,3 cm x 1,4 cm<br \/>\n\u00a0\u00a0\u00a0 Dimensione carattere: 1 cm<br \/>\n\u00a0\u00a0\u00a0 Compatibile con: Windows 7, Windows 8, Windows Vista, Windows XP, Windows 10, Windows 7, Windows 8, Windows Vista, Windows XP, Windows 10<\/p>\n<p>Dotazione di fornitura<\/p>\n<p>\u00a0\u00a0\u00a0 1 x Tastiera a grandi caratteri Geemarc\u00a0<\/p>\n","protected":false},"excerpt":{"rendered":"<p>Scrittura extra large<br \/>\nLa tastiera Geemarc \u00e8 dotata di scritte particolarmente grandi e in grassetto. Le singole lettere vengono stampate sull&#8217;intera chiave. In questo modo ogni lettera pu\u00f2 essere riconosciuta in modo ottimale. La tastiera \u00e8 dotata di una protezione antiabrasione di alta qualit\u00e0 per garantire che i caratteri rimangano intatti anche dopo un uso prolungato.<\/p>\n","protected":false},"featured_media":20330,"template":"","meta":{"inline_featured_image":false,"_uag_custom_page_level_css":"","site-sidebar-layout":"default","site-content-layout":"","ast-site-content-layout":"default","site-content-style":"default","site-sidebar-style":"default","ast-global-header-display":"","ast-banner-title-visibility":"","ast-main-header-display":"","ast-hfb-above-header-display":"","ast-hfb-below-header-display":"","ast-hfb-mobile-header-display":"","site-post-title":"","ast-breadcrumbs-content":"","ast-featured-img":"","footer-sml-layout":"","ast-disable-related-posts":"","theme-transparent-header-meta":"","adv-header-id-meta":"","stick-header-meta":"","header-above-stick-meta":"","header-main-stick-meta":"","header-below-stick-meta":"","astra-migrate-meta-layouts":"default","ast-page-background-enabled":"default","ast-page-background-meta":{"desktop":{"background-color":"","background-image":"","background-repeat":"repeat","background-position":"center center","background-size":"auto","background-attachment":"scroll","background-type":"","background-media":"","overlay-type":"","overlay-color":"","overlay-opacity":"","overlay-gradient":""},"tablet":{"background-color":"","background-image":"","background-repeat":"repeat","background-position":"center center","background-size":"auto","background-attachment":"scroll","background-type":"","background-media":"","overlay-type":"","overlay-color":"","overlay-opacity":"","overlay-gradient":""},"mobile":{"background-color":"","background-image":"","background-repeat":"repeat","background-position":"center center","background-size":"auto","background-attachment":"scroll","background-type":"","background-media":"","overlay-type":"","overlay-color":"","overlay-opacity":"","overlay-gradient":""}},"ast-content-background-meta":{"desktop":{"background-color":"var(--ast-global-color-5)","background-image":"","background-repeat":"repeat","background-position":"center center","background-size":"auto","background-attachment":"scroll","background-type":"","background-media":"","overlay-type":"","overlay-color":"","overlay-opacity":"","overlay-gradient":""},"tablet":{"background-color":"var(--ast-global-color-5)","background-image":"","background-repeat":"repeat","background-position":"center center","background-size":"auto","background-attachment":"scroll","background-type":"","background-media":"","overlay-type":"","overlay-color":"","overlay-opacity":"","overlay-gradient":""},"mobile":{"background-color":"var(--ast-global-color-5)","background-image":"","background-repeat":"repeat","background-position":"center center","background-size":"auto","background-attachment":"scroll","background-type":"","background-media":"","overlay-type":"","overlay-color":"","overlay-opacity":"","overlay-gradient":""}}},"product_brand":[],"product_cat":[1776],"product_tag":[],"class_list":{"0":"post-20342","1":"product","2":"type-product","3":"status-publish","4":"has-post-thumbnail","6":"product_cat-unkategorisiert","7":"desktop-align-center","8":"tablet-align-center","9":"mobile-align-center","10":"ast-product-gallery-layout-horizontal-slider","11":"ast-product-single-variable","12":"ast-product-tabs-layout-accordion","14":"first","15":"outofstock","16":"taxable","17":"shipping-taxable","18":"purchasable","19":"product-type-variable"},"yoast_head":"<!-- This site is optimized with the Yoast SEO plugin v27.6 - https:\/\/yoast.com\/product\/yoast-seo-wordpress\/ -->\n<title>Tastiera Geemarc con grandi tasti im Onlineshop | Gleichcom AG<\/title>\n<meta name=\"description\" content=\"\u2705 Scrittura extra large La tastiera Geemarc \u00e8 dotata di scritte particolarmente grandi e in grassetto. Le singole lettere vengono stampate sull&#039;intera chiave. In questo modo ogni lettera pu\u00f2 essere riconosciuta in modo ottimale. La tastiera \u00e8 dotata di una protezione antiabrasione di alta qualit\u00e0 per garantire che i caratteri rimangano intatti anche dopo un uso prolungato.\" \/>\n<meta name=\"robots\" content=\"noindex, follow, max-snippet:-1, max-image-preview:large, max-video-preview:-1\" \/>\n<meta property=\"og:locale\" content=\"it_IT\" \/>\n<meta property=\"og:type\" content=\"article\" \/>\n<meta property=\"og:title\" content=\"Tastiera Geemarc con grandi tasti im Onlineshop | Gleichcom AG\" \/>\n<meta property=\"og:description\" content=\"\u2705 Scrittura extra large La tastiera Geemarc \u00e8 dotata di scritte particolarmente grandi e in grassetto. Le singole lettere vengono stampate sull&#039;intera chiave. In questo modo ogni lettera pu\u00f2 essere riconosciuta in modo ottimale. La tastiera \u00e8 dotata di una protezione antiabrasione di alta qualit\u00e0 per garantire che i caratteri rimangano intatti anche dopo un uso prolungato.\" \/>\n<meta property=\"og:url\" content=\"https:\/\/www.gleichcom.samuraidev.ch\/it\/shop\/geemarc-tastatur-mit-grossen-tasten\/\" \/>\n<meta property=\"og:site_name\" content=\"Gleichcom AG\" \/>\n<meta property=\"article:publisher\" content=\"https:\/\/www.facebook.com\/profile.php?id=100068749126981\" \/>\n<meta property=\"og:image\" content=\"https:\/\/www.gleichcom.samuraidev.ch\/wp-content\/uploads\/2023\/09\/Tastatur_Gelb_Schwarz.png\" \/>\n\t<meta property=\"og:image:width\" content=\"345\" \/>\n\t<meta property=\"og:image:height\" content=\"500\" \/>\n\t<meta property=\"og:image:type\" content=\"image\/png\" \/>\n<meta name=\"twitter:card\" content=\"summary_large_image\" \/>\n<script type=\"application\/ld+json\" class=\"yoast-schema-graph\">{\"@context\":\"https:\\\/\\\/schema.org\",\"@graph\":[{\"@type\":\"WebPage\",\"@id\":\"https:\\\/\\\/www.gleichcom.samuraidev.ch\\\/it\\\/shop\\\/geemarc-tastatur-mit-grossen-tasten\\\/\",\"url\":\"https:\\\/\\\/www.gleichcom.samuraidev.ch\\\/it\\\/shop\\\/geemarc-tastatur-mit-grossen-tasten\\\/\",\"name\":\"Tastiera Geemarc con grandi tasti im Onlineshop | Gleichcom AG\",\"isPartOf\":{\"@id\":\"https:\\\/\\\/www.gleichcom.samuraidev.ch\\\/it\\\/#website\"},\"primaryImageOfPage\":{\"@id\":\"https:\\\/\\\/www.gleichcom.samuraidev.ch\\\/it\\\/shop\\\/geemarc-tastatur-mit-grossen-tasten\\\/#primaryimage\"},\"image\":{\"@id\":\"https:\\\/\\\/www.gleichcom.samuraidev.ch\\\/it\\\/shop\\\/geemarc-tastatur-mit-grossen-tasten\\\/#primaryimage\"},\"thumbnailUrl\":\"https:\\\/\\\/www.gleichcom.samuraidev.ch\\\/wp-content\\\/uploads\\\/2023\\\/09\\\/Tastatur_Gelb_Schwarz.png\",\"datePublished\":\"2018-09-20T11:56:13+00:00\",\"description\":\"\u2705 Scrittura extra large La tastiera Geemarc \u00e8 dotata di scritte particolarmente grandi e in grassetto. Le singole lettere vengono stampate sull'intera chiave. In questo modo ogni lettera pu\u00f2 essere riconosciuta in modo ottimale. La tastiera \u00e8 dotata di una protezione antiabrasione di alta qualit\u00e0 per garantire che i caratteri rimangano intatti anche dopo un uso prolungato.\",\"breadcrumb\":{\"@id\":\"https:\\\/\\\/www.gleichcom.samuraidev.ch\\\/it\\\/shop\\\/geemarc-tastatur-mit-grossen-tasten\\\/#breadcrumb\"},\"inLanguage\":\"it-IT\",\"potentialAction\":[{\"@type\":\"ReadAction\",\"target\":[\"https:\\\/\\\/www.gleichcom.samuraidev.ch\\\/it\\\/shop\\\/geemarc-tastatur-mit-grossen-tasten\\\/\"]}]},{\"@type\":\"ImageObject\",\"inLanguage\":\"it-IT\",\"@id\":\"https:\\\/\\\/www.gleichcom.samuraidev.ch\\\/it\\\/shop\\\/geemarc-tastatur-mit-grossen-tasten\\\/#primaryimage\",\"url\":\"https:\\\/\\\/www.gleichcom.samuraidev.ch\\\/wp-content\\\/uploads\\\/2023\\\/09\\\/Tastatur_Gelb_Schwarz.png\",\"contentUrl\":\"https:\\\/\\\/www.gleichcom.samuraidev.ch\\\/wp-content\\\/uploads\\\/2023\\\/09\\\/Tastatur_Gelb_Schwarz.png\",\"width\":345,\"height\":500},{\"@type\":\"BreadcrumbList\",\"@id\":\"https:\\\/\\\/www.gleichcom.samuraidev.ch\\\/it\\\/shop\\\/geemarc-tastatur-mit-grossen-tasten\\\/#breadcrumb\",\"itemListElement\":[{\"@type\":\"ListItem\",\"position\":1,\"name\":\"Startseite\",\"item\":\"https:\\\/\\\/www.gleichcom.samuraidev.ch\\\/it\\\/\"},{\"@type\":\"ListItem\",\"position\":2,\"name\":\"Shop\",\"item\":\"https:\\\/\\\/www.gleichcom.samuraidev.ch\\\/it\\\/shop\\\/\"},{\"@type\":\"ListItem\",\"position\":3,\"name\":\"Tastiera Geemarc con grandi tasti\"}]},{\"@type\":\"WebSite\",\"@id\":\"https:\\\/\\\/www.gleichcom.samuraidev.ch\\\/it\\\/#website\",\"url\":\"https:\\\/\\\/www.gleichcom.samuraidev.ch\\\/it\\\/\",\"name\":\"Gleichcom AG\",\"description\":\"besser h\u00f6ren. besser sehen. besser leben.\",\"publisher\":{\"@id\":\"https:\\\/\\\/www.gleichcom.samuraidev.ch\\\/it\\\/#organization\"},\"alternateName\":\"Gleichcom\",\"potentialAction\":[{\"@type\":\"SearchAction\",\"target\":{\"@type\":\"EntryPoint\",\"urlTemplate\":\"https:\\\/\\\/www.gleichcom.samuraidev.ch\\\/it\\\/?s={search_term_string}\"},\"query-input\":{\"@type\":\"PropertyValueSpecification\",\"valueRequired\":true,\"valueName\":\"search_term_string\"}}],\"inLanguage\":\"it-IT\"},{\"@type\":\"Organization\",\"@id\":\"https:\\\/\\\/www.gleichcom.samuraidev.ch\\\/it\\\/#organization\",\"name\":\"Gleichcom AG\",\"alternateName\":\"Gleichcom\",\"url\":\"https:\\\/\\\/www.gleichcom.samuraidev.ch\\\/it\\\/\",\"logo\":{\"@type\":\"ImageObject\",\"inLanguage\":\"it-IT\",\"@id\":\"https:\\\/\\\/www.gleichcom.samuraidev.ch\\\/it\\\/#\\\/schema\\\/logo\\\/image\\\/\",\"url\":\"https:\\\/\\\/www.gleichcom.samuraidev.ch\\\/wp-content\\\/uploads\\\/2023\\\/09\\\/gleichcom-ag-logo-quadrat-farbig-mitte@696.png\",\"contentUrl\":\"https:\\\/\\\/www.gleichcom.samuraidev.ch\\\/wp-content\\\/uploads\\\/2023\\\/09\\\/gleichcom-ag-logo-quadrat-farbig-mitte@696.png\",\"width\":437,\"height\":437,\"caption\":\"Gleichcom AG\"},\"image\":{\"@id\":\"https:\\\/\\\/www.gleichcom.samuraidev.ch\\\/it\\\/#\\\/schema\\\/logo\\\/image\\\/\"},\"sameAs\":[\"https:\\\/\\\/www.facebook.com\\\/profile.php?id=100068749126981\"]}]}<\/script>\n<!-- \/ Yoast SEO plugin. -->","yoast_head_json":{"title":"Tastiera Geemarc con grandi tasti im Onlineshop | Gleichcom AG","description":"\u2705 Scrittura extra large La tastiera Geemarc \u00e8 dotata di scritte particolarmente grandi e in grassetto. Le singole lettere vengono stampate sull'intera chiave. In questo modo ogni lettera pu\u00f2 essere riconosciuta in modo ottimale. La tastiera \u00e8 dotata di una protezione antiabrasione di alta qualit\u00e0 per garantire che i caratteri rimangano intatti anche dopo un uso prolungato.","robots":{"index":"noindex","follow":"follow","max-snippet":"max-snippet:-1","max-image-preview":"max-image-preview:large","max-video-preview":"max-video-preview:-1"},"og_locale":"it_IT","og_type":"article","og_title":"Tastiera Geemarc con grandi tasti im Onlineshop | Gleichcom AG","og_description":"\u2705 Scrittura extra large La tastiera Geemarc \u00e8 dotata di scritte particolarmente grandi e in grassetto. Le singole lettere vengono stampate sull'intera chiave. In questo modo ogni lettera pu\u00f2 essere riconosciuta in modo ottimale. La tastiera \u00e8 dotata di una protezione antiabrasione di alta qualit\u00e0 per garantire che i caratteri rimangano intatti anche dopo un uso prolungato.","og_url":"https:\/\/www.gleichcom.samuraidev.ch\/it\/shop\/geemarc-tastatur-mit-grossen-tasten\/","og_site_name":"Gleichcom AG","article_publisher":"https:\/\/www.facebook.com\/profile.php?id=100068749126981","og_image":[{"width":345,"height":500,"url":"https:\/\/www.gleichcom.samuraidev.ch\/wp-content\/uploads\/2023\/09\/Tastatur_Gelb_Schwarz.png","type":"image\/png"}],"twitter_card":"summary_large_image","schema":{"@context":"https:\/\/schema.org","@graph":[{"@type":"WebPage","@id":"https:\/\/www.gleichcom.samuraidev.ch\/it\/shop\/geemarc-tastatur-mit-grossen-tasten\/","url":"https:\/\/www.gleichcom.samuraidev.ch\/it\/shop\/geemarc-tastatur-mit-grossen-tasten\/","name":"Tastiera Geemarc con grandi tasti im Onlineshop | Gleichcom AG","isPartOf":{"@id":"https:\/\/www.gleichcom.samuraidev.ch\/it\/#website"},"primaryImageOfPage":{"@id":"https:\/\/www.gleichcom.samuraidev.ch\/it\/shop\/geemarc-tastatur-mit-grossen-tasten\/#primaryimage"},"image":{"@id":"https:\/\/www.gleichcom.samuraidev.ch\/it\/shop\/geemarc-tastatur-mit-grossen-tasten\/#primaryimage"},"thumbnailUrl":"https:\/\/www.gleichcom.samuraidev.ch\/wp-content\/uploads\/2023\/09\/Tastatur_Gelb_Schwarz.png","datePublished":"2018-09-20T11:56:13+00:00","description":"\u2705 Scrittura extra large La tastiera Geemarc \u00e8 dotata di scritte particolarmente grandi e in grassetto. Le singole lettere vengono stampate sull'intera chiave. In questo modo ogni lettera pu\u00f2 essere riconosciuta in modo ottimale. La tastiera \u00e8 dotata di una protezione antiabrasione di alta qualit\u00e0 per garantire che i caratteri rimangano intatti anche dopo un uso prolungato.","breadcrumb":{"@id":"https:\/\/www.gleichcom.samuraidev.ch\/it\/shop\/geemarc-tastatur-mit-grossen-tasten\/#breadcrumb"},"inLanguage":"it-IT","potentialAction":[{"@type":"ReadAction","target":["https:\/\/www.gleichcom.samuraidev.ch\/it\/shop\/geemarc-tastatur-mit-grossen-tasten\/"]}]},{"@type":"ImageObject","inLanguage":"it-IT","@id":"https:\/\/www.gleichcom.samuraidev.ch\/it\/shop\/geemarc-tastatur-mit-grossen-tasten\/#primaryimage","url":"https:\/\/www.gleichcom.samuraidev.ch\/wp-content\/uploads\/2023\/09\/Tastatur_Gelb_Schwarz.png","contentUrl":"https:\/\/www.gleichcom.samuraidev.ch\/wp-content\/uploads\/2023\/09\/Tastatur_Gelb_Schwarz.png","width":345,"height":500},{"@type":"BreadcrumbList","@id":"https:\/\/www.gleichcom.samuraidev.ch\/it\/shop\/geemarc-tastatur-mit-grossen-tasten\/#breadcrumb","itemListElement":[{"@type":"ListItem","position":1,"name":"Startseite","item":"https:\/\/www.gleichcom.samuraidev.ch\/it\/"},{"@type":"ListItem","position":2,"name":"Shop","item":"https:\/\/www.gleichcom.samuraidev.ch\/it\/shop\/"},{"@type":"ListItem","position":3,"name":"Tastiera Geemarc con grandi tasti"}]},{"@type":"WebSite","@id":"https:\/\/www.gleichcom.samuraidev.ch\/it\/#website","url":"https:\/\/www.gleichcom.samuraidev.ch\/it\/","name":"Gleichcom AG","description":"besser h\u00f6ren. besser sehen. besser leben.","publisher":{"@id":"https:\/\/www.gleichcom.samuraidev.ch\/it\/#organization"},"alternateName":"Gleichcom","potentialAction":[{"@type":"SearchAction","target":{"@type":"EntryPoint","urlTemplate":"https:\/\/www.gleichcom.samuraidev.ch\/it\/?s={search_term_string}"},"query-input":{"@type":"PropertyValueSpecification","valueRequired":true,"valueName":"search_term_string"}}],"inLanguage":"it-IT"},{"@type":"Organization","@id":"https:\/\/www.gleichcom.samuraidev.ch\/it\/#organization","name":"Gleichcom AG","alternateName":"Gleichcom","url":"https:\/\/www.gleichcom.samuraidev.ch\/it\/","logo":{"@type":"ImageObject","inLanguage":"it-IT","@id":"https:\/\/www.gleichcom.samuraidev.ch\/it\/#\/schema\/logo\/image\/","url":"https:\/\/www.gleichcom.samuraidev.ch\/wp-content\/uploads\/2023\/09\/gleichcom-ag-logo-quadrat-farbig-mitte@696.png","contentUrl":"https:\/\/www.gleichcom.samuraidev.ch\/wp-content\/uploads\/2023\/09\/gleichcom-ag-logo-quadrat-farbig-mitte@696.png","width":437,"height":437,"caption":"Gleichcom AG"},"image":{"@id":"https:\/\/www.gleichcom.samuraidev.ch\/it\/#\/schema\/logo\/image\/"},"sameAs":["https:\/\/www.facebook.com\/profile.php?id=100068749126981"]}]}},"uagb_featured_image_src":{"full":["https:\/\/www.gleichcom.samuraidev.ch\/wp-content\/uploads\/2023\/09\/Tastatur_Gelb_Schwarz.png",345,500,false],"thumbnail":["https:\/\/www.gleichcom.samuraidev.ch\/wp-content\/uploads\/2023\/09\/Tastatur_Gelb_Schwarz.png",104,150,false],"medium":["https:\/\/www.gleichcom.samuraidev.ch\/wp-content\/uploads\/2023\/09\/Tastatur_Gelb_Schwarz.png",207,300,false],"medium_large":["https:\/\/www.gleichcom.samuraidev.ch\/wp-content\/uploads\/2023\/09\/Tastatur_Gelb_Schwarz.png",345,500,false],"large":["https:\/\/www.gleichcom.samuraidev.ch\/wp-content\/uploads\/2023\/09\/Tastatur_Gelb_Schwarz.png",345,500,false],"1536x1536":["https:\/\/www.gleichcom.samuraidev.ch\/wp-content\/uploads\/2023\/09\/Tastatur_Gelb_Schwarz.png",345,500,false],"2048x2048":["https:\/\/www.gleichcom.samuraidev.ch\/wp-content\/uploads\/2023\/09\/Tastatur_Gelb_Schwarz.png",345,500,false],"woocommerce_thumbnail":["https:\/\/www.gleichcom.samuraidev.ch\/wp-content\/uploads\/2023\/09\/Tastatur_Gelb_Schwarz.png",300,435,false],"woocommerce_single":["https:\/\/www.gleichcom.samuraidev.ch\/wp-content\/uploads\/2023\/09\/Tastatur_Gelb_Schwarz.png",345,500,false],"woocommerce_gallery_thumbnail":["https:\/\/www.gleichcom.samuraidev.ch\/wp-content\/uploads\/2023\/09\/Tastatur_Gelb_Schwarz-100x100.png",100,100,true]},"uagb_author_info":{"display_name":"","author_link":"https:\/\/www.gleichcom.samuraidev.ch\/it\/author\/"},"uagb_comment_info":0,"uagb_excerpt":"Scrittura extra large La tastiera Geemarc \u00e8 dotata di scritte particolarmente grandi e in grassetto. Le singole lettere vengono stampate sull'intera chiave. In questo modo ogni lettera pu\u00f2 essere riconosciuta in modo ottimale. La tastiera \u00e8 dotata di una protezione antiabrasione di alta qualit\u00e0 per garantire che i caratteri rimangano intatti anche dopo un uso&hellip;","_links":{"self":[{"href":"https:\/\/www.gleichcom.samuraidev.ch\/it\/wp-json\/wp\/v2\/product\/20342","targetHints":{"allow":["GET"]}}],"collection":[{"href":"https:\/\/www.gleichcom.samuraidev.ch\/it\/wp-json\/wp\/v2\/product"}],"about":[{"href":"https:\/\/www.gleichcom.samuraidev.ch\/it\/wp-json\/wp\/v2\/types\/product"}],"wp:featuredmedia":[{"embeddable":true,"href":"https:\/\/www.gleichcom.samuraidev.ch\/it\/wp-json\/wp\/v2\/media\/20330"}],"wp:attachment":[{"href":"https:\/\/www.gleichcom.samuraidev.ch\/it\/wp-json\/wp\/v2\/media?parent=20342"}],"wp:term":[{"taxonomy":"product_brand","embeddable":true,"href":"https:\/\/www.gleichcom.samuraidev.ch\/it\/wp-json\/wp\/v2\/product_brand?post=20342"},{"taxonomy":"product_cat","embeddable":true,"href":"https:\/\/www.gleichcom.samuraidev.ch\/it\/wp-json\/wp\/v2\/product_cat?post=20342"},{"taxonomy":"product_tag","embeddable":true,"href":"https:\/\/www.gleichcom.samuraidev.ch\/it\/wp-json\/wp\/v2\/product_tag?post=20342"}],"curies":[{"name":"wp","href":"https:\/\/api.w.org\/{rel}","templated":true}]}}