{"id":21449,"date":"2019-01-31T11:33:10","date_gmt":"2019-01-31T11:33:10","guid":{"rendered":"https:\/\/www.gleichcom.samuraidev.ch\/?product=lesebrille-mit-nahbereich-vergroesserung-miniframe-bifo-gun-eschenbach"},"modified":"2023-12-11T11:27:19","modified_gmt":"2023-12-11T10:27:19","slug":"lesebrille-mit-nahbereich-vergroesserung-miniframe-bifo-gun-eschenbach","status":"publish","type":"product","link":"https:\/\/www.gleichcom.samuraidev.ch\/it\/shop\/lesebrille-mit-nahbereich-vergroesserung-miniframe-bifo-gun-eschenbach\/","title":{"rendered":"Lesebrille mit Nahbereich-Vergr\u00f6\u00dferung Miniframe Bifo Gun Eschenbach"},"content":{"rendered":"<div>\n\t<strong><span style=\"font-size:16px;\">Lesebrille mit Nahbereich-Vergr\u00f6\u00dferung Miniframe Bifo Gun Eschenbach<\/span><\/strong><br \/>\n\t\u00a0<br \/>\n\t<strong>Spezielle Brillengl\u00e4ser f\u00fcr entspanntes beidseitiges Sehen<\/strong><br \/>\n\tDie Lesebrille Miniframe Bifo \u00fcberzeugt nicht nur mit ihrer hohen Qualit\u00e4t, sondern auch mit den zwei Bereichen des Sehens: Ein extra integrierter Nahteil erleichtert Ihnen das Lesen von Kleingedrucktem. Besonders wenn Sie spezielle Hobbies haben, in denen Sie besonders kleine Details erkennen m\u00fcssen, ist das nun kein Problem mehr! Gleichzeitig k\u00f6nnen Sie die Lesebrille zum Lesen von normaler Schriftgr\u00f6\u00dfe (+3 dpt) nutzen. So k\u00f6nnen Sie sich zun\u00e4chst auf dem Schriftst\u00fcck gut orientieren und sich anschlie\u00dfend auf kleinere Details konzentrieren.<br \/>\n\t\u00a0<br \/>\n\t<strong>Auf einen Blick<\/strong>\n<\/div>\n<ul>\n<li>\n<div>\n\t\tLesebrille mit +3,0 dpt\n\t<\/div>\n<\/li>\n<li>\n<div>\n\t\tSpeziell integrierter Nahteil in verschiedenen Dioptrienbereichen ausw\u00e4hlbar\n\t<\/div>\n<\/li>\n<li>\n<div>\n\t\tZus\u00e4tzlicher Nahteil mit den Wirkungen +4,5, +6,0 oder +7,5dpt\n\t<\/div>\n<\/li>\n<li>\n<div>\n\t\tBestens geeignet zum Lesen von Kleingedrucktem oder f\u00fcr Detailarbeiten\n\t<\/div>\n<\/li>\n<li>\n<div>\n\t\tHochwertige Verarbeitung gew\u00e4hrleistet einen hohen Tragekomfort\n\t<\/div>\n<\/li>\n<li>\n<div>\n\t\tPXM-Leichtlinse f\u00fcr randscharfe Abbildung\n\t<\/div>\n<\/li>\n<li>\n<div>\n\t\tZeitloses Design\n\t<\/div>\n<\/li>\n<li>\n<div>\n\t\tInklusive praktischem Etui\n\t<\/div>\n<\/li>\n<\/ul>\n<div>\n\t<strong>Lieferumfang<\/strong>\n<\/div>\n<ul>\n<li>\n<div>\n\t\t1 x Lesebrille Miniframe Bifo Gun\n\t<\/div>\n<\/li>\n<li>\n<div>\n\t\t1 x Etui\n\t<\/div>\n<\/li>\n<\/ul>\n","protected":false},"excerpt":{"rendered":"<p>\tSchlichte Lesebrille; spezielle Gl\u00e4ser gew\u00e4hrleisten einen scharfen Sichtbereich mit zus\u00e4tzlichem Nahteil, inklusive Etui.<\/p>\n","protected":false},"featured_media":21450,"template":"","meta":{"inline_featured_image":false,"_uag_custom_page_level_css":"","site-sidebar-layout":"default","site-content-layout":"","ast-site-content-layout":"default","site-content-style":"default","site-sidebar-style":"default","ast-global-header-display":"","ast-banner-title-visibility":"","ast-main-header-display":"","ast-hfb-above-header-display":"","ast-hfb-below-header-display":"","ast-hfb-mobile-header-display":"","site-post-title":"","ast-breadcrumbs-content":"","ast-featured-img":"","footer-sml-layout":"","ast-disable-related-posts":"","theme-transparent-header-meta":"","adv-header-id-meta":"","stick-header-meta":"","header-above-stick-meta":"","header-main-stick-meta":"","header-below-stick-meta":"","astra-migrate-meta-layouts":"default","ast-page-background-enabled":"default","ast-page-background-meta":{"desktop":{"background-color":"","background-image":"","background-repeat":"repeat","background-position":"center center","background-size":"auto","background-attachment":"scroll","background-type":"","background-media":"","overlay-type":"","overlay-color":"","overlay-opacity":"","overlay-gradient":""},"tablet":{"background-color":"","background-image":"","background-repeat":"repeat","background-position":"center center","background-size":"auto","background-attachment":"scroll","background-type":"","background-media":"","overlay-type":"","overlay-color":"","overlay-opacity":"","overlay-gradient":""},"mobile":{"background-color":"","background-image":"","background-repeat":"repeat","background-position":"center center","background-size":"auto","background-attachment":"scroll","background-type":"","background-media":"","overlay-type":"","overlay-color":"","overlay-opacity":"","overlay-gradient":""}},"ast-content-background-meta":{"desktop":{"background-color":"var(--ast-global-color-5)","background-image":"","background-repeat":"repeat","background-position":"center center","background-size":"auto","background-attachment":"scroll","background-type":"","background-media":"","overlay-type":"","overlay-color":"","overlay-opacity":"","overlay-gradient":""},"tablet":{"background-color":"var(--ast-global-color-5)","background-image":"","background-repeat":"repeat","background-position":"center center","background-size":"auto","background-attachment":"scroll","background-type":"","background-media":"","overlay-type":"","overlay-color":"","overlay-opacity":"","overlay-gradient":""},"mobile":{"background-color":"var(--ast-global-color-5)","background-image":"","background-repeat":"repeat","background-position":"center center","background-size":"auto","background-attachment":"scroll","background-type":"","background-media":"","overlay-type":"","overlay-color":"","overlay-opacity":"","overlay-gradient":""}}},"product_brand":[],"product_cat":[2848],"product_tag":[],"class_list":{"0":"post-21449","1":"product","2":"type-product","3":"status-publish","4":"has-post-thumbnail","6":"product_cat-lesebrillen","7":"desktop-align-center","8":"tablet-align-center","9":"mobile-align-center","10":"ast-product-gallery-layout-horizontal-slider","11":"ast-product-single-variable","12":"ast-product-tabs-layout-accordion","14":"first","15":"onbackorder","16":"taxable","17":"shipping-taxable","18":"purchasable","19":"product-type-variable"},"yoast_head":"<!-- This site is optimized with the Yoast SEO plugin v27.6 - https:\/\/yoast.com\/product\/yoast-seo-wordpress\/ -->\n<title>Lesebrille mit Nahbereich-Vergr\u00f6\u00dferung Miniframe Bifo Gun Eschenbach im Onlineshop | Gleichcom AG<\/title>\n<meta name=\"description\" content=\"\u2705 Schlichte Lesebrille; spezielle Gl\u00e4ser gew\u00e4hrleisten einen scharfen Sichtbereich mit zus\u00e4tzlichem Nahteil, inklusive Etui.\" \/>\n<meta name=\"robots\" content=\"noindex, follow, max-snippet:-1, max-image-preview:large, max-video-preview:-1\" \/>\n<meta property=\"og:locale\" content=\"it_IT\" \/>\n<meta property=\"og:type\" content=\"article\" \/>\n<meta property=\"og:title\" content=\"Lesebrille mit Nahbereich-Vergr\u00f6\u00dferung Miniframe Bifo Gun Eschenbach im Onlineshop | Gleichcom AG\" \/>\n<meta property=\"og:description\" content=\"\u2705 Schlichte Lesebrille; spezielle Gl\u00e4ser gew\u00e4hrleisten einen scharfen Sichtbereich mit zus\u00e4tzlichem Nahteil, inklusive Etui.\" \/>\n<meta property=\"og:url\" content=\"https:\/\/www.gleichcom.samuraidev.ch\/it\/shop\/lesebrille-mit-nahbereich-vergroesserung-miniframe-bifo-gun-eschenbach\/\" \/>\n<meta property=\"og:site_name\" content=\"Gleichcom AG\" \/>\n<meta property=\"article:publisher\" content=\"https:\/\/www.facebook.com\/profile.php?id=100068749126981\" \/>\n<meta property=\"article:modified_time\" content=\"2023-12-11T10:27:19+00:00\" \/>\n<meta property=\"og:image\" content=\"https:\/\/www.gleichcom.samuraidev.ch\/wp-content\/uploads\/2023\/09\/LesebrillemitNahbereichVergrerung.jpg\" \/>\n\t<meta property=\"og:image:width\" content=\"500\" \/>\n\t<meta property=\"og:image:height\" content=\"500\" \/>\n\t<meta property=\"og:image:type\" content=\"image\/jpeg\" \/>\n<meta name=\"twitter:card\" content=\"summary_large_image\" \/>\n<script type=\"application\/ld+json\" class=\"yoast-schema-graph\">{\"@context\":\"https:\\\/\\\/schema.org\",\"@graph\":[{\"@type\":\"WebPage\",\"@id\":\"https:\\\/\\\/www.gleichcom.samuraidev.ch\\\/it\\\/shop\\\/lesebrille-mit-nahbereich-vergroesserung-miniframe-bifo-gun-eschenbach\\\/\",\"url\":\"https:\\\/\\\/www.gleichcom.samuraidev.ch\\\/it\\\/shop\\\/lesebrille-mit-nahbereich-vergroesserung-miniframe-bifo-gun-eschenbach\\\/\",\"name\":\"Lesebrille mit Nahbereich-Vergr\u00f6\u00dferung Miniframe Bifo Gun Eschenbach im Onlineshop | Gleichcom AG\",\"isPartOf\":{\"@id\":\"https:\\\/\\\/www.gleichcom.samuraidev.ch\\\/it\\\/#website\"},\"primaryImageOfPage\":{\"@id\":\"https:\\\/\\\/www.gleichcom.samuraidev.ch\\\/it\\\/shop\\\/lesebrille-mit-nahbereich-vergroesserung-miniframe-bifo-gun-eschenbach\\\/#primaryimage\"},\"image\":{\"@id\":\"https:\\\/\\\/www.gleichcom.samuraidev.ch\\\/it\\\/shop\\\/lesebrille-mit-nahbereich-vergroesserung-miniframe-bifo-gun-eschenbach\\\/#primaryimage\"},\"thumbnailUrl\":\"https:\\\/\\\/www.gleichcom.samuraidev.ch\\\/wp-content\\\/uploads\\\/2023\\\/09\\\/LesebrillemitNahbereichVergrerung.jpg\",\"datePublished\":\"2019-01-31T11:33:10+00:00\",\"dateModified\":\"2023-12-11T10:27:19+00:00\",\"description\":\"\u2705 Schlichte Lesebrille; spezielle Gl\u00e4ser gew\u00e4hrleisten einen scharfen Sichtbereich mit zus\u00e4tzlichem Nahteil, inklusive Etui.\",\"breadcrumb\":{\"@id\":\"https:\\\/\\\/www.gleichcom.samuraidev.ch\\\/it\\\/shop\\\/lesebrille-mit-nahbereich-vergroesserung-miniframe-bifo-gun-eschenbach\\\/#breadcrumb\"},\"inLanguage\":\"it-IT\",\"potentialAction\":[{\"@type\":\"ReadAction\",\"target\":[\"https:\\\/\\\/www.gleichcom.samuraidev.ch\\\/it\\\/shop\\\/lesebrille-mit-nahbereich-vergroesserung-miniframe-bifo-gun-eschenbach\\\/\"]}]},{\"@type\":\"ImageObject\",\"inLanguage\":\"it-IT\",\"@id\":\"https:\\\/\\\/www.gleichcom.samuraidev.ch\\\/it\\\/shop\\\/lesebrille-mit-nahbereich-vergroesserung-miniframe-bifo-gun-eschenbach\\\/#primaryimage\",\"url\":\"https:\\\/\\\/www.gleichcom.samuraidev.ch\\\/wp-content\\\/uploads\\\/2023\\\/09\\\/LesebrillemitNahbereichVergrerung.jpg\",\"contentUrl\":\"https:\\\/\\\/www.gleichcom.samuraidev.ch\\\/wp-content\\\/uploads\\\/2023\\\/09\\\/LesebrillemitNahbereichVergrerung.jpg\",\"width\":500,\"height\":500,\"caption\":\"Lesebrille mit Nahbereich-Vergr\u00f6\u00dferung Miniframe Bifo Gun Eschenbach - Gleichcom AG - - Onlineshop besser h\u00f6ren. besser sehen. besser leben. - H\u00fcnenberg\"},{\"@type\":\"BreadcrumbList\",\"@id\":\"https:\\\/\\\/www.gleichcom.samuraidev.ch\\\/it\\\/shop\\\/lesebrille-mit-nahbereich-vergroesserung-miniframe-bifo-gun-eschenbach\\\/#breadcrumb\",\"itemListElement\":[{\"@type\":\"ListItem\",\"position\":1,\"name\":\"Startseite\",\"item\":\"https:\\\/\\\/www.gleichcom.samuraidev.ch\\\/it\\\/\"},{\"@type\":\"ListItem\",\"position\":2,\"name\":\"Shop\",\"item\":\"https:\\\/\\\/www.gleichcom.samuraidev.ch\\\/it\\\/shop\\\/\"},{\"@type\":\"ListItem\",\"position\":3,\"name\":\"Lesebrille mit Nahbereich-Vergr\u00f6\u00dferung Miniframe Bifo Gun Eschenbach\"}]},{\"@type\":\"WebSite\",\"@id\":\"https:\\\/\\\/www.gleichcom.samuraidev.ch\\\/it\\\/#website\",\"url\":\"https:\\\/\\\/www.gleichcom.samuraidev.ch\\\/it\\\/\",\"name\":\"Gleichcom AG\",\"description\":\"besser h\u00f6ren. besser sehen. besser leben.\",\"publisher\":{\"@id\":\"https:\\\/\\\/www.gleichcom.samuraidev.ch\\\/it\\\/#organization\"},\"alternateName\":\"Gleichcom\",\"potentialAction\":[{\"@type\":\"SearchAction\",\"target\":{\"@type\":\"EntryPoint\",\"urlTemplate\":\"https:\\\/\\\/www.gleichcom.samuraidev.ch\\\/it\\\/?s={search_term_string}\"},\"query-input\":{\"@type\":\"PropertyValueSpecification\",\"valueRequired\":true,\"valueName\":\"search_term_string\"}}],\"inLanguage\":\"it-IT\"},{\"@type\":\"Organization\",\"@id\":\"https:\\\/\\\/www.gleichcom.samuraidev.ch\\\/it\\\/#organization\",\"name\":\"Gleichcom AG\",\"alternateName\":\"Gleichcom\",\"url\":\"https:\\\/\\\/www.gleichcom.samuraidev.ch\\\/it\\\/\",\"logo\":{\"@type\":\"ImageObject\",\"inLanguage\":\"it-IT\",\"@id\":\"https:\\\/\\\/www.gleichcom.samuraidev.ch\\\/it\\\/#\\\/schema\\\/logo\\\/image\\\/\",\"url\":\"https:\\\/\\\/www.gleichcom.samuraidev.ch\\\/wp-content\\\/uploads\\\/2023\\\/09\\\/gleichcom-ag-logo-quadrat-farbig-mitte@696.png\",\"contentUrl\":\"https:\\\/\\\/www.gleichcom.samuraidev.ch\\\/wp-content\\\/uploads\\\/2023\\\/09\\\/gleichcom-ag-logo-quadrat-farbig-mitte@696.png\",\"width\":437,\"height\":437,\"caption\":\"Gleichcom AG\"},\"image\":{\"@id\":\"https:\\\/\\\/www.gleichcom.samuraidev.ch\\\/it\\\/#\\\/schema\\\/logo\\\/image\\\/\"},\"sameAs\":[\"https:\\\/\\\/www.facebook.com\\\/profile.php?id=100068749126981\"]}]}<\/script>\n<!-- \/ Yoast SEO plugin. -->","yoast_head_json":{"title":"Lesebrille mit Nahbereich-Vergr\u00f6\u00dferung Miniframe Bifo Gun Eschenbach im Onlineshop | Gleichcom AG","description":"\u2705 Schlichte Lesebrille; spezielle Gl\u00e4ser gew\u00e4hrleisten einen scharfen Sichtbereich mit zus\u00e4tzlichem Nahteil, inklusive Etui.","robots":{"index":"noindex","follow":"follow","max-snippet":"max-snippet:-1","max-image-preview":"max-image-preview:large","max-video-preview":"max-video-preview:-1"},"og_locale":"it_IT","og_type":"article","og_title":"Lesebrille mit Nahbereich-Vergr\u00f6\u00dferung Miniframe Bifo Gun Eschenbach im Onlineshop | Gleichcom AG","og_description":"\u2705 Schlichte Lesebrille; spezielle Gl\u00e4ser gew\u00e4hrleisten einen scharfen Sichtbereich mit zus\u00e4tzlichem Nahteil, inklusive Etui.","og_url":"https:\/\/www.gleichcom.samuraidev.ch\/it\/shop\/lesebrille-mit-nahbereich-vergroesserung-miniframe-bifo-gun-eschenbach\/","og_site_name":"Gleichcom AG","article_publisher":"https:\/\/www.facebook.com\/profile.php?id=100068749126981","article_modified_time":"2023-12-11T10:27:19+00:00","og_image":[{"width":500,"height":500,"url":"https:\/\/www.gleichcom.samuraidev.ch\/wp-content\/uploads\/2023\/09\/LesebrillemitNahbereichVergrerung.jpg","type":"image\/jpeg"}],"twitter_card":"summary_large_image","schema":{"@context":"https:\/\/schema.org","@graph":[{"@type":"WebPage","@id":"https:\/\/www.gleichcom.samuraidev.ch\/it\/shop\/lesebrille-mit-nahbereich-vergroesserung-miniframe-bifo-gun-eschenbach\/","url":"https:\/\/www.gleichcom.samuraidev.ch\/it\/shop\/lesebrille-mit-nahbereich-vergroesserung-miniframe-bifo-gun-eschenbach\/","name":"Lesebrille mit Nahbereich-Vergr\u00f6\u00dferung Miniframe Bifo Gun Eschenbach im Onlineshop | Gleichcom AG","isPartOf":{"@id":"https:\/\/www.gleichcom.samuraidev.ch\/it\/#website"},"primaryImageOfPage":{"@id":"https:\/\/www.gleichcom.samuraidev.ch\/it\/shop\/lesebrille-mit-nahbereich-vergroesserung-miniframe-bifo-gun-eschenbach\/#primaryimage"},"image":{"@id":"https:\/\/www.gleichcom.samuraidev.ch\/it\/shop\/lesebrille-mit-nahbereich-vergroesserung-miniframe-bifo-gun-eschenbach\/#primaryimage"},"thumbnailUrl":"https:\/\/www.gleichcom.samuraidev.ch\/wp-content\/uploads\/2023\/09\/LesebrillemitNahbereichVergrerung.jpg","datePublished":"2019-01-31T11:33:10+00:00","dateModified":"2023-12-11T10:27:19+00:00","description":"\u2705 Schlichte Lesebrille; spezielle Gl\u00e4ser gew\u00e4hrleisten einen scharfen Sichtbereich mit zus\u00e4tzlichem Nahteil, inklusive Etui.","breadcrumb":{"@id":"https:\/\/www.gleichcom.samuraidev.ch\/it\/shop\/lesebrille-mit-nahbereich-vergroesserung-miniframe-bifo-gun-eschenbach\/#breadcrumb"},"inLanguage":"it-IT","potentialAction":[{"@type":"ReadAction","target":["https:\/\/www.gleichcom.samuraidev.ch\/it\/shop\/lesebrille-mit-nahbereich-vergroesserung-miniframe-bifo-gun-eschenbach\/"]}]},{"@type":"ImageObject","inLanguage":"it-IT","@id":"https:\/\/www.gleichcom.samuraidev.ch\/it\/shop\/lesebrille-mit-nahbereich-vergroesserung-miniframe-bifo-gun-eschenbach\/#primaryimage","url":"https:\/\/www.gleichcom.samuraidev.ch\/wp-content\/uploads\/2023\/09\/LesebrillemitNahbereichVergrerung.jpg","contentUrl":"https:\/\/www.gleichcom.samuraidev.ch\/wp-content\/uploads\/2023\/09\/LesebrillemitNahbereichVergrerung.jpg","width":500,"height":500,"caption":"Lesebrille mit Nahbereich-Vergr\u00f6\u00dferung Miniframe Bifo Gun Eschenbach - Gleichcom AG - - Onlineshop besser h\u00f6ren. besser sehen. besser leben. - H\u00fcnenberg"},{"@type":"BreadcrumbList","@id":"https:\/\/www.gleichcom.samuraidev.ch\/it\/shop\/lesebrille-mit-nahbereich-vergroesserung-miniframe-bifo-gun-eschenbach\/#breadcrumb","itemListElement":[{"@type":"ListItem","position":1,"name":"Startseite","item":"https:\/\/www.gleichcom.samuraidev.ch\/it\/"},{"@type":"ListItem","position":2,"name":"Shop","item":"https:\/\/www.gleichcom.samuraidev.ch\/it\/shop\/"},{"@type":"ListItem","position":3,"name":"Lesebrille mit Nahbereich-Vergr\u00f6\u00dferung Miniframe Bifo Gun Eschenbach"}]},{"@type":"WebSite","@id":"https:\/\/www.gleichcom.samuraidev.ch\/it\/#website","url":"https:\/\/www.gleichcom.samuraidev.ch\/it\/","name":"Gleichcom AG","description":"besser h\u00f6ren. besser sehen. besser leben.","publisher":{"@id":"https:\/\/www.gleichcom.samuraidev.ch\/it\/#organization"},"alternateName":"Gleichcom","potentialAction":[{"@type":"SearchAction","target":{"@type":"EntryPoint","urlTemplate":"https:\/\/www.gleichcom.samuraidev.ch\/it\/?s={search_term_string}"},"query-input":{"@type":"PropertyValueSpecification","valueRequired":true,"valueName":"search_term_string"}}],"inLanguage":"it-IT"},{"@type":"Organization","@id":"https:\/\/www.gleichcom.samuraidev.ch\/it\/#organization","name":"Gleichcom AG","alternateName":"Gleichcom","url":"https:\/\/www.gleichcom.samuraidev.ch\/it\/","logo":{"@type":"ImageObject","inLanguage":"it-IT","@id":"https:\/\/www.gleichcom.samuraidev.ch\/it\/#\/schema\/logo\/image\/","url":"https:\/\/www.gleichcom.samuraidev.ch\/wp-content\/uploads\/2023\/09\/gleichcom-ag-logo-quadrat-farbig-mitte@696.png","contentUrl":"https:\/\/www.gleichcom.samuraidev.ch\/wp-content\/uploads\/2023\/09\/gleichcom-ag-logo-quadrat-farbig-mitte@696.png","width":437,"height":437,"caption":"Gleichcom AG"},"image":{"@id":"https:\/\/www.gleichcom.samuraidev.ch\/it\/#\/schema\/logo\/image\/"},"sameAs":["https:\/\/www.facebook.com\/profile.php?id=100068749126981"]}]}},"uagb_featured_image_src":{"full":["https:\/\/www.gleichcom.samuraidev.ch\/wp-content\/uploads\/2023\/09\/LesebrillemitNahbereichVergrerung.jpg",500,500,false],"thumbnail":["https:\/\/www.gleichcom.samuraidev.ch\/wp-content\/uploads\/2023\/09\/LesebrillemitNahbereichVergrerung.jpg",150,150,false],"medium":["https:\/\/www.gleichcom.samuraidev.ch\/wp-content\/uploads\/2023\/09\/LesebrillemitNahbereichVergrerung.jpg",300,300,false],"medium_large":["https:\/\/www.gleichcom.samuraidev.ch\/wp-content\/uploads\/2023\/09\/LesebrillemitNahbereichVergrerung.jpg",500,500,false],"large":["https:\/\/www.gleichcom.samuraidev.ch\/wp-content\/uploads\/2023\/09\/LesebrillemitNahbereichVergrerung.jpg",500,500,false],"1536x1536":["https:\/\/www.gleichcom.samuraidev.ch\/wp-content\/uploads\/2023\/09\/LesebrillemitNahbereichVergrerung.jpg",500,500,false],"2048x2048":["https:\/\/www.gleichcom.samuraidev.ch\/wp-content\/uploads\/2023\/09\/LesebrillemitNahbereichVergrerung.jpg",500,500,false],"woocommerce_thumbnail":["https:\/\/www.gleichcom.samuraidev.ch\/wp-content\/uploads\/2023\/09\/LesebrillemitNahbereichVergrerung.jpg",300,300,false],"woocommerce_single":["https:\/\/www.gleichcom.samuraidev.ch\/wp-content\/uploads\/2023\/09\/LesebrillemitNahbereichVergrerung.jpg",500,500,false],"woocommerce_gallery_thumbnail":["https:\/\/www.gleichcom.samuraidev.ch\/wp-content\/uploads\/2023\/09\/LesebrillemitNahbereichVergrerung.jpg",100,100,false]},"uagb_author_info":{"display_name":"","author_link":"https:\/\/www.gleichcom.samuraidev.ch\/it\/author\/"},"uagb_comment_info":0,"uagb_excerpt":"Schlichte Lesebrille; spezielle Gl\u00e4ser gew\u00e4hrleisten einen scharfen Sichtbereich mit zus\u00e4tzlichem Nahteil, inklusive Etui.","_links":{"self":[{"href":"https:\/\/www.gleichcom.samuraidev.ch\/it\/wp-json\/wp\/v2\/product\/21449","targetHints":{"allow":["GET"]}}],"collection":[{"href":"https:\/\/www.gleichcom.samuraidev.ch\/it\/wp-json\/wp\/v2\/product"}],"about":[{"href":"https:\/\/www.gleichcom.samuraidev.ch\/it\/wp-json\/wp\/v2\/types\/product"}],"wp:featuredmedia":[{"embeddable":true,"href":"https:\/\/www.gleichcom.samuraidev.ch\/it\/wp-json\/wp\/v2\/media\/21450"}],"wp:attachment":[{"href":"https:\/\/www.gleichcom.samuraidev.ch\/it\/wp-json\/wp\/v2\/media?parent=21449"}],"wp:term":[{"taxonomy":"product_brand","embeddable":true,"href":"https:\/\/www.gleichcom.samuraidev.ch\/it\/wp-json\/wp\/v2\/product_brand?post=21449"},{"taxonomy":"product_cat","embeddable":true,"href":"https:\/\/www.gleichcom.samuraidev.ch\/it\/wp-json\/wp\/v2\/product_cat?post=21449"},{"taxonomy":"product_tag","embeddable":true,"href":"https:\/\/www.gleichcom.samuraidev.ch\/it\/wp-json\/wp\/v2\/product_tag?post=21449"}],"curies":[{"name":"wp","href":"https:\/\/api.w.org\/{rel}","templated":true}]}}