{"id":3088,"date":"2012-03-13T16:09:27","date_gmt":"2012-03-13T15:09:27","guid":{"rendered":"https:\/\/www.gleichcom.samuraidev.ch\/?product=humantechnik-traveltim-reisewecker-mit-vibration-pink"},"modified":"1000-01-01T00:00:00","modified_gmt":"1000-01-01T00:00:00","slug":"humantechnik-traveltim-reisewecker-mit-vibration-pink","status":"publish","type":"product","link":"https:\/\/www.gleichcom.samuraidev.ch\/it\/shop\/humantechnik-traveltim-reisewecker-mit-vibration-pink\/","title":{"rendered":"Humantechnik TravelTim Sveglia da viaggio con vibrazione rosa"},"content":{"rendered":"<p><strong>Humantechnik Travel Tim in rosa<\/strong><\/p>\n<p>Allarme a vibrazione extra forte<br \/>\nLa sveglia Travel Tim \u00e8 una sveglia piccola e robusta, ma di grande impatto! Sia a casa che in viaggio, la sveglia vi sveglier\u00e0 in modo affidabile grazie alla sua vibrazione extra forte. Grazie alle sue dimensioni ridotte (9,5 cm x 7,0 cm x 3,0 cm), il Travel Tim trova posto in ogni piccola borsa da viaggio e persino nel bagaglio a mano.<\/p>\n<p>Compreso il segnale acustico forte<br \/>\nLa sveglia chic non solo \u00e8 dotata di una forte vibrazione, ma anche di una forte suoneria. \u00c8 possibile impostare il tono di allarme su un volume massimo di 90 dB. Inoltre, \u00e8 possibile impostare una luce lampeggiante luminosa. Cos\u00ec potrete essere svegliati da vibrazioni, luci e suoni quando ne avrete bisogno!<br \/>\n\u00a0<br \/>\nFunzionamento molto semplice<br \/>\nTutte le impostazioni sono molto semplici e veloci da realizzare. Dopo aver impostato l&#8217;ora della sveglia, inserire la serratura a chiave e chiudere il coperchio della chiave. Poi mettete la sveglia sotto il cuscino. Grazie al coperchio protettivo e alla chiusura a chiave regolabile, \u00e8 possibile evitare che l&#8217;orologio e l&#8217;ora della sveglia vengano modificati accidentalmente.<\/p>\n<p><strong>In sintesi<\/strong><\/p>\n<ul>\n<li>\u00a0\u00a0\u00a0 Sveglia moderna con allarme a vibrazione extra forte<\/li>\n<li>\u00a0\u00a0\u00a0 Ideale per la casa e per i viaggi<\/li>\n<li>\u00a0\u00a0\u00a0 Include un forte tono di allarme regolabile (massimo 90 dB)<\/li>\n<li>\u00a0\u00a0\u00a0 Flash luminoso a LED regolabile<\/li>\n<li>\u00a0\u00a0\u00a0 La segnalazione pu\u00f2 essere impostata come desiderato<\/li>\n<\/ul>\n<p>\n\u00a0\u00a0\u00a0\u00a0\u00a0\u00a0\u00a0\u00a0\u00a0\u00a0\u00a0\u00a0\u00a0\u00a0 &#8211; Vibrazione + segnale acustico + flash della luce LED<br \/>\n\u00a0\u00a0\u00a0\u00a0\u00a0\u00a0\u00a0\u00a0\u00a0\u00a0\u00a0\u00a0\u00a0\u00a0 &#8211; Solo vibrazioni<br \/>\n\u00a0\u00a0\u00a0\u00a0\u00a0\u00a0\u00a0\u00a0\u00a0\u00a0\u00a0\u00a0\u00a0\u00a0 &#8211; Lampo di luce LED + segnale acustico<\/p>\n<ul>\n<li>\u00a0\u00a0\u00a0 Funzione Snooze regolabile (ripetizione dell&#8217;allarme dopo otto minuti)<\/li>\n<li>\u00a0\u00a0\u00a0 Durata dell&#8217;allarme di circa un minuto<\/li>\n<li>\u00a0\u00a0\u00a0 Scelta del display a 24 o 12 ore<\/li>\n<li>\u00a0\u00a0\u00a0 Dimensioni 9,5 cm x 7,0 cm x 3,0 cm<\/li>\n<li>\u00a0\u00a0\u00a0 Peso circa 130 g<\/li>\n<li>\u00a0\u00a0\u00a0 Funzionamento a batteria (richiede 2 batterie Mignon LR6 da 1,5 volt e 1 batteria Micro LR3 da 1,5 volt)<\/li>\n<\/ul>\n<p>\n<strong>Ambito di consegna<\/strong><\/p>\n<ul>\n<li>\u00a0\u00a0\u00a0 1 x Sveglia Travel Tim rosa<\/li>\n<li>\u00a0\u00a0\u00a0 2 batterie Mignon LR6 (AA)<\/li>\n<li>\u00a0\u00a0\u00a0 1 batteria micro LR3 (AAA)<\/li>\n<li>\u00a0\u00a0\u00a0 1 x Istruzioni dettagliate per l&#8217;uso<\/li>\n<\/ul>\n<p>\n<a href=\"images\/Humantechnik\/Anleitung_Traveltim.pdf\" target=\"_blank\"><strong>istruzioni<\/strong><\/a><\/p>\n<p>\u00a0<\/p>\n","protected":false},"excerpt":{"rendered":"<p>\tLa giovane sveglia da viaggio compatta dal design fresco ricorda quando \u00e8 ora di alzarsi con forti impulsi di vibrazione.<br \/>\n\t\u00a0<\/p>\n","protected":false},"featured_media":2115,"template":"","meta":{"inline_featured_image":false,"_uag_custom_page_level_css":"","site-sidebar-layout":"default","site-content-layout":"","ast-site-content-layout":"default","site-content-style":"default","site-sidebar-style":"default","ast-global-header-display":"","ast-banner-title-visibility":"","ast-main-header-display":"","ast-hfb-above-header-display":"","ast-hfb-below-header-display":"","ast-hfb-mobile-header-display":"","site-post-title":"","ast-breadcrumbs-content":"","ast-featured-img":"","footer-sml-layout":"","ast-disable-related-posts":"","theme-transparent-header-meta":"","adv-header-id-meta":"","stick-header-meta":"","header-above-stick-meta":"","header-main-stick-meta":"","header-below-stick-meta":"","astra-migrate-meta-layouts":"default","ast-page-background-enabled":"default","ast-page-background-meta":{"desktop":{"background-color":"","background-image":"","background-repeat":"repeat","background-position":"center center","background-size":"auto","background-attachment":"scroll","background-type":"","background-media":"","overlay-type":"","overlay-color":"","overlay-opacity":"","overlay-gradient":""},"tablet":{"background-color":"","background-image":"","background-repeat":"repeat","background-position":"center center","background-size":"auto","background-attachment":"scroll","background-type":"","background-media":"","overlay-type":"","overlay-color":"","overlay-opacity":"","overlay-gradient":""},"mobile":{"background-color":"","background-image":"","background-repeat":"repeat","background-position":"center center","background-size":"auto","background-attachment":"scroll","background-type":"","background-media":"","overlay-type":"","overlay-color":"","overlay-opacity":"","overlay-gradient":""}},"ast-content-background-meta":{"desktop":{"background-color":"var(--ast-global-color-5)","background-image":"","background-repeat":"repeat","background-position":"center center","background-size":"auto","background-attachment":"scroll","background-type":"","background-media":"","overlay-type":"","overlay-color":"","overlay-opacity":"","overlay-gradient":""},"tablet":{"background-color":"var(--ast-global-color-5)","background-image":"","background-repeat":"repeat","background-position":"center center","background-size":"auto","background-attachment":"scroll","background-type":"","background-media":"","overlay-type":"","overlay-color":"","overlay-opacity":"","overlay-gradient":""},"mobile":{"background-color":"var(--ast-global-color-5)","background-image":"","background-repeat":"repeat","background-position":"center center","background-size":"auto","background-attachment":"scroll","background-type":"","background-media":"","overlay-type":"","overlay-color":"","overlay-opacity":"","overlay-gradient":""}}},"product_brand":[],"product_cat":[1776],"product_tag":[],"class_list":{"0":"post-3088","1":"product","2":"type-product","3":"status-publish","4":"has-post-thumbnail","6":"product_cat-unkategorisiert","7":"desktop-align-center","8":"tablet-align-center","9":"mobile-align-center","10":"ast-product-gallery-layout-horizontal-slider","11":"ast-product-tabs-layout-accordion","13":"first","14":"instock","15":"taxable","16":"shipping-taxable","17":"purchasable","18":"product-type-simple"},"yoast_head":"<!-- This site is optimized with the Yoast SEO plugin v27.5 - https:\/\/yoast.com\/product\/yoast-seo-wordpress\/ -->\n<title>Humantechnik TravelTim Sveglia da viaggio con vibrazione rosa im Onlineshop | Gleichcom AG<\/title>\n<meta name=\"description\" content=\"\u2705 La giovane sveglia da viaggio compatta dal design fresco ricorda quando \u00e8 ora di alzarsi con forti impulsi di vibrazione.  \u00a0\" \/>\n<meta name=\"robots\" content=\"noindex, follow, max-snippet:-1, max-image-preview:large, max-video-preview:-1\" \/>\n<meta property=\"og:locale\" content=\"it_IT\" \/>\n<meta property=\"og:type\" content=\"article\" \/>\n<meta property=\"og:title\" content=\"Humantechnik TravelTim Sveglia da viaggio con vibrazione rosa im Onlineshop | Gleichcom AG\" \/>\n<meta property=\"og:description\" content=\"\u2705 La giovane sveglia da viaggio compatta dal design fresco ricorda quando \u00e8 ora di alzarsi con forti impulsi di vibrazione.  \u00a0\" \/>\n<meta property=\"og:url\" content=\"https:\/\/www.gleichcom.samuraidev.ch\/it\/shop\/humantechnik-traveltim-reisewecker-mit-vibration-pink\/\" \/>\n<meta property=\"og:site_name\" content=\"Gleichcom AG\" \/>\n<meta property=\"article:publisher\" content=\"https:\/\/www.facebook.com\/profile.php?id=100068749126981\" \/>\n<meta property=\"og:image\" content=\"https:\/\/www.gleichcom.samuraidev.ch\/wp-content\/uploads\/2023\/09\/travelTimpink.jpg\" \/>\n\t<meta property=\"og:image:width\" content=\"439\" \/>\n\t<meta property=\"og:image:height\" content=\"500\" \/>\n\t<meta property=\"og:image:type\" content=\"image\/jpeg\" \/>\n<meta name=\"twitter:card\" content=\"summary_large_image\" \/>\n<script type=\"application\/ld+json\" class=\"yoast-schema-graph\">{\"@context\":\"https:\\\/\\\/schema.org\",\"@graph\":[{\"@type\":\"WebPage\",\"@id\":\"https:\\\/\\\/www.gleichcom.samuraidev.ch\\\/it\\\/shop\\\/humantechnik-traveltim-reisewecker-mit-vibration-pink\\\/\",\"url\":\"https:\\\/\\\/www.gleichcom.samuraidev.ch\\\/it\\\/shop\\\/humantechnik-traveltim-reisewecker-mit-vibration-pink\\\/\",\"name\":\"Humantechnik TravelTim Sveglia da viaggio con vibrazione rosa im Onlineshop | Gleichcom AG\",\"isPartOf\":{\"@id\":\"https:\\\/\\\/www.gleichcom.samuraidev.ch\\\/it\\\/#website\"},\"primaryImageOfPage\":{\"@id\":\"https:\\\/\\\/www.gleichcom.samuraidev.ch\\\/it\\\/shop\\\/humantechnik-traveltim-reisewecker-mit-vibration-pink\\\/#primaryimage\"},\"image\":{\"@id\":\"https:\\\/\\\/www.gleichcom.samuraidev.ch\\\/it\\\/shop\\\/humantechnik-traveltim-reisewecker-mit-vibration-pink\\\/#primaryimage\"},\"thumbnailUrl\":\"https:\\\/\\\/www.gleichcom.samuraidev.ch\\\/wp-content\\\/uploads\\\/2023\\\/09\\\/travelTimpink.jpg\",\"datePublished\":\"2012-03-13T15:09:27+00:00\",\"description\":\"\u2705 La giovane sveglia da viaggio compatta dal design fresco ricorda quando \u00e8 ora di alzarsi con forti impulsi di vibrazione. \u00a0\",\"breadcrumb\":{\"@id\":\"https:\\\/\\\/www.gleichcom.samuraidev.ch\\\/it\\\/shop\\\/humantechnik-traveltim-reisewecker-mit-vibration-pink\\\/#breadcrumb\"},\"inLanguage\":\"it-IT\",\"potentialAction\":[{\"@type\":\"ReadAction\",\"target\":[\"https:\\\/\\\/www.gleichcom.samuraidev.ch\\\/it\\\/shop\\\/humantechnik-traveltim-reisewecker-mit-vibration-pink\\\/\"]}]},{\"@type\":\"ImageObject\",\"inLanguage\":\"it-IT\",\"@id\":\"https:\\\/\\\/www.gleichcom.samuraidev.ch\\\/it\\\/shop\\\/humantechnik-traveltim-reisewecker-mit-vibration-pink\\\/#primaryimage\",\"url\":\"https:\\\/\\\/www.gleichcom.samuraidev.ch\\\/wp-content\\\/uploads\\\/2023\\\/09\\\/travelTimpink.jpg\",\"contentUrl\":\"https:\\\/\\\/www.gleichcom.samuraidev.ch\\\/wp-content\\\/uploads\\\/2023\\\/09\\\/travelTimpink.jpg\",\"width\":439,\"height\":500},{\"@type\":\"BreadcrumbList\",\"@id\":\"https:\\\/\\\/www.gleichcom.samuraidev.ch\\\/it\\\/shop\\\/humantechnik-traveltim-reisewecker-mit-vibration-pink\\\/#breadcrumb\",\"itemListElement\":[{\"@type\":\"ListItem\",\"position\":1,\"name\":\"Startseite\",\"item\":\"https:\\\/\\\/www.gleichcom.samuraidev.ch\\\/it\\\/\"},{\"@type\":\"ListItem\",\"position\":2,\"name\":\"Shop\",\"item\":\"https:\\\/\\\/www.gleichcom.samuraidev.ch\\\/it\\\/shop\\\/\"},{\"@type\":\"ListItem\",\"position\":3,\"name\":\"Humantechnik TravelTim Sveglia da viaggio con vibrazione rosa\"}]},{\"@type\":\"WebSite\",\"@id\":\"https:\\\/\\\/www.gleichcom.samuraidev.ch\\\/it\\\/#website\",\"url\":\"https:\\\/\\\/www.gleichcom.samuraidev.ch\\\/it\\\/\",\"name\":\"Gleichcom AG\",\"description\":\"besser h\u00f6ren. besser sehen. besser leben.\",\"publisher\":{\"@id\":\"https:\\\/\\\/www.gleichcom.samuraidev.ch\\\/it\\\/#organization\"},\"alternateName\":\"Gleichcom\",\"potentialAction\":[{\"@type\":\"SearchAction\",\"target\":{\"@type\":\"EntryPoint\",\"urlTemplate\":\"https:\\\/\\\/www.gleichcom.samuraidev.ch\\\/it\\\/?s={search_term_string}\"},\"query-input\":{\"@type\":\"PropertyValueSpecification\",\"valueRequired\":true,\"valueName\":\"search_term_string\"}}],\"inLanguage\":\"it-IT\"},{\"@type\":\"Organization\",\"@id\":\"https:\\\/\\\/www.gleichcom.samuraidev.ch\\\/it\\\/#organization\",\"name\":\"Gleichcom AG\",\"alternateName\":\"Gleichcom\",\"url\":\"https:\\\/\\\/www.gleichcom.samuraidev.ch\\\/it\\\/\",\"logo\":{\"@type\":\"ImageObject\",\"inLanguage\":\"it-IT\",\"@id\":\"https:\\\/\\\/www.gleichcom.samuraidev.ch\\\/it\\\/#\\\/schema\\\/logo\\\/image\\\/\",\"url\":\"https:\\\/\\\/www.gleichcom.samuraidev.ch\\\/wp-content\\\/uploads\\\/2023\\\/09\\\/gleichcom-ag-logo-quadrat-farbig-mitte@696.png\",\"contentUrl\":\"https:\\\/\\\/www.gleichcom.samuraidev.ch\\\/wp-content\\\/uploads\\\/2023\\\/09\\\/gleichcom-ag-logo-quadrat-farbig-mitte@696.png\",\"width\":437,\"height\":437,\"caption\":\"Gleichcom AG\"},\"image\":{\"@id\":\"https:\\\/\\\/www.gleichcom.samuraidev.ch\\\/it\\\/#\\\/schema\\\/logo\\\/image\\\/\"},\"sameAs\":[\"https:\\\/\\\/www.facebook.com\\\/profile.php?id=100068749126981\"]}]}<\/script>\n<!-- \/ Yoast SEO plugin. -->","yoast_head_json":{"title":"Humantechnik TravelTim Sveglia da viaggio con vibrazione rosa im Onlineshop | Gleichcom AG","description":"\u2705 La giovane sveglia da viaggio compatta dal design fresco ricorda quando \u00e8 ora di alzarsi con forti impulsi di vibrazione.  \u00a0","robots":{"index":"noindex","follow":"follow","max-snippet":"max-snippet:-1","max-image-preview":"max-image-preview:large","max-video-preview":"max-video-preview:-1"},"og_locale":"it_IT","og_type":"article","og_title":"Humantechnik TravelTim Sveglia da viaggio con vibrazione rosa im Onlineshop | Gleichcom AG","og_description":"\u2705 La giovane sveglia da viaggio compatta dal design fresco ricorda quando \u00e8 ora di alzarsi con forti impulsi di vibrazione.  \u00a0","og_url":"https:\/\/www.gleichcom.samuraidev.ch\/it\/shop\/humantechnik-traveltim-reisewecker-mit-vibration-pink\/","og_site_name":"Gleichcom AG","article_publisher":"https:\/\/www.facebook.com\/profile.php?id=100068749126981","og_image":[{"width":439,"height":500,"url":"https:\/\/www.gleichcom.samuraidev.ch\/wp-content\/uploads\/2023\/09\/travelTimpink.jpg","type":"image\/jpeg"}],"twitter_card":"summary_large_image","schema":{"@context":"https:\/\/schema.org","@graph":[{"@type":"WebPage","@id":"https:\/\/www.gleichcom.samuraidev.ch\/it\/shop\/humantechnik-traveltim-reisewecker-mit-vibration-pink\/","url":"https:\/\/www.gleichcom.samuraidev.ch\/it\/shop\/humantechnik-traveltim-reisewecker-mit-vibration-pink\/","name":"Humantechnik TravelTim Sveglia da viaggio con vibrazione rosa im Onlineshop | Gleichcom AG","isPartOf":{"@id":"https:\/\/www.gleichcom.samuraidev.ch\/it\/#website"},"primaryImageOfPage":{"@id":"https:\/\/www.gleichcom.samuraidev.ch\/it\/shop\/humantechnik-traveltim-reisewecker-mit-vibration-pink\/#primaryimage"},"image":{"@id":"https:\/\/www.gleichcom.samuraidev.ch\/it\/shop\/humantechnik-traveltim-reisewecker-mit-vibration-pink\/#primaryimage"},"thumbnailUrl":"https:\/\/www.gleichcom.samuraidev.ch\/wp-content\/uploads\/2023\/09\/travelTimpink.jpg","datePublished":"2012-03-13T15:09:27+00:00","description":"\u2705 La giovane sveglia da viaggio compatta dal design fresco ricorda quando \u00e8 ora di alzarsi con forti impulsi di vibrazione. \u00a0","breadcrumb":{"@id":"https:\/\/www.gleichcom.samuraidev.ch\/it\/shop\/humantechnik-traveltim-reisewecker-mit-vibration-pink\/#breadcrumb"},"inLanguage":"it-IT","potentialAction":[{"@type":"ReadAction","target":["https:\/\/www.gleichcom.samuraidev.ch\/it\/shop\/humantechnik-traveltim-reisewecker-mit-vibration-pink\/"]}]},{"@type":"ImageObject","inLanguage":"it-IT","@id":"https:\/\/www.gleichcom.samuraidev.ch\/it\/shop\/humantechnik-traveltim-reisewecker-mit-vibration-pink\/#primaryimage","url":"https:\/\/www.gleichcom.samuraidev.ch\/wp-content\/uploads\/2023\/09\/travelTimpink.jpg","contentUrl":"https:\/\/www.gleichcom.samuraidev.ch\/wp-content\/uploads\/2023\/09\/travelTimpink.jpg","width":439,"height":500},{"@type":"BreadcrumbList","@id":"https:\/\/www.gleichcom.samuraidev.ch\/it\/shop\/humantechnik-traveltim-reisewecker-mit-vibration-pink\/#breadcrumb","itemListElement":[{"@type":"ListItem","position":1,"name":"Startseite","item":"https:\/\/www.gleichcom.samuraidev.ch\/it\/"},{"@type":"ListItem","position":2,"name":"Shop","item":"https:\/\/www.gleichcom.samuraidev.ch\/it\/shop\/"},{"@type":"ListItem","position":3,"name":"Humantechnik TravelTim Sveglia da viaggio con vibrazione rosa"}]},{"@type":"WebSite","@id":"https:\/\/www.gleichcom.samuraidev.ch\/it\/#website","url":"https:\/\/www.gleichcom.samuraidev.ch\/it\/","name":"Gleichcom AG","description":"besser h\u00f6ren. besser sehen. besser leben.","publisher":{"@id":"https:\/\/www.gleichcom.samuraidev.ch\/it\/#organization"},"alternateName":"Gleichcom","potentialAction":[{"@type":"SearchAction","target":{"@type":"EntryPoint","urlTemplate":"https:\/\/www.gleichcom.samuraidev.ch\/it\/?s={search_term_string}"},"query-input":{"@type":"PropertyValueSpecification","valueRequired":true,"valueName":"search_term_string"}}],"inLanguage":"it-IT"},{"@type":"Organization","@id":"https:\/\/www.gleichcom.samuraidev.ch\/it\/#organization","name":"Gleichcom AG","alternateName":"Gleichcom","url":"https:\/\/www.gleichcom.samuraidev.ch\/it\/","logo":{"@type":"ImageObject","inLanguage":"it-IT","@id":"https:\/\/www.gleichcom.samuraidev.ch\/it\/#\/schema\/logo\/image\/","url":"https:\/\/www.gleichcom.samuraidev.ch\/wp-content\/uploads\/2023\/09\/gleichcom-ag-logo-quadrat-farbig-mitte@696.png","contentUrl":"https:\/\/www.gleichcom.samuraidev.ch\/wp-content\/uploads\/2023\/09\/gleichcom-ag-logo-quadrat-farbig-mitte@696.png","width":437,"height":437,"caption":"Gleichcom AG"},"image":{"@id":"https:\/\/www.gleichcom.samuraidev.ch\/it\/#\/schema\/logo\/image\/"},"sameAs":["https:\/\/www.facebook.com\/profile.php?id=100068749126981"]}]}},"uagb_featured_image_src":{"full":["https:\/\/www.gleichcom.samuraidev.ch\/wp-content\/uploads\/2023\/09\/travelTimpink.jpg",439,500,false],"thumbnail":["https:\/\/www.gleichcom.samuraidev.ch\/wp-content\/uploads\/2023\/09\/travelTimpink.jpg",132,150,false],"medium":["https:\/\/www.gleichcom.samuraidev.ch\/wp-content\/uploads\/2023\/09\/travelTimpink.jpg",263,300,false],"medium_large":["https:\/\/www.gleichcom.samuraidev.ch\/wp-content\/uploads\/2023\/09\/travelTimpink.jpg",439,500,false],"large":["https:\/\/www.gleichcom.samuraidev.ch\/wp-content\/uploads\/2023\/09\/travelTimpink.jpg",439,500,false],"1536x1536":["https:\/\/www.gleichcom.samuraidev.ch\/wp-content\/uploads\/2023\/09\/travelTimpink.jpg",439,500,false],"2048x2048":["https:\/\/www.gleichcom.samuraidev.ch\/wp-content\/uploads\/2023\/09\/travelTimpink.jpg",439,500,false],"woocommerce_thumbnail":["https:\/\/www.gleichcom.samuraidev.ch\/wp-content\/uploads\/2023\/09\/travelTimpink.jpg",300,342,false],"woocommerce_single":["https:\/\/www.gleichcom.samuraidev.ch\/wp-content\/uploads\/2023\/09\/travelTimpink.jpg",439,500,false],"woocommerce_gallery_thumbnail":["https:\/\/www.gleichcom.samuraidev.ch\/wp-content\/uploads\/2023\/09\/travelTimpink-100x100.jpg",100,100,true]},"uagb_author_info":{"display_name":"","author_link":"https:\/\/www.gleichcom.samuraidev.ch\/it\/author\/"},"uagb_comment_info":0,"uagb_excerpt":"La giovane sveglia da viaggio compatta dal design fresco ricorda quando \u00e8 ora di alzarsi con forti impulsi di vibrazione. \u00a0","_links":{"self":[{"href":"https:\/\/www.gleichcom.samuraidev.ch\/it\/wp-json\/wp\/v2\/product\/3088","targetHints":{"allow":["GET"]}}],"collection":[{"href":"https:\/\/www.gleichcom.samuraidev.ch\/it\/wp-json\/wp\/v2\/product"}],"about":[{"href":"https:\/\/www.gleichcom.samuraidev.ch\/it\/wp-json\/wp\/v2\/types\/product"}],"wp:featuredmedia":[{"embeddable":true,"href":"https:\/\/www.gleichcom.samuraidev.ch\/it\/wp-json\/wp\/v2\/media\/2115"}],"wp:attachment":[{"href":"https:\/\/www.gleichcom.samuraidev.ch\/it\/wp-json\/wp\/v2\/media?parent=3088"}],"wp:term":[{"taxonomy":"product_brand","embeddable":true,"href":"https:\/\/www.gleichcom.samuraidev.ch\/it\/wp-json\/wp\/v2\/product_brand?post=3088"},{"taxonomy":"product_cat","embeddable":true,"href":"https:\/\/www.gleichcom.samuraidev.ch\/it\/wp-json\/wp\/v2\/product_cat?post=3088"},{"taxonomy":"product_tag","embeddable":true,"href":"https:\/\/www.gleichcom.samuraidev.ch\/it\/wp-json\/wp\/v2\/product_tag?post=3088"}],"curies":[{"name":"wp","href":"https:\/\/api.w.org\/{rel}","templated":true}]}}