{"id":3091,"date":"2012-03-13T16:13:36","date_gmt":"2012-03-13T15:13:36","guid":{"rendered":"https:\/\/www.gleichcom.samuraidev.ch\/?product=humantechnik-triple-bel-kurzzeitwecker"},"modified":"1000-01-01T00:00:00","modified_gmt":"1000-01-01T00:00:00","slug":"humantechnik-triple-bel-kurzzeitwecker","status":"publish","type":"product","link":"https:\/\/www.gleichcom.samuraidev.ch\/it\/shop\/humantechnik-triple-bel-kurzzeitwecker\/","title":{"rendered":"Humantechnik Sveglia a tre cinture a tempo ridotto"},"content":{"rendered":"<p><strong>Sveglia a breve termine Triple-Bel Tecnologia umana<\/strong><\/p>\n<p>forte &#8211; forte &#8211; accattivante &#8211; in formato tascabile!<br \/>\nSoprattutto in ambienti rumorosi, il timer breve pu\u00f2 essere percepito in modo ottimale grazie all&#8217;allarme a vibrazione. Portatelo in tasca, mettetelo in vista o indossatelo sui vestiti grazie alla clip incorporata: \u00e8 il piccolo aiutante ideale per la cucina, il laboratorio, l&#8217;assunzione di farmaci o in viaggio.<br \/>\n\u00c8 dotato di un forte segnale acustico, di una forte vibrazione e di un lampo di luce rossa ben visibile. Questi tre tipi di segnale possono essere attivati e disattivati separatamente e secondo le necessit\u00e0 sul retro. In questo modo \u00e8 possibile ricevere un promemoria efficace o discreto in qualsiasi momento.<\/p>\n<p>Il funzionamento di questa sveglia \u00e8 molto semplice. Tutti i pulsanti sono disposti in modo chiaro e possono essere facilmente distinti l&#8217;uno dall&#8217;altro. Il display LCD ha un design ad alto contrasto ed \u00e8 quindi di facile lettura. Il timer \u00e8 ideale non solo per cucinare, ma anche per praticare sport grazie alle funzioni di conto alla rovescia e cronometro.<\/p>\n<p>\u00a0<br \/>\n<strong>In sintesi<\/strong><\/p>\n<ul>\n<li>\u00a0\u00a0\u00a0 Dimensioni molto ridotte<\/li>\n<li>\u00a0\u00a0\u00a0 Tipo di segnale selezionabile (vibrazione, segnale acustico, flash luminoso)<\/li>\n<li>\u00a0\u00a0\u00a0 Il tipo di segnale pu\u00f2 essere attivato e disattivato individualmente<\/li>\n<li>\u00a0\u00a0\u00a0 Ampio display LCD<\/li>\n<li>\u00a0\u00a0\u00a0 Pratica clip per agganciarlo alla cintura o alla tasca<\/li>\n<li>\u00a0\u00a0\u00a0 Magnete per il fissaggio a oggetti metallici<\/li>\n<li>\u00a0\u00a0\u00a0 Facile passare dal timer ore\/minuti al timer minuti\/secondi<\/li>\n<li>\u00a0\u00a0\u00a0 Timer di marcia avanti e indietro<\/li>\n<li>\u00a0\u00a0\u00a0 Funzione di conto alla rovescia: 99 minuti (al secondo) o 20 ore (al minuto)<\/li>\n<li>\u00a0\u00a0\u00a0 Funzione cronometro<\/li>\n<li>\u00a0 \u00a0 Funzionamento a batteria (2 batterie AAA da 1,5 volt incluse)<\/li>\n<li>\u00a0\u00a0\u00a0 Facile da usare<\/li>\n<li>\u00a0\u00a0\u00a0 Dimensioni maneggevoli circa 7,5 cm x 5 cm x 2,5 cm<\/li>\n<\/ul>\n<p>\n<strong>Ambito di consegna<\/strong><\/p>\n<ul>\n<li>\u00a0\u00a0\u00a0 1 x Timer a vibrazione<\/li>\n<li>\u00a0\u00a0\u00a0 2 batterie AAA da 1,5 volt<\/li>\n<li>\u00a0\u00a0\u00a0 1 manuale di istruzioni dettagliato<\/li>\n<\/ul>\n<p>\n<a href=\"images\/Humantechnik\/Anleitung_Triple_Bel.pdf\" target=\"_blank\"><strong>Istruzioni<\/strong><\/a><\/p>\n","protected":false},"excerpt":{"rendered":"<p>Il timer a vibrazione di breve durata con impulso luminoso \u00e8 il compagno ideale per la cucina, il laboratorio, l&#8217;assunzione di farmaci o in viaggio. \u00c8 autoportante o pu\u00f2 essere agganciato discretamente agli abiti con una clip. In un pratico formato tascabile!<br \/>\n\u00a0<\/p>\n","protected":false},"featured_media":2124,"template":"","meta":{"inline_featured_image":false,"_uag_custom_page_level_css":"","site-sidebar-layout":"default","site-content-layout":"","ast-site-content-layout":"default","site-content-style":"default","site-sidebar-style":"default","ast-global-header-display":"","ast-banner-title-visibility":"","ast-main-header-display":"","ast-hfb-above-header-display":"","ast-hfb-below-header-display":"","ast-hfb-mobile-header-display":"","site-post-title":"","ast-breadcrumbs-content":"","ast-featured-img":"","footer-sml-layout":"","ast-disable-related-posts":"","theme-transparent-header-meta":"","adv-header-id-meta":"","stick-header-meta":"","header-above-stick-meta":"","header-main-stick-meta":"","header-below-stick-meta":"","astra-migrate-meta-layouts":"default","ast-page-background-enabled":"default","ast-page-background-meta":{"desktop":{"background-color":"","background-image":"","background-repeat":"repeat","background-position":"center center","background-size":"auto","background-attachment":"scroll","background-type":"","background-media":"","overlay-type":"","overlay-color":"","overlay-opacity":"","overlay-gradient":""},"tablet":{"background-color":"","background-image":"","background-repeat":"repeat","background-position":"center center","background-size":"auto","background-attachment":"scroll","background-type":"","background-media":"","overlay-type":"","overlay-color":"","overlay-opacity":"","overlay-gradient":""},"mobile":{"background-color":"","background-image":"","background-repeat":"repeat","background-position":"center center","background-size":"auto","background-attachment":"scroll","background-type":"","background-media":"","overlay-type":"","overlay-color":"","overlay-opacity":"","overlay-gradient":""}},"ast-content-background-meta":{"desktop":{"background-color":"var(--ast-global-color-5)","background-image":"","background-repeat":"repeat","background-position":"center center","background-size":"auto","background-attachment":"scroll","background-type":"","background-media":"","overlay-type":"","overlay-color":"","overlay-opacity":"","overlay-gradient":""},"tablet":{"background-color":"var(--ast-global-color-5)","background-image":"","background-repeat":"repeat","background-position":"center center","background-size":"auto","background-attachment":"scroll","background-type":"","background-media":"","overlay-type":"","overlay-color":"","overlay-opacity":"","overlay-gradient":""},"mobile":{"background-color":"var(--ast-global-color-5)","background-image":"","background-repeat":"repeat","background-position":"center center","background-size":"auto","background-attachment":"scroll","background-type":"","background-media":"","overlay-type":"","overlay-color":"","overlay-opacity":"","overlay-gradient":""}}},"product_brand":[],"product_cat":[2993],"product_tag":[],"class_list":{"0":"post-3091","1":"product","2":"type-product","3":"status-publish","4":"has-post-thumbnail","6":"product_cat-sveglia-vibrante-it","7":"desktop-align-center","8":"tablet-align-center","9":"mobile-align-center","10":"ast-product-gallery-layout-horizontal-slider","11":"ast-product-tabs-layout-accordion","13":"first","14":"outofstock","15":"taxable","16":"shipping-taxable","17":"purchasable","18":"product-type-simple"},"yoast_head":"<!-- This site is optimized with the Yoast SEO plugin v27.5 - https:\/\/yoast.com\/product\/yoast-seo-wordpress\/ -->\n<title>Humantechnik Sveglia a tre cinture a tempo ridotto im Onlineshop | Gleichcom AG<\/title>\n<meta name=\"description\" content=\"\u2705 Il timer a vibrazione di breve durata con impulso luminoso \u00e8 il compagno ideale per la cucina, il laboratorio, l&#039;assunzione di farmaci o in viaggio. \u00c8 autoportante o pu\u00f2 essere agganciato discretamente agli abiti con una clip. In un pratico formato tascabile! \u00a0\" \/>\n<meta name=\"robots\" content=\"noindex, follow, max-snippet:-1, max-image-preview:large, max-video-preview:-1\" \/>\n<meta property=\"og:locale\" content=\"it_IT\" \/>\n<meta property=\"og:type\" content=\"article\" \/>\n<meta property=\"og:title\" content=\"Humantechnik Sveglia a tre cinture a tempo ridotto im Onlineshop | Gleichcom AG\" \/>\n<meta property=\"og:description\" content=\"\u2705 Il timer a vibrazione di breve durata con impulso luminoso \u00e8 il compagno ideale per la cucina, il laboratorio, l&#039;assunzione di farmaci o in viaggio. \u00c8 autoportante o pu\u00f2 essere agganciato discretamente agli abiti con una clip. In un pratico formato tascabile! \u00a0\" \/>\n<meta property=\"og:url\" content=\"https:\/\/www.gleichcom.samuraidev.ch\/it\/shop\/humantechnik-triple-bel-kurzzeitwecker\/\" \/>\n<meta property=\"og:site_name\" content=\"Gleichcom AG\" \/>\n<meta property=\"article:publisher\" content=\"https:\/\/www.facebook.com\/profile.php?id=100068749126981\" \/>\n<meta property=\"og:image\" content=\"https:\/\/www.gleichcom.samuraidev.ch\/wp-content\/uploads\/2023\/09\/triplebel.jpg\" \/>\n\t<meta property=\"og:image:width\" content=\"346\" \/>\n\t<meta property=\"og:image:height\" content=\"500\" \/>\n\t<meta property=\"og:image:type\" content=\"image\/jpeg\" \/>\n<meta name=\"twitter:card\" content=\"summary_large_image\" \/>\n<script type=\"application\/ld+json\" class=\"yoast-schema-graph\">{\"@context\":\"https:\\\/\\\/schema.org\",\"@graph\":[{\"@type\":\"WebPage\",\"@id\":\"https:\\\/\\\/www.gleichcom.samuraidev.ch\\\/it\\\/shop\\\/humantechnik-triple-bel-kurzzeitwecker\\\/\",\"url\":\"https:\\\/\\\/www.gleichcom.samuraidev.ch\\\/it\\\/shop\\\/humantechnik-triple-bel-kurzzeitwecker\\\/\",\"name\":\"Humantechnik Sveglia a tre cinture a tempo ridotto im Onlineshop | Gleichcom AG\",\"isPartOf\":{\"@id\":\"https:\\\/\\\/www.gleichcom.samuraidev.ch\\\/it\\\/#website\"},\"primaryImageOfPage\":{\"@id\":\"https:\\\/\\\/www.gleichcom.samuraidev.ch\\\/it\\\/shop\\\/humantechnik-triple-bel-kurzzeitwecker\\\/#primaryimage\"},\"image\":{\"@id\":\"https:\\\/\\\/www.gleichcom.samuraidev.ch\\\/it\\\/shop\\\/humantechnik-triple-bel-kurzzeitwecker\\\/#primaryimage\"},\"thumbnailUrl\":\"https:\\\/\\\/www.gleichcom.samuraidev.ch\\\/wp-content\\\/uploads\\\/2023\\\/09\\\/triplebel.jpg\",\"datePublished\":\"2012-03-13T15:13:36+00:00\",\"description\":\"\u2705 Il timer a vibrazione di breve durata con impulso luminoso \u00e8 il compagno ideale per la cucina, il laboratorio, l'assunzione di farmaci o in viaggio. \u00c8 autoportante o pu\u00f2 essere agganciato discretamente agli abiti con una clip. In un pratico formato tascabile! \u00a0\",\"breadcrumb\":{\"@id\":\"https:\\\/\\\/www.gleichcom.samuraidev.ch\\\/it\\\/shop\\\/humantechnik-triple-bel-kurzzeitwecker\\\/#breadcrumb\"},\"inLanguage\":\"it-IT\",\"potentialAction\":[{\"@type\":\"ReadAction\",\"target\":[\"https:\\\/\\\/www.gleichcom.samuraidev.ch\\\/it\\\/shop\\\/humantechnik-triple-bel-kurzzeitwecker\\\/\"]}]},{\"@type\":\"ImageObject\",\"inLanguage\":\"it-IT\",\"@id\":\"https:\\\/\\\/www.gleichcom.samuraidev.ch\\\/it\\\/shop\\\/humantechnik-triple-bel-kurzzeitwecker\\\/#primaryimage\",\"url\":\"https:\\\/\\\/www.gleichcom.samuraidev.ch\\\/wp-content\\\/uploads\\\/2023\\\/09\\\/triplebel.jpg\",\"contentUrl\":\"https:\\\/\\\/www.gleichcom.samuraidev.ch\\\/wp-content\\\/uploads\\\/2023\\\/09\\\/triplebel.jpg\",\"width\":346,\"height\":500},{\"@type\":\"BreadcrumbList\",\"@id\":\"https:\\\/\\\/www.gleichcom.samuraidev.ch\\\/it\\\/shop\\\/humantechnik-triple-bel-kurzzeitwecker\\\/#breadcrumb\",\"itemListElement\":[{\"@type\":\"ListItem\",\"position\":1,\"name\":\"Startseite\",\"item\":\"https:\\\/\\\/www.gleichcom.samuraidev.ch\\\/it\\\/\"},{\"@type\":\"ListItem\",\"position\":2,\"name\":\"Shop\",\"item\":\"https:\\\/\\\/www.gleichcom.samuraidev.ch\\\/it\\\/shop\\\/\"},{\"@type\":\"ListItem\",\"position\":3,\"name\":\"Humantechnik Sveglia a tre cinture a tempo ridotto\"}]},{\"@type\":\"WebSite\",\"@id\":\"https:\\\/\\\/www.gleichcom.samuraidev.ch\\\/it\\\/#website\",\"url\":\"https:\\\/\\\/www.gleichcom.samuraidev.ch\\\/it\\\/\",\"name\":\"Gleichcom AG\",\"description\":\"besser h\u00f6ren. besser sehen. besser leben.\",\"publisher\":{\"@id\":\"https:\\\/\\\/www.gleichcom.samuraidev.ch\\\/it\\\/#organization\"},\"alternateName\":\"Gleichcom\",\"potentialAction\":[{\"@type\":\"SearchAction\",\"target\":{\"@type\":\"EntryPoint\",\"urlTemplate\":\"https:\\\/\\\/www.gleichcom.samuraidev.ch\\\/it\\\/?s={search_term_string}\"},\"query-input\":{\"@type\":\"PropertyValueSpecification\",\"valueRequired\":true,\"valueName\":\"search_term_string\"}}],\"inLanguage\":\"it-IT\"},{\"@type\":\"Organization\",\"@id\":\"https:\\\/\\\/www.gleichcom.samuraidev.ch\\\/it\\\/#organization\",\"name\":\"Gleichcom AG\",\"alternateName\":\"Gleichcom\",\"url\":\"https:\\\/\\\/www.gleichcom.samuraidev.ch\\\/it\\\/\",\"logo\":{\"@type\":\"ImageObject\",\"inLanguage\":\"it-IT\",\"@id\":\"https:\\\/\\\/www.gleichcom.samuraidev.ch\\\/it\\\/#\\\/schema\\\/logo\\\/image\\\/\",\"url\":\"https:\\\/\\\/www.gleichcom.samuraidev.ch\\\/wp-content\\\/uploads\\\/2023\\\/09\\\/gleichcom-ag-logo-quadrat-farbig-mitte@696.png\",\"contentUrl\":\"https:\\\/\\\/www.gleichcom.samuraidev.ch\\\/wp-content\\\/uploads\\\/2023\\\/09\\\/gleichcom-ag-logo-quadrat-farbig-mitte@696.png\",\"width\":437,\"height\":437,\"caption\":\"Gleichcom AG\"},\"image\":{\"@id\":\"https:\\\/\\\/www.gleichcom.samuraidev.ch\\\/it\\\/#\\\/schema\\\/logo\\\/image\\\/\"},\"sameAs\":[\"https:\\\/\\\/www.facebook.com\\\/profile.php?id=100068749126981\"]}]}<\/script>\n<!-- \/ Yoast SEO plugin. -->","yoast_head_json":{"title":"Humantechnik Sveglia a tre cinture a tempo ridotto im Onlineshop | Gleichcom AG","description":"\u2705 Il timer a vibrazione di breve durata con impulso luminoso \u00e8 il compagno ideale per la cucina, il laboratorio, l'assunzione di farmaci o in viaggio. \u00c8 autoportante o pu\u00f2 essere agganciato discretamente agli abiti con una clip. In un pratico formato tascabile! \u00a0","robots":{"index":"noindex","follow":"follow","max-snippet":"max-snippet:-1","max-image-preview":"max-image-preview:large","max-video-preview":"max-video-preview:-1"},"og_locale":"it_IT","og_type":"article","og_title":"Humantechnik Sveglia a tre cinture a tempo ridotto im Onlineshop | Gleichcom AG","og_description":"\u2705 Il timer a vibrazione di breve durata con impulso luminoso \u00e8 il compagno ideale per la cucina, il laboratorio, l'assunzione di farmaci o in viaggio. \u00c8 autoportante o pu\u00f2 essere agganciato discretamente agli abiti con una clip. In un pratico formato tascabile! \u00a0","og_url":"https:\/\/www.gleichcom.samuraidev.ch\/it\/shop\/humantechnik-triple-bel-kurzzeitwecker\/","og_site_name":"Gleichcom AG","article_publisher":"https:\/\/www.facebook.com\/profile.php?id=100068749126981","og_image":[{"width":346,"height":500,"url":"https:\/\/www.gleichcom.samuraidev.ch\/wp-content\/uploads\/2023\/09\/triplebel.jpg","type":"image\/jpeg"}],"twitter_card":"summary_large_image","schema":{"@context":"https:\/\/schema.org","@graph":[{"@type":"WebPage","@id":"https:\/\/www.gleichcom.samuraidev.ch\/it\/shop\/humantechnik-triple-bel-kurzzeitwecker\/","url":"https:\/\/www.gleichcom.samuraidev.ch\/it\/shop\/humantechnik-triple-bel-kurzzeitwecker\/","name":"Humantechnik Sveglia a tre cinture a tempo ridotto im Onlineshop | Gleichcom AG","isPartOf":{"@id":"https:\/\/www.gleichcom.samuraidev.ch\/it\/#website"},"primaryImageOfPage":{"@id":"https:\/\/www.gleichcom.samuraidev.ch\/it\/shop\/humantechnik-triple-bel-kurzzeitwecker\/#primaryimage"},"image":{"@id":"https:\/\/www.gleichcom.samuraidev.ch\/it\/shop\/humantechnik-triple-bel-kurzzeitwecker\/#primaryimage"},"thumbnailUrl":"https:\/\/www.gleichcom.samuraidev.ch\/wp-content\/uploads\/2023\/09\/triplebel.jpg","datePublished":"2012-03-13T15:13:36+00:00","description":"\u2705 Il timer a vibrazione di breve durata con impulso luminoso \u00e8 il compagno ideale per la cucina, il laboratorio, l'assunzione di farmaci o in viaggio. \u00c8 autoportante o pu\u00f2 essere agganciato discretamente agli abiti con una clip. In un pratico formato tascabile! \u00a0","breadcrumb":{"@id":"https:\/\/www.gleichcom.samuraidev.ch\/it\/shop\/humantechnik-triple-bel-kurzzeitwecker\/#breadcrumb"},"inLanguage":"it-IT","potentialAction":[{"@type":"ReadAction","target":["https:\/\/www.gleichcom.samuraidev.ch\/it\/shop\/humantechnik-triple-bel-kurzzeitwecker\/"]}]},{"@type":"ImageObject","inLanguage":"it-IT","@id":"https:\/\/www.gleichcom.samuraidev.ch\/it\/shop\/humantechnik-triple-bel-kurzzeitwecker\/#primaryimage","url":"https:\/\/www.gleichcom.samuraidev.ch\/wp-content\/uploads\/2023\/09\/triplebel.jpg","contentUrl":"https:\/\/www.gleichcom.samuraidev.ch\/wp-content\/uploads\/2023\/09\/triplebel.jpg","width":346,"height":500},{"@type":"BreadcrumbList","@id":"https:\/\/www.gleichcom.samuraidev.ch\/it\/shop\/humantechnik-triple-bel-kurzzeitwecker\/#breadcrumb","itemListElement":[{"@type":"ListItem","position":1,"name":"Startseite","item":"https:\/\/www.gleichcom.samuraidev.ch\/it\/"},{"@type":"ListItem","position":2,"name":"Shop","item":"https:\/\/www.gleichcom.samuraidev.ch\/it\/shop\/"},{"@type":"ListItem","position":3,"name":"Humantechnik Sveglia a tre cinture a tempo ridotto"}]},{"@type":"WebSite","@id":"https:\/\/www.gleichcom.samuraidev.ch\/it\/#website","url":"https:\/\/www.gleichcom.samuraidev.ch\/it\/","name":"Gleichcom AG","description":"besser h\u00f6ren. besser sehen. besser leben.","publisher":{"@id":"https:\/\/www.gleichcom.samuraidev.ch\/it\/#organization"},"alternateName":"Gleichcom","potentialAction":[{"@type":"SearchAction","target":{"@type":"EntryPoint","urlTemplate":"https:\/\/www.gleichcom.samuraidev.ch\/it\/?s={search_term_string}"},"query-input":{"@type":"PropertyValueSpecification","valueRequired":true,"valueName":"search_term_string"}}],"inLanguage":"it-IT"},{"@type":"Organization","@id":"https:\/\/www.gleichcom.samuraidev.ch\/it\/#organization","name":"Gleichcom AG","alternateName":"Gleichcom","url":"https:\/\/www.gleichcom.samuraidev.ch\/it\/","logo":{"@type":"ImageObject","inLanguage":"it-IT","@id":"https:\/\/www.gleichcom.samuraidev.ch\/it\/#\/schema\/logo\/image\/","url":"https:\/\/www.gleichcom.samuraidev.ch\/wp-content\/uploads\/2023\/09\/gleichcom-ag-logo-quadrat-farbig-mitte@696.png","contentUrl":"https:\/\/www.gleichcom.samuraidev.ch\/wp-content\/uploads\/2023\/09\/gleichcom-ag-logo-quadrat-farbig-mitte@696.png","width":437,"height":437,"caption":"Gleichcom AG"},"image":{"@id":"https:\/\/www.gleichcom.samuraidev.ch\/it\/#\/schema\/logo\/image\/"},"sameAs":["https:\/\/www.facebook.com\/profile.php?id=100068749126981"]}]}},"uagb_featured_image_src":{"full":["https:\/\/www.gleichcom.samuraidev.ch\/wp-content\/uploads\/2023\/09\/triplebel.jpg",346,500,false],"thumbnail":["https:\/\/www.gleichcom.samuraidev.ch\/wp-content\/uploads\/2023\/09\/triplebel.jpg",104,150,false],"medium":["https:\/\/www.gleichcom.samuraidev.ch\/wp-content\/uploads\/2023\/09\/triplebel.jpg",208,300,false],"medium_large":["https:\/\/www.gleichcom.samuraidev.ch\/wp-content\/uploads\/2023\/09\/triplebel.jpg",346,500,false],"large":["https:\/\/www.gleichcom.samuraidev.ch\/wp-content\/uploads\/2023\/09\/triplebel.jpg",346,500,false],"1536x1536":["https:\/\/www.gleichcom.samuraidev.ch\/wp-content\/uploads\/2023\/09\/triplebel.jpg",346,500,false],"2048x2048":["https:\/\/www.gleichcom.samuraidev.ch\/wp-content\/uploads\/2023\/09\/triplebel.jpg",346,500,false],"woocommerce_thumbnail":["https:\/\/www.gleichcom.samuraidev.ch\/wp-content\/uploads\/2023\/09\/triplebel.jpg",300,434,false],"woocommerce_single":["https:\/\/www.gleichcom.samuraidev.ch\/wp-content\/uploads\/2023\/09\/triplebel.jpg",346,500,false],"woocommerce_gallery_thumbnail":["https:\/\/www.gleichcom.samuraidev.ch\/wp-content\/uploads\/2023\/09\/triplebel-100x100.jpg",100,100,true]},"uagb_author_info":{"display_name":"","author_link":"https:\/\/www.gleichcom.samuraidev.ch\/it\/author\/"},"uagb_comment_info":0,"uagb_excerpt":"Il timer a vibrazione di breve durata con impulso luminoso \u00e8 il compagno ideale per la cucina, il laboratorio, l'assunzione di farmaci o in viaggio. \u00c8 autoportante o pu\u00f2 essere agganciato discretamente agli abiti con una clip. In un pratico formato tascabile! \u00a0","_links":{"self":[{"href":"https:\/\/www.gleichcom.samuraidev.ch\/it\/wp-json\/wp\/v2\/product\/3091","targetHints":{"allow":["GET"]}}],"collection":[{"href":"https:\/\/www.gleichcom.samuraidev.ch\/it\/wp-json\/wp\/v2\/product"}],"about":[{"href":"https:\/\/www.gleichcom.samuraidev.ch\/it\/wp-json\/wp\/v2\/types\/product"}],"wp:featuredmedia":[{"embeddable":true,"href":"https:\/\/www.gleichcom.samuraidev.ch\/it\/wp-json\/wp\/v2\/media\/2124"}],"wp:attachment":[{"href":"https:\/\/www.gleichcom.samuraidev.ch\/it\/wp-json\/wp\/v2\/media?parent=3091"}],"wp:term":[{"taxonomy":"product_brand","embeddable":true,"href":"https:\/\/www.gleichcom.samuraidev.ch\/it\/wp-json\/wp\/v2\/product_brand?post=3091"},{"taxonomy":"product_cat","embeddable":true,"href":"https:\/\/www.gleichcom.samuraidev.ch\/it\/wp-json\/wp\/v2\/product_cat?post=3091"},{"taxonomy":"product_tag","embeddable":true,"href":"https:\/\/www.gleichcom.samuraidev.ch\/it\/wp-json\/wp\/v2\/product_tag?post=3091"}],"curies":[{"name":"wp","href":"https:\/\/api.w.org\/{rel}","templated":true}]}}