{"id":3124,"date":"2012-03-15T17:21:39","date_gmt":"2012-03-15T16:21:39","guid":{"rendered":"https:\/\/www.gleichcom.samuraidev.ch\/?product=signolux-traveler-set-fuer-hotel-und-feriendomizile"},"modified":"1000-01-01T00:00:00","modified_gmt":"1000-01-01T00:00:00","slug":"signolux-traveler-set-fuer-hotel-und-feriendomizile","status":"publish","type":"product","link":"https:\/\/www.gleichcom.samuraidev.ch\/it\/shop\/signolux-traveler-set-fuer-hotel-und-feriendomizile\/","title":{"rendered":"Signolux Traveler Set pour h\u00f4tels et r\u00e9sidences de vacances"},"content":{"rendered":"<p>\n\t<b>Composants du Traveler Set<\/b><br \/>\n\tNon \u00e8 raro che la sveglia o addirittura il servizio in camera vengano ascoltati in viaggio perch\u00e9 l&#8217;annuncio \u00e8 troppo silenzioso. Il set Traveler vi offre la soluzione ideale per questo!<br \/>\n\tLa targhetta per porta inclusa segnala che non si vuole essere disturbati o che si vuole annunciare il proprio arrivo premendo il campanello. A questo pu\u00f2 essere collegato il pulsante di chiamata radio, che funziona come un campanello e quindi annuncia in modo affidabile il personale o i visitatori!<br \/>\n\tGrazie al cuscino antivibrazioni, non vi perderete mai pi\u00f9 la colazione a buffet! Si sveglia in modo affidabile e pu\u00f2 essere facilmente collegato alla sveglia del ricevitore.\u00a0\u00a0Inoltre, il monitor di allarme vi informer\u00e0 in modo affidabile anche in caso di incendio.<br \/>\n\tInfine, \u00e8 inclusa una comoda sveglia digitale:<br \/>\n\t\u00c8 il cuore dell&#8217;apparecchio, in quanto funge anche da ricevitore per tutti gli altri componenti, informando l&#8217;utente di tutti gli allarmi e le chiamate in arrivo mediante un segnale luminoso, un forte tono di chiamata e un display a simboli.<br \/>\n\tIn questo modo non vi sfuggir\u00e0 mai pi\u00f9 un campanello, una sveglia o persino un rilevatore di fumo!<\/p>\n<p>\t<b>Mobile e sicuro<\/b><br \/>\n\tI componenti del vostro Traveler Set non richiedono alcuna installazione fissa e sono pronti per l&#8217;uso immediato!<br \/>\n\tNella pratica custodia morbida, \u00e8 il compagno di viaggio ideale:<br \/>\n\tNessun segnale acustico e nessun allarme vi sfuggir\u00e0, sia in un hotel, che in una pensione o in un appartamento per le vacanze!\n<\/p>\n<p>\n\t<b><a href=\"images\/Traveler_Set_DE.pdf\" target=\"_blank\">PROSPEKT<\/a><br \/>\n\tIn sintesi<\/b>\n<\/p>\n<ul>\n<li>Set da viaggio in una pratica custodia morbida per l&#8217;utilizzo in viaggio<\/li>\n<li>Mobile, sicuro e pronto in pochi passaggi<\/li>\n<li>Non \u00e8 necessaria un&#8217;installazione fissa<\/li>\n<li>L&#8217;allarme del ricevitore segnala le chiamate e gli allarmi in arrivo tramite un segnale luminoso, una suoneria forte e un display a simboli<\/li>\n<li>Etichetta per la porta con messaggio ai visitatori o al personale<\/li>\n<li>Il pulsante di chiamata via radio funge da campanello e invia il segnale alla sveglia del ricevitore.<\/li>\n<li>Il cuscinetto a vibrazione come funzione di allarme \u00e8 collegato al monitor di allarme<\/li>\n<li>Il monitor di allarme inoltra via radio i segnali acustici di allarme di tutti i rilevatori di fumo alla sveglia ricevente.<\/li>\n<\/ul>\n<p>\n\t<b>Ambito di consegna<\/b>\n<\/p>\n<ul>\n<li>1 x Custodia morbida<\/li>\n<li>1 x Etichetta per la porta<\/li>\n<li>1 x pulsante di chiamata radio<\/li>\n<li>1 x sveglia con ricevitore<\/li>\n<li>1 x cuscinetto di vibrazione<\/li>\n<li>1 x Monitor di allarme<\/li>\n<li>1 x manuale di istruzioni<\/li>\n<\/ul>\n","protected":false},"excerpt":{"rendered":"<p>Compagno di viaggio ideale per la segnalazione di segnali acustici negli alberghi.<br \/>\nSegnali, ad es. visitatori o servizio in camera!<\/p>\n","protected":false},"featured_media":2217,"template":"","meta":{"inline_featured_image":false,"_uag_custom_page_level_css":"","site-sidebar-layout":"default","site-content-layout":"","ast-site-content-layout":"default","site-content-style":"default","site-sidebar-style":"default","ast-global-header-display":"","ast-banner-title-visibility":"","ast-main-header-display":"","ast-hfb-above-header-display":"","ast-hfb-below-header-display":"","ast-hfb-mobile-header-display":"","site-post-title":"","ast-breadcrumbs-content":"","ast-featured-img":"","footer-sml-layout":"","ast-disable-related-posts":"","theme-transparent-header-meta":"","adv-header-id-meta":"","stick-header-meta":"","header-above-stick-meta":"","header-main-stick-meta":"","header-below-stick-meta":"","astra-migrate-meta-layouts":"default","ast-page-background-enabled":"default","ast-page-background-meta":{"desktop":{"background-color":"","background-image":"","background-repeat":"repeat","background-position":"center center","background-size":"auto","background-attachment":"scroll","background-type":"","background-media":"","overlay-type":"","overlay-color":"","overlay-opacity":"","overlay-gradient":""},"tablet":{"background-color":"","background-image":"","background-repeat":"repeat","background-position":"center center","background-size":"auto","background-attachment":"scroll","background-type":"","background-media":"","overlay-type":"","overlay-color":"","overlay-opacity":"","overlay-gradient":""},"mobile":{"background-color":"","background-image":"","background-repeat":"repeat","background-position":"center center","background-size":"auto","background-attachment":"scroll","background-type":"","background-media":"","overlay-type":"","overlay-color":"","overlay-opacity":"","overlay-gradient":""}},"ast-content-background-meta":{"desktop":{"background-color":"var(--ast-global-color-5)","background-image":"","background-repeat":"repeat","background-position":"center center","background-size":"auto","background-attachment":"scroll","background-type":"","background-media":"","overlay-type":"","overlay-color":"","overlay-opacity":"","overlay-gradient":""},"tablet":{"background-color":"var(--ast-global-color-5)","background-image":"","background-repeat":"repeat","background-position":"center center","background-size":"auto","background-attachment":"scroll","background-type":"","background-media":"","overlay-type":"","overlay-color":"","overlay-opacity":"","overlay-gradient":""},"mobile":{"background-color":"var(--ast-global-color-5)","background-image":"","background-repeat":"repeat","background-position":"center center","background-size":"auto","background-attachment":"scroll","background-type":"","background-media":"","overlay-type":"","overlay-color":"","overlay-opacity":"","overlay-gradient":""}}},"product_brand":[],"product_cat":[1776],"product_tag":[],"class_list":{"0":"post-3124","1":"product","2":"type-product","3":"status-publish","4":"has-post-thumbnail","6":"product_cat-unkategorisiert","7":"desktop-align-center","8":"tablet-align-center","9":"mobile-align-center","10":"ast-product-gallery-layout-horizontal-slider","11":"ast-product-tabs-layout-accordion","13":"first","14":"outofstock","15":"taxable","16":"shipping-taxable","17":"purchasable","18":"product-type-simple"},"yoast_head":"<!-- This site is optimized with the Yoast SEO plugin v27.6 - https:\/\/yoast.com\/product\/yoast-seo-wordpress\/ -->\n<title>Signolux Traveler Set pour h\u00f4tels et r\u00e9sidences de vacances im Onlineshop | Gleichcom AG<\/title>\n<meta name=\"description\" content=\"\u2705 Compagno di viaggio ideale per la segnalazione di segnali acustici negli alberghi. Segnali, ad es. visitatori o servizio in camera!\" \/>\n<meta name=\"robots\" content=\"noindex, follow, max-snippet:-1, max-image-preview:large, max-video-preview:-1\" \/>\n<meta property=\"og:locale\" content=\"it_IT\" \/>\n<meta property=\"og:type\" content=\"article\" \/>\n<meta property=\"og:title\" content=\"Signolux Traveler Set pour h\u00f4tels et r\u00e9sidences de vacances im Onlineshop | Gleichcom AG\" \/>\n<meta property=\"og:description\" content=\"\u2705 Compagno di viaggio ideale per la segnalazione di segnali acustici negli alberghi. Segnali, ad es. visitatori o servizio in camera!\" \/>\n<meta property=\"og:url\" content=\"https:\/\/www.gleichcom.samuraidev.ch\/it\/shop\/signolux-traveler-set-fuer-hotel-und-feriendomizile\/\" \/>\n<meta property=\"og:site_name\" content=\"Gleichcom AG\" \/>\n<meta property=\"article:publisher\" content=\"https:\/\/www.facebook.com\/profile.php?id=100068749126981\" \/>\n<meta property=\"og:image\" content=\"https:\/\/www.gleichcom.samuraidev.ch\/wp-content\/uploads\/2023\/09\/travelerKit.jpg\" \/>\n\t<meta property=\"og:image:width\" content=\"500\" \/>\n\t<meta property=\"og:image:height\" content=\"161\" \/>\n\t<meta property=\"og:image:type\" content=\"image\/jpeg\" \/>\n<meta name=\"twitter:card\" content=\"summary_large_image\" \/>\n<script type=\"application\/ld+json\" class=\"yoast-schema-graph\">{\"@context\":\"https:\\\/\\\/schema.org\",\"@graph\":[{\"@type\":\"WebPage\",\"@id\":\"https:\\\/\\\/www.gleichcom.samuraidev.ch\\\/it\\\/shop\\\/signolux-traveler-set-fuer-hotel-und-feriendomizile\\\/\",\"url\":\"https:\\\/\\\/www.gleichcom.samuraidev.ch\\\/it\\\/shop\\\/signolux-traveler-set-fuer-hotel-und-feriendomizile\\\/\",\"name\":\"Signolux Traveler Set pour h\u00f4tels et r\u00e9sidences de vacances im Onlineshop | Gleichcom AG\",\"isPartOf\":{\"@id\":\"https:\\\/\\\/www.gleichcom.samuraidev.ch\\\/it\\\/#website\"},\"primaryImageOfPage\":{\"@id\":\"https:\\\/\\\/www.gleichcom.samuraidev.ch\\\/it\\\/shop\\\/signolux-traveler-set-fuer-hotel-und-feriendomizile\\\/#primaryimage\"},\"image\":{\"@id\":\"https:\\\/\\\/www.gleichcom.samuraidev.ch\\\/it\\\/shop\\\/signolux-traveler-set-fuer-hotel-und-feriendomizile\\\/#primaryimage\"},\"thumbnailUrl\":\"https:\\\/\\\/www.gleichcom.samuraidev.ch\\\/wp-content\\\/uploads\\\/2023\\\/09\\\/travelerKit.jpg\",\"datePublished\":\"2012-03-15T16:21:39+00:00\",\"description\":\"\u2705 Compagno di viaggio ideale per la segnalazione di segnali acustici negli alberghi. Segnali, ad es. visitatori o servizio in camera!\",\"breadcrumb\":{\"@id\":\"https:\\\/\\\/www.gleichcom.samuraidev.ch\\\/it\\\/shop\\\/signolux-traveler-set-fuer-hotel-und-feriendomizile\\\/#breadcrumb\"},\"inLanguage\":\"it-IT\",\"potentialAction\":[{\"@type\":\"ReadAction\",\"target\":[\"https:\\\/\\\/www.gleichcom.samuraidev.ch\\\/it\\\/shop\\\/signolux-traveler-set-fuer-hotel-und-feriendomizile\\\/\"]}]},{\"@type\":\"ImageObject\",\"inLanguage\":\"it-IT\",\"@id\":\"https:\\\/\\\/www.gleichcom.samuraidev.ch\\\/it\\\/shop\\\/signolux-traveler-set-fuer-hotel-und-feriendomizile\\\/#primaryimage\",\"url\":\"https:\\\/\\\/www.gleichcom.samuraidev.ch\\\/wp-content\\\/uploads\\\/2023\\\/09\\\/travelerKit.jpg\",\"contentUrl\":\"https:\\\/\\\/www.gleichcom.samuraidev.ch\\\/wp-content\\\/uploads\\\/2023\\\/09\\\/travelerKit.jpg\",\"width\":500,\"height\":161},{\"@type\":\"BreadcrumbList\",\"@id\":\"https:\\\/\\\/www.gleichcom.samuraidev.ch\\\/it\\\/shop\\\/signolux-traveler-set-fuer-hotel-und-feriendomizile\\\/#breadcrumb\",\"itemListElement\":[{\"@type\":\"ListItem\",\"position\":1,\"name\":\"Startseite\",\"item\":\"https:\\\/\\\/www.gleichcom.samuraidev.ch\\\/it\\\/\"},{\"@type\":\"ListItem\",\"position\":2,\"name\":\"Shop\",\"item\":\"https:\\\/\\\/www.gleichcom.samuraidev.ch\\\/it\\\/shop\\\/\"},{\"@type\":\"ListItem\",\"position\":3,\"name\":\"Signolux Traveler Set pour h\u00f4tels et r\u00e9sidences de vacances\"}]},{\"@type\":\"WebSite\",\"@id\":\"https:\\\/\\\/www.gleichcom.samuraidev.ch\\\/it\\\/#website\",\"url\":\"https:\\\/\\\/www.gleichcom.samuraidev.ch\\\/it\\\/\",\"name\":\"Gleichcom AG\",\"description\":\"besser h\u00f6ren. besser sehen. besser leben.\",\"publisher\":{\"@id\":\"https:\\\/\\\/www.gleichcom.samuraidev.ch\\\/it\\\/#organization\"},\"alternateName\":\"Gleichcom\",\"potentialAction\":[{\"@type\":\"SearchAction\",\"target\":{\"@type\":\"EntryPoint\",\"urlTemplate\":\"https:\\\/\\\/www.gleichcom.samuraidev.ch\\\/it\\\/?s={search_term_string}\"},\"query-input\":{\"@type\":\"PropertyValueSpecification\",\"valueRequired\":true,\"valueName\":\"search_term_string\"}}],\"inLanguage\":\"it-IT\"},{\"@type\":\"Organization\",\"@id\":\"https:\\\/\\\/www.gleichcom.samuraidev.ch\\\/it\\\/#organization\",\"name\":\"Gleichcom AG\",\"alternateName\":\"Gleichcom\",\"url\":\"https:\\\/\\\/www.gleichcom.samuraidev.ch\\\/it\\\/\",\"logo\":{\"@type\":\"ImageObject\",\"inLanguage\":\"it-IT\",\"@id\":\"https:\\\/\\\/www.gleichcom.samuraidev.ch\\\/it\\\/#\\\/schema\\\/logo\\\/image\\\/\",\"url\":\"https:\\\/\\\/www.gleichcom.samuraidev.ch\\\/wp-content\\\/uploads\\\/2023\\\/09\\\/gleichcom-ag-logo-quadrat-farbig-mitte@696.png\",\"contentUrl\":\"https:\\\/\\\/www.gleichcom.samuraidev.ch\\\/wp-content\\\/uploads\\\/2023\\\/09\\\/gleichcom-ag-logo-quadrat-farbig-mitte@696.png\",\"width\":437,\"height\":437,\"caption\":\"Gleichcom AG\"},\"image\":{\"@id\":\"https:\\\/\\\/www.gleichcom.samuraidev.ch\\\/it\\\/#\\\/schema\\\/logo\\\/image\\\/\"},\"sameAs\":[\"https:\\\/\\\/www.facebook.com\\\/profile.php?id=100068749126981\"]}]}<\/script>\n<!-- \/ Yoast SEO plugin. -->","yoast_head_json":{"title":"Signolux Traveler Set pour h\u00f4tels et r\u00e9sidences de vacances im Onlineshop | Gleichcom AG","description":"\u2705 Compagno di viaggio ideale per la segnalazione di segnali acustici negli alberghi. Segnali, ad es. visitatori o servizio in camera!","robots":{"index":"noindex","follow":"follow","max-snippet":"max-snippet:-1","max-image-preview":"max-image-preview:large","max-video-preview":"max-video-preview:-1"},"og_locale":"it_IT","og_type":"article","og_title":"Signolux Traveler Set pour h\u00f4tels et r\u00e9sidences de vacances im Onlineshop | Gleichcom AG","og_description":"\u2705 Compagno di viaggio ideale per la segnalazione di segnali acustici negli alberghi. Segnali, ad es. visitatori o servizio in camera!","og_url":"https:\/\/www.gleichcom.samuraidev.ch\/it\/shop\/signolux-traveler-set-fuer-hotel-und-feriendomizile\/","og_site_name":"Gleichcom AG","article_publisher":"https:\/\/www.facebook.com\/profile.php?id=100068749126981","og_image":[{"width":500,"height":161,"url":"https:\/\/www.gleichcom.samuraidev.ch\/wp-content\/uploads\/2023\/09\/travelerKit.jpg","type":"image\/jpeg"}],"twitter_card":"summary_large_image","schema":{"@context":"https:\/\/schema.org","@graph":[{"@type":"WebPage","@id":"https:\/\/www.gleichcom.samuraidev.ch\/it\/shop\/signolux-traveler-set-fuer-hotel-und-feriendomizile\/","url":"https:\/\/www.gleichcom.samuraidev.ch\/it\/shop\/signolux-traveler-set-fuer-hotel-und-feriendomizile\/","name":"Signolux Traveler Set pour h\u00f4tels et r\u00e9sidences de vacances im Onlineshop | Gleichcom AG","isPartOf":{"@id":"https:\/\/www.gleichcom.samuraidev.ch\/it\/#website"},"primaryImageOfPage":{"@id":"https:\/\/www.gleichcom.samuraidev.ch\/it\/shop\/signolux-traveler-set-fuer-hotel-und-feriendomizile\/#primaryimage"},"image":{"@id":"https:\/\/www.gleichcom.samuraidev.ch\/it\/shop\/signolux-traveler-set-fuer-hotel-und-feriendomizile\/#primaryimage"},"thumbnailUrl":"https:\/\/www.gleichcom.samuraidev.ch\/wp-content\/uploads\/2023\/09\/travelerKit.jpg","datePublished":"2012-03-15T16:21:39+00:00","description":"\u2705 Compagno di viaggio ideale per la segnalazione di segnali acustici negli alberghi. Segnali, ad es. visitatori o servizio in camera!","breadcrumb":{"@id":"https:\/\/www.gleichcom.samuraidev.ch\/it\/shop\/signolux-traveler-set-fuer-hotel-und-feriendomizile\/#breadcrumb"},"inLanguage":"it-IT","potentialAction":[{"@type":"ReadAction","target":["https:\/\/www.gleichcom.samuraidev.ch\/it\/shop\/signolux-traveler-set-fuer-hotel-und-feriendomizile\/"]}]},{"@type":"ImageObject","inLanguage":"it-IT","@id":"https:\/\/www.gleichcom.samuraidev.ch\/it\/shop\/signolux-traveler-set-fuer-hotel-und-feriendomizile\/#primaryimage","url":"https:\/\/www.gleichcom.samuraidev.ch\/wp-content\/uploads\/2023\/09\/travelerKit.jpg","contentUrl":"https:\/\/www.gleichcom.samuraidev.ch\/wp-content\/uploads\/2023\/09\/travelerKit.jpg","width":500,"height":161},{"@type":"BreadcrumbList","@id":"https:\/\/www.gleichcom.samuraidev.ch\/it\/shop\/signolux-traveler-set-fuer-hotel-und-feriendomizile\/#breadcrumb","itemListElement":[{"@type":"ListItem","position":1,"name":"Startseite","item":"https:\/\/www.gleichcom.samuraidev.ch\/it\/"},{"@type":"ListItem","position":2,"name":"Shop","item":"https:\/\/www.gleichcom.samuraidev.ch\/it\/shop\/"},{"@type":"ListItem","position":3,"name":"Signolux Traveler Set pour h\u00f4tels et r\u00e9sidences de vacances"}]},{"@type":"WebSite","@id":"https:\/\/www.gleichcom.samuraidev.ch\/it\/#website","url":"https:\/\/www.gleichcom.samuraidev.ch\/it\/","name":"Gleichcom AG","description":"besser h\u00f6ren. besser sehen. besser leben.","publisher":{"@id":"https:\/\/www.gleichcom.samuraidev.ch\/it\/#organization"},"alternateName":"Gleichcom","potentialAction":[{"@type":"SearchAction","target":{"@type":"EntryPoint","urlTemplate":"https:\/\/www.gleichcom.samuraidev.ch\/it\/?s={search_term_string}"},"query-input":{"@type":"PropertyValueSpecification","valueRequired":true,"valueName":"search_term_string"}}],"inLanguage":"it-IT"},{"@type":"Organization","@id":"https:\/\/www.gleichcom.samuraidev.ch\/it\/#organization","name":"Gleichcom AG","alternateName":"Gleichcom","url":"https:\/\/www.gleichcom.samuraidev.ch\/it\/","logo":{"@type":"ImageObject","inLanguage":"it-IT","@id":"https:\/\/www.gleichcom.samuraidev.ch\/it\/#\/schema\/logo\/image\/","url":"https:\/\/www.gleichcom.samuraidev.ch\/wp-content\/uploads\/2023\/09\/gleichcom-ag-logo-quadrat-farbig-mitte@696.png","contentUrl":"https:\/\/www.gleichcom.samuraidev.ch\/wp-content\/uploads\/2023\/09\/gleichcom-ag-logo-quadrat-farbig-mitte@696.png","width":437,"height":437,"caption":"Gleichcom AG"},"image":{"@id":"https:\/\/www.gleichcom.samuraidev.ch\/it\/#\/schema\/logo\/image\/"},"sameAs":["https:\/\/www.facebook.com\/profile.php?id=100068749126981"]}]}},"uagb_featured_image_src":{"full":["https:\/\/www.gleichcom.samuraidev.ch\/wp-content\/uploads\/2023\/09\/travelerKit.jpg",500,161,false],"thumbnail":["https:\/\/www.gleichcom.samuraidev.ch\/wp-content\/uploads\/2023\/09\/travelerKit.jpg",150,48,false],"medium":["https:\/\/www.gleichcom.samuraidev.ch\/wp-content\/uploads\/2023\/09\/travelerKit.jpg",300,97,false],"medium_large":["https:\/\/www.gleichcom.samuraidev.ch\/wp-content\/uploads\/2023\/09\/travelerKit.jpg",500,161,false],"large":["https:\/\/www.gleichcom.samuraidev.ch\/wp-content\/uploads\/2023\/09\/travelerKit.jpg",500,161,false],"1536x1536":["https:\/\/www.gleichcom.samuraidev.ch\/wp-content\/uploads\/2023\/09\/travelerKit.jpg",500,161,false],"2048x2048":["https:\/\/www.gleichcom.samuraidev.ch\/wp-content\/uploads\/2023\/09\/travelerKit.jpg",500,161,false],"woocommerce_thumbnail":["https:\/\/www.gleichcom.samuraidev.ch\/wp-content\/uploads\/2023\/09\/travelerKit.jpg",300,97,false],"woocommerce_single":["https:\/\/www.gleichcom.samuraidev.ch\/wp-content\/uploads\/2023\/09\/travelerKit.jpg",500,161,false],"woocommerce_gallery_thumbnail":["https:\/\/www.gleichcom.samuraidev.ch\/wp-content\/uploads\/2023\/09\/travelerKit-100x100.jpg",100,100,true]},"uagb_author_info":{"display_name":"","author_link":"https:\/\/www.gleichcom.samuraidev.ch\/it\/author\/"},"uagb_comment_info":0,"uagb_excerpt":"Compagno di viaggio ideale per la segnalazione di segnali acustici negli alberghi. Segnali, ad es. visitatori o servizio in camera!","_links":{"self":[{"href":"https:\/\/www.gleichcom.samuraidev.ch\/it\/wp-json\/wp\/v2\/product\/3124","targetHints":{"allow":["GET"]}}],"collection":[{"href":"https:\/\/www.gleichcom.samuraidev.ch\/it\/wp-json\/wp\/v2\/product"}],"about":[{"href":"https:\/\/www.gleichcom.samuraidev.ch\/it\/wp-json\/wp\/v2\/types\/product"}],"wp:featuredmedia":[{"embeddable":true,"href":"https:\/\/www.gleichcom.samuraidev.ch\/it\/wp-json\/wp\/v2\/media\/2217"}],"wp:attachment":[{"href":"https:\/\/www.gleichcom.samuraidev.ch\/it\/wp-json\/wp\/v2\/media?parent=3124"}],"wp:term":[{"taxonomy":"product_brand","embeddable":true,"href":"https:\/\/www.gleichcom.samuraidev.ch\/it\/wp-json\/wp\/v2\/product_brand?post=3124"},{"taxonomy":"product_cat","embeddable":true,"href":"https:\/\/www.gleichcom.samuraidev.ch\/it\/wp-json\/wp\/v2\/product_cat?post=3124"},{"taxonomy":"product_tag","embeddable":true,"href":"https:\/\/www.gleichcom.samuraidev.ch\/it\/wp-json\/wp\/v2\/product_tag?post=3124"}],"curies":[{"name":"wp","href":"https:\/\/api.w.org\/{rel}","templated":true}]}}