{"id":3280,"date":"2014-02-06T15:37:51","date_gmt":"2014-02-06T14:37:51","guid":{"rendered":"https:\/\/www.gleichcom.samuraidev.ch\/?product=geemarc-wecker-sonic-boom-bomb-sbb-500ss"},"modified":"1000-01-01T00:00:00","modified_gmt":"1000-01-01T00:00:00","slug":"geemarc-wecker-sonic-boom-bomb-sbb-500ss","status":"publish","type":"product","link":"https:\/\/www.gleichcom.samuraidev.ch\/it\/shop\/geemarc-wecker-sonic-boom-bomb-sbb-500ss\/","title":{"rendered":"Sveglia Geemarc Sonic Bomb SBB 500SS"},"content":{"rendered":"<div>\n\t<span style=\"color: rgb(0, 0, 0);\"><strong><span style=\"font-size: 16px;\">Sveglia Geemarc Sonic Boom Bomb SBB 500SS<\/span><\/strong><\/span>\n<\/div>\n<div>\n\t<br \/>\n\t<span style=\"color: rgb(0, 0, 0);\">Fate fatica a svegliarvi al mattino? Non sentite la sveglia e fate sempre tardi a scuola, al lavoro o ai vostri impegni? Dovete alzarvi presto e non vorreste svegliare il vostro fratellino \/sorellina o chi vi sta accanto? Oppure volete svegliarvi senza farvi accorgere da qualcuno? Allora questa sveglia \u00e8 proprio quella che vi serve. <\/span>\n<\/div>\n<div>\n\t<span style=\"color: rgb(0, 0, 0);\">A tutti sar\u00e0 successo almeno una volta di non sentire il &#8220;rumore&#8221; dell\u2019allarme, pur fastidioso ed odioso che sia. Oppure dopo diversi giorni vi siete abituati e se non cambiate tipo di suoneria non vi alzate piu&#8217;&#8230;.O magari siete portatori di protesi acustiche e durante la notte le togliete, quindi al mattino non riuscite a sentire la sveglia che &#8220;vi chiama&#8221;&#8230;. <\/span>\n<\/div>\n<div>\n\t<span style=\"color: rgb(0, 0, 0);\">Bene, questa particolare sveglia vi butter\u00e0 tranquillamente gi\u00f9 dal letto visto che un dispositivo (da tenere sotto il cuscino o meglio ancora sotto il materasso) inizier\u00e0 a tremare quando sar\u00e0 l\u2019ora fatidica. Ma non \u00e8 finita qui: nel caso facciate fatica a svegliarvi con le potenti vibrazioni, potete impostare il tremendo allarme sonoro (fino a 113db !) totalmente personalizzabile sia sotto l&#8217; aspetto del volume che del tono. Quindi avrete la possibilit\u00e0 di regolare l&#8217; allarme in base alle tonalit\u00e0 gravi \/ acute, fino a trovare la frequenza che il vostro udito percepisce di pi\u00f9! <\/span>\n<\/div>\n<div>\n\t<span style=\"color: rgb(0, 0, 0);\">La sveglia Sonic Boom \u00e8 dotata di un colorato display digitale la cui luminosit\u00e0 \u00e8 regolabile tramite uno switch posto sul retro. L&#8217; alimentatore \u00e8 esterno, quindi se in futuro di dovesse guastare sar\u00e0 facilissimo trovarne uno adatto a pochi euro. <\/span>\n<\/div>\n<div>\n\t\u00a0\n<\/div>\n<div>\n\t<strong><span style=\"color: rgb(0, 0, 0);\">Specifiche: <\/span><\/strong>\n<\/div>\n<div>\n\t<span style=\"color: rgb(0, 0, 0);\">&#8211; Ottimo display digitale colorato con due tipi di luminosit\u00e0 <\/span>\n<\/div>\n<div>\n\t<span style=\"color: rgb(0, 0, 0);\">&#8211; Design pi\u00f9 unico che originale <\/span>\n<\/div>\n<div>\n\t<span style=\"color: rgb(0, 0, 0);\">&#8211; Funzione snooze (ripete l&#8217; allarme dopo 10 minuti) <\/span>\n<\/div>\n<div>\n\t<span style=\"color: rgb(0, 0, 0);\">&#8211; Doppia vibrazione: media\/potente <\/span>\n<\/div>\n<div>\n\t<span style=\"color: rgb(0, 0, 0);\">&#8211; Vibratore separabile <\/span>\n<\/div>\n<div>\n\t<span style=\"color: rgb(0, 0, 0);\">&#8211; Volume potentissimo (fini a +113 dB ) <\/span>\n<\/div>\n<div>\n\t<span style=\"color: rgb(0, 0, 0);\">&#8211; Toni regolabili (su frequenze acute \/ gravi) <\/span>\n<\/div>\n<div>\n\t<span style=\"color: rgb(0, 0, 0);\">&#8211; 3 opzioni di sveglia <\/span>\n<\/div>\n<div>\n\t<span style=\"color: rgb(0, 0, 0);\">&#8211; Semplicissima da usare <\/span>\n<\/div>\n<div>\n\t<span style=\"color: rgb(0, 0, 0);\">&#8211; Funzione 12\/24 ore <\/span>\n<\/div>\n<div>\n\t<span style=\"color: rgb(0, 0, 0);\">&#8211; Ottima qualit\u00e0 e fattura <\/span>\n<\/div>\n<div>\n\t<span style=\"color: rgb(0, 0, 0);\">&#8211; 2 anni di garanzia con sostituzione immediata <\/span>\n<\/div>\n","protected":false},"excerpt":{"rendered":"<p>\tFate fatica a svegliarvi al mattino?<br \/>\n\tNon sentite la sveglia e fate sempre tardi a scuola, al lavoro o ai vostri impegni?<br \/>\n\tDovete alzarvi presto e non vorreste svegliare il vostro fratellino \/sorellina o chi vi sta accanto? Oppure volete svegliarvi senza farvi accorgere da qualcuno?<br \/>\n\tAllora questa sveglia \u00e8 proprio quella che vi serve. <\/p>\n","protected":false},"featured_media":2700,"template":"","meta":{"inline_featured_image":false,"_uag_custom_page_level_css":"","site-sidebar-layout":"default","site-content-layout":"","ast-site-content-layout":"default","site-content-style":"default","site-sidebar-style":"default","ast-global-header-display":"","ast-banner-title-visibility":"","ast-main-header-display":"","ast-hfb-above-header-display":"","ast-hfb-below-header-display":"","ast-hfb-mobile-header-display":"","site-post-title":"","ast-breadcrumbs-content":"","ast-featured-img":"","footer-sml-layout":"","ast-disable-related-posts":"","theme-transparent-header-meta":"","adv-header-id-meta":"","stick-header-meta":"","header-above-stick-meta":"","header-main-stick-meta":"","header-below-stick-meta":"","astra-migrate-meta-layouts":"default","ast-page-background-enabled":"default","ast-page-background-meta":{"desktop":{"background-color":"","background-image":"","background-repeat":"repeat","background-position":"center center","background-size":"auto","background-attachment":"scroll","background-type":"","background-media":"","overlay-type":"","overlay-color":"","overlay-opacity":"","overlay-gradient":""},"tablet":{"background-color":"","background-image":"","background-repeat":"repeat","background-position":"center center","background-size":"auto","background-attachment":"scroll","background-type":"","background-media":"","overlay-type":"","overlay-color":"","overlay-opacity":"","overlay-gradient":""},"mobile":{"background-color":"","background-image":"","background-repeat":"repeat","background-position":"center center","background-size":"auto","background-attachment":"scroll","background-type":"","background-media":"","overlay-type":"","overlay-color":"","overlay-opacity":"","overlay-gradient":""}},"ast-content-background-meta":{"desktop":{"background-color":"var(--ast-global-color-5)","background-image":"","background-repeat":"repeat","background-position":"center center","background-size":"auto","background-attachment":"scroll","background-type":"","background-media":"","overlay-type":"","overlay-color":"","overlay-opacity":"","overlay-gradient":""},"tablet":{"background-color":"var(--ast-global-color-5)","background-image":"","background-repeat":"repeat","background-position":"center center","background-size":"auto","background-attachment":"scroll","background-type":"","background-media":"","overlay-type":"","overlay-color":"","overlay-opacity":"","overlay-gradient":""},"mobile":{"background-color":"var(--ast-global-color-5)","background-image":"","background-repeat":"repeat","background-position":"center center","background-size":"auto","background-attachment":"scroll","background-type":"","background-media":"","overlay-type":"","overlay-color":"","overlay-opacity":"","overlay-gradient":""}}},"product_brand":[],"product_cat":[1776],"product_tag":[],"class_list":{"0":"post-3280","1":"product","2":"type-product","3":"status-publish","4":"has-post-thumbnail","6":"product_cat-unkategorisiert","7":"desktop-align-center","8":"tablet-align-center","9":"mobile-align-center","10":"ast-product-gallery-layout-horizontal-slider","11":"ast-product-tabs-layout-accordion","13":"first","14":"instock","15":"taxable","16":"shipping-taxable","17":"purchasable","18":"product-type-simple"},"yoast_head":"<!-- This site is optimized with the Yoast SEO plugin v27.6 - https:\/\/yoast.com\/product\/yoast-seo-wordpress\/ -->\n<title>Sveglia Geemarc Sonic Bomb SBB 500SS im Onlineshop | Gleichcom AG<\/title>\n<meta name=\"description\" content=\"\u2705 Fate fatica a svegliarvi al mattino?  Non sentite la sveglia e fate sempre tardi a scuola, al lavoro o ai vostri impegni?  Dovete alzarvi presto e non vorreste svegliare il vostro fratellino \/sorellina o chi vi sta accanto? Oppure volete svegliarvi senza farvi accorgere da qualcuno?  Allora questa sveglia \u00e8 proprio quella che vi serve.\" \/>\n<meta name=\"robots\" content=\"noindex, follow, max-snippet:-1, max-image-preview:large, max-video-preview:-1\" \/>\n<meta property=\"og:locale\" content=\"it_IT\" \/>\n<meta property=\"og:type\" content=\"article\" \/>\n<meta property=\"og:title\" content=\"Sveglia Geemarc Sonic Bomb SBB 500SS im Onlineshop | Gleichcom AG\" \/>\n<meta property=\"og:description\" content=\"\u2705 Fate fatica a svegliarvi al mattino?  Non sentite la sveglia e fate sempre tardi a scuola, al lavoro o ai vostri impegni?  Dovete alzarvi presto e non vorreste svegliare il vostro fratellino \/sorellina o chi vi sta accanto? Oppure volete svegliarvi senza farvi accorgere da qualcuno?  Allora questa sveglia \u00e8 proprio quella che vi serve.\" \/>\n<meta property=\"og:url\" content=\"https:\/\/www.gleichcom.samuraidev.ch\/it\/shop\/geemarc-wecker-sonic-boom-bomb-sbb-500ss\/\" \/>\n<meta property=\"og:site_name\" content=\"Gleichcom AG\" \/>\n<meta property=\"article:publisher\" content=\"https:\/\/www.facebook.com\/profile.php?id=100068749126981\" \/>\n<meta property=\"og:image\" content=\"https:\/\/www.gleichcom.samuraidev.ch\/wp-content\/uploads\/2023\/09\/SBB500vorne.jpg\" \/>\n\t<meta property=\"og:image:width\" content=\"500\" \/>\n\t<meta property=\"og:image:height\" content=\"400\" \/>\n\t<meta property=\"og:image:type\" content=\"image\/jpeg\" \/>\n<meta name=\"twitter:card\" content=\"summary_large_image\" \/>\n<script type=\"application\/ld+json\" class=\"yoast-schema-graph\">{\"@context\":\"https:\\\/\\\/schema.org\",\"@graph\":[{\"@type\":\"WebPage\",\"@id\":\"https:\\\/\\\/www.gleichcom.samuraidev.ch\\\/it\\\/shop\\\/geemarc-wecker-sonic-boom-bomb-sbb-500ss\\\/\",\"url\":\"https:\\\/\\\/www.gleichcom.samuraidev.ch\\\/it\\\/shop\\\/geemarc-wecker-sonic-boom-bomb-sbb-500ss\\\/\",\"name\":\"Sveglia Geemarc Sonic Bomb SBB 500SS im Onlineshop | Gleichcom AG\",\"isPartOf\":{\"@id\":\"https:\\\/\\\/www.gleichcom.samuraidev.ch\\\/it\\\/#website\"},\"primaryImageOfPage\":{\"@id\":\"https:\\\/\\\/www.gleichcom.samuraidev.ch\\\/it\\\/shop\\\/geemarc-wecker-sonic-boom-bomb-sbb-500ss\\\/#primaryimage\"},\"image\":{\"@id\":\"https:\\\/\\\/www.gleichcom.samuraidev.ch\\\/it\\\/shop\\\/geemarc-wecker-sonic-boom-bomb-sbb-500ss\\\/#primaryimage\"},\"thumbnailUrl\":\"https:\\\/\\\/www.gleichcom.samuraidev.ch\\\/wp-content\\\/uploads\\\/2023\\\/09\\\/SBB500vorne.jpg\",\"datePublished\":\"2014-02-06T14:37:51+00:00\",\"description\":\"\u2705 Fate fatica a svegliarvi al mattino? Non sentite la sveglia e fate sempre tardi a scuola, al lavoro o ai vostri impegni? Dovete alzarvi presto e non vorreste svegliare il vostro fratellino \\\/sorellina o chi vi sta accanto? Oppure volete svegliarvi senza farvi accorgere da qualcuno? Allora questa sveglia \u00e8 proprio quella che vi serve.\",\"breadcrumb\":{\"@id\":\"https:\\\/\\\/www.gleichcom.samuraidev.ch\\\/it\\\/shop\\\/geemarc-wecker-sonic-boom-bomb-sbb-500ss\\\/#breadcrumb\"},\"inLanguage\":\"it-IT\",\"potentialAction\":[{\"@type\":\"ReadAction\",\"target\":[\"https:\\\/\\\/www.gleichcom.samuraidev.ch\\\/it\\\/shop\\\/geemarc-wecker-sonic-boom-bomb-sbb-500ss\\\/\"]}]},{\"@type\":\"ImageObject\",\"inLanguage\":\"it-IT\",\"@id\":\"https:\\\/\\\/www.gleichcom.samuraidev.ch\\\/it\\\/shop\\\/geemarc-wecker-sonic-boom-bomb-sbb-500ss\\\/#primaryimage\",\"url\":\"https:\\\/\\\/www.gleichcom.samuraidev.ch\\\/wp-content\\\/uploads\\\/2023\\\/09\\\/SBB500vorne.jpg\",\"contentUrl\":\"https:\\\/\\\/www.gleichcom.samuraidev.ch\\\/wp-content\\\/uploads\\\/2023\\\/09\\\/SBB500vorne.jpg\",\"width\":500,\"height\":400},{\"@type\":\"BreadcrumbList\",\"@id\":\"https:\\\/\\\/www.gleichcom.samuraidev.ch\\\/it\\\/shop\\\/geemarc-wecker-sonic-boom-bomb-sbb-500ss\\\/#breadcrumb\",\"itemListElement\":[{\"@type\":\"ListItem\",\"position\":1,\"name\":\"Startseite\",\"item\":\"https:\\\/\\\/www.gleichcom.samuraidev.ch\\\/it\\\/\"},{\"@type\":\"ListItem\",\"position\":2,\"name\":\"Shop\",\"item\":\"https:\\\/\\\/www.gleichcom.samuraidev.ch\\\/it\\\/shop\\\/\"},{\"@type\":\"ListItem\",\"position\":3,\"name\":\"Sveglia Geemarc Sonic Bomb SBB 500SS\"}]},{\"@type\":\"WebSite\",\"@id\":\"https:\\\/\\\/www.gleichcom.samuraidev.ch\\\/it\\\/#website\",\"url\":\"https:\\\/\\\/www.gleichcom.samuraidev.ch\\\/it\\\/\",\"name\":\"Gleichcom AG\",\"description\":\"besser h\u00f6ren. besser sehen. besser leben.\",\"publisher\":{\"@id\":\"https:\\\/\\\/www.gleichcom.samuraidev.ch\\\/it\\\/#organization\"},\"alternateName\":\"Gleichcom\",\"potentialAction\":[{\"@type\":\"SearchAction\",\"target\":{\"@type\":\"EntryPoint\",\"urlTemplate\":\"https:\\\/\\\/www.gleichcom.samuraidev.ch\\\/it\\\/?s={search_term_string}\"},\"query-input\":{\"@type\":\"PropertyValueSpecification\",\"valueRequired\":true,\"valueName\":\"search_term_string\"}}],\"inLanguage\":\"it-IT\"},{\"@type\":\"Organization\",\"@id\":\"https:\\\/\\\/www.gleichcom.samuraidev.ch\\\/it\\\/#organization\",\"name\":\"Gleichcom AG\",\"alternateName\":\"Gleichcom\",\"url\":\"https:\\\/\\\/www.gleichcom.samuraidev.ch\\\/it\\\/\",\"logo\":{\"@type\":\"ImageObject\",\"inLanguage\":\"it-IT\",\"@id\":\"https:\\\/\\\/www.gleichcom.samuraidev.ch\\\/it\\\/#\\\/schema\\\/logo\\\/image\\\/\",\"url\":\"https:\\\/\\\/www.gleichcom.samuraidev.ch\\\/wp-content\\\/uploads\\\/2023\\\/09\\\/gleichcom-ag-logo-quadrat-farbig-mitte@696.png\",\"contentUrl\":\"https:\\\/\\\/www.gleichcom.samuraidev.ch\\\/wp-content\\\/uploads\\\/2023\\\/09\\\/gleichcom-ag-logo-quadrat-farbig-mitte@696.png\",\"width\":437,\"height\":437,\"caption\":\"Gleichcom AG\"},\"image\":{\"@id\":\"https:\\\/\\\/www.gleichcom.samuraidev.ch\\\/it\\\/#\\\/schema\\\/logo\\\/image\\\/\"},\"sameAs\":[\"https:\\\/\\\/www.facebook.com\\\/profile.php?id=100068749126981\"]}]}<\/script>\n<!-- \/ Yoast SEO plugin. -->","yoast_head_json":{"title":"Sveglia Geemarc Sonic Bomb SBB 500SS im Onlineshop | Gleichcom AG","description":"\u2705 Fate fatica a svegliarvi al mattino?  Non sentite la sveglia e fate sempre tardi a scuola, al lavoro o ai vostri impegni?  Dovete alzarvi presto e non vorreste svegliare il vostro fratellino \/sorellina o chi vi sta accanto? Oppure volete svegliarvi senza farvi accorgere da qualcuno?  Allora questa sveglia \u00e8 proprio quella che vi serve.","robots":{"index":"noindex","follow":"follow","max-snippet":"max-snippet:-1","max-image-preview":"max-image-preview:large","max-video-preview":"max-video-preview:-1"},"og_locale":"it_IT","og_type":"article","og_title":"Sveglia Geemarc Sonic Bomb SBB 500SS im Onlineshop | Gleichcom AG","og_description":"\u2705 Fate fatica a svegliarvi al mattino?  Non sentite la sveglia e fate sempre tardi a scuola, al lavoro o ai vostri impegni?  Dovete alzarvi presto e non vorreste svegliare il vostro fratellino \/sorellina o chi vi sta accanto? Oppure volete svegliarvi senza farvi accorgere da qualcuno?  Allora questa sveglia \u00e8 proprio quella che vi serve.","og_url":"https:\/\/www.gleichcom.samuraidev.ch\/it\/shop\/geemarc-wecker-sonic-boom-bomb-sbb-500ss\/","og_site_name":"Gleichcom AG","article_publisher":"https:\/\/www.facebook.com\/profile.php?id=100068749126981","og_image":[{"width":500,"height":400,"url":"https:\/\/www.gleichcom.samuraidev.ch\/wp-content\/uploads\/2023\/09\/SBB500vorne.jpg","type":"image\/jpeg"}],"twitter_card":"summary_large_image","schema":{"@context":"https:\/\/schema.org","@graph":[{"@type":"WebPage","@id":"https:\/\/www.gleichcom.samuraidev.ch\/it\/shop\/geemarc-wecker-sonic-boom-bomb-sbb-500ss\/","url":"https:\/\/www.gleichcom.samuraidev.ch\/it\/shop\/geemarc-wecker-sonic-boom-bomb-sbb-500ss\/","name":"Sveglia Geemarc Sonic Bomb SBB 500SS im Onlineshop | Gleichcom AG","isPartOf":{"@id":"https:\/\/www.gleichcom.samuraidev.ch\/it\/#website"},"primaryImageOfPage":{"@id":"https:\/\/www.gleichcom.samuraidev.ch\/it\/shop\/geemarc-wecker-sonic-boom-bomb-sbb-500ss\/#primaryimage"},"image":{"@id":"https:\/\/www.gleichcom.samuraidev.ch\/it\/shop\/geemarc-wecker-sonic-boom-bomb-sbb-500ss\/#primaryimage"},"thumbnailUrl":"https:\/\/www.gleichcom.samuraidev.ch\/wp-content\/uploads\/2023\/09\/SBB500vorne.jpg","datePublished":"2014-02-06T14:37:51+00:00","description":"\u2705 Fate fatica a svegliarvi al mattino? Non sentite la sveglia e fate sempre tardi a scuola, al lavoro o ai vostri impegni? Dovete alzarvi presto e non vorreste svegliare il vostro fratellino \/sorellina o chi vi sta accanto? Oppure volete svegliarvi senza farvi accorgere da qualcuno? Allora questa sveglia \u00e8 proprio quella che vi serve.","breadcrumb":{"@id":"https:\/\/www.gleichcom.samuraidev.ch\/it\/shop\/geemarc-wecker-sonic-boom-bomb-sbb-500ss\/#breadcrumb"},"inLanguage":"it-IT","potentialAction":[{"@type":"ReadAction","target":["https:\/\/www.gleichcom.samuraidev.ch\/it\/shop\/geemarc-wecker-sonic-boom-bomb-sbb-500ss\/"]}]},{"@type":"ImageObject","inLanguage":"it-IT","@id":"https:\/\/www.gleichcom.samuraidev.ch\/it\/shop\/geemarc-wecker-sonic-boom-bomb-sbb-500ss\/#primaryimage","url":"https:\/\/www.gleichcom.samuraidev.ch\/wp-content\/uploads\/2023\/09\/SBB500vorne.jpg","contentUrl":"https:\/\/www.gleichcom.samuraidev.ch\/wp-content\/uploads\/2023\/09\/SBB500vorne.jpg","width":500,"height":400},{"@type":"BreadcrumbList","@id":"https:\/\/www.gleichcom.samuraidev.ch\/it\/shop\/geemarc-wecker-sonic-boom-bomb-sbb-500ss\/#breadcrumb","itemListElement":[{"@type":"ListItem","position":1,"name":"Startseite","item":"https:\/\/www.gleichcom.samuraidev.ch\/it\/"},{"@type":"ListItem","position":2,"name":"Shop","item":"https:\/\/www.gleichcom.samuraidev.ch\/it\/shop\/"},{"@type":"ListItem","position":3,"name":"Sveglia Geemarc Sonic Bomb SBB 500SS"}]},{"@type":"WebSite","@id":"https:\/\/www.gleichcom.samuraidev.ch\/it\/#website","url":"https:\/\/www.gleichcom.samuraidev.ch\/it\/","name":"Gleichcom AG","description":"besser h\u00f6ren. besser sehen. besser leben.","publisher":{"@id":"https:\/\/www.gleichcom.samuraidev.ch\/it\/#organization"},"alternateName":"Gleichcom","potentialAction":[{"@type":"SearchAction","target":{"@type":"EntryPoint","urlTemplate":"https:\/\/www.gleichcom.samuraidev.ch\/it\/?s={search_term_string}"},"query-input":{"@type":"PropertyValueSpecification","valueRequired":true,"valueName":"search_term_string"}}],"inLanguage":"it-IT"},{"@type":"Organization","@id":"https:\/\/www.gleichcom.samuraidev.ch\/it\/#organization","name":"Gleichcom AG","alternateName":"Gleichcom","url":"https:\/\/www.gleichcom.samuraidev.ch\/it\/","logo":{"@type":"ImageObject","inLanguage":"it-IT","@id":"https:\/\/www.gleichcom.samuraidev.ch\/it\/#\/schema\/logo\/image\/","url":"https:\/\/www.gleichcom.samuraidev.ch\/wp-content\/uploads\/2023\/09\/gleichcom-ag-logo-quadrat-farbig-mitte@696.png","contentUrl":"https:\/\/www.gleichcom.samuraidev.ch\/wp-content\/uploads\/2023\/09\/gleichcom-ag-logo-quadrat-farbig-mitte@696.png","width":437,"height":437,"caption":"Gleichcom AG"},"image":{"@id":"https:\/\/www.gleichcom.samuraidev.ch\/it\/#\/schema\/logo\/image\/"},"sameAs":["https:\/\/www.facebook.com\/profile.php?id=100068749126981"]}]}},"uagb_featured_image_src":{"full":["https:\/\/www.gleichcom.samuraidev.ch\/wp-content\/uploads\/2023\/09\/SBB500vorne.jpg",500,400,false],"thumbnail":["https:\/\/www.gleichcom.samuraidev.ch\/wp-content\/uploads\/2023\/09\/SBB500vorne.jpg",150,120,false],"medium":["https:\/\/www.gleichcom.samuraidev.ch\/wp-content\/uploads\/2023\/09\/SBB500vorne.jpg",300,240,false],"medium_large":["https:\/\/www.gleichcom.samuraidev.ch\/wp-content\/uploads\/2023\/09\/SBB500vorne.jpg",500,400,false],"large":["https:\/\/www.gleichcom.samuraidev.ch\/wp-content\/uploads\/2023\/09\/SBB500vorne.jpg",500,400,false],"1536x1536":["https:\/\/www.gleichcom.samuraidev.ch\/wp-content\/uploads\/2023\/09\/SBB500vorne.jpg",500,400,false],"2048x2048":["https:\/\/www.gleichcom.samuraidev.ch\/wp-content\/uploads\/2023\/09\/SBB500vorne.jpg",500,400,false],"woocommerce_thumbnail":["https:\/\/www.gleichcom.samuraidev.ch\/wp-content\/uploads\/2023\/09\/SBB500vorne.jpg",300,240,false],"woocommerce_single":["https:\/\/www.gleichcom.samuraidev.ch\/wp-content\/uploads\/2023\/09\/SBB500vorne.jpg",500,400,false],"woocommerce_gallery_thumbnail":["https:\/\/www.gleichcom.samuraidev.ch\/wp-content\/uploads\/2023\/09\/SBB500vorne-100x100.jpg",100,100,true]},"uagb_author_info":{"display_name":"","author_link":"https:\/\/www.gleichcom.samuraidev.ch\/it\/author\/"},"uagb_comment_info":0,"uagb_excerpt":"Fate fatica a svegliarvi al mattino? Non sentite la sveglia e fate sempre tardi a scuola, al lavoro o ai vostri impegni? Dovete alzarvi presto e non vorreste svegliare il vostro fratellino \/sorellina o chi vi sta accanto? Oppure volete svegliarvi senza farvi accorgere da qualcuno? Allora questa sveglia \u00e8 proprio quella che vi serve.","_links":{"self":[{"href":"https:\/\/www.gleichcom.samuraidev.ch\/it\/wp-json\/wp\/v2\/product\/3280","targetHints":{"allow":["GET"]}}],"collection":[{"href":"https:\/\/www.gleichcom.samuraidev.ch\/it\/wp-json\/wp\/v2\/product"}],"about":[{"href":"https:\/\/www.gleichcom.samuraidev.ch\/it\/wp-json\/wp\/v2\/types\/product"}],"wp:featuredmedia":[{"embeddable":true,"href":"https:\/\/www.gleichcom.samuraidev.ch\/it\/wp-json\/wp\/v2\/media\/2700"}],"wp:attachment":[{"href":"https:\/\/www.gleichcom.samuraidev.ch\/it\/wp-json\/wp\/v2\/media?parent=3280"}],"wp:term":[{"taxonomy":"product_brand","embeddable":true,"href":"https:\/\/www.gleichcom.samuraidev.ch\/it\/wp-json\/wp\/v2\/product_brand?post=3280"},{"taxonomy":"product_cat","embeddable":true,"href":"https:\/\/www.gleichcom.samuraidev.ch\/it\/wp-json\/wp\/v2\/product_cat?post=3280"},{"taxonomy":"product_tag","embeddable":true,"href":"https:\/\/www.gleichcom.samuraidev.ch\/it\/wp-json\/wp\/v2\/product_tag?post=3280"}],"curies":[{"name":"wp","href":"https:\/\/api.w.org\/{rel}","templated":true}]}}