{"id":3373,"date":"2014-06-11T11:08:16","date_gmt":"2014-06-11T09:08:16","guid":{"rendered":"https:\/\/www.gleichcom.samuraidev.ch\/?product=funk-blitzlampe-lisa"},"modified":"1000-01-01T00:00:00","modified_gmt":"1000-01-01T00:00:00","slug":"funk-blitzlampe-lisa","status":"publish","type":"product","link":"https:\/\/www.gleichcom.samuraidev.ch\/it\/shop\/funk-blitzlampe-lisa\/","title":{"rendered":"Lampada flash radio LISA"},"content":{"rendered":"<p><span style=\"color:#000000;\"><span style=\"font-size:16px;\"><strong>Lampada flash radio<\/strong><\/span><br \/>\n\u00a0<br \/>\n<strong>Ricevitore per tutti i trasmettitori radio lisa<\/strong><br \/>\n\u00c8 possibile combinare la lampada flash radio lisa con tutti i trasmettitori radio lisa. La lampada flash riceve i segnali radio dei vari trasmettitori radio lisa e segnala l&#8217;allarme con un flash stroboscopio extra luminoso. Se si dispone di pi\u00f9 trasmettitori, la lampada flash pu\u00f2 anche distinguere quale trasmettitore ha attivato l&#8217;allarme.<br \/>\n\u00a0<br \/>\n<strong>Come funziona<\/strong><br \/>\nUn sistema di segnale radio lisa vi segnala senza posa di cavi, ad esempio se il vostro telefono squilla o se qualcuno si trova davanti alla porta d&#8217;ingresso. La lampada flash riconosce automaticamente i segnali provenienti dai trasmettitori radio lisa. Non appena la lampada flash riceve i segnali radio da un trasmettitore, mostra l&#8217;allarme tramite un flash lampeggiante extra luminoso. Otto diversi LED sono utilizzati anche sulla lampada flash per indicare quale trasmettitore ha attivato l&#8217;allarme.<br \/>\n\u00a0<br \/>\n<strong>Pratico ricevitore con presa di corrente <\/strong><br \/>\nLa messa in funzione della lampada flash radio lisa \u00e8 molto semplice. Basta inserire la lampada flash nella presa desiderata e la lampada flash \u00e8 pronta per l&#8217;uso! Naturalmente \u00e8 possibile inserire la lampada flash in un&#8217;altra presa di corrente in qualsiasi momento.<br \/>\n\u00a0<br \/>\n<strong>In sintesi <\/strong><\/span><\/p>\n<ul>\n<li><span style=\"color:#000000;\">Ricevitore per sistema di segnale radio lisa<\/span><\/li>\n<li><span style=\"color:#000000;\">Pu\u00f2 essere utilizzato con tutti i trasmettitori radio lisa<\/span><\/li>\n<li><span style=\"color:#000000;\">Segnala un allarme con un flash stroboscopio extra luminoso<\/span><\/li>\n<li><span style=\"color:#000000;\">Possibilit\u00e0 di collegamento per un cuscino antivibrante, modulo acustico o modulo di commutazione disponibile\u00a0<\/span><\/li>\n<li><span style=\"color:#000000;\">Indica l&#8217;origine dell&#8217;allarme (es. telefono, baby call) tramite 8 LED.<\/span><\/li>\n<li><span style=\"color:#000000;\">Messa in servizio molto semplice<\/span><\/li>\n<li><span style=\"color:#000000;\">Funziona con corrente di rete<\/span><\/li>\n<li><span style=\"color:#000000;\">dimensioni 12,1 cm x 6,5 cm x 3,5 cm<\/span><\/li>\n<li><span style=\"color:#000000;\">Peso 215 grammi<\/span><\/li>\n<li><span style=\"color:#000000;\">Frequenza di ricezione 868,35<\/span><\/li>\n<\/ul>\n<p><span style=\"color:#000000;\">\u00a0<br \/>\n<strong>Dotazione di fornitura <\/strong><\/span><\/p>\n<ul>\n<li><span style=\"color:#000000;\">1 x lampada flash per radio lisa<\/span><\/li>\n<li><span style=\"color:#000000;\">1 x Istruzioni per l&#8217;uso dettagliate<\/span><\/li>\n<\/ul>\n","protected":false},"excerpt":{"rendered":"<p>Riceve i segnali dei trasmettitori radio lisa e li indica con un flash stroboscopico extra luminoso.<\/p>\n","protected":false},"featured_media":3356,"template":"","meta":{"inline_featured_image":false,"_uag_custom_page_level_css":"","site-sidebar-layout":"default","site-content-layout":"","ast-site-content-layout":"default","site-content-style":"default","site-sidebar-style":"default","ast-global-header-display":"","ast-banner-title-visibility":"","ast-main-header-display":"","ast-hfb-above-header-display":"","ast-hfb-below-header-display":"","ast-hfb-mobile-header-display":"","site-post-title":"","ast-breadcrumbs-content":"","ast-featured-img":"","footer-sml-layout":"","ast-disable-related-posts":"","theme-transparent-header-meta":"","adv-header-id-meta":"","stick-header-meta":"","header-above-stick-meta":"","header-main-stick-meta":"","header-below-stick-meta":"","astra-migrate-meta-layouts":"default","ast-page-background-enabled":"default","ast-page-background-meta":{"desktop":{"background-color":"","background-image":"","background-repeat":"repeat","background-position":"center center","background-size":"auto","background-attachment":"scroll","background-type":"","background-media":"","overlay-type":"","overlay-color":"","overlay-opacity":"","overlay-gradient":""},"tablet":{"background-color":"","background-image":"","background-repeat":"repeat","background-position":"center center","background-size":"auto","background-attachment":"scroll","background-type":"","background-media":"","overlay-type":"","overlay-color":"","overlay-opacity":"","overlay-gradient":""},"mobile":{"background-color":"","background-image":"","background-repeat":"repeat","background-position":"center center","background-size":"auto","background-attachment":"scroll","background-type":"","background-media":"","overlay-type":"","overlay-color":"","overlay-opacity":"","overlay-gradient":""}},"ast-content-background-meta":{"desktop":{"background-color":"var(--ast-global-color-5)","background-image":"","background-repeat":"repeat","background-position":"center center","background-size":"auto","background-attachment":"scroll","background-type":"","background-media":"","overlay-type":"","overlay-color":"","overlay-opacity":"","overlay-gradient":""},"tablet":{"background-color":"var(--ast-global-color-5)","background-image":"","background-repeat":"repeat","background-position":"center center","background-size":"auto","background-attachment":"scroll","background-type":"","background-media":"","overlay-type":"","overlay-color":"","overlay-opacity":"","overlay-gradient":""},"mobile":{"background-color":"var(--ast-global-color-5)","background-image":"","background-repeat":"repeat","background-position":"center center","background-size":"auto","background-attachment":"scroll","background-type":"","background-media":"","overlay-type":"","overlay-color":"","overlay-opacity":"","overlay-gradient":""}}},"product_brand":[],"product_cat":[1776],"product_tag":[],"class_list":{"0":"post-3373","1":"product","2":"type-product","3":"status-publish","4":"has-post-thumbnail","6":"product_cat-unkategorisiert","7":"desktop-align-center","8":"tablet-align-center","9":"mobile-align-center","10":"ast-product-gallery-layout-horizontal-slider","11":"ast-product-tabs-layout-accordion","13":"first","14":"instock","15":"taxable","16":"shipping-taxable","17":"purchasable","18":"product-type-simple"},"yoast_head":"<!-- This site is optimized with the Yoast SEO plugin v27.5 - https:\/\/yoast.com\/product\/yoast-seo-wordpress\/ -->\n<title>Lampada flash radio LISA im Onlineshop | Gleichcom AG<\/title>\n<meta name=\"description\" content=\"\u2705 Riceve i segnali dei trasmettitori radio lisa e li indica con un flash stroboscopico extra luminoso.\" \/>\n<meta name=\"robots\" content=\"noindex, follow, max-snippet:-1, max-image-preview:large, max-video-preview:-1\" \/>\n<meta property=\"og:locale\" content=\"it_IT\" \/>\n<meta property=\"og:type\" content=\"article\" \/>\n<meta property=\"og:title\" content=\"Lampada flash radio LISA im Onlineshop | Gleichcom AG\" \/>\n<meta property=\"og:description\" content=\"\u2705 Riceve i segnali dei trasmettitori radio lisa e li indica con un flash stroboscopico extra luminoso.\" \/>\n<meta property=\"og:url\" content=\"https:\/\/www.gleichcom.samuraidev.ch\/it\/shop\/funk-blitzlampe-lisa\/\" \/>\n<meta property=\"og:site_name\" content=\"Gleichcom AG\" \/>\n<meta property=\"article:publisher\" content=\"https:\/\/www.facebook.com\/profile.php?id=100068749126981\" \/>\n<meta property=\"og:image\" content=\"https:\/\/www.gleichcom.samuraidev.ch\/wp-content\/uploads\/2023\/09\/lisafunkblitzlampe_01_z1.jpg\" \/>\n\t<meta property=\"og:image:width\" content=\"500\" \/>\n\t<meta property=\"og:image:height\" content=\"500\" \/>\n\t<meta property=\"og:image:type\" content=\"image\/jpeg\" \/>\n<meta name=\"twitter:card\" content=\"summary_large_image\" \/>\n<script type=\"application\/ld+json\" class=\"yoast-schema-graph\">{\"@context\":\"https:\\\/\\\/schema.org\",\"@graph\":[{\"@type\":\"WebPage\",\"@id\":\"https:\\\/\\\/www.gleichcom.samuraidev.ch\\\/it\\\/shop\\\/funk-blitzlampe-lisa\\\/\",\"url\":\"https:\\\/\\\/www.gleichcom.samuraidev.ch\\\/it\\\/shop\\\/funk-blitzlampe-lisa\\\/\",\"name\":\"Lampada flash radio LISA im Onlineshop | Gleichcom AG\",\"isPartOf\":{\"@id\":\"https:\\\/\\\/www.gleichcom.samuraidev.ch\\\/it\\\/#website\"},\"primaryImageOfPage\":{\"@id\":\"https:\\\/\\\/www.gleichcom.samuraidev.ch\\\/it\\\/shop\\\/funk-blitzlampe-lisa\\\/#primaryimage\"},\"image\":{\"@id\":\"https:\\\/\\\/www.gleichcom.samuraidev.ch\\\/it\\\/shop\\\/funk-blitzlampe-lisa\\\/#primaryimage\"},\"thumbnailUrl\":\"https:\\\/\\\/www.gleichcom.samuraidev.ch\\\/wp-content\\\/uploads\\\/2023\\\/09\\\/lisafunkblitzlampe_01_z1.jpg\",\"datePublished\":\"2014-06-11T09:08:16+00:00\",\"description\":\"\u2705 Riceve i segnali dei trasmettitori radio lisa e li indica con un flash stroboscopico extra luminoso.\",\"breadcrumb\":{\"@id\":\"https:\\\/\\\/www.gleichcom.samuraidev.ch\\\/it\\\/shop\\\/funk-blitzlampe-lisa\\\/#breadcrumb\"},\"inLanguage\":\"it-IT\",\"potentialAction\":[{\"@type\":\"ReadAction\",\"target\":[\"https:\\\/\\\/www.gleichcom.samuraidev.ch\\\/it\\\/shop\\\/funk-blitzlampe-lisa\\\/\"]}]},{\"@type\":\"ImageObject\",\"inLanguage\":\"it-IT\",\"@id\":\"https:\\\/\\\/www.gleichcom.samuraidev.ch\\\/it\\\/shop\\\/funk-blitzlampe-lisa\\\/#primaryimage\",\"url\":\"https:\\\/\\\/www.gleichcom.samuraidev.ch\\\/wp-content\\\/uploads\\\/2023\\\/09\\\/lisafunkblitzlampe_01_z1.jpg\",\"contentUrl\":\"https:\\\/\\\/www.gleichcom.samuraidev.ch\\\/wp-content\\\/uploads\\\/2023\\\/09\\\/lisafunkblitzlampe_01_z1.jpg\",\"width\":500,\"height\":500},{\"@type\":\"BreadcrumbList\",\"@id\":\"https:\\\/\\\/www.gleichcom.samuraidev.ch\\\/it\\\/shop\\\/funk-blitzlampe-lisa\\\/#breadcrumb\",\"itemListElement\":[{\"@type\":\"ListItem\",\"position\":1,\"name\":\"Startseite\",\"item\":\"https:\\\/\\\/www.gleichcom.samuraidev.ch\\\/it\\\/\"},{\"@type\":\"ListItem\",\"position\":2,\"name\":\"Shop\",\"item\":\"https:\\\/\\\/www.gleichcom.samuraidev.ch\\\/it\\\/shop\\\/\"},{\"@type\":\"ListItem\",\"position\":3,\"name\":\"Lampada flash radio LISA\"}]},{\"@type\":\"WebSite\",\"@id\":\"https:\\\/\\\/www.gleichcom.samuraidev.ch\\\/it\\\/#website\",\"url\":\"https:\\\/\\\/www.gleichcom.samuraidev.ch\\\/it\\\/\",\"name\":\"Gleichcom AG\",\"description\":\"besser h\u00f6ren. besser sehen. besser leben.\",\"publisher\":{\"@id\":\"https:\\\/\\\/www.gleichcom.samuraidev.ch\\\/it\\\/#organization\"},\"alternateName\":\"Gleichcom\",\"potentialAction\":[{\"@type\":\"SearchAction\",\"target\":{\"@type\":\"EntryPoint\",\"urlTemplate\":\"https:\\\/\\\/www.gleichcom.samuraidev.ch\\\/it\\\/?s={search_term_string}\"},\"query-input\":{\"@type\":\"PropertyValueSpecification\",\"valueRequired\":true,\"valueName\":\"search_term_string\"}}],\"inLanguage\":\"it-IT\"},{\"@type\":\"Organization\",\"@id\":\"https:\\\/\\\/www.gleichcom.samuraidev.ch\\\/it\\\/#organization\",\"name\":\"Gleichcom AG\",\"alternateName\":\"Gleichcom\",\"url\":\"https:\\\/\\\/www.gleichcom.samuraidev.ch\\\/it\\\/\",\"logo\":{\"@type\":\"ImageObject\",\"inLanguage\":\"it-IT\",\"@id\":\"https:\\\/\\\/www.gleichcom.samuraidev.ch\\\/it\\\/#\\\/schema\\\/logo\\\/image\\\/\",\"url\":\"https:\\\/\\\/www.gleichcom.samuraidev.ch\\\/wp-content\\\/uploads\\\/2023\\\/09\\\/gleichcom-ag-logo-quadrat-farbig-mitte@696.png\",\"contentUrl\":\"https:\\\/\\\/www.gleichcom.samuraidev.ch\\\/wp-content\\\/uploads\\\/2023\\\/09\\\/gleichcom-ag-logo-quadrat-farbig-mitte@696.png\",\"width\":437,\"height\":437,\"caption\":\"Gleichcom AG\"},\"image\":{\"@id\":\"https:\\\/\\\/www.gleichcom.samuraidev.ch\\\/it\\\/#\\\/schema\\\/logo\\\/image\\\/\"},\"sameAs\":[\"https:\\\/\\\/www.facebook.com\\\/profile.php?id=100068749126981\"]}]}<\/script>\n<!-- \/ Yoast SEO plugin. -->","yoast_head_json":{"title":"Lampada flash radio LISA im Onlineshop | Gleichcom AG","description":"\u2705 Riceve i segnali dei trasmettitori radio lisa e li indica con un flash stroboscopico extra luminoso.","robots":{"index":"noindex","follow":"follow","max-snippet":"max-snippet:-1","max-image-preview":"max-image-preview:large","max-video-preview":"max-video-preview:-1"},"og_locale":"it_IT","og_type":"article","og_title":"Lampada flash radio LISA im Onlineshop | Gleichcom AG","og_description":"\u2705 Riceve i segnali dei trasmettitori radio lisa e li indica con un flash stroboscopico extra luminoso.","og_url":"https:\/\/www.gleichcom.samuraidev.ch\/it\/shop\/funk-blitzlampe-lisa\/","og_site_name":"Gleichcom AG","article_publisher":"https:\/\/www.facebook.com\/profile.php?id=100068749126981","og_image":[{"width":500,"height":500,"url":"https:\/\/www.gleichcom.samuraidev.ch\/wp-content\/uploads\/2023\/09\/lisafunkblitzlampe_01_z1.jpg","type":"image\/jpeg"}],"twitter_card":"summary_large_image","schema":{"@context":"https:\/\/schema.org","@graph":[{"@type":"WebPage","@id":"https:\/\/www.gleichcom.samuraidev.ch\/it\/shop\/funk-blitzlampe-lisa\/","url":"https:\/\/www.gleichcom.samuraidev.ch\/it\/shop\/funk-blitzlampe-lisa\/","name":"Lampada flash radio LISA im Onlineshop | Gleichcom AG","isPartOf":{"@id":"https:\/\/www.gleichcom.samuraidev.ch\/it\/#website"},"primaryImageOfPage":{"@id":"https:\/\/www.gleichcom.samuraidev.ch\/it\/shop\/funk-blitzlampe-lisa\/#primaryimage"},"image":{"@id":"https:\/\/www.gleichcom.samuraidev.ch\/it\/shop\/funk-blitzlampe-lisa\/#primaryimage"},"thumbnailUrl":"https:\/\/www.gleichcom.samuraidev.ch\/wp-content\/uploads\/2023\/09\/lisafunkblitzlampe_01_z1.jpg","datePublished":"2014-06-11T09:08:16+00:00","description":"\u2705 Riceve i segnali dei trasmettitori radio lisa e li indica con un flash stroboscopico extra luminoso.","breadcrumb":{"@id":"https:\/\/www.gleichcom.samuraidev.ch\/it\/shop\/funk-blitzlampe-lisa\/#breadcrumb"},"inLanguage":"it-IT","potentialAction":[{"@type":"ReadAction","target":["https:\/\/www.gleichcom.samuraidev.ch\/it\/shop\/funk-blitzlampe-lisa\/"]}]},{"@type":"ImageObject","inLanguage":"it-IT","@id":"https:\/\/www.gleichcom.samuraidev.ch\/it\/shop\/funk-blitzlampe-lisa\/#primaryimage","url":"https:\/\/www.gleichcom.samuraidev.ch\/wp-content\/uploads\/2023\/09\/lisafunkblitzlampe_01_z1.jpg","contentUrl":"https:\/\/www.gleichcom.samuraidev.ch\/wp-content\/uploads\/2023\/09\/lisafunkblitzlampe_01_z1.jpg","width":500,"height":500},{"@type":"BreadcrumbList","@id":"https:\/\/www.gleichcom.samuraidev.ch\/it\/shop\/funk-blitzlampe-lisa\/#breadcrumb","itemListElement":[{"@type":"ListItem","position":1,"name":"Startseite","item":"https:\/\/www.gleichcom.samuraidev.ch\/it\/"},{"@type":"ListItem","position":2,"name":"Shop","item":"https:\/\/www.gleichcom.samuraidev.ch\/it\/shop\/"},{"@type":"ListItem","position":3,"name":"Lampada flash radio LISA"}]},{"@type":"WebSite","@id":"https:\/\/www.gleichcom.samuraidev.ch\/it\/#website","url":"https:\/\/www.gleichcom.samuraidev.ch\/it\/","name":"Gleichcom AG","description":"besser h\u00f6ren. besser sehen. besser leben.","publisher":{"@id":"https:\/\/www.gleichcom.samuraidev.ch\/it\/#organization"},"alternateName":"Gleichcom","potentialAction":[{"@type":"SearchAction","target":{"@type":"EntryPoint","urlTemplate":"https:\/\/www.gleichcom.samuraidev.ch\/it\/?s={search_term_string}"},"query-input":{"@type":"PropertyValueSpecification","valueRequired":true,"valueName":"search_term_string"}}],"inLanguage":"it-IT"},{"@type":"Organization","@id":"https:\/\/www.gleichcom.samuraidev.ch\/it\/#organization","name":"Gleichcom AG","alternateName":"Gleichcom","url":"https:\/\/www.gleichcom.samuraidev.ch\/it\/","logo":{"@type":"ImageObject","inLanguage":"it-IT","@id":"https:\/\/www.gleichcom.samuraidev.ch\/it\/#\/schema\/logo\/image\/","url":"https:\/\/www.gleichcom.samuraidev.ch\/wp-content\/uploads\/2023\/09\/gleichcom-ag-logo-quadrat-farbig-mitte@696.png","contentUrl":"https:\/\/www.gleichcom.samuraidev.ch\/wp-content\/uploads\/2023\/09\/gleichcom-ag-logo-quadrat-farbig-mitte@696.png","width":437,"height":437,"caption":"Gleichcom AG"},"image":{"@id":"https:\/\/www.gleichcom.samuraidev.ch\/it\/#\/schema\/logo\/image\/"},"sameAs":["https:\/\/www.facebook.com\/profile.php?id=100068749126981"]}]}},"uagb_featured_image_src":{"full":["https:\/\/www.gleichcom.samuraidev.ch\/wp-content\/uploads\/2023\/09\/lisafunkblitzlampe_01_z1.jpg",500,500,false],"thumbnail":["https:\/\/www.gleichcom.samuraidev.ch\/wp-content\/uploads\/2023\/09\/lisafunkblitzlampe_01_z1.jpg",150,150,false],"medium":["https:\/\/www.gleichcom.samuraidev.ch\/wp-content\/uploads\/2023\/09\/lisafunkblitzlampe_01_z1.jpg",300,300,false],"medium_large":["https:\/\/www.gleichcom.samuraidev.ch\/wp-content\/uploads\/2023\/09\/lisafunkblitzlampe_01_z1.jpg",500,500,false],"large":["https:\/\/www.gleichcom.samuraidev.ch\/wp-content\/uploads\/2023\/09\/lisafunkblitzlampe_01_z1.jpg",500,500,false],"1536x1536":["https:\/\/www.gleichcom.samuraidev.ch\/wp-content\/uploads\/2023\/09\/lisafunkblitzlampe_01_z1.jpg",500,500,false],"2048x2048":["https:\/\/www.gleichcom.samuraidev.ch\/wp-content\/uploads\/2023\/09\/lisafunkblitzlampe_01_z1.jpg",500,500,false],"woocommerce_thumbnail":["https:\/\/www.gleichcom.samuraidev.ch\/wp-content\/uploads\/2023\/09\/lisafunkblitzlampe_01_z1.jpg",300,300,false],"woocommerce_single":["https:\/\/www.gleichcom.samuraidev.ch\/wp-content\/uploads\/2023\/09\/lisafunkblitzlampe_01_z1.jpg",500,500,false],"woocommerce_gallery_thumbnail":["https:\/\/www.gleichcom.samuraidev.ch\/wp-content\/uploads\/2023\/09\/lisafunkblitzlampe_01_z1.jpg",100,100,false]},"uagb_author_info":{"display_name":"","author_link":"https:\/\/www.gleichcom.samuraidev.ch\/it\/author\/"},"uagb_comment_info":0,"uagb_excerpt":"Riceve i segnali dei trasmettitori radio lisa e li indica con un flash stroboscopico extra luminoso.","_links":{"self":[{"href":"https:\/\/www.gleichcom.samuraidev.ch\/it\/wp-json\/wp\/v2\/product\/3373","targetHints":{"allow":["GET"]}}],"collection":[{"href":"https:\/\/www.gleichcom.samuraidev.ch\/it\/wp-json\/wp\/v2\/product"}],"about":[{"href":"https:\/\/www.gleichcom.samuraidev.ch\/it\/wp-json\/wp\/v2\/types\/product"}],"wp:featuredmedia":[{"embeddable":true,"href":"https:\/\/www.gleichcom.samuraidev.ch\/it\/wp-json\/wp\/v2\/media\/3356"}],"wp:attachment":[{"href":"https:\/\/www.gleichcom.samuraidev.ch\/it\/wp-json\/wp\/v2\/media?parent=3373"}],"wp:term":[{"taxonomy":"product_brand","embeddable":true,"href":"https:\/\/www.gleichcom.samuraidev.ch\/it\/wp-json\/wp\/v2\/product_brand?post=3373"},{"taxonomy":"product_cat","embeddable":true,"href":"https:\/\/www.gleichcom.samuraidev.ch\/it\/wp-json\/wp\/v2\/product_cat?post=3373"},{"taxonomy":"product_tag","embeddable":true,"href":"https:\/\/www.gleichcom.samuraidev.ch\/it\/wp-json\/wp\/v2\/product_tag?post=3373"}],"curies":[{"name":"wp","href":"https:\/\/api.w.org\/{rel}","templated":true}]}}