{"id":3385,"date":"2014-06-13T08:43:13","date_gmt":"2014-06-13T06:43:13","guid":{"rendered":"https:\/\/www.gleichcom.samuraidev.ch\/?product=comfort-audio-fm-anlage-tourguide-11-20-teilnehmer-tagesmiete"},"modified":"1000-01-01T00:00:00","modified_gmt":"1000-01-01T00:00:00","slug":"comfort-audio-fm-anlage-tourguide-11-20-teilnehmer-tagesmiete","status":"publish","type":"product","link":"https:\/\/www.gleichcom.samuraidev.ch\/it\/shop\/comfort-audio-fm-anlage-tourguide-11-20-teilnehmer-tagesmiete\/","title":{"rendered":"Comfort Audio FM guida del sistema (11 &#8211; 20 partecipanti) giorno Affitto"},"content":{"rendered":"<p>\n\t<span id=\"result_box\" lang=\"it\"><span title=\"Comfort Audio FM-Anlage Tour Guide (15 - 30 Teilnehmer) Tagesmiete\n\n\">Comfort Audio FM guida del sistema (11- 20 partecipanti) giorno Affitto<\/span><\/p>\n<p>\t<span title=\"Mietpreis pro Tag\/inkl.\">Affitto al giorno \/ incl. <\/span><span title=\"MWST:\n\">IVA:<\/span><br \/>\n\t<span title=\"CHF 250.00\n\n\">CHF 250.00<\/span><\/p>\n<p>\t<span title=\"Im Mietpreis inbegriffene Leistungen:\n\">Il prezzo di noleggio inclusi servizi:<\/span><br \/>\n\t<span title=\".\">, <\/span><span title=\"Transport (Postversand)\n\">Trasporti (posta)<\/span><br \/>\n\t<span title=\".\">, <\/span><span title=\"Schulung der Lehrkr\u00e4fte\/Referenten\n\">Formazione di insegnanti \/ docenti<\/span><br \/>\n\t<span title=\".\">, <\/span><span title=\"Unterhalt Ger\u00e4te\n\">Attrezzature di manutenzione<\/span><br \/>\n\t<span title=\".\">, <\/span><span title=\"Piquettdienst\n\n\">Piquettdienst<\/span><\/p>\n<p>\t<span title=\"M\u00f6gliche zus\u00e4tzliche Personalrekrutierung nach Aufwand:\n\">Eventuale assunzione aggiuntiva al costo:<\/span><br \/>\n\t<span title=\".\">, <\/span><span title=\"Fahrspesen Einsatzperson Gleichcom AG: CHF 1.--\/km\n\">Le spese di viaggio usano persona Gleichcom AG: CHF 0.70 \/ km<\/span><br \/>\n\t<span title=\".\">, <\/span><span title=\"Stundenansatz Techniker Gleichcom AG: CHF 120.--\/Std.\n\n\">tecnici orari Gleichcom AG: CHF 127 .&#8211; \/ ora.<\/span><\/p>\n<p>\t<span title=\"Anzahl m\u00f6gliche Teilnehmer:\n\">Numero di partecipanti:<\/span><br \/>\n\t<span title=\".\">, <\/span><span title=\"15 - 30 Personen\n\n\">11 &#8211; 20 persone<\/span><\/p>\n<p>\t<span title=\"Kofferinhalt:\n\">Caso contenuti:<\/span><br \/>\n\t<span title=\".\">, <\/span><span title=\"Comfort Audio DH10 Receiver\n\">Comfort Audio Receiver DH10<\/span><br \/>\n\t<span title=\".\">, <\/span><span title=\"Comfort Audio DM 10 Microphone\n\">Comfort Audio DM 10 Microfono<\/span><br \/>\n\t<span title=\".\">, <\/span><span title=\"Comfort Audio DM 20 Microphone\n\">Comfort Audio DM 20 Microfono<\/span><br \/>\n\t<span title=\".\">, <\/span><span title=\"Kopfh\u00f6rer\n\">cuffie<\/span><br \/>\n\t<span title=\".\">, <\/span><span title=\"Schl\u00fcssel\n\">chiave<\/span><br \/>\n\t<span title=\".\">, <\/span><span title=\"Bedienungsanleitung\n\n\">istruzioni per l&#8217;uso<\/span><\/p>\n<p>\t<span title=\"Koffer mit FM-System f\u00fcr mehrere Benutzer.\n\">Valigia con sistema FM per pi\u00f9 utenti.<\/span><br \/>\n\t<span title=\"Das Comfort Digisystem erm\u00f6glicht es Schwerh\u00f6rigen mit und ohne H\u00f6rhilfen, an \u00f6ffentlichen Events teilzunehmen, und dabei das Gesprochene klar und deutlich zu verstehen.\n\n\">Il Comfort Digisystem rende possibile con e senza gli apparecchi acustici persona udente a partecipare a eventi pubblici, e per comprendere il parlato forte e chiaro.<\/span><\/p>\n<p>\t<span title=\"Der Redner\/Diskussionsleiter tr\u00e4gt ein Mikrophon, dabei wird seine Stimme drahtlos an die Empfangsger\u00e4te der Benutzer \u00fcbertragen (via T-Spule des H\u00f6rger\u00e4ts).\n\n\">L&#8217;oratore \/ moderatore che indossa un microfono, \u00e8 la sua voce in modalit\u00e0 wireless trasmessa al dispositivo di ricezione l&#8217;utente (attraverso T-coil dell&#8217;apparecchio acustico).<\/span><\/p>\n<p>\t<span title=\"Flexibel und praktisch:\n\">Flessibile e pratico:<\/span><br \/>\n\t<span title=\"Mit seinem kompakten, leichten und drahtlosen Design ist das Comfort Digisystem sowohl praktisch als auch vielseitig und kann in so gut wie jeder Umgebung angewendet werden.\">La struttura compatta, leggera e wireless, il comfort Digisystem \u00e8 pratica e versatile e pu\u00f2 essere applicato in qualsiasi ambiente. <\/span><span title=\"Die Anlagen sind aufgeladen und werden geordnet in einem robusten und funtionellen Aluminiumkoffer transportiert.\">Le strutture sono addebitate e trasportati in un case in alluminio robusto e funtionellen ordinato. <\/span><span title=\"Sie sind maximal 10 Stunden betriebsbereit und 2 Stunden reichen aus, um sie wieder komplett aufzuladen.\n\n\">Sono pronti massimo di 10 ore e 2 ore sono sufficienti per ricaricare completamente.<\/span><\/p>\n<p>\t<span title=\"Digital und sicher:\n\">Digitale e sicuro:<\/span><br \/>\n\t<span title=\"Im Gegensatz zu den traditionellen FM-Systemen ist das Comfort Digisystem mit einer innovativen Spitzentechnologie ausgestattet, die einen kristallklaren Ton ohne St\u00f6rger\u00e4usche und Verz\u00f6gerung in einem Umkreis von 30 Metern zu \u00fcbermitteln erlaubt.\">A differenza dei sistemi tradizionali FM, comfort Digisystem \u00e8 dotato di una innovativa tecnologia all&#8217;avanguardia che consente di inviare un suono cristallino senza rumore e il ritardo in un raggio di 30 metri.<\/span><\/span><\/p>\n","protected":false},"excerpt":{"rendered":"<p>\tComfort Audio FM guida del sistema (11 &#8211; 20 partecipanti) giorno Affitto<\/p>\n","protected":false},"featured_media":3377,"template":"","meta":{"inline_featured_image":false,"_uag_custom_page_level_css":"","site-sidebar-layout":"default","site-content-layout":"","ast-site-content-layout":"default","site-content-style":"default","site-sidebar-style":"default","ast-global-header-display":"","ast-banner-title-visibility":"","ast-main-header-display":"","ast-hfb-above-header-display":"","ast-hfb-below-header-display":"","ast-hfb-mobile-header-display":"","site-post-title":"","ast-breadcrumbs-content":"","ast-featured-img":"","footer-sml-layout":"","ast-disable-related-posts":"","theme-transparent-header-meta":"","adv-header-id-meta":"","stick-header-meta":"","header-above-stick-meta":"","header-main-stick-meta":"","header-below-stick-meta":"","astra-migrate-meta-layouts":"default","ast-page-background-enabled":"default","ast-page-background-meta":{"desktop":{"background-color":"","background-image":"","background-repeat":"repeat","background-position":"center center","background-size":"auto","background-attachment":"scroll","background-type":"","background-media":"","overlay-type":"","overlay-color":"","overlay-opacity":"","overlay-gradient":""},"tablet":{"background-color":"","background-image":"","background-repeat":"repeat","background-position":"center center","background-size":"auto","background-attachment":"scroll","background-type":"","background-media":"","overlay-type":"","overlay-color":"","overlay-opacity":"","overlay-gradient":""},"mobile":{"background-color":"","background-image":"","background-repeat":"repeat","background-position":"center center","background-size":"auto","background-attachment":"scroll","background-type":"","background-media":"","overlay-type":"","overlay-color":"","overlay-opacity":"","overlay-gradient":""}},"ast-content-background-meta":{"desktop":{"background-color":"var(--ast-global-color-5)","background-image":"","background-repeat":"repeat","background-position":"center center","background-size":"auto","background-attachment":"scroll","background-type":"","background-media":"","overlay-type":"","overlay-color":"","overlay-opacity":"","overlay-gradient":""},"tablet":{"background-color":"var(--ast-global-color-5)","background-image":"","background-repeat":"repeat","background-position":"center center","background-size":"auto","background-attachment":"scroll","background-type":"","background-media":"","overlay-type":"","overlay-color":"","overlay-opacity":"","overlay-gradient":""},"mobile":{"background-color":"var(--ast-global-color-5)","background-image":"","background-repeat":"repeat","background-position":"center center","background-size":"auto","background-attachment":"scroll","background-type":"","background-media":"","overlay-type":"","overlay-color":"","overlay-opacity":"","overlay-gradient":""}}},"product_brand":[],"product_cat":[2986],"product_tag":[],"class_list":{"0":"post-3385","1":"product","2":"type-product","3":"status-publish","4":"has-post-thumbnail","6":"product_cat-noleggiare-dispositivi-uditivi-it","7":"desktop-align-center","8":"tablet-align-center","9":"mobile-align-center","10":"ast-product-gallery-layout-horizontal-slider","11":"ast-product-tabs-layout-accordion","13":"first","14":"instock","15":"taxable","16":"shipping-taxable","17":"purchasable","18":"product-type-simple"},"yoast_head":"<!-- This site is optimized with the Yoast SEO plugin v27.6 - https:\/\/yoast.com\/product\/yoast-seo-wordpress\/ -->\n<title>Comfort Audio FM guida del sistema (11 - 20 partecipanti) giorno Affitto im Onlineshop | Gleichcom AG<\/title>\n<meta name=\"description\" content=\"\u2705 Comfort Audio FM guida del sistema (11 - 20 partecipanti) giorno Affitto\" \/>\n<meta name=\"robots\" content=\"noindex, follow, max-snippet:-1, max-image-preview:large, max-video-preview:-1\" \/>\n<meta property=\"og:locale\" content=\"it_IT\" \/>\n<meta property=\"og:type\" content=\"article\" \/>\n<meta property=\"og:title\" content=\"Comfort Audio FM guida del sistema (11 - 20 partecipanti) giorno Affitto im Onlineshop | Gleichcom AG\" \/>\n<meta property=\"og:description\" content=\"\u2705 Comfort Audio FM guida del sistema (11 - 20 partecipanti) giorno Affitto\" \/>\n<meta property=\"og:url\" content=\"https:\/\/www.gleichcom.samuraidev.ch\/it\/shop\/comfort-audio-fm-anlage-tourguide-11-20-teilnehmer-tagesmiete\/\" \/>\n<meta property=\"og:site_name\" content=\"Gleichcom AG\" \/>\n<meta property=\"article:publisher\" content=\"https:\/\/www.facebook.com\/profile.php?id=100068749126981\" \/>\n<meta property=\"og:image\" content=\"https:\/\/www.gleichcom.samuraidev.ch\/wp-content\/uploads\/2023\/09\/562_0.jpg\" \/>\n\t<meta property=\"og:image:width\" content=\"500\" \/>\n\t<meta property=\"og:image:height\" content=\"375\" \/>\n\t<meta property=\"og:image:type\" content=\"image\/jpeg\" \/>\n<meta name=\"twitter:card\" content=\"summary_large_image\" \/>\n<script type=\"application\/ld+json\" class=\"yoast-schema-graph\">{\"@context\":\"https:\\\/\\\/schema.org\",\"@graph\":[{\"@type\":\"WebPage\",\"@id\":\"https:\\\/\\\/www.gleichcom.samuraidev.ch\\\/it\\\/shop\\\/comfort-audio-fm-anlage-tourguide-11-20-teilnehmer-tagesmiete\\\/\",\"url\":\"https:\\\/\\\/www.gleichcom.samuraidev.ch\\\/it\\\/shop\\\/comfort-audio-fm-anlage-tourguide-11-20-teilnehmer-tagesmiete\\\/\",\"name\":\"Comfort Audio FM guida del sistema (11 - 20 partecipanti) giorno Affitto im Onlineshop | Gleichcom AG\",\"isPartOf\":{\"@id\":\"https:\\\/\\\/www.gleichcom.samuraidev.ch\\\/it\\\/#website\"},\"primaryImageOfPage\":{\"@id\":\"https:\\\/\\\/www.gleichcom.samuraidev.ch\\\/it\\\/shop\\\/comfort-audio-fm-anlage-tourguide-11-20-teilnehmer-tagesmiete\\\/#primaryimage\"},\"image\":{\"@id\":\"https:\\\/\\\/www.gleichcom.samuraidev.ch\\\/it\\\/shop\\\/comfort-audio-fm-anlage-tourguide-11-20-teilnehmer-tagesmiete\\\/#primaryimage\"},\"thumbnailUrl\":\"https:\\\/\\\/www.gleichcom.samuraidev.ch\\\/wp-content\\\/uploads\\\/2023\\\/09\\\/562_0.jpg\",\"datePublished\":\"2014-06-13T06:43:13+00:00\",\"description\":\"\u2705 Comfort Audio FM guida del sistema (11 - 20 partecipanti) giorno Affitto\",\"breadcrumb\":{\"@id\":\"https:\\\/\\\/www.gleichcom.samuraidev.ch\\\/it\\\/shop\\\/comfort-audio-fm-anlage-tourguide-11-20-teilnehmer-tagesmiete\\\/#breadcrumb\"},\"inLanguage\":\"it-IT\",\"potentialAction\":[{\"@type\":\"ReadAction\",\"target\":[\"https:\\\/\\\/www.gleichcom.samuraidev.ch\\\/it\\\/shop\\\/comfort-audio-fm-anlage-tourguide-11-20-teilnehmer-tagesmiete\\\/\"]}]},{\"@type\":\"ImageObject\",\"inLanguage\":\"it-IT\",\"@id\":\"https:\\\/\\\/www.gleichcom.samuraidev.ch\\\/it\\\/shop\\\/comfort-audio-fm-anlage-tourguide-11-20-teilnehmer-tagesmiete\\\/#primaryimage\",\"url\":\"https:\\\/\\\/www.gleichcom.samuraidev.ch\\\/wp-content\\\/uploads\\\/2023\\\/09\\\/562_0.jpg\",\"contentUrl\":\"https:\\\/\\\/www.gleichcom.samuraidev.ch\\\/wp-content\\\/uploads\\\/2023\\\/09\\\/562_0.jpg\",\"width\":500,\"height\":375},{\"@type\":\"BreadcrumbList\",\"@id\":\"https:\\\/\\\/www.gleichcom.samuraidev.ch\\\/it\\\/shop\\\/comfort-audio-fm-anlage-tourguide-11-20-teilnehmer-tagesmiete\\\/#breadcrumb\",\"itemListElement\":[{\"@type\":\"ListItem\",\"position\":1,\"name\":\"Startseite\",\"item\":\"https:\\\/\\\/www.gleichcom.samuraidev.ch\\\/it\\\/\"},{\"@type\":\"ListItem\",\"position\":2,\"name\":\"Shop\",\"item\":\"https:\\\/\\\/www.gleichcom.samuraidev.ch\\\/it\\\/shop\\\/\"},{\"@type\":\"ListItem\",\"position\":3,\"name\":\"Comfort Audio FM guida del sistema (11 &#8211; 20 partecipanti) giorno Affitto\"}]},{\"@type\":\"WebSite\",\"@id\":\"https:\\\/\\\/www.gleichcom.samuraidev.ch\\\/it\\\/#website\",\"url\":\"https:\\\/\\\/www.gleichcom.samuraidev.ch\\\/it\\\/\",\"name\":\"Gleichcom AG\",\"description\":\"besser h\u00f6ren. besser sehen. besser leben.\",\"publisher\":{\"@id\":\"https:\\\/\\\/www.gleichcom.samuraidev.ch\\\/it\\\/#organization\"},\"alternateName\":\"Gleichcom\",\"potentialAction\":[{\"@type\":\"SearchAction\",\"target\":{\"@type\":\"EntryPoint\",\"urlTemplate\":\"https:\\\/\\\/www.gleichcom.samuraidev.ch\\\/it\\\/?s={search_term_string}\"},\"query-input\":{\"@type\":\"PropertyValueSpecification\",\"valueRequired\":true,\"valueName\":\"search_term_string\"}}],\"inLanguage\":\"it-IT\"},{\"@type\":\"Organization\",\"@id\":\"https:\\\/\\\/www.gleichcom.samuraidev.ch\\\/it\\\/#organization\",\"name\":\"Gleichcom AG\",\"alternateName\":\"Gleichcom\",\"url\":\"https:\\\/\\\/www.gleichcom.samuraidev.ch\\\/it\\\/\",\"logo\":{\"@type\":\"ImageObject\",\"inLanguage\":\"it-IT\",\"@id\":\"https:\\\/\\\/www.gleichcom.samuraidev.ch\\\/it\\\/#\\\/schema\\\/logo\\\/image\\\/\",\"url\":\"https:\\\/\\\/www.gleichcom.samuraidev.ch\\\/wp-content\\\/uploads\\\/2023\\\/09\\\/gleichcom-ag-logo-quadrat-farbig-mitte@696.png\",\"contentUrl\":\"https:\\\/\\\/www.gleichcom.samuraidev.ch\\\/wp-content\\\/uploads\\\/2023\\\/09\\\/gleichcom-ag-logo-quadrat-farbig-mitte@696.png\",\"width\":437,\"height\":437,\"caption\":\"Gleichcom AG\"},\"image\":{\"@id\":\"https:\\\/\\\/www.gleichcom.samuraidev.ch\\\/it\\\/#\\\/schema\\\/logo\\\/image\\\/\"},\"sameAs\":[\"https:\\\/\\\/www.facebook.com\\\/profile.php?id=100068749126981\"]}]}<\/script>\n<!-- \/ Yoast SEO plugin. -->","yoast_head_json":{"title":"Comfort Audio FM guida del sistema (11 - 20 partecipanti) giorno Affitto im Onlineshop | Gleichcom AG","description":"\u2705 Comfort Audio FM guida del sistema (11 - 20 partecipanti) giorno Affitto","robots":{"index":"noindex","follow":"follow","max-snippet":"max-snippet:-1","max-image-preview":"max-image-preview:large","max-video-preview":"max-video-preview:-1"},"og_locale":"it_IT","og_type":"article","og_title":"Comfort Audio FM guida del sistema (11 - 20 partecipanti) giorno Affitto im Onlineshop | Gleichcom AG","og_description":"\u2705 Comfort Audio FM guida del sistema (11 - 20 partecipanti) giorno Affitto","og_url":"https:\/\/www.gleichcom.samuraidev.ch\/it\/shop\/comfort-audio-fm-anlage-tourguide-11-20-teilnehmer-tagesmiete\/","og_site_name":"Gleichcom AG","article_publisher":"https:\/\/www.facebook.com\/profile.php?id=100068749126981","og_image":[{"width":500,"height":375,"url":"https:\/\/www.gleichcom.samuraidev.ch\/wp-content\/uploads\/2023\/09\/562_0.jpg","type":"image\/jpeg"}],"twitter_card":"summary_large_image","schema":{"@context":"https:\/\/schema.org","@graph":[{"@type":"WebPage","@id":"https:\/\/www.gleichcom.samuraidev.ch\/it\/shop\/comfort-audio-fm-anlage-tourguide-11-20-teilnehmer-tagesmiete\/","url":"https:\/\/www.gleichcom.samuraidev.ch\/it\/shop\/comfort-audio-fm-anlage-tourguide-11-20-teilnehmer-tagesmiete\/","name":"Comfort Audio FM guida del sistema (11 - 20 partecipanti) giorno Affitto im Onlineshop | Gleichcom AG","isPartOf":{"@id":"https:\/\/www.gleichcom.samuraidev.ch\/it\/#website"},"primaryImageOfPage":{"@id":"https:\/\/www.gleichcom.samuraidev.ch\/it\/shop\/comfort-audio-fm-anlage-tourguide-11-20-teilnehmer-tagesmiete\/#primaryimage"},"image":{"@id":"https:\/\/www.gleichcom.samuraidev.ch\/it\/shop\/comfort-audio-fm-anlage-tourguide-11-20-teilnehmer-tagesmiete\/#primaryimage"},"thumbnailUrl":"https:\/\/www.gleichcom.samuraidev.ch\/wp-content\/uploads\/2023\/09\/562_0.jpg","datePublished":"2014-06-13T06:43:13+00:00","description":"\u2705 Comfort Audio FM guida del sistema (11 - 20 partecipanti) giorno Affitto","breadcrumb":{"@id":"https:\/\/www.gleichcom.samuraidev.ch\/it\/shop\/comfort-audio-fm-anlage-tourguide-11-20-teilnehmer-tagesmiete\/#breadcrumb"},"inLanguage":"it-IT","potentialAction":[{"@type":"ReadAction","target":["https:\/\/www.gleichcom.samuraidev.ch\/it\/shop\/comfort-audio-fm-anlage-tourguide-11-20-teilnehmer-tagesmiete\/"]}]},{"@type":"ImageObject","inLanguage":"it-IT","@id":"https:\/\/www.gleichcom.samuraidev.ch\/it\/shop\/comfort-audio-fm-anlage-tourguide-11-20-teilnehmer-tagesmiete\/#primaryimage","url":"https:\/\/www.gleichcom.samuraidev.ch\/wp-content\/uploads\/2023\/09\/562_0.jpg","contentUrl":"https:\/\/www.gleichcom.samuraidev.ch\/wp-content\/uploads\/2023\/09\/562_0.jpg","width":500,"height":375},{"@type":"BreadcrumbList","@id":"https:\/\/www.gleichcom.samuraidev.ch\/it\/shop\/comfort-audio-fm-anlage-tourguide-11-20-teilnehmer-tagesmiete\/#breadcrumb","itemListElement":[{"@type":"ListItem","position":1,"name":"Startseite","item":"https:\/\/www.gleichcom.samuraidev.ch\/it\/"},{"@type":"ListItem","position":2,"name":"Shop","item":"https:\/\/www.gleichcom.samuraidev.ch\/it\/shop\/"},{"@type":"ListItem","position":3,"name":"Comfort Audio FM guida del sistema (11 &#8211; 20 partecipanti) giorno Affitto"}]},{"@type":"WebSite","@id":"https:\/\/www.gleichcom.samuraidev.ch\/it\/#website","url":"https:\/\/www.gleichcom.samuraidev.ch\/it\/","name":"Gleichcom AG","description":"besser h\u00f6ren. besser sehen. besser leben.","publisher":{"@id":"https:\/\/www.gleichcom.samuraidev.ch\/it\/#organization"},"alternateName":"Gleichcom","potentialAction":[{"@type":"SearchAction","target":{"@type":"EntryPoint","urlTemplate":"https:\/\/www.gleichcom.samuraidev.ch\/it\/?s={search_term_string}"},"query-input":{"@type":"PropertyValueSpecification","valueRequired":true,"valueName":"search_term_string"}}],"inLanguage":"it-IT"},{"@type":"Organization","@id":"https:\/\/www.gleichcom.samuraidev.ch\/it\/#organization","name":"Gleichcom AG","alternateName":"Gleichcom","url":"https:\/\/www.gleichcom.samuraidev.ch\/it\/","logo":{"@type":"ImageObject","inLanguage":"it-IT","@id":"https:\/\/www.gleichcom.samuraidev.ch\/it\/#\/schema\/logo\/image\/","url":"https:\/\/www.gleichcom.samuraidev.ch\/wp-content\/uploads\/2023\/09\/gleichcom-ag-logo-quadrat-farbig-mitte@696.png","contentUrl":"https:\/\/www.gleichcom.samuraidev.ch\/wp-content\/uploads\/2023\/09\/gleichcom-ag-logo-quadrat-farbig-mitte@696.png","width":437,"height":437,"caption":"Gleichcom AG"},"image":{"@id":"https:\/\/www.gleichcom.samuraidev.ch\/it\/#\/schema\/logo\/image\/"},"sameAs":["https:\/\/www.facebook.com\/profile.php?id=100068749126981"]}]}},"uagb_featured_image_src":{"full":["https:\/\/www.gleichcom.samuraidev.ch\/wp-content\/uploads\/2023\/09\/562_0.jpg",500,375,false],"thumbnail":["https:\/\/www.gleichcom.samuraidev.ch\/wp-content\/uploads\/2023\/09\/562_0.jpg",150,113,false],"medium":["https:\/\/www.gleichcom.samuraidev.ch\/wp-content\/uploads\/2023\/09\/562_0.jpg",300,225,false],"medium_large":["https:\/\/www.gleichcom.samuraidev.ch\/wp-content\/uploads\/2023\/09\/562_0.jpg",500,375,false],"large":["https:\/\/www.gleichcom.samuraidev.ch\/wp-content\/uploads\/2023\/09\/562_0.jpg",500,375,false],"1536x1536":["https:\/\/www.gleichcom.samuraidev.ch\/wp-content\/uploads\/2023\/09\/562_0.jpg",500,375,false],"2048x2048":["https:\/\/www.gleichcom.samuraidev.ch\/wp-content\/uploads\/2023\/09\/562_0.jpg",500,375,false],"woocommerce_thumbnail":["https:\/\/www.gleichcom.samuraidev.ch\/wp-content\/uploads\/2023\/09\/562_0.jpg",300,225,false],"woocommerce_single":["https:\/\/www.gleichcom.samuraidev.ch\/wp-content\/uploads\/2023\/09\/562_0.jpg",500,375,false],"woocommerce_gallery_thumbnail":["https:\/\/www.gleichcom.samuraidev.ch\/wp-content\/uploads\/2023\/09\/562_0-100x100.jpg",100,100,true]},"uagb_author_info":{"display_name":"","author_link":"https:\/\/www.gleichcom.samuraidev.ch\/it\/author\/"},"uagb_comment_info":0,"uagb_excerpt":"Comfort Audio FM guida del sistema (11 - 20 partecipanti) giorno Affitto","_links":{"self":[{"href":"https:\/\/www.gleichcom.samuraidev.ch\/it\/wp-json\/wp\/v2\/product\/3385","targetHints":{"allow":["GET"]}}],"collection":[{"href":"https:\/\/www.gleichcom.samuraidev.ch\/it\/wp-json\/wp\/v2\/product"}],"about":[{"href":"https:\/\/www.gleichcom.samuraidev.ch\/it\/wp-json\/wp\/v2\/types\/product"}],"wp:featuredmedia":[{"embeddable":true,"href":"https:\/\/www.gleichcom.samuraidev.ch\/it\/wp-json\/wp\/v2\/media\/3377"}],"wp:attachment":[{"href":"https:\/\/www.gleichcom.samuraidev.ch\/it\/wp-json\/wp\/v2\/media?parent=3385"}],"wp:term":[{"taxonomy":"product_brand","embeddable":true,"href":"https:\/\/www.gleichcom.samuraidev.ch\/it\/wp-json\/wp\/v2\/product_brand?post=3385"},{"taxonomy":"product_cat","embeddable":true,"href":"https:\/\/www.gleichcom.samuraidev.ch\/it\/wp-json\/wp\/v2\/product_cat?post=3385"},{"taxonomy":"product_tag","embeddable":true,"href":"https:\/\/www.gleichcom.samuraidev.ch\/it\/wp-json\/wp\/v2\/product_tag?post=3385"}],"curies":[{"name":"wp","href":"https:\/\/api.w.org\/{rel}","templated":true}]}}