{"id":3946,"date":"2016-05-24T14:46:18","date_gmt":"2016-05-24T12:46:18","guid":{"rendered":"https:\/\/www.gleichcom.samuraidev.ch\/?product=signolux-ds-2-digital-wecker"},"modified":"1000-01-01T00:00:00","modified_gmt":"1000-01-01T00:00:00","slug":"signolux-ds-2-digital-wecker","status":"publish","type":"product","link":"https:\/\/www.gleichcom.samuraidev.ch\/it\/shop\/signolux-ds-2-digital-wecker\/","title":{"rendered":"Signolux DS-2 Digital-Wecker"},"content":{"rendered":"<div>\n<div>\n<div>\n\t\t\t<span style=\"color:#000000;\"><strong><span style=\"font-size:16px;\">Signolux Digital-Wecker<\/span><\/strong><\/p>\n<p>\n\t\t\t<strong>Die neue Digital-Wecker-Generation setzt Massst\u00e4be in Design, Funktion und Komfort.<\/strong><br \/>\n\t\t\tIn dem bestechend eleganten Design des \u00abDS-2\u00bb steckt intelligente Digitaltechnik, die eine enorme Flexibilit\u00e4t hinsichtlich der Weckstrategien \u00f6ffnet. Ein \u00e4usserst kraftvoller Tongeber und die aussergew\u00f6hnlich lichtstarke LED-Blinklinie sind serienm\u00e4ssig integriert. Dar\u00fcber hinaus stellt der \u00abDS-2\u00bb Anschl\u00fcsse f\u00fcr weitere Signalmodule bereit, beispielsweise f\u00fcr ein Vibrationskissen.<br \/>\n\t\t\t<strong>Unabh\u00e4ngiger Lichtwecker oder \u00ablisa\u00bb-Funk-Wecker bzw. \u00absignolux\u00bbEmpf\u00e4ngerwecker<\/strong><br \/>\n\t\t\tDer \u00abDS-2\u00bb ist in drei Varianten verf\u00fcgbar: als unabh\u00e4ngiger Lichtwecker und als Wecker mit vollwertiger \u00ablisa\u00bb-bzw. \u00absignlous\u00bb-Funkempf\u00e4nger-Funktion.<br \/>\n\t\t\t<strong>Wesentliche Merkmale auf einen Blick:<\/strong><\/span>\n\t\t<\/div>\n<ul>\n<li>\n<div>\n\t\t\t\t<span style=\"color:#000000;\"><strong>Grosse, klar erkennbare leuchtende Ziffern f\u00fcr Zeitanzeige und Darstellung der Alarmzeit<\/strong><\/span>\n\t\t\t<\/div>\n<\/li>\n<li>\n<div>\n\t\t\t\t<span style=\"color:#000000;\"><strong>Zwei einstellbare Weckzeiten<\/strong><\/span>\n\t\t\t<\/div>\n<\/li>\n<li>\n<div>\n\t\t\t\t<span style=\"color:#000000;\"><strong>Un\u00fcberh\u00f6rbar lauter Weckton, in Tonh\u00f6he und Lautst\u00e4rke stufenlos einstellbar<\/strong><\/span>\n\t\t\t<\/div>\n<\/li>\n<li>\n<div>\n\t\t\t\t<span style=\"color:#000000;\"><strong>Visuelles Wecksignal mit lichtstarker LED-Blicklinie (abschaltbar)<\/strong><\/span>\n\t\t\t<\/div>\n<\/li>\n<li>\n<div>\n\t\t\t\t<span style=\"color:#000000;\"><strong>Snooze-Funktion<\/strong><\/span>\n\t\t\t<\/div>\n<\/li>\n<li>\n<div>\n\t\t\t\t<span style=\"color:#000000;\"><strong>Automatische Helligkeitsregelung des Displays<\/strong><\/span>\n\t\t\t<\/div>\n<\/li>\n<li>\n<div>\n\t\t\t\t<span style=\"color:#000000;\"><strong>12\/24-Stunden-Umschaltung<\/strong><\/span>\n\t\t\t<\/div>\n<\/li>\n<li>\n<div>\n\t\t\t\t<span style=\"color:#000000;\"><strong>Stromausfall-\u00dcberbr\u00fcckung<\/strong><\/span>\n\t\t\t<\/div>\n<\/li>\n<li>\n<div>\n\t\t\t\t<span style=\"color:#000000;\"><strong>Anschluss f\u00fcr Vibrationskissen und andere Humantechnik-Signalmodule *<\/strong><\/span>\n\t\t\t<\/div>\n<\/li>\n<\/ul>\n<div>\n\t\t\t<span style=\"color:#000000;\">\u00a0<br \/>\n\t\t\t<strong>*Die Signalgebermodule MF-1, MA-1 und MS-1 sind auch an die lisa-Empf\u00e4nger Tischblitzlampe, Funk-Blitzlampe, die Funk-Tischblinklampe, die Funk-Blinklampe mit Akku, den Akustischen Funkempf\u00e4nger und an den mobilen Vibrations-Funkempf\u00e4nger anschliessbar.<\/strong><\/span>\n\t\t<\/div>\n<\/p><\/div>\n<\/div>\n","protected":false},"excerpt":{"rendered":"<p>\t\u00abAbsolut zeitgem\u00e4ss. Das Weckersystem DS-2 passt zu mir: Elegant im Design, flexibel und so komfortabel, wie ich es brauche. \u00bb<br \/>\n\tWer tr\u00e4gt seine H\u00f6rsysteme schon nachts? Ich nicht. Und ein Lichtsignal weckt mich p\u00fcnktlich. Darauf kann ich mich verlassen.<br \/>\n\tDS-2 als Empf\u00e4ngerwecker f\u00fcr HUMANTECHNIK-Signalanlagen: das Anzeige-Display mit grossen, klar lesbaren Ziffern und farbig leuchtenden Signalquellen-Symbolen.<\/p>\n","protected":false},"featured_media":3944,"template":"","meta":{"inline_featured_image":false,"_uag_custom_page_level_css":"","site-sidebar-layout":"default","site-content-layout":"","ast-site-content-layout":"default","site-content-style":"default","site-sidebar-style":"default","ast-global-header-display":"","ast-banner-title-visibility":"","ast-main-header-display":"","ast-hfb-above-header-display":"","ast-hfb-below-header-display":"","ast-hfb-mobile-header-display":"","site-post-title":"","ast-breadcrumbs-content":"","ast-featured-img":"","footer-sml-layout":"","ast-disable-related-posts":"","theme-transparent-header-meta":"","adv-header-id-meta":"","stick-header-meta":"","header-above-stick-meta":"","header-main-stick-meta":"","header-below-stick-meta":"","astra-migrate-meta-layouts":"default","ast-page-background-enabled":"default","ast-page-background-meta":{"desktop":{"background-color":"","background-image":"","background-repeat":"repeat","background-position":"center center","background-size":"auto","background-attachment":"scroll","background-type":"","background-media":"","overlay-type":"","overlay-color":"","overlay-opacity":"","overlay-gradient":""},"tablet":{"background-color":"","background-image":"","background-repeat":"repeat","background-position":"center center","background-size":"auto","background-attachment":"scroll","background-type":"","background-media":"","overlay-type":"","overlay-color":"","overlay-opacity":"","overlay-gradient":""},"mobile":{"background-color":"","background-image":"","background-repeat":"repeat","background-position":"center center","background-size":"auto","background-attachment":"scroll","background-type":"","background-media":"","overlay-type":"","overlay-color":"","overlay-opacity":"","overlay-gradient":""}},"ast-content-background-meta":{"desktop":{"background-color":"var(--ast-global-color-5)","background-image":"","background-repeat":"repeat","background-position":"center center","background-size":"auto","background-attachment":"scroll","background-type":"","background-media":"","overlay-type":"","overlay-color":"","overlay-opacity":"","overlay-gradient":""},"tablet":{"background-color":"var(--ast-global-color-5)","background-image":"","background-repeat":"repeat","background-position":"center center","background-size":"auto","background-attachment":"scroll","background-type":"","background-media":"","overlay-type":"","overlay-color":"","overlay-opacity":"","overlay-gradient":""},"mobile":{"background-color":"var(--ast-global-color-5)","background-image":"","background-repeat":"repeat","background-position":"center center","background-size":"auto","background-attachment":"scroll","background-type":"","background-media":"","overlay-type":"","overlay-color":"","overlay-opacity":"","overlay-gradient":""}}},"product_brand":[],"product_cat":[1776],"product_tag":[],"class_list":{"0":"post-3946","1":"product","2":"type-product","3":"status-publish","4":"has-post-thumbnail","6":"product_cat-unkategorisiert","7":"desktop-align-center","8":"tablet-align-center","9":"mobile-align-center","10":"ast-product-gallery-layout-horizontal-slider","11":"ast-product-gallery-with-no-image","12":"ast-product-tabs-layout-accordion","14":"first","15":"instock","16":"taxable","17":"shipping-taxable","18":"purchasable","19":"product-type-simple"},"yoast_head":"<!-- This site is optimized with the Yoast SEO plugin v27.5 - https:\/\/yoast.com\/product\/yoast-seo-wordpress\/ -->\n<title>Signolux DS-2 Digital-Wecker im Onlineshop | Gleichcom AG<\/title>\n<meta name=\"description\" content=\"\u2705 \u00abAbsolut zeitgem\u00e4ss. Das Weckersystem DS-2 passt zu mir: Elegant im Design, flexibel und so komfortabel, wie ich es brauche. \u00bb  Wer tr\u00e4gt seine H\u00f6rsysteme schon nachts? Ich nicht. Und ein Lichtsignal weckt mich p\u00fcnktlich. Darauf kann ich mich verlassen.  DS-2 als Empf\u00e4ngerwecker f\u00fcr HUMANTECHNIK-Signalanlagen: das Anzeige-Display mit grossen, klar lesbaren Ziffern und farbig leuchtenden Signalquellen-Symbolen.\" \/>\n<meta name=\"robots\" content=\"noindex, follow, max-snippet:-1, max-image-preview:large, max-video-preview:-1\" \/>\n<meta property=\"og:locale\" content=\"it_IT\" \/>\n<meta property=\"og:type\" content=\"article\" \/>\n<meta property=\"og:title\" content=\"Signolux DS-2 Digital-Wecker im Onlineshop | Gleichcom AG\" \/>\n<meta property=\"og:description\" content=\"\u2705 \u00abAbsolut zeitgem\u00e4ss. Das Weckersystem DS-2 passt zu mir: Elegant im Design, flexibel und so komfortabel, wie ich es brauche. \u00bb  Wer tr\u00e4gt seine H\u00f6rsysteme schon nachts? Ich nicht. Und ein Lichtsignal weckt mich p\u00fcnktlich. Darauf kann ich mich verlassen.  DS-2 als Empf\u00e4ngerwecker f\u00fcr HUMANTECHNIK-Signalanlagen: das Anzeige-Display mit grossen, klar lesbaren Ziffern und farbig leuchtenden Signalquellen-Symbolen.\" \/>\n<meta property=\"og:url\" content=\"https:\/\/www.gleichcom.samuraidev.ch\/it\/shop\/signolux-ds-2-digital-wecker\/\" \/>\n<meta property=\"og:site_name\" content=\"Gleichcom AG\" \/>\n<meta property=\"article:publisher\" content=\"https:\/\/www.facebook.com\/profile.php?id=100068749126981\" \/>\n<meta property=\"og:image\" content=\"https:\/\/www.gleichcom.samuraidev.ch\/wp-content\/uploads\/2023\/09\/signoluxalarmclockws.jpg\" \/>\n\t<meta property=\"og:image:width\" content=\"500\" \/>\n\t<meta property=\"og:image:height\" content=\"500\" \/>\n\t<meta property=\"og:image:type\" content=\"image\/jpeg\" \/>\n<meta name=\"twitter:card\" content=\"summary_large_image\" \/>\n<script type=\"application\/ld+json\" class=\"yoast-schema-graph\">{\"@context\":\"https:\\\/\\\/schema.org\",\"@graph\":[{\"@type\":\"WebPage\",\"@id\":\"https:\\\/\\\/www.gleichcom.samuraidev.ch\\\/it\\\/shop\\\/signolux-ds-2-digital-wecker\\\/\",\"url\":\"https:\\\/\\\/www.gleichcom.samuraidev.ch\\\/it\\\/shop\\\/signolux-ds-2-digital-wecker\\\/\",\"name\":\"Signolux DS-2 Digital-Wecker im Onlineshop | Gleichcom AG\",\"isPartOf\":{\"@id\":\"https:\\\/\\\/www.gleichcom.samuraidev.ch\\\/it\\\/#website\"},\"primaryImageOfPage\":{\"@id\":\"https:\\\/\\\/www.gleichcom.samuraidev.ch\\\/it\\\/shop\\\/signolux-ds-2-digital-wecker\\\/#primaryimage\"},\"image\":{\"@id\":\"https:\\\/\\\/www.gleichcom.samuraidev.ch\\\/it\\\/shop\\\/signolux-ds-2-digital-wecker\\\/#primaryimage\"},\"thumbnailUrl\":\"https:\\\/\\\/www.gleichcom.samuraidev.ch\\\/wp-content\\\/uploads\\\/2023\\\/09\\\/signoluxalarmclockws.jpg\",\"datePublished\":\"2016-05-24T12:46:18+00:00\",\"description\":\"\u2705 \u00abAbsolut zeitgem\u00e4ss. Das Weckersystem DS-2 passt zu mir: Elegant im Design, flexibel und so komfortabel, wie ich es brauche. \u00bb Wer tr\u00e4gt seine H\u00f6rsysteme schon nachts? Ich nicht. Und ein Lichtsignal weckt mich p\u00fcnktlich. Darauf kann ich mich verlassen. DS-2 als Empf\u00e4ngerwecker f\u00fcr HUMANTECHNIK-Signalanlagen: das Anzeige-Display mit grossen, klar lesbaren Ziffern und farbig leuchtenden Signalquellen-Symbolen.\",\"breadcrumb\":{\"@id\":\"https:\\\/\\\/www.gleichcom.samuraidev.ch\\\/it\\\/shop\\\/signolux-ds-2-digital-wecker\\\/#breadcrumb\"},\"inLanguage\":\"it-IT\",\"potentialAction\":[{\"@type\":\"ReadAction\",\"target\":[\"https:\\\/\\\/www.gleichcom.samuraidev.ch\\\/it\\\/shop\\\/signolux-ds-2-digital-wecker\\\/\"]}]},{\"@type\":\"ImageObject\",\"inLanguage\":\"it-IT\",\"@id\":\"https:\\\/\\\/www.gleichcom.samuraidev.ch\\\/it\\\/shop\\\/signolux-ds-2-digital-wecker\\\/#primaryimage\",\"url\":\"https:\\\/\\\/www.gleichcom.samuraidev.ch\\\/wp-content\\\/uploads\\\/2023\\\/09\\\/signoluxalarmclockws.jpg\",\"contentUrl\":\"https:\\\/\\\/www.gleichcom.samuraidev.ch\\\/wp-content\\\/uploads\\\/2023\\\/09\\\/signoluxalarmclockws.jpg\",\"width\":500,\"height\":500},{\"@type\":\"BreadcrumbList\",\"@id\":\"https:\\\/\\\/www.gleichcom.samuraidev.ch\\\/it\\\/shop\\\/signolux-ds-2-digital-wecker\\\/#breadcrumb\",\"itemListElement\":[{\"@type\":\"ListItem\",\"position\":1,\"name\":\"Startseite\",\"item\":\"https:\\\/\\\/www.gleichcom.samuraidev.ch\\\/it\\\/\"},{\"@type\":\"ListItem\",\"position\":2,\"name\":\"Shop\",\"item\":\"https:\\\/\\\/www.gleichcom.samuraidev.ch\\\/it\\\/shop\\\/\"},{\"@type\":\"ListItem\",\"position\":3,\"name\":\"Signolux DS-2 Digital-Wecker\"}]},{\"@type\":\"WebSite\",\"@id\":\"https:\\\/\\\/www.gleichcom.samuraidev.ch\\\/it\\\/#website\",\"url\":\"https:\\\/\\\/www.gleichcom.samuraidev.ch\\\/it\\\/\",\"name\":\"Gleichcom AG\",\"description\":\"besser h\u00f6ren. besser sehen. besser leben.\",\"publisher\":{\"@id\":\"https:\\\/\\\/www.gleichcom.samuraidev.ch\\\/it\\\/#organization\"},\"alternateName\":\"Gleichcom\",\"potentialAction\":[{\"@type\":\"SearchAction\",\"target\":{\"@type\":\"EntryPoint\",\"urlTemplate\":\"https:\\\/\\\/www.gleichcom.samuraidev.ch\\\/it\\\/?s={search_term_string}\"},\"query-input\":{\"@type\":\"PropertyValueSpecification\",\"valueRequired\":true,\"valueName\":\"search_term_string\"}}],\"inLanguage\":\"it-IT\"},{\"@type\":\"Organization\",\"@id\":\"https:\\\/\\\/www.gleichcom.samuraidev.ch\\\/it\\\/#organization\",\"name\":\"Gleichcom AG\",\"alternateName\":\"Gleichcom\",\"url\":\"https:\\\/\\\/www.gleichcom.samuraidev.ch\\\/it\\\/\",\"logo\":{\"@type\":\"ImageObject\",\"inLanguage\":\"it-IT\",\"@id\":\"https:\\\/\\\/www.gleichcom.samuraidev.ch\\\/it\\\/#\\\/schema\\\/logo\\\/image\\\/\",\"url\":\"https:\\\/\\\/www.gleichcom.samuraidev.ch\\\/wp-content\\\/uploads\\\/2023\\\/09\\\/gleichcom-ag-logo-quadrat-farbig-mitte@696.png\",\"contentUrl\":\"https:\\\/\\\/www.gleichcom.samuraidev.ch\\\/wp-content\\\/uploads\\\/2023\\\/09\\\/gleichcom-ag-logo-quadrat-farbig-mitte@696.png\",\"width\":437,\"height\":437,\"caption\":\"Gleichcom AG\"},\"image\":{\"@id\":\"https:\\\/\\\/www.gleichcom.samuraidev.ch\\\/it\\\/#\\\/schema\\\/logo\\\/image\\\/\"},\"sameAs\":[\"https:\\\/\\\/www.facebook.com\\\/profile.php?id=100068749126981\"]}]}<\/script>\n<!-- \/ Yoast SEO plugin. -->","yoast_head_json":{"title":"Signolux DS-2 Digital-Wecker im Onlineshop | Gleichcom AG","description":"\u2705 \u00abAbsolut zeitgem\u00e4ss. Das Weckersystem DS-2 passt zu mir: Elegant im Design, flexibel und so komfortabel, wie ich es brauche. \u00bb  Wer tr\u00e4gt seine H\u00f6rsysteme schon nachts? Ich nicht. Und ein Lichtsignal weckt mich p\u00fcnktlich. Darauf kann ich mich verlassen.  DS-2 als Empf\u00e4ngerwecker f\u00fcr HUMANTECHNIK-Signalanlagen: das Anzeige-Display mit grossen, klar lesbaren Ziffern und farbig leuchtenden Signalquellen-Symbolen.","robots":{"index":"noindex","follow":"follow","max-snippet":"max-snippet:-1","max-image-preview":"max-image-preview:large","max-video-preview":"max-video-preview:-1"},"og_locale":"it_IT","og_type":"article","og_title":"Signolux DS-2 Digital-Wecker im Onlineshop | Gleichcom AG","og_description":"\u2705 \u00abAbsolut zeitgem\u00e4ss. Das Weckersystem DS-2 passt zu mir: Elegant im Design, flexibel und so komfortabel, wie ich es brauche. \u00bb  Wer tr\u00e4gt seine H\u00f6rsysteme schon nachts? Ich nicht. Und ein Lichtsignal weckt mich p\u00fcnktlich. Darauf kann ich mich verlassen.  DS-2 als Empf\u00e4ngerwecker f\u00fcr HUMANTECHNIK-Signalanlagen: das Anzeige-Display mit grossen, klar lesbaren Ziffern und farbig leuchtenden Signalquellen-Symbolen.","og_url":"https:\/\/www.gleichcom.samuraidev.ch\/it\/shop\/signolux-ds-2-digital-wecker\/","og_site_name":"Gleichcom AG","article_publisher":"https:\/\/www.facebook.com\/profile.php?id=100068749126981","og_image":[{"width":500,"height":500,"url":"https:\/\/www.gleichcom.samuraidev.ch\/wp-content\/uploads\/2023\/09\/signoluxalarmclockws.jpg","type":"image\/jpeg"}],"twitter_card":"summary_large_image","schema":{"@context":"https:\/\/schema.org","@graph":[{"@type":"WebPage","@id":"https:\/\/www.gleichcom.samuraidev.ch\/it\/shop\/signolux-ds-2-digital-wecker\/","url":"https:\/\/www.gleichcom.samuraidev.ch\/it\/shop\/signolux-ds-2-digital-wecker\/","name":"Signolux DS-2 Digital-Wecker im Onlineshop | Gleichcom AG","isPartOf":{"@id":"https:\/\/www.gleichcom.samuraidev.ch\/it\/#website"},"primaryImageOfPage":{"@id":"https:\/\/www.gleichcom.samuraidev.ch\/it\/shop\/signolux-ds-2-digital-wecker\/#primaryimage"},"image":{"@id":"https:\/\/www.gleichcom.samuraidev.ch\/it\/shop\/signolux-ds-2-digital-wecker\/#primaryimage"},"thumbnailUrl":"https:\/\/www.gleichcom.samuraidev.ch\/wp-content\/uploads\/2023\/09\/signoluxalarmclockws.jpg","datePublished":"2016-05-24T12:46:18+00:00","description":"\u2705 \u00abAbsolut zeitgem\u00e4ss. Das Weckersystem DS-2 passt zu mir: Elegant im Design, flexibel und so komfortabel, wie ich es brauche. \u00bb Wer tr\u00e4gt seine H\u00f6rsysteme schon nachts? Ich nicht. Und ein Lichtsignal weckt mich p\u00fcnktlich. Darauf kann ich mich verlassen. DS-2 als Empf\u00e4ngerwecker f\u00fcr HUMANTECHNIK-Signalanlagen: das Anzeige-Display mit grossen, klar lesbaren Ziffern und farbig leuchtenden Signalquellen-Symbolen.","breadcrumb":{"@id":"https:\/\/www.gleichcom.samuraidev.ch\/it\/shop\/signolux-ds-2-digital-wecker\/#breadcrumb"},"inLanguage":"it-IT","potentialAction":[{"@type":"ReadAction","target":["https:\/\/www.gleichcom.samuraidev.ch\/it\/shop\/signolux-ds-2-digital-wecker\/"]}]},{"@type":"ImageObject","inLanguage":"it-IT","@id":"https:\/\/www.gleichcom.samuraidev.ch\/it\/shop\/signolux-ds-2-digital-wecker\/#primaryimage","url":"https:\/\/www.gleichcom.samuraidev.ch\/wp-content\/uploads\/2023\/09\/signoluxalarmclockws.jpg","contentUrl":"https:\/\/www.gleichcom.samuraidev.ch\/wp-content\/uploads\/2023\/09\/signoluxalarmclockws.jpg","width":500,"height":500},{"@type":"BreadcrumbList","@id":"https:\/\/www.gleichcom.samuraidev.ch\/it\/shop\/signolux-ds-2-digital-wecker\/#breadcrumb","itemListElement":[{"@type":"ListItem","position":1,"name":"Startseite","item":"https:\/\/www.gleichcom.samuraidev.ch\/it\/"},{"@type":"ListItem","position":2,"name":"Shop","item":"https:\/\/www.gleichcom.samuraidev.ch\/it\/shop\/"},{"@type":"ListItem","position":3,"name":"Signolux DS-2 Digital-Wecker"}]},{"@type":"WebSite","@id":"https:\/\/www.gleichcom.samuraidev.ch\/it\/#website","url":"https:\/\/www.gleichcom.samuraidev.ch\/it\/","name":"Gleichcom AG","description":"besser h\u00f6ren. besser sehen. besser leben.","publisher":{"@id":"https:\/\/www.gleichcom.samuraidev.ch\/it\/#organization"},"alternateName":"Gleichcom","potentialAction":[{"@type":"SearchAction","target":{"@type":"EntryPoint","urlTemplate":"https:\/\/www.gleichcom.samuraidev.ch\/it\/?s={search_term_string}"},"query-input":{"@type":"PropertyValueSpecification","valueRequired":true,"valueName":"search_term_string"}}],"inLanguage":"it-IT"},{"@type":"Organization","@id":"https:\/\/www.gleichcom.samuraidev.ch\/it\/#organization","name":"Gleichcom AG","alternateName":"Gleichcom","url":"https:\/\/www.gleichcom.samuraidev.ch\/it\/","logo":{"@type":"ImageObject","inLanguage":"it-IT","@id":"https:\/\/www.gleichcom.samuraidev.ch\/it\/#\/schema\/logo\/image\/","url":"https:\/\/www.gleichcom.samuraidev.ch\/wp-content\/uploads\/2023\/09\/gleichcom-ag-logo-quadrat-farbig-mitte@696.png","contentUrl":"https:\/\/www.gleichcom.samuraidev.ch\/wp-content\/uploads\/2023\/09\/gleichcom-ag-logo-quadrat-farbig-mitte@696.png","width":437,"height":437,"caption":"Gleichcom AG"},"image":{"@id":"https:\/\/www.gleichcom.samuraidev.ch\/it\/#\/schema\/logo\/image\/"},"sameAs":["https:\/\/www.facebook.com\/profile.php?id=100068749126981"]}]}},"uagb_featured_image_src":{"full":["https:\/\/www.gleichcom.samuraidev.ch\/wp-content\/uploads\/2023\/09\/signoluxalarmclockws.jpg",500,500,false],"thumbnail":["https:\/\/www.gleichcom.samuraidev.ch\/wp-content\/uploads\/2023\/09\/signoluxalarmclockws.jpg",150,150,false],"medium":["https:\/\/www.gleichcom.samuraidev.ch\/wp-content\/uploads\/2023\/09\/signoluxalarmclockws.jpg",300,300,false],"medium_large":["https:\/\/www.gleichcom.samuraidev.ch\/wp-content\/uploads\/2023\/09\/signoluxalarmclockws.jpg",500,500,false],"large":["https:\/\/www.gleichcom.samuraidev.ch\/wp-content\/uploads\/2023\/09\/signoluxalarmclockws.jpg",500,500,false],"1536x1536":["https:\/\/www.gleichcom.samuraidev.ch\/wp-content\/uploads\/2023\/09\/signoluxalarmclockws.jpg",500,500,false],"2048x2048":["https:\/\/www.gleichcom.samuraidev.ch\/wp-content\/uploads\/2023\/09\/signoluxalarmclockws.jpg",500,500,false],"woocommerce_thumbnail":["https:\/\/www.gleichcom.samuraidev.ch\/wp-content\/uploads\/2023\/09\/signoluxalarmclockws.jpg",300,300,false],"woocommerce_single":["https:\/\/www.gleichcom.samuraidev.ch\/wp-content\/uploads\/2023\/09\/signoluxalarmclockws.jpg",500,500,false],"woocommerce_gallery_thumbnail":["https:\/\/www.gleichcom.samuraidev.ch\/wp-content\/uploads\/2023\/09\/signoluxalarmclockws.jpg",100,100,false]},"uagb_author_info":{"display_name":"","author_link":"https:\/\/www.gleichcom.samuraidev.ch\/it\/author\/"},"uagb_comment_info":0,"uagb_excerpt":"\u00abAbsolut zeitgem\u00e4ss. Das Weckersystem DS-2 passt zu mir: Elegant im Design, flexibel und so komfortabel, wie ich es brauche. \u00bb Wer tr\u00e4gt seine H\u00f6rsysteme schon nachts? Ich nicht. Und ein Lichtsignal weckt mich p\u00fcnktlich. Darauf kann ich mich verlassen. DS-2 als Empf\u00e4ngerwecker f\u00fcr HUMANTECHNIK-Signalanlagen: das Anzeige-Display mit grossen, klar lesbaren Ziffern und farbig leuchtenden Signalquellen-Symbolen.","_links":{"self":[{"href":"https:\/\/www.gleichcom.samuraidev.ch\/it\/wp-json\/wp\/v2\/product\/3946","targetHints":{"allow":["GET"]}}],"collection":[{"href":"https:\/\/www.gleichcom.samuraidev.ch\/it\/wp-json\/wp\/v2\/product"}],"about":[{"href":"https:\/\/www.gleichcom.samuraidev.ch\/it\/wp-json\/wp\/v2\/types\/product"}],"wp:featuredmedia":[{"embeddable":true,"href":"https:\/\/www.gleichcom.samuraidev.ch\/it\/wp-json\/wp\/v2\/media\/3944"}],"wp:attachment":[{"href":"https:\/\/www.gleichcom.samuraidev.ch\/it\/wp-json\/wp\/v2\/media?parent=3946"}],"wp:term":[{"taxonomy":"product_brand","embeddable":true,"href":"https:\/\/www.gleichcom.samuraidev.ch\/it\/wp-json\/wp\/v2\/product_brand?post=3946"},{"taxonomy":"product_cat","embeddable":true,"href":"https:\/\/www.gleichcom.samuraidev.ch\/it\/wp-json\/wp\/v2\/product_cat?post=3946"},{"taxonomy":"product_tag","embeddable":true,"href":"https:\/\/www.gleichcom.samuraidev.ch\/it\/wp-json\/wp\/v2\/product_tag?post=3946"}],"curies":[{"name":"wp","href":"https:\/\/api.w.org\/{rel}","templated":true}]}}