{"id":4247,"date":"2017-02-07T15:26:24","date_gmt":"2017-02-07T15:26:24","guid":{"rendered":"https:\/\/www.gleichcom.samuraidev.ch\/?product=funk-klingelset-lisa-mobiler-vibrationsempfaenger"},"modified":"2023-12-03T11:30:28","modified_gmt":"2023-12-03T10:30:28","slug":"funk-klingelset-lisa-mobiler-vibrationsempfaenger","status":"publish","type":"product","link":"https:\/\/www.gleichcom.samuraidev.ch\/it\/shop\/funk-klingelset-lisa-mobiler-vibrationsempfaenger\/","title":{"rendered":"Funk-Klingelset lisa mobiler Vibrationsempf\u00e4nger"},"content":{"rendered":"<div>\n<h2>\n\t<strong>Funk-Klingelset lisa mobiler Vibrationsempf\u00e4nger <\/strong><\/h2>\n<div>\n\t\t<strong>Meldet zuverl\u00e4ssig das Telefonklingeln <\/strong>\n\t<\/div>\n<div>\n\t\tDas Klingelsignalset setzt sich aus einem Funk-Telefonklingelsender und einem tragbarem Funk-Empf\u00e4nger zusammen. Der Empf\u00e4nger signalisiert Ihnen eingehende Anrufe mit einem sehr starken Vibrationsalarm. Die Besonderheit an diesem Set ist, dass Sie keine Kabel verlegen m\u00fcssen, da der Telefonklingelsender \u00fcber Funk mit dem mobilen Empf\u00e4nger in Verbindung steht. Dadurch kann das Set sehr schnell und einfach installiert werden.\n\t<\/div>\n<div>\n\t\t\u00a0\n\t<\/div>\n<div>\n\t\t<strong>Set kann jederzeit erweitert werden <\/strong>\n\t<\/div>\n<div>\n\t\tDie Lichtsignalanlage lisa ist modular, d.h. Sie k\u00f6nnen alle lisa Funk-Sender mit jedem Empf\u00e4nger der lisa Funk-Signalanlage kombinieren. Sie k\u00f6nnen die Signalanlage auch jederzeit durch weitere Sender und Empf\u00e4nger aufstocken. Des Weiteren k\u00f6nnen Sie auch mehrere Empf\u00e4nger mit einem Sender oder mehrere Sender mit einem Empf\u00e4nger kombinieren. Verf\u00fcgen Sie \u00fcber mehrere Sender (z.B. Telefonsender und T\u00fcrsender) kann die Signalanlage unterscheiden, von welchem Sender das Alarmsignal gesendet wurde. Farbige LEDs signalisieren Ihnen dann die Herkunft des Signals. Dadurch wissen Sie sofort ob Ihr Telefon klingelt, oder jemand vor Ihrer Haust\u00fcre steht.\n\t<\/div>\n<div>\n\t\t\u00a0\n\t<\/div>\n<div>\n\t\t<strong>F\u00fcr jeden analogen Telefonanschluss geeignet <\/strong>\n\t<\/div>\n<div>\n\t\tDer Telefonsender kann an jeden analogen Telefonanschluss angeschlossen werden. Einfach den Funksender und die Telefondose mit dem beigelegten Telefonkabel verbinden. Anschlie\u00dfend ist der batteriebetriebene Telefonsender sofort betriebsbereit. Das Klingeln Ihres Telefons wird nun per Telefonkabel auf den Sender \u00fcbertragen und in Funksignale umgewandelt. Anschlie\u00dfend sendet der Telefonsender sofort Funksignale an den mobilen Vibrationsempf\u00e4nger.\n\t<\/div>\n<div>\n\t\t\u00a0\n\t<\/div>\n<div>\n\t\t<strong>Mobiler Vibrationsempf\u00e4nger <\/strong>\n\t<\/div>\n<div>\n\t\tDer mobile Empf\u00e4nger signalisiert Ihnen das Klingeln Ihres Telefons mit einem starken Vibrationsalarm. Einfach die Batterien einlegen und das Ger\u00e4t anschalten. Sofort ist der Empf\u00e4nger betriebsbereit und signalisiert Ihnen zuverl\u00e4ssig jeden Anruf. Dank der mitgelieferten Kordel und dem G\u00fcrtelclip k\u00f6nnen Sie das Ger\u00e4t Zuhause ganz einfach mit sich f\u00fchren.\n\t<\/div>\n<div>\n\t\t\u00a0\n\t<\/div>\n<div>\n\t\t<strong>Auf einen Blick <\/strong>\n\t<\/div>\n<ul>\n<li>Telefon-Klingelset bestehend aus Funksender und Funkempf\u00e4nger<\/li>\n<li>Mobiler Empf\u00e4nger signalisiert Anrufe mit einem sehr starken Vibrationsalarm<\/li>\n<li>Sender ben\u00f6tigt 9 Volt Blockbatterie (im Lieferumfang enthalten)<\/li>\n<li>Sender kann an jeden analogen Telefonanschluss angeschlossen werden<\/li>\n<li>Empf\u00e4nger ben\u00f6tigt 2 x 1,5 Volt Micro Batterie (im Lieferumfang enthalten)<\/li>\n<li>Sehr einfache Installation<\/li>\n<li>Set kann jederzeit erweitert werden<\/li>\n<li>Funkreichweite ca. 80 Meter<\/li>\n<li>Funkfrequenz 868,3 MHz\u00a0\u00a0<\/li>\n<\/ul>\n<div>\n\t\t\u00a0\n\t<\/div>\n<div>\n\t\t<strong>Lieferumfang<\/strong>\n\t<\/div>\n<ul>\n<li>1 x Funk-Telefonklingelsender<\/li>\n<li>1 x Mobiler Vibrationsempf\u00e4nger<\/li>\n<li>1 x G\u00fcrtelclip<\/li>\n<li>1 x Umh\u00e4ngekordel<\/li>\n<li>1 x 9 Volt Batterie f\u00fcr Telefonklingelsender<\/li>\n<li>2 x 1,5 Volt Micro Batterie f\u00fcr Vibrationsempf\u00e4nger<\/li>\n<li>1 x Ausf\u00fchrliche Bedienungsanleitung<\/li>\n<\/ul>\n<\/div>\n","protected":false},"excerpt":{"rendered":"<p>\t\tMeldet zuverl\u00e4ssig das Telefonklingeln <\/p>\n<p>\t\tDas Klingelsignalset setzt sich aus einem Funk-Telefonklingelsender und einem tragbarem Funk-Empf\u00e4nger zusammen. Der Empf\u00e4nger signalisiert Ihnen eingehende Anrufe mit einem sehr starken Vibrationsalarm. Die Besonderheit an diesem Set ist, dass Sie keine Kabel verlegen m\u00fcssen, da der Telefonklingelsender \u00fcber Funk mit dem mobilen Empf\u00e4nger in Verbindung steht. Dadurch kann das Set sehr schnell und einfach installiert werden.<\/p>\n","protected":false},"featured_media":4248,"template":"","meta":{"inline_featured_image":false,"_uag_custom_page_level_css":"","site-sidebar-layout":"default","site-content-layout":"","ast-site-content-layout":"default","site-content-style":"default","site-sidebar-style":"default","ast-global-header-display":"","ast-banner-title-visibility":"","ast-main-header-display":"","ast-hfb-above-header-display":"","ast-hfb-below-header-display":"","ast-hfb-mobile-header-display":"","site-post-title":"","ast-breadcrumbs-content":"","ast-featured-img":"","footer-sml-layout":"","ast-disable-related-posts":"","theme-transparent-header-meta":"","adv-header-id-meta":"","stick-header-meta":"","header-above-stick-meta":"","header-main-stick-meta":"","header-below-stick-meta":"","astra-migrate-meta-layouts":"default","ast-page-background-enabled":"default","ast-page-background-meta":{"desktop":{"background-color":"","background-image":"","background-repeat":"repeat","background-position":"center center","background-size":"auto","background-attachment":"scroll","background-type":"","background-media":"","overlay-type":"","overlay-color":"","overlay-opacity":"","overlay-gradient":""},"tablet":{"background-color":"","background-image":"","background-repeat":"repeat","background-position":"center center","background-size":"auto","background-attachment":"scroll","background-type":"","background-media":"","overlay-type":"","overlay-color":"","overlay-opacity":"","overlay-gradient":""},"mobile":{"background-color":"","background-image":"","background-repeat":"repeat","background-position":"center center","background-size":"auto","background-attachment":"scroll","background-type":"","background-media":"","overlay-type":"","overlay-color":"","overlay-opacity":"","overlay-gradient":""}},"ast-content-background-meta":{"desktop":{"background-color":"var(--ast-global-color-5)","background-image":"","background-repeat":"repeat","background-position":"center center","background-size":"auto","background-attachment":"scroll","background-type":"","background-media":"","overlay-type":"","overlay-color":"","overlay-opacity":"","overlay-gradient":""},"tablet":{"background-color":"var(--ast-global-color-5)","background-image":"","background-repeat":"repeat","background-position":"center center","background-size":"auto","background-attachment":"scroll","background-type":"","background-media":"","overlay-type":"","overlay-color":"","overlay-opacity":"","overlay-gradient":""},"mobile":{"background-color":"var(--ast-global-color-5)","background-image":"","background-repeat":"repeat","background-position":"center center","background-size":"auto","background-attachment":"scroll","background-type":"","background-media":"","overlay-type":"","overlay-color":"","overlay-opacity":"","overlay-gradient":""}}},"product_brand":[],"product_cat":[2822],"product_tag":[],"class_list":{"0":"post-4247","1":"product","2":"type-product","3":"status-publish","4":"has-post-thumbnail","6":"product_cat-humantechnik-lisa","7":"desktop-align-center","8":"tablet-align-center","9":"mobile-align-center","10":"ast-product-gallery-layout-horizontal-slider","11":"ast-product-gallery-with-no-image","12":"ast-product-tabs-layout-accordion","14":"first","15":"instock","16":"taxable","17":"shipping-taxable","18":"purchasable","19":"product-type-simple"},"yoast_head":"<!-- This site is optimized with the Yoast SEO plugin v27.6 - https:\/\/yoast.com\/product\/yoast-seo-wordpress\/ -->\n<title>Funk-Klingelset lisa mobiler Vibrationsempf\u00e4nger im Onlineshop | Gleichcom AG<\/title>\n<meta name=\"description\" content=\"\u2705 Meldet zuverl\u00e4ssig das Telefonklingeln       Das Klingelsignalset setzt sich aus einem Funk-Telefonklingelsender und einem tragbarem Funk-Empf\u00e4nger zusammen. Der Empf\u00e4nger signalisiert Ihnen eingehende Anrufe mit einem sehr starken Vibrationsalarm. Die Besonderheit an diesem Set ist, dass Sie keine Kabel verlegen m\u00fcssen, da der Telefonklingelsender \u00fcber Funk mit dem mobilen Empf\u00e4nger in Verbindung steht. Dadurch kann das Set sehr schnell und einfach installiert werden.\" \/>\n<meta name=\"robots\" content=\"noindex, follow, max-snippet:-1, max-image-preview:large, max-video-preview:-1\" \/>\n<meta property=\"og:locale\" content=\"it_IT\" \/>\n<meta property=\"og:type\" content=\"article\" \/>\n<meta property=\"og:title\" content=\"Funk-Klingelset lisa mobiler Vibrationsempf\u00e4nger im Onlineshop | Gleichcom AG\" \/>\n<meta property=\"og:description\" content=\"\u2705 Meldet zuverl\u00e4ssig das Telefonklingeln       Das Klingelsignalset setzt sich aus einem Funk-Telefonklingelsender und einem tragbarem Funk-Empf\u00e4nger zusammen. Der Empf\u00e4nger signalisiert Ihnen eingehende Anrufe mit einem sehr starken Vibrationsalarm. Die Besonderheit an diesem Set ist, dass Sie keine Kabel verlegen m\u00fcssen, da der Telefonklingelsender \u00fcber Funk mit dem mobilen Empf\u00e4nger in Verbindung steht. Dadurch kann das Set sehr schnell und einfach installiert werden.\" \/>\n<meta property=\"og:url\" content=\"https:\/\/www.gleichcom.samuraidev.ch\/it\/shop\/funk-klingelset-lisa-mobiler-vibrationsempfaenger\/\" \/>\n<meta property=\"og:site_name\" content=\"Gleichcom AG\" \/>\n<meta property=\"article:publisher\" content=\"https:\/\/www.facebook.com\/profile.php?id=100068749126981\" \/>\n<meta property=\"article:modified_time\" content=\"2023-12-03T10:30:28+00:00\" \/>\n<meta property=\"og:image\" content=\"https:\/\/www.gleichcom.samuraidev.ch\/wp-content\/uploads\/2023\/09\/klingelsetlisamobilervibrationsempfaenger.jpg\" \/>\n\t<meta property=\"og:image:width\" content=\"500\" \/>\n\t<meta property=\"og:image:height\" content=\"433\" \/>\n\t<meta property=\"og:image:type\" content=\"image\/jpeg\" \/>\n<meta name=\"twitter:card\" content=\"summary_large_image\" \/>\n<script type=\"application\/ld+json\" class=\"yoast-schema-graph\">{\"@context\":\"https:\\\/\\\/schema.org\",\"@graph\":[{\"@type\":\"WebPage\",\"@id\":\"https:\\\/\\\/www.gleichcom.samuraidev.ch\\\/it\\\/shop\\\/funk-klingelset-lisa-mobiler-vibrationsempfaenger\\\/\",\"url\":\"https:\\\/\\\/www.gleichcom.samuraidev.ch\\\/it\\\/shop\\\/funk-klingelset-lisa-mobiler-vibrationsempfaenger\\\/\",\"name\":\"Funk-Klingelset lisa mobiler Vibrationsempf\u00e4nger im Onlineshop | Gleichcom AG\",\"isPartOf\":{\"@id\":\"https:\\\/\\\/www.gleichcom.samuraidev.ch\\\/it\\\/#website\"},\"primaryImageOfPage\":{\"@id\":\"https:\\\/\\\/www.gleichcom.samuraidev.ch\\\/it\\\/shop\\\/funk-klingelset-lisa-mobiler-vibrationsempfaenger\\\/#primaryimage\"},\"image\":{\"@id\":\"https:\\\/\\\/www.gleichcom.samuraidev.ch\\\/it\\\/shop\\\/funk-klingelset-lisa-mobiler-vibrationsempfaenger\\\/#primaryimage\"},\"thumbnailUrl\":\"https:\\\/\\\/www.gleichcom.samuraidev.ch\\\/wp-content\\\/uploads\\\/2023\\\/09\\\/klingelsetlisamobilervibrationsempfaenger.jpg\",\"datePublished\":\"2017-02-07T15:26:24+00:00\",\"dateModified\":\"2023-12-03T10:30:28+00:00\",\"description\":\"\u2705 Meldet zuverl\u00e4ssig das Telefonklingeln Das Klingelsignalset setzt sich aus einem Funk-Telefonklingelsender und einem tragbarem Funk-Empf\u00e4nger zusammen. Der Empf\u00e4nger signalisiert Ihnen eingehende Anrufe mit einem sehr starken Vibrationsalarm. Die Besonderheit an diesem Set ist, dass Sie keine Kabel verlegen m\u00fcssen, da der Telefonklingelsender \u00fcber Funk mit dem mobilen Empf\u00e4nger in Verbindung steht. Dadurch kann das Set sehr schnell und einfach installiert werden.\",\"breadcrumb\":{\"@id\":\"https:\\\/\\\/www.gleichcom.samuraidev.ch\\\/it\\\/shop\\\/funk-klingelset-lisa-mobiler-vibrationsempfaenger\\\/#breadcrumb\"},\"inLanguage\":\"it-IT\",\"potentialAction\":[{\"@type\":\"ReadAction\",\"target\":[\"https:\\\/\\\/www.gleichcom.samuraidev.ch\\\/it\\\/shop\\\/funk-klingelset-lisa-mobiler-vibrationsempfaenger\\\/\"]}]},{\"@type\":\"ImageObject\",\"inLanguage\":\"it-IT\",\"@id\":\"https:\\\/\\\/www.gleichcom.samuraidev.ch\\\/it\\\/shop\\\/funk-klingelset-lisa-mobiler-vibrationsempfaenger\\\/#primaryimage\",\"url\":\"https:\\\/\\\/www.gleichcom.samuraidev.ch\\\/wp-content\\\/uploads\\\/2023\\\/09\\\/klingelsetlisamobilervibrationsempfaenger.jpg\",\"contentUrl\":\"https:\\\/\\\/www.gleichcom.samuraidev.ch\\\/wp-content\\\/uploads\\\/2023\\\/09\\\/klingelsetlisamobilervibrationsempfaenger.jpg\",\"width\":500,\"height\":433,\"caption\":\"Funk-Klingelset lisa mobiler Vibrationsempf\u00e4nger - Gleichcom AG - - Onlineshop besser h\u00f6ren. besser sehen. besser leben. - H\u00fcnenberg 1\"},{\"@type\":\"BreadcrumbList\",\"@id\":\"https:\\\/\\\/www.gleichcom.samuraidev.ch\\\/it\\\/shop\\\/funk-klingelset-lisa-mobiler-vibrationsempfaenger\\\/#breadcrumb\",\"itemListElement\":[{\"@type\":\"ListItem\",\"position\":1,\"name\":\"Startseite\",\"item\":\"https:\\\/\\\/www.gleichcom.samuraidev.ch\\\/it\\\/\"},{\"@type\":\"ListItem\",\"position\":2,\"name\":\"Shop\",\"item\":\"https:\\\/\\\/www.gleichcom.samuraidev.ch\\\/it\\\/shop\\\/\"},{\"@type\":\"ListItem\",\"position\":3,\"name\":\"Funk-Klingelset lisa mobiler Vibrationsempf\u00e4nger\"}]},{\"@type\":\"WebSite\",\"@id\":\"https:\\\/\\\/www.gleichcom.samuraidev.ch\\\/it\\\/#website\",\"url\":\"https:\\\/\\\/www.gleichcom.samuraidev.ch\\\/it\\\/\",\"name\":\"Gleichcom AG\",\"description\":\"besser h\u00f6ren. besser sehen. besser leben.\",\"publisher\":{\"@id\":\"https:\\\/\\\/www.gleichcom.samuraidev.ch\\\/it\\\/#organization\"},\"alternateName\":\"Gleichcom\",\"potentialAction\":[{\"@type\":\"SearchAction\",\"target\":{\"@type\":\"EntryPoint\",\"urlTemplate\":\"https:\\\/\\\/www.gleichcom.samuraidev.ch\\\/it\\\/?s={search_term_string}\"},\"query-input\":{\"@type\":\"PropertyValueSpecification\",\"valueRequired\":true,\"valueName\":\"search_term_string\"}}],\"inLanguage\":\"it-IT\"},{\"@type\":\"Organization\",\"@id\":\"https:\\\/\\\/www.gleichcom.samuraidev.ch\\\/it\\\/#organization\",\"name\":\"Gleichcom AG\",\"alternateName\":\"Gleichcom\",\"url\":\"https:\\\/\\\/www.gleichcom.samuraidev.ch\\\/it\\\/\",\"logo\":{\"@type\":\"ImageObject\",\"inLanguage\":\"it-IT\",\"@id\":\"https:\\\/\\\/www.gleichcom.samuraidev.ch\\\/it\\\/#\\\/schema\\\/logo\\\/image\\\/\",\"url\":\"https:\\\/\\\/www.gleichcom.samuraidev.ch\\\/wp-content\\\/uploads\\\/2023\\\/09\\\/gleichcom-ag-logo-quadrat-farbig-mitte@696.png\",\"contentUrl\":\"https:\\\/\\\/www.gleichcom.samuraidev.ch\\\/wp-content\\\/uploads\\\/2023\\\/09\\\/gleichcom-ag-logo-quadrat-farbig-mitte@696.png\",\"width\":437,\"height\":437,\"caption\":\"Gleichcom AG\"},\"image\":{\"@id\":\"https:\\\/\\\/www.gleichcom.samuraidev.ch\\\/it\\\/#\\\/schema\\\/logo\\\/image\\\/\"},\"sameAs\":[\"https:\\\/\\\/www.facebook.com\\\/profile.php?id=100068749126981\"]}]}<\/script>\n<!-- \/ Yoast SEO plugin. -->","yoast_head_json":{"title":"Funk-Klingelset lisa mobiler Vibrationsempf\u00e4nger im Onlineshop | Gleichcom AG","description":"\u2705 Meldet zuverl\u00e4ssig das Telefonklingeln       Das Klingelsignalset setzt sich aus einem Funk-Telefonklingelsender und einem tragbarem Funk-Empf\u00e4nger zusammen. Der Empf\u00e4nger signalisiert Ihnen eingehende Anrufe mit einem sehr starken Vibrationsalarm. Die Besonderheit an diesem Set ist, dass Sie keine Kabel verlegen m\u00fcssen, da der Telefonklingelsender \u00fcber Funk mit dem mobilen Empf\u00e4nger in Verbindung steht. Dadurch kann das Set sehr schnell und einfach installiert werden.","robots":{"index":"noindex","follow":"follow","max-snippet":"max-snippet:-1","max-image-preview":"max-image-preview:large","max-video-preview":"max-video-preview:-1"},"og_locale":"it_IT","og_type":"article","og_title":"Funk-Klingelset lisa mobiler Vibrationsempf\u00e4nger im Onlineshop | Gleichcom AG","og_description":"\u2705 Meldet zuverl\u00e4ssig das Telefonklingeln       Das Klingelsignalset setzt sich aus einem Funk-Telefonklingelsender und einem tragbarem Funk-Empf\u00e4nger zusammen. Der Empf\u00e4nger signalisiert Ihnen eingehende Anrufe mit einem sehr starken Vibrationsalarm. Die Besonderheit an diesem Set ist, dass Sie keine Kabel verlegen m\u00fcssen, da der Telefonklingelsender \u00fcber Funk mit dem mobilen Empf\u00e4nger in Verbindung steht. Dadurch kann das Set sehr schnell und einfach installiert werden.","og_url":"https:\/\/www.gleichcom.samuraidev.ch\/it\/shop\/funk-klingelset-lisa-mobiler-vibrationsempfaenger\/","og_site_name":"Gleichcom AG","article_publisher":"https:\/\/www.facebook.com\/profile.php?id=100068749126981","article_modified_time":"2023-12-03T10:30:28+00:00","og_image":[{"width":500,"height":433,"url":"https:\/\/www.gleichcom.samuraidev.ch\/wp-content\/uploads\/2023\/09\/klingelsetlisamobilervibrationsempfaenger.jpg","type":"image\/jpeg"}],"twitter_card":"summary_large_image","schema":{"@context":"https:\/\/schema.org","@graph":[{"@type":"WebPage","@id":"https:\/\/www.gleichcom.samuraidev.ch\/it\/shop\/funk-klingelset-lisa-mobiler-vibrationsempfaenger\/","url":"https:\/\/www.gleichcom.samuraidev.ch\/it\/shop\/funk-klingelset-lisa-mobiler-vibrationsempfaenger\/","name":"Funk-Klingelset lisa mobiler Vibrationsempf\u00e4nger im Onlineshop | Gleichcom AG","isPartOf":{"@id":"https:\/\/www.gleichcom.samuraidev.ch\/it\/#website"},"primaryImageOfPage":{"@id":"https:\/\/www.gleichcom.samuraidev.ch\/it\/shop\/funk-klingelset-lisa-mobiler-vibrationsempfaenger\/#primaryimage"},"image":{"@id":"https:\/\/www.gleichcom.samuraidev.ch\/it\/shop\/funk-klingelset-lisa-mobiler-vibrationsempfaenger\/#primaryimage"},"thumbnailUrl":"https:\/\/www.gleichcom.samuraidev.ch\/wp-content\/uploads\/2023\/09\/klingelsetlisamobilervibrationsempfaenger.jpg","datePublished":"2017-02-07T15:26:24+00:00","dateModified":"2023-12-03T10:30:28+00:00","description":"\u2705 Meldet zuverl\u00e4ssig das Telefonklingeln Das Klingelsignalset setzt sich aus einem Funk-Telefonklingelsender und einem tragbarem Funk-Empf\u00e4nger zusammen. Der Empf\u00e4nger signalisiert Ihnen eingehende Anrufe mit einem sehr starken Vibrationsalarm. Die Besonderheit an diesem Set ist, dass Sie keine Kabel verlegen m\u00fcssen, da der Telefonklingelsender \u00fcber Funk mit dem mobilen Empf\u00e4nger in Verbindung steht. Dadurch kann das Set sehr schnell und einfach installiert werden.","breadcrumb":{"@id":"https:\/\/www.gleichcom.samuraidev.ch\/it\/shop\/funk-klingelset-lisa-mobiler-vibrationsempfaenger\/#breadcrumb"},"inLanguage":"it-IT","potentialAction":[{"@type":"ReadAction","target":["https:\/\/www.gleichcom.samuraidev.ch\/it\/shop\/funk-klingelset-lisa-mobiler-vibrationsempfaenger\/"]}]},{"@type":"ImageObject","inLanguage":"it-IT","@id":"https:\/\/www.gleichcom.samuraidev.ch\/it\/shop\/funk-klingelset-lisa-mobiler-vibrationsempfaenger\/#primaryimage","url":"https:\/\/www.gleichcom.samuraidev.ch\/wp-content\/uploads\/2023\/09\/klingelsetlisamobilervibrationsempfaenger.jpg","contentUrl":"https:\/\/www.gleichcom.samuraidev.ch\/wp-content\/uploads\/2023\/09\/klingelsetlisamobilervibrationsempfaenger.jpg","width":500,"height":433,"caption":"Funk-Klingelset lisa mobiler Vibrationsempf\u00e4nger - Gleichcom AG - - Onlineshop besser h\u00f6ren. besser sehen. besser leben. - H\u00fcnenberg 1"},{"@type":"BreadcrumbList","@id":"https:\/\/www.gleichcom.samuraidev.ch\/it\/shop\/funk-klingelset-lisa-mobiler-vibrationsempfaenger\/#breadcrumb","itemListElement":[{"@type":"ListItem","position":1,"name":"Startseite","item":"https:\/\/www.gleichcom.samuraidev.ch\/it\/"},{"@type":"ListItem","position":2,"name":"Shop","item":"https:\/\/www.gleichcom.samuraidev.ch\/it\/shop\/"},{"@type":"ListItem","position":3,"name":"Funk-Klingelset lisa mobiler Vibrationsempf\u00e4nger"}]},{"@type":"WebSite","@id":"https:\/\/www.gleichcom.samuraidev.ch\/it\/#website","url":"https:\/\/www.gleichcom.samuraidev.ch\/it\/","name":"Gleichcom AG","description":"besser h\u00f6ren. besser sehen. besser leben.","publisher":{"@id":"https:\/\/www.gleichcom.samuraidev.ch\/it\/#organization"},"alternateName":"Gleichcom","potentialAction":[{"@type":"SearchAction","target":{"@type":"EntryPoint","urlTemplate":"https:\/\/www.gleichcom.samuraidev.ch\/it\/?s={search_term_string}"},"query-input":{"@type":"PropertyValueSpecification","valueRequired":true,"valueName":"search_term_string"}}],"inLanguage":"it-IT"},{"@type":"Organization","@id":"https:\/\/www.gleichcom.samuraidev.ch\/it\/#organization","name":"Gleichcom AG","alternateName":"Gleichcom","url":"https:\/\/www.gleichcom.samuraidev.ch\/it\/","logo":{"@type":"ImageObject","inLanguage":"it-IT","@id":"https:\/\/www.gleichcom.samuraidev.ch\/it\/#\/schema\/logo\/image\/","url":"https:\/\/www.gleichcom.samuraidev.ch\/wp-content\/uploads\/2023\/09\/gleichcom-ag-logo-quadrat-farbig-mitte@696.png","contentUrl":"https:\/\/www.gleichcom.samuraidev.ch\/wp-content\/uploads\/2023\/09\/gleichcom-ag-logo-quadrat-farbig-mitte@696.png","width":437,"height":437,"caption":"Gleichcom AG"},"image":{"@id":"https:\/\/www.gleichcom.samuraidev.ch\/it\/#\/schema\/logo\/image\/"},"sameAs":["https:\/\/www.facebook.com\/profile.php?id=100068749126981"]}]}},"uagb_featured_image_src":{"full":["https:\/\/www.gleichcom.samuraidev.ch\/wp-content\/uploads\/2023\/09\/klingelsetlisamobilervibrationsempfaenger.jpg",500,433,false],"thumbnail":["https:\/\/www.gleichcom.samuraidev.ch\/wp-content\/uploads\/2023\/09\/klingelsetlisamobilervibrationsempfaenger.jpg",150,130,false],"medium":["https:\/\/www.gleichcom.samuraidev.ch\/wp-content\/uploads\/2023\/09\/klingelsetlisamobilervibrationsempfaenger.jpg",300,260,false],"medium_large":["https:\/\/www.gleichcom.samuraidev.ch\/wp-content\/uploads\/2023\/09\/klingelsetlisamobilervibrationsempfaenger.jpg",500,433,false],"large":["https:\/\/www.gleichcom.samuraidev.ch\/wp-content\/uploads\/2023\/09\/klingelsetlisamobilervibrationsempfaenger.jpg",500,433,false],"1536x1536":["https:\/\/www.gleichcom.samuraidev.ch\/wp-content\/uploads\/2023\/09\/klingelsetlisamobilervibrationsempfaenger.jpg",500,433,false],"2048x2048":["https:\/\/www.gleichcom.samuraidev.ch\/wp-content\/uploads\/2023\/09\/klingelsetlisamobilervibrationsempfaenger.jpg",500,433,false],"woocommerce_thumbnail":["https:\/\/www.gleichcom.samuraidev.ch\/wp-content\/uploads\/2023\/09\/klingelsetlisamobilervibrationsempfaenger.jpg",300,260,false],"woocommerce_single":["https:\/\/www.gleichcom.samuraidev.ch\/wp-content\/uploads\/2023\/09\/klingelsetlisamobilervibrationsempfaenger.jpg",500,433,false],"woocommerce_gallery_thumbnail":["https:\/\/www.gleichcom.samuraidev.ch\/wp-content\/uploads\/2023\/09\/klingelsetlisamobilervibrationsempfaenger-100x100.jpg",100,100,true]},"uagb_author_info":{"display_name":"","author_link":"https:\/\/www.gleichcom.samuraidev.ch\/it\/author\/"},"uagb_comment_info":0,"uagb_excerpt":"Meldet zuverl\u00e4ssig das Telefonklingeln Das Klingelsignalset setzt sich aus einem Funk-Telefonklingelsender und einem tragbarem Funk-Empf\u00e4nger zusammen. Der Empf\u00e4nger signalisiert Ihnen eingehende Anrufe mit einem sehr starken Vibrationsalarm. Die Besonderheit an diesem Set ist, dass Sie keine Kabel verlegen m\u00fcssen, da der Telefonklingelsender \u00fcber Funk mit dem mobilen Empf\u00e4nger in Verbindung steht. Dadurch kann das Set&hellip;","_links":{"self":[{"href":"https:\/\/www.gleichcom.samuraidev.ch\/it\/wp-json\/wp\/v2\/product\/4247","targetHints":{"allow":["GET"]}}],"collection":[{"href":"https:\/\/www.gleichcom.samuraidev.ch\/it\/wp-json\/wp\/v2\/product"}],"about":[{"href":"https:\/\/www.gleichcom.samuraidev.ch\/it\/wp-json\/wp\/v2\/types\/product"}],"wp:featuredmedia":[{"embeddable":true,"href":"https:\/\/www.gleichcom.samuraidev.ch\/it\/wp-json\/wp\/v2\/media\/4248"}],"wp:attachment":[{"href":"https:\/\/www.gleichcom.samuraidev.ch\/it\/wp-json\/wp\/v2\/media?parent=4247"}],"wp:term":[{"taxonomy":"product_brand","embeddable":true,"href":"https:\/\/www.gleichcom.samuraidev.ch\/it\/wp-json\/wp\/v2\/product_brand?post=4247"},{"taxonomy":"product_cat","embeddable":true,"href":"https:\/\/www.gleichcom.samuraidev.ch\/it\/wp-json\/wp\/v2\/product_cat?post=4247"},{"taxonomy":"product_tag","embeddable":true,"href":"https:\/\/www.gleichcom.samuraidev.ch\/it\/wp-json\/wp\/v2\/product_tag?post=4247"}],"curies":[{"name":"wp","href":"https:\/\/api.w.org\/{rel}","templated":true}]}}