{"id":4258,"date":"2017-02-07T16:23:07","date_gmt":"2017-02-07T15:23:07","guid":{"rendered":"https:\/\/www.gleichcom.samuraidev.ch\/?product=humantechnik-funk-klingelset-lisa"},"modified":"1000-01-01T00:00:00","modified_gmt":"1000-01-01T00:00:00","slug":"humantechnik-funk-klingelset-lisa","status":"publish","type":"product","link":"https:\/\/www.gleichcom.samuraidev.ch\/it\/shop\/humantechnik-funk-klingelset-lisa\/","title":{"rendered":"Humantechnik set di suonerie telefoniche radio lisa"},"content":{"rendered":"<p><strong><span style=\"font-size:16px;\">Set di suonerie telefoniche radio lisa\u00a0Humantechnik<\/span><\/strong><br \/>\n\u00a0<br \/>\nIl set di segnalazione acustica \u00e8 composto da un trasmettitore radiotelefono e da un ricevitore radio. Le chiamate in arrivo sono segnalate da uno strobo molto luminoso. Il set pu\u00f2 essere installato molto rapidamente e facilmente perch\u00e9 non \u00e8 necessario posare cavi. Il trasmettitore di chiamata telefonica \u00e8 collegato alla lampada flash via radio.<br \/>\n\u00a0<br \/>\n<strong>Possibilit\u00e0 di collegamento a qualsiasi telefono<\/strong><br \/>\nIl trasmettitore telefonico pu\u00f2 essere collegato a qualsiasi collegamento telefonico. \u00c8 sufficiente collegare il trasmettitore radio e la presa telefonica con il cavo telefonico in dotazione. Il trasmettitore telefonico a batteria \u00e8 subito pronto per l&#8217;uso. La suoneria del vostro telefono viene ora trasmessa al trasmettitore tramite cavo telefonico e convertita in segnali radio. Il trasmettitore telefonico trasmette immediatamente i segnali radio alla lampada flash lisa.<br \/>\n\u00a0<br \/>\n<strong>Il set pu\u00f2 essere esteso in qualsiasi momento<\/strong><br \/>\nIl sistema di segnalazione luminosa lisa \u00e8 modulare, ovvero \u00e8 possibile combinare tutti i trasmettitori radio lisa con qualsiasi ricevitore del sistema di segnalazione radio lisa. \u00c8 inoltre possibile aggiungere in qualsiasi momento altri trasmettitori e ricevitori al sistema di segnalazione. \u00c8 inoltre possibile combinare pi\u00f9 ricevitori con un solo trasmettitore o pi\u00f9 trasmettitori con un solo ricevitore. Se si dispone di pi\u00f9 trasmettitori (ad es. trasmettitore telefonico e trasmettitore da porta), il sistema di segnalazione pu\u00f2 distinguere quale trasmettitore ha inviato il segnale di allarme. I LED colorati indicano l&#8217;origine del segnale. Questo significa che sapete immediatamente se il vostro telefono squilla o se qualcuno si trova davanti alla porta d&#8217;ingresso.<br \/>\n\u00a0<br \/>\n<strong>Flash di luce molto luminoso<\/strong><br \/>\nLa lampada flash della radio lisa segnala lo squillo del vostro telefono con un flash stroboscopico extra luminoso. Il segnale luminoso molto luminoso \u00e8 anche molto ben percepibile in una stanza luminosa e non pu\u00f2 essere trascurato. Il collegamento della lampada flash radio avviene molto rapidamente. Basta inserire la lampada flash in una presa di vostra scelta e la lampada flash segnala immediatamente e in modo affidabile le vostre telefonate.<br \/>\n\u00a0<br \/>\n<strong>In sintesi<\/strong><\/p>\n<ul>\n<li>Set di campane telefoniche composto da radiotrasmettitore e ricevitore radio<\/li>\n<li>Il ricevitore segnala le chiamate con un lampo di luce molto luminoso.<\/li>\n<li>Il trasmettitore richiede una batteria di blocco da 9 volt (inclusa)<\/li>\n<li>Il trasmettitore pu\u00f2 essere collegato a qualsiasi collegamento telefonico<\/li>\n<li>Il ricevitore richiede alimentazione elettrica<\/li>\n<li>Installazione molto semplice<\/li>\n<li>Il set pu\u00f2 essere esteso in qualsiasi momento<\/li>\n<li>Portata radio di circa 80 metri<\/li>\n<li>Frequenza radio 868,3 MHz\u00a0<\/li>\n<\/ul>\n<p>\u00a0<br \/>\n<strong>Dotazione di fornitura<\/strong><\/p>\n<ul>\n<li>1 x radio telefono radio campanello trasmettitore<\/li>\n<li>1 x lampada flash radio<\/li>\n<li>1 x 9 Volt batteria per trasmettitore telefonico a campanello<\/li>\n<li>1 x 1 metro di cavo di collegamento telefonico<\/li>\n<li>1 x Istruzioni per l&#8217;uso dettagliate<\/li>\n<\/ul>\n","protected":false},"excerpt":{"rendered":"<p>Segnala in modo affidabile il telefono che squilla con un lampo di luce molto luminoso. Pu\u00f2 essere esteso in qualsiasi momento.<\/p>\n","protected":false},"featured_media":4256,"template":"","meta":{"inline_featured_image":false,"_uag_custom_page_level_css":"","site-sidebar-layout":"default","site-content-layout":"","ast-site-content-layout":"default","site-content-style":"default","site-sidebar-style":"default","ast-global-header-display":"","ast-banner-title-visibility":"","ast-main-header-display":"","ast-hfb-above-header-display":"","ast-hfb-below-header-display":"","ast-hfb-mobile-header-display":"","site-post-title":"","ast-breadcrumbs-content":"","ast-featured-img":"","footer-sml-layout":"","ast-disable-related-posts":"","theme-transparent-header-meta":"","adv-header-id-meta":"","stick-header-meta":"","header-above-stick-meta":"","header-main-stick-meta":"","header-below-stick-meta":"","astra-migrate-meta-layouts":"default","ast-page-background-enabled":"default","ast-page-background-meta":{"desktop":{"background-color":"","background-image":"","background-repeat":"repeat","background-position":"center center","background-size":"auto","background-attachment":"scroll","background-type":"","background-media":"","overlay-type":"","overlay-color":"","overlay-opacity":"","overlay-gradient":""},"tablet":{"background-color":"","background-image":"","background-repeat":"repeat","background-position":"center center","background-size":"auto","background-attachment":"scroll","background-type":"","background-media":"","overlay-type":"","overlay-color":"","overlay-opacity":"","overlay-gradient":""},"mobile":{"background-color":"","background-image":"","background-repeat":"repeat","background-position":"center center","background-size":"auto","background-attachment":"scroll","background-type":"","background-media":"","overlay-type":"","overlay-color":"","overlay-opacity":"","overlay-gradient":""}},"ast-content-background-meta":{"desktop":{"background-color":"var(--ast-global-color-5)","background-image":"","background-repeat":"repeat","background-position":"center center","background-size":"auto","background-attachment":"scroll","background-type":"","background-media":"","overlay-type":"","overlay-color":"","overlay-opacity":"","overlay-gradient":""},"tablet":{"background-color":"var(--ast-global-color-5)","background-image":"","background-repeat":"repeat","background-position":"center center","background-size":"auto","background-attachment":"scroll","background-type":"","background-media":"","overlay-type":"","overlay-color":"","overlay-opacity":"","overlay-gradient":""},"mobile":{"background-color":"var(--ast-global-color-5)","background-image":"","background-repeat":"repeat","background-position":"center center","background-size":"auto","background-attachment":"scroll","background-type":"","background-media":"","overlay-type":"","overlay-color":"","overlay-opacity":"","overlay-gradient":""}}},"product_brand":[],"product_cat":[1776],"product_tag":[],"class_list":{"0":"post-4258","1":"product","2":"type-product","3":"status-publish","4":"has-post-thumbnail","6":"product_cat-unkategorisiert","7":"desktop-align-center","8":"tablet-align-center","9":"mobile-align-center","10":"ast-product-gallery-layout-horizontal-slider","11":"ast-product-gallery-with-no-image","12":"ast-product-tabs-layout-accordion","14":"first","15":"instock","16":"taxable","17":"shipping-taxable","18":"purchasable","19":"product-type-simple"},"yoast_head":"<!-- This site is optimized with the Yoast SEO plugin v27.5 - https:\/\/yoast.com\/product\/yoast-seo-wordpress\/ -->\n<title>Humantechnik set di suonerie telefoniche radio lisa im Onlineshop | Gleichcom AG<\/title>\n<meta name=\"description\" content=\"\u2705 Segnala in modo affidabile il telefono che squilla con un lampo di luce molto luminoso. Pu\u00f2 essere esteso in qualsiasi momento.\" \/>\n<meta name=\"robots\" content=\"noindex, follow, max-snippet:-1, max-image-preview:large, max-video-preview:-1\" \/>\n<meta property=\"og:locale\" content=\"it_IT\" \/>\n<meta property=\"og:type\" content=\"article\" \/>\n<meta property=\"og:title\" content=\"Humantechnik set di suonerie telefoniche radio lisa im Onlineshop | Gleichcom AG\" \/>\n<meta property=\"og:description\" content=\"\u2705 Segnala in modo affidabile il telefono che squilla con un lampo di luce molto luminoso. Pu\u00f2 essere esteso in qualsiasi momento.\" \/>\n<meta property=\"og:url\" content=\"https:\/\/www.gleichcom.samuraidev.ch\/it\/shop\/humantechnik-funk-klingelset-lisa\/\" \/>\n<meta property=\"og:site_name\" content=\"Gleichcom AG\" \/>\n<meta property=\"article:publisher\" content=\"https:\/\/www.facebook.com\/profile.php?id=100068749126981\" \/>\n<meta property=\"og:image\" content=\"https:\/\/www.gleichcom.samuraidev.ch\/wp-content\/uploads\/2023\/09\/funkklingelsetlisablitzlampe_z1.jpg\" \/>\n\t<meta property=\"og:image:width\" content=\"500\" \/>\n\t<meta property=\"og:image:height\" content=\"480\" \/>\n\t<meta property=\"og:image:type\" content=\"image\/jpeg\" \/>\n<meta name=\"twitter:card\" content=\"summary_large_image\" \/>\n<script type=\"application\/ld+json\" class=\"yoast-schema-graph\">{\"@context\":\"https:\\\/\\\/schema.org\",\"@graph\":[{\"@type\":\"WebPage\",\"@id\":\"https:\\\/\\\/www.gleichcom.samuraidev.ch\\\/it\\\/shop\\\/humantechnik-funk-klingelset-lisa\\\/\",\"url\":\"https:\\\/\\\/www.gleichcom.samuraidev.ch\\\/it\\\/shop\\\/humantechnik-funk-klingelset-lisa\\\/\",\"name\":\"Humantechnik set di suonerie telefoniche radio lisa im Onlineshop | Gleichcom AG\",\"isPartOf\":{\"@id\":\"https:\\\/\\\/www.gleichcom.samuraidev.ch\\\/it\\\/#website\"},\"primaryImageOfPage\":{\"@id\":\"https:\\\/\\\/www.gleichcom.samuraidev.ch\\\/it\\\/shop\\\/humantechnik-funk-klingelset-lisa\\\/#primaryimage\"},\"image\":{\"@id\":\"https:\\\/\\\/www.gleichcom.samuraidev.ch\\\/it\\\/shop\\\/humantechnik-funk-klingelset-lisa\\\/#primaryimage\"},\"thumbnailUrl\":\"https:\\\/\\\/www.gleichcom.samuraidev.ch\\\/wp-content\\\/uploads\\\/2023\\\/09\\\/funkklingelsetlisablitzlampe_z1.jpg\",\"datePublished\":\"2017-02-07T15:23:07+00:00\",\"description\":\"\u2705 Segnala in modo affidabile il telefono che squilla con un lampo di luce molto luminoso. Pu\u00f2 essere esteso in qualsiasi momento.\",\"breadcrumb\":{\"@id\":\"https:\\\/\\\/www.gleichcom.samuraidev.ch\\\/it\\\/shop\\\/humantechnik-funk-klingelset-lisa\\\/#breadcrumb\"},\"inLanguage\":\"it-IT\",\"potentialAction\":[{\"@type\":\"ReadAction\",\"target\":[\"https:\\\/\\\/www.gleichcom.samuraidev.ch\\\/it\\\/shop\\\/humantechnik-funk-klingelset-lisa\\\/\"]}]},{\"@type\":\"ImageObject\",\"inLanguage\":\"it-IT\",\"@id\":\"https:\\\/\\\/www.gleichcom.samuraidev.ch\\\/it\\\/shop\\\/humantechnik-funk-klingelset-lisa\\\/#primaryimage\",\"url\":\"https:\\\/\\\/www.gleichcom.samuraidev.ch\\\/wp-content\\\/uploads\\\/2023\\\/09\\\/funkklingelsetlisablitzlampe_z1.jpg\",\"contentUrl\":\"https:\\\/\\\/www.gleichcom.samuraidev.ch\\\/wp-content\\\/uploads\\\/2023\\\/09\\\/funkklingelsetlisablitzlampe_z1.jpg\",\"width\":500,\"height\":480},{\"@type\":\"BreadcrumbList\",\"@id\":\"https:\\\/\\\/www.gleichcom.samuraidev.ch\\\/it\\\/shop\\\/humantechnik-funk-klingelset-lisa\\\/#breadcrumb\",\"itemListElement\":[{\"@type\":\"ListItem\",\"position\":1,\"name\":\"Startseite\",\"item\":\"https:\\\/\\\/www.gleichcom.samuraidev.ch\\\/it\\\/\"},{\"@type\":\"ListItem\",\"position\":2,\"name\":\"Shop\",\"item\":\"https:\\\/\\\/www.gleichcom.samuraidev.ch\\\/it\\\/shop\\\/\"},{\"@type\":\"ListItem\",\"position\":3,\"name\":\"Humantechnik set di suonerie telefoniche radio lisa\"}]},{\"@type\":\"WebSite\",\"@id\":\"https:\\\/\\\/www.gleichcom.samuraidev.ch\\\/it\\\/#website\",\"url\":\"https:\\\/\\\/www.gleichcom.samuraidev.ch\\\/it\\\/\",\"name\":\"Gleichcom AG\",\"description\":\"besser h\u00f6ren. besser sehen. besser leben.\",\"publisher\":{\"@id\":\"https:\\\/\\\/www.gleichcom.samuraidev.ch\\\/it\\\/#organization\"},\"alternateName\":\"Gleichcom\",\"potentialAction\":[{\"@type\":\"SearchAction\",\"target\":{\"@type\":\"EntryPoint\",\"urlTemplate\":\"https:\\\/\\\/www.gleichcom.samuraidev.ch\\\/it\\\/?s={search_term_string}\"},\"query-input\":{\"@type\":\"PropertyValueSpecification\",\"valueRequired\":true,\"valueName\":\"search_term_string\"}}],\"inLanguage\":\"it-IT\"},{\"@type\":\"Organization\",\"@id\":\"https:\\\/\\\/www.gleichcom.samuraidev.ch\\\/it\\\/#organization\",\"name\":\"Gleichcom AG\",\"alternateName\":\"Gleichcom\",\"url\":\"https:\\\/\\\/www.gleichcom.samuraidev.ch\\\/it\\\/\",\"logo\":{\"@type\":\"ImageObject\",\"inLanguage\":\"it-IT\",\"@id\":\"https:\\\/\\\/www.gleichcom.samuraidev.ch\\\/it\\\/#\\\/schema\\\/logo\\\/image\\\/\",\"url\":\"https:\\\/\\\/www.gleichcom.samuraidev.ch\\\/wp-content\\\/uploads\\\/2023\\\/09\\\/gleichcom-ag-logo-quadrat-farbig-mitte@696.png\",\"contentUrl\":\"https:\\\/\\\/www.gleichcom.samuraidev.ch\\\/wp-content\\\/uploads\\\/2023\\\/09\\\/gleichcom-ag-logo-quadrat-farbig-mitte@696.png\",\"width\":437,\"height\":437,\"caption\":\"Gleichcom AG\"},\"image\":{\"@id\":\"https:\\\/\\\/www.gleichcom.samuraidev.ch\\\/it\\\/#\\\/schema\\\/logo\\\/image\\\/\"},\"sameAs\":[\"https:\\\/\\\/www.facebook.com\\\/profile.php?id=100068749126981\"]}]}<\/script>\n<!-- \/ Yoast SEO plugin. -->","yoast_head_json":{"title":"Humantechnik set di suonerie telefoniche radio lisa im Onlineshop | Gleichcom AG","description":"\u2705 Segnala in modo affidabile il telefono che squilla con un lampo di luce molto luminoso. Pu\u00f2 essere esteso in qualsiasi momento.","robots":{"index":"noindex","follow":"follow","max-snippet":"max-snippet:-1","max-image-preview":"max-image-preview:large","max-video-preview":"max-video-preview:-1"},"og_locale":"it_IT","og_type":"article","og_title":"Humantechnik set di suonerie telefoniche radio lisa im Onlineshop | Gleichcom AG","og_description":"\u2705 Segnala in modo affidabile il telefono che squilla con un lampo di luce molto luminoso. Pu\u00f2 essere esteso in qualsiasi momento.","og_url":"https:\/\/www.gleichcom.samuraidev.ch\/it\/shop\/humantechnik-funk-klingelset-lisa\/","og_site_name":"Gleichcom AG","article_publisher":"https:\/\/www.facebook.com\/profile.php?id=100068749126981","og_image":[{"width":500,"height":480,"url":"https:\/\/www.gleichcom.samuraidev.ch\/wp-content\/uploads\/2023\/09\/funkklingelsetlisablitzlampe_z1.jpg","type":"image\/jpeg"}],"twitter_card":"summary_large_image","schema":{"@context":"https:\/\/schema.org","@graph":[{"@type":"WebPage","@id":"https:\/\/www.gleichcom.samuraidev.ch\/it\/shop\/humantechnik-funk-klingelset-lisa\/","url":"https:\/\/www.gleichcom.samuraidev.ch\/it\/shop\/humantechnik-funk-klingelset-lisa\/","name":"Humantechnik set di suonerie telefoniche radio lisa im Onlineshop | Gleichcom AG","isPartOf":{"@id":"https:\/\/www.gleichcom.samuraidev.ch\/it\/#website"},"primaryImageOfPage":{"@id":"https:\/\/www.gleichcom.samuraidev.ch\/it\/shop\/humantechnik-funk-klingelset-lisa\/#primaryimage"},"image":{"@id":"https:\/\/www.gleichcom.samuraidev.ch\/it\/shop\/humantechnik-funk-klingelset-lisa\/#primaryimage"},"thumbnailUrl":"https:\/\/www.gleichcom.samuraidev.ch\/wp-content\/uploads\/2023\/09\/funkklingelsetlisablitzlampe_z1.jpg","datePublished":"2017-02-07T15:23:07+00:00","description":"\u2705 Segnala in modo affidabile il telefono che squilla con un lampo di luce molto luminoso. Pu\u00f2 essere esteso in qualsiasi momento.","breadcrumb":{"@id":"https:\/\/www.gleichcom.samuraidev.ch\/it\/shop\/humantechnik-funk-klingelset-lisa\/#breadcrumb"},"inLanguage":"it-IT","potentialAction":[{"@type":"ReadAction","target":["https:\/\/www.gleichcom.samuraidev.ch\/it\/shop\/humantechnik-funk-klingelset-lisa\/"]}]},{"@type":"ImageObject","inLanguage":"it-IT","@id":"https:\/\/www.gleichcom.samuraidev.ch\/it\/shop\/humantechnik-funk-klingelset-lisa\/#primaryimage","url":"https:\/\/www.gleichcom.samuraidev.ch\/wp-content\/uploads\/2023\/09\/funkklingelsetlisablitzlampe_z1.jpg","contentUrl":"https:\/\/www.gleichcom.samuraidev.ch\/wp-content\/uploads\/2023\/09\/funkklingelsetlisablitzlampe_z1.jpg","width":500,"height":480},{"@type":"BreadcrumbList","@id":"https:\/\/www.gleichcom.samuraidev.ch\/it\/shop\/humantechnik-funk-klingelset-lisa\/#breadcrumb","itemListElement":[{"@type":"ListItem","position":1,"name":"Startseite","item":"https:\/\/www.gleichcom.samuraidev.ch\/it\/"},{"@type":"ListItem","position":2,"name":"Shop","item":"https:\/\/www.gleichcom.samuraidev.ch\/it\/shop\/"},{"@type":"ListItem","position":3,"name":"Humantechnik set di suonerie telefoniche radio lisa"}]},{"@type":"WebSite","@id":"https:\/\/www.gleichcom.samuraidev.ch\/it\/#website","url":"https:\/\/www.gleichcom.samuraidev.ch\/it\/","name":"Gleichcom AG","description":"besser h\u00f6ren. besser sehen. besser leben.","publisher":{"@id":"https:\/\/www.gleichcom.samuraidev.ch\/it\/#organization"},"alternateName":"Gleichcom","potentialAction":[{"@type":"SearchAction","target":{"@type":"EntryPoint","urlTemplate":"https:\/\/www.gleichcom.samuraidev.ch\/it\/?s={search_term_string}"},"query-input":{"@type":"PropertyValueSpecification","valueRequired":true,"valueName":"search_term_string"}}],"inLanguage":"it-IT"},{"@type":"Organization","@id":"https:\/\/www.gleichcom.samuraidev.ch\/it\/#organization","name":"Gleichcom AG","alternateName":"Gleichcom","url":"https:\/\/www.gleichcom.samuraidev.ch\/it\/","logo":{"@type":"ImageObject","inLanguage":"it-IT","@id":"https:\/\/www.gleichcom.samuraidev.ch\/it\/#\/schema\/logo\/image\/","url":"https:\/\/www.gleichcom.samuraidev.ch\/wp-content\/uploads\/2023\/09\/gleichcom-ag-logo-quadrat-farbig-mitte@696.png","contentUrl":"https:\/\/www.gleichcom.samuraidev.ch\/wp-content\/uploads\/2023\/09\/gleichcom-ag-logo-quadrat-farbig-mitte@696.png","width":437,"height":437,"caption":"Gleichcom AG"},"image":{"@id":"https:\/\/www.gleichcom.samuraidev.ch\/it\/#\/schema\/logo\/image\/"},"sameAs":["https:\/\/www.facebook.com\/profile.php?id=100068749126981"]}]}},"uagb_featured_image_src":{"full":["https:\/\/www.gleichcom.samuraidev.ch\/wp-content\/uploads\/2023\/09\/funkklingelsetlisablitzlampe_z1.jpg",500,480,false],"thumbnail":["https:\/\/www.gleichcom.samuraidev.ch\/wp-content\/uploads\/2023\/09\/funkklingelsetlisablitzlampe_z1.jpg",150,144,false],"medium":["https:\/\/www.gleichcom.samuraidev.ch\/wp-content\/uploads\/2023\/09\/funkklingelsetlisablitzlampe_z1.jpg",300,288,false],"medium_large":["https:\/\/www.gleichcom.samuraidev.ch\/wp-content\/uploads\/2023\/09\/funkklingelsetlisablitzlampe_z1.jpg",500,480,false],"large":["https:\/\/www.gleichcom.samuraidev.ch\/wp-content\/uploads\/2023\/09\/funkklingelsetlisablitzlampe_z1.jpg",500,480,false],"1536x1536":["https:\/\/www.gleichcom.samuraidev.ch\/wp-content\/uploads\/2023\/09\/funkklingelsetlisablitzlampe_z1.jpg",500,480,false],"2048x2048":["https:\/\/www.gleichcom.samuraidev.ch\/wp-content\/uploads\/2023\/09\/funkklingelsetlisablitzlampe_z1.jpg",500,480,false],"woocommerce_thumbnail":["https:\/\/www.gleichcom.samuraidev.ch\/wp-content\/uploads\/2023\/09\/funkklingelsetlisablitzlampe_z1.jpg",300,288,false],"woocommerce_single":["https:\/\/www.gleichcom.samuraidev.ch\/wp-content\/uploads\/2023\/09\/funkklingelsetlisablitzlampe_z1.jpg",500,480,false],"woocommerce_gallery_thumbnail":["https:\/\/www.gleichcom.samuraidev.ch\/wp-content\/uploads\/2023\/09\/funkklingelsetlisablitzlampe_z1-100x100.jpg",100,100,true]},"uagb_author_info":{"display_name":"","author_link":"https:\/\/www.gleichcom.samuraidev.ch\/it\/author\/"},"uagb_comment_info":0,"uagb_excerpt":"Segnala in modo affidabile il telefono che squilla con un lampo di luce molto luminoso. Pu\u00f2 essere esteso in qualsiasi momento.","_links":{"self":[{"href":"https:\/\/www.gleichcom.samuraidev.ch\/it\/wp-json\/wp\/v2\/product\/4258","targetHints":{"allow":["GET"]}}],"collection":[{"href":"https:\/\/www.gleichcom.samuraidev.ch\/it\/wp-json\/wp\/v2\/product"}],"about":[{"href":"https:\/\/www.gleichcom.samuraidev.ch\/it\/wp-json\/wp\/v2\/types\/product"}],"wp:featuredmedia":[{"embeddable":true,"href":"https:\/\/www.gleichcom.samuraidev.ch\/it\/wp-json\/wp\/v2\/media\/4256"}],"wp:attachment":[{"href":"https:\/\/www.gleichcom.samuraidev.ch\/it\/wp-json\/wp\/v2\/media?parent=4258"}],"wp:term":[{"taxonomy":"product_brand","embeddable":true,"href":"https:\/\/www.gleichcom.samuraidev.ch\/it\/wp-json\/wp\/v2\/product_brand?post=4258"},{"taxonomy":"product_cat","embeddable":true,"href":"https:\/\/www.gleichcom.samuraidev.ch\/it\/wp-json\/wp\/v2\/product_cat?post=4258"},{"taxonomy":"product_tag","embeddable":true,"href":"https:\/\/www.gleichcom.samuraidev.ch\/it\/wp-json\/wp\/v2\/product_tag?post=4258"}],"curies":[{"name":"wp","href":"https:\/\/api.w.org\/{rel}","templated":true}]}}