{"id":4363,"date":"2017-04-12T11:29:07","date_gmt":"2017-04-12T09:29:07","guid":{"rendered":"https:\/\/www.gleichcom.samuraidev.ch\/?product=aktion-hoerverstaerker-set-humantechnik-cm-2-4"},"modified":"1000-01-01T00:00:00","modified_gmt":"1000-01-01T00:00:00","slug":"aktion-hoerverstaerker-set-humantechnik-cm-2-4","status":"publish","type":"product","link":"https:\/\/www.gleichcom.samuraidev.ch\/it\/shop\/aktion-hoerverstaerker-set-humantechnik-cm-2-4\/","title":{"rendered":"Set di amplificatori acustici Humantechnik CM-2.4"},"content":{"rendered":"<div itemprop=\"name\">\n\t<span style=\"color:#000000;\"><strong><span style=\"font-size:16px;\">Amplificatore sonoro Set Humantechnik CM-2.4<\/span><\/p>\n<p>\tUtile aiutante di tutti i giorni<\/strong><br \/>\n\tIl sistema di comunicazione CM-2.4 \u00e8 particolarmente adatto a persone con problemi di udito. Il set in pi\u00f9 parti \u00e8 composto da un trasmettitore, un ricevitore, un microfono e cuffie e vi aiuta a capire ci\u00f2 che viene detto anche in ambienti rumorosi. Cos\u00ec si \u00e8 in grado di comunicare con fiducia e senza paura! La trasmissione attraverso la banda di frequenza a 2,4 GHz \u00e8 il percorso di trasmissione wireless di altissima qualit\u00e0 e vi garantisce una qualit\u00e0 del suono perfetta.<\/p>\n<p>\t<strong>Regolabile individualmente per un perfetto piacere di ascolto<\/strong><br \/>\n\tLa voce, i suoni e la musica sono registrati dal trasmettitore e trasmessi al ricevitore, la portata \u00e8 particolarmente elevata ed \u00e8 di circa 300 metri. Per garantire una trasmissione perfetta, \u00e8 possibile collegare diversi componenti acustici al ricevitore, come le cuffie o un anello telefonico per l&#8217;udito induttivo tramite l&#8217;apparecchio acustico. Quando si utilizza il teleloop, commutare l&#8217;apparecchio acustico su &#8220;T&#8221; o &#8220;MT&#8221; per ascoltare direttamente tramite la bobina a T. Questo garantisce un udito ancora migliore senza disturbare il rumore ambientale.<\/p>\n<p>\t<strong>Messa in servizio senza complicazioni<\/strong><br \/>\n\tLa messa in funzione \u00e8 semplice: dopo la carica, i dispositivi sono immediatamente pronti all&#8217;uso. Inserire il microfono nel ricevitore e collocarli entrambi vicino alla sorgente sonora. Successivamente l&#8217;anello telefonico o le cuffie devono essere inserite nel ricevitore.<\/p>\n<p>\t<strong>In sintesi<\/strong><\/span>\n<\/div>\n<ul>\n<li itemprop=\"name\"><span style=\"color:#000000;\">Set composto da trasmettitore, ricevitore, microfono a spina, tappi per le orecchie, cuffie, teleloop, clip da cintura, anello di trasporto, cavo di ricarica USB e alimentatore USB.<\/span><\/li>\n<li itemprop=\"name\"><span style=\"color:#000000;\">Lo strumento CM-2.4 facilita l&#8217;udito anche in ambienti rumorosi<\/span><\/li>\n<li itemprop=\"name\"><span style=\"color:#000000;\">Banda di frequenza 2.4 GHz: percorso di trasmissione wireless di altissima qualit\u00e0 e perfetta qualit\u00e0 del suono<\/span><\/li>\n<li itemprop=\"name\"><span style=\"color:#000000;\">Regolazione del volume in 9 passi possibili<\/span><\/li>\n<li itemprop=\"name\"><span style=\"color:#000000;\">Trasmettitore e ricevitore con display LCD<\/span><\/li>\n<li itemprop=\"name\"><span style=\"color:#000000;\">Particolarmente facile da usare grazie ai tre tasti del dispositivo<\/span><\/li>\n<li itemprop=\"name\"><span style=\"color:#000000;\">Ricevitore: possibilit\u00e0 di collegare cuffie, tappi auricolari o teleloop per l&#8217;udito induttivo.<\/span><\/li>\n<li itemprop=\"name\"><span style=\"color:#000000;\">Trasmettitore: Connessioni per cuffie e microfono a spina<\/span><\/li>\n<li itemprop=\"name\"><span style=\"color:#000000;\">Dimensioni del trasmettitore\/ricevitore (A x L x P x P): 8,5 cm x 5,0 cm x 1,5 cm<\/span><\/li>\n<li itemprop=\"name\"><span style=\"color:#000000;\">Peso del trasmettitore\/ricevitore: ca. 66 g cadauno<\/span><\/li>\n<li itemprop=\"name\"><span style=\"color:#000000;\">Portata radio fino a 300 metri<\/span><\/li>\n<li itemprop=\"name\"><span style=\"color:#000000;\">Tipo di frequenza radio: ISM 2403 -2480 MHz<\/span><\/li>\n<li itemprop=\"name\"><span style=\"color:#000000;\">Batteria: LI-Ion 3,7 V \/ 1100 mAh<\/span><\/li>\n<li itemprop=\"name\"><span style=\"color:#000000;\">Tempo di trasmissione batteria: circa 20 ore<\/span><\/li>\n<li itemprop=\"name\"><span style=\"color:#000000;\">Fornito in un&#8217;elegante custodia in alluminio<\/span><\/li>\n<\/ul>\n<div itemprop=\"name\">\n\t<br \/>\n\t<span style=\"color:#000000;\"><strong>Dotazione di fornitura<\/strong><\/span>\n<\/div>\n<ul>\n<li itemprop=\"name\"><span style=\"color:#000000;\">\u00a0 1 x trasmettitore CM-2.4<\/span><\/li>\n<li itemprop=\"name\"><span style=\"color:#000000;\">\u00a0\u00a0\u00a0 1 x CM-2.4 Ricevitore<\/span><\/li>\n<li itemprop=\"name\"><span style=\"color:#000000;\">\u00a0\u00a0\u00a0 1 x microfono a spina<\/span><\/li>\n<li itemprop=\"name\"><span style=\"color:#000000;\">\u00a0\u00a0\u00a0 1 x in-ear cuffie<\/span><\/li>\n<li itemprop=\"name\"><span style=\"color:#000000;\">\u00a0\u00a0\u00a0 1 x cuffia<\/span><\/li>\n<li itemprop=\"name\"><span style=\"color:#000000;\">\u00a0\u00a0\u00a0 1 x Tel sling<\/span><\/li>\n<li itemprop=\"name\"><span style=\"color:#000000;\">\u00a0\u00a0\u00a0 2 x clip da cintura<\/span><\/li>\n<li itemprop=\"name\"><span style=\"color:#000000;\">\u00a0\u00a0\u00a0 2 x fionda<\/span><\/li>\n<li itemprop=\"name\"><span style=\"color:#000000;\">\u00a0\u00a0\u00a0 2 x cavi di ricarica USB<\/span><\/li>\n<li itemprop=\"name\"><span style=\"color:#000000;\">\u00a0\u00a0\u00a0 2 x alimentatore USB<\/span><\/li>\n<li itemprop=\"name\"><span style=\"color:#000000;\">\u00a0\u00a0\u00a0 1 x scheda di garanzia<\/span><\/li>\n<li itemprop=\"name\"><span style=\"color:#000000;\">\u00a0\u00a0\u00a0 1 x Istruzioni per l&#8217;uso dettagliate<\/span><\/li>\n<\/ul>\n","protected":false},"excerpt":{"rendered":"<p>Il sistema di comunicazione CM-2.4 \u00e8 particolarmente adatto a persone con problemi di udito.<\/p>\n","protected":false},"featured_media":4358,"template":"","meta":{"inline_featured_image":false,"_uag_custom_page_level_css":"","site-sidebar-layout":"default","site-content-layout":"","ast-site-content-layout":"default","site-content-style":"default","site-sidebar-style":"default","ast-global-header-display":"","ast-banner-title-visibility":"","ast-main-header-display":"","ast-hfb-above-header-display":"","ast-hfb-below-header-display":"","ast-hfb-mobile-header-display":"","site-post-title":"","ast-breadcrumbs-content":"","ast-featured-img":"","footer-sml-layout":"","ast-disable-related-posts":"","theme-transparent-header-meta":"","adv-header-id-meta":"","stick-header-meta":"","header-above-stick-meta":"","header-main-stick-meta":"","header-below-stick-meta":"","astra-migrate-meta-layouts":"default","ast-page-background-enabled":"default","ast-page-background-meta":{"desktop":{"background-color":"","background-image":"","background-repeat":"repeat","background-position":"center center","background-size":"auto","background-attachment":"scroll","background-type":"","background-media":"","overlay-type":"","overlay-color":"","overlay-opacity":"","overlay-gradient":""},"tablet":{"background-color":"","background-image":"","background-repeat":"repeat","background-position":"center center","background-size":"auto","background-attachment":"scroll","background-type":"","background-media":"","overlay-type":"","overlay-color":"","overlay-opacity":"","overlay-gradient":""},"mobile":{"background-color":"","background-image":"","background-repeat":"repeat","background-position":"center center","background-size":"auto","background-attachment":"scroll","background-type":"","background-media":"","overlay-type":"","overlay-color":"","overlay-opacity":"","overlay-gradient":""}},"ast-content-background-meta":{"desktop":{"background-color":"var(--ast-global-color-5)","background-image":"","background-repeat":"repeat","background-position":"center center","background-size":"auto","background-attachment":"scroll","background-type":"","background-media":"","overlay-type":"","overlay-color":"","overlay-opacity":"","overlay-gradient":""},"tablet":{"background-color":"var(--ast-global-color-5)","background-image":"","background-repeat":"repeat","background-position":"center center","background-size":"auto","background-attachment":"scroll","background-type":"","background-media":"","overlay-type":"","overlay-color":"","overlay-opacity":"","overlay-gradient":""},"mobile":{"background-color":"var(--ast-global-color-5)","background-image":"","background-repeat":"repeat","background-position":"center center","background-size":"auto","background-attachment":"scroll","background-type":"","background-media":"","overlay-type":"","overlay-color":"","overlay-opacity":"","overlay-gradient":""}}},"product_brand":[],"product_cat":[2944],"product_tag":[],"class_list":{"0":"post-4363","1":"product","2":"type-product","3":"status-publish","4":"has-post-thumbnail","6":"product_cat-amplificatore-uditivo-it","7":"desktop-align-center","8":"tablet-align-center","9":"mobile-align-center","10":"ast-product-gallery-layout-horizontal-slider","11":"ast-product-tabs-layout-accordion","13":"first","14":"outofstock","15":"taxable","16":"shipping-taxable","17":"purchasable","18":"product-type-simple"},"yoast_head":"<!-- This site is optimized with the Yoast SEO plugin v27.6 - https:\/\/yoast.com\/product\/yoast-seo-wordpress\/ -->\n<title>Set di amplificatori acustici Humantechnik CM-2.4 im Onlineshop | Gleichcom AG<\/title>\n<meta name=\"description\" content=\"\u2705 Il sistema di comunicazione CM-2.4 \u00e8 particolarmente adatto a persone con problemi di udito.\" \/>\n<meta name=\"robots\" content=\"noindex, follow, max-snippet:-1, max-image-preview:large, max-video-preview:-1\" \/>\n<meta property=\"og:locale\" content=\"it_IT\" \/>\n<meta property=\"og:type\" content=\"article\" \/>\n<meta property=\"og:title\" content=\"Set di amplificatori acustici Humantechnik CM-2.4 im Onlineshop | Gleichcom AG\" \/>\n<meta property=\"og:description\" content=\"\u2705 Il sistema di comunicazione CM-2.4 \u00e8 particolarmente adatto a persone con problemi di udito.\" \/>\n<meta property=\"og:url\" content=\"https:\/\/www.gleichcom.samuraidev.ch\/it\/shop\/aktion-hoerverstaerker-set-humantechnik-cm-2-4\/\" \/>\n<meta property=\"og:site_name\" content=\"Gleichcom AG\" \/>\n<meta property=\"article:publisher\" content=\"https:\/\/www.facebook.com\/profile.php?id=100068749126981\" \/>\n<meta property=\"og:image\" content=\"https:\/\/www.gleichcom.samuraidev.ch\/wp-content\/uploads\/2023\/09\/cm2.4_frei.jpg\" \/>\n\t<meta property=\"og:image:width\" content=\"385\" \/>\n\t<meta property=\"og:image:height\" content=\"500\" \/>\n\t<meta property=\"og:image:type\" content=\"image\/jpeg\" \/>\n<meta name=\"twitter:card\" content=\"summary_large_image\" \/>\n<script type=\"application\/ld+json\" class=\"yoast-schema-graph\">{\"@context\":\"https:\\\/\\\/schema.org\",\"@graph\":[{\"@type\":\"WebPage\",\"@id\":\"https:\\\/\\\/www.gleichcom.samuraidev.ch\\\/it\\\/shop\\\/aktion-hoerverstaerker-set-humantechnik-cm-2-4\\\/\",\"url\":\"https:\\\/\\\/www.gleichcom.samuraidev.ch\\\/it\\\/shop\\\/aktion-hoerverstaerker-set-humantechnik-cm-2-4\\\/\",\"name\":\"Set di amplificatori acustici Humantechnik CM-2.4 im Onlineshop | Gleichcom AG\",\"isPartOf\":{\"@id\":\"https:\\\/\\\/www.gleichcom.samuraidev.ch\\\/it\\\/#website\"},\"primaryImageOfPage\":{\"@id\":\"https:\\\/\\\/www.gleichcom.samuraidev.ch\\\/it\\\/shop\\\/aktion-hoerverstaerker-set-humantechnik-cm-2-4\\\/#primaryimage\"},\"image\":{\"@id\":\"https:\\\/\\\/www.gleichcom.samuraidev.ch\\\/it\\\/shop\\\/aktion-hoerverstaerker-set-humantechnik-cm-2-4\\\/#primaryimage\"},\"thumbnailUrl\":\"https:\\\/\\\/www.gleichcom.samuraidev.ch\\\/wp-content\\\/uploads\\\/2023\\\/09\\\/cm2.4_frei.jpg\",\"datePublished\":\"2017-04-12T09:29:07+00:00\",\"description\":\"\u2705 Il sistema di comunicazione CM-2.4 \u00e8 particolarmente adatto a persone con problemi di udito.\",\"breadcrumb\":{\"@id\":\"https:\\\/\\\/www.gleichcom.samuraidev.ch\\\/it\\\/shop\\\/aktion-hoerverstaerker-set-humantechnik-cm-2-4\\\/#breadcrumb\"},\"inLanguage\":\"it-IT\",\"potentialAction\":[{\"@type\":\"ReadAction\",\"target\":[\"https:\\\/\\\/www.gleichcom.samuraidev.ch\\\/it\\\/shop\\\/aktion-hoerverstaerker-set-humantechnik-cm-2-4\\\/\"]}]},{\"@type\":\"ImageObject\",\"inLanguage\":\"it-IT\",\"@id\":\"https:\\\/\\\/www.gleichcom.samuraidev.ch\\\/it\\\/shop\\\/aktion-hoerverstaerker-set-humantechnik-cm-2-4\\\/#primaryimage\",\"url\":\"https:\\\/\\\/www.gleichcom.samuraidev.ch\\\/wp-content\\\/uploads\\\/2023\\\/09\\\/cm2.4_frei.jpg\",\"contentUrl\":\"https:\\\/\\\/www.gleichcom.samuraidev.ch\\\/wp-content\\\/uploads\\\/2023\\\/09\\\/cm2.4_frei.jpg\",\"width\":385,\"height\":500,\"caption\":\"H\u00f6rverst\u00e4rker-Set Humantechnik CM-2.4\"},{\"@type\":\"BreadcrumbList\",\"@id\":\"https:\\\/\\\/www.gleichcom.samuraidev.ch\\\/it\\\/shop\\\/aktion-hoerverstaerker-set-humantechnik-cm-2-4\\\/#breadcrumb\",\"itemListElement\":[{\"@type\":\"ListItem\",\"position\":1,\"name\":\"Startseite\",\"item\":\"https:\\\/\\\/www.gleichcom.samuraidev.ch\\\/it\\\/\"},{\"@type\":\"ListItem\",\"position\":2,\"name\":\"Shop\",\"item\":\"https:\\\/\\\/www.gleichcom.samuraidev.ch\\\/it\\\/shop\\\/\"},{\"@type\":\"ListItem\",\"position\":3,\"name\":\"Set di amplificatori acustici Humantechnik CM-2.4\"}]},{\"@type\":\"WebSite\",\"@id\":\"https:\\\/\\\/www.gleichcom.samuraidev.ch\\\/it\\\/#website\",\"url\":\"https:\\\/\\\/www.gleichcom.samuraidev.ch\\\/it\\\/\",\"name\":\"Gleichcom AG\",\"description\":\"besser h\u00f6ren. besser sehen. besser leben.\",\"publisher\":{\"@id\":\"https:\\\/\\\/www.gleichcom.samuraidev.ch\\\/it\\\/#organization\"},\"alternateName\":\"Gleichcom\",\"potentialAction\":[{\"@type\":\"SearchAction\",\"target\":{\"@type\":\"EntryPoint\",\"urlTemplate\":\"https:\\\/\\\/www.gleichcom.samuraidev.ch\\\/it\\\/?s={search_term_string}\"},\"query-input\":{\"@type\":\"PropertyValueSpecification\",\"valueRequired\":true,\"valueName\":\"search_term_string\"}}],\"inLanguage\":\"it-IT\"},{\"@type\":\"Organization\",\"@id\":\"https:\\\/\\\/www.gleichcom.samuraidev.ch\\\/it\\\/#organization\",\"name\":\"Gleichcom AG\",\"alternateName\":\"Gleichcom\",\"url\":\"https:\\\/\\\/www.gleichcom.samuraidev.ch\\\/it\\\/\",\"logo\":{\"@type\":\"ImageObject\",\"inLanguage\":\"it-IT\",\"@id\":\"https:\\\/\\\/www.gleichcom.samuraidev.ch\\\/it\\\/#\\\/schema\\\/logo\\\/image\\\/\",\"url\":\"https:\\\/\\\/www.gleichcom.samuraidev.ch\\\/wp-content\\\/uploads\\\/2023\\\/09\\\/gleichcom-ag-logo-quadrat-farbig-mitte@696.png\",\"contentUrl\":\"https:\\\/\\\/www.gleichcom.samuraidev.ch\\\/wp-content\\\/uploads\\\/2023\\\/09\\\/gleichcom-ag-logo-quadrat-farbig-mitte@696.png\",\"width\":437,\"height\":437,\"caption\":\"Gleichcom AG\"},\"image\":{\"@id\":\"https:\\\/\\\/www.gleichcom.samuraidev.ch\\\/it\\\/#\\\/schema\\\/logo\\\/image\\\/\"},\"sameAs\":[\"https:\\\/\\\/www.facebook.com\\\/profile.php?id=100068749126981\"]}]}<\/script>\n<!-- \/ Yoast SEO plugin. -->","yoast_head_json":{"title":"Set di amplificatori acustici Humantechnik CM-2.4 im Onlineshop | Gleichcom AG","description":"\u2705 Il sistema di comunicazione CM-2.4 \u00e8 particolarmente adatto a persone con problemi di udito.","robots":{"index":"noindex","follow":"follow","max-snippet":"max-snippet:-1","max-image-preview":"max-image-preview:large","max-video-preview":"max-video-preview:-1"},"og_locale":"it_IT","og_type":"article","og_title":"Set di amplificatori acustici Humantechnik CM-2.4 im Onlineshop | Gleichcom AG","og_description":"\u2705 Il sistema di comunicazione CM-2.4 \u00e8 particolarmente adatto a persone con problemi di udito.","og_url":"https:\/\/www.gleichcom.samuraidev.ch\/it\/shop\/aktion-hoerverstaerker-set-humantechnik-cm-2-4\/","og_site_name":"Gleichcom AG","article_publisher":"https:\/\/www.facebook.com\/profile.php?id=100068749126981","og_image":[{"width":385,"height":500,"url":"https:\/\/www.gleichcom.samuraidev.ch\/wp-content\/uploads\/2023\/09\/cm2.4_frei.jpg","type":"image\/jpeg"}],"twitter_card":"summary_large_image","schema":{"@context":"https:\/\/schema.org","@graph":[{"@type":"WebPage","@id":"https:\/\/www.gleichcom.samuraidev.ch\/it\/shop\/aktion-hoerverstaerker-set-humantechnik-cm-2-4\/","url":"https:\/\/www.gleichcom.samuraidev.ch\/it\/shop\/aktion-hoerverstaerker-set-humantechnik-cm-2-4\/","name":"Set di amplificatori acustici Humantechnik CM-2.4 im Onlineshop | Gleichcom AG","isPartOf":{"@id":"https:\/\/www.gleichcom.samuraidev.ch\/it\/#website"},"primaryImageOfPage":{"@id":"https:\/\/www.gleichcom.samuraidev.ch\/it\/shop\/aktion-hoerverstaerker-set-humantechnik-cm-2-4\/#primaryimage"},"image":{"@id":"https:\/\/www.gleichcom.samuraidev.ch\/it\/shop\/aktion-hoerverstaerker-set-humantechnik-cm-2-4\/#primaryimage"},"thumbnailUrl":"https:\/\/www.gleichcom.samuraidev.ch\/wp-content\/uploads\/2023\/09\/cm2.4_frei.jpg","datePublished":"2017-04-12T09:29:07+00:00","description":"\u2705 Il sistema di comunicazione CM-2.4 \u00e8 particolarmente adatto a persone con problemi di udito.","breadcrumb":{"@id":"https:\/\/www.gleichcom.samuraidev.ch\/it\/shop\/aktion-hoerverstaerker-set-humantechnik-cm-2-4\/#breadcrumb"},"inLanguage":"it-IT","potentialAction":[{"@type":"ReadAction","target":["https:\/\/www.gleichcom.samuraidev.ch\/it\/shop\/aktion-hoerverstaerker-set-humantechnik-cm-2-4\/"]}]},{"@type":"ImageObject","inLanguage":"it-IT","@id":"https:\/\/www.gleichcom.samuraidev.ch\/it\/shop\/aktion-hoerverstaerker-set-humantechnik-cm-2-4\/#primaryimage","url":"https:\/\/www.gleichcom.samuraidev.ch\/wp-content\/uploads\/2023\/09\/cm2.4_frei.jpg","contentUrl":"https:\/\/www.gleichcom.samuraidev.ch\/wp-content\/uploads\/2023\/09\/cm2.4_frei.jpg","width":385,"height":500,"caption":"H\u00f6rverst\u00e4rker-Set Humantechnik CM-2.4"},{"@type":"BreadcrumbList","@id":"https:\/\/www.gleichcom.samuraidev.ch\/it\/shop\/aktion-hoerverstaerker-set-humantechnik-cm-2-4\/#breadcrumb","itemListElement":[{"@type":"ListItem","position":1,"name":"Startseite","item":"https:\/\/www.gleichcom.samuraidev.ch\/it\/"},{"@type":"ListItem","position":2,"name":"Shop","item":"https:\/\/www.gleichcom.samuraidev.ch\/it\/shop\/"},{"@type":"ListItem","position":3,"name":"Set di amplificatori acustici Humantechnik CM-2.4"}]},{"@type":"WebSite","@id":"https:\/\/www.gleichcom.samuraidev.ch\/it\/#website","url":"https:\/\/www.gleichcom.samuraidev.ch\/it\/","name":"Gleichcom AG","description":"besser h\u00f6ren. besser sehen. besser leben.","publisher":{"@id":"https:\/\/www.gleichcom.samuraidev.ch\/it\/#organization"},"alternateName":"Gleichcom","potentialAction":[{"@type":"SearchAction","target":{"@type":"EntryPoint","urlTemplate":"https:\/\/www.gleichcom.samuraidev.ch\/it\/?s={search_term_string}"},"query-input":{"@type":"PropertyValueSpecification","valueRequired":true,"valueName":"search_term_string"}}],"inLanguage":"it-IT"},{"@type":"Organization","@id":"https:\/\/www.gleichcom.samuraidev.ch\/it\/#organization","name":"Gleichcom AG","alternateName":"Gleichcom","url":"https:\/\/www.gleichcom.samuraidev.ch\/it\/","logo":{"@type":"ImageObject","inLanguage":"it-IT","@id":"https:\/\/www.gleichcom.samuraidev.ch\/it\/#\/schema\/logo\/image\/","url":"https:\/\/www.gleichcom.samuraidev.ch\/wp-content\/uploads\/2023\/09\/gleichcom-ag-logo-quadrat-farbig-mitte@696.png","contentUrl":"https:\/\/www.gleichcom.samuraidev.ch\/wp-content\/uploads\/2023\/09\/gleichcom-ag-logo-quadrat-farbig-mitte@696.png","width":437,"height":437,"caption":"Gleichcom AG"},"image":{"@id":"https:\/\/www.gleichcom.samuraidev.ch\/it\/#\/schema\/logo\/image\/"},"sameAs":["https:\/\/www.facebook.com\/profile.php?id=100068749126981"]}]}},"uagb_featured_image_src":{"full":["https:\/\/www.gleichcom.samuraidev.ch\/wp-content\/uploads\/2023\/09\/cm2.4_frei.jpg",385,500,false],"thumbnail":["https:\/\/www.gleichcom.samuraidev.ch\/wp-content\/uploads\/2023\/09\/cm2.4_frei.jpg",116,150,false],"medium":["https:\/\/www.gleichcom.samuraidev.ch\/wp-content\/uploads\/2023\/09\/cm2.4_frei.jpg",231,300,false],"medium_large":["https:\/\/www.gleichcom.samuraidev.ch\/wp-content\/uploads\/2023\/09\/cm2.4_frei.jpg",385,500,false],"large":["https:\/\/www.gleichcom.samuraidev.ch\/wp-content\/uploads\/2023\/09\/cm2.4_frei.jpg",385,500,false],"1536x1536":["https:\/\/www.gleichcom.samuraidev.ch\/wp-content\/uploads\/2023\/09\/cm2.4_frei.jpg",385,500,false],"2048x2048":["https:\/\/www.gleichcom.samuraidev.ch\/wp-content\/uploads\/2023\/09\/cm2.4_frei.jpg",385,500,false],"woocommerce_thumbnail":["https:\/\/www.gleichcom.samuraidev.ch\/wp-content\/uploads\/2023\/09\/cm2.4_frei.jpg",300,390,false],"woocommerce_single":["https:\/\/www.gleichcom.samuraidev.ch\/wp-content\/uploads\/2023\/09\/cm2.4_frei.jpg",385,500,false],"woocommerce_gallery_thumbnail":["https:\/\/www.gleichcom.samuraidev.ch\/wp-content\/uploads\/2023\/09\/cm2.4_frei-100x100.jpg",100,100,true]},"uagb_author_info":{"display_name":"","author_link":"https:\/\/www.gleichcom.samuraidev.ch\/it\/author\/"},"uagb_comment_info":0,"uagb_excerpt":"Il sistema di comunicazione CM-2.4 \u00e8 particolarmente adatto a persone con problemi di udito.","_links":{"self":[{"href":"https:\/\/www.gleichcom.samuraidev.ch\/it\/wp-json\/wp\/v2\/product\/4363","targetHints":{"allow":["GET"]}}],"collection":[{"href":"https:\/\/www.gleichcom.samuraidev.ch\/it\/wp-json\/wp\/v2\/product"}],"about":[{"href":"https:\/\/www.gleichcom.samuraidev.ch\/it\/wp-json\/wp\/v2\/types\/product"}],"wp:featuredmedia":[{"embeddable":true,"href":"https:\/\/www.gleichcom.samuraidev.ch\/it\/wp-json\/wp\/v2\/media\/4358"}],"wp:attachment":[{"href":"https:\/\/www.gleichcom.samuraidev.ch\/it\/wp-json\/wp\/v2\/media?parent=4363"}],"wp:term":[{"taxonomy":"product_brand","embeddable":true,"href":"https:\/\/www.gleichcom.samuraidev.ch\/it\/wp-json\/wp\/v2\/product_brand?post=4363"},{"taxonomy":"product_cat","embeddable":true,"href":"https:\/\/www.gleichcom.samuraidev.ch\/it\/wp-json\/wp\/v2\/product_cat?post=4363"},{"taxonomy":"product_tag","embeddable":true,"href":"https:\/\/www.gleichcom.samuraidev.ch\/it\/wp-json\/wp\/v2\/product_tag?post=4363"}],"curies":[{"name":"wp","href":"https:\/\/api.w.org\/{rel}","templated":true}]}}