{"id":4606,"date":"2017-10-23T16:25:53","date_gmt":"2017-10-23T14:25:53","guid":{"rendered":"https:\/\/www.gleichcom.samuraidev.ch\/?product=kopfhoerer-set-860-sennheiser"},"modified":"1000-01-01T00:00:00","modified_gmt":"1000-01-01T00:00:00","slug":"kopfhoerer-set-860-sennheiser","status":"publish","type":"product","link":"https:\/\/www.gleichcom.samuraidev.ch\/it\/shop\/kopfhoerer-set-860-sennheiser\/","title":{"rendered":"Cuffie SET 860 Sennheiser"},"content":{"rendered":"<p><span style=\"color:#000000;\"><strong><span style=\"font-size:16px;\">Cuffie SET 860 Sennheiser<\/span><\/strong><\/p>\n<p>L&#8217;apparecchio acustico TV Set 860 offre un suono cristallino e amplificato per gli utenti con una potenza uditiva ridotta. Garantisce il piacere dell&#8217;ascolto con funzioni intuitive come i profili uditivi preimpostati, la migliore intelligibilit\u00e0 del parlato e il controllo del volume per l&#8217;orecchio destro e sinistro. Il Set 860 pu\u00f2 essere collegato senza sforzo ed \u00e8 molto facile da usare.<\/p>\n<p><strong>Il nuovo Set Sennheiser 860 &#8211; Il tuo + per l&#8217;esperienza audio TV<\/strong><br \/>\nMan mano che le nostre orecchie invecchiano, diventa pi\u00f9 difficile per loro sentire suoni e voci. Quando si guarda la televisione a volte aiuta ad alzare il volume del suono, ma questo non \u00e8 sempre piacevole per l&#8217;ambiente circostante. Il set Sennheiser 860 risolve questo problema. Non solo permette di regolare il volume a proprio piacimento senza disturbare nessuno, ma anche di regolare il suono in base alle esigenze uditive delle proprie orecchie. Si pu\u00f2 anche essere in grado di selezionare un volume pi\u00f9 basso e godere comunque dell&#8217;esperienza di ascolto completa.<\/p>\n<p><strong>Chiaro e chiaro &#8211;\u00a0Il tuo + per un suono vivace<\/strong><br \/>\nCon il set Sennheiser 860 si ha il suono della TV direttamente all&#8217;orecchio, senza interferenze esterne. Ancora pi\u00f9 importante, \u00e8 possibile impostare il suono della TV esattamente come ne avete bisogno. A tale scopo sono disponibili tre diversi profili uditivi preimpostati, che \u00e8 possibile selezionare con la semplice pressione di un pulsante per ottimizzare la riproduzione del parlato o della musica. Il cursore Balance consente di aumentare il volume per un orecchio &#8220;debole&#8221;. Inoltre, \u00e8 possibile passare dal suono stereo a quello mono, in modo da avere tutte le informazioni sonore in entrambe le orecchie. La funzione di intelligibilit\u00e0 del discorso \u00e8 unica: sottolinea la parola parlata in modo da poter seguire i dialoghi senza sforzo. Cos\u00ec la televisione diventa di nuovo un piacere vivace e allo stesso tempo rilassato.<\/p>\n<p><strong>Libero e spensierato &#8211;\u00a0Il tuo + per il comfort<\/strong><br \/>\nIl set Sennheiser 860 facilita l&#8217;udito. Il suo sottile auricolare sottogola non preme sulla testa, si adatta automaticamente alle dimensioni della testa quando viene indossato e non interferisce con l&#8217;acconciatura o gli occhiali. Grazie alla moderna tecnologia wireless, \u00e8 possibile spostare il portatile fino a 70 metri di distanza dalla stazione base senza interrompere la trasmissione. Cos\u00ec, ad esempio, potete andare in cucina una volta sola e ascoltare comunque il vostro programma. Con una durata della batteria fino a 18 ore per batteria, il Set 860 offre un piacere di ascolto praticamente illimitato. La batteria si carica automaticamente non appena si posiziona il portatile sulla stazione base.<\/p>\n<p><strong>Semplice e comprensibile &#8211;\u00a0Il tuo + per l&#8217;indipendenza<\/strong><br \/>\nDal disimballaggio al piacere dell&#8217;ascolto: con il Set 860 sai sempre esattamente cosa fare. Il collegamento \u00e8 rapido e semplice. L&#8217;operazione \u00e8 praticamente autoesplicativa. Ci sono solo pochi pulsanti &#8211; questi sono grandi e chiaramente contrassegnati e possono essere utilizzati in modo sicuro anche senza occhiali. La carica della batteria e il collegamento al ricevitore della mentoniera sono sempre segnalati da LED di facile lettura. Il Set 860 si spegne automaticamente non appena si solleva il portatile. In questo modo si evita che la batteria si scarichi accidentalmente.<\/p>\n<p><strong>Volume di fornitura<\/strong><\/span><\/p>\n<ul>\n<li><span style=\"color:#000000;\">\u00a0\u00a0\u00a0 Auricolari con batteria Li-Polimeri ricaricabile incorporata<\/span><\/li>\n<li><span style=\"color:#000000;\">\u00a0\u00a0\u00a0 batteria polimerica<\/span><\/li>\n<li><span style=\"color:#000000;\">\u00a0\u00a0\u00a0 stazione di ricarica<\/span><\/li>\n<li><span style=\"color:#000000;\">\u00a0\u00a0\u00a0 1 paio di adattatori per orecchie piccole<\/span><\/li>\n<li><span style=\"color:#000000;\">\u00a0\u00a0\u00a0 Adattatori nazionali per UE, Regno Unito, USA e AUS<\/span><\/li>\n<li><span style=\"color:#000000;\">\u00a0\u00a0\u00a0 cavo TV ottico per uscita audio digitale<\/span><\/li>\n<li><span style=\"color:#000000;\">\u00a0\u00a0\u00a0 Cavo di collegamento TV 3.5mm per uscita audio per cuffie<\/span><\/li>\n<li><span style=\"color:#000000;\">\u00a0\u00a0\u00a0 manuale di istruzioni<\/span><\/li>\n<\/ul>\n","protected":false},"excerpt":{"rendered":"<p>\tL&#8217;apparecchio acustico TV Set 860 offre un suono cristallino e amplificato per gli utenti con una potenza uditiva ridotta. Garantisce il piacere dell&#8217;ascolto con funzioni intuitive come i profili uditivi preimpostati, la migliore intelligibilit\u00e0 del parlato e il controllo del volume per l&#8217;orecchio destro e sinistro. Il Set 860 pu\u00f2 essere collegato senza sforzo ed \u00e8 molto facile da usare.<\/p>\n<p>\t\u00a0<\/p>\n","protected":false},"featured_media":4586,"template":"","meta":{"inline_featured_image":false,"_uag_custom_page_level_css":"","site-sidebar-layout":"default","site-content-layout":"","ast-site-content-layout":"default","site-content-style":"default","site-sidebar-style":"default","ast-global-header-display":"","ast-banner-title-visibility":"","ast-main-header-display":"","ast-hfb-above-header-display":"","ast-hfb-below-header-display":"","ast-hfb-mobile-header-display":"","site-post-title":"","ast-breadcrumbs-content":"","ast-featured-img":"","footer-sml-layout":"","ast-disable-related-posts":"","theme-transparent-header-meta":"","adv-header-id-meta":"","stick-header-meta":"","header-above-stick-meta":"","header-main-stick-meta":"","header-below-stick-meta":"","astra-migrate-meta-layouts":"default","ast-page-background-enabled":"default","ast-page-background-meta":{"desktop":{"background-color":"","background-image":"","background-repeat":"repeat","background-position":"center center","background-size":"auto","background-attachment":"scroll","background-type":"","background-media":"","overlay-type":"","overlay-color":"","overlay-opacity":"","overlay-gradient":""},"tablet":{"background-color":"","background-image":"","background-repeat":"repeat","background-position":"center center","background-size":"auto","background-attachment":"scroll","background-type":"","background-media":"","overlay-type":"","overlay-color":"","overlay-opacity":"","overlay-gradient":""},"mobile":{"background-color":"","background-image":"","background-repeat":"repeat","background-position":"center center","background-size":"auto","background-attachment":"scroll","background-type":"","background-media":"","overlay-type":"","overlay-color":"","overlay-opacity":"","overlay-gradient":""}},"ast-content-background-meta":{"desktop":{"background-color":"var(--ast-global-color-5)","background-image":"","background-repeat":"repeat","background-position":"center center","background-size":"auto","background-attachment":"scroll","background-type":"","background-media":"","overlay-type":"","overlay-color":"","overlay-opacity":"","overlay-gradient":""},"tablet":{"background-color":"var(--ast-global-color-5)","background-image":"","background-repeat":"repeat","background-position":"center center","background-size":"auto","background-attachment":"scroll","background-type":"","background-media":"","overlay-type":"","overlay-color":"","overlay-opacity":"","overlay-gradient":""},"mobile":{"background-color":"var(--ast-global-color-5)","background-image":"","background-repeat":"repeat","background-position":"center center","background-size":"auto","background-attachment":"scroll","background-type":"","background-media":"","overlay-type":"","overlay-color":"","overlay-opacity":"","overlay-gradient":""}}},"product_brand":[],"product_cat":[2905],"product_tag":[],"class_list":{"0":"post-4606","1":"product","2":"type-product","3":"status-publish","4":"has-post-thumbnail","6":"product_cat-cuffiette-it","7":"desktop-align-center","8":"tablet-align-center","9":"mobile-align-center","10":"ast-product-gallery-layout-horizontal-slider","11":"ast-product-tabs-layout-accordion","13":"first","14":"instock","15":"taxable","16":"shipping-taxable","17":"purchasable","18":"product-type-simple"},"yoast_head":"<!-- This site is optimized with the Yoast SEO plugin v27.6 - https:\/\/yoast.com\/product\/yoast-seo-wordpress\/ -->\n<title>Cuffie SET 860 Sennheiser im Onlineshop | Gleichcom AG<\/title>\n<meta name=\"description\" content=\"\u2705 L&#039;apparecchio acustico TV Set 860 offre un suono cristallino e amplificato per gli utenti con una potenza uditiva ridotta. Garantisce il piacere dell&#039;ascolto con funzioni intuitive come i profili uditivi preimpostati, la migliore intelligibilit\u00e0 del parlato e il controllo del volume per l&#039;orecchio destro e sinistro. Il Set 860 pu\u00f2 essere collegato senza sforzo ed \u00e8 molto facile da usare.   \u00a0\" \/>\n<meta name=\"robots\" content=\"noindex, follow, max-snippet:-1, max-image-preview:large, max-video-preview:-1\" \/>\n<meta property=\"og:locale\" content=\"it_IT\" \/>\n<meta property=\"og:type\" content=\"article\" \/>\n<meta property=\"og:title\" content=\"Cuffie SET 860 Sennheiser im Onlineshop | Gleichcom AG\" \/>\n<meta property=\"og:description\" content=\"\u2705 L&#039;apparecchio acustico TV Set 860 offre un suono cristallino e amplificato per gli utenti con una potenza uditiva ridotta. Garantisce il piacere dell&#039;ascolto con funzioni intuitive come i profili uditivi preimpostati, la migliore intelligibilit\u00e0 del parlato e il controllo del volume per l&#039;orecchio destro e sinistro. Il Set 860 pu\u00f2 essere collegato senza sforzo ed \u00e8 molto facile da usare.   \u00a0\" \/>\n<meta property=\"og:url\" content=\"https:\/\/www.gleichcom.samuraidev.ch\/it\/shop\/kopfhoerer-set-860-sennheiser\/\" \/>\n<meta property=\"og:site_name\" content=\"Gleichcom AG\" \/>\n<meta property=\"article:publisher\" content=\"https:\/\/www.facebook.com\/profile.php?id=100068749126981\" \/>\n<meta property=\"og:image\" content=\"https:\/\/www.gleichcom.samuraidev.ch\/wp-content\/uploads\/2023\/09\/Sennheiser_Set_860_jpg.jpg\" \/>\n\t<meta property=\"og:image:width\" content=\"500\" \/>\n\t<meta property=\"og:image:height\" content=\"500\" \/>\n\t<meta property=\"og:image:type\" content=\"image\/jpeg\" \/>\n<meta name=\"twitter:card\" content=\"summary_large_image\" \/>\n<script type=\"application\/ld+json\" class=\"yoast-schema-graph\">{\"@context\":\"https:\\\/\\\/schema.org\",\"@graph\":[{\"@type\":\"WebPage\",\"@id\":\"https:\\\/\\\/www.gleichcom.samuraidev.ch\\\/it\\\/shop\\\/kopfhoerer-set-860-sennheiser\\\/\",\"url\":\"https:\\\/\\\/www.gleichcom.samuraidev.ch\\\/it\\\/shop\\\/kopfhoerer-set-860-sennheiser\\\/\",\"name\":\"Cuffie SET 860 Sennheiser im Onlineshop | Gleichcom AG\",\"isPartOf\":{\"@id\":\"https:\\\/\\\/www.gleichcom.samuraidev.ch\\\/it\\\/#website\"},\"primaryImageOfPage\":{\"@id\":\"https:\\\/\\\/www.gleichcom.samuraidev.ch\\\/it\\\/shop\\\/kopfhoerer-set-860-sennheiser\\\/#primaryimage\"},\"image\":{\"@id\":\"https:\\\/\\\/www.gleichcom.samuraidev.ch\\\/it\\\/shop\\\/kopfhoerer-set-860-sennheiser\\\/#primaryimage\"},\"thumbnailUrl\":\"https:\\\/\\\/www.gleichcom.samuraidev.ch\\\/wp-content\\\/uploads\\\/2023\\\/09\\\/Sennheiser_Set_860_jpg.jpg\",\"datePublished\":\"2017-10-23T14:25:53+00:00\",\"description\":\"\u2705 L'apparecchio acustico TV Set 860 offre un suono cristallino e amplificato per gli utenti con una potenza uditiva ridotta. Garantisce il piacere dell'ascolto con funzioni intuitive come i profili uditivi preimpostati, la migliore intelligibilit\u00e0 del parlato e il controllo del volume per l'orecchio destro e sinistro. Il Set 860 pu\u00f2 essere collegato senza sforzo ed \u00e8 molto facile da usare. \u00a0\",\"breadcrumb\":{\"@id\":\"https:\\\/\\\/www.gleichcom.samuraidev.ch\\\/it\\\/shop\\\/kopfhoerer-set-860-sennheiser\\\/#breadcrumb\"},\"inLanguage\":\"it-IT\",\"potentialAction\":[{\"@type\":\"ReadAction\",\"target\":[\"https:\\\/\\\/www.gleichcom.samuraidev.ch\\\/it\\\/shop\\\/kopfhoerer-set-860-sennheiser\\\/\"]}]},{\"@type\":\"ImageObject\",\"inLanguage\":\"it-IT\",\"@id\":\"https:\\\/\\\/www.gleichcom.samuraidev.ch\\\/it\\\/shop\\\/kopfhoerer-set-860-sennheiser\\\/#primaryimage\",\"url\":\"https:\\\/\\\/www.gleichcom.samuraidev.ch\\\/wp-content\\\/uploads\\\/2023\\\/09\\\/Sennheiser_Set_860_jpg.jpg\",\"contentUrl\":\"https:\\\/\\\/www.gleichcom.samuraidev.ch\\\/wp-content\\\/uploads\\\/2023\\\/09\\\/Sennheiser_Set_860_jpg.jpg\",\"width\":500,\"height\":500,\"caption\":\"set 860\"},{\"@type\":\"BreadcrumbList\",\"@id\":\"https:\\\/\\\/www.gleichcom.samuraidev.ch\\\/it\\\/shop\\\/kopfhoerer-set-860-sennheiser\\\/#breadcrumb\",\"itemListElement\":[{\"@type\":\"ListItem\",\"position\":1,\"name\":\"Startseite\",\"item\":\"https:\\\/\\\/www.gleichcom.samuraidev.ch\\\/it\\\/\"},{\"@type\":\"ListItem\",\"position\":2,\"name\":\"Shop\",\"item\":\"https:\\\/\\\/www.gleichcom.samuraidev.ch\\\/it\\\/shop\\\/\"},{\"@type\":\"ListItem\",\"position\":3,\"name\":\"Cuffie SET 860 Sennheiser\"}]},{\"@type\":\"WebSite\",\"@id\":\"https:\\\/\\\/www.gleichcom.samuraidev.ch\\\/it\\\/#website\",\"url\":\"https:\\\/\\\/www.gleichcom.samuraidev.ch\\\/it\\\/\",\"name\":\"Gleichcom AG\",\"description\":\"besser h\u00f6ren. besser sehen. besser leben.\",\"publisher\":{\"@id\":\"https:\\\/\\\/www.gleichcom.samuraidev.ch\\\/it\\\/#organization\"},\"alternateName\":\"Gleichcom\",\"potentialAction\":[{\"@type\":\"SearchAction\",\"target\":{\"@type\":\"EntryPoint\",\"urlTemplate\":\"https:\\\/\\\/www.gleichcom.samuraidev.ch\\\/it\\\/?s={search_term_string}\"},\"query-input\":{\"@type\":\"PropertyValueSpecification\",\"valueRequired\":true,\"valueName\":\"search_term_string\"}}],\"inLanguage\":\"it-IT\"},{\"@type\":\"Organization\",\"@id\":\"https:\\\/\\\/www.gleichcom.samuraidev.ch\\\/it\\\/#organization\",\"name\":\"Gleichcom AG\",\"alternateName\":\"Gleichcom\",\"url\":\"https:\\\/\\\/www.gleichcom.samuraidev.ch\\\/it\\\/\",\"logo\":{\"@type\":\"ImageObject\",\"inLanguage\":\"it-IT\",\"@id\":\"https:\\\/\\\/www.gleichcom.samuraidev.ch\\\/it\\\/#\\\/schema\\\/logo\\\/image\\\/\",\"url\":\"https:\\\/\\\/www.gleichcom.samuraidev.ch\\\/wp-content\\\/uploads\\\/2023\\\/09\\\/gleichcom-ag-logo-quadrat-farbig-mitte@696.png\",\"contentUrl\":\"https:\\\/\\\/www.gleichcom.samuraidev.ch\\\/wp-content\\\/uploads\\\/2023\\\/09\\\/gleichcom-ag-logo-quadrat-farbig-mitte@696.png\",\"width\":437,\"height\":437,\"caption\":\"Gleichcom AG\"},\"image\":{\"@id\":\"https:\\\/\\\/www.gleichcom.samuraidev.ch\\\/it\\\/#\\\/schema\\\/logo\\\/image\\\/\"},\"sameAs\":[\"https:\\\/\\\/www.facebook.com\\\/profile.php?id=100068749126981\"]}]}<\/script>\n<!-- \/ Yoast SEO plugin. -->","yoast_head_json":{"title":"Cuffie SET 860 Sennheiser im Onlineshop | Gleichcom AG","description":"\u2705 L'apparecchio acustico TV Set 860 offre un suono cristallino e amplificato per gli utenti con una potenza uditiva ridotta. Garantisce il piacere dell'ascolto con funzioni intuitive come i profili uditivi preimpostati, la migliore intelligibilit\u00e0 del parlato e il controllo del volume per l'orecchio destro e sinistro. Il Set 860 pu\u00f2 essere collegato senza sforzo ed \u00e8 molto facile da usare.   \u00a0","robots":{"index":"noindex","follow":"follow","max-snippet":"max-snippet:-1","max-image-preview":"max-image-preview:large","max-video-preview":"max-video-preview:-1"},"og_locale":"it_IT","og_type":"article","og_title":"Cuffie SET 860 Sennheiser im Onlineshop | Gleichcom AG","og_description":"\u2705 L'apparecchio acustico TV Set 860 offre un suono cristallino e amplificato per gli utenti con una potenza uditiva ridotta. Garantisce il piacere dell'ascolto con funzioni intuitive come i profili uditivi preimpostati, la migliore intelligibilit\u00e0 del parlato e il controllo del volume per l'orecchio destro e sinistro. Il Set 860 pu\u00f2 essere collegato senza sforzo ed \u00e8 molto facile da usare.   \u00a0","og_url":"https:\/\/www.gleichcom.samuraidev.ch\/it\/shop\/kopfhoerer-set-860-sennheiser\/","og_site_name":"Gleichcom AG","article_publisher":"https:\/\/www.facebook.com\/profile.php?id=100068749126981","og_image":[{"width":500,"height":500,"url":"https:\/\/www.gleichcom.samuraidev.ch\/wp-content\/uploads\/2023\/09\/Sennheiser_Set_860_jpg.jpg","type":"image\/jpeg"}],"twitter_card":"summary_large_image","schema":{"@context":"https:\/\/schema.org","@graph":[{"@type":"WebPage","@id":"https:\/\/www.gleichcom.samuraidev.ch\/it\/shop\/kopfhoerer-set-860-sennheiser\/","url":"https:\/\/www.gleichcom.samuraidev.ch\/it\/shop\/kopfhoerer-set-860-sennheiser\/","name":"Cuffie SET 860 Sennheiser im Onlineshop | Gleichcom AG","isPartOf":{"@id":"https:\/\/www.gleichcom.samuraidev.ch\/it\/#website"},"primaryImageOfPage":{"@id":"https:\/\/www.gleichcom.samuraidev.ch\/it\/shop\/kopfhoerer-set-860-sennheiser\/#primaryimage"},"image":{"@id":"https:\/\/www.gleichcom.samuraidev.ch\/it\/shop\/kopfhoerer-set-860-sennheiser\/#primaryimage"},"thumbnailUrl":"https:\/\/www.gleichcom.samuraidev.ch\/wp-content\/uploads\/2023\/09\/Sennheiser_Set_860_jpg.jpg","datePublished":"2017-10-23T14:25:53+00:00","description":"\u2705 L'apparecchio acustico TV Set 860 offre un suono cristallino e amplificato per gli utenti con una potenza uditiva ridotta. Garantisce il piacere dell'ascolto con funzioni intuitive come i profili uditivi preimpostati, la migliore intelligibilit\u00e0 del parlato e il controllo del volume per l'orecchio destro e sinistro. Il Set 860 pu\u00f2 essere collegato senza sforzo ed \u00e8 molto facile da usare. \u00a0","breadcrumb":{"@id":"https:\/\/www.gleichcom.samuraidev.ch\/it\/shop\/kopfhoerer-set-860-sennheiser\/#breadcrumb"},"inLanguage":"it-IT","potentialAction":[{"@type":"ReadAction","target":["https:\/\/www.gleichcom.samuraidev.ch\/it\/shop\/kopfhoerer-set-860-sennheiser\/"]}]},{"@type":"ImageObject","inLanguage":"it-IT","@id":"https:\/\/www.gleichcom.samuraidev.ch\/it\/shop\/kopfhoerer-set-860-sennheiser\/#primaryimage","url":"https:\/\/www.gleichcom.samuraidev.ch\/wp-content\/uploads\/2023\/09\/Sennheiser_Set_860_jpg.jpg","contentUrl":"https:\/\/www.gleichcom.samuraidev.ch\/wp-content\/uploads\/2023\/09\/Sennheiser_Set_860_jpg.jpg","width":500,"height":500,"caption":"set 860"},{"@type":"BreadcrumbList","@id":"https:\/\/www.gleichcom.samuraidev.ch\/it\/shop\/kopfhoerer-set-860-sennheiser\/#breadcrumb","itemListElement":[{"@type":"ListItem","position":1,"name":"Startseite","item":"https:\/\/www.gleichcom.samuraidev.ch\/it\/"},{"@type":"ListItem","position":2,"name":"Shop","item":"https:\/\/www.gleichcom.samuraidev.ch\/it\/shop\/"},{"@type":"ListItem","position":3,"name":"Cuffie SET 860 Sennheiser"}]},{"@type":"WebSite","@id":"https:\/\/www.gleichcom.samuraidev.ch\/it\/#website","url":"https:\/\/www.gleichcom.samuraidev.ch\/it\/","name":"Gleichcom AG","description":"besser h\u00f6ren. besser sehen. besser leben.","publisher":{"@id":"https:\/\/www.gleichcom.samuraidev.ch\/it\/#organization"},"alternateName":"Gleichcom","potentialAction":[{"@type":"SearchAction","target":{"@type":"EntryPoint","urlTemplate":"https:\/\/www.gleichcom.samuraidev.ch\/it\/?s={search_term_string}"},"query-input":{"@type":"PropertyValueSpecification","valueRequired":true,"valueName":"search_term_string"}}],"inLanguage":"it-IT"},{"@type":"Organization","@id":"https:\/\/www.gleichcom.samuraidev.ch\/it\/#organization","name":"Gleichcom AG","alternateName":"Gleichcom","url":"https:\/\/www.gleichcom.samuraidev.ch\/it\/","logo":{"@type":"ImageObject","inLanguage":"it-IT","@id":"https:\/\/www.gleichcom.samuraidev.ch\/it\/#\/schema\/logo\/image\/","url":"https:\/\/www.gleichcom.samuraidev.ch\/wp-content\/uploads\/2023\/09\/gleichcom-ag-logo-quadrat-farbig-mitte@696.png","contentUrl":"https:\/\/www.gleichcom.samuraidev.ch\/wp-content\/uploads\/2023\/09\/gleichcom-ag-logo-quadrat-farbig-mitte@696.png","width":437,"height":437,"caption":"Gleichcom AG"},"image":{"@id":"https:\/\/www.gleichcom.samuraidev.ch\/it\/#\/schema\/logo\/image\/"},"sameAs":["https:\/\/www.facebook.com\/profile.php?id=100068749126981"]}]}},"uagb_featured_image_src":{"full":["https:\/\/www.gleichcom.samuraidev.ch\/wp-content\/uploads\/2023\/09\/Sennheiser_Set_860_jpg.jpg",500,500,false],"thumbnail":["https:\/\/www.gleichcom.samuraidev.ch\/wp-content\/uploads\/2023\/09\/Sennheiser_Set_860_jpg.jpg",150,150,false],"medium":["https:\/\/www.gleichcom.samuraidev.ch\/wp-content\/uploads\/2023\/09\/Sennheiser_Set_860_jpg.jpg",300,300,false],"medium_large":["https:\/\/www.gleichcom.samuraidev.ch\/wp-content\/uploads\/2023\/09\/Sennheiser_Set_860_jpg.jpg",500,500,false],"large":["https:\/\/www.gleichcom.samuraidev.ch\/wp-content\/uploads\/2023\/09\/Sennheiser_Set_860_jpg.jpg",500,500,false],"1536x1536":["https:\/\/www.gleichcom.samuraidev.ch\/wp-content\/uploads\/2023\/09\/Sennheiser_Set_860_jpg.jpg",500,500,false],"2048x2048":["https:\/\/www.gleichcom.samuraidev.ch\/wp-content\/uploads\/2023\/09\/Sennheiser_Set_860_jpg.jpg",500,500,false],"woocommerce_thumbnail":["https:\/\/www.gleichcom.samuraidev.ch\/wp-content\/uploads\/2023\/09\/Sennheiser_Set_860_jpg.jpg",300,300,false],"woocommerce_single":["https:\/\/www.gleichcom.samuraidev.ch\/wp-content\/uploads\/2023\/09\/Sennheiser_Set_860_jpg.jpg",500,500,false],"woocommerce_gallery_thumbnail":["https:\/\/www.gleichcom.samuraidev.ch\/wp-content\/uploads\/2023\/09\/Sennheiser_Set_860_jpg.jpg",100,100,false]},"uagb_author_info":{"display_name":"","author_link":"https:\/\/www.gleichcom.samuraidev.ch\/it\/author\/"},"uagb_comment_info":0,"uagb_excerpt":"L'apparecchio acustico TV Set 860 offre un suono cristallino e amplificato per gli utenti con una potenza uditiva ridotta. Garantisce il piacere dell'ascolto con funzioni intuitive come i profili uditivi preimpostati, la migliore intelligibilit\u00e0 del parlato e il controllo del volume per l'orecchio destro e sinistro. Il Set 860 pu\u00f2 essere collegato senza sforzo ed&hellip;","_links":{"self":[{"href":"https:\/\/www.gleichcom.samuraidev.ch\/it\/wp-json\/wp\/v2\/product\/4606","targetHints":{"allow":["GET"]}}],"collection":[{"href":"https:\/\/www.gleichcom.samuraidev.ch\/it\/wp-json\/wp\/v2\/product"}],"about":[{"href":"https:\/\/www.gleichcom.samuraidev.ch\/it\/wp-json\/wp\/v2\/types\/product"}],"wp:featuredmedia":[{"embeddable":true,"href":"https:\/\/www.gleichcom.samuraidev.ch\/it\/wp-json\/wp\/v2\/media\/4586"}],"wp:attachment":[{"href":"https:\/\/www.gleichcom.samuraidev.ch\/it\/wp-json\/wp\/v2\/media?parent=4606"}],"wp:term":[{"taxonomy":"product_brand","embeddable":true,"href":"https:\/\/www.gleichcom.samuraidev.ch\/it\/wp-json\/wp\/v2\/product_brand?post=4606"},{"taxonomy":"product_cat","embeddable":true,"href":"https:\/\/www.gleichcom.samuraidev.ch\/it\/wp-json\/wp\/v2\/product_cat?post=4606"},{"taxonomy":"product_tag","embeddable":true,"href":"https:\/\/www.gleichcom.samuraidev.ch\/it\/wp-json\/wp\/v2\/product_tag?post=4606"}],"curies":[{"name":"wp","href":"https:\/\/api.w.org\/{rel}","templated":true}]}}