{"id":6430,"date":"2018-10-01T11:52:56","date_gmt":"2018-10-01T09:52:56","guid":{"rendered":"https:\/\/www.gleichcom.samuraidev.ch\/?product=taschenleuchtlupe-mobilux-led-35mm-12-5-fache-vergroesserung-eschenbach"},"modified":"1000-01-01T00:00:00","modified_gmt":"1000-01-01T00:00:00","slug":"taschenleuchtlupe-mobilux-led-35mm-12-5-fache-vergroesserung-eschenbach","status":"publish","type":"product","link":"https:\/\/www.gleichcom.samuraidev.ch\/it\/shop\/taschenleuchtlupe-mobilux-led-35mm-12-5-fache-vergroesserung-eschenbach\/","title":{"rendered":"Lente d&#8217;ingrandimento Mobilux LED 35mm, 12,5 x Eschenbach"},"content":{"rendered":"<p><span style=\"font-size:16px;\"><strong>Lente d&#8217;ingrandimento Mobilux LED 35mm, 12,5 x Eschenbach<\/strong><\/span><br \/>\n\u00a0<br \/>\nLe lenti per torcia a LED mobilux sono particolarmente pratiche per la lettura di caratteri piccoli, ad es. nell&#8217;elenco telefonico o sui cartellini dei prezzi. Sono relativamente piccoli e quindi facili da portare ovunque. La lente ad alto comfort visivo \u00e8 realizzata in vetro antigraffio. L&#8217;illuminazione pu\u00f2 essere accesa tramite l&#8217;ampio e facile da azionare ed \u00e8 costantemente illuminata per l&#8217;intera durata della batteria. La lente viene fornita in una pratica valigetta, che viene semplicemente infilata sopra la lente e la protegge efficacemente da polvere e sporcizia.<br \/>\n\u00a0<br \/>\n<strong>Caratteristiche del prodotto<\/strong><br \/>\n&#8211; Lente asferica PXM\u00ae light lens cera-tec\u00ae rivestita per immagini nitide e prive di distorsioni.<br \/>\n&#8211; Facile sostituzione della batteria<br \/>\n&#8211; Miglioramento del comfort con l&#8217;occhiello del cordino<br \/>\n&#8211; La temperatura di colore pi\u00f9 adatta pu\u00f2 essere preimpostata utilizzando i 2 filtri in dotazione.<br \/>\n&#8211; NOVIT\u00c0: un terzo filtro trasparente, collegabile, permette di raggruppare la luce e di aumentare l&#8217;intensit\u00e0 luminosa fino al 40%.<br \/>\n&#8211; Nessun cambio lampada richiesto<br \/>\n&#8211; L&#8217;illuminazione a LED utilizzata da Eschenbach Optik ha una durata di circa 50.000 ore.<br \/>\n&#8211; Durata della batteria fino a 10 volte superiore a quella di una sorgente luminosa convenzionale<br \/>\n&#8211; Controllo della tensione tramite convertitore step-up, quindi illuminazione costante anche in caso di caduta di tensione a causa del basso livello di carica della batteria<br \/>\n&#8211; Con mobiluxLED la luminosit\u00e0 pu\u00f2 essere progettata individualmente<br \/>\n&#8211; Disponibile in versione tonda o quadrata<br \/>\n\u00a0<br \/>\n\u00a0<\/p>\n<table border=\"0\" cellpadding=\"0\" cellspacing=\"0\">\n<tbody>\n<tr>\n<td nowrap=\"nowrap\"><strong>Art.-N\u00b0.<\/strong><\/td>\n<td nowrap=\"nowrap\"><strong>Dimensioni<\/strong><\/td>\n<td nowrap=\"nowrap\"><strong>Ingrandimento<\/strong><\/td>\n<td nowrap=\"nowrap\"><strong>Diottra<\/strong><\/td>\n<td nowrap=\"nowrap\"><strong>ulteriori caratteristiche<\/strong><\/td>\n<\/tr>\n<tr>\n<td>15112<\/td>\n<td>\u00f8 60 mm<\/td>\n<td>3,0x<\/td>\n<td>12,0<\/td>\n<td>\u00a0<\/td>\n<\/tr>\n<tr>\n<td>15113<\/td>\n<td>75 x 50 mm<\/td>\n<td>3,5x<\/td>\n<td>10,0<\/td>\n<td>3,5x = Ingrandimento commerciale<\/td>\n<\/tr>\n<tr>\n<td>15114<\/td>\n<td>75 x 50 mm<\/td>\n<td>4,0x<\/td>\n<td>16,0<\/td>\n<td>Lente diffrattivo-asferica, senza rivestimento cera-tec\u00ae\u00a0<\/td>\n<\/tr>\n<tr>\n<td>151141<\/td>\n<td>\u00f8 60 mm<\/td>\n<td>4,0x<\/td>\n<td>16,0<\/td>\n<td>\u00a0<\/td>\n<\/tr>\n<tr>\n<td>15115<\/td>\n<td>\u00f8 58 mm<\/td>\n<td>5,0x<\/td>\n<td>20,0<\/td>\n<td>\u00a0<\/td>\n<\/tr>\n<tr>\n<td>15116<\/td>\n<td>\u00f8 58 mm<\/td>\n<td>6,0x<\/td>\n<td>24,0<\/td>\n<td>\u00a0<\/td>\n<\/tr>\n<tr>\n<td>15117<\/td>\n<td>\u00f8 35 mm<\/td>\n<td>7,0x<\/td>\n<td>28,0<\/td>\n<td>\u00a0<\/td>\n<\/tr>\n<tr>\n<td>151110<\/td>\n<td>\u00f8 35 mm<\/td>\n<td>10,0x<\/td>\n<td>38,0<\/td>\n<td>\u00a0<\/td>\n<\/tr>\n<tr>\n<td>151112<\/td>\n<td>\u00f8 35 mm<\/td>\n<td>12,5x<\/td>\n<td>50,0<\/td>\n<td>\u200b<\/td>\n<\/tr>\n<\/tbody>\n<\/table>\n<p>\u00a0<br \/>\n<strong>Dotazione di fornitura<\/strong><br \/>\n&#8211; 1 x Mobilux torcia elettrica Mobilux LED lente d&#8217;ingrandimento<br \/>\n&#8211; 2 x 1,5 volt AA batteria AA<br \/>\n&#8211; 1 x filtro luce<br \/>\n&#8211; 1 x caso<br \/>\n&#8211; 1 x Istruzioni per l&#8217;uso dettagliate<br \/>\n\u00a0<br \/>\n<strong>Nuovi accessori non compresi nella fornitura<\/strong><br \/>\n&#8211; Supporto Mobase per mobiluxLED Numero d&#8217;ordine 1511001,-2,-3,-3,-4<\/p>\n","protected":false},"excerpt":{"rendered":"<p>\tLente di ingrandimento per torcia elettrica con illuminazione a LED extra-luminosa. Piccolo e maneggevole, particolarmente pratico per la lettura di caratteri piccoli.<\/p>\n","protected":false},"featured_media":6425,"template":"","meta":{"inline_featured_image":false,"_uag_custom_page_level_css":"","site-sidebar-layout":"default","site-content-layout":"","ast-site-content-layout":"default","site-content-style":"default","site-sidebar-style":"default","ast-global-header-display":"","ast-banner-title-visibility":"","ast-main-header-display":"","ast-hfb-above-header-display":"","ast-hfb-below-header-display":"","ast-hfb-mobile-header-display":"","site-post-title":"","ast-breadcrumbs-content":"","ast-featured-img":"","footer-sml-layout":"","ast-disable-related-posts":"","theme-transparent-header-meta":"","adv-header-id-meta":"","stick-header-meta":"","header-above-stick-meta":"","header-main-stick-meta":"","header-below-stick-meta":"","astra-migrate-meta-layouts":"default","ast-page-background-enabled":"default","ast-page-background-meta":{"desktop":{"background-color":"","background-image":"","background-repeat":"repeat","background-position":"center center","background-size":"auto","background-attachment":"scroll","background-type":"","background-media":"","overlay-type":"","overlay-color":"","overlay-opacity":"","overlay-gradient":""},"tablet":{"background-color":"","background-image":"","background-repeat":"repeat","background-position":"center center","background-size":"auto","background-attachment":"scroll","background-type":"","background-media":"","overlay-type":"","overlay-color":"","overlay-opacity":"","overlay-gradient":""},"mobile":{"background-color":"","background-image":"","background-repeat":"repeat","background-position":"center center","background-size":"auto","background-attachment":"scroll","background-type":"","background-media":"","overlay-type":"","overlay-color":"","overlay-opacity":"","overlay-gradient":""}},"ast-content-background-meta":{"desktop":{"background-color":"var(--ast-global-color-5)","background-image":"","background-repeat":"repeat","background-position":"center center","background-size":"auto","background-attachment":"scroll","background-type":"","background-media":"","overlay-type":"","overlay-color":"","overlay-opacity":"","overlay-gradient":""},"tablet":{"background-color":"var(--ast-global-color-5)","background-image":"","background-repeat":"repeat","background-position":"center center","background-size":"auto","background-attachment":"scroll","background-type":"","background-media":"","overlay-type":"","overlay-color":"","overlay-opacity":"","overlay-gradient":""},"mobile":{"background-color":"var(--ast-global-color-5)","background-image":"","background-repeat":"repeat","background-position":"center center","background-size":"auto","background-attachment":"scroll","background-type":"","background-media":"","overlay-type":"","overlay-color":"","overlay-opacity":"","overlay-gradient":""}}},"product_brand":[],"product_cat":[1776],"product_tag":[],"class_list":{"0":"post-6430","1":"product","2":"type-product","3":"status-publish","4":"has-post-thumbnail","6":"product_cat-unkategorisiert","7":"desktop-align-center","8":"tablet-align-center","9":"mobile-align-center","10":"ast-product-gallery-layout-horizontal-slider","11":"ast-product-tabs-layout-accordion","13":"first","14":"instock","15":"taxable","16":"shipping-taxable","17":"purchasable","18":"product-type-simple"},"yoast_head":"<!-- This site is optimized with the Yoast SEO plugin v27.5 - https:\/\/yoast.com\/product\/yoast-seo-wordpress\/ -->\n<title>Lente d&#039;ingrandimento Mobilux LED 35mm, 12,5 x Eschenbach im Onlineshop | Gleichcom AG<\/title>\n<meta name=\"description\" content=\"\u2705 Lente di ingrandimento per torcia elettrica con illuminazione a LED extra-luminosa. Piccolo e maneggevole, particolarmente pratico per la lettura di caratteri piccoli.\" \/>\n<meta name=\"robots\" content=\"noindex, follow, max-snippet:-1, max-image-preview:large, max-video-preview:-1\" \/>\n<meta property=\"og:locale\" content=\"it_IT\" \/>\n<meta property=\"og:type\" content=\"article\" \/>\n<meta property=\"og:title\" content=\"Lente d&#039;ingrandimento Mobilux LED 35mm, 12,5 x Eschenbach im Onlineshop | Gleichcom AG\" \/>\n<meta property=\"og:description\" content=\"\u2705 Lente di ingrandimento per torcia elettrica con illuminazione a LED extra-luminosa. Piccolo e maneggevole, particolarmente pratico per la lettura di caratteri piccoli.\" \/>\n<meta property=\"og:url\" content=\"https:\/\/www.gleichcom.samuraidev.ch\/it\/shop\/taschenleuchtlupe-mobilux-led-35mm-12-5-fache-vergroesserung-eschenbach\/\" \/>\n<meta property=\"og:site_name\" content=\"Gleichcom AG\" \/>\n<meta property=\"article:publisher\" content=\"https:\/\/www.facebook.com\/profile.php?id=100068749126981\" \/>\n<meta property=\"og:image\" content=\"https:\/\/www.gleichcom.samuraidev.ch\/wp-content\/uploads\/2023\/09\/151110_7.010.012.0x35mm.jpg\" \/>\n\t<meta property=\"og:image:width\" content=\"500\" \/>\n\t<meta property=\"og:image:height\" content=\"180\" \/>\n\t<meta property=\"og:image:type\" content=\"image\/jpeg\" \/>\n<meta name=\"twitter:card\" content=\"summary_large_image\" \/>\n<script type=\"application\/ld+json\" class=\"yoast-schema-graph\">{\"@context\":\"https:\\\/\\\/schema.org\",\"@graph\":[{\"@type\":\"WebPage\",\"@id\":\"https:\\\/\\\/www.gleichcom.samuraidev.ch\\\/it\\\/shop\\\/taschenleuchtlupe-mobilux-led-35mm-12-5-fache-vergroesserung-eschenbach\\\/\",\"url\":\"https:\\\/\\\/www.gleichcom.samuraidev.ch\\\/it\\\/shop\\\/taschenleuchtlupe-mobilux-led-35mm-12-5-fache-vergroesserung-eschenbach\\\/\",\"name\":\"Lente d'ingrandimento Mobilux LED 35mm, 12,5 x Eschenbach im Onlineshop | Gleichcom AG\",\"isPartOf\":{\"@id\":\"https:\\\/\\\/www.gleichcom.samuraidev.ch\\\/it\\\/#website\"},\"primaryImageOfPage\":{\"@id\":\"https:\\\/\\\/www.gleichcom.samuraidev.ch\\\/it\\\/shop\\\/taschenleuchtlupe-mobilux-led-35mm-12-5-fache-vergroesserung-eschenbach\\\/#primaryimage\"},\"image\":{\"@id\":\"https:\\\/\\\/www.gleichcom.samuraidev.ch\\\/it\\\/shop\\\/taschenleuchtlupe-mobilux-led-35mm-12-5-fache-vergroesserung-eschenbach\\\/#primaryimage\"},\"thumbnailUrl\":\"https:\\\/\\\/www.gleichcom.samuraidev.ch\\\/wp-content\\\/uploads\\\/2023\\\/09\\\/151110_7.010.012.0x35mm.jpg\",\"datePublished\":\"2018-10-01T09:52:56+00:00\",\"description\":\"\u2705 Lente di ingrandimento per torcia elettrica con illuminazione a LED extra-luminosa. Piccolo e maneggevole, particolarmente pratico per la lettura di caratteri piccoli.\",\"breadcrumb\":{\"@id\":\"https:\\\/\\\/www.gleichcom.samuraidev.ch\\\/it\\\/shop\\\/taschenleuchtlupe-mobilux-led-35mm-12-5-fache-vergroesserung-eschenbach\\\/#breadcrumb\"},\"inLanguage\":\"it-IT\",\"potentialAction\":[{\"@type\":\"ReadAction\",\"target\":[\"https:\\\/\\\/www.gleichcom.samuraidev.ch\\\/it\\\/shop\\\/taschenleuchtlupe-mobilux-led-35mm-12-5-fache-vergroesserung-eschenbach\\\/\"]}]},{\"@type\":\"ImageObject\",\"inLanguage\":\"it-IT\",\"@id\":\"https:\\\/\\\/www.gleichcom.samuraidev.ch\\\/it\\\/shop\\\/taschenleuchtlupe-mobilux-led-35mm-12-5-fache-vergroesserung-eschenbach\\\/#primaryimage\",\"url\":\"https:\\\/\\\/www.gleichcom.samuraidev.ch\\\/wp-content\\\/uploads\\\/2023\\\/09\\\/151110_7.010.012.0x35mm.jpg\",\"contentUrl\":\"https:\\\/\\\/www.gleichcom.samuraidev.ch\\\/wp-content\\\/uploads\\\/2023\\\/09\\\/151110_7.010.012.0x35mm.jpg\",\"width\":500,\"height\":180},{\"@type\":\"BreadcrumbList\",\"@id\":\"https:\\\/\\\/www.gleichcom.samuraidev.ch\\\/it\\\/shop\\\/taschenleuchtlupe-mobilux-led-35mm-12-5-fache-vergroesserung-eschenbach\\\/#breadcrumb\",\"itemListElement\":[{\"@type\":\"ListItem\",\"position\":1,\"name\":\"Startseite\",\"item\":\"https:\\\/\\\/www.gleichcom.samuraidev.ch\\\/it\\\/\"},{\"@type\":\"ListItem\",\"position\":2,\"name\":\"Shop\",\"item\":\"https:\\\/\\\/www.gleichcom.samuraidev.ch\\\/it\\\/shop\\\/\"},{\"@type\":\"ListItem\",\"position\":3,\"name\":\"Lente d&#8217;ingrandimento Mobilux LED 35mm, 12,5 x Eschenbach\"}]},{\"@type\":\"WebSite\",\"@id\":\"https:\\\/\\\/www.gleichcom.samuraidev.ch\\\/it\\\/#website\",\"url\":\"https:\\\/\\\/www.gleichcom.samuraidev.ch\\\/it\\\/\",\"name\":\"Gleichcom AG\",\"description\":\"besser h\u00f6ren. besser sehen. besser leben.\",\"publisher\":{\"@id\":\"https:\\\/\\\/www.gleichcom.samuraidev.ch\\\/it\\\/#organization\"},\"alternateName\":\"Gleichcom\",\"potentialAction\":[{\"@type\":\"SearchAction\",\"target\":{\"@type\":\"EntryPoint\",\"urlTemplate\":\"https:\\\/\\\/www.gleichcom.samuraidev.ch\\\/it\\\/?s={search_term_string}\"},\"query-input\":{\"@type\":\"PropertyValueSpecification\",\"valueRequired\":true,\"valueName\":\"search_term_string\"}}],\"inLanguage\":\"it-IT\"},{\"@type\":\"Organization\",\"@id\":\"https:\\\/\\\/www.gleichcom.samuraidev.ch\\\/it\\\/#organization\",\"name\":\"Gleichcom AG\",\"alternateName\":\"Gleichcom\",\"url\":\"https:\\\/\\\/www.gleichcom.samuraidev.ch\\\/it\\\/\",\"logo\":{\"@type\":\"ImageObject\",\"inLanguage\":\"it-IT\",\"@id\":\"https:\\\/\\\/www.gleichcom.samuraidev.ch\\\/it\\\/#\\\/schema\\\/logo\\\/image\\\/\",\"url\":\"https:\\\/\\\/www.gleichcom.samuraidev.ch\\\/wp-content\\\/uploads\\\/2023\\\/09\\\/gleichcom-ag-logo-quadrat-farbig-mitte@696.png\",\"contentUrl\":\"https:\\\/\\\/www.gleichcom.samuraidev.ch\\\/wp-content\\\/uploads\\\/2023\\\/09\\\/gleichcom-ag-logo-quadrat-farbig-mitte@696.png\",\"width\":437,\"height\":437,\"caption\":\"Gleichcom AG\"},\"image\":{\"@id\":\"https:\\\/\\\/www.gleichcom.samuraidev.ch\\\/it\\\/#\\\/schema\\\/logo\\\/image\\\/\"},\"sameAs\":[\"https:\\\/\\\/www.facebook.com\\\/profile.php?id=100068749126981\"]}]}<\/script>\n<!-- \/ Yoast SEO plugin. -->","yoast_head_json":{"title":"Lente d'ingrandimento Mobilux LED 35mm, 12,5 x Eschenbach im Onlineshop | Gleichcom AG","description":"\u2705 Lente di ingrandimento per torcia elettrica con illuminazione a LED extra-luminosa. Piccolo e maneggevole, particolarmente pratico per la lettura di caratteri piccoli.","robots":{"index":"noindex","follow":"follow","max-snippet":"max-snippet:-1","max-image-preview":"max-image-preview:large","max-video-preview":"max-video-preview:-1"},"og_locale":"it_IT","og_type":"article","og_title":"Lente d'ingrandimento Mobilux LED 35mm, 12,5 x Eschenbach im Onlineshop | Gleichcom AG","og_description":"\u2705 Lente di ingrandimento per torcia elettrica con illuminazione a LED extra-luminosa. Piccolo e maneggevole, particolarmente pratico per la lettura di caratteri piccoli.","og_url":"https:\/\/www.gleichcom.samuraidev.ch\/it\/shop\/taschenleuchtlupe-mobilux-led-35mm-12-5-fache-vergroesserung-eschenbach\/","og_site_name":"Gleichcom AG","article_publisher":"https:\/\/www.facebook.com\/profile.php?id=100068749126981","og_image":[{"width":500,"height":180,"url":"https:\/\/www.gleichcom.samuraidev.ch\/wp-content\/uploads\/2023\/09\/151110_7.010.012.0x35mm.jpg","type":"image\/jpeg"}],"twitter_card":"summary_large_image","schema":{"@context":"https:\/\/schema.org","@graph":[{"@type":"WebPage","@id":"https:\/\/www.gleichcom.samuraidev.ch\/it\/shop\/taschenleuchtlupe-mobilux-led-35mm-12-5-fache-vergroesserung-eschenbach\/","url":"https:\/\/www.gleichcom.samuraidev.ch\/it\/shop\/taschenleuchtlupe-mobilux-led-35mm-12-5-fache-vergroesserung-eschenbach\/","name":"Lente d'ingrandimento Mobilux LED 35mm, 12,5 x Eschenbach im Onlineshop | Gleichcom AG","isPartOf":{"@id":"https:\/\/www.gleichcom.samuraidev.ch\/it\/#website"},"primaryImageOfPage":{"@id":"https:\/\/www.gleichcom.samuraidev.ch\/it\/shop\/taschenleuchtlupe-mobilux-led-35mm-12-5-fache-vergroesserung-eschenbach\/#primaryimage"},"image":{"@id":"https:\/\/www.gleichcom.samuraidev.ch\/it\/shop\/taschenleuchtlupe-mobilux-led-35mm-12-5-fache-vergroesserung-eschenbach\/#primaryimage"},"thumbnailUrl":"https:\/\/www.gleichcom.samuraidev.ch\/wp-content\/uploads\/2023\/09\/151110_7.010.012.0x35mm.jpg","datePublished":"2018-10-01T09:52:56+00:00","description":"\u2705 Lente di ingrandimento per torcia elettrica con illuminazione a LED extra-luminosa. Piccolo e maneggevole, particolarmente pratico per la lettura di caratteri piccoli.","breadcrumb":{"@id":"https:\/\/www.gleichcom.samuraidev.ch\/it\/shop\/taschenleuchtlupe-mobilux-led-35mm-12-5-fache-vergroesserung-eschenbach\/#breadcrumb"},"inLanguage":"it-IT","potentialAction":[{"@type":"ReadAction","target":["https:\/\/www.gleichcom.samuraidev.ch\/it\/shop\/taschenleuchtlupe-mobilux-led-35mm-12-5-fache-vergroesserung-eschenbach\/"]}]},{"@type":"ImageObject","inLanguage":"it-IT","@id":"https:\/\/www.gleichcom.samuraidev.ch\/it\/shop\/taschenleuchtlupe-mobilux-led-35mm-12-5-fache-vergroesserung-eschenbach\/#primaryimage","url":"https:\/\/www.gleichcom.samuraidev.ch\/wp-content\/uploads\/2023\/09\/151110_7.010.012.0x35mm.jpg","contentUrl":"https:\/\/www.gleichcom.samuraidev.ch\/wp-content\/uploads\/2023\/09\/151110_7.010.012.0x35mm.jpg","width":500,"height":180},{"@type":"BreadcrumbList","@id":"https:\/\/www.gleichcom.samuraidev.ch\/it\/shop\/taschenleuchtlupe-mobilux-led-35mm-12-5-fache-vergroesserung-eschenbach\/#breadcrumb","itemListElement":[{"@type":"ListItem","position":1,"name":"Startseite","item":"https:\/\/www.gleichcom.samuraidev.ch\/it\/"},{"@type":"ListItem","position":2,"name":"Shop","item":"https:\/\/www.gleichcom.samuraidev.ch\/it\/shop\/"},{"@type":"ListItem","position":3,"name":"Lente d&#8217;ingrandimento Mobilux LED 35mm, 12,5 x Eschenbach"}]},{"@type":"WebSite","@id":"https:\/\/www.gleichcom.samuraidev.ch\/it\/#website","url":"https:\/\/www.gleichcom.samuraidev.ch\/it\/","name":"Gleichcom AG","description":"besser h\u00f6ren. besser sehen. besser leben.","publisher":{"@id":"https:\/\/www.gleichcom.samuraidev.ch\/it\/#organization"},"alternateName":"Gleichcom","potentialAction":[{"@type":"SearchAction","target":{"@type":"EntryPoint","urlTemplate":"https:\/\/www.gleichcom.samuraidev.ch\/it\/?s={search_term_string}"},"query-input":{"@type":"PropertyValueSpecification","valueRequired":true,"valueName":"search_term_string"}}],"inLanguage":"it-IT"},{"@type":"Organization","@id":"https:\/\/www.gleichcom.samuraidev.ch\/it\/#organization","name":"Gleichcom AG","alternateName":"Gleichcom","url":"https:\/\/www.gleichcom.samuraidev.ch\/it\/","logo":{"@type":"ImageObject","inLanguage":"it-IT","@id":"https:\/\/www.gleichcom.samuraidev.ch\/it\/#\/schema\/logo\/image\/","url":"https:\/\/www.gleichcom.samuraidev.ch\/wp-content\/uploads\/2023\/09\/gleichcom-ag-logo-quadrat-farbig-mitte@696.png","contentUrl":"https:\/\/www.gleichcom.samuraidev.ch\/wp-content\/uploads\/2023\/09\/gleichcom-ag-logo-quadrat-farbig-mitte@696.png","width":437,"height":437,"caption":"Gleichcom AG"},"image":{"@id":"https:\/\/www.gleichcom.samuraidev.ch\/it\/#\/schema\/logo\/image\/"},"sameAs":["https:\/\/www.facebook.com\/profile.php?id=100068749126981"]}]}},"uagb_featured_image_src":{"full":["https:\/\/www.gleichcom.samuraidev.ch\/wp-content\/uploads\/2023\/09\/151110_7.010.012.0x35mm.jpg",500,180,false],"thumbnail":["https:\/\/www.gleichcom.samuraidev.ch\/wp-content\/uploads\/2023\/09\/151110_7.010.012.0x35mm.jpg",150,54,false],"medium":["https:\/\/www.gleichcom.samuraidev.ch\/wp-content\/uploads\/2023\/09\/151110_7.010.012.0x35mm.jpg",300,108,false],"medium_large":["https:\/\/www.gleichcom.samuraidev.ch\/wp-content\/uploads\/2023\/09\/151110_7.010.012.0x35mm.jpg",500,180,false],"large":["https:\/\/www.gleichcom.samuraidev.ch\/wp-content\/uploads\/2023\/09\/151110_7.010.012.0x35mm.jpg",500,180,false],"1536x1536":["https:\/\/www.gleichcom.samuraidev.ch\/wp-content\/uploads\/2023\/09\/151110_7.010.012.0x35mm.jpg",500,180,false],"2048x2048":["https:\/\/www.gleichcom.samuraidev.ch\/wp-content\/uploads\/2023\/09\/151110_7.010.012.0x35mm.jpg",500,180,false],"woocommerce_thumbnail":["https:\/\/www.gleichcom.samuraidev.ch\/wp-content\/uploads\/2023\/09\/151110_7.010.012.0x35mm.jpg",300,108,false],"woocommerce_single":["https:\/\/www.gleichcom.samuraidev.ch\/wp-content\/uploads\/2023\/09\/151110_7.010.012.0x35mm.jpg",500,180,false],"woocommerce_gallery_thumbnail":["https:\/\/www.gleichcom.samuraidev.ch\/wp-content\/uploads\/2023\/09\/151110_7.010.012.0x35mm-100x100.jpg",100,100,true]},"uagb_author_info":{"display_name":"","author_link":"https:\/\/www.gleichcom.samuraidev.ch\/it\/author\/"},"uagb_comment_info":0,"uagb_excerpt":"Lente di ingrandimento per torcia elettrica con illuminazione a LED extra-luminosa. Piccolo e maneggevole, particolarmente pratico per la lettura di caratteri piccoli.","_links":{"self":[{"href":"https:\/\/www.gleichcom.samuraidev.ch\/it\/wp-json\/wp\/v2\/product\/6430","targetHints":{"allow":["GET"]}}],"collection":[{"href":"https:\/\/www.gleichcom.samuraidev.ch\/it\/wp-json\/wp\/v2\/product"}],"about":[{"href":"https:\/\/www.gleichcom.samuraidev.ch\/it\/wp-json\/wp\/v2\/types\/product"}],"wp:featuredmedia":[{"embeddable":true,"href":"https:\/\/www.gleichcom.samuraidev.ch\/it\/wp-json\/wp\/v2\/media\/6425"}],"wp:attachment":[{"href":"https:\/\/www.gleichcom.samuraidev.ch\/it\/wp-json\/wp\/v2\/media?parent=6430"}],"wp:term":[{"taxonomy":"product_brand","embeddable":true,"href":"https:\/\/www.gleichcom.samuraidev.ch\/it\/wp-json\/wp\/v2\/product_brand?post=6430"},{"taxonomy":"product_cat","embeddable":true,"href":"https:\/\/www.gleichcom.samuraidev.ch\/it\/wp-json\/wp\/v2\/product_cat?post=6430"},{"taxonomy":"product_tag","embeddable":true,"href":"https:\/\/www.gleichcom.samuraidev.ch\/it\/wp-json\/wp\/v2\/product_tag?post=6430"}],"curies":[{"name":"wp","href":"https:\/\/api.w.org\/{rel}","templated":true}]}}