{"id":7045,"date":"2018-10-16T21:32:42","date_gmt":"2018-10-16T19:32:42","guid":{"rendered":"https:\/\/www.gleichcom.samuraidev.ch\/?product=sprechende-funk-armbanduhr-herren-metallzugarmband-marschall"},"modified":"1000-01-01T00:00:00","modified_gmt":"1000-01-01T00:00:00","slug":"sprechende-funk-armbanduhr-herren-metallzugarmband-marschall","status":"publish","type":"product","link":"https:\/\/www.gleichcom.samuraidev.ch\/it\/shop\/sprechende-funk-armbanduhr-herren-metallzugarmband-marschall\/","title":{"rendered":"Parlando Radio Orologio da polso da uomo in metallo tirare braccialetto Marschall"},"content":{"rendered":"<p><span style=\"font-size:16px;\"><strong>Parlando Radio Orologio da polso da uomo in metallo tirare braccialetto Marschall<\/strong><\/span><br \/>\n<strong>Uscita vocale disponibile solo in tedesco<\/strong><br \/>\n\u00a0<br \/>\n<strong>Orologio da polso radiocomandato di facile utilizzo con uscita vocale\u00a0<\/strong><br \/>\nQuesto orologio radiocomandato con uscita vocale molto chiara e chiara colpisce per il suo design senza tempo ed \u00e8 il vostro compagno perfetto per la vita di tutti i giorni. Garantisce una leggibilit\u00e0 ottimale e un&#8217;ottima vestibilit\u00e0. Un segnale radio (segnale DCF) assicura che l&#8217;ora corrente e le lancette siano sempre impostate automaticamente.<br \/>\nIl menu di navigazione dell&#8217;orologio da polso \u00e8 molto semplice e completamente guidato dalla voce, in modo che le persone ipovedenti possano effettuare tutte le impostazioni in modo indipendente. Con i quattro pulsanti tattili sulla cassa in metallo, \u00e8 possibile controllare l&#8217;ora o la data in qualsiasi momento.<br \/>\n\u00a0\u00a0<br \/>\n<strong>Robusto alloggiamento in metallo<\/strong><br \/>\nLa cassa metallica completa rende questo orologio da polso radiocomandato particolarmente stabile. Il cinturino in metallo di alta qualit\u00e0 pu\u00f2 essere facilmente infilato sopra il polso e vi offre un elevato comfort.<br \/>\n\u00a0<br \/>\n<strong>Quadrante ad alto contrasto con grandi numeri e lancette<\/strong><br \/>\nI grandi numeri neri sono particolarmente facili da leggere grazie al quadrante bianco ad alto contrasto. Ci sono solo 4 numeri sul quadrante (3, 6, 9 e 12). Le ore rimanenti sono state sostituite da marcature nere. Questo rende il quadrante particolarmente chiaro, in modo da poter leggere l&#8217;ora in modo ottimale in qualsiasi momento.<br \/>\n\u00a0\u00a0<br \/>\n<strong>In sintesi<\/strong><br \/>\nElegante orologio da polso radiocomandato con chiara uscita vocale<br \/>\nRegolazione automatica dell&#8217;ora e della mano tramite segnale radio (segnale DCF)<br \/>\nTutte le opzioni di impostazione sono annunciate tramite uscita vocale (menu a guida vocale)<br \/>\nQuadrante grande e ad alto contrasto con grandi numeri<br \/>\nAl tocco di un pulsante, l&#8217;ora corrente viene annunciata con una voce maschile.<br \/>\nRichiesta della data corrente con indicazione del giorno della settimana e del mese possibile in qualsiasi momento<br \/>\nLe lancette e le cifre brillano al buio<br \/>\nLavorazione di alta qualit\u00e0: Alloggiamento metallico completo<br \/>\nCon pratico cinturino da polso in metallo per un miglior comfort di calzata<br \/>\nL&#8217;orologio non ha chiusura e pu\u00f2 essere facilmente infilato sul braccio.<br \/>\nFunzione di allarme inclusa<br \/>\nDisponibile come orologio da donna (cassa alta 3,5 cm) o da uomo (cassa alta 4,0 cm)<br \/>\nLunghezza dell&#8217;orologio da donna incl. cassa (contratto): circa 19 cm<br \/>\nLunghezza dell&#8217;orologio da uomo incl. cassa (contratto): circa 20 cm.<br \/>\n\u00a0<br \/>\n<strong>Dotazione di fornitura<\/strong><br \/>\n1 x Orologio da polso radiocomandato parlante con cinturino metallico di trazione<br \/>\n1 x Batteria CR2032 (gi\u00e0 inserita)<br \/>\n1 x Istruzioni per l&#8217;uso dettagliate<\/p>\n","protected":false},"excerpt":{"rendered":"<p>\tElegante e robusto orologio da polso wireless da uomo con uscita vocale molto chiara. Realizzato in metallo di alta qualit\u00e0 e con pratico cinturino da polso in metallo per un facile scivolamento.<\/p>\n","protected":false},"featured_media":7040,"template":"","meta":{"inline_featured_image":false,"_uag_custom_page_level_css":"","site-sidebar-layout":"default","site-content-layout":"","ast-site-content-layout":"default","site-content-style":"default","site-sidebar-style":"default","ast-global-header-display":"","ast-banner-title-visibility":"","ast-main-header-display":"","ast-hfb-above-header-display":"","ast-hfb-below-header-display":"","ast-hfb-mobile-header-display":"","site-post-title":"","ast-breadcrumbs-content":"","ast-featured-img":"","footer-sml-layout":"","ast-disable-related-posts":"","theme-transparent-header-meta":"","adv-header-id-meta":"","stick-header-meta":"","header-above-stick-meta":"","header-main-stick-meta":"","header-below-stick-meta":"","astra-migrate-meta-layouts":"default","ast-page-background-enabled":"default","ast-page-background-meta":{"desktop":{"background-color":"","background-image":"","background-repeat":"repeat","background-position":"center center","background-size":"auto","background-attachment":"scroll","background-type":"","background-media":"","overlay-type":"","overlay-color":"","overlay-opacity":"","overlay-gradient":""},"tablet":{"background-color":"","background-image":"","background-repeat":"repeat","background-position":"center center","background-size":"auto","background-attachment":"scroll","background-type":"","background-media":"","overlay-type":"","overlay-color":"","overlay-opacity":"","overlay-gradient":""},"mobile":{"background-color":"","background-image":"","background-repeat":"repeat","background-position":"center center","background-size":"auto","background-attachment":"scroll","background-type":"","background-media":"","overlay-type":"","overlay-color":"","overlay-opacity":"","overlay-gradient":""}},"ast-content-background-meta":{"desktop":{"background-color":"var(--ast-global-color-5)","background-image":"","background-repeat":"repeat","background-position":"center center","background-size":"auto","background-attachment":"scroll","background-type":"","background-media":"","overlay-type":"","overlay-color":"","overlay-opacity":"","overlay-gradient":""},"tablet":{"background-color":"var(--ast-global-color-5)","background-image":"","background-repeat":"repeat","background-position":"center center","background-size":"auto","background-attachment":"scroll","background-type":"","background-media":"","overlay-type":"","overlay-color":"","overlay-opacity":"","overlay-gradient":""},"mobile":{"background-color":"var(--ast-global-color-5)","background-image":"","background-repeat":"repeat","background-position":"center center","background-size":"auto","background-attachment":"scroll","background-type":"","background-media":"","overlay-type":"","overlay-color":"","overlay-opacity":"","overlay-gradient":""}}},"product_brand":[],"product_cat":[1776],"product_tag":[],"class_list":{"0":"post-7045","1":"product","2":"type-product","3":"status-publish","4":"has-post-thumbnail","6":"product_cat-unkategorisiert","7":"desktop-align-center","8":"tablet-align-center","9":"mobile-align-center","10":"ast-product-gallery-layout-horizontal-slider","11":"ast-product-tabs-layout-accordion","13":"first","14":"instock","15":"taxable","16":"shipping-taxable","17":"purchasable","18":"product-type-simple"},"yoast_head":"<!-- This site is optimized with the Yoast SEO plugin v27.5 - https:\/\/yoast.com\/product\/yoast-seo-wordpress\/ -->\n<title>Parlando Radio Orologio da polso da uomo in metallo tirare braccialetto Marschall im Onlineshop | Gleichcom AG<\/title>\n<meta name=\"description\" content=\"\u2705 Elegante e robusto orologio da polso wireless da uomo con uscita vocale molto chiara. Realizzato in metallo di alta qualit\u00e0 e con pratico cinturino da polso in metallo per un facile scivolamento.\" \/>\n<meta name=\"robots\" content=\"noindex, follow, max-snippet:-1, max-image-preview:large, max-video-preview:-1\" \/>\n<meta property=\"og:locale\" content=\"it_IT\" \/>\n<meta property=\"og:type\" content=\"article\" \/>\n<meta property=\"og:title\" content=\"Parlando Radio Orologio da polso da uomo in metallo tirare braccialetto Marschall im Onlineshop | Gleichcom AG\" \/>\n<meta property=\"og:description\" content=\"\u2705 Elegante e robusto orologio da polso wireless da uomo con uscita vocale molto chiara. Realizzato in metallo di alta qualit\u00e0 e con pratico cinturino da polso in metallo per un facile scivolamento.\" \/>\n<meta property=\"og:url\" content=\"https:\/\/www.gleichcom.samuraidev.ch\/it\/shop\/sprechende-funk-armbanduhr-herren-metallzugarmband-marschall\/\" \/>\n<meta property=\"og:site_name\" content=\"Gleichcom AG\" \/>\n<meta property=\"article:publisher\" content=\"https:\/\/www.facebook.com\/profile.php?id=100068749126981\" \/>\n<meta property=\"og:image\" content=\"https:\/\/www.gleichcom.samuraidev.ch\/wp-content\/uploads\/2023\/09\/mar1136V1.jpg\" \/>\n\t<meta property=\"og:image:width\" content=\"500\" \/>\n\t<meta property=\"og:image:height\" content=\"500\" \/>\n\t<meta property=\"og:image:type\" content=\"image\/jpeg\" \/>\n<meta name=\"twitter:card\" content=\"summary_large_image\" \/>\n<script type=\"application\/ld+json\" class=\"yoast-schema-graph\">{\"@context\":\"https:\\\/\\\/schema.org\",\"@graph\":[{\"@type\":\"WebPage\",\"@id\":\"https:\\\/\\\/www.gleichcom.samuraidev.ch\\\/it\\\/shop\\\/sprechende-funk-armbanduhr-herren-metallzugarmband-marschall\\\/\",\"url\":\"https:\\\/\\\/www.gleichcom.samuraidev.ch\\\/it\\\/shop\\\/sprechende-funk-armbanduhr-herren-metallzugarmband-marschall\\\/\",\"name\":\"Parlando Radio Orologio da polso da uomo in metallo tirare braccialetto Marschall im Onlineshop | Gleichcom AG\",\"isPartOf\":{\"@id\":\"https:\\\/\\\/www.gleichcom.samuraidev.ch\\\/it\\\/#website\"},\"primaryImageOfPage\":{\"@id\":\"https:\\\/\\\/www.gleichcom.samuraidev.ch\\\/it\\\/shop\\\/sprechende-funk-armbanduhr-herren-metallzugarmband-marschall\\\/#primaryimage\"},\"image\":{\"@id\":\"https:\\\/\\\/www.gleichcom.samuraidev.ch\\\/it\\\/shop\\\/sprechende-funk-armbanduhr-herren-metallzugarmband-marschall\\\/#primaryimage\"},\"thumbnailUrl\":\"https:\\\/\\\/www.gleichcom.samuraidev.ch\\\/wp-content\\\/uploads\\\/2023\\\/09\\\/mar1136V1.jpg\",\"datePublished\":\"2018-10-16T19:32:42+00:00\",\"description\":\"\u2705 Elegante e robusto orologio da polso wireless da uomo con uscita vocale molto chiara. Realizzato in metallo di alta qualit\u00e0 e con pratico cinturino da polso in metallo per un facile scivolamento.\",\"breadcrumb\":{\"@id\":\"https:\\\/\\\/www.gleichcom.samuraidev.ch\\\/it\\\/shop\\\/sprechende-funk-armbanduhr-herren-metallzugarmband-marschall\\\/#breadcrumb\"},\"inLanguage\":\"it-IT\",\"potentialAction\":[{\"@type\":\"ReadAction\",\"target\":[\"https:\\\/\\\/www.gleichcom.samuraidev.ch\\\/it\\\/shop\\\/sprechende-funk-armbanduhr-herren-metallzugarmband-marschall\\\/\"]}]},{\"@type\":\"ImageObject\",\"inLanguage\":\"it-IT\",\"@id\":\"https:\\\/\\\/www.gleichcom.samuraidev.ch\\\/it\\\/shop\\\/sprechende-funk-armbanduhr-herren-metallzugarmband-marschall\\\/#primaryimage\",\"url\":\"https:\\\/\\\/www.gleichcom.samuraidev.ch\\\/wp-content\\\/uploads\\\/2023\\\/09\\\/mar1136V1.jpg\",\"contentUrl\":\"https:\\\/\\\/www.gleichcom.samuraidev.ch\\\/wp-content\\\/uploads\\\/2023\\\/09\\\/mar1136V1.jpg\",\"width\":500,\"height\":500},{\"@type\":\"BreadcrumbList\",\"@id\":\"https:\\\/\\\/www.gleichcom.samuraidev.ch\\\/it\\\/shop\\\/sprechende-funk-armbanduhr-herren-metallzugarmband-marschall\\\/#breadcrumb\",\"itemListElement\":[{\"@type\":\"ListItem\",\"position\":1,\"name\":\"Startseite\",\"item\":\"https:\\\/\\\/www.gleichcom.samuraidev.ch\\\/it\\\/\"},{\"@type\":\"ListItem\",\"position\":2,\"name\":\"Shop\",\"item\":\"https:\\\/\\\/www.gleichcom.samuraidev.ch\\\/it\\\/shop\\\/\"},{\"@type\":\"ListItem\",\"position\":3,\"name\":\"Parlando Radio Orologio da polso da uomo in metallo tirare braccialetto Marschall\"}]},{\"@type\":\"WebSite\",\"@id\":\"https:\\\/\\\/www.gleichcom.samuraidev.ch\\\/it\\\/#website\",\"url\":\"https:\\\/\\\/www.gleichcom.samuraidev.ch\\\/it\\\/\",\"name\":\"Gleichcom AG\",\"description\":\"besser h\u00f6ren. besser sehen. besser leben.\",\"publisher\":{\"@id\":\"https:\\\/\\\/www.gleichcom.samuraidev.ch\\\/it\\\/#organization\"},\"alternateName\":\"Gleichcom\",\"potentialAction\":[{\"@type\":\"SearchAction\",\"target\":{\"@type\":\"EntryPoint\",\"urlTemplate\":\"https:\\\/\\\/www.gleichcom.samuraidev.ch\\\/it\\\/?s={search_term_string}\"},\"query-input\":{\"@type\":\"PropertyValueSpecification\",\"valueRequired\":true,\"valueName\":\"search_term_string\"}}],\"inLanguage\":\"it-IT\"},{\"@type\":\"Organization\",\"@id\":\"https:\\\/\\\/www.gleichcom.samuraidev.ch\\\/it\\\/#organization\",\"name\":\"Gleichcom AG\",\"alternateName\":\"Gleichcom\",\"url\":\"https:\\\/\\\/www.gleichcom.samuraidev.ch\\\/it\\\/\",\"logo\":{\"@type\":\"ImageObject\",\"inLanguage\":\"it-IT\",\"@id\":\"https:\\\/\\\/www.gleichcom.samuraidev.ch\\\/it\\\/#\\\/schema\\\/logo\\\/image\\\/\",\"url\":\"https:\\\/\\\/www.gleichcom.samuraidev.ch\\\/wp-content\\\/uploads\\\/2023\\\/09\\\/gleichcom-ag-logo-quadrat-farbig-mitte@696.png\",\"contentUrl\":\"https:\\\/\\\/www.gleichcom.samuraidev.ch\\\/wp-content\\\/uploads\\\/2023\\\/09\\\/gleichcom-ag-logo-quadrat-farbig-mitte@696.png\",\"width\":437,\"height\":437,\"caption\":\"Gleichcom AG\"},\"image\":{\"@id\":\"https:\\\/\\\/www.gleichcom.samuraidev.ch\\\/it\\\/#\\\/schema\\\/logo\\\/image\\\/\"},\"sameAs\":[\"https:\\\/\\\/www.facebook.com\\\/profile.php?id=100068749126981\"]}]}<\/script>\n<!-- \/ Yoast SEO plugin. -->","yoast_head_json":{"title":"Parlando Radio Orologio da polso da uomo in metallo tirare braccialetto Marschall im Onlineshop | Gleichcom AG","description":"\u2705 Elegante e robusto orologio da polso wireless da uomo con uscita vocale molto chiara. Realizzato in metallo di alta qualit\u00e0 e con pratico cinturino da polso in metallo per un facile scivolamento.","robots":{"index":"noindex","follow":"follow","max-snippet":"max-snippet:-1","max-image-preview":"max-image-preview:large","max-video-preview":"max-video-preview:-1"},"og_locale":"it_IT","og_type":"article","og_title":"Parlando Radio Orologio da polso da uomo in metallo tirare braccialetto Marschall im Onlineshop | Gleichcom AG","og_description":"\u2705 Elegante e robusto orologio da polso wireless da uomo con uscita vocale molto chiara. Realizzato in metallo di alta qualit\u00e0 e con pratico cinturino da polso in metallo per un facile scivolamento.","og_url":"https:\/\/www.gleichcom.samuraidev.ch\/it\/shop\/sprechende-funk-armbanduhr-herren-metallzugarmband-marschall\/","og_site_name":"Gleichcom AG","article_publisher":"https:\/\/www.facebook.com\/profile.php?id=100068749126981","og_image":[{"width":500,"height":500,"url":"https:\/\/www.gleichcom.samuraidev.ch\/wp-content\/uploads\/2023\/09\/mar1136V1.jpg","type":"image\/jpeg"}],"twitter_card":"summary_large_image","schema":{"@context":"https:\/\/schema.org","@graph":[{"@type":"WebPage","@id":"https:\/\/www.gleichcom.samuraidev.ch\/it\/shop\/sprechende-funk-armbanduhr-herren-metallzugarmband-marschall\/","url":"https:\/\/www.gleichcom.samuraidev.ch\/it\/shop\/sprechende-funk-armbanduhr-herren-metallzugarmband-marschall\/","name":"Parlando Radio Orologio da polso da uomo in metallo tirare braccialetto Marschall im Onlineshop | Gleichcom AG","isPartOf":{"@id":"https:\/\/www.gleichcom.samuraidev.ch\/it\/#website"},"primaryImageOfPage":{"@id":"https:\/\/www.gleichcom.samuraidev.ch\/it\/shop\/sprechende-funk-armbanduhr-herren-metallzugarmband-marschall\/#primaryimage"},"image":{"@id":"https:\/\/www.gleichcom.samuraidev.ch\/it\/shop\/sprechende-funk-armbanduhr-herren-metallzugarmband-marschall\/#primaryimage"},"thumbnailUrl":"https:\/\/www.gleichcom.samuraidev.ch\/wp-content\/uploads\/2023\/09\/mar1136V1.jpg","datePublished":"2018-10-16T19:32:42+00:00","description":"\u2705 Elegante e robusto orologio da polso wireless da uomo con uscita vocale molto chiara. Realizzato in metallo di alta qualit\u00e0 e con pratico cinturino da polso in metallo per un facile scivolamento.","breadcrumb":{"@id":"https:\/\/www.gleichcom.samuraidev.ch\/it\/shop\/sprechende-funk-armbanduhr-herren-metallzugarmband-marschall\/#breadcrumb"},"inLanguage":"it-IT","potentialAction":[{"@type":"ReadAction","target":["https:\/\/www.gleichcom.samuraidev.ch\/it\/shop\/sprechende-funk-armbanduhr-herren-metallzugarmband-marschall\/"]}]},{"@type":"ImageObject","inLanguage":"it-IT","@id":"https:\/\/www.gleichcom.samuraidev.ch\/it\/shop\/sprechende-funk-armbanduhr-herren-metallzugarmband-marschall\/#primaryimage","url":"https:\/\/www.gleichcom.samuraidev.ch\/wp-content\/uploads\/2023\/09\/mar1136V1.jpg","contentUrl":"https:\/\/www.gleichcom.samuraidev.ch\/wp-content\/uploads\/2023\/09\/mar1136V1.jpg","width":500,"height":500},{"@type":"BreadcrumbList","@id":"https:\/\/www.gleichcom.samuraidev.ch\/it\/shop\/sprechende-funk-armbanduhr-herren-metallzugarmband-marschall\/#breadcrumb","itemListElement":[{"@type":"ListItem","position":1,"name":"Startseite","item":"https:\/\/www.gleichcom.samuraidev.ch\/it\/"},{"@type":"ListItem","position":2,"name":"Shop","item":"https:\/\/www.gleichcom.samuraidev.ch\/it\/shop\/"},{"@type":"ListItem","position":3,"name":"Parlando Radio Orologio da polso da uomo in metallo tirare braccialetto Marschall"}]},{"@type":"WebSite","@id":"https:\/\/www.gleichcom.samuraidev.ch\/it\/#website","url":"https:\/\/www.gleichcom.samuraidev.ch\/it\/","name":"Gleichcom AG","description":"besser h\u00f6ren. besser sehen. besser leben.","publisher":{"@id":"https:\/\/www.gleichcom.samuraidev.ch\/it\/#organization"},"alternateName":"Gleichcom","potentialAction":[{"@type":"SearchAction","target":{"@type":"EntryPoint","urlTemplate":"https:\/\/www.gleichcom.samuraidev.ch\/it\/?s={search_term_string}"},"query-input":{"@type":"PropertyValueSpecification","valueRequired":true,"valueName":"search_term_string"}}],"inLanguage":"it-IT"},{"@type":"Organization","@id":"https:\/\/www.gleichcom.samuraidev.ch\/it\/#organization","name":"Gleichcom AG","alternateName":"Gleichcom","url":"https:\/\/www.gleichcom.samuraidev.ch\/it\/","logo":{"@type":"ImageObject","inLanguage":"it-IT","@id":"https:\/\/www.gleichcom.samuraidev.ch\/it\/#\/schema\/logo\/image\/","url":"https:\/\/www.gleichcom.samuraidev.ch\/wp-content\/uploads\/2023\/09\/gleichcom-ag-logo-quadrat-farbig-mitte@696.png","contentUrl":"https:\/\/www.gleichcom.samuraidev.ch\/wp-content\/uploads\/2023\/09\/gleichcom-ag-logo-quadrat-farbig-mitte@696.png","width":437,"height":437,"caption":"Gleichcom AG"},"image":{"@id":"https:\/\/www.gleichcom.samuraidev.ch\/it\/#\/schema\/logo\/image\/"},"sameAs":["https:\/\/www.facebook.com\/profile.php?id=100068749126981"]}]}},"uagb_featured_image_src":{"full":["https:\/\/www.gleichcom.samuraidev.ch\/wp-content\/uploads\/2023\/09\/mar1136V1.jpg",500,500,false],"thumbnail":["https:\/\/www.gleichcom.samuraidev.ch\/wp-content\/uploads\/2023\/09\/mar1136V1.jpg",150,150,false],"medium":["https:\/\/www.gleichcom.samuraidev.ch\/wp-content\/uploads\/2023\/09\/mar1136V1.jpg",300,300,false],"medium_large":["https:\/\/www.gleichcom.samuraidev.ch\/wp-content\/uploads\/2023\/09\/mar1136V1.jpg",500,500,false],"large":["https:\/\/www.gleichcom.samuraidev.ch\/wp-content\/uploads\/2023\/09\/mar1136V1.jpg",500,500,false],"1536x1536":["https:\/\/www.gleichcom.samuraidev.ch\/wp-content\/uploads\/2023\/09\/mar1136V1.jpg",500,500,false],"2048x2048":["https:\/\/www.gleichcom.samuraidev.ch\/wp-content\/uploads\/2023\/09\/mar1136V1.jpg",500,500,false],"woocommerce_thumbnail":["https:\/\/www.gleichcom.samuraidev.ch\/wp-content\/uploads\/2023\/09\/mar1136V1.jpg",300,300,false],"woocommerce_single":["https:\/\/www.gleichcom.samuraidev.ch\/wp-content\/uploads\/2023\/09\/mar1136V1.jpg",500,500,false],"woocommerce_gallery_thumbnail":["https:\/\/www.gleichcom.samuraidev.ch\/wp-content\/uploads\/2023\/09\/mar1136V1.jpg",100,100,false]},"uagb_author_info":{"display_name":"","author_link":"https:\/\/www.gleichcom.samuraidev.ch\/it\/author\/"},"uagb_comment_info":0,"uagb_excerpt":"Elegante e robusto orologio da polso wireless da uomo con uscita vocale molto chiara. Realizzato in metallo di alta qualit\u00e0 e con pratico cinturino da polso in metallo per un facile scivolamento.","_links":{"self":[{"href":"https:\/\/www.gleichcom.samuraidev.ch\/it\/wp-json\/wp\/v2\/product\/7045","targetHints":{"allow":["GET"]}}],"collection":[{"href":"https:\/\/www.gleichcom.samuraidev.ch\/it\/wp-json\/wp\/v2\/product"}],"about":[{"href":"https:\/\/www.gleichcom.samuraidev.ch\/it\/wp-json\/wp\/v2\/types\/product"}],"wp:featuredmedia":[{"embeddable":true,"href":"https:\/\/www.gleichcom.samuraidev.ch\/it\/wp-json\/wp\/v2\/media\/7040"}],"wp:attachment":[{"href":"https:\/\/www.gleichcom.samuraidev.ch\/it\/wp-json\/wp\/v2\/media?parent=7045"}],"wp:term":[{"taxonomy":"product_brand","embeddable":true,"href":"https:\/\/www.gleichcom.samuraidev.ch\/it\/wp-json\/wp\/v2\/product_brand?post=7045"},{"taxonomy":"product_cat","embeddable":true,"href":"https:\/\/www.gleichcom.samuraidev.ch\/it\/wp-json\/wp\/v2\/product_cat?post=7045"},{"taxonomy":"product_tag","embeddable":true,"href":"https:\/\/www.gleichcom.samuraidev.ch\/it\/wp-json\/wp\/v2\/product_tag?post=7045"}],"curies":[{"name":"wp","href":"https:\/\/api.w.org\/{rel}","templated":true}]}}