{"id":7117,"date":"2018-10-21T20:00:34","date_gmt":"2018-10-21T18:00:34","guid":{"rendered":"https:\/\/www.gleichcom.samuraidev.ch\/?product=sprechende-funk-armbanduhr-damen-herren-metallzugarmband-black-marschall"},"modified":"1000-01-01T00:00:00","modified_gmt":"1000-01-01T00:00:00","slug":"sprechende-funk-armbanduhr-damen-herren-metallzugarmband-black-marschall","status":"publish","type":"product","link":"https:\/\/www.gleichcom.samuraidev.ch\/it\/shop\/sprechende-funk-armbanduhr-damen-herren-metallzugarmband-black-marschall\/","title":{"rendered":"Parlare Radio Orologio da polso donne \/ uomo in metallo tirare braccialetto nero Marschall"},"content":{"rendered":"<p><span style=\"font-size:16px;\"><strong>Parlare Radio Orologio da polso donne \/ uomo in metallo tirare braccialetto nero Marschall<\/strong><\/span><br \/>\n<strong>Uscita vocale disponibile solo in tedesco<\/strong><br \/>\n\u00a0<br \/>\n<strong>Orologio da polso radiocomandato di facile utilizzo con uscita vocale<\/strong><br \/>\nQuesto orologio radiocomandato con uscita vocale molto chiara e chiara \u00e8 un modello classico ed \u00e8 adatto sia per gli uomini che per le donne. Garantisce una leggibilit\u00e0 ottimale e un&#8217;ottima vestibilit\u00e0. Un segnale radio (segnale DCF) assicura che l&#8217;ora corrente e le lancette siano sempre impostate automaticamente. L&#8217;ora e la data (con il rispettivo giorno della settimana, ad esempio oggi \u00e8 luned\u00ec 15 dicembre) possono essere consultati in qualsiasi momento premendo un pulsante. Le persone ipovedenti ameranno questo orologio, poich\u00e9 la navigazione completa del menu dell&#8217;orologio \u00e8 controllata dalla voce, tutte le impostazioni possono essere effettuate in modo indipendente.<br \/>\n\u00a0<br \/>\n<strong>Quadrante ad alto contrasto con grandi numeri e lancette<\/strong><br \/>\nI grandi numeri bianchi si distinguono chiaramente dallo sfondo nero a contrasto. \u00c8 possibile leggere l&#8217;ora in modo ottimale in qualsiasi momento.<br \/>\n\u00a0<br \/>\n<strong>Pratico bracciale con coulisse in metallo<\/strong><br \/>\nIl cinturino in metallo di alta qualit\u00e0 pu\u00f2 essere facilmente infilato sopra il polso e vi offre un elevato comfort. L&#8217;orologio \u00e8 adatto per circonferenze del braccio da 20 a 25 cm.\u00a0\u00a0<br \/>\n\u00a0<br \/>\n<strong>In sintesi<\/strong><br \/>\nOrologio da polso parlante con bracciale a strappo in metallo<br \/>\nL&#8217;orologio da polso non ha chiusura e pu\u00f2 essere facilmente infilato sul braccio.<br \/>\nRegolazione automatica dell&#8217;ora e della mano tramite segnale radio (segnale DCF)<br \/>\nPremendo un pulsante, l&#8217;ora corrente viene annunciata molto chiaramente con una voce maschile.<br \/>\nRichiesta della data corrente con indicazione del giorno della settimana possibile in qualsiasi momento<br \/>\nTutte le opzioni di impostazione sono annunciate tramite uscita vocale (menu a guida vocale)<br \/>\nFunzionamento molto semplice<br \/>\nAlto contrasto e quadrante grande<br \/>\nGrandi numeri<br \/>\nfunzione sveglia<br \/>\nIl diametro dell&#8217;alloggiamento \u00e8 di 40 mm<br \/>\nL&#8217;altezza della custodia \u00e8 di circa 1,5 cm.<br \/>\nAdatto per circonferenze del braccio da 20 cm a 25 cm\u00a0\u00a0<br \/>\nSenza nichel<br \/>\n\u00a0<br \/>\n<strong>Dotazione di fornitura<\/strong><br \/>\n1 x Talking Wireless Wireless orologio da polso in metallo tirare cinturino nero<br \/>\n1 x Batteria CR2032 (gi\u00e0 inserita)<br \/>\n1 x Istruzioni per l&#8217;uso dettagliate<\/p>\n","protected":false},"excerpt":{"rendered":"<p>\tClassico orologio da polso radiocomandato con uscita vocale molto chiara. Realizzato in metallo di alta qualit\u00e0 e pratico cinturino in metallo per un piacevole comfort. Adatto a lui e a lei.<\/p>\n","protected":false},"featured_media":7106,"template":"","meta":{"inline_featured_image":false,"_uag_custom_page_level_css":"","site-sidebar-layout":"default","site-content-layout":"","ast-site-content-layout":"default","site-content-style":"default","site-sidebar-style":"default","ast-global-header-display":"","ast-banner-title-visibility":"","ast-main-header-display":"","ast-hfb-above-header-display":"","ast-hfb-below-header-display":"","ast-hfb-mobile-header-display":"","site-post-title":"","ast-breadcrumbs-content":"","ast-featured-img":"","footer-sml-layout":"","ast-disable-related-posts":"","theme-transparent-header-meta":"","adv-header-id-meta":"","stick-header-meta":"","header-above-stick-meta":"","header-main-stick-meta":"","header-below-stick-meta":"","astra-migrate-meta-layouts":"default","ast-page-background-enabled":"default","ast-page-background-meta":{"desktop":{"background-color":"","background-image":"","background-repeat":"repeat","background-position":"center center","background-size":"auto","background-attachment":"scroll","background-type":"","background-media":"","overlay-type":"","overlay-color":"","overlay-opacity":"","overlay-gradient":""},"tablet":{"background-color":"","background-image":"","background-repeat":"repeat","background-position":"center center","background-size":"auto","background-attachment":"scroll","background-type":"","background-media":"","overlay-type":"","overlay-color":"","overlay-opacity":"","overlay-gradient":""},"mobile":{"background-color":"","background-image":"","background-repeat":"repeat","background-position":"center center","background-size":"auto","background-attachment":"scroll","background-type":"","background-media":"","overlay-type":"","overlay-color":"","overlay-opacity":"","overlay-gradient":""}},"ast-content-background-meta":{"desktop":{"background-color":"var(--ast-global-color-5)","background-image":"","background-repeat":"repeat","background-position":"center center","background-size":"auto","background-attachment":"scroll","background-type":"","background-media":"","overlay-type":"","overlay-color":"","overlay-opacity":"","overlay-gradient":""},"tablet":{"background-color":"var(--ast-global-color-5)","background-image":"","background-repeat":"repeat","background-position":"center center","background-size":"auto","background-attachment":"scroll","background-type":"","background-media":"","overlay-type":"","overlay-color":"","overlay-opacity":"","overlay-gradient":""},"mobile":{"background-color":"var(--ast-global-color-5)","background-image":"","background-repeat":"repeat","background-position":"center center","background-size":"auto","background-attachment":"scroll","background-type":"","background-media":"","overlay-type":"","overlay-color":"","overlay-opacity":"","overlay-gradient":""}}},"product_brand":[],"product_cat":[3019],"product_tag":[],"class_list":{"0":"post-7117","1":"product","2":"type-product","3":"status-publish","4":"has-post-thumbnail","6":"product_cat-orologi-da-polso-parlanti-it","7":"desktop-align-center","8":"tablet-align-center","9":"mobile-align-center","10":"ast-product-gallery-layout-horizontal-slider","11":"ast-product-tabs-layout-accordion","13":"first","14":"outofstock","15":"taxable","16":"shipping-taxable","17":"purchasable","18":"product-type-simple"},"yoast_head":"<!-- This site is optimized with the Yoast SEO plugin v27.5 - https:\/\/yoast.com\/product\/yoast-seo-wordpress\/ -->\n<title>Parlare Radio Orologio da polso donne \/ uomo in metallo tirare braccialetto nero Marschall im Onlineshop | Gleichcom AG<\/title>\n<meta name=\"description\" content=\"\u2705 Classico orologio da polso radiocomandato con uscita vocale molto chiara. Realizzato in metallo di alta qualit\u00e0 e pratico cinturino in metallo per un piacevole comfort. Adatto a lui e a lei.\" \/>\n<meta name=\"robots\" content=\"noindex, follow, max-snippet:-1, max-image-preview:large, max-video-preview:-1\" \/>\n<meta property=\"og:locale\" content=\"it_IT\" \/>\n<meta property=\"og:type\" content=\"article\" \/>\n<meta property=\"og:title\" content=\"Parlare Radio Orologio da polso donne \/ uomo in metallo tirare braccialetto nero Marschall im Onlineshop | Gleichcom AG\" \/>\n<meta property=\"og:description\" content=\"\u2705 Classico orologio da polso radiocomandato con uscita vocale molto chiara. Realizzato in metallo di alta qualit\u00e0 e pratico cinturino in metallo per un piacevole comfort. Adatto a lui e a lei.\" \/>\n<meta property=\"og:url\" content=\"https:\/\/www.gleichcom.samuraidev.ch\/it\/shop\/sprechende-funk-armbanduhr-damen-herren-metallzugarmband-black-marschall\/\" \/>\n<meta property=\"og:site_name\" content=\"Gleichcom AG\" \/>\n<meta property=\"article:publisher\" content=\"https:\/\/www.facebook.com\/profile.php?id=100068749126981\" \/>\n<meta property=\"og:image\" content=\"https:\/\/www.gleichcom.samuraidev.ch\/wp-content\/uploads\/2023\/09\/mar1130v1.jpg\" \/>\n\t<meta property=\"og:image:width\" content=\"500\" \/>\n\t<meta property=\"og:image:height\" content=\"500\" \/>\n\t<meta property=\"og:image:type\" content=\"image\/jpeg\" \/>\n<meta name=\"twitter:card\" content=\"summary_large_image\" \/>\n<script type=\"application\/ld+json\" class=\"yoast-schema-graph\">{\"@context\":\"https:\\\/\\\/schema.org\",\"@graph\":[{\"@type\":\"WebPage\",\"@id\":\"https:\\\/\\\/www.gleichcom.samuraidev.ch\\\/it\\\/shop\\\/sprechende-funk-armbanduhr-damen-herren-metallzugarmband-black-marschall\\\/\",\"url\":\"https:\\\/\\\/www.gleichcom.samuraidev.ch\\\/it\\\/shop\\\/sprechende-funk-armbanduhr-damen-herren-metallzugarmband-black-marschall\\\/\",\"name\":\"Parlare Radio Orologio da polso donne \\\/ uomo in metallo tirare braccialetto nero Marschall im Onlineshop | Gleichcom AG\",\"isPartOf\":{\"@id\":\"https:\\\/\\\/www.gleichcom.samuraidev.ch\\\/it\\\/#website\"},\"primaryImageOfPage\":{\"@id\":\"https:\\\/\\\/www.gleichcom.samuraidev.ch\\\/it\\\/shop\\\/sprechende-funk-armbanduhr-damen-herren-metallzugarmband-black-marschall\\\/#primaryimage\"},\"image\":{\"@id\":\"https:\\\/\\\/www.gleichcom.samuraidev.ch\\\/it\\\/shop\\\/sprechende-funk-armbanduhr-damen-herren-metallzugarmband-black-marschall\\\/#primaryimage\"},\"thumbnailUrl\":\"https:\\\/\\\/www.gleichcom.samuraidev.ch\\\/wp-content\\\/uploads\\\/2023\\\/09\\\/mar1130v1.jpg\",\"datePublished\":\"2018-10-21T18:00:34+00:00\",\"description\":\"\u2705 Classico orologio da polso radiocomandato con uscita vocale molto chiara. Realizzato in metallo di alta qualit\u00e0 e pratico cinturino in metallo per un piacevole comfort. Adatto a lui e a lei.\",\"breadcrumb\":{\"@id\":\"https:\\\/\\\/www.gleichcom.samuraidev.ch\\\/it\\\/shop\\\/sprechende-funk-armbanduhr-damen-herren-metallzugarmband-black-marschall\\\/#breadcrumb\"},\"inLanguage\":\"it-IT\",\"potentialAction\":[{\"@type\":\"ReadAction\",\"target\":[\"https:\\\/\\\/www.gleichcom.samuraidev.ch\\\/it\\\/shop\\\/sprechende-funk-armbanduhr-damen-herren-metallzugarmband-black-marschall\\\/\"]}]},{\"@type\":\"ImageObject\",\"inLanguage\":\"it-IT\",\"@id\":\"https:\\\/\\\/www.gleichcom.samuraidev.ch\\\/it\\\/shop\\\/sprechende-funk-armbanduhr-damen-herren-metallzugarmband-black-marschall\\\/#primaryimage\",\"url\":\"https:\\\/\\\/www.gleichcom.samuraidev.ch\\\/wp-content\\\/uploads\\\/2023\\\/09\\\/mar1130v1.jpg\",\"contentUrl\":\"https:\\\/\\\/www.gleichcom.samuraidev.ch\\\/wp-content\\\/uploads\\\/2023\\\/09\\\/mar1130v1.jpg\",\"width\":500,\"height\":500},{\"@type\":\"BreadcrumbList\",\"@id\":\"https:\\\/\\\/www.gleichcom.samuraidev.ch\\\/it\\\/shop\\\/sprechende-funk-armbanduhr-damen-herren-metallzugarmband-black-marschall\\\/#breadcrumb\",\"itemListElement\":[{\"@type\":\"ListItem\",\"position\":1,\"name\":\"Startseite\",\"item\":\"https:\\\/\\\/www.gleichcom.samuraidev.ch\\\/it\\\/\"},{\"@type\":\"ListItem\",\"position\":2,\"name\":\"Shop\",\"item\":\"https:\\\/\\\/www.gleichcom.samuraidev.ch\\\/it\\\/shop\\\/\"},{\"@type\":\"ListItem\",\"position\":3,\"name\":\"Parlare Radio Orologio da polso donne \\\/ uomo in metallo tirare braccialetto nero Marschall\"}]},{\"@type\":\"WebSite\",\"@id\":\"https:\\\/\\\/www.gleichcom.samuraidev.ch\\\/it\\\/#website\",\"url\":\"https:\\\/\\\/www.gleichcom.samuraidev.ch\\\/it\\\/\",\"name\":\"Gleichcom AG\",\"description\":\"besser h\u00f6ren. besser sehen. besser leben.\",\"publisher\":{\"@id\":\"https:\\\/\\\/www.gleichcom.samuraidev.ch\\\/it\\\/#organization\"},\"alternateName\":\"Gleichcom\",\"potentialAction\":[{\"@type\":\"SearchAction\",\"target\":{\"@type\":\"EntryPoint\",\"urlTemplate\":\"https:\\\/\\\/www.gleichcom.samuraidev.ch\\\/it\\\/?s={search_term_string}\"},\"query-input\":{\"@type\":\"PropertyValueSpecification\",\"valueRequired\":true,\"valueName\":\"search_term_string\"}}],\"inLanguage\":\"it-IT\"},{\"@type\":\"Organization\",\"@id\":\"https:\\\/\\\/www.gleichcom.samuraidev.ch\\\/it\\\/#organization\",\"name\":\"Gleichcom AG\",\"alternateName\":\"Gleichcom\",\"url\":\"https:\\\/\\\/www.gleichcom.samuraidev.ch\\\/it\\\/\",\"logo\":{\"@type\":\"ImageObject\",\"inLanguage\":\"it-IT\",\"@id\":\"https:\\\/\\\/www.gleichcom.samuraidev.ch\\\/it\\\/#\\\/schema\\\/logo\\\/image\\\/\",\"url\":\"https:\\\/\\\/www.gleichcom.samuraidev.ch\\\/wp-content\\\/uploads\\\/2023\\\/09\\\/gleichcom-ag-logo-quadrat-farbig-mitte@696.png\",\"contentUrl\":\"https:\\\/\\\/www.gleichcom.samuraidev.ch\\\/wp-content\\\/uploads\\\/2023\\\/09\\\/gleichcom-ag-logo-quadrat-farbig-mitte@696.png\",\"width\":437,\"height\":437,\"caption\":\"Gleichcom AG\"},\"image\":{\"@id\":\"https:\\\/\\\/www.gleichcom.samuraidev.ch\\\/it\\\/#\\\/schema\\\/logo\\\/image\\\/\"},\"sameAs\":[\"https:\\\/\\\/www.facebook.com\\\/profile.php?id=100068749126981\"]}]}<\/script>\n<!-- \/ Yoast SEO plugin. -->","yoast_head_json":{"title":"Parlare Radio Orologio da polso donne \/ uomo in metallo tirare braccialetto nero Marschall im Onlineshop | Gleichcom AG","description":"\u2705 Classico orologio da polso radiocomandato con uscita vocale molto chiara. Realizzato in metallo di alta qualit\u00e0 e pratico cinturino in metallo per un piacevole comfort. Adatto a lui e a lei.","robots":{"index":"noindex","follow":"follow","max-snippet":"max-snippet:-1","max-image-preview":"max-image-preview:large","max-video-preview":"max-video-preview:-1"},"og_locale":"it_IT","og_type":"article","og_title":"Parlare Radio Orologio da polso donne \/ uomo in metallo tirare braccialetto nero Marschall im Onlineshop | Gleichcom AG","og_description":"\u2705 Classico orologio da polso radiocomandato con uscita vocale molto chiara. Realizzato in metallo di alta qualit\u00e0 e pratico cinturino in metallo per un piacevole comfort. Adatto a lui e a lei.","og_url":"https:\/\/www.gleichcom.samuraidev.ch\/it\/shop\/sprechende-funk-armbanduhr-damen-herren-metallzugarmband-black-marschall\/","og_site_name":"Gleichcom AG","article_publisher":"https:\/\/www.facebook.com\/profile.php?id=100068749126981","og_image":[{"width":500,"height":500,"url":"https:\/\/www.gleichcom.samuraidev.ch\/wp-content\/uploads\/2023\/09\/mar1130v1.jpg","type":"image\/jpeg"}],"twitter_card":"summary_large_image","schema":{"@context":"https:\/\/schema.org","@graph":[{"@type":"WebPage","@id":"https:\/\/www.gleichcom.samuraidev.ch\/it\/shop\/sprechende-funk-armbanduhr-damen-herren-metallzugarmband-black-marschall\/","url":"https:\/\/www.gleichcom.samuraidev.ch\/it\/shop\/sprechende-funk-armbanduhr-damen-herren-metallzugarmband-black-marschall\/","name":"Parlare Radio Orologio da polso donne \/ uomo in metallo tirare braccialetto nero Marschall im Onlineshop | Gleichcom AG","isPartOf":{"@id":"https:\/\/www.gleichcom.samuraidev.ch\/it\/#website"},"primaryImageOfPage":{"@id":"https:\/\/www.gleichcom.samuraidev.ch\/it\/shop\/sprechende-funk-armbanduhr-damen-herren-metallzugarmband-black-marschall\/#primaryimage"},"image":{"@id":"https:\/\/www.gleichcom.samuraidev.ch\/it\/shop\/sprechende-funk-armbanduhr-damen-herren-metallzugarmband-black-marschall\/#primaryimage"},"thumbnailUrl":"https:\/\/www.gleichcom.samuraidev.ch\/wp-content\/uploads\/2023\/09\/mar1130v1.jpg","datePublished":"2018-10-21T18:00:34+00:00","description":"\u2705 Classico orologio da polso radiocomandato con uscita vocale molto chiara. Realizzato in metallo di alta qualit\u00e0 e pratico cinturino in metallo per un piacevole comfort. Adatto a lui e a lei.","breadcrumb":{"@id":"https:\/\/www.gleichcom.samuraidev.ch\/it\/shop\/sprechende-funk-armbanduhr-damen-herren-metallzugarmband-black-marschall\/#breadcrumb"},"inLanguage":"it-IT","potentialAction":[{"@type":"ReadAction","target":["https:\/\/www.gleichcom.samuraidev.ch\/it\/shop\/sprechende-funk-armbanduhr-damen-herren-metallzugarmband-black-marschall\/"]}]},{"@type":"ImageObject","inLanguage":"it-IT","@id":"https:\/\/www.gleichcom.samuraidev.ch\/it\/shop\/sprechende-funk-armbanduhr-damen-herren-metallzugarmband-black-marschall\/#primaryimage","url":"https:\/\/www.gleichcom.samuraidev.ch\/wp-content\/uploads\/2023\/09\/mar1130v1.jpg","contentUrl":"https:\/\/www.gleichcom.samuraidev.ch\/wp-content\/uploads\/2023\/09\/mar1130v1.jpg","width":500,"height":500},{"@type":"BreadcrumbList","@id":"https:\/\/www.gleichcom.samuraidev.ch\/it\/shop\/sprechende-funk-armbanduhr-damen-herren-metallzugarmband-black-marschall\/#breadcrumb","itemListElement":[{"@type":"ListItem","position":1,"name":"Startseite","item":"https:\/\/www.gleichcom.samuraidev.ch\/it\/"},{"@type":"ListItem","position":2,"name":"Shop","item":"https:\/\/www.gleichcom.samuraidev.ch\/it\/shop\/"},{"@type":"ListItem","position":3,"name":"Parlare Radio Orologio da polso donne \/ uomo in metallo tirare braccialetto nero Marschall"}]},{"@type":"WebSite","@id":"https:\/\/www.gleichcom.samuraidev.ch\/it\/#website","url":"https:\/\/www.gleichcom.samuraidev.ch\/it\/","name":"Gleichcom AG","description":"besser h\u00f6ren. besser sehen. besser leben.","publisher":{"@id":"https:\/\/www.gleichcom.samuraidev.ch\/it\/#organization"},"alternateName":"Gleichcom","potentialAction":[{"@type":"SearchAction","target":{"@type":"EntryPoint","urlTemplate":"https:\/\/www.gleichcom.samuraidev.ch\/it\/?s={search_term_string}"},"query-input":{"@type":"PropertyValueSpecification","valueRequired":true,"valueName":"search_term_string"}}],"inLanguage":"it-IT"},{"@type":"Organization","@id":"https:\/\/www.gleichcom.samuraidev.ch\/it\/#organization","name":"Gleichcom AG","alternateName":"Gleichcom","url":"https:\/\/www.gleichcom.samuraidev.ch\/it\/","logo":{"@type":"ImageObject","inLanguage":"it-IT","@id":"https:\/\/www.gleichcom.samuraidev.ch\/it\/#\/schema\/logo\/image\/","url":"https:\/\/www.gleichcom.samuraidev.ch\/wp-content\/uploads\/2023\/09\/gleichcom-ag-logo-quadrat-farbig-mitte@696.png","contentUrl":"https:\/\/www.gleichcom.samuraidev.ch\/wp-content\/uploads\/2023\/09\/gleichcom-ag-logo-quadrat-farbig-mitte@696.png","width":437,"height":437,"caption":"Gleichcom AG"},"image":{"@id":"https:\/\/www.gleichcom.samuraidev.ch\/it\/#\/schema\/logo\/image\/"},"sameAs":["https:\/\/www.facebook.com\/profile.php?id=100068749126981"]}]}},"uagb_featured_image_src":{"full":["https:\/\/www.gleichcom.samuraidev.ch\/wp-content\/uploads\/2023\/09\/mar1130v1.jpg",500,500,false],"thumbnail":["https:\/\/www.gleichcom.samuraidev.ch\/wp-content\/uploads\/2023\/09\/mar1130v1.jpg",150,150,false],"medium":["https:\/\/www.gleichcom.samuraidev.ch\/wp-content\/uploads\/2023\/09\/mar1130v1.jpg",300,300,false],"medium_large":["https:\/\/www.gleichcom.samuraidev.ch\/wp-content\/uploads\/2023\/09\/mar1130v1.jpg",500,500,false],"large":["https:\/\/www.gleichcom.samuraidev.ch\/wp-content\/uploads\/2023\/09\/mar1130v1.jpg",500,500,false],"1536x1536":["https:\/\/www.gleichcom.samuraidev.ch\/wp-content\/uploads\/2023\/09\/mar1130v1.jpg",500,500,false],"2048x2048":["https:\/\/www.gleichcom.samuraidev.ch\/wp-content\/uploads\/2023\/09\/mar1130v1.jpg",500,500,false],"woocommerce_thumbnail":["https:\/\/www.gleichcom.samuraidev.ch\/wp-content\/uploads\/2023\/09\/mar1130v1.jpg",300,300,false],"woocommerce_single":["https:\/\/www.gleichcom.samuraidev.ch\/wp-content\/uploads\/2023\/09\/mar1130v1.jpg",500,500,false],"woocommerce_gallery_thumbnail":["https:\/\/www.gleichcom.samuraidev.ch\/wp-content\/uploads\/2023\/09\/mar1130v1.jpg",100,100,false]},"uagb_author_info":{"display_name":"","author_link":"https:\/\/www.gleichcom.samuraidev.ch\/it\/author\/"},"uagb_comment_info":0,"uagb_excerpt":"Classico orologio da polso radiocomandato con uscita vocale molto chiara. Realizzato in metallo di alta qualit\u00e0 e pratico cinturino in metallo per un piacevole comfort. Adatto a lui e a lei.","_links":{"self":[{"href":"https:\/\/www.gleichcom.samuraidev.ch\/it\/wp-json\/wp\/v2\/product\/7117","targetHints":{"allow":["GET"]}}],"collection":[{"href":"https:\/\/www.gleichcom.samuraidev.ch\/it\/wp-json\/wp\/v2\/product"}],"about":[{"href":"https:\/\/www.gleichcom.samuraidev.ch\/it\/wp-json\/wp\/v2\/types\/product"}],"wp:featuredmedia":[{"embeddable":true,"href":"https:\/\/www.gleichcom.samuraidev.ch\/it\/wp-json\/wp\/v2\/media\/7106"}],"wp:attachment":[{"href":"https:\/\/www.gleichcom.samuraidev.ch\/it\/wp-json\/wp\/v2\/media?parent=7117"}],"wp:term":[{"taxonomy":"product_brand","embeddable":true,"href":"https:\/\/www.gleichcom.samuraidev.ch\/it\/wp-json\/wp\/v2\/product_brand?post=7117"},{"taxonomy":"product_cat","embeddable":true,"href":"https:\/\/www.gleichcom.samuraidev.ch\/it\/wp-json\/wp\/v2\/product_cat?post=7117"},{"taxonomy":"product_tag","embeddable":true,"href":"https:\/\/www.gleichcom.samuraidev.ch\/it\/wp-json\/wp\/v2\/product_tag?post=7117"}],"curies":[{"name":"wp","href":"https:\/\/api.w.org\/{rel}","templated":true}]}}